{"id":3208,"date":"2025-10-06T22:32:26","date_gmt":"2025-10-06T22:32:26","guid":{"rendered":"https:\/\/happyinaknit.com\/?post_type=product&#038;p=3208"},"modified":"2026-04-15T21:55:39","modified_gmt":"2026-04-15T21:55:39","slug":"tenetex","status":"publish","type":"product","link":"https:\/\/happyinaknit.com\/ru\/product\/tenetex\/","title":{"rendered":"Tenetex \u0441\u0440\u0435\u0434\u0441\u0442\u0432\u043e \u0434\u043b\u044f \u0441\u0442\u0438\u0440\u043a\u0438"},"content":{"rendered":"<p data-start=\"123\" data-end=\"407\"><strong data-start=\"185\" data-end=\"196\">TeneTex<\/strong> \u2013 \u043d\u0430\u0442\u0443\u0440\u0430\u043b\u044c\u043d\u043e\u0435 \u043c\u043e\u044e\u0449\u0435\u0435 \u0441\u0440\u0435\u0434\u0441\u0442\u0432\u043e, \u043f\u0440\u0435\u0434\u043d\u0430\u0437\u043d\u0430\u0447\u0435\u043d\u043d\u043e\u0435 \u0434\u043b\u044f \u0431\u0435\u0440\u0435\u0436\u043d\u043e\u0433\u043e, \u043d\u043e \u044d\u0444\u0444\u0435\u043a\u0442\u0438\u0432\u043d\u043e\u0433\u043e \u0443\u0445\u043e\u0434\u0430 \u0437\u0430 <strong data-start=\"281\" data-end=\"318\">\u043b\u044c\u043d\u044f\u043d\u044b\u043c\u0438 \u0438 \u0445\u043b\u043e\u043f\u0447\u0430\u0442\u043e\u0431\u0443\u043c\u0430\u0436\u043d\u044b\u043c\u0438  \u0442\u043a\u0430\u043d\u0438.<\/strong>\u0421\u0440\u0435\u0434\u0441\u0442\u0432\u043e \u043d\u0435 \u043f\u043e\u0432\u0440\u0435\u0436\u0434\u0430\u0435\u0442 \u043d\u0430\u0442\u0443\u0440\u0430\u043b\u044c\u043d\u044b\u0435 \u0432\u043e\u043b\u043e\u043a\u043d\u0430, \u0441\u043e\u0445\u0440\u0430\u043d\u044f\u044f \u0438\u0445 \u044d\u043b\u0430\u0441\u0442\u0438\u0447\u043d\u043e\u0441\u0442\u044c \u0438 \u044f\u0440\u043a\u043e\u0441\u0442\u044c \u0446\u0432\u0435\u0442\u0430.<\/p>\n<p data-start=\"409\" data-end=\"705\">\u0412 \u043e\u0442\u043b\u0438\u0447\u0438\u0435 \u043e\u0442 \u043e\u0431\u044b\u0447\u043d\u044b\u0445 \u0445\u0438\u043c\u0438\u0447\u0435\u0441\u043a\u0438\u0445 \u043c\u043e\u044e\u0449\u0438\u0445 \u0441\u0440\u0435\u0434\u0441\u0442\u0432, <strong data-start=\"454\" data-end=\"465\">TeneTex<\/strong> <strong data-start=\"466\" data-end=\"508\">\u043d\u0435 \u0441\u043e\u0434\u0435\u0440\u0436\u0438\u0442 \u0430\u0433\u0440\u0435\u0441\u0441\u0438\u0432\u043d\u044b\u0445 \u0438 \u0438\u0441\u043a\u0443\u0441\u0441\u0442\u0432\u0435\u043d\u043d\u044b\u0445 \u043c\u043e\u044e\u0449\u0438\u0445 \u0441\u0440\u0435\u0434\u0441\u0442\u0432<\/strong>, \u0447\u0442\u043e \u0434\u0435\u043b\u0430\u0435\u0442 \u0435\u0433\u043e \u0438\u0434\u0435\u0430\u043b\u044c\u043d\u044b\u043c \u0434\u043b\u044f \u043b\u044e\u0434\u0435\u0439 \u0441 \u0447\u0443\u0432\u0441\u0442\u0432\u0438\u0442\u0435\u043b\u044c\u043d\u043e\u0439 \u043a\u043e\u0436\u0435\u0439 \u0438\u043b\u0438 \u0430\u043b\u043b\u0435\u0440\u0433\u0438\u0435\u0439. \u041d\u0435 \u0441\u043e\u0434\u0435\u0440\u0436\u0438\u0442 <strong data-start=\"589\" data-end=\"630\">\u0430\u0440\u043e\u043c\u0430\u0442\u0438\u0437\u0430\u0442\u043e\u0440\u043e\u0432  \u0438\u043b\u0438 \u043e\u0442\u0431\u0435\u043b\u0438\u0432\u0430\u0442\u0435\u043b\u0435\u0439<\/strong>, \u043f\u043e\u044d\u0442\u043e\u043c\u0443 \u043f\u043e\u0441\u043b\u0435 \u0441\u0442\u0438\u0440\u043a\u0438 \u0442\u043a\u0430\u043d\u0438 \u043e\u0441\u0442\u0430\u044e\u0442\u0441\u044f \u043d\u0430\u0442\u0443\u0440\u0430\u043b\u044c\u043d\u044b\u043c\u0438, \u043c\u044f\u0433\u043a\u0438\u043c\u0438 \u0438 \u043f\u0440\u0438\u044f\u0442\u043d\u044b\u043c\u0438 \u043a \u0442\u0435\u043b\u0443.<\/p>\n<p data-start=\"707\" data-end=\"832\">\u042d\u0442\u043e\u0442 \u043f\u0440\u043e\u0434\u0443\u043a\u0442 \u043d\u0435 \u0442\u043e\u043b\u044c\u043a\u043e \u043e\u0447\u0438\u0449\u0430\u0435\u0442, \u043d\u043e \u0438 \u0437\u0430\u0449\u0438\u0449\u0430\u0435\u0442 \u0442\u043a\u0430\u043d\u0438 \u2013 <strong data-start=\"758\" data-end=\"829\">\u0426\u0432\u0435\u0442\u0430 \u043e\u0441\u0442\u0430\u044e\u0442\u0441\u044f \u044f\u0440\u043a\u0438\u043c\u0438, \u0430 \u043f\u044f\u0442\u043d\u0430 \u0443\u0434\u0430\u043b\u044f\u044e\u0442\u0441\u044f \u0431\u0435\u0440\u0435\u0436\u043d\u043e, \u043d\u043e \u0442\u0449\u0430\u0442\u0435\u043b\u044c\u043d\u043e.<\/strong>.<\/p>\n<p data-start=\"834\" data-end=\"851\"><strong data-start=\"834\" data-end=\"849\">\u0418\u0441\u043f\u043e\u043b\u044c\u0437\u043e\u0432\u0430\u043d\u0438\u0435:<\/strong><\/p>\n<ul data-start=\"852\" data-end=\"1173\">\n<li data-start=\"952\" data-end=\"1067\">\n<p data-start=\"954\" data-end=\"1067\"><strong data-start=\"954\" data-end=\"968\">\u0421\u0442\u0438\u0440\u043a\u0430:<\/strong> \u041c\u043e\u0436\u043d\u043e \u0441\u0442\u0438\u0440\u0430\u0442\u044c \u043f\u0440\u0438 \u0442\u0435\u043c\u043f\u0435\u0440\u0430\u0442\u0443\u0440\u0435 \u0434\u043e 60 \u00b0C. \u042f\u0440\u043a\u0438\u0435 \u0438\u043b\u0438 \u043d\u0430\u0441\u044b\u0449\u0435\u043d\u043d\u044b\u0435 \u0446\u0432\u0435\u0442\u0430 \u0441\u0442\u0438\u0440\u0430\u0439\u0442\u0435 \u043e\u0442\u0434\u0435\u043b\u044c\u043d\u043e.<\/p>\n<\/li>\n<li data-start=\"1068\" data-end=\"1173\">\n<p data-start=\"1070\" data-end=\"1173\"><strong data-start=\"1070\" data-end=\"1086\">\u0421\u0443\u0448\u043a\u0430:<\/strong> \u0421\u0443\u0448\u0438\u0442\u044c \u0442\u043e\u043b\u044c\u043a\u043e \u0432\u044f\u0437\u0430\u043d\u044b\u0435 \u0438\u0437\u0434\u0435\u043b\u0438\u044f <strong data-start=\"1120\" data-end=\"1146\">\u043b\u0435\u0436\u0430\u0449\u0438\u0439 \u0433\u043e\u0440\u0438\u0437\u043e\u043d\u0442\u0430\u043b\u044c\u043d\u043e<\/strong>, \u0441\u0444\u043e\u0440\u043c\u0438\u0440\u043e\u0432\u0430\u0432 \u043d\u0443\u0436\u043d\u0443\u044e \u0444\u043e\u0440\u043c\u0443.<\/p>\n<\/li>\n<\/ul>\n<p data-start=\"1175\" data-end=\"1191\"><strong data-start=\"1175\" data-end=\"1189\">\u0414\u043e\u0437\u0438\u0440\u043e\u0432\u043a\u0430:<\/strong><\/p>\n<ul data-start=\"1192\" data-end=\"1493\">\n<li data-start=\"1192\" data-end=\"1227\">\n<p data-start=\"1194\" data-end=\"1227\">\u0414\u043b\u044f \u0441\u0442\u0438\u0440\u0430\u043b\u044c\u043d\u043e\u0439 \u043c\u0430\u0448\u0438\u043d\u044b \u2013 1 \u043f\u043e\u043b\u043d\u044b\u0439 \u043a\u043e\u043b\u043f\u0430\u0447\u043e\u043a<\/p>\n<\/li>\n<li data-start=\"1228\" data-end=\"1292\">\n<p data-start=\"1230\" data-end=\"1292\">\u0414\u043b\u044f \u0440\u0443\u0447\u043d\u043e\u0439 \u0441\u0442\u0438\u0440\u043a\u0438 \u2013 \u00bd \u0447\u0430\u0439\u043d\u043e\u0439 \u043b\u043e\u0436\u043a\u0438 \u043d\u0430 \u0432\u0435\u0449\u044c<\/p>\n<\/li>\n<li data-start=\"1294\" data-end=\"1493\">\n<p data-start=\"1296\" data-end=\"1310\"><strong data-start=\"1296\" data-end=\"1308\">\u0424\u0443\u043d\u043a\u0446\u0438\u0438:<\/strong><\/p>\n<ul data-start=\"1313\" data-end=\"1493\">\n<li data-start=\"1313\" data-end=\"1352\">\n<p data-start=\"1315\" data-end=\"1352\">\u0411\u0435\u0440\u0435\u0436\u043d\u043e \u043e\u0442\u043d\u043e\u0441\u0438\u0442\u0441\u044f \u043a \u0442\u043a\u0430\u043d\u044f\u043c, \u044d\u0444\u0444\u0435\u043a\u0442\u0438\u0432\u043d\u043e \u043e\u0447\u0438\u0449\u0430\u0435\u0442<\/p>\n<\/li>\n<li data-start=\"1355\" data-end=\"1393\">\n<p data-start=\"1357\" data-end=\"1393\">\u0426\u0432\u0435\u0442\u0430 \u043e\u0441\u0442\u0430\u044e\u0442\u0441\u044f \u044f\u0440\u043a\u0438\u043c\u0438 \u0438 \u0441\u0432\u0435\u0436\u0438\u043c\u0438<\/p>\n<\/li>\n<li data-start=\"1396\" data-end=\"1440\">\n<p data-start=\"1398\" data-end=\"1440\">\u0411\u0435\u0437 \u043e\u0442\u0434\u0443\u0448\u0435\u043a \u0438 \u043e\u043f\u0442\u0438\u0447\u0435\u0441\u043a\u0438\u0445 \u043e\u0442\u0431\u0435\u043b\u0438\u0432\u0430\u0442\u0435\u043b\u0435\u0439<\/p>\n<\/li>\n<li data-start=\"1443\" data-end=\"1493\">\n<p data-start=\"1445\" data-end=\"1493\">\u041f\u043e\u043b\u043d\u043e\u0441\u0442\u044c\u044e \u043d\u0430\u0442\u0443\u0440\u0430\u043b\u044c\u043d\u044b\u0439 \u0441\u043e\u0441\u0442\u0430\u0432, \u043f\u043e\u0434\u0445\u043e\u0434\u0438\u0442 \u0434\u043b\u044f \u0447\u0443\u0432\u0441\u0442\u0432\u0438\u0442\u0435\u043b\u044c\u043d\u043e\u0439 \u043a\u043e\u0436\u0438.<\/p>\n<\/li>\n<\/ul>\n<\/li>\n<\/ul>","protected":false},"excerpt":{"rendered":"<p>TeneTex \u2013 tai nat\u016bralios sud\u0117ties skalbiklis, sukurtas \u0161velniai, bet veiksmingai pri\u017ei\u016br\u0117ti lininius ir medvilninius audinius. Priemon\u0117 nepa\u017eeid\u017eia nat\u016brali\u0173 pluo\u0161t\u0173, i\u0161laiko j\u0173 elastingum\u0105 ir spalv\u0173 gyvybingum\u0105. Skirtingai nei \u012fprasti cheminiai plovikliai, TeneTex neturi agresyvi\u0173 ar dirbtini\u0173 valikli\u0173, tod\u0117l puikiai tinka \u017emon\u0117ms, turintiems jautri\u0105 od\u0105 ar alergij\u0173. Sud\u0117tyje n\u0117ra kvapi\u0173j\u0173 med\u017eiag\u0173 ar optini\u0173 balikli\u0173, tod\u0117l po skalbimo [&hellip;]<\/p>\n","protected":false},"featured_media":3209,"comment_status":"open","ping_status":"closed","template":"","meta":{"_acf_changed":false},"product_brand":[633],"product_cat":[15,20,91],"product_tag":[],"pro-kategorijos":[],"class_list":{"0":"post-3208","1":"product","2":"type-product","3":"status-publish","4":"has-post-thumbnail","6":"product_brand-intervall","7":"product_cat-visi-produktai","8":"product_cat-priedai-mezgimui","9":"product_cat-skalbimo-priemones","11":"first","12":"instock","13":"shipping-taxable","14":"purchasable","15":"product-type-simple"},"acf":[],"yoast_head":"<!-- This site is optimized with the Yoast SEO plugin v26.8 - https:\/\/yoast.com\/product\/yoast-seo-wordpress\/ -->\n<title>Tenetex skalbimo priemon\u0117 - Happyinaknit.com<\/title>\n<meta name=\"robots\" content=\"index, follow, max-snippet:-1, max-image-preview:large, max-video-preview:-1\" \/>\n<link rel=\"canonical\" href=\"https:\/\/happyinaknit.com\/ru\/product\/tenetex\/\" \/>\n<meta property=\"og:locale\" content=\"ru_RU\" \/>\n<meta property=\"og:type\" content=\"article\" \/>\n<meta property=\"og:title\" content=\"Tenetex skalbimo priemon\u0117 - Happyinaknit.com\" \/>\n<meta property=\"og:description\" content=\"TeneTex \u2013 tai nat\u016bralios sud\u0117ties skalbiklis, sukurtas \u0161velniai, bet veiksmingai pri\u017ei\u016br\u0117ti lininius ir medvilninius audinius. Priemon\u0117 nepa\u017eeid\u017eia nat\u016brali\u0173 pluo\u0161t\u0173, i\u0161laiko j\u0173 elastingum\u0105 ir spalv\u0173 gyvybingum\u0105. Skirtingai nei \u012fprasti cheminiai plovikliai, TeneTex neturi agresyvi\u0173 ar dirbtini\u0173 valikli\u0173, tod\u0117l puikiai tinka \u017emon\u0117ms, turintiems jautri\u0105 od\u0105 ar alergij\u0173. Sud\u0117tyje n\u0117ra kvapi\u0173j\u0173 med\u017eiag\u0173 ar optini\u0173 balikli\u0173, tod\u0117l po skalbimo [&hellip;]\" \/>\n<meta property=\"og:url\" content=\"https:\/\/happyinaknit.com\/ru\/product\/tenetex\/\" \/>\n<meta property=\"og:site_name\" content=\"Happyinaknit.com\" \/>\n<meta property=\"article:modified_time\" content=\"2026-04-15T21:55:39+00:00\" \/>\n<meta property=\"og:image\" content=\"https:\/\/happyinaknit.com\/wp-content\/uploads\/2025\/10\/7149f776eb3494622ddd7f078b57a1f9.jpg.webp\" \/>\n\t<meta property=\"og:image:width\" content=\"1920\" \/>\n\t<meta property=\"og:image:height\" content=\"1920\" \/>\n\t<meta property=\"og:image:type\" content=\"image\/webp\" \/>\n<meta name=\"twitter:card\" content=\"summary_large_image\" \/>\n<meta name=\"twitter:label1\" content=\"\u041f\u0440\u0438\u043c\u0435\u0440\u043d\u043e\u0435 \u0432\u0440\u0435\u043c\u044f \u0434\u043b\u044f \u0447\u0442\u0435\u043d\u0438\u044f\" \/>\n\t<meta name=\"twitter:data1\" content=\"1 \u043c\u0438\u043d\u0443\u0442\u0430\" \/>\n<script type=\"application\/ld+json\" class=\"yoast-schema-graph\">{\"@context\":\"https:\/\/schema.org\",\"@graph\":[{\"@type\":\"WebPage\",\"@id\":\"https:\/\/happyinaknit.com\/produktas\/tenetex\/\",\"url\":\"https:\/\/happyinaknit.com\/produktas\/tenetex\/\",\"name\":\"Tenetex skalbimo priemon\u0117 - Happyinaknit.com\",\"isPartOf\":{\"@id\":\"https:\/\/happyinaknit.com\/lt\/#website\"},\"primaryImageOfPage\":{\"@id\":\"https:\/\/happyinaknit.com\/produktas\/tenetex\/#primaryimage\"},\"image\":{\"@id\":\"https:\/\/happyinaknit.com\/produktas\/tenetex\/#primaryimage\"},\"thumbnailUrl\":\"https:\/\/happyinaknit.com\/wp-content\/uploads\/2025\/10\/7149f776eb3494622ddd7f078b57a1f9.jpg.webp\",\"datePublished\":\"2025-10-06T22:32:26+00:00\",\"dateModified\":\"2026-04-15T21:55:39+00:00\",\"breadcrumb\":{\"@id\":\"https:\/\/happyinaknit.com\/produktas\/tenetex\/#breadcrumb\"},\"inLanguage\":\"ru-RU\",\"potentialAction\":[{\"@type\":\"ReadAction\",\"target\":[\"https:\/\/happyinaknit.com\/produktas\/tenetex\/\"]}]},{\"@type\":\"ImageObject\",\"inLanguage\":\"ru-RU\",\"@id\":\"https:\/\/happyinaknit.com\/produktas\/tenetex\/#primaryimage\",\"url\":\"https:\/\/happyinaknit.com\/wp-content\/uploads\/2025\/10\/7149f776eb3494622ddd7f078b57a1f9.jpg.webp\",\"contentUrl\":\"https:\/\/happyinaknit.com\/wp-content\/uploads\/2025\/10\/7149f776eb3494622ddd7f078b57a1f9.jpg.webp\",\"width\":1920,\"height\":1920},{\"@type\":\"BreadcrumbList\",\"@id\":\"https:\/\/happyinaknit.com\/produktas\/tenetex\/#breadcrumb\",\"itemListElement\":[{\"@type\":\"ListItem\",\"position\":1,\"name\":\"Home\",\"item\":\"https:\/\/happyinaknit.com\/lt\/\"},{\"@type\":\"ListItem\",\"position\":2,\"name\":\"Parduotuv\u0117\",\"item\":\"https:\/\/happyinaknit.com\/lt\/parduotuve\/\"},{\"@type\":\"ListItem\",\"position\":3,\"name\":\"Tenetex skalbimo priemon\u0117\"}]},{\"@type\":\"WebSite\",\"@id\":\"https:\/\/happyinaknit.com\/lt\/#website\",\"url\":\"https:\/\/happyinaknit.com\/lt\/\",\"name\":\"Happyinaknit.com\",\"description\":\"\",\"potentialAction\":[{\"@type\":\"SearchAction\",\"target\":{\"@type\":\"EntryPoint\",\"urlTemplate\":\"https:\/\/happyinaknit.com\/lt\/?s={search_term_string}\"},\"query-input\":{\"@type\":\"PropertyValueSpecification\",\"valueRequired\":true,\"valueName\":\"search_term_string\"}}],\"inLanguage\":\"ru-RU\"}]}<\/script>\n<!-- \/ Yoast SEO plugin. -->","yoast_head_json":{"title":"Tenetex skalbimo priemon\u0117 - Happyinaknit.com","robots":{"index":"index","follow":"follow","max-snippet":"max-snippet:-1","max-image-preview":"max-image-preview:large","max-video-preview":"max-video-preview:-1"},"canonical":"https:\/\/happyinaknit.com\/ru\/product\/tenetex\/","og_locale":"ru_RU","og_type":"article","og_title":"Tenetex skalbimo priemon\u0117 - Happyinaknit.com","og_description":"TeneTex \u2013 tai nat\u016bralios sud\u0117ties skalbiklis, sukurtas \u0161velniai, bet veiksmingai pri\u017ei\u016br\u0117ti lininius ir medvilninius audinius. Priemon\u0117 nepa\u017eeid\u017eia nat\u016brali\u0173 pluo\u0161t\u0173, i\u0161laiko j\u0173 elastingum\u0105 ir spalv\u0173 gyvybingum\u0105. Skirtingai nei \u012fprasti cheminiai plovikliai, TeneTex neturi agresyvi\u0173 ar dirbtini\u0173 valikli\u0173, tod\u0117l puikiai tinka \u017emon\u0117ms, turintiems jautri\u0105 od\u0105 ar alergij\u0173. Sud\u0117tyje n\u0117ra kvapi\u0173j\u0173 med\u017eiag\u0173 ar optini\u0173 balikli\u0173, tod\u0117l po skalbimo [&hellip;]","og_url":"https:\/\/happyinaknit.com\/ru\/product\/tenetex\/","og_site_name":"Happyinaknit.com","article_modified_time":"2026-04-15T21:55:39+00:00","og_image":[{"width":1920,"height":1920,"url":"https:\/\/happyinaknit.com\/wp-content\/uploads\/2025\/10\/7149f776eb3494622ddd7f078b57a1f9.jpg.webp","type":"image\/webp"}],"twitter_card":"summary_large_image","twitter_misc":{"\u041f\u0440\u0438\u043c\u0435\u0440\u043d\u043e\u0435 \u0432\u0440\u0435\u043c\u044f \u0434\u043b\u044f \u0447\u0442\u0435\u043d\u0438\u044f":"1 \u043c\u0438\u043d\u0443\u0442\u0430"},"schema":{"@context":"https:\/\/schema.org","@graph":[{"@type":"WebPage","@id":"https:\/\/happyinaknit.com\/produktas\/tenetex\/","url":"https:\/\/happyinaknit.com\/produktas\/tenetex\/","name":"Tenetex skalbimo priemon\u0117 - Happyinaknit.com","isPartOf":{"@id":"https:\/\/happyinaknit.com\/lt\/#website"},"primaryImageOfPage":{"@id":"https:\/\/happyinaknit.com\/produktas\/tenetex\/#primaryimage"},"image":{"@id":"https:\/\/happyinaknit.com\/produktas\/tenetex\/#primaryimage"},"thumbnailUrl":"https:\/\/happyinaknit.com\/wp-content\/uploads\/2025\/10\/7149f776eb3494622ddd7f078b57a1f9.jpg.webp","datePublished":"2025-10-06T22:32:26+00:00","dateModified":"2026-04-15T21:55:39+00:00","breadcrumb":{"@id":"https:\/\/happyinaknit.com\/produktas\/tenetex\/#breadcrumb"},"inLanguage":"ru-RU","potentialAction":[{"@type":"ReadAction","target":["https:\/\/happyinaknit.com\/produktas\/tenetex\/"]}]},{"@type":"ImageObject","inLanguage":"ru-RU","@id":"https:\/\/happyinaknit.com\/produktas\/tenetex\/#primaryimage","url":"https:\/\/happyinaknit.com\/wp-content\/uploads\/2025\/10\/7149f776eb3494622ddd7f078b57a1f9.jpg.webp","contentUrl":"https:\/\/happyinaknit.com\/wp-content\/uploads\/2025\/10\/7149f776eb3494622ddd7f078b57a1f9.jpg.webp","width":1920,"height":1920},{"@type":"BreadcrumbList","@id":"https:\/\/happyinaknit.com\/produktas\/tenetex\/#breadcrumb","itemListElement":[{"@type":"ListItem","position":1,"name":"Home","item":"https:\/\/happyinaknit.com\/lt\/"},{"@type":"ListItem","position":2,"name":"Parduotuv\u0117","item":"https:\/\/happyinaknit.com\/lt\/parduotuve\/"},{"@type":"ListItem","position":3,"name":"Tenetex skalbimo priemon\u0117"}]},{"@type":"WebSite","@id":"https:\/\/happyinaknit.com\/lt\/#website","url":"https:\/\/happyinaknit.com\/lt\/","name":"Happyinaknit.com","description":"","potentialAction":[{"@type":"SearchAction","target":{"@type":"EntryPoint","urlTemplate":"https:\/\/happyinaknit.com\/lt\/?s={search_term_string}"},"query-input":{"@type":"PropertyValueSpecification","valueRequired":true,"valueName":"search_term_string"}}],"inLanguage":"ru-RU"}]}},"_links":{"self":[{"href":"https:\/\/happyinaknit.com\/ru\/wp-json\/wp\/v2\/product\/3208","targetHints":{"allow":["GET"]}}],"collection":[{"href":"https:\/\/happyinaknit.com\/ru\/wp-json\/wp\/v2\/product"}],"about":[{"href":"https:\/\/happyinaknit.com\/ru\/wp-json\/wp\/v2\/types\/product"}],"replies":[{"embeddable":true,"href":"https:\/\/happyinaknit.com\/ru\/wp-json\/wp\/v2\/comments?post=3208"}],"wp:featuredmedia":[{"embeddable":true,"href":"https:\/\/happyinaknit.com\/ru\/wp-json\/wp\/v2\/media\/3209"}],"wp:attachment":[{"href":"https:\/\/happyinaknit.com\/ru\/wp-json\/wp\/v2\/media?parent=3208"}],"wp:term":[{"taxonomy":"product_brand","embeddable":true,"href":"https:\/\/happyinaknit.com\/ru\/wp-json\/wp\/v2\/product_brand?post=3208"},{"taxonomy":"product_cat","embeddable":true,"href":"https:\/\/happyinaknit.com\/ru\/wp-json\/wp\/v2\/product_cat?post=3208"},{"taxonomy":"product_tag","embeddable":true,"href":"https:\/\/happyinaknit.com\/ru\/wp-json\/wp\/v2\/product_tag?post=3208"},{"taxonomy":"pro-kategorijos","embeddable":true,"href":"https:\/\/happyinaknit.com\/ru\/wp-json\/wp\/v2\/pro-kategorijos?post=3208"}],"curies":[{"name":"wp","href":"https:\/\/api.w.org\/{rel}","templated":true}]}}