{"id":3205,"date":"2025-10-06T22:26:00","date_gmt":"2025-10-06T22:26:00","guid":{"rendered":"https:\/\/happyinaknit.com\/?post_type=product&#038;p=3205"},"modified":"2026-04-08T15:42:16","modified_gmt":"2026-04-08T15:42:16","slug":"tenemoll","status":"publish","type":"product","link":"https:\/\/happyinaknit.com\/ru\/product\/tenemoll\/","title":{"rendered":"Tenemoll \u0441\u0440\u0435\u0434\u0441\u0442\u0432\u043e \u0434\u043b\u044f \u0441\u0442\u0438\u0440\u043a\u0438"},"content":{"rendered":"<p data-start=\"114\" data-end=\"410\"><strong data-start=\"168\" data-end=\"180\">Tenemoll<\/strong> \u2013 \u044d\u0442\u043e \u043c\u044f\u0433\u043a\u043e\u0435 \u043c\u043e\u044e\u0449\u0435\u0435 \u0441\u0440\u0435\u0434\u0441\u0442\u0432\u043e, \u0441\u043f\u0435\u0446\u0438\u0430\u043b\u044c\u043d\u043e \u0440\u0430\u0437\u0440\u0430\u0431\u043e\u0442\u0430\u043d\u043d\u043e\u0435 <strong data-start=\"232\" data-end=\"292\">\u0434\u043b\u044f \u043a\u0430\u0448\u0435\u043c\u0438\u0440\u0430, \u0448\u0435\u0440\u0441\u0442\u0438 \u0438 \u0434\u0440\u0443\u0433\u0438\u0445 \u0446\u0435\u043d\u043d\u044b\u0445 \u0448\u0435\u0440\u0441\u0442\u044f\u043d\u044b\u0445 \u0432\u043e\u043b\u043e\u043a\u043e\u043d<\/strong>\u0434\u043b\u044f \u043f\u043e\u0434\u0434\u0435\u0440\u0436\u0430\u043d\u0438\u044f \u0438 \u0441\u043e\u0445\u0440\u0430\u043d\u0435\u043d\u0438\u044f \u0438\u0445 \u043a\u0430\u0447\u0435\u0441\u0442\u0432\u0430. \u041f\u043e\u0434\u0445\u043e\u0434\u0438\u0442 \u0434\u043b\u044f \u0448\u0435\u0440\u0441\u0442\u0438, \u043d\u0430\u043f\u0440\u0438\u043c\u0435\u0440 <strong data-start=\"354\" data-end=\"407\">\u043a\u0430\u0448\u0435\u043c\u0438\u0440\u0430, \u043c\u043e\u0445\u0435\u0440\u0430, \u0430\u043d\u0433\u043e\u0440\u044b, \u0430\u043b\u044c\u043f\u0430\u043a\u0430 \u0438\u043b\u0438 \u043c\u0435\u0440\u0438\u043d\u043e\u0441\u043e\u0432\u043e\u0439 \u0448\u0435\u0440\u0441\u0442\u0438<\/strong>.<\/p>\n<p data-start=\"412\" data-end=\"714\">\u042d\u0442\u043e \u0441\u043f\u0435\u0446\u0438\u0430\u043b\u044c\u043d\u043e\u0435 \u043c\u043e\u044e\u0449\u0435\u0435 \u0441\u0440\u0435\u0434\u0441\u0442\u0432\u043e \u0431\u0435\u0440\u0435\u0436\u043d\u043e \u043e\u0447\u0438\u0449\u0430\u0435\u0442, <strong data-start=\"451\" data-end=\"498\">\u0441\u043e\u0445\u0440\u0430\u043d\u044f\u0435\u0442 \u043f\u0443\u0448\u0438\u0441\u0442\u043e\u0441\u0442\u044c \u0438 \u0435\u0441\u0442\u0435\u0441\u0442\u0432\u0435\u043d\u043d\u044b\u0439 \u0431\u043b\u0435\u0441\u043a \u0432\u043e\u043b\u043e\u043a\u043d\u0430<\/strong>, \u0430 \u0432 \u0441\u043e\u0441\u0442\u0430\u0432\u0435 \u043d\u0430\u0445\u043e\u0434\u044f\u0449\u0438\u0435\u0441\u044f <strong data-start=\"519\" data-end=\"555\">\u043a\u043e\u043c\u043f\u043e\u043d\u0435\u043d\u0442\u044b, \u0432\u043e\u0441\u043f\u043e\u043b\u043d\u044f\u044e\u0449\u0438\u0435 \u0443\u0440\u043e\u0432\u0435\u043d\u044c \u043b\u0438\u043f\u0438\u0434\u043e\u0432<\/strong> \u043f\u043e\u043c\u043e\u0433\u0430\u0435\u0442 \u0448\u0435\u0440\u0441\u0442\u0438 \u043e\u0441\u0442\u0430\u0432\u0430\u0442\u044c\u0441\u044f \u043c\u044f\u0433\u043a\u043e\u0439 \u0438 \u044d\u043b\u0430\u0441\u0442\u0438\u0447\u043d\u043e\u0439. Tenemoll \u0442\u0430\u043a\u0436\u0435 <strong data-start=\"622\" data-end=\"658\">\u043f\u043e\u043c\u043e\u0433\u0430\u0435\u0442 \u043f\u043e\u0434\u0434\u0435\u0440\u0436\u0438\u0432\u0430\u0442\u044c \u044f\u0440\u043a\u0438\u0435 \u0446\u0432\u0435\u0442\u0430<\/strong> \u0438 \u043f\u0440\u0435\u0434\u043e\u0442\u0432\u0440\u0430\u0449\u0430\u0435\u0442 \u0440\u0430\u0441\u0442\u044f\u0436\u0435\u043d\u0438\u0435 \u0438\u043b\u0438 \u043f\u043e\u0442\u0435\u0440\u044e \u0444\u043e\u0440\u043c\u044b \u0438\u0437\u0434\u0435\u043b\u0438\u0439.<\/p>\n<p data-start=\"716\" data-end=\"954\">\u042d\u0442\u043e \u0441\u0440\u0435\u0434\u0441\u0442\u0432\u043e <strong data-start=\"729\" data-end=\"762\">\u043f\u043e\u043b\u043d\u043e\u0441\u0442\u044c\u044e \u0431\u0438\u043e\u0440\u0430\u0437\u043b\u0430\u0433\u0430\u0435\u043c\u043e\u0435<\/strong> \u0438 \u0440\u0435\u043a\u043e\u043c\u0435\u043d\u0434\u043e\u0432\u0430\u043d\u043e \u0432\u0435\u0434\u0443\u0449\u0438\u043c\u0438 \u043f\u0440\u043e\u0438\u0437\u0432\u043e\u0434\u0438\u0442\u0435\u043b\u044f\u043c\u0438 \u043a\u0430\u0448\u0435\u043c\u0438\u0440\u0430, \u0442\u0430\u043a\u0438\u043c\u0438 \u043a\u0430\u043a <em data-start=\"824\" data-end=\"899\">Iris von Arnim, Princess-goes-Hollywood, Barbara Lohmann, Fedeli Cashmere<\/em> \u0438 \u0442. \u0434.<br data-start=\"906\" data-end=\"909\" \/>\u042d\u0442\u043e \u0440\u0435\u0430\u043b\u044c\u043d\u0430\u044f <strong data-start=\"920\" data-end=\"952\">\u0441\u043f\u0430 \u0434\u043b\u044f \u0432\u0430\u0448\u0435\u0439 \u0448\u0435\u0440\u0441\u0442\u0438 \u0438 \u043a\u0430\u0448\u0435\u043c\u0438\u0440\u0430!<\/strong><\/p>\n<ul data-start=\"956\" data-end=\"1230\">\n<li data-start=\"956\" data-end=\"1230\">\n<p data-start=\"958\" data-end=\"972\"><strong data-start=\"958\" data-end=\"970\">\u0424\u0443\u043d\u043a\u0446\u0438\u0438:<\/strong><\/p>\n<ul data-start=\"975\" data-end=\"1230\">\n<li data-start=\"975\" data-end=\"1047\">\n<p data-start=\"977\" data-end=\"1047\">\u0414\u043b\u044f \u0448\u0435\u0440\u0441\u0442\u0438, \u043a\u0430\u0448\u0435\u043c\u0438\u0440\u0430, \u043c\u043e\u0445\u0435\u0440\u0430, \u0430\u043d\u0433\u043e\u0440\u044b, \u0430\u043b\u044c\u043f\u0430\u043a\u0438 \u0438 \u043c\u0435\u0440\u0438\u043d\u043e\u0441\u043e\u0432\u043e\u0439 \u0448\u0435\u0440\u0441\u0442\u0438<\/p>\n<\/li>\n<li data-start=\"1050\" data-end=\"1086\">\n<p data-start=\"1052\" data-end=\"1086\">\u041c\u044f\u0433\u043a\u043e \u043e\u0447\u0438\u0449\u0430\u0435\u0442 \u0438 \u043f\u0438\u0442\u0430\u0435\u0442 \u0432\u043e\u043b\u043e\u043a\u043d\u0430.<\/p>\n<\/li>\n<li data-start=\"1089\" data-end=\"1136\">\n<p data-start=\"1091\" data-end=\"1136\">\u0421\u043e\u0445\u0440\u0430\u043d\u044f\u0435\u0442 \u043c\u044f\u0433\u043a\u043e\u0441\u0442\u044c, \u043f\u0443\u0448\u0438\u0441\u0442\u043e\u0441\u0442\u044c \u0438 \u044f\u0440\u043a\u043e\u0441\u0442\u044c \u0446\u0432\u0435\u0442\u0430<\/p>\n<\/li>\n<li data-start=\"1139\" data-end=\"1173\">\n<p data-start=\"1141\" data-end=\"1173\">\u041f\u043e\u043c\u043e\u0433\u0430\u0435\u0442 \u0441\u043e\u0445\u0440\u0430\u043d\u044f\u0442\u044c \u0444\u043e\u0440\u043c\u0443 \u0438\u0437\u0434\u0435\u043b\u0438\u0439<\/p>\n<\/li>\n<li data-start=\"1176\" data-end=\"1194\">\n<p data-start=\"1178\" data-end=\"1194\">\u0411\u0435\u0437 \u0441\u043c\u044f\u0433\u0447\u0438\u0442\u0435\u043b\u0435\u0439<\/p>\n<\/li>\n<\/ul>\n<\/li>\n<\/ul>\n<p data-start=\"1199\" data-end=\"1230\">\u041f\u043e\u043b\u043d\u043e\u0441\u0442\u044c\u044e \u0431\u0438\u043e\u0440\u0430\u0437\u043b\u0430\u0433\u0430\u0435\u043c\u044b\u0439<\/p>\n<p data-start=\"1199\" data-end=\"1230\"><strong data-start=\"1175\" data-end=\"1189\">\u00a0 \u00a0 \u00a0 \u0414\u043e\u0437\u0438\u0440\u043e\u0432\u043a\u0430:<\/strong><\/p>\n<ul data-start=\"1192\" data-end=\"1493\">\n<li data-start=\"1192\" data-end=\"1227\">\n<p data-start=\"1194\" data-end=\"1227\">\u0414\u043b\u044f \u0441\u0442\u0438\u0440\u0430\u043b\u044c\u043d\u043e\u0439 \u043c\u0430\u0448\u0438\u043d\u044b \u2013 1 \u043f\u043e\u043b\u043d\u044b\u0439 \u043a\u043e\u043b\u043f\u0430\u0447\u043e\u043a<\/p>\n<\/li>\n<li data-start=\"1228\" data-end=\"1292\">\n<p data-start=\"1230\" data-end=\"1292\">\u0414\u043b\u044f \u0440\u0443\u0447\u043d\u043e\u0439 \u0441\u0442\u0438\u0440\u043a\u0438 \u2013 \u00bd \u0447\u0430\u0439\u043d\u043e\u0439 \u043b\u043e\u0436\u043a\u0438 \u043d\u0430 \u0432\u0435\u0449\u044c<\/p>\n<\/li>\n<\/ul>","protected":false},"excerpt":{"rendered":"<p>Tenemoll \u2013 tai \u0161velni skalbimo priemon\u0117, specialiai sukurta ka\u0161myrui, vilnai ir kitiems vertingiems vilnos pluo\u0161tamspri\u017ei\u016br\u0117ti bei i\u0161laikyti j\u0173 kokyb\u0119. Tinka tokiai vilnai kaip ka\u0161myras, moheris, angora, alpaka ar merino vilna. \u0160is ypatingas ploviklis \u0161velniai valo, i\u0161saugo pluo\u0161to p\u016brum\u0105 ir nat\u016bral\u0173 blizges\u012f, o sud\u0117tyje esantys lipidus atkuriantys ingredientai padeda vilnai i\u0161likti mink\u0161tai ir elastingai. \u201eTenemoll\u201c taip [&hellip;]<\/p>\n","protected":false},"featured_media":3206,"comment_status":"open","ping_status":"closed","template":"","meta":{"_acf_changed":false},"product_brand":[633],"product_cat":[15,20,91],"product_tag":[],"pro-kategorijos":[],"class_list":{"0":"post-3205","1":"product","2":"type-product","3":"status-publish","4":"has-post-thumbnail","6":"product_brand-intervall","7":"product_cat-visi-produktai","8":"product_cat-priedai-mezgimui","9":"product_cat-skalbimo-priemones","11":"first","12":"instock","13":"shipping-taxable","14":"purchasable","15":"product-type-simple"},"acf":[],"yoast_head":"<!-- This site is optimized with the Yoast SEO plugin v26.8 - https:\/\/yoast.com\/product\/yoast-seo-wordpress\/ -->\n<title>Tenemoll skalbimo priemon\u0117 - Happyinaknit.com<\/title>\n<meta name=\"robots\" content=\"index, follow, max-snippet:-1, max-image-preview:large, max-video-preview:-1\" \/>\n<link rel=\"canonical\" href=\"https:\/\/happyinaknit.com\/ru\/product\/tenemoll\/\" \/>\n<meta property=\"og:locale\" content=\"ru_RU\" \/>\n<meta property=\"og:type\" content=\"article\" \/>\n<meta property=\"og:title\" content=\"Tenemoll skalbimo priemon\u0117 - Happyinaknit.com\" \/>\n<meta property=\"og:description\" content=\"Tenemoll \u2013 tai \u0161velni skalbimo priemon\u0117, specialiai sukurta ka\u0161myrui, vilnai ir kitiems vertingiems vilnos pluo\u0161tamspri\u017ei\u016br\u0117ti bei i\u0161laikyti j\u0173 kokyb\u0119. Tinka tokiai vilnai kaip ka\u0161myras, moheris, angora, alpaka ar merino vilna. \u0160is ypatingas ploviklis \u0161velniai valo, i\u0161saugo pluo\u0161to p\u016brum\u0105 ir nat\u016bral\u0173 blizges\u012f, o sud\u0117tyje esantys lipidus atkuriantys ingredientai padeda vilnai i\u0161likti mink\u0161tai ir elastingai. \u201eTenemoll\u201c taip [&hellip;]\" \/>\n<meta property=\"og:url\" content=\"https:\/\/happyinaknit.com\/ru\/product\/tenemoll\/\" \/>\n<meta property=\"og:site_name\" content=\"Happyinaknit.com\" \/>\n<meta property=\"article:modified_time\" content=\"2026-04-08T15:42:16+00:00\" \/>\n<meta property=\"og:image\" content=\"https:\/\/happyinaknit.com\/wp-content\/uploads\/2025\/10\/3e813933d9c1737c7965ab2eb4bcfbd0.jpg.webp\" \/>\n\t<meta property=\"og:image:width\" content=\"1920\" \/>\n\t<meta property=\"og:image:height\" content=\"1920\" \/>\n\t<meta property=\"og:image:type\" content=\"image\/webp\" \/>\n<meta name=\"twitter:card\" content=\"summary_large_image\" \/>\n<meta name=\"twitter:label1\" content=\"\u041f\u0440\u0438\u043c\u0435\u0440\u043d\u043e\u0435 \u0432\u0440\u0435\u043c\u044f \u0434\u043b\u044f \u0447\u0442\u0435\u043d\u0438\u044f\" \/>\n\t<meta name=\"twitter:data1\" content=\"1 \u043c\u0438\u043d\u0443\u0442\u0430\" \/>\n<script type=\"application\/ld+json\" class=\"yoast-schema-graph\">{\"@context\":\"https:\/\/schema.org\",\"@graph\":[{\"@type\":\"WebPage\",\"@id\":\"https:\/\/happyinaknit.com\/produktas\/tenemoll\/\",\"url\":\"https:\/\/happyinaknit.com\/produktas\/tenemoll\/\",\"name\":\"Tenemoll skalbimo priemon\u0117 - Happyinaknit.com\",\"isPartOf\":{\"@id\":\"https:\/\/happyinaknit.com\/lt\/#website\"},\"primaryImageOfPage\":{\"@id\":\"https:\/\/happyinaknit.com\/produktas\/tenemoll\/#primaryimage\"},\"image\":{\"@id\":\"https:\/\/happyinaknit.com\/produktas\/tenemoll\/#primaryimage\"},\"thumbnailUrl\":\"https:\/\/happyinaknit.com\/wp-content\/uploads\/2025\/10\/3e813933d9c1737c7965ab2eb4bcfbd0.jpg.webp\",\"datePublished\":\"2025-10-06T22:26:00+00:00\",\"dateModified\":\"2026-04-08T15:42:16+00:00\",\"breadcrumb\":{\"@id\":\"https:\/\/happyinaknit.com\/produktas\/tenemoll\/#breadcrumb\"},\"inLanguage\":\"ru-RU\",\"potentialAction\":[{\"@type\":\"ReadAction\",\"target\":[\"https:\/\/happyinaknit.com\/produktas\/tenemoll\/\"]}]},{\"@type\":\"ImageObject\",\"inLanguage\":\"ru-RU\",\"@id\":\"https:\/\/happyinaknit.com\/produktas\/tenemoll\/#primaryimage\",\"url\":\"https:\/\/happyinaknit.com\/wp-content\/uploads\/2025\/10\/3e813933d9c1737c7965ab2eb4bcfbd0.jpg.webp\",\"contentUrl\":\"https:\/\/happyinaknit.com\/wp-content\/uploads\/2025\/10\/3e813933d9c1737c7965ab2eb4bcfbd0.jpg.webp\",\"width\":1920,\"height\":1920},{\"@type\":\"BreadcrumbList\",\"@id\":\"https:\/\/happyinaknit.com\/produktas\/tenemoll\/#breadcrumb\",\"itemListElement\":[{\"@type\":\"ListItem\",\"position\":1,\"name\":\"Home\",\"item\":\"https:\/\/happyinaknit.com\/lt\/\"},{\"@type\":\"ListItem\",\"position\":2,\"name\":\"Parduotuv\u0117\",\"item\":\"https:\/\/happyinaknit.com\/lt\/parduotuve\/\"},{\"@type\":\"ListItem\",\"position\":3,\"name\":\"Tenemoll skalbimo priemon\u0117\"}]},{\"@type\":\"WebSite\",\"@id\":\"https:\/\/happyinaknit.com\/lt\/#website\",\"url\":\"https:\/\/happyinaknit.com\/lt\/\",\"name\":\"Happyinaknit.com\",\"description\":\"\",\"potentialAction\":[{\"@type\":\"SearchAction\",\"target\":{\"@type\":\"EntryPoint\",\"urlTemplate\":\"https:\/\/happyinaknit.com\/lt\/?s={search_term_string}\"},\"query-input\":{\"@type\":\"PropertyValueSpecification\",\"valueRequired\":true,\"valueName\":\"search_term_string\"}}],\"inLanguage\":\"ru-RU\"}]}<\/script>\n<!-- \/ Yoast SEO plugin. -->","yoast_head_json":{"title":"Tenemoll skalbimo priemon\u0117 - Happyinaknit.com","robots":{"index":"index","follow":"follow","max-snippet":"max-snippet:-1","max-image-preview":"max-image-preview:large","max-video-preview":"max-video-preview:-1"},"canonical":"https:\/\/happyinaknit.com\/ru\/product\/tenemoll\/","og_locale":"ru_RU","og_type":"article","og_title":"Tenemoll skalbimo priemon\u0117 - Happyinaknit.com","og_description":"Tenemoll \u2013 tai \u0161velni skalbimo priemon\u0117, specialiai sukurta ka\u0161myrui, vilnai ir kitiems vertingiems vilnos pluo\u0161tamspri\u017ei\u016br\u0117ti bei i\u0161laikyti j\u0173 kokyb\u0119. Tinka tokiai vilnai kaip ka\u0161myras, moheris, angora, alpaka ar merino vilna. \u0160is ypatingas ploviklis \u0161velniai valo, i\u0161saugo pluo\u0161to p\u016brum\u0105 ir nat\u016bral\u0173 blizges\u012f, o sud\u0117tyje esantys lipidus atkuriantys ingredientai padeda vilnai i\u0161likti mink\u0161tai ir elastingai. \u201eTenemoll\u201c taip [&hellip;]","og_url":"https:\/\/happyinaknit.com\/ru\/product\/tenemoll\/","og_site_name":"Happyinaknit.com","article_modified_time":"2026-04-08T15:42:16+00:00","og_image":[{"width":1920,"height":1920,"url":"https:\/\/happyinaknit.com\/wp-content\/uploads\/2025\/10\/3e813933d9c1737c7965ab2eb4bcfbd0.jpg.webp","type":"image\/webp"}],"twitter_card":"summary_large_image","twitter_misc":{"\u041f\u0440\u0438\u043c\u0435\u0440\u043d\u043e\u0435 \u0432\u0440\u0435\u043c\u044f \u0434\u043b\u044f \u0447\u0442\u0435\u043d\u0438\u044f":"1 \u043c\u0438\u043d\u0443\u0442\u0430"},"schema":{"@context":"https:\/\/schema.org","@graph":[{"@type":"WebPage","@id":"https:\/\/happyinaknit.com\/produktas\/tenemoll\/","url":"https:\/\/happyinaknit.com\/produktas\/tenemoll\/","name":"Tenemoll skalbimo priemon\u0117 - Happyinaknit.com","isPartOf":{"@id":"https:\/\/happyinaknit.com\/lt\/#website"},"primaryImageOfPage":{"@id":"https:\/\/happyinaknit.com\/produktas\/tenemoll\/#primaryimage"},"image":{"@id":"https:\/\/happyinaknit.com\/produktas\/tenemoll\/#primaryimage"},"thumbnailUrl":"https:\/\/happyinaknit.com\/wp-content\/uploads\/2025\/10\/3e813933d9c1737c7965ab2eb4bcfbd0.jpg.webp","datePublished":"2025-10-06T22:26:00+00:00","dateModified":"2026-04-08T15:42:16+00:00","breadcrumb":{"@id":"https:\/\/happyinaknit.com\/produktas\/tenemoll\/#breadcrumb"},"inLanguage":"ru-RU","potentialAction":[{"@type":"ReadAction","target":["https:\/\/happyinaknit.com\/produktas\/tenemoll\/"]}]},{"@type":"ImageObject","inLanguage":"ru-RU","@id":"https:\/\/happyinaknit.com\/produktas\/tenemoll\/#primaryimage","url":"https:\/\/happyinaknit.com\/wp-content\/uploads\/2025\/10\/3e813933d9c1737c7965ab2eb4bcfbd0.jpg.webp","contentUrl":"https:\/\/happyinaknit.com\/wp-content\/uploads\/2025\/10\/3e813933d9c1737c7965ab2eb4bcfbd0.jpg.webp","width":1920,"height":1920},{"@type":"BreadcrumbList","@id":"https:\/\/happyinaknit.com\/produktas\/tenemoll\/#breadcrumb","itemListElement":[{"@type":"ListItem","position":1,"name":"Home","item":"https:\/\/happyinaknit.com\/lt\/"},{"@type":"ListItem","position":2,"name":"Parduotuv\u0117","item":"https:\/\/happyinaknit.com\/lt\/parduotuve\/"},{"@type":"ListItem","position":3,"name":"Tenemoll skalbimo priemon\u0117"}]},{"@type":"WebSite","@id":"https:\/\/happyinaknit.com\/lt\/#website","url":"https:\/\/happyinaknit.com\/lt\/","name":"Happyinaknit.com","description":"","potentialAction":[{"@type":"SearchAction","target":{"@type":"EntryPoint","urlTemplate":"https:\/\/happyinaknit.com\/lt\/?s={search_term_string}"},"query-input":{"@type":"PropertyValueSpecification","valueRequired":true,"valueName":"search_term_string"}}],"inLanguage":"ru-RU"}]}},"_links":{"self":[{"href":"https:\/\/happyinaknit.com\/ru\/wp-json\/wp\/v2\/product\/3205","targetHints":{"allow":["GET"]}}],"collection":[{"href":"https:\/\/happyinaknit.com\/ru\/wp-json\/wp\/v2\/product"}],"about":[{"href":"https:\/\/happyinaknit.com\/ru\/wp-json\/wp\/v2\/types\/product"}],"replies":[{"embeddable":true,"href":"https:\/\/happyinaknit.com\/ru\/wp-json\/wp\/v2\/comments?post=3205"}],"wp:featuredmedia":[{"embeddable":true,"href":"https:\/\/happyinaknit.com\/ru\/wp-json\/wp\/v2\/media\/3206"}],"wp:attachment":[{"href":"https:\/\/happyinaknit.com\/ru\/wp-json\/wp\/v2\/media?parent=3205"}],"wp:term":[{"taxonomy":"product_brand","embeddable":true,"href":"https:\/\/happyinaknit.com\/ru\/wp-json\/wp\/v2\/product_brand?post=3205"},{"taxonomy":"product_cat","embeddable":true,"href":"https:\/\/happyinaknit.com\/ru\/wp-json\/wp\/v2\/product_cat?post=3205"},{"taxonomy":"product_tag","embeddable":true,"href":"https:\/\/happyinaknit.com\/ru\/wp-json\/wp\/v2\/product_tag?post=3205"},{"taxonomy":"pro-kategorijos","embeddable":true,"href":"https:\/\/happyinaknit.com\/ru\/wp-json\/wp\/v2\/pro-kategorijos?post=3205"}],"curies":[{"name":"wp","href":"https:\/\/api.w.org\/{rel}","templated":true}]}}