{"id":3130,"date":"2025-10-06T20:30:30","date_gmt":"2025-10-06T20:30:30","guid":{"rendered":"https:\/\/happyinaknit.com\/?post_type=product&#038;p=3130"},"modified":"2025-11-20T14:09:07","modified_gmt":"2025-11-20T14:09:07","slug":"muud-dafna-mini-black","status":"publish","type":"product","link":"https:\/\/happyinaknit.com\/ru\/product\/muud-dafna-mini-black\/","title":{"rendered":"Muud Dafna Mini Black"},"content":{"rendered":"<p data-start=\"94\" data-end=\"418\"><strong data-start=\"131\" data-end=\"140\">Dafna<\/strong>\u00a0 \u2013 \u044d\u0442\u043e \u0438\u0437\u0434\u0435\u043b\u0438\u0435 \u0440\u0443\u0447\u043d\u043e\u0439 \u0440\u0430\u0431\u043e\u0442\u044b \u0441 \u044d\u043a\u0441\u043a\u043b\u044e\u0437\u0438\u0432\u043d\u044b\u043c \u0434\u0438\u0437\u0430\u0439\u043d\u043e\u043c <strong data-start=\"189\" data-end=\"209\">\u0441\u0443\u043c\u043a\u0430 \u0447\u0435\u0440\u0435\u0437 \u043f\u043b\u0435\u0447\u043e<\/strong>, \u043e\u0442\u043b\u0438\u0447\u0430\u044e\u0449\u0430\u044f\u0441\u044f \u0438\u0441\u043a\u0443\u0441\u043d\u043e\u0439 \u0440\u0430\u0431\u043e\u0442\u043e\u0439, \u0443\u0442\u043e\u043d\u0447\u0451\u043d\u043d\u044b\u043c \u0441\u0442\u0438\u043b\u0435\u043c \u0438 \u0438\u0441\u043a\u043b\u044e\u0447\u0438\u0442\u0435\u043b\u044c\u043d\u044b\u043c \u043a\u0430\u0447\u0435\u0441\u0442\u0432\u043e\u043c. \u042d\u0442\u0430 \u044d\u043b\u0435\u0433\u0430\u043d\u0442\u043d\u0430\u044f \u043c\u0438\u043d\u0438\u043c\u0430\u043b\u0438\u0441\u0442\u0438\u0447\u043d\u0430\u044f \u0441\u0443\u043c\u043a\u0430 \u0434\u043e\u0431\u0430\u0432\u043b\u044f\u0435\u0442 \u0438\u0437\u044b\u0441\u043a\u0430\u043d\u043d\u043e\u0441\u0442\u0438 \u043e\u0431\u0440\u0430\u0437\u0443, \u0441\u043e\u0445\u0440\u0430\u043d\u044f\u044f \u043f\u0440\u0438 \u044d\u0442\u043e\u043c \u043f\u0440\u0430\u043a\u0442\u0438\u0447\u043d\u043e\u0441\u0442\u044c \u0438 \u043a\u043e\u043c\u0444\u043e\u0440\u0442 \u0434\u043b\u044f \u043f\u043e\u0432\u0441\u0435\u0434\u043d\u0435\u0432\u043d\u043e\u0439 \u043d\u043e\u0441\u043a\u0438.<\/p>\n<p data-start=\"420\" data-end=\"753\">\u0421\u0434\u0435\u043b\u0430\u043d\u043e \u0438\u0437 <strong data-start=\"433\" data-end=\"468\">\u0432\u044b\u0441\u043e\u043a\u043e\u043a\u0430\u0447\u0435\u0441\u0442\u0432\u0435\u043d\u043d\u0430\u044f \u043d\u0430\u0442\u0443\u0440\u0430\u043b\u044c\u043d\u0430\u044f \u043a\u043e\u0436\u0430<\/strong>, \u043e\u043d \u043f\u0440\u043e\u0447\u043d\u044b\u0439 \u0438 \u0441\u043e\u0445\u0440\u0430\u043d\u044f\u0435\u0442 \u0441\u0442\u0438\u043b\u044c\u043d\u044b\u0439 \u0432\u0438\u0434 \u0434\u043e\u043b\u0433\u0438\u0435 \u0433\u043e\u0434\u044b. \u0420\u0435\u0433\u0443\u043b\u0438\u0440\u0443\u0435\u043c\u044b\u0439 \u0438 \u0441\u044a\u0451\u043c\u043d\u044b\u0439 <strong data-start=\"558\" data-end=\"577\">\u043f\u043b\u0435\u0447\u0435\u0432\u043e\u0439 \u0440\u0435\u043c\u0435\u043d\u044c<\/strong> \u043f\u043e\u0437\u0432\u043e\u043b\u044f\u0435\u0442 \u0432\u0430\u043c \u043f\u0440\u0438\u0441\u043f\u043e\u0441\u043e\u0431\u0438\u0442\u044c \u0441\u0443\u043c\u043a\u0443 \u043f\u043e \u0432\u0430\u0448\u0435\u043c\u0443 \u0432\u043a\u0443\u0441\u0443. \u0412\u043d\u0443\u0442\u0440\u0438 \u0438 \u0441\u043d\u0430\u0440\u0443\u0436\u0438 \u0435\u0441\u0442\u044c <strong data-start=\"657\" data-end=\"678\">\u043a\u0430\u0440\u043c\u0430\u043d\u044b \u043d\u0430 \u043c\u043e\u043b\u043d\u0438\u0438<\/strong>, \u0432 \u043a\u043e\u0442\u043e\u0440\u044b\u0445 \u0443\u0434\u043e\u0431\u043d\u043e \u0445\u0440\u0430\u043d\u0438\u0442\u044c \u043c\u0435\u043b\u043a\u0438\u0435 \u043f\u0440\u0435\u0434\u043c\u0435\u0442\u044b \u2014 \u043a\u043b\u044e\u0447\u0438, \u0442\u0435\u043b\u0435\u0444\u043e\u043d \u0438\u043b\u0438 \u043a\u043e\u0448\u0435\u043b\u0435\u043a.<\/p>\n<ul data-start=\"755\" data-end=\"1050\">\n<li data-start=\"755\" data-end=\"919\">\n<p data-start=\"757\" data-end=\"771\"><strong data-start=\"757\" data-end=\"769\">\u0424\u0443\u043d\u043a\u0446\u0438\u0438:<\/strong><\/p>\n<ul data-start=\"774\" data-end=\"919\">\n<li data-start=\"774\" data-end=\"819\">\n<p data-start=\"776\" data-end=\"819\">\u0420\u0435\u0433\u0443\u043b\u0438\u0440\u0443\u0435\u043c\u044b\u0439 \u0438 \u0441\u044a\u0435\u043c\u043d\u044b\u0439 \u043f\u043b\u0435\u0447\u0435\u0432\u043e\u0439 \u0440\u0435\u043c\u0435\u043d\u044c<\/p>\n<\/li>\n<li data-start=\"822\" data-end=\"888\">\n<p data-start=\"824\" data-end=\"888\">\u0423\u0434\u043e\u0431\u043d\u0430\u044f \u043e\u0440\u0433\u0430\u043d\u0438\u0437\u0430\u0446\u0438\u044f \u0432\u0435\u0449\u0435\u0439 \u0441 \u043f\u043e\u043c\u043e\u0449\u044c\u044e \u043c\u043e\u043b\u043d\u0438\u0439 \u0432\u043d\u0443\u0442\u0440\u0438 \u0438 \u0441\u043d\u0430\u0440\u0443\u0436\u0438<\/p>\n<\/li>\n<li data-start=\"891\" data-end=\"919\">\n<p data-start=\"893\" data-end=\"919\">\u0417\u0430\u0441\u0442\u0435\u0436\u043a\u0430-\u043c\u043e\u043b\u043d\u0438\u044f<\/p>\n<\/li>\n<\/ul>\n<\/li>\n<li data-start=\"920\" data-end=\"1019\">\n<p data-start=\"922\" data-end=\"940\"><strong data-start=\"922\" data-end=\"938\">\u0418\u0437\u043c\u0435\u0440\u0435\u043d\u0438\u044f:<\/strong><\/p>\n<ul data-start=\"943\" data-end=\"1019\">\n<li data-start=\"943\" data-end=\"961\">\n<p data-start=\"945\" data-end=\"961\">\u0412\u044b\u0441\u043e\u0442\u0430: 20 \u0441\u043c.<\/p>\n<\/li>\n<li data-start=\"964\" data-end=\"980\">\n<p data-start=\"966\" data-end=\"980\">\u0414\u043b\u0438\u043d\u0430: 12 \u0441\u043c.<\/p>\n<\/li>\n<li data-start=\"983\" data-end=\"999\">\n<p data-start=\"985\" data-end=\"999\">\u0428\u0438\u0440\u0438\u043d\u0430: 5 \u0441\u043c.<\/p>\n<\/li>\n<li data-start=\"1002\" data-end=\"1019\">\n<p data-start=\"1004\" data-end=\"1019\">\u0412\u0435\u0441: 385 \u0433<\/p>\n<\/li>\n<\/ul>\n<\/li>\n<li data-start=\"1020\" data-end=\"1050\">\n<p data-start=\"1022\" data-end=\"1050\"><strong data-start=\"1022\" data-end=\"1035\">\u041c\u0430\u0442\u0435\u0440\u0438\u0430\u043b:<\/strong> \u043d\u0430\u0442\u0443\u0440\u0430\u043b\u044c\u043d\u0430\u044f \u043a\u043e\u0436\u0430<\/p>\n<\/li>\n<\/ul>","protected":false},"excerpt":{"rendered":"<p>Dafna\u00a0 \u2013 tai i\u0161skirtinio dizaino rank\u0173 darbo rankin\u0117 per pet\u012f, pasi\u017eyminti kruop\u0161\u010diu meistri\u0161kumu, subtiliu stiliumi ir i\u0161skirtine kokybe. \u0160i eleganti\u0161ka, minimalistin\u0117 rankin\u0117 suteikia \u012fvaizd\u017eiui rafinuotumo, i\u0161laikydama prakti\u0161kum\u0105 ir patogum\u0105 kasdieniam ne\u0161iojimui. Pagaminta i\u0161 auk\u0161tos kokyb\u0117s nat\u016bralios odos, ji i\u0161siskiria ilgaam\u017ei\u0161kumu ir i\u0161lieka stilinga daugel\u012f met\u0173. Reguliuojamas ir nuimamas peties dir\u017eelis leid\u017eia pritaikyti rankin\u0119 pagal savo [&hellip;]<\/p>\n","protected":false},"featured_media":3136,"comment_status":"open","ping_status":"closed","template":"","meta":{"_acf_changed":false},"product_brand":[613],"product_cat":[15,1079,20],"product_tag":[],"pro-kategorijos":[],"class_list":{"0":"post-3130","1":"product","2":"type-product","3":"status-publish","4":"has-post-thumbnail","6":"product_brand-muud","7":"product_cat-visi-produktai","8":"product_cat-deklai","9":"product_cat-priedai-mezgimui","11":"first","12":"outofstock","13":"shipping-taxable","14":"purchasable","15":"product-type-simple"},"acf":[],"yoast_head":"<!-- This site is optimized with the Yoast SEO plugin v26.8 - https:\/\/yoast.com\/product\/yoast-seo-wordpress\/ -->\n<title>Muud Dafna Mini Black - Happyinaknit.com<\/title>\n<meta name=\"robots\" content=\"index, follow, max-snippet:-1, max-image-preview:large, max-video-preview:-1\" \/>\n<link rel=\"canonical\" href=\"https:\/\/happyinaknit.com\/ru\/product\/muud-dafna-mini-black\/\" \/>\n<meta property=\"og:locale\" content=\"ru_RU\" \/>\n<meta property=\"og:type\" content=\"article\" \/>\n<meta property=\"og:title\" content=\"Muud Dafna Mini Black - Happyinaknit.com\" \/>\n<meta property=\"og:description\" content=\"Dafna\u00a0 \u2013 tai i\u0161skirtinio dizaino rank\u0173 darbo rankin\u0117 per pet\u012f, pasi\u017eyminti kruop\u0161\u010diu meistri\u0161kumu, subtiliu stiliumi ir i\u0161skirtine kokybe. \u0160i eleganti\u0161ka, minimalistin\u0117 rankin\u0117 suteikia \u012fvaizd\u017eiui rafinuotumo, i\u0161laikydama prakti\u0161kum\u0105 ir patogum\u0105 kasdieniam ne\u0161iojimui. Pagaminta i\u0161 auk\u0161tos kokyb\u0117s nat\u016bralios odos, ji i\u0161siskiria ilgaam\u017ei\u0161kumu ir i\u0161lieka stilinga daugel\u012f met\u0173. Reguliuojamas ir nuimamas peties dir\u017eelis leid\u017eia pritaikyti rankin\u0119 pagal savo [&hellip;]\" \/>\n<meta property=\"og:url\" content=\"https:\/\/happyinaknit.com\/ru\/product\/muud-dafna-mini-black\/\" \/>\n<meta property=\"og:site_name\" content=\"Happyinaknit.com\" \/>\n<meta property=\"article:modified_time\" content=\"2025-11-20T14:09:07+00:00\" \/>\n<meta property=\"og:image\" content=\"https:\/\/happyinaknit.com\/wp-content\/uploads\/2025\/10\/Dafne-pre-news-QB-4498-Black-8_1800x1800.jpg.webp\" \/>\n\t<meta property=\"og:image:width\" content=\"1200\" \/>\n\t<meta property=\"og:image:height\" content=\"1800\" \/>\n\t<meta property=\"og:image:type\" content=\"image\/webp\" \/>\n<meta name=\"twitter:card\" content=\"summary_large_image\" \/>\n<meta name=\"twitter:label1\" content=\"\u041f\u0440\u0438\u043c\u0435\u0440\u043d\u043e\u0435 \u0432\u0440\u0435\u043c\u044f \u0434\u043b\u044f \u0447\u0442\u0435\u043d\u0438\u044f\" \/>\n\t<meta name=\"twitter:data1\" content=\"1 \u043c\u0438\u043d\u0443\u0442\u0430\" \/>\n<script type=\"application\/ld+json\" class=\"yoast-schema-graph\">{\"@context\":\"https:\/\/schema.org\",\"@graph\":[{\"@type\":\"WebPage\",\"@id\":\"https:\/\/happyinaknit.com\/produktas\/muud-dafna-mini-black\/\",\"url\":\"https:\/\/happyinaknit.com\/produktas\/muud-dafna-mini-black\/\",\"name\":\"Muud Dafna Mini Black - Happyinaknit.com\",\"isPartOf\":{\"@id\":\"https:\/\/happyinaknit.com\/lt\/#website\"},\"primaryImageOfPage\":{\"@id\":\"https:\/\/happyinaknit.com\/produktas\/muud-dafna-mini-black\/#primaryimage\"},\"image\":{\"@id\":\"https:\/\/happyinaknit.com\/produktas\/muud-dafna-mini-black\/#primaryimage\"},\"thumbnailUrl\":\"https:\/\/happyinaknit.com\/wp-content\/uploads\/2025\/10\/Dafne-pre-news-QB-4498-Black-8_1800x1800.jpg.webp\",\"datePublished\":\"2025-10-06T20:30:30+00:00\",\"dateModified\":\"2025-11-20T14:09:07+00:00\",\"breadcrumb\":{\"@id\":\"https:\/\/happyinaknit.com\/produktas\/muud-dafna-mini-black\/#breadcrumb\"},\"inLanguage\":\"ru-RU\",\"potentialAction\":[{\"@type\":\"ReadAction\",\"target\":[\"https:\/\/happyinaknit.com\/produktas\/muud-dafna-mini-black\/\"]}]},{\"@type\":\"ImageObject\",\"inLanguage\":\"ru-RU\",\"@id\":\"https:\/\/happyinaknit.com\/produktas\/muud-dafna-mini-black\/#primaryimage\",\"url\":\"https:\/\/happyinaknit.com\/wp-content\/uploads\/2025\/10\/Dafne-pre-news-QB-4498-Black-8_1800x1800.jpg.webp\",\"contentUrl\":\"https:\/\/happyinaknit.com\/wp-content\/uploads\/2025\/10\/Dafne-pre-news-QB-4498-Black-8_1800x1800.jpg.webp\",\"width\":1200,\"height\":1800},{\"@type\":\"BreadcrumbList\",\"@id\":\"https:\/\/happyinaknit.com\/produktas\/muud-dafna-mini-black\/#breadcrumb\",\"itemListElement\":[{\"@type\":\"ListItem\",\"position\":1,\"name\":\"Home\",\"item\":\"https:\/\/happyinaknit.com\/lt\/\"},{\"@type\":\"ListItem\",\"position\":2,\"name\":\"Parduotuv\u0117\",\"item\":\"https:\/\/happyinaknit.com\/lt\/parduotuve\/\"},{\"@type\":\"ListItem\",\"position\":3,\"name\":\"Muud Dafna Mini Black\"}]},{\"@type\":\"WebSite\",\"@id\":\"https:\/\/happyinaknit.com\/lt\/#website\",\"url\":\"https:\/\/happyinaknit.com\/lt\/\",\"name\":\"Happyinaknit.com\",\"description\":\"\",\"potentialAction\":[{\"@type\":\"SearchAction\",\"target\":{\"@type\":\"EntryPoint\",\"urlTemplate\":\"https:\/\/happyinaknit.com\/lt\/?s={search_term_string}\"},\"query-input\":{\"@type\":\"PropertyValueSpecification\",\"valueRequired\":true,\"valueName\":\"search_term_string\"}}],\"inLanguage\":\"ru-RU\"}]}<\/script>\n<!-- \/ Yoast SEO plugin. -->","yoast_head_json":{"title":"Muud Dafna Mini Black - Happyinaknit.com","robots":{"index":"index","follow":"follow","max-snippet":"max-snippet:-1","max-image-preview":"max-image-preview:large","max-video-preview":"max-video-preview:-1"},"canonical":"https:\/\/happyinaknit.com\/ru\/product\/muud-dafna-mini-black\/","og_locale":"ru_RU","og_type":"article","og_title":"Muud Dafna Mini Black - Happyinaknit.com","og_description":"Dafna\u00a0 \u2013 tai i\u0161skirtinio dizaino rank\u0173 darbo rankin\u0117 per pet\u012f, pasi\u017eyminti kruop\u0161\u010diu meistri\u0161kumu, subtiliu stiliumi ir i\u0161skirtine kokybe. \u0160i eleganti\u0161ka, minimalistin\u0117 rankin\u0117 suteikia \u012fvaizd\u017eiui rafinuotumo, i\u0161laikydama prakti\u0161kum\u0105 ir patogum\u0105 kasdieniam ne\u0161iojimui. Pagaminta i\u0161 auk\u0161tos kokyb\u0117s nat\u016bralios odos, ji i\u0161siskiria ilgaam\u017ei\u0161kumu ir i\u0161lieka stilinga daugel\u012f met\u0173. Reguliuojamas ir nuimamas peties dir\u017eelis leid\u017eia pritaikyti rankin\u0119 pagal savo [&hellip;]","og_url":"https:\/\/happyinaknit.com\/ru\/product\/muud-dafna-mini-black\/","og_site_name":"Happyinaknit.com","article_modified_time":"2025-11-20T14:09:07+00:00","og_image":[{"width":1200,"height":1800,"url":"https:\/\/happyinaknit.com\/wp-content\/uploads\/2025\/10\/Dafne-pre-news-QB-4498-Black-8_1800x1800.jpg.webp","type":"image\/webp"}],"twitter_card":"summary_large_image","twitter_misc":{"\u041f\u0440\u0438\u043c\u0435\u0440\u043d\u043e\u0435 \u0432\u0440\u0435\u043c\u044f \u0434\u043b\u044f \u0447\u0442\u0435\u043d\u0438\u044f":"1 \u043c\u0438\u043d\u0443\u0442\u0430"},"schema":{"@context":"https:\/\/schema.org","@graph":[{"@type":"WebPage","@id":"https:\/\/happyinaknit.com\/produktas\/muud-dafna-mini-black\/","url":"https:\/\/happyinaknit.com\/produktas\/muud-dafna-mini-black\/","name":"Muud Dafna Mini Black - Happyinaknit.com","isPartOf":{"@id":"https:\/\/happyinaknit.com\/lt\/#website"},"primaryImageOfPage":{"@id":"https:\/\/happyinaknit.com\/produktas\/muud-dafna-mini-black\/#primaryimage"},"image":{"@id":"https:\/\/happyinaknit.com\/produktas\/muud-dafna-mini-black\/#primaryimage"},"thumbnailUrl":"https:\/\/happyinaknit.com\/wp-content\/uploads\/2025\/10\/Dafne-pre-news-QB-4498-Black-8_1800x1800.jpg.webp","datePublished":"2025-10-06T20:30:30+00:00","dateModified":"2025-11-20T14:09:07+00:00","breadcrumb":{"@id":"https:\/\/happyinaknit.com\/produktas\/muud-dafna-mini-black\/#breadcrumb"},"inLanguage":"ru-RU","potentialAction":[{"@type":"ReadAction","target":["https:\/\/happyinaknit.com\/produktas\/muud-dafna-mini-black\/"]}]},{"@type":"ImageObject","inLanguage":"ru-RU","@id":"https:\/\/happyinaknit.com\/produktas\/muud-dafna-mini-black\/#primaryimage","url":"https:\/\/happyinaknit.com\/wp-content\/uploads\/2025\/10\/Dafne-pre-news-QB-4498-Black-8_1800x1800.jpg.webp","contentUrl":"https:\/\/happyinaknit.com\/wp-content\/uploads\/2025\/10\/Dafne-pre-news-QB-4498-Black-8_1800x1800.jpg.webp","width":1200,"height":1800},{"@type":"BreadcrumbList","@id":"https:\/\/happyinaknit.com\/produktas\/muud-dafna-mini-black\/#breadcrumb","itemListElement":[{"@type":"ListItem","position":1,"name":"Home","item":"https:\/\/happyinaknit.com\/lt\/"},{"@type":"ListItem","position":2,"name":"Parduotuv\u0117","item":"https:\/\/happyinaknit.com\/lt\/parduotuve\/"},{"@type":"ListItem","position":3,"name":"Muud Dafna Mini Black"}]},{"@type":"WebSite","@id":"https:\/\/happyinaknit.com\/lt\/#website","url":"https:\/\/happyinaknit.com\/lt\/","name":"Happyinaknit.com","description":"","potentialAction":[{"@type":"SearchAction","target":{"@type":"EntryPoint","urlTemplate":"https:\/\/happyinaknit.com\/lt\/?s={search_term_string}"},"query-input":{"@type":"PropertyValueSpecification","valueRequired":true,"valueName":"search_term_string"}}],"inLanguage":"ru-RU"}]}},"_links":{"self":[{"href":"https:\/\/happyinaknit.com\/ru\/wp-json\/wp\/v2\/product\/3130","targetHints":{"allow":["GET"]}}],"collection":[{"href":"https:\/\/happyinaknit.com\/ru\/wp-json\/wp\/v2\/product"}],"about":[{"href":"https:\/\/happyinaknit.com\/ru\/wp-json\/wp\/v2\/types\/product"}],"replies":[{"embeddable":true,"href":"https:\/\/happyinaknit.com\/ru\/wp-json\/wp\/v2\/comments?post=3130"}],"wp:featuredmedia":[{"embeddable":true,"href":"https:\/\/happyinaknit.com\/ru\/wp-json\/wp\/v2\/media\/3136"}],"wp:attachment":[{"href":"https:\/\/happyinaknit.com\/ru\/wp-json\/wp\/v2\/media?parent=3130"}],"wp:term":[{"taxonomy":"product_brand","embeddable":true,"href":"https:\/\/happyinaknit.com\/ru\/wp-json\/wp\/v2\/product_brand?post=3130"},{"taxonomy":"product_cat","embeddable":true,"href":"https:\/\/happyinaknit.com\/ru\/wp-json\/wp\/v2\/product_cat?post=3130"},{"taxonomy":"product_tag","embeddable":true,"href":"https:\/\/happyinaknit.com\/ru\/wp-json\/wp\/v2\/product_tag?post=3130"},{"taxonomy":"pro-kategorijos","embeddable":true,"href":"https:\/\/happyinaknit.com\/ru\/wp-json\/wp\/v2\/pro-kategorijos?post=3130"}],"curies":[{"name":"wp","href":"https:\/\/api.w.org\/{rel}","templated":true}]}}