{"id":3125,"date":"2025-10-06T20:23:36","date_gmt":"2025-10-06T20:23:36","guid":{"rendered":"https:\/\/happyinaknit.com\/?post_type=product&#038;p=3125"},"modified":"2025-10-28T09:45:43","modified_gmt":"2025-10-28T09:45:43","slug":"muud-laura-make-up-black","status":"publish","type":"product","link":"https:\/\/happyinaknit.com\/ru\/product\/muud-laura-make-up-black\/","title":{"rendered":"Muud Laura Make Up Black"},"content":{"rendered":"<p data-start=\"100\" data-end=\"527\"><strong data-start=\"161\" data-end=\"170\">Laura<\/strong>\u00a0 \u2013 \u044d\u0442\u043e \u0441\u0442\u0438\u043b\u044c\u043d\u0430\u044f \u0438 \u0432\u043d\u0435 \u0432\u0440\u0435\u043c\u0435\u043d\u0438 <strong data-start=\"216\" data-end=\"229\">\u043a\u043e\u0441\u043c\u0435\u0442\u0438\u0447\u043a\u0430<\/strong>, \u0438\u0437\u0433\u043e\u0442\u043e\u0432\u043b\u0435\u043d\u043d\u0430 \u0432\u0440\u0443\u0447\u043d\u0443\u044e \u0438\u0437 \u0432\u044b\u0441\u043e\u043a\u043e\u043a\u0430\u0447\u0435\u0441\u0442\u0432\u0435\u043d\u043d\u043e\u0439 \u043d\u0430\u0442\u0443\u0440\u0430\u043b\u044c\u043d\u043e\u0439 \u043a\u043e\u0436\u0438. \u041a\u043e\u043c\u043f\u0430\u043a\u0442\u043d\u044b\u0439 \u0440\u0430\u0437\u043c\u0435\u0440 \u0434\u0435\u043b\u0430\u0435\u0442 \u0435\u0433\u043e \u0438\u0434\u0435\u0430\u043b\u044c\u043d\u044b\u043c \u043f\u043e\u0432\u0441\u0435\u0434\u043d\u0435\u0432\u043d\u044b\u043c \u0441\u043f\u0443\u0442\u043d\u0438\u043a\u043e\u043c \u2014 \u0438\u0434\u0435\u0430\u043b\u044c\u043d\u043e \u043f\u043e\u0434\u0445\u043e\u0434\u0438\u0442 \u0434\u043b\u044f \u0438\u0441\u043f\u043e\u043b\u044c\u0437\u043e\u0432\u0430\u043d\u0438\u044f \u0434\u043e\u043c\u0430 \u0438\u043b\u0438 \u0432 \u0434\u043e\u0440\u043e\u0433\u0435. \u0423\u0434\u043e\u0431\u043d\u043e \u0441\u043a\u043b\u0430\u0434\u044b\u0432\u0430\u0442\u044c \u0432 <strong data-start=\"411\" data-end=\"455\">\u0440\u044e\u043a\u0437\u0430\u043a, \u0441\u0443\u043c\u043a\u0443 \u043d\u0430 \u0432\u044b\u0445\u043e\u0434\u043d\u044b\u0435 \u0438\u043b\u0438 \u043d\u0430 \u043a\u0430\u0436\u0434\u044b\u0439 \u0434\u0435\u043d\u044c,<\/strong>\u0447\u0442\u043e\u0431\u044b \u0432\u0441\u0435 \u043c\u0435\u043b\u043e\u0447\u0438 \u0431\u044b\u043b\u0438 \u0430\u043a\u043a\u0443\u0440\u0430\u0442\u043d\u043e \u0440\u0430\u0437\u043b\u043e\u0436\u0435\u043d\u044b \u0438 \u043b\u0435\u0433\u043a\u043e \u0434\u043e\u0441\u0442\u0443\u043f\u043d\u044b.<\/p>\n<p data-start=\"529\" data-end=\"835\">\u041a\u043e\u0441\u043c\u0435\u0442\u0438\u0447\u043a\u0430 \u0437\u0430\u043a\u0440\u044b\u0432\u0430\u0435\u0442\u0441\u044f \u043d\u0430 \u043c\u043e\u043b\u043d\u0438\u044e. \u0412\u043d\u0443\u0442\u0440\u0438 \u0435\u0441\u0442\u044c <strong data-start=\"572\" data-end=\"602\">\u043f\u0440\u043e\u0441\u0442\u043e\u0440\u043d\u043e\u0435 \u043e\u0441\u043d\u043e\u0432\u043d\u043e\u0435 \u043e\u0442\u0434\u0435\u043b\u0435\u043d\u0438\u0435<\/strong> \u0441\u0440\u0435\u0434\u0441\u0442\u0432\u0430\u043c \u0434\u043b\u044f \u043c\u0430\u043a\u0438\u044f\u0436\u0430 \u0438 \u043a\u0438\u0441\u0442\u044f\u043c, <strong data-start=\"636\" data-end=\"662\">\u043d\u0435\u0431\u043e\u043b\u044c\u0448\u043e\u0439 \u043a\u0430\u0440\u043c\u0430\u043d \u043d\u0430 \u043c\u043e\u043b\u043d\u0438\u0438<\/strong> \u0438 \u0435\u0449\u0435 <strong data-start=\"671\" data-end=\"695\">\u0434\u0432\u0430 \u043c\u0435\u043d\u044c\u0448\u0438\u0445 \u043a\u0430\u0440\u043c\u0430\u043d\u0430<\/strong> \u0434\u043b\u044f \u0430\u043a\u043a\u0443\u0440\u0430\u0442\u043d\u043e\u0433\u043e \u0440\u0430\u0437\u043b\u043e\u0436\u0435\u043d\u0438\u044f \u0432\u0435\u0449\u0435\u0439. \u0418\u0434\u0435\u0430\u043b\u044c\u043d\u043e \u043f\u043e\u0434\u0445\u043e\u0434\u0438\u0442 \u043d\u0435 \u0442\u043e\u043b\u044c\u043a\u043e \u0434\u043b\u044f \u043a\u043e\u0441\u043c\u0435\u0442\u0438\u043a\u0438, \u043d\u043e \u0438 \u0445\u0440\u0430\u043d\u0435\u043d\u0438\u044f <strong data-start=\"768\" data-end=\"824\">\u0434\u043b\u044f \u043c\u0435\u043b\u043a\u0438\u0445 \u0432\u044f\u0437\u0430\u043b\u044c\u043d\u044b\u0445 \u043f\u0440\u0438\u043d\u0430\u0434\u043b\u0435\u0436\u043d\u043e\u0441\u0442\u0435\u0439, \u0437\u0430\u0440\u044f\u0434\u043d\u044b\u0445 \u0443\u0441\u0442\u0440\u043e\u0439\u0441\u0442\u0432 \u0438\u043b\u0438 \u043d\u0430\u0443\u0448\u043d\u0438\u043a\u043e\u0432<\/strong> \u0438 \u0434\u0440\u0443\u0433\u0438\u0445<\/p>\n<ul data-start=\"837\" data-end=\"1230\">\n<li data-start=\"837\" data-end=\"1015\">\n<p data-start=\"839\" data-end=\"853\"><strong data-start=\"839\" data-end=\"851\">\u0424\u0443\u043d\u043a\u0446\u0438\u0438:<\/strong><\/p>\n<ul data-start=\"856\" data-end=\"1015\">\n<li data-start=\"856\" data-end=\"901\">\n<p data-start=\"858\" data-end=\"901\">\u0420\u0443\u0447\u043d\u0430\u044f \u0440\u0430\u0431\u043e\u0442\u0430, \u0438\u0437 \u043d\u0430\u0442\u0443\u0440\u0430\u043b\u044c\u043d\u043e\u0439 \u043a\u043e\u0436\u0438.<\/p>\n<\/li>\n<li data-start=\"904\" data-end=\"932\">\n<p data-start=\"906\" data-end=\"932\">\u0417\u0430\u0441\u0442\u0435\u0436\u043a\u0430-\u043c\u043e\u043b\u043d\u0438\u044f<\/p>\n<\/li>\n<li data-start=\"935\" data-end=\"967\">\n<p data-start=\"937\" data-end=\"967\">\u0412\u043d\u0443\u0442\u0440\u0435\u043d\u043d\u0438\u0439 \u043a\u0430\u0440\u043c\u0430\u043d \u043d\u0430 \u043c\u043e\u043b\u043d\u0438\u0438<\/p>\n<\/li>\n<li data-start=\"970\" data-end=\"1015\">\n<p data-start=\"972\" data-end=\"1015\">\u0414\u0432\u0430 \u043d\u0435\u0431\u043e\u043b\u044c\u0448\u0438\u0445 \u043a\u0430\u0440\u043c\u0430\u043d\u0430 \u0434\u043b\u044f \u043e\u0440\u0433\u0430\u043d\u0438\u0437\u0430\u0446\u0438\u0438 \u0432\u0435\u0449\u0435\u0439<\/p>\n<\/li>\n<\/ul>\n<\/li>\n<li data-start=\"1016\" data-end=\"1131\">\n<p data-start=\"1018\" data-end=\"1036\"><strong data-start=\"1018\" data-end=\"1034\">\u0418\u0437\u043c\u0435\u0440\u0435\u043d\u0438\u044f:<\/strong><\/p>\n<ul data-start=\"1039\" data-end=\"1131\">\n<li data-start=\"1039\" data-end=\"1057\">\n<p data-start=\"1041\" data-end=\"1057\">\u0412\u044b\u0441\u043e\u0442\u0430: 15 \u0441\u043c.<\/p>\n<\/li>\n<li data-start=\"1060\" data-end=\"1084\">\n<p data-start=\"1062\" data-end=\"1084\">\u0414\u043b\u0438\u043d\u0430 \u0432\u0432\u0435\u0440\u0445\u0443: 22 \u0441\u043c.<\/p>\n<\/li>\n<li data-start=\"1087\" data-end=\"1112\">\n<p data-start=\"1089\" data-end=\"1112\">\u0414\u043b\u0438\u043d\u0430 \u0441\u043d\u0438\u0437\u0443: 18 \u0441\u043c<\/p>\n<\/li>\n<li data-start=\"1115\" data-end=\"1131\">\n<p data-start=\"1117\" data-end=\"1131\">\u0428\u0438\u0440\u0438\u043d\u0430: 7 \u0441\u043c.<\/p>\n<\/li>\n<\/ul>\n<\/li>\n<li data-start=\"1132\" data-end=\"1162\">\n<p data-start=\"1134\" data-end=\"1162\"><strong data-start=\"1134\" data-end=\"1147\">\u041c\u0430\u0442\u0435\u0440\u0438\u0430\u043b:<\/strong> \u043d\u0430\u0442\u0443\u0440\u0430\u043b\u044c\u043d\u0430\u044f \u043a\u043e\u0436\u0430<\/p>\n<\/li>\n<li data-start=\"1163\" data-end=\"1230\">\n<p data-start=\"1165\" data-end=\"1230\"><strong data-start=\"1165\" data-end=\"1179\">\u041f\u043e\u0434\u043a\u043b\u0430\u0434\u043a\u0430:<\/strong> \u041f\u043e\u043b\u0438\u0434\u0440\u0438\u043b\u043b \u0441 \u0433\u043b\u0430\u0434\u043a\u043e\u0439 \u043f\u043e\u0432\u0435\u0440\u0445\u043d\u043e\u0441\u0442\u044c\u044e \u2013 \u043b\u0435\u0433\u043a\u043e \u0447\u0438\u0441\u0442\u0438\u0442\u044c<\/p>\n<\/li>\n<\/ul>","protected":false},"excerpt":{"rendered":"<p>Laura\u00a0 \u2013 tai stilinga ir laikui nepavaldi kosmetin\u0117, pagaminta rankomis i\u0161 auk\u0161tos kokyb\u0117s nat\u016bralios odos. Kompakti\u0161kas dydis daro j\u0105 idealiu kasdieniu palydovu \u2013 puikiai tinka naudoti tiek namuose, tiek kelion\u0117je. Patogu \u012fsid\u0117ti \u012f kuprin\u0119, savaitgalio ar kasdien\u0119 rankin\u0119, kad visos smulkmenos b\u016bt\u0173 tvarkingai sud\u0117tos ir lengvai pasiekiamos. Kosmetin\u0117 u\u017esegama u\u017etrauktuku. Viduje yra erdvus pagrindinis skyrius [&hellip;]<\/p>\n","protected":false},"featured_media":3126,"comment_status":"open","ping_status":"closed","template":"","meta":{"_acf_changed":false},"product_brand":[613],"product_cat":[15,1079,20],"product_tag":[],"pro-kategorijos":[],"class_list":{"0":"post-3125","1":"product","2":"type-product","3":"status-publish","4":"has-post-thumbnail","6":"product_brand-muud","7":"product_cat-visi-produktai","8":"product_cat-deklai","9":"product_cat-priedai-mezgimui","11":"first","12":"instock","13":"shipping-taxable","14":"purchasable","15":"product-type-simple"},"acf":[],"yoast_head":"<!-- This site is optimized with the Yoast SEO plugin v26.8 - https:\/\/yoast.com\/product\/yoast-seo-wordpress\/ -->\n<title>Muud Laura Make Up Black - Happyinaknit.com<\/title>\n<meta name=\"robots\" content=\"index, follow, max-snippet:-1, max-image-preview:large, max-video-preview:-1\" \/>\n<link rel=\"canonical\" href=\"https:\/\/happyinaknit.com\/ru\/product\/muud-laura-make-up-black\/\" \/>\n<meta property=\"og:locale\" content=\"ru_RU\" \/>\n<meta property=\"og:type\" content=\"article\" \/>\n<meta property=\"og:title\" content=\"Muud Laura Make Up Black - Happyinaknit.com\" \/>\n<meta property=\"og:description\" content=\"Laura\u00a0 \u2013 tai stilinga ir laikui nepavaldi kosmetin\u0117, pagaminta rankomis i\u0161 auk\u0161tos kokyb\u0117s nat\u016bralios odos. Kompakti\u0161kas dydis daro j\u0105 idealiu kasdieniu palydovu \u2013 puikiai tinka naudoti tiek namuose, tiek kelion\u0117je. Patogu \u012fsid\u0117ti \u012f kuprin\u0119, savaitgalio ar kasdien\u0119 rankin\u0119, kad visos smulkmenos b\u016bt\u0173 tvarkingai sud\u0117tos ir lengvai pasiekiamos. Kosmetin\u0117 u\u017esegama u\u017etrauktuku. Viduje yra erdvus pagrindinis skyrius [&hellip;]\" \/>\n<meta property=\"og:url\" content=\"https:\/\/happyinaknit.com\/ru\/product\/muud-laura-make-up-black\/\" \/>\n<meta property=\"og:site_name\" content=\"Happyinaknit.com\" \/>\n<meta property=\"article:modified_time\" content=\"2025-10-28T09:45:43+00:00\" \/>\n<meta property=\"og:image\" content=\"https:\/\/happyinaknit.com\/wp-content\/uploads\/2025\/10\/Laura_make-up_bag-Living-QB-4408-Black-6_1800x1800.jpg.webp\" \/>\n\t<meta property=\"og:image:width\" content=\"1200\" \/>\n\t<meta property=\"og:image:height\" content=\"1800\" \/>\n\t<meta property=\"og:image:type\" content=\"image\/webp\" \/>\n<meta name=\"twitter:card\" content=\"summary_large_image\" \/>\n<meta name=\"twitter:label1\" content=\"\u041f\u0440\u0438\u043c\u0435\u0440\u043d\u043e\u0435 \u0432\u0440\u0435\u043c\u044f \u0434\u043b\u044f \u0447\u0442\u0435\u043d\u0438\u044f\" \/>\n\t<meta name=\"twitter:data1\" content=\"1 \u043c\u0438\u043d\u0443\u0442\u0430\" \/>\n<script type=\"application\/ld+json\" class=\"yoast-schema-graph\">{\"@context\":\"https:\/\/schema.org\",\"@graph\":[{\"@type\":\"WebPage\",\"@id\":\"https:\/\/happyinaknit.com\/produktas\/muud-laura-make-up-black\/\",\"url\":\"https:\/\/happyinaknit.com\/produktas\/muud-laura-make-up-black\/\",\"name\":\"Muud Laura Make Up Black - Happyinaknit.com\",\"isPartOf\":{\"@id\":\"https:\/\/happyinaknit.com\/lt\/#website\"},\"primaryImageOfPage\":{\"@id\":\"https:\/\/happyinaknit.com\/produktas\/muud-laura-make-up-black\/#primaryimage\"},\"image\":{\"@id\":\"https:\/\/happyinaknit.com\/produktas\/muud-laura-make-up-black\/#primaryimage\"},\"thumbnailUrl\":\"https:\/\/happyinaknit.com\/wp-content\/uploads\/2025\/10\/Laura_make-up_bag-Living-QB-4408-Black-6_1800x1800.jpg.webp\",\"datePublished\":\"2025-10-06T20:23:36+00:00\",\"dateModified\":\"2025-10-28T09:45:43+00:00\",\"breadcrumb\":{\"@id\":\"https:\/\/happyinaknit.com\/produktas\/muud-laura-make-up-black\/#breadcrumb\"},\"inLanguage\":\"ru-RU\",\"potentialAction\":[{\"@type\":\"ReadAction\",\"target\":[\"https:\/\/happyinaknit.com\/produktas\/muud-laura-make-up-black\/\"]}]},{\"@type\":\"ImageObject\",\"inLanguage\":\"ru-RU\",\"@id\":\"https:\/\/happyinaknit.com\/produktas\/muud-laura-make-up-black\/#primaryimage\",\"url\":\"https:\/\/happyinaknit.com\/wp-content\/uploads\/2025\/10\/Laura_make-up_bag-Living-QB-4408-Black-6_1800x1800.jpg.webp\",\"contentUrl\":\"https:\/\/happyinaknit.com\/wp-content\/uploads\/2025\/10\/Laura_make-up_bag-Living-QB-4408-Black-6_1800x1800.jpg.webp\",\"width\":1200,\"height\":1800},{\"@type\":\"BreadcrumbList\",\"@id\":\"https:\/\/happyinaknit.com\/produktas\/muud-laura-make-up-black\/#breadcrumb\",\"itemListElement\":[{\"@type\":\"ListItem\",\"position\":1,\"name\":\"Home\",\"item\":\"https:\/\/happyinaknit.com\/lt\/\"},{\"@type\":\"ListItem\",\"position\":2,\"name\":\"Parduotuv\u0117\",\"item\":\"https:\/\/happyinaknit.com\/lt\/parduotuve\/\"},{\"@type\":\"ListItem\",\"position\":3,\"name\":\"Muud Laura Make Up Black\"}]},{\"@type\":\"WebSite\",\"@id\":\"https:\/\/happyinaknit.com\/lt\/#website\",\"url\":\"https:\/\/happyinaknit.com\/lt\/\",\"name\":\"Happyinaknit.com\",\"description\":\"\",\"potentialAction\":[{\"@type\":\"SearchAction\",\"target\":{\"@type\":\"EntryPoint\",\"urlTemplate\":\"https:\/\/happyinaknit.com\/lt\/?s={search_term_string}\"},\"query-input\":{\"@type\":\"PropertyValueSpecification\",\"valueRequired\":true,\"valueName\":\"search_term_string\"}}],\"inLanguage\":\"ru-RU\"}]}<\/script>\n<!-- \/ Yoast SEO plugin. -->","yoast_head_json":{"title":"Muud Laura Make Up Black - Happyinaknit.com","robots":{"index":"index","follow":"follow","max-snippet":"max-snippet:-1","max-image-preview":"max-image-preview:large","max-video-preview":"max-video-preview:-1"},"canonical":"https:\/\/happyinaknit.com\/ru\/product\/muud-laura-make-up-black\/","og_locale":"ru_RU","og_type":"article","og_title":"Muud Laura Make Up Black - Happyinaknit.com","og_description":"Laura\u00a0 \u2013 tai stilinga ir laikui nepavaldi kosmetin\u0117, pagaminta rankomis i\u0161 auk\u0161tos kokyb\u0117s nat\u016bralios odos. Kompakti\u0161kas dydis daro j\u0105 idealiu kasdieniu palydovu \u2013 puikiai tinka naudoti tiek namuose, tiek kelion\u0117je. Patogu \u012fsid\u0117ti \u012f kuprin\u0119, savaitgalio ar kasdien\u0119 rankin\u0119, kad visos smulkmenos b\u016bt\u0173 tvarkingai sud\u0117tos ir lengvai pasiekiamos. Kosmetin\u0117 u\u017esegama u\u017etrauktuku. Viduje yra erdvus pagrindinis skyrius [&hellip;]","og_url":"https:\/\/happyinaknit.com\/ru\/product\/muud-laura-make-up-black\/","og_site_name":"Happyinaknit.com","article_modified_time":"2025-10-28T09:45:43+00:00","og_image":[{"width":1200,"height":1800,"url":"https:\/\/happyinaknit.com\/wp-content\/uploads\/2025\/10\/Laura_make-up_bag-Living-QB-4408-Black-6_1800x1800.jpg.webp","type":"image\/webp"}],"twitter_card":"summary_large_image","twitter_misc":{"\u041f\u0440\u0438\u043c\u0435\u0440\u043d\u043e\u0435 \u0432\u0440\u0435\u043c\u044f \u0434\u043b\u044f \u0447\u0442\u0435\u043d\u0438\u044f":"1 \u043c\u0438\u043d\u0443\u0442\u0430"},"schema":{"@context":"https:\/\/schema.org","@graph":[{"@type":"WebPage","@id":"https:\/\/happyinaknit.com\/produktas\/muud-laura-make-up-black\/","url":"https:\/\/happyinaknit.com\/produktas\/muud-laura-make-up-black\/","name":"Muud Laura Make Up Black - Happyinaknit.com","isPartOf":{"@id":"https:\/\/happyinaknit.com\/lt\/#website"},"primaryImageOfPage":{"@id":"https:\/\/happyinaknit.com\/produktas\/muud-laura-make-up-black\/#primaryimage"},"image":{"@id":"https:\/\/happyinaknit.com\/produktas\/muud-laura-make-up-black\/#primaryimage"},"thumbnailUrl":"https:\/\/happyinaknit.com\/wp-content\/uploads\/2025\/10\/Laura_make-up_bag-Living-QB-4408-Black-6_1800x1800.jpg.webp","datePublished":"2025-10-06T20:23:36+00:00","dateModified":"2025-10-28T09:45:43+00:00","breadcrumb":{"@id":"https:\/\/happyinaknit.com\/produktas\/muud-laura-make-up-black\/#breadcrumb"},"inLanguage":"ru-RU","potentialAction":[{"@type":"ReadAction","target":["https:\/\/happyinaknit.com\/produktas\/muud-laura-make-up-black\/"]}]},{"@type":"ImageObject","inLanguage":"ru-RU","@id":"https:\/\/happyinaknit.com\/produktas\/muud-laura-make-up-black\/#primaryimage","url":"https:\/\/happyinaknit.com\/wp-content\/uploads\/2025\/10\/Laura_make-up_bag-Living-QB-4408-Black-6_1800x1800.jpg.webp","contentUrl":"https:\/\/happyinaknit.com\/wp-content\/uploads\/2025\/10\/Laura_make-up_bag-Living-QB-4408-Black-6_1800x1800.jpg.webp","width":1200,"height":1800},{"@type":"BreadcrumbList","@id":"https:\/\/happyinaknit.com\/produktas\/muud-laura-make-up-black\/#breadcrumb","itemListElement":[{"@type":"ListItem","position":1,"name":"Home","item":"https:\/\/happyinaknit.com\/lt\/"},{"@type":"ListItem","position":2,"name":"Parduotuv\u0117","item":"https:\/\/happyinaknit.com\/lt\/parduotuve\/"},{"@type":"ListItem","position":3,"name":"Muud Laura Make Up Black"}]},{"@type":"WebSite","@id":"https:\/\/happyinaknit.com\/lt\/#website","url":"https:\/\/happyinaknit.com\/lt\/","name":"Happyinaknit.com","description":"","potentialAction":[{"@type":"SearchAction","target":{"@type":"EntryPoint","urlTemplate":"https:\/\/happyinaknit.com\/lt\/?s={search_term_string}"},"query-input":{"@type":"PropertyValueSpecification","valueRequired":true,"valueName":"search_term_string"}}],"inLanguage":"ru-RU"}]}},"_links":{"self":[{"href":"https:\/\/happyinaknit.com\/ru\/wp-json\/wp\/v2\/product\/3125","targetHints":{"allow":["GET"]}}],"collection":[{"href":"https:\/\/happyinaknit.com\/ru\/wp-json\/wp\/v2\/product"}],"about":[{"href":"https:\/\/happyinaknit.com\/ru\/wp-json\/wp\/v2\/types\/product"}],"replies":[{"embeddable":true,"href":"https:\/\/happyinaknit.com\/ru\/wp-json\/wp\/v2\/comments?post=3125"}],"wp:featuredmedia":[{"embeddable":true,"href":"https:\/\/happyinaknit.com\/ru\/wp-json\/wp\/v2\/media\/3126"}],"wp:attachment":[{"href":"https:\/\/happyinaknit.com\/ru\/wp-json\/wp\/v2\/media?parent=3125"}],"wp:term":[{"taxonomy":"product_brand","embeddable":true,"href":"https:\/\/happyinaknit.com\/ru\/wp-json\/wp\/v2\/product_brand?post=3125"},{"taxonomy":"product_cat","embeddable":true,"href":"https:\/\/happyinaknit.com\/ru\/wp-json\/wp\/v2\/product_cat?post=3125"},{"taxonomy":"product_tag","embeddable":true,"href":"https:\/\/happyinaknit.com\/ru\/wp-json\/wp\/v2\/product_tag?post=3125"},{"taxonomy":"pro-kategorijos","embeddable":true,"href":"https:\/\/happyinaknit.com\/ru\/wp-json\/wp\/v2\/pro-kategorijos?post=3125"}],"curies":[{"name":"wp","href":"https:\/\/api.w.org\/{rel}","templated":true}]}}