{"id":3098,"date":"2025-10-06T20:04:47","date_gmt":"2025-10-06T20:04:47","guid":{"rendered":"https:\/\/happyinaknit.com\/?post_type=product&#038;p=3098"},"modified":"2025-10-28T09:54:09","modified_gmt":"2025-10-28T09:54:09","slug":"muud-effi-whisky","status":"publish","type":"product","link":"https:\/\/happyinaknit.com\/ru\/product\/muud-effi-whisky\/","title":{"rendered":"Muud Effi Whisky"},"content":{"rendered":"<p data-start=\"88\" data-end=\"396\"><strong data-start=\"151\" data-end=\"159\">Effi<\/strong> \u043e\u0442 <em data-start=\"163\" data-end=\"169\">Muud<\/em> \u2013 \u044d\u0442\u043e \u0444\u0443\u043d\u043a\u0446\u0438\u043e\u043d\u0430\u043b\u044c\u043d\u044b\u0439 \u0438 \u0441\u0442\u0438\u043b\u044c\u043d\u044b\u0439 \u0447\u0435\u0445\u043e\u043b, \u0441\u043e\u0447\u0435\u0442\u0430\u044e\u0449\u0438\u0439 \u0432 \u0441\u0435\u0431\u0435 \u043f\u0440\u0430\u043a\u0442\u0438\u0447\u043d\u043e\u0441\u0442\u044c \u0438 \u044d\u0441\u0442\u0435\u0442\u0438\u043a\u0443. \u0427\u0435\u0445\u043e\u043b \u0440\u0443\u0447\u043d\u043e\u0439 \u0440\u0430\u0431\u043e\u0442\u044b \u0438\u0437\u0433\u043e\u0442\u043e\u0432\u043b\u0435\u043d \u0438\u0437 <strong data-start=\"287\" data-end=\"322\">\u0432\u044b\u0441\u043e\u043a\u043e\u043a\u0430\u0447\u0435\u0441\u0442\u0432\u0435\u043d\u043d\u0430\u044f \u043d\u0430\u0442\u0443\u0440\u0430\u043b\u044c\u043d\u0430\u044f \u043a\u043e\u0436\u0430<\/strong>, \u043a\u043e\u0442\u043e\u0440\u044b\u0439 \u0441\u043e \u0432\u0440\u0435\u043c\u0435\u043d\u0435\u043c \u0441\u0442\u0430\u043d\u043e\u0432\u0438\u0442\u0441\u044f \u0435\u0449\u0435 \u043a\u0440\u0430\u0441\u0438\u0432\u0435\u0435 \u0438 \u043f\u0440\u0438\u043e\u0431\u0440\u0435\u0442\u0430\u0435\u0442 \u0441\u0430\u043c\u043e\u0431\u044b\u0442\u043d\u044b\u0439 \u0445\u0430\u0440\u0430\u043a\u0442\u0435\u0440.<\/p>\n<p data-start=\"398\" data-end=\"742\">\u0412 \u0447\u0435\u0445\u043b\u0435 \u043d\u0435\u0441\u043a\u043e\u043b\u044c\u043a\u043e <strong data-start=\"413\" data-end=\"447\">\u0443\u0434\u043e\u0431\u043d\u044b\u0445 \u043e\u0442\u0434\u0435\u043b\u0435\u043d\u0438\u0439 \u0438 \u043a\u0430\u0440\u043c\u0430\u043d\u043e\u0432<\/strong>,\u043a\u043e\u0442\u043e\u0440\u044b\u0435  \u043f\u043e\u043c\u043e\u0433\u0430\u044e\u0442 \u043f\u043e\u0434\u0434\u0435\u0440\u0436\u0438\u0432\u0430\u0442\u044c \u0432 \u043f\u043e\u0440\u044f\u0434\u043a\u0435 <strong data-start=\"480\" data-end=\"556\">\u0441\u043f\u0438\u0446\u044b, \u043a\u0440\u044e\u0447\u043a\u0438 \u0434\u043b\u044f \u0432\u044f\u0437\u0430\u043d\u0438\u044f, \u0438\u043d\u0441\u0442\u0440\u0443\u043c\u0435\u043d\u0442\u044b \u0434\u043b\u044f \u0432\u044b\u0448\u0438\u0432\u0430\u043d\u0438\u044f, \u043a\u0440\u0443\u0433\u043e\u0432\u044b\u0435 \u0438\u043b\u0438 \u0440\u0430\u0437\u044a\u0435\u043c\u043d\u044b\u0435  \u0441\u043f\u0438\u0446\u044b<\/strong>, \u0430 \u0442\u0430\u043a\u0436\u0435 \u0440\u0430\u0437\u043b\u0438\u0447\u043d\u044b\u0435 \u043c\u0435\u043b\u043a\u0438\u0435 \u0430\u043a\u0441\u0435\u0441\u0441\u0443\u0430\u0440\u044b. \u0417\u0430\u0441\u0442\u0451\u0436\u043a\u0430-\u043c\u043e\u043b\u043d\u0438\u044f \u043d\u0430\u0434\u0451\u0436\u043d\u043e \u0437\u0430\u0449\u0438\u0449\u0430\u0435\u0442 \u0441\u043e\u0434\u0435\u0440\u0436\u0438\u043c\u043e\u0435, \u0431\u043b\u0430\u0433\u043e\u0434\u0430\u0440\u044f \u0447\u0435\u043c\u0443 \u0447\u0435\u0445\u043e\u043b \u0438\u0434\u0435\u0430\u043b\u044c\u043d\u043e \u043f\u043e\u0434\u0445\u043e\u0434\u0438\u0442 \u0434\u043b\u044f \u043f\u0435\u0440\u0435\u043d\u043e\u0441\u043a\u0438 \u0432 \u0441\u043e\u0441\u0442\u0430\u0432\u0435 \u043f\u0440\u043e\u0435\u043a\u0442\u043d\u043e\u0439 \u0441\u0443\u043c\u043a\u0438 \u0438\u043b\u0438 \u0438\u0441\u043f\u043e\u043b\u044c\u0437\u043e\u0432\u0430\u043d\u0438\u044f \u0432 \u043a\u0430\u0447\u0435\u0441\u0442\u0432\u0435 <strong data-start=\"721\" data-end=\"739\">\u043f\u0435\u043d\u0430\u043b\u0430<\/strong>.<\/p>\n<ul data-start=\"744\" data-end=\"1145\">\n<li data-start=\"744\" data-end=\"966\">\n<p data-start=\"746\" data-end=\"760\"><strong data-start=\"746\" data-end=\"758\">\u0424\u0443\u043d\u043a\u0446\u0438\u0438:<\/strong><\/p>\n<ul data-start=\"763\" data-end=\"966\">\n<li data-start=\"763\" data-end=\"814\">\n<p data-start=\"765\" data-end=\"814\">\u041f\u0440\u0435\u0434\u043d\u0430\u0437\u043d\u0430\u0447\u0435\u043d \u0434\u043b\u044f \u0445\u0440\u0430\u043d\u0435\u043d\u0438\u044f \u0431\u043e\u043b\u044c\u0448\u0435\u0433\u043e \u043a\u043e\u043b\u0438\u0447\u0435\u0441\u0442\u0432\u0430 \u0438\u043d\u0441\u0442\u0440\u0443\u043c\u0435\u043d\u0442\u043e\u0432 \u0438 \u043f\u0440\u0438\u043d\u0430\u0434\u043b\u0435\u0436\u043d\u043e\u0441\u0442\u0435\u0439.<\/p>\n<\/li>\n<li data-start=\"817\" data-end=\"863\">\n<p data-start=\"819\" data-end=\"863\">\u0420\u0443\u0447\u043d\u0430\u044f \u0440\u0430\u0431\u043e\u0442\u0430, \u0438\u0437 \u043d\u0430\u0442\u0443\u0440\u0430\u043b\u044c\u043d\u043e\u0439 \u043a\u043e\u0436\u0438.<\/p>\n<\/li>\n<li data-start=\"866\" data-end=\"895\">\n<p data-start=\"868\" data-end=\"895\">\u0412\u043d\u0443\u0442\u0440\u0435\u043d\u043d\u0438\u0439 \u043a\u0430\u0440\u043c\u0430\u043d \u043d\u0430 \u043a\u043d\u043e\u043f\u043a\u0435<\/p>\n<\/li>\n<li data-start=\"898\" data-end=\"938\">\n<p data-start=\"900\" data-end=\"938\">\u041d\u0435\u0441\u043a\u043e\u043b\u044c\u043a\u043e \u043f\u0440\u0430\u043a\u0442\u0438\u0447\u043d\u044b\u0445 \u043e\u0442\u0434\u0435\u043b\u0435\u043d\u0438\u0439 \u0434\u043b\u044f \u043c\u0435\u043b\u043a\u0438\u0445 \u043f\u0440\u0435\u0434\u043c\u0435\u0442\u043e\u0432<\/p>\n<\/li>\n<li data-start=\"941\" data-end=\"966\">\n<p data-start=\"943\" data-end=\"966\">\u041d\u0430 \u043c\u043e\u043b\u043d\u0438\u0438<\/p>\n<\/li>\n<\/ul>\n<\/li>\n<li data-start=\"967\" data-end=\"1046\">\n<p data-start=\"969\" data-end=\"987\"><strong data-start=\"969\" data-end=\"985\">\u0418\u0437\u043c\u0435\u0440\u0435\u043d\u0438\u044f:<\/strong><\/p>\n<ul data-start=\"990\" data-end=\"1046\">\n<li data-start=\"990\" data-end=\"1008\">\n<p data-start=\"992\" data-end=\"1008\">\u0412\u044b\u0441\u043e\u0442\u0430: 22 \u0441\u043c.<\/p>\n<\/li>\n<li data-start=\"1011\" data-end=\"1027\">\n<p data-start=\"1013\" data-end=\"1027\">\u0414\u043b\u0438\u043d\u0430: 15 \u0441\u043c.<\/p>\n<\/li>\n<li data-start=\"1030\" data-end=\"1046\">\n<p data-start=\"1032\" data-end=\"1046\">\u0428\u0438\u0440\u0438\u043d\u0430: 6 \u0441\u043c.<\/p>\n<\/li>\n<\/ul>\n<\/li>\n<li data-start=\"1047\" data-end=\"1077\">\n<p data-start=\"1049\" data-end=\"1077\"><strong data-start=\"1049\" data-end=\"1062\">\u041c\u0430\u0442\u0435\u0440\u0438\u0430\u043b:<\/strong> \u043d\u0430\u0442\u0443\u0440\u0430\u043b\u044c\u043d\u0430\u044f \u043a\u043e\u0436\u0430<\/p>\n<\/li>\n<li data-start=\"1078\" data-end=\"1145\">\n<p data-start=\"1080\" data-end=\"1145\"><strong data-start=\"1080\" data-end=\"1094\">\u041f\u043e\u0434\u043a\u043b\u0430\u0434\u043a\u0430:<\/strong> \u041f\u043e\u043b\u0438\u0434\u0440\u0438\u043b\u043b \u0441 \u0433\u043b\u0430\u0434\u043a\u043e\u0439 \u043f\u043e\u0432\u0435\u0440\u0445\u043d\u043e\u0441\u0442\u044c\u044e \u2013 \u043b\u0435\u0433\u043a\u043e \u0447\u0438\u0441\u0442\u0438\u0442\u044c<\/p>\n<\/li>\n<\/ul>","protected":false},"excerpt":{"rendered":"<p>Effi i\u0161 muud \u2013 tai funkcionalus ir stilingas d\u0117klas, sukurtas tiek prakti\u0161kumui, tiek estetikai. Rank\u0173 darbo d\u0117klas pagamintas i\u0161 auk\u0161tos kokyb\u0117s nat\u016bralios odos, kuri laikui b\u0117gant tampa dar gra\u017eesn\u0117 ir \u012fgauna i\u0161skirtin\u012f charakter\u012f. D\u0117kle yra keli patog\u016bs skyreliai ir ki\u0161en\u0117l\u0117s, padedan\u010dios tvarkingai laikyti virbalus, v\u0105\u0161elius, siuvin\u0117jimo \u012frankius, apskritus ar dvigubus virbalus, taip pat \u012fvairius smulkius [&hellip;]<\/p>\n","protected":false},"featured_media":3107,"comment_status":"open","ping_status":"closed","template":"","meta":{"_acf_changed":false},"product_brand":[613],"product_cat":[15,1079,20],"product_tag":[],"pro-kategorijos":[],"class_list":{"0":"post-3098","1":"product","2":"type-product","3":"status-publish","4":"has-post-thumbnail","6":"product_brand-muud","7":"product_cat-visi-produktai","8":"product_cat-deklai","9":"product_cat-priedai-mezgimui","11":"first","12":"instock","13":"shipping-taxable","14":"purchasable","15":"product-type-simple"},"acf":[],"yoast_head":"<!-- This site is optimized with the Yoast SEO plugin v26.8 - https:\/\/yoast.com\/product\/yoast-seo-wordpress\/ -->\n<title>Muud Effi Whisky - Happyinaknit.com<\/title>\n<meta name=\"robots\" content=\"index, follow, max-snippet:-1, max-image-preview:large, max-video-preview:-1\" \/>\n<link rel=\"canonical\" href=\"https:\/\/happyinaknit.com\/ru\/product\/muud-effi-whisky\/\" \/>\n<meta property=\"og:locale\" content=\"ru_RU\" \/>\n<meta property=\"og:type\" content=\"article\" \/>\n<meta property=\"og:title\" content=\"Muud Effi Whisky - Happyinaknit.com\" \/>\n<meta property=\"og:description\" content=\"Effi i\u0161 muud \u2013 tai funkcionalus ir stilingas d\u0117klas, sukurtas tiek prakti\u0161kumui, tiek estetikai. Rank\u0173 darbo d\u0117klas pagamintas i\u0161 auk\u0161tos kokyb\u0117s nat\u016bralios odos, kuri laikui b\u0117gant tampa dar gra\u017eesn\u0117 ir \u012fgauna i\u0161skirtin\u012f charakter\u012f. D\u0117kle yra keli patog\u016bs skyreliai ir ki\u0161en\u0117l\u0117s, padedan\u010dios tvarkingai laikyti virbalus, v\u0105\u0161elius, siuvin\u0117jimo \u012frankius, apskritus ar dvigubus virbalus, taip pat \u012fvairius smulkius [&hellip;]\" \/>\n<meta property=\"og:url\" content=\"https:\/\/happyinaknit.com\/ru\/product\/muud-effi-whisky\/\" \/>\n<meta property=\"og:site_name\" content=\"Happyinaknit.com\" \/>\n<meta property=\"article:modified_time\" content=\"2025-10-28T09:54:09+00:00\" \/>\n<meta property=\"og:image\" content=\"https:\/\/happyinaknit.com\/wp-content\/uploads\/2025\/10\/Effi_Case-Embroidery-QB-4388-Whisky-12_1800x1800.png.webp\" \/>\n\t<meta property=\"og:image:width\" content=\"1200\" \/>\n\t<meta property=\"og:image:height\" content=\"1800\" \/>\n\t<meta property=\"og:image:type\" content=\"image\/webp\" \/>\n<meta name=\"twitter:card\" content=\"summary_large_image\" \/>\n<meta name=\"twitter:label1\" content=\"\u041f\u0440\u0438\u043c\u0435\u0440\u043d\u043e\u0435 \u0432\u0440\u0435\u043c\u044f \u0434\u043b\u044f \u0447\u0442\u0435\u043d\u0438\u044f\" \/>\n\t<meta name=\"twitter:data1\" content=\"1 \u043c\u0438\u043d\u0443\u0442\u0430\" \/>\n<script type=\"application\/ld+json\" class=\"yoast-schema-graph\">{\"@context\":\"https:\/\/schema.org\",\"@graph\":[{\"@type\":\"WebPage\",\"@id\":\"https:\/\/happyinaknit.com\/produktas\/muud-effi-whisky\/\",\"url\":\"https:\/\/happyinaknit.com\/produktas\/muud-effi-whisky\/\",\"name\":\"Muud Effi Whisky - Happyinaknit.com\",\"isPartOf\":{\"@id\":\"https:\/\/happyinaknit.com\/lt\/#website\"},\"primaryImageOfPage\":{\"@id\":\"https:\/\/happyinaknit.com\/produktas\/muud-effi-whisky\/#primaryimage\"},\"image\":{\"@id\":\"https:\/\/happyinaknit.com\/produktas\/muud-effi-whisky\/#primaryimage\"},\"thumbnailUrl\":\"https:\/\/happyinaknit.com\/wp-content\/uploads\/2025\/10\/Effi_Case-Embroidery-QB-4388-Whisky-12_1800x1800.png.webp\",\"datePublished\":\"2025-10-06T20:04:47+00:00\",\"dateModified\":\"2025-10-28T09:54:09+00:00\",\"breadcrumb\":{\"@id\":\"https:\/\/happyinaknit.com\/produktas\/muud-effi-whisky\/#breadcrumb\"},\"inLanguage\":\"ru-RU\",\"potentialAction\":[{\"@type\":\"ReadAction\",\"target\":[\"https:\/\/happyinaknit.com\/produktas\/muud-effi-whisky\/\"]}]},{\"@type\":\"ImageObject\",\"inLanguage\":\"ru-RU\",\"@id\":\"https:\/\/happyinaknit.com\/produktas\/muud-effi-whisky\/#primaryimage\",\"url\":\"https:\/\/happyinaknit.com\/wp-content\/uploads\/2025\/10\/Effi_Case-Embroidery-QB-4388-Whisky-12_1800x1800.png.webp\",\"contentUrl\":\"https:\/\/happyinaknit.com\/wp-content\/uploads\/2025\/10\/Effi_Case-Embroidery-QB-4388-Whisky-12_1800x1800.png.webp\",\"width\":1200,\"height\":1800},{\"@type\":\"BreadcrumbList\",\"@id\":\"https:\/\/happyinaknit.com\/produktas\/muud-effi-whisky\/#breadcrumb\",\"itemListElement\":[{\"@type\":\"ListItem\",\"position\":1,\"name\":\"Home\",\"item\":\"https:\/\/happyinaknit.com\/lt\/\"},{\"@type\":\"ListItem\",\"position\":2,\"name\":\"Parduotuv\u0117\",\"item\":\"https:\/\/happyinaknit.com\/lt\/parduotuve\/\"},{\"@type\":\"ListItem\",\"position\":3,\"name\":\"Muud Effi Whisky\"}]},{\"@type\":\"WebSite\",\"@id\":\"https:\/\/happyinaknit.com\/lt\/#website\",\"url\":\"https:\/\/happyinaknit.com\/lt\/\",\"name\":\"Happyinaknit.com\",\"description\":\"\",\"potentialAction\":[{\"@type\":\"SearchAction\",\"target\":{\"@type\":\"EntryPoint\",\"urlTemplate\":\"https:\/\/happyinaknit.com\/lt\/?s={search_term_string}\"},\"query-input\":{\"@type\":\"PropertyValueSpecification\",\"valueRequired\":true,\"valueName\":\"search_term_string\"}}],\"inLanguage\":\"ru-RU\"}]}<\/script>\n<!-- \/ Yoast SEO plugin. -->","yoast_head_json":{"title":"Muud Effi Whisky - Happyinaknit.com","robots":{"index":"index","follow":"follow","max-snippet":"max-snippet:-1","max-image-preview":"max-image-preview:large","max-video-preview":"max-video-preview:-1"},"canonical":"https:\/\/happyinaknit.com\/ru\/product\/muud-effi-whisky\/","og_locale":"ru_RU","og_type":"article","og_title":"Muud Effi Whisky - Happyinaknit.com","og_description":"Effi i\u0161 muud \u2013 tai funkcionalus ir stilingas d\u0117klas, sukurtas tiek prakti\u0161kumui, tiek estetikai. Rank\u0173 darbo d\u0117klas pagamintas i\u0161 auk\u0161tos kokyb\u0117s nat\u016bralios odos, kuri laikui b\u0117gant tampa dar gra\u017eesn\u0117 ir \u012fgauna i\u0161skirtin\u012f charakter\u012f. D\u0117kle yra keli patog\u016bs skyreliai ir ki\u0161en\u0117l\u0117s, padedan\u010dios tvarkingai laikyti virbalus, v\u0105\u0161elius, siuvin\u0117jimo \u012frankius, apskritus ar dvigubus virbalus, taip pat \u012fvairius smulkius [&hellip;]","og_url":"https:\/\/happyinaknit.com\/ru\/product\/muud-effi-whisky\/","og_site_name":"Happyinaknit.com","article_modified_time":"2025-10-28T09:54:09+00:00","og_image":[{"width":1200,"height":1800,"url":"https:\/\/happyinaknit.com\/wp-content\/uploads\/2025\/10\/Effi_Case-Embroidery-QB-4388-Whisky-12_1800x1800.png.webp","type":"image\/webp"}],"twitter_card":"summary_large_image","twitter_misc":{"\u041f\u0440\u0438\u043c\u0435\u0440\u043d\u043e\u0435 \u0432\u0440\u0435\u043c\u044f \u0434\u043b\u044f \u0447\u0442\u0435\u043d\u0438\u044f":"1 \u043c\u0438\u043d\u0443\u0442\u0430"},"schema":{"@context":"https:\/\/schema.org","@graph":[{"@type":"WebPage","@id":"https:\/\/happyinaknit.com\/produktas\/muud-effi-whisky\/","url":"https:\/\/happyinaknit.com\/produktas\/muud-effi-whisky\/","name":"Muud Effi Whisky - Happyinaknit.com","isPartOf":{"@id":"https:\/\/happyinaknit.com\/lt\/#website"},"primaryImageOfPage":{"@id":"https:\/\/happyinaknit.com\/produktas\/muud-effi-whisky\/#primaryimage"},"image":{"@id":"https:\/\/happyinaknit.com\/produktas\/muud-effi-whisky\/#primaryimage"},"thumbnailUrl":"https:\/\/happyinaknit.com\/wp-content\/uploads\/2025\/10\/Effi_Case-Embroidery-QB-4388-Whisky-12_1800x1800.png.webp","datePublished":"2025-10-06T20:04:47+00:00","dateModified":"2025-10-28T09:54:09+00:00","breadcrumb":{"@id":"https:\/\/happyinaknit.com\/produktas\/muud-effi-whisky\/#breadcrumb"},"inLanguage":"ru-RU","potentialAction":[{"@type":"ReadAction","target":["https:\/\/happyinaknit.com\/produktas\/muud-effi-whisky\/"]}]},{"@type":"ImageObject","inLanguage":"ru-RU","@id":"https:\/\/happyinaknit.com\/produktas\/muud-effi-whisky\/#primaryimage","url":"https:\/\/happyinaknit.com\/wp-content\/uploads\/2025\/10\/Effi_Case-Embroidery-QB-4388-Whisky-12_1800x1800.png.webp","contentUrl":"https:\/\/happyinaknit.com\/wp-content\/uploads\/2025\/10\/Effi_Case-Embroidery-QB-4388-Whisky-12_1800x1800.png.webp","width":1200,"height":1800},{"@type":"BreadcrumbList","@id":"https:\/\/happyinaknit.com\/produktas\/muud-effi-whisky\/#breadcrumb","itemListElement":[{"@type":"ListItem","position":1,"name":"Home","item":"https:\/\/happyinaknit.com\/lt\/"},{"@type":"ListItem","position":2,"name":"Parduotuv\u0117","item":"https:\/\/happyinaknit.com\/lt\/parduotuve\/"},{"@type":"ListItem","position":3,"name":"Muud Effi Whisky"}]},{"@type":"WebSite","@id":"https:\/\/happyinaknit.com\/lt\/#website","url":"https:\/\/happyinaknit.com\/lt\/","name":"Happyinaknit.com","description":"","potentialAction":[{"@type":"SearchAction","target":{"@type":"EntryPoint","urlTemplate":"https:\/\/happyinaknit.com\/lt\/?s={search_term_string}"},"query-input":{"@type":"PropertyValueSpecification","valueRequired":true,"valueName":"search_term_string"}}],"inLanguage":"ru-RU"}]}},"_links":{"self":[{"href":"https:\/\/happyinaknit.com\/ru\/wp-json\/wp\/v2\/product\/3098","targetHints":{"allow":["GET"]}}],"collection":[{"href":"https:\/\/happyinaknit.com\/ru\/wp-json\/wp\/v2\/product"}],"about":[{"href":"https:\/\/happyinaknit.com\/ru\/wp-json\/wp\/v2\/types\/product"}],"replies":[{"embeddable":true,"href":"https:\/\/happyinaknit.com\/ru\/wp-json\/wp\/v2\/comments?post=3098"}],"wp:featuredmedia":[{"embeddable":true,"href":"https:\/\/happyinaknit.com\/ru\/wp-json\/wp\/v2\/media\/3107"}],"wp:attachment":[{"href":"https:\/\/happyinaknit.com\/ru\/wp-json\/wp\/v2\/media?parent=3098"}],"wp:term":[{"taxonomy":"product_brand","embeddable":true,"href":"https:\/\/happyinaknit.com\/ru\/wp-json\/wp\/v2\/product_brand?post=3098"},{"taxonomy":"product_cat","embeddable":true,"href":"https:\/\/happyinaknit.com\/ru\/wp-json\/wp\/v2\/product_cat?post=3098"},{"taxonomy":"product_tag","embeddable":true,"href":"https:\/\/happyinaknit.com\/ru\/wp-json\/wp\/v2\/product_tag?post=3098"},{"taxonomy":"pro-kategorijos","embeddable":true,"href":"https:\/\/happyinaknit.com\/ru\/wp-json\/wp\/v2\/pro-kategorijos?post=3098"}],"curies":[{"name":"wp","href":"https:\/\/api.w.org\/{rel}","templated":true}]}}