{"id":3092,"date":"2025-10-06T19:58:56","date_gmt":"2025-10-06T19:58:56","guid":{"rendered":"https:\/\/happyinaknit.com\/?post_type=product&#038;p=3092"},"modified":"2025-10-12T12:53:15","modified_gmt":"2025-10-12T12:53:15","slug":"muud-laura-black","status":"publish","type":"product","link":"https:\/\/happyinaknit.com\/ru\/product\/muud-laura-black\/","title":{"rendered":"Muud Laura Black"},"content":{"rendered":"<p data-start=\"111\" data-end=\"415\">\u041a\u0440\u0430\u0441\u043e\u0442\u0430, \u043f\u0440\u043e\u0432\u0435\u0440\u0435\u043d\u043d\u0430\u044f \u0432\u0440\u0435\u043c\u0435\u043d\u0435\u043c <strong data-start=\"179\" data-end=\"201\">\u0434\u043e\u0440\u043e\u0436\u043d\u0430\u044f \u0441\u0443\u043c\u043a\u0430<\/strong> \u043e\u0442 <em data-start=\"205\" data-end=\"211\">Muud<\/em> \u2013 \u043e\u0442\u043b\u0438\u0447\u043d\u044b\u0439 \u0432\u044b\u0431\u043e\u0440 \u0434\u043b\u044f \u0442\u0435\u0445, \u043a\u0442\u043e \u0438\u0449\u0435\u0442 \u0441\u0442\u0438\u043b\u044c\u043d\u044b\u0439, \u0432\u043c\u0435\u0441\u0442\u0438\u0442\u0435\u043b\u044c\u043d\u044b\u0439 \u0438 \u043f\u0440\u0430\u043a\u0442\u0438\u0447\u043d\u044b\u0439 \u0430\u043a\u0441\u0435\u0441\u0441\u0443\u0430\u0440. \u042d\u0442\u0430 \u044d\u043b\u0435\u0433\u0430\u043d\u0442\u043d\u0430\u044f \u0441\u0443\u043c\u043e\u0447\u043a\u0430 \u043f\u043e\u0434\u043e\u0439\u0434\u0451\u0442 \u043a\u0430\u043a \u0434\u043b\u044f \u043f\u043e\u0432\u0441\u0435\u0434\u043d\u0435\u0432\u043d\u043e\u0433\u043e \u0438\u0441\u043f\u043e\u043b\u044c\u0437\u043e\u0432\u0430\u043d\u0438\u044f, \u0442\u0430\u043a \u0438 \u0434\u043b\u044f \u043f\u043e\u0435\u0437\u0434\u043e\u043a \u043d\u0430 \u0432\u044b\u0445\u043e\u0434\u043d\u044b\u0435 \u0438\u043b\u0438 \u043f\u0443\u0442\u0435\u0448\u0435\u0441\u0442\u0432\u0438\u0439, \u043a\u043e\u0433\u0434\u0430 \u0445\u043e\u0447\u0435\u0442\u0441\u044f \u0438\u043c\u0435\u0442\u044c \u0432\u0441\u0451 \u043f\u043e\u0434 \u0440\u0443\u043a\u043e\u0439.<\/p>\n<p data-start=\"417\" data-end=\"800\">\u0421\u0443\u043c\u043a\u0430 \u0438\u0437\u0433\u043e\u0442\u043e\u0432\u043b\u0435\u043d\u0430 \u0438\u0437 \u0432\u044b\u0441\u043e\u043a\u043e\u043a\u0430\u0447\u0435\u0441\u0442\u0432\u0435\u043d\u043d\u043e\u0439 \u043d\u0430\u0442\u0443\u0440\u0430\u043b\u044c\u043d\u043e\u0439 \u043a\u043e\u0436\u0438, \u0437\u0430\u0441\u0442\u0435\u0433\u0438\u0432\u0430\u0435\u0442\u0441\u044f \u043d\u0430 \u043c\u043e\u043b\u043d\u0438\u044e. \u0412\u043d\u0443\u0442\u0440\u0438: <strong data-start=\"506\" data-end=\"536\">\u043f\u0440\u043e\u0441\u0442\u043e\u0440\u043d\u043e\u0435 \u043e\u0441\u043d\u043e\u0432\u043d\u043e\u0435 \u043e\u0442\u0434\u0435\u043b\u0435\u043d\u0438\u0435<\/strong>\u0438 \u043d\u0435\u0441\u043a\u043e\u043b\u044c\u043a\u043e \u043d\u0435\u0431\u043e\u043b\u044c\u0448\u0438\u0445 \u043a\u0430\u0440\u043c\u0430\u043d\u043e\u0432, \u0443\u0434\u043e\u0431\u043d\u044b\u0445 \u0434\u043b\u044f \u0442\u0435\u043b\u0435\u0444\u043e\u043d\u0430, \u043a\u043e\u0448\u0435\u043b\u044c\u043a\u0430 \u0438\u043b\u0438 \u043a\u043b\u044e\u0447\u0435\u0439. \u0422\u0430\u043a\u0436\u0435 \u0432\u043d\u0443\u0442\u0440\u0438 \u0432\u044b \u043d\u0430\u0439\u0434\u0435\u0442\u0435 <strong data-start=\"644\" data-end=\"688\">\u0441\u044a\u0435\u043c\u043d\u044b\u0439 \u043c\u0430\u043b\u0435\u043d\u044c\u043a\u0438\u0439 \u043a\u043e\u0436\u0430\u043d\u044b\u0439 \u043a\u043e\u0448\u0435\u043b\u0435\u043a (10 \u00d7 16 \u0441\u043c)<\/strong>.\u0412\u043f\u0435\u0440\u0435\u0434\u0438 \u043d\u0430 \u043b\u0438\u0446\u0435\u0432\u043e\u0439 \u0441\u0442\u043e\u0440\u043e\u043d\u0435 <em data-start=\"724\" data-end=\"730\">Muud<\/em> \u043b\u043e\u0433\u043e\u0442\u0438\u043f \u043f\u0440\u0438\u0434\u0430\u0435\u0442 \u043a\u043b\u0430\u0441\u0441\u0438\u0447\u0435\u0441\u043a\u043e\u043c\u0443 \u0434\u0438\u0437\u0430\u0439\u043d\u0443 \u0441\u043e\u0432\u0440\u0435\u043c\u0435\u043d\u043d\u044b\u0439 \u0438 \u0432\u044b\u0440\u0430\u0437\u0438\u0442\u0435\u043b\u044c\u043d\u044b\u0439 \u0432\u0438\u0434.<\/p>\n<ul data-start=\"802\" data-end=\"1137\">\n<li data-start=\"802\" data-end=\"978\">\n<p data-start=\"804\" data-end=\"818\"><strong data-start=\"804\" data-end=\"816\">\u0424\u0443\u043d\u043a\u0446\u0438\u0438:<\/strong><\/p>\n<ul data-start=\"821\" data-end=\"978\">\n<li data-start=\"821\" data-end=\"854\">\n<p data-start=\"823\" data-end=\"854\">\u0418\u0437\u0433\u043e\u0442\u043e\u0432\u043b\u0435\u043d\u043e \u0438\u0437 \u043d\u0430\u0442\u0443\u0440\u0430\u043b\u044c\u043d\u043e\u0439 \u043a\u043e\u0436\u0438.<\/p>\n<\/li>\n<li data-start=\"857\" data-end=\"882\">\n<p data-start=\"859\" data-end=\"882\">\u0417\u0430\u0441\u0442\u0435\u0436\u043a\u0430-\u043c\u043e\u043b\u043d\u0438\u044f<\/p>\n<\/li>\n<li data-start=\"885\" data-end=\"924\">\n<p data-start=\"887\" data-end=\"924\">\u0421\u044a\u0435\u043c\u043d\u044b\u0439 \u043a\u043e\u0436\u0430\u043d\u044b\u0439 \u043a\u043e\u0448\u0435\u043b\u0435\u043a (10 \u00d7 16 \u0441\u043c)<\/p>\n<\/li>\n<li data-start=\"927\" data-end=\"978\">\n<p data-start=\"929\" data-end=\"978\">\u0423\u0434\u043e\u0431\u043d\u044b\u0435 \u0440\u0443\u0447\u043a\u0438 \u0434\u043b\u044f \u043d\u043e\u0448\u0435\u043d\u0438\u044f  \u0432 \u0440\u0443\u043a\u0435 \u0438\u043b\u0438 \u043d\u0430 \u043f\u043b\u0435\u0447\u0435<\/p>\n<\/li>\n<\/ul>\n<\/li>\n<li data-start=\"979\" data-end=\"1059\">\n<p data-start=\"981\" data-end=\"999\"><strong data-start=\"981\" data-end=\"997\">\u0418\u0437\u043c\u0435\u0440\u0435\u043d\u0438\u044f:<\/strong><\/p>\n<ul data-start=\"1002\" data-end=\"1059\">\n<li data-start=\"1002\" data-end=\"1020\">\n<p data-start=\"1004\" data-end=\"1020\">\u0412\u044b\u0441\u043e\u0442\u0430: 34 \u0441\u043c.<\/p>\n<\/li>\n<li data-start=\"1023\" data-end=\"1040\">\n<p data-start=\"1025\" data-end=\"1040\">\u0428\u0438\u0440\u0438\u043d\u0430: 50 \u0441\u043c.<\/p>\n<\/li>\n<li data-start=\"1043\" data-end=\"1059\">\n<p data-start=\"1045\" data-end=\"1059\">\u0413\u043b\u0443\u0431\u0438\u043d\u0430: 16 \u0441\u043c<\/p>\n<\/li>\n<\/ul>\n<\/li>\n<li data-start=\"1060\" data-end=\"1137\">\n<p data-start=\"1062\" data-end=\"1137\"><strong data-start=\"1062\" data-end=\"1076\">\u041f\u043e\u0434\u043a\u043b\u0430\u0434\u043a\u0430:<\/strong> \u0423\u0437\u043e\u0440\u0447\u0430\u0442\u044b\u0439 \u043f\u043e\u043b\u0438\u0434\u0440\u0438\u043b\u043b \u0441 \u0433\u043b\u0430\u0434\u043a\u043e\u0439 \u043f\u043e\u0432\u0435\u0440\u0445\u043d\u043e\u0441\u0442\u044c\u044e \u2013 \u043b\u0435\u0433\u043a\u043e \u0447\u0438\u0441\u0442\u0438\u0442\u044c<\/p>\n<\/li>\n<\/ul>","protected":false},"excerpt":{"rendered":"<p>Laiko patikrinto gro\u017eio kelioninis krep\u0161ys i\u0161 muud \u2013 puikus pasirinkimas tiems, kurie ie\u0161ko stilingo, erdvaus ir prakti\u0161ko aksesuaro. \u0160i eleganti\u0161ka rankin\u0117 tinka tiek kasdienai, tiek savaitgalio i\u0161vykoms ar kelion\u0117ms, kai norisi tur\u0117ti visk\u0105 po ranka. Pagamintas i\u0161 auk\u0161tos kokyb\u0117s nat\u016bralios odos, krep\u0161ys u\u017esegamas u\u017etrauktuku. Viduje yra erdvus pagrindinis skyriusir kelios ma\u017eesn\u0117s ki\u0161en\u0117l\u0117s, patogiai pritaikytos telefonui, [&hellip;]<\/p>\n","protected":false},"featured_media":3095,"comment_status":"open","ping_status":"closed","template":"","meta":{"_acf_changed":false},"product_brand":[613],"product_cat":[15,1079,20],"product_tag":[],"pro-kategorijos":[],"class_list":{"0":"post-3092","1":"product","2":"type-product","3":"status-publish","4":"has-post-thumbnail","6":"product_brand-muud","7":"product_cat-visi-produktai","8":"product_cat-deklai","9":"product_cat-priedai-mezgimui","11":"first","12":"instock","13":"shipping-taxable","14":"purchasable","15":"product-type-simple"},"acf":[],"yoast_head":"<!-- This site is optimized with the Yoast SEO plugin v26.8 - https:\/\/yoast.com\/product\/yoast-seo-wordpress\/ -->\n<title>Muud Laura Black - Happyinaknit.com<\/title>\n<meta name=\"robots\" content=\"index, follow, max-snippet:-1, max-image-preview:large, max-video-preview:-1\" \/>\n<link rel=\"canonical\" href=\"https:\/\/happyinaknit.com\/ru\/product\/muud-laura-black\/\" \/>\n<meta property=\"og:locale\" content=\"ru_RU\" \/>\n<meta property=\"og:type\" content=\"article\" \/>\n<meta property=\"og:title\" content=\"Muud Laura Black - Happyinaknit.com\" \/>\n<meta property=\"og:description\" content=\"Laiko patikrinto gro\u017eio kelioninis krep\u0161ys i\u0161 muud \u2013 puikus pasirinkimas tiems, kurie ie\u0161ko stilingo, erdvaus ir prakti\u0161ko aksesuaro. \u0160i eleganti\u0161ka rankin\u0117 tinka tiek kasdienai, tiek savaitgalio i\u0161vykoms ar kelion\u0117ms, kai norisi tur\u0117ti visk\u0105 po ranka. Pagamintas i\u0161 auk\u0161tos kokyb\u0117s nat\u016bralios odos, krep\u0161ys u\u017esegamas u\u017etrauktuku. Viduje yra erdvus pagrindinis skyriusir kelios ma\u017eesn\u0117s ki\u0161en\u0117l\u0117s, patogiai pritaikytos telefonui, [&hellip;]\" \/>\n<meta property=\"og:url\" content=\"https:\/\/happyinaknit.com\/ru\/product\/muud-laura-black\/\" \/>\n<meta property=\"og:site_name\" content=\"Happyinaknit.com\" \/>\n<meta property=\"article:modified_time\" content=\"2025-10-12T12:53:15+00:00\" \/>\n<meta property=\"og:image\" content=\"https:\/\/happyinaknit.com\/wp-content\/uploads\/2025\/10\/Laura_Tote-Living-QB-4395-Black-8_1800x1800.jpg.webp\" \/>\n\t<meta property=\"og:image:width\" content=\"1200\" \/>\n\t<meta property=\"og:image:height\" content=\"1800\" \/>\n\t<meta property=\"og:image:type\" content=\"image\/webp\" \/>\n<meta name=\"twitter:card\" content=\"summary_large_image\" \/>\n<meta name=\"twitter:label1\" content=\"\u041f\u0440\u0438\u043c\u0435\u0440\u043d\u043e\u0435 \u0432\u0440\u0435\u043c\u044f \u0434\u043b\u044f \u0447\u0442\u0435\u043d\u0438\u044f\" \/>\n\t<meta name=\"twitter:data1\" content=\"1 \u043c\u0438\u043d\u0443\u0442\u0430\" \/>\n<script type=\"application\/ld+json\" class=\"yoast-schema-graph\">{\"@context\":\"https:\/\/schema.org\",\"@graph\":[{\"@type\":\"WebPage\",\"@id\":\"https:\/\/happyinaknit.com\/produktas\/muud-laura-black\/\",\"url\":\"https:\/\/happyinaknit.com\/produktas\/muud-laura-black\/\",\"name\":\"Muud Laura Black - Happyinaknit.com\",\"isPartOf\":{\"@id\":\"https:\/\/happyinaknit.com\/lt\/#website\"},\"primaryImageOfPage\":{\"@id\":\"https:\/\/happyinaknit.com\/produktas\/muud-laura-black\/#primaryimage\"},\"image\":{\"@id\":\"https:\/\/happyinaknit.com\/produktas\/muud-laura-black\/#primaryimage\"},\"thumbnailUrl\":\"https:\/\/happyinaknit.com\/wp-content\/uploads\/2025\/10\/Laura_Tote-Living-QB-4395-Black-8_1800x1800.jpg.webp\",\"datePublished\":\"2025-10-06T19:58:56+00:00\",\"dateModified\":\"2025-10-12T12:53:15+00:00\",\"breadcrumb\":{\"@id\":\"https:\/\/happyinaknit.com\/produktas\/muud-laura-black\/#breadcrumb\"},\"inLanguage\":\"ru-RU\",\"potentialAction\":[{\"@type\":\"ReadAction\",\"target\":[\"https:\/\/happyinaknit.com\/produktas\/muud-laura-black\/\"]}]},{\"@type\":\"ImageObject\",\"inLanguage\":\"ru-RU\",\"@id\":\"https:\/\/happyinaknit.com\/produktas\/muud-laura-black\/#primaryimage\",\"url\":\"https:\/\/happyinaknit.com\/wp-content\/uploads\/2025\/10\/Laura_Tote-Living-QB-4395-Black-8_1800x1800.jpg.webp\",\"contentUrl\":\"https:\/\/happyinaknit.com\/wp-content\/uploads\/2025\/10\/Laura_Tote-Living-QB-4395-Black-8_1800x1800.jpg.webp\",\"width\":1200,\"height\":1800},{\"@type\":\"BreadcrumbList\",\"@id\":\"https:\/\/happyinaknit.com\/produktas\/muud-laura-black\/#breadcrumb\",\"itemListElement\":[{\"@type\":\"ListItem\",\"position\":1,\"name\":\"Home\",\"item\":\"https:\/\/happyinaknit.com\/lt\/\"},{\"@type\":\"ListItem\",\"position\":2,\"name\":\"Parduotuv\u0117\",\"item\":\"https:\/\/happyinaknit.com\/lt\/parduotuve\/\"},{\"@type\":\"ListItem\",\"position\":3,\"name\":\"Muud Laura Black\"}]},{\"@type\":\"WebSite\",\"@id\":\"https:\/\/happyinaknit.com\/lt\/#website\",\"url\":\"https:\/\/happyinaknit.com\/lt\/\",\"name\":\"Happyinaknit.com\",\"description\":\"\",\"potentialAction\":[{\"@type\":\"SearchAction\",\"target\":{\"@type\":\"EntryPoint\",\"urlTemplate\":\"https:\/\/happyinaknit.com\/lt\/?s={search_term_string}\"},\"query-input\":{\"@type\":\"PropertyValueSpecification\",\"valueRequired\":true,\"valueName\":\"search_term_string\"}}],\"inLanguage\":\"ru-RU\"}]}<\/script>\n<!-- \/ Yoast SEO plugin. -->","yoast_head_json":{"title":"Muud Laura Black - Happyinaknit.com","robots":{"index":"index","follow":"follow","max-snippet":"max-snippet:-1","max-image-preview":"max-image-preview:large","max-video-preview":"max-video-preview:-1"},"canonical":"https:\/\/happyinaknit.com\/ru\/product\/muud-laura-black\/","og_locale":"ru_RU","og_type":"article","og_title":"Muud Laura Black - Happyinaknit.com","og_description":"Laiko patikrinto gro\u017eio kelioninis krep\u0161ys i\u0161 muud \u2013 puikus pasirinkimas tiems, kurie ie\u0161ko stilingo, erdvaus ir prakti\u0161ko aksesuaro. \u0160i eleganti\u0161ka rankin\u0117 tinka tiek kasdienai, tiek savaitgalio i\u0161vykoms ar kelion\u0117ms, kai norisi tur\u0117ti visk\u0105 po ranka. Pagamintas i\u0161 auk\u0161tos kokyb\u0117s nat\u016bralios odos, krep\u0161ys u\u017esegamas u\u017etrauktuku. Viduje yra erdvus pagrindinis skyriusir kelios ma\u017eesn\u0117s ki\u0161en\u0117l\u0117s, patogiai pritaikytos telefonui, [&hellip;]","og_url":"https:\/\/happyinaknit.com\/ru\/product\/muud-laura-black\/","og_site_name":"Happyinaknit.com","article_modified_time":"2025-10-12T12:53:15+00:00","og_image":[{"width":1200,"height":1800,"url":"https:\/\/happyinaknit.com\/wp-content\/uploads\/2025\/10\/Laura_Tote-Living-QB-4395-Black-8_1800x1800.jpg.webp","type":"image\/webp"}],"twitter_card":"summary_large_image","twitter_misc":{"\u041f\u0440\u0438\u043c\u0435\u0440\u043d\u043e\u0435 \u0432\u0440\u0435\u043c\u044f \u0434\u043b\u044f \u0447\u0442\u0435\u043d\u0438\u044f":"1 \u043c\u0438\u043d\u0443\u0442\u0430"},"schema":{"@context":"https:\/\/schema.org","@graph":[{"@type":"WebPage","@id":"https:\/\/happyinaknit.com\/produktas\/muud-laura-black\/","url":"https:\/\/happyinaknit.com\/produktas\/muud-laura-black\/","name":"Muud Laura Black - Happyinaknit.com","isPartOf":{"@id":"https:\/\/happyinaknit.com\/lt\/#website"},"primaryImageOfPage":{"@id":"https:\/\/happyinaknit.com\/produktas\/muud-laura-black\/#primaryimage"},"image":{"@id":"https:\/\/happyinaknit.com\/produktas\/muud-laura-black\/#primaryimage"},"thumbnailUrl":"https:\/\/happyinaknit.com\/wp-content\/uploads\/2025\/10\/Laura_Tote-Living-QB-4395-Black-8_1800x1800.jpg.webp","datePublished":"2025-10-06T19:58:56+00:00","dateModified":"2025-10-12T12:53:15+00:00","breadcrumb":{"@id":"https:\/\/happyinaknit.com\/produktas\/muud-laura-black\/#breadcrumb"},"inLanguage":"ru-RU","potentialAction":[{"@type":"ReadAction","target":["https:\/\/happyinaknit.com\/produktas\/muud-laura-black\/"]}]},{"@type":"ImageObject","inLanguage":"ru-RU","@id":"https:\/\/happyinaknit.com\/produktas\/muud-laura-black\/#primaryimage","url":"https:\/\/happyinaknit.com\/wp-content\/uploads\/2025\/10\/Laura_Tote-Living-QB-4395-Black-8_1800x1800.jpg.webp","contentUrl":"https:\/\/happyinaknit.com\/wp-content\/uploads\/2025\/10\/Laura_Tote-Living-QB-4395-Black-8_1800x1800.jpg.webp","width":1200,"height":1800},{"@type":"BreadcrumbList","@id":"https:\/\/happyinaknit.com\/produktas\/muud-laura-black\/#breadcrumb","itemListElement":[{"@type":"ListItem","position":1,"name":"Home","item":"https:\/\/happyinaknit.com\/lt\/"},{"@type":"ListItem","position":2,"name":"Parduotuv\u0117","item":"https:\/\/happyinaknit.com\/lt\/parduotuve\/"},{"@type":"ListItem","position":3,"name":"Muud Laura Black"}]},{"@type":"WebSite","@id":"https:\/\/happyinaknit.com\/lt\/#website","url":"https:\/\/happyinaknit.com\/lt\/","name":"Happyinaknit.com","description":"","potentialAction":[{"@type":"SearchAction","target":{"@type":"EntryPoint","urlTemplate":"https:\/\/happyinaknit.com\/lt\/?s={search_term_string}"},"query-input":{"@type":"PropertyValueSpecification","valueRequired":true,"valueName":"search_term_string"}}],"inLanguage":"ru-RU"}]}},"_links":{"self":[{"href":"https:\/\/happyinaknit.com\/ru\/wp-json\/wp\/v2\/product\/3092","targetHints":{"allow":["GET"]}}],"collection":[{"href":"https:\/\/happyinaknit.com\/ru\/wp-json\/wp\/v2\/product"}],"about":[{"href":"https:\/\/happyinaknit.com\/ru\/wp-json\/wp\/v2\/types\/product"}],"replies":[{"embeddable":true,"href":"https:\/\/happyinaknit.com\/ru\/wp-json\/wp\/v2\/comments?post=3092"}],"wp:featuredmedia":[{"embeddable":true,"href":"https:\/\/happyinaknit.com\/ru\/wp-json\/wp\/v2\/media\/3095"}],"wp:attachment":[{"href":"https:\/\/happyinaknit.com\/ru\/wp-json\/wp\/v2\/media?parent=3092"}],"wp:term":[{"taxonomy":"product_brand","embeddable":true,"href":"https:\/\/happyinaknit.com\/ru\/wp-json\/wp\/v2\/product_brand?post=3092"},{"taxonomy":"product_cat","embeddable":true,"href":"https:\/\/happyinaknit.com\/ru\/wp-json\/wp\/v2\/product_cat?post=3092"},{"taxonomy":"product_tag","embeddable":true,"href":"https:\/\/happyinaknit.com\/ru\/wp-json\/wp\/v2\/product_tag?post=3092"},{"taxonomy":"pro-kategorijos","embeddable":true,"href":"https:\/\/happyinaknit.com\/ru\/wp-json\/wp\/v2\/pro-kategorijos?post=3092"}],"curies":[{"name":"wp","href":"https:\/\/api.w.org\/{rel}","templated":true}]}}