{"id":3084,"date":"2025-10-06T19:43:03","date_gmt":"2025-10-06T19:43:03","guid":{"rendered":"https:\/\/happyinaknit.com\/?post_type=product&#038;p=3084"},"modified":"2025-10-28T09:30:08","modified_gmt":"2025-10-28T09:30:08","slug":"muud-espoo-whisky","status":"publish","type":"product","link":"https:\/\/happyinaknit.com\/ru\/product\/muud-espoo-whisky\/","title":{"rendered":"Muud Espoo Whisky"},"content":{"rendered":"<p data-start=\"115\" data-end=\"367\">\u0425\u043e\u0440\u043e\u0448\u0438\u0435 \u043d\u043e\u0436\u043d\u0438\u0446\u044b \u2014 \u044d\u0442\u043e \u043d\u0435\u043e\u0431\u0445\u043e\u0434\u0438\u043c\u044b\u0439 \u0438\u043d\u0441\u0442\u0440\u0443\u043c\u0435\u043d\u0442 \u0434\u043b\u044f \u043a\u0430\u0436\u0434\u043e\u0439 \u0440\u0443\u043a\u043e\u0434\u0435\u043b\u044c\u043d\u0438\u0446\u044b, \u0430 <strong data-start=\"205\" data-end=\"214\">Espoo<\/strong> \u0447\u0435\u0445\u043e\u043b \u0440\u0430\u0437\u0440\u0430\u0431\u043e\u0442\u0430\u043d, \u0447\u0442\u043e\u0431\u044b \u043e\u043d\u0438 \u0432\u0441\u0435\u0433\u0434\u0430 \u0431\u044b\u043b\u0438 \u043f\u043e\u0434 \u0440\u0443\u043a\u043e\u0439 \u0438 \u0437\u0430\u0449\u0438\u0449\u0435\u043d\u044b. \u042d\u0442\u043e\u0442 \u044d\u043b\u0435\u0433\u0430\u043d\u0442\u043d\u044b\u0439 \u0447\u0435\u0445\u043e\u043b \u0438\u0434\u0435\u0430\u043b\u044c\u043d\u043e \u043f\u043e\u0434\u0445\u043e\u0434\u0438\u0442 \u0434\u043b\u044f <em data-start=\"319\" data-end=\"333\">golden stork<\/em> \u043d\u043e\u0436\u043d\u0438\u0446 \u0434\u043b\u044f \u0432\u044b\u0448\u0438\u0432\u0430\u043d\u0438\u044f \u0438\u043b\u0438 \u0448\u0438\u0442\u044c\u044f.<\/p>\n<p data-start=\"369\" data-end=\"600\">\u0427\u0435\u0445\u043e\u043b Espoo, \u0438\u0437\u0433\u043e\u0442\u043e\u0432\u043b\u0435\u043d\u043d\u044b\u0439 \u0438\u0437 \u0432\u044b\u0441\u043e\u043a\u043e\u043a\u0430\u0447\u0435\u0441\u0442\u0432\u0435\u043d\u043d\u043e\u0439 \u043d\u0430\u0442\u0443\u0440\u0430\u043b\u044c\u043d\u043e\u0439 \u043a\u043e\u0436\u0438, \u043e\u0442\u043b\u0438\u0447\u0430\u0435\u0442\u0441\u044f \u043f\u0440\u043e\u0447\u043d\u043e\u0441\u0442\u044c\u044e, \u0438\u0441\u043a\u0443\u0441\u043d\u043e\u0439 \u0440\u0430\u0431\u043e\u0442\u043e\u0439 \u0438 \u0438\u0437\u044b\u0441\u043a\u0430\u043d\u043d\u044b\u043c \u0434\u0438\u0437\u0430\u0439\u043d\u043e\u043c. \u042d\u0442\u043e \u043f\u0440\u0430\u043a\u0442\u0438\u0447\u043d\u044b\u0439 \u0438 \u0441\u0442\u0438\u043b\u044c\u043d\u044b\u0439 \u0430\u043a\u0441\u0435\u0441\u0441\u0443\u0430\u0440 \u0434\u043b\u044f \u0442\u0435\u0445, \u043a\u0442\u043e \u0446\u0435\u043d\u0438\u0442 \u043a\u0430\u0447\u0435\u0441\u0442\u0432\u043e \u0438 \u043c\u0430\u0441\u0442\u0435\u0440\u0441\u0442\u0432\u043e.<\/p>\n<ul data-start=\"602\" data-end=\"807\">\n<li data-start=\"602\" data-end=\"680\">\n<p data-start=\"604\" data-end=\"618\"><strong data-start=\"604\" data-end=\"616\">\u0424\u0443\u043d\u043a\u0446\u0438\u0438:<\/strong><\/p>\n<ul data-start=\"621\" data-end=\"680\">\n<li data-start=\"621\" data-end=\"654\">\n<p data-start=\"623\" data-end=\"654\">\u0418\u0437\u0433\u043e\u0442\u043e\u0432\u043b\u0435\u043d\u043e \u0438\u0437 \u043d\u0430\u0442\u0443\u0440\u0430\u043b\u044c\u043d\u043e\u0439 \u043a\u043e\u0436\u0438.<\/p>\n<\/li>\n<li data-start=\"657\" data-end=\"680\">\n<p data-start=\"659\" data-end=\"680\">\u0417\u0430\u0441\u0442\u0435\u0436\u043a\u0430 \u043d\u0430 \u043a\u043d\u043e\u043f\u043a\u0443<\/p>\n<\/li>\n<\/ul>\n<\/li>\n<li data-start=\"681\" data-end=\"776\">\n<p data-start=\"683\" data-end=\"701\"><strong data-start=\"683\" data-end=\"699\">\u0418\u0437\u043c\u0435\u0440\u0435\u043d\u0438\u044f:<\/strong><\/p>\n<ul data-start=\"704\" data-end=\"776\">\n<li data-start=\"704\" data-end=\"730\">\n<p data-start=\"706\" data-end=\"730\">\u0428\u0438\u0440\u0438\u043d\u0430 \u0432\u0432\u0435\u0440\u0445\u0443: 3,5 \u0441\u043c.<\/p>\n<\/li>\n<li data-start=\"733\" data-end=\"758\">\n<p data-start=\"735\" data-end=\"758\">\u0428\u0438\u0440\u0438\u043d\u0430 \u0432\u043d\u0438\u0437\u0443: 2 \u0441\u043c.<\/p>\n<\/li>\n<li data-start=\"761\" data-end=\"776\">\n<p data-start=\"763\" data-end=\"776\">\u0414\u043b\u0438\u043d\u0430: 8 \u0441\u043c.<\/p>\n<\/li>\n<\/ul>\n<\/li>\n<li data-start=\"777\" data-end=\"807\">\n<p data-start=\"779\" data-end=\"807\"><strong data-start=\"779\" data-end=\"792\">\u041c\u0430\u0442\u0435\u0440\u0438\u0430\u043b:<\/strong> \u043d\u0430\u0442\u0443\u0440\u0430\u043b\u044c\u043d\u0430\u044f \u043a\u043e\u0436\u0430<\/p>\n<\/li>\n<\/ul>","protected":false},"excerpt":{"rendered":"<p>Geros \u017eirkl\u0117s \u2013 b\u016btinas \u012frankis kiekvienam k\u016br\u0117jui, o Espoo d\u0117klas sukurtas tam, kad jos b\u016bt\u0173 visada apsaugotos ir po ranka. \u0160is eleganti\u0161kas d\u0117klas idealiai tinka golden stork tipo arba siuvin\u0117jimo \u017eirkl\u0117ms. Pagamintas i\u0161 auk\u0161tos kokyb\u0117s nat\u016bralios odos, \u201eEspoo\u201c d\u0117klas pasi\u017eymi ilgaam\u017ei\u0161kumu, kruop\u0161\u010diu rank\u0173 darbo apdirbimu ir subtiliu dizainu. Tai prakti\u0161kas, ta\u010diau stilingas aksesuaras visiems, vertinantiems [&hellip;]<\/p>\n","protected":false},"featured_media":3078,"comment_status":"open","ping_status":"closed","template":"","meta":{"_acf_changed":false},"product_brand":[613],"product_cat":[15,1079,20],"product_tag":[],"pro-kategorijos":[],"class_list":{"0":"post-3084","1":"product","2":"type-product","3":"status-publish","4":"has-post-thumbnail","6":"product_brand-muud","7":"product_cat-visi-produktai","8":"product_cat-deklai","9":"product_cat-priedai-mezgimui","11":"first","12":"instock","13":"shipping-taxable","14":"purchasable","15":"product-type-simple"},"acf":[],"yoast_head":"<!-- This site is optimized with the Yoast SEO plugin v26.8 - https:\/\/yoast.com\/product\/yoast-seo-wordpress\/ -->\n<title>Muud Espoo Whisky - Happyinaknit.com<\/title>\n<meta name=\"robots\" content=\"index, follow, max-snippet:-1, max-image-preview:large, max-video-preview:-1\" \/>\n<link rel=\"canonical\" href=\"https:\/\/happyinaknit.com\/ru\/product\/muud-espoo-whisky\/\" \/>\n<meta property=\"og:locale\" content=\"ru_RU\" \/>\n<meta property=\"og:type\" content=\"article\" \/>\n<meta property=\"og:title\" content=\"Muud Espoo Whisky - Happyinaknit.com\" \/>\n<meta property=\"og:description\" content=\"Geros \u017eirkl\u0117s \u2013 b\u016btinas \u012frankis kiekvienam k\u016br\u0117jui, o Espoo d\u0117klas sukurtas tam, kad jos b\u016bt\u0173 visada apsaugotos ir po ranka. \u0160is eleganti\u0161kas d\u0117klas idealiai tinka golden stork tipo arba siuvin\u0117jimo \u017eirkl\u0117ms. Pagamintas i\u0161 auk\u0161tos kokyb\u0117s nat\u016bralios odos, \u201eEspoo\u201c d\u0117klas pasi\u017eymi ilgaam\u017ei\u0161kumu, kruop\u0161\u010diu rank\u0173 darbo apdirbimu ir subtiliu dizainu. Tai prakti\u0161kas, ta\u010diau stilingas aksesuaras visiems, vertinantiems [&hellip;]\" \/>\n<meta property=\"og:url\" content=\"https:\/\/happyinaknit.com\/ru\/product\/muud-espoo-whisky\/\" \/>\n<meta property=\"og:site_name\" content=\"Happyinaknit.com\" \/>\n<meta property=\"article:modified_time\" content=\"2025-10-28T09:30:08+00:00\" \/>\n<meta property=\"og:image\" content=\"https:\/\/happyinaknit.com\/wp-content\/uploads\/2025\/10\/Espoo_Etui-knit-QB-4187-Whisky-1_1800x1800.jpg.webp\" \/>\n\t<meta property=\"og:image:width\" content=\"1800\" \/>\n\t<meta property=\"og:image:height\" content=\"1800\" \/>\n\t<meta property=\"og:image:type\" content=\"image\/webp\" \/>\n<meta name=\"twitter:card\" content=\"summary_large_image\" \/>\n<meta name=\"twitter:label1\" content=\"\u041f\u0440\u0438\u043c\u0435\u0440\u043d\u043e\u0435 \u0432\u0440\u0435\u043c\u044f \u0434\u043b\u044f \u0447\u0442\u0435\u043d\u0438\u044f\" \/>\n\t<meta name=\"twitter:data1\" content=\"1 \u043c\u0438\u043d\u0443\u0442\u0430\" \/>\n<script type=\"application\/ld+json\" class=\"yoast-schema-graph\">{\"@context\":\"https:\/\/schema.org\",\"@graph\":[{\"@type\":\"WebPage\",\"@id\":\"https:\/\/happyinaknit.com\/produktas\/muud-espoo-whisky\/\",\"url\":\"https:\/\/happyinaknit.com\/produktas\/muud-espoo-whisky\/\",\"name\":\"Muud Espoo Whisky - Happyinaknit.com\",\"isPartOf\":{\"@id\":\"https:\/\/happyinaknit.com\/lt\/#website\"},\"primaryImageOfPage\":{\"@id\":\"https:\/\/happyinaknit.com\/produktas\/muud-espoo-whisky\/#primaryimage\"},\"image\":{\"@id\":\"https:\/\/happyinaknit.com\/produktas\/muud-espoo-whisky\/#primaryimage\"},\"thumbnailUrl\":\"https:\/\/happyinaknit.com\/wp-content\/uploads\/2025\/10\/Espoo_Etui-knit-QB-4187-Whisky-1_1800x1800.jpg.webp\",\"datePublished\":\"2025-10-06T19:43:03+00:00\",\"dateModified\":\"2025-10-28T09:30:08+00:00\",\"breadcrumb\":{\"@id\":\"https:\/\/happyinaknit.com\/produktas\/muud-espoo-whisky\/#breadcrumb\"},\"inLanguage\":\"ru-RU\",\"potentialAction\":[{\"@type\":\"ReadAction\",\"target\":[\"https:\/\/happyinaknit.com\/produktas\/muud-espoo-whisky\/\"]}]},{\"@type\":\"ImageObject\",\"inLanguage\":\"ru-RU\",\"@id\":\"https:\/\/happyinaknit.com\/produktas\/muud-espoo-whisky\/#primaryimage\",\"url\":\"https:\/\/happyinaknit.com\/wp-content\/uploads\/2025\/10\/Espoo_Etui-knit-QB-4187-Whisky-1_1800x1800.jpg.webp\",\"contentUrl\":\"https:\/\/happyinaknit.com\/wp-content\/uploads\/2025\/10\/Espoo_Etui-knit-QB-4187-Whisky-1_1800x1800.jpg.webp\",\"width\":1800,\"height\":1800},{\"@type\":\"BreadcrumbList\",\"@id\":\"https:\/\/happyinaknit.com\/produktas\/muud-espoo-whisky\/#breadcrumb\",\"itemListElement\":[{\"@type\":\"ListItem\",\"position\":1,\"name\":\"Home\",\"item\":\"https:\/\/happyinaknit.com\/lt\/\"},{\"@type\":\"ListItem\",\"position\":2,\"name\":\"Parduotuv\u0117\",\"item\":\"https:\/\/happyinaknit.com\/lt\/parduotuve\/\"},{\"@type\":\"ListItem\",\"position\":3,\"name\":\"Muud Espoo Whisky\"}]},{\"@type\":\"WebSite\",\"@id\":\"https:\/\/happyinaknit.com\/lt\/#website\",\"url\":\"https:\/\/happyinaknit.com\/lt\/\",\"name\":\"Happyinaknit.com\",\"description\":\"\",\"potentialAction\":[{\"@type\":\"SearchAction\",\"target\":{\"@type\":\"EntryPoint\",\"urlTemplate\":\"https:\/\/happyinaknit.com\/lt\/?s={search_term_string}\"},\"query-input\":{\"@type\":\"PropertyValueSpecification\",\"valueRequired\":true,\"valueName\":\"search_term_string\"}}],\"inLanguage\":\"ru-RU\"}]}<\/script>\n<!-- \/ Yoast SEO plugin. -->","yoast_head_json":{"title":"Muud Espoo Whisky - Happyinaknit.com","robots":{"index":"index","follow":"follow","max-snippet":"max-snippet:-1","max-image-preview":"max-image-preview:large","max-video-preview":"max-video-preview:-1"},"canonical":"https:\/\/happyinaknit.com\/ru\/product\/muud-espoo-whisky\/","og_locale":"ru_RU","og_type":"article","og_title":"Muud Espoo Whisky - Happyinaknit.com","og_description":"Geros \u017eirkl\u0117s \u2013 b\u016btinas \u012frankis kiekvienam k\u016br\u0117jui, o Espoo d\u0117klas sukurtas tam, kad jos b\u016bt\u0173 visada apsaugotos ir po ranka. \u0160is eleganti\u0161kas d\u0117klas idealiai tinka golden stork tipo arba siuvin\u0117jimo \u017eirkl\u0117ms. Pagamintas i\u0161 auk\u0161tos kokyb\u0117s nat\u016bralios odos, \u201eEspoo\u201c d\u0117klas pasi\u017eymi ilgaam\u017ei\u0161kumu, kruop\u0161\u010diu rank\u0173 darbo apdirbimu ir subtiliu dizainu. Tai prakti\u0161kas, ta\u010diau stilingas aksesuaras visiems, vertinantiems [&hellip;]","og_url":"https:\/\/happyinaknit.com\/ru\/product\/muud-espoo-whisky\/","og_site_name":"Happyinaknit.com","article_modified_time":"2025-10-28T09:30:08+00:00","og_image":[{"width":1800,"height":1800,"url":"https:\/\/happyinaknit.com\/wp-content\/uploads\/2025\/10\/Espoo_Etui-knit-QB-4187-Whisky-1_1800x1800.jpg.webp","type":"image\/webp"}],"twitter_card":"summary_large_image","twitter_misc":{"\u041f\u0440\u0438\u043c\u0435\u0440\u043d\u043e\u0435 \u0432\u0440\u0435\u043c\u044f \u0434\u043b\u044f \u0447\u0442\u0435\u043d\u0438\u044f":"1 \u043c\u0438\u043d\u0443\u0442\u0430"},"schema":{"@context":"https:\/\/schema.org","@graph":[{"@type":"WebPage","@id":"https:\/\/happyinaknit.com\/produktas\/muud-espoo-whisky\/","url":"https:\/\/happyinaknit.com\/produktas\/muud-espoo-whisky\/","name":"Muud Espoo Whisky - Happyinaknit.com","isPartOf":{"@id":"https:\/\/happyinaknit.com\/lt\/#website"},"primaryImageOfPage":{"@id":"https:\/\/happyinaknit.com\/produktas\/muud-espoo-whisky\/#primaryimage"},"image":{"@id":"https:\/\/happyinaknit.com\/produktas\/muud-espoo-whisky\/#primaryimage"},"thumbnailUrl":"https:\/\/happyinaknit.com\/wp-content\/uploads\/2025\/10\/Espoo_Etui-knit-QB-4187-Whisky-1_1800x1800.jpg.webp","datePublished":"2025-10-06T19:43:03+00:00","dateModified":"2025-10-28T09:30:08+00:00","breadcrumb":{"@id":"https:\/\/happyinaknit.com\/produktas\/muud-espoo-whisky\/#breadcrumb"},"inLanguage":"ru-RU","potentialAction":[{"@type":"ReadAction","target":["https:\/\/happyinaknit.com\/produktas\/muud-espoo-whisky\/"]}]},{"@type":"ImageObject","inLanguage":"ru-RU","@id":"https:\/\/happyinaknit.com\/produktas\/muud-espoo-whisky\/#primaryimage","url":"https:\/\/happyinaknit.com\/wp-content\/uploads\/2025\/10\/Espoo_Etui-knit-QB-4187-Whisky-1_1800x1800.jpg.webp","contentUrl":"https:\/\/happyinaknit.com\/wp-content\/uploads\/2025\/10\/Espoo_Etui-knit-QB-4187-Whisky-1_1800x1800.jpg.webp","width":1800,"height":1800},{"@type":"BreadcrumbList","@id":"https:\/\/happyinaknit.com\/produktas\/muud-espoo-whisky\/#breadcrumb","itemListElement":[{"@type":"ListItem","position":1,"name":"Home","item":"https:\/\/happyinaknit.com\/lt\/"},{"@type":"ListItem","position":2,"name":"Parduotuv\u0117","item":"https:\/\/happyinaknit.com\/lt\/parduotuve\/"},{"@type":"ListItem","position":3,"name":"Muud Espoo Whisky"}]},{"@type":"WebSite","@id":"https:\/\/happyinaknit.com\/lt\/#website","url":"https:\/\/happyinaknit.com\/lt\/","name":"Happyinaknit.com","description":"","potentialAction":[{"@type":"SearchAction","target":{"@type":"EntryPoint","urlTemplate":"https:\/\/happyinaknit.com\/lt\/?s={search_term_string}"},"query-input":{"@type":"PropertyValueSpecification","valueRequired":true,"valueName":"search_term_string"}}],"inLanguage":"ru-RU"}]}},"_links":{"self":[{"href":"https:\/\/happyinaknit.com\/ru\/wp-json\/wp\/v2\/product\/3084","targetHints":{"allow":["GET"]}}],"collection":[{"href":"https:\/\/happyinaknit.com\/ru\/wp-json\/wp\/v2\/product"}],"about":[{"href":"https:\/\/happyinaknit.com\/ru\/wp-json\/wp\/v2\/types\/product"}],"replies":[{"embeddable":true,"href":"https:\/\/happyinaknit.com\/ru\/wp-json\/wp\/v2\/comments?post=3084"}],"wp:featuredmedia":[{"embeddable":true,"href":"https:\/\/happyinaknit.com\/ru\/wp-json\/wp\/v2\/media\/3078"}],"wp:attachment":[{"href":"https:\/\/happyinaknit.com\/ru\/wp-json\/wp\/v2\/media?parent=3084"}],"wp:term":[{"taxonomy":"product_brand","embeddable":true,"href":"https:\/\/happyinaknit.com\/ru\/wp-json\/wp\/v2\/product_brand?post=3084"},{"taxonomy":"product_cat","embeddable":true,"href":"https:\/\/happyinaknit.com\/ru\/wp-json\/wp\/v2\/product_cat?post=3084"},{"taxonomy":"product_tag","embeddable":true,"href":"https:\/\/happyinaknit.com\/ru\/wp-json\/wp\/v2\/product_tag?post=3084"},{"taxonomy":"pro-kategorijos","embeddable":true,"href":"https:\/\/happyinaknit.com\/ru\/wp-json\/wp\/v2\/pro-kategorijos?post=3084"}],"curies":[{"name":"wp","href":"https:\/\/api.w.org\/{rel}","templated":true}]}}