{"id":3062,"date":"2025-10-06T19:31:03","date_gmt":"2025-10-06T19:31:03","guid":{"rendered":"https:\/\/happyinaknit.com\/?post_type=product&#038;p=3062"},"modified":"2026-03-11T12:27:22","modified_gmt":"2026-03-11T12:27:22","slug":"muud-helsinki-black","status":"publish","type":"product","link":"https:\/\/happyinaknit.com\/ru\/product\/muud-helsinki-black\/","title":{"rendered":"Muud Helsinki Black"},"content":{"rendered":"<p data-start=\"99\" data-end=\"432\"><strong data-start=\"163\" data-end=\"175\">Helsinki<\/strong> \u043a\u043e\u043c\u043f\u0430\u043a\u0442\u043d\u044b\u0439 \u043a\u043e\u0436\u0430\u043d\u044b\u0439 \u0447\u0435\u0445\u043e\u043b \u0440\u0443\u0447\u043d\u043e\u0439 \u0440\u0430\u0431\u043e\u0442\u044b, \u0441\u043e\u0437\u0434\u0430\u043d\u043d\u044b\u0439 \u0434\u043b\u044f \u0432\u044f\u0437\u0430\u043b\u044c\u0449\u0438\u0446, \u0446\u0435\u043d\u044f\u0449\u0438\u0445 \u043f\u043e\u0440\u044f\u0434\u043e\u043a \u0438 \u044d\u0441\u0442\u0435\u0442\u0438\u043a\u0443. \u041e\u043d \u0438\u0434\u0435\u0430\u043b\u044c\u043d\u043e \u043f\u043e\u0434\u0445\u043e\u0434\u0438\u0442 \u0434\u043b\u044f \u0445\u0440\u0430\u043d\u0435\u043d\u0438\u044f \u043c\u0430\u0440\u043a\u0435\u0440\u043e\u0432, \u0441\u0442\u043e\u043f\u043f\u0435\u0440\u043e\u0432, \u043f\u0443\u0433\u043e\u0432\u0438\u0446 \u0438 \u0434\u0440\u0443\u0433\u0438\u0445 \u043c\u0435\u043b\u043a\u0438\u0445 \u043f\u0440\u0435\u0434\u043c\u0435\u0442\u043e\u0432, \u043a\u043e\u0442\u043e\u0440\u044b\u0435 \u0447\u0430\u0441\u0442\u043e \u0442\u0435\u0440\u044f\u044e\u0442\u0441\u044f \u0432 \u0441\u0443\u043c\u043a\u0435 \u0438\u043b\u0438 \u044f\u0449\u0438\u043a\u0435.<\/p>\n<p data-start=\"434\" data-end=\"737\">\u0418\u0437\u0433\u043e\u0442\u043e\u0432\u043b\u0435\u043d\u043d\u044b\u0439 \u0438\u0437 \u0432\u044b\u0441\u043e\u043a\u043e\u043a\u0430\u0447\u0435\u0441\u0442\u0432\u0435\u043d\u043d\u043e\u0439 \u043d\u0430\u0442\u0443\u0440\u0430\u043b\u044c\u043d\u043e\u0439 \u043a\u043e\u0436\u0438, Helsinki \u0441\u043e\u0447\u0435\u0442\u0430\u0435\u0442 \u0432 \u0441\u0435\u0431\u0435 \u0444\u0443\u043d\u043a\u0446\u0438\u043e\u043d\u0430\u043b\u044c\u043d\u043e\u0441\u0442\u044c \u0438 \u044d\u043b\u0435\u0433\u0430\u043d\u0442\u043d\u044b\u0439 \u0434\u0438\u0437\u0430\u0439\u043d. \u041c\u044f\u0433\u043a\u0430\u044f \u043a\u043e\u0436\u0430 \u043f\u0440\u0438\u0434\u0430\u0435\u0442 \u0447\u0435\u0445\u043b\u0443 \u043e\u0449\u0443\u0449\u0435\u043d\u0438\u0435 \u044d\u043a\u0441\u043a\u043b\u044e\u0437\u0438\u0432\u043d\u043e\u0441\u0442\u0438 \u0438 \u0430\u0443\u0442\u0435\u043d\u0442\u0438\u0447\u043d\u043e\u0441\u0442\u0438, \u0434\u0435\u043b\u0430\u044f \u0435\u0433\u043e \u0438\u0434\u0435\u0430\u043b\u044c\u043d\u044b\u043c \u0434\u043e\u043f\u043e\u043b\u043d\u0435\u043d\u0438\u0435\u043c \u043a \u0434\u0440\u0443\u0433\u0438\u043c \u0430\u043a\u0441\u0435\u0441\u0441\u0443\u0430\u0440\u0430\u043c <em data-start=\"637\" data-end=\"643\">Muud<\/em> \u043a\u043e\u043b\u043b\u0435\u043a\u0446\u0438\u0438. \u0411\u043b\u0430\u0433\u043e\u0434\u0430\u0440\u044f \u0441\u0432\u043e\u0435\u0439 \u0444\u043e\u0440\u043c\u0435 \u044d\u0442\u043e\u0442 \u0447\u0435\u0445\u043e\u043b \u043c\u043e\u0436\u043d\u043e \u0438\u0441\u043f\u043e\u043b\u044c\u0437\u043e\u0432\u0430\u0442\u044c \u043a\u0430\u043a <strong data-start=\"714\" data-end=\"734\">\u0448\u043a\u0430\u0442\u0443\u043b\u043a\u0443 \u0434\u043b\u044f \u0434\u0440\u0430\u0433\u043e\u0446\u0435\u043d\u043d\u043e\u0441\u0442\u0435\u0439<\/strong>.<\/p>\n<ul data-start=\"739\" data-end=\"973\">\n<li data-start=\"739\" data-end=\"876\">\n<p data-start=\"741\" data-end=\"755\"><strong data-start=\"741\" data-end=\"753\">\u0424\u0443\u043d\u043a\u0446\u0438\u0438:<\/strong><\/p>\n<ul data-start=\"758\" data-end=\"876\">\n<li data-start=\"758\" data-end=\"804\">\n<p data-start=\"760\" data-end=\"804\">\u0420\u0443\u0447\u043d\u0430\u044f \u0440\u0430\u0431\u043e\u0442\u0430, \u0438\u0437 \u043d\u0430\u0442\u0443\u0440\u0430\u043b\u044c\u043d\u043e\u0439 \u043a\u043e\u0436\u0438.<\/p>\n<\/li>\n<li data-start=\"807\" data-end=\"845\">\n<p data-start=\"809\" data-end=\"845\">\u0412\u043d\u0443\u0442\u0440\u0435\u043d\u043d\u0438\u0439 \u043a\u0430\u0440\u043c\u0430\u043d \u0434\u043b\u044f \u043c\u0435\u043b\u043a\u0438\u0445 \u0430\u043a\u0441\u0435\u0441\u0441\u0443\u0430\u0440\u043e\u0432<\/p>\n<\/li>\n<li data-start=\"848\" data-end=\"876\">\n<p data-start=\"850\" data-end=\"876\">\u0417\u0430\u0441\u0442\u0435\u0436\u043a\u0430-\u043c\u043e\u043b\u043d\u0438\u044f<\/p>\n<\/li>\n<\/ul>\n<\/li>\n<li data-start=\"877\" data-end=\"942\">\n<p data-start=\"879\" data-end=\"897\"><strong data-start=\"879\" data-end=\"895\">\u0418\u0437\u043c\u0435\u0440\u0435\u043d\u0438\u044f:<\/strong><\/p>\n<ul data-start=\"900\" data-end=\"942\">\n<li data-start=\"900\" data-end=\"919\">\n<p data-start=\"902\" data-end=\"919\">\u0412\u044b\u0441\u043e\u0442\u0430: 5,5 \u0441\u043c.<\/p>\n<\/li>\n<li data-start=\"922\" data-end=\"942\">\n<p data-start=\"924\" data-end=\"942\">\u0414\u0438\u0430\u043c\u0435\u0442\u0440: 7,5 \u0441\u043c.<\/p>\n<\/li>\n<\/ul>\n<\/li>\n<li data-start=\"943\" data-end=\"973\">\n<p data-start=\"945\" data-end=\"973\"><strong data-start=\"945\" data-end=\"958\">\u041c\u0430\u0442\u0435\u0440\u0438\u0430\u043b:<\/strong> \u043d\u0430\u0442\u0443\u0440\u0430\u043b\u044c\u043d\u0430\u044f \u043a\u043e\u0436\u0430<\/p>\n<\/li>\n<\/ul>","protected":false},"excerpt":{"rendered":"<p>Helsinki \u2013 tai kompakti\u0161kas, rank\u0173 darbo odinis d\u0117klas, sukurtas mezg\u0117jams, vertinantiems tvark\u0105 ir estetik\u0105. Jis puikiai tinka laikyti \u017eymeklius, stabd\u017eiukus, sagas ar kitas ma\u017eas smulkmenas, kurios da\u017enai pasimeta mai\u0161elyje ar stal\u010diuje. Pagamintas i\u0161 auk\u0161tos kokyb\u0117s nat\u016bralios odos, \u201eHelsinki\u201c sujungia funkcionalum\u0105 ir eleganti\u0161k\u0105 dizain\u0105. Mink\u0161ta oda suteikia d\u0117klui i\u0161skirtinumo ir autenti\u0161kumo poj\u016bt\u012f, tod\u0117l jis puikiai dera [&hellip;]<\/p>\n","protected":false},"featured_media":3072,"comment_status":"open","ping_status":"closed","template":"","meta":{"_acf_changed":false},"product_brand":[613],"product_cat":[15,1079,20],"product_tag":[],"pro-kategorijos":[],"class_list":{"0":"post-3062","1":"product","2":"type-product","3":"status-publish","4":"has-post-thumbnail","6":"product_brand-muud","7":"product_cat-visi-produktai","8":"product_cat-deklai","9":"product_cat-priedai-mezgimui","11":"first","12":"instock","13":"shipping-taxable","14":"purchasable","15":"product-type-simple"},"acf":[],"yoast_head":"<!-- This site is optimized with the Yoast SEO plugin v26.8 - https:\/\/yoast.com\/product\/yoast-seo-wordpress\/ -->\n<title>Muud Helsinki Black - Happyinaknit.com<\/title>\n<meta name=\"robots\" content=\"index, follow, max-snippet:-1, max-image-preview:large, max-video-preview:-1\" \/>\n<link rel=\"canonical\" href=\"https:\/\/happyinaknit.com\/ru\/product\/muud-helsinki-black\/\" \/>\n<meta property=\"og:locale\" content=\"ru_RU\" \/>\n<meta property=\"og:type\" content=\"article\" \/>\n<meta property=\"og:title\" content=\"Muud Helsinki Black - Happyinaknit.com\" \/>\n<meta property=\"og:description\" content=\"Helsinki \u2013 tai kompakti\u0161kas, rank\u0173 darbo odinis d\u0117klas, sukurtas mezg\u0117jams, vertinantiems tvark\u0105 ir estetik\u0105. Jis puikiai tinka laikyti \u017eymeklius, stabd\u017eiukus, sagas ar kitas ma\u017eas smulkmenas, kurios da\u017enai pasimeta mai\u0161elyje ar stal\u010diuje. Pagamintas i\u0161 auk\u0161tos kokyb\u0117s nat\u016bralios odos, \u201eHelsinki\u201c sujungia funkcionalum\u0105 ir eleganti\u0161k\u0105 dizain\u0105. Mink\u0161ta oda suteikia d\u0117klui i\u0161skirtinumo ir autenti\u0161kumo poj\u016bt\u012f, tod\u0117l jis puikiai dera [&hellip;]\" \/>\n<meta property=\"og:url\" content=\"https:\/\/happyinaknit.com\/ru\/product\/muud-helsinki-black\/\" \/>\n<meta property=\"og:site_name\" content=\"Happyinaknit.com\" \/>\n<meta property=\"article:modified_time\" content=\"2026-03-11T12:27:22+00:00\" \/>\n<meta property=\"og:image\" content=\"https:\/\/happyinaknit.com\/wp-content\/uploads\/2025\/10\/IMG_8526.jpg\" \/>\n\t<meta property=\"og:image:width\" content=\"1320\" \/>\n\t<meta property=\"og:image:height\" content=\"1545\" \/>\n\t<meta property=\"og:image:type\" content=\"image\/jpeg\" \/>\n<meta name=\"twitter:card\" content=\"summary_large_image\" \/>\n<meta name=\"twitter:label1\" content=\"\u041f\u0440\u0438\u043c\u0435\u0440\u043d\u043e\u0435 \u0432\u0440\u0435\u043c\u044f \u0434\u043b\u044f \u0447\u0442\u0435\u043d\u0438\u044f\" \/>\n\t<meta name=\"twitter:data1\" content=\"1 \u043c\u0438\u043d\u0443\u0442\u0430\" \/>\n<script type=\"application\/ld+json\" class=\"yoast-schema-graph\">{\"@context\":\"https:\/\/schema.org\",\"@graph\":[{\"@type\":\"WebPage\",\"@id\":\"https:\/\/happyinaknit.com\/produktas\/muud-helsinki-black\/\",\"url\":\"https:\/\/happyinaknit.com\/produktas\/muud-helsinki-black\/\",\"name\":\"Muud Helsinki Black - Happyinaknit.com\",\"isPartOf\":{\"@id\":\"https:\/\/happyinaknit.com\/lt\/#website\"},\"primaryImageOfPage\":{\"@id\":\"https:\/\/happyinaknit.com\/produktas\/muud-helsinki-black\/#primaryimage\"},\"image\":{\"@id\":\"https:\/\/happyinaknit.com\/produktas\/muud-helsinki-black\/#primaryimage\"},\"thumbnailUrl\":\"https:\/\/happyinaknit.com\/wp-content\/uploads\/2025\/10\/IMG_8526.jpg\",\"datePublished\":\"2025-10-06T19:31:03+00:00\",\"dateModified\":\"2026-03-11T12:27:22+00:00\",\"breadcrumb\":{\"@id\":\"https:\/\/happyinaknit.com\/produktas\/muud-helsinki-black\/#breadcrumb\"},\"inLanguage\":\"ru-RU\",\"potentialAction\":[{\"@type\":\"ReadAction\",\"target\":[\"https:\/\/happyinaknit.com\/produktas\/muud-helsinki-black\/\"]}]},{\"@type\":\"ImageObject\",\"inLanguage\":\"ru-RU\",\"@id\":\"https:\/\/happyinaknit.com\/produktas\/muud-helsinki-black\/#primaryimage\",\"url\":\"https:\/\/happyinaknit.com\/wp-content\/uploads\/2025\/10\/IMG_8526.jpg\",\"contentUrl\":\"https:\/\/happyinaknit.com\/wp-content\/uploads\/2025\/10\/IMG_8526.jpg\",\"width\":1320,\"height\":1545},{\"@type\":\"BreadcrumbList\",\"@id\":\"https:\/\/happyinaknit.com\/produktas\/muud-helsinki-black\/#breadcrumb\",\"itemListElement\":[{\"@type\":\"ListItem\",\"position\":1,\"name\":\"Home\",\"item\":\"https:\/\/happyinaknit.com\/lt\/\"},{\"@type\":\"ListItem\",\"position\":2,\"name\":\"Parduotuv\u0117\",\"item\":\"https:\/\/happyinaknit.com\/lt\/parduotuve\/\"},{\"@type\":\"ListItem\",\"position\":3,\"name\":\"Muud Helsinki Black\"}]},{\"@type\":\"WebSite\",\"@id\":\"https:\/\/happyinaknit.com\/lt\/#website\",\"url\":\"https:\/\/happyinaknit.com\/lt\/\",\"name\":\"Happyinaknit.com\",\"description\":\"\",\"potentialAction\":[{\"@type\":\"SearchAction\",\"target\":{\"@type\":\"EntryPoint\",\"urlTemplate\":\"https:\/\/happyinaknit.com\/lt\/?s={search_term_string}\"},\"query-input\":{\"@type\":\"PropertyValueSpecification\",\"valueRequired\":true,\"valueName\":\"search_term_string\"}}],\"inLanguage\":\"ru-RU\"}]}<\/script>\n<!-- \/ Yoast SEO plugin. -->","yoast_head_json":{"title":"Muud Helsinki Black - Happyinaknit.com","robots":{"index":"index","follow":"follow","max-snippet":"max-snippet:-1","max-image-preview":"max-image-preview:large","max-video-preview":"max-video-preview:-1"},"canonical":"https:\/\/happyinaknit.com\/ru\/product\/muud-helsinki-black\/","og_locale":"ru_RU","og_type":"article","og_title":"Muud Helsinki Black - Happyinaknit.com","og_description":"Helsinki \u2013 tai kompakti\u0161kas, rank\u0173 darbo odinis d\u0117klas, sukurtas mezg\u0117jams, vertinantiems tvark\u0105 ir estetik\u0105. Jis puikiai tinka laikyti \u017eymeklius, stabd\u017eiukus, sagas ar kitas ma\u017eas smulkmenas, kurios da\u017enai pasimeta mai\u0161elyje ar stal\u010diuje. Pagamintas i\u0161 auk\u0161tos kokyb\u0117s nat\u016bralios odos, \u201eHelsinki\u201c sujungia funkcionalum\u0105 ir eleganti\u0161k\u0105 dizain\u0105. Mink\u0161ta oda suteikia d\u0117klui i\u0161skirtinumo ir autenti\u0161kumo poj\u016bt\u012f, tod\u0117l jis puikiai dera [&hellip;]","og_url":"https:\/\/happyinaknit.com\/ru\/product\/muud-helsinki-black\/","og_site_name":"Happyinaknit.com","article_modified_time":"2026-03-11T12:27:22+00:00","og_image":[{"width":1320,"height":1545,"url":"https:\/\/happyinaknit.com\/wp-content\/uploads\/2025\/10\/IMG_8526.jpg","type":"image\/jpeg"}],"twitter_card":"summary_large_image","twitter_misc":{"\u041f\u0440\u0438\u043c\u0435\u0440\u043d\u043e\u0435 \u0432\u0440\u0435\u043c\u044f \u0434\u043b\u044f \u0447\u0442\u0435\u043d\u0438\u044f":"1 \u043c\u0438\u043d\u0443\u0442\u0430"},"schema":{"@context":"https:\/\/schema.org","@graph":[{"@type":"WebPage","@id":"https:\/\/happyinaknit.com\/produktas\/muud-helsinki-black\/","url":"https:\/\/happyinaknit.com\/produktas\/muud-helsinki-black\/","name":"Muud Helsinki Black - Happyinaknit.com","isPartOf":{"@id":"https:\/\/happyinaknit.com\/lt\/#website"},"primaryImageOfPage":{"@id":"https:\/\/happyinaknit.com\/produktas\/muud-helsinki-black\/#primaryimage"},"image":{"@id":"https:\/\/happyinaknit.com\/produktas\/muud-helsinki-black\/#primaryimage"},"thumbnailUrl":"https:\/\/happyinaknit.com\/wp-content\/uploads\/2025\/10\/IMG_8526.jpg","datePublished":"2025-10-06T19:31:03+00:00","dateModified":"2026-03-11T12:27:22+00:00","breadcrumb":{"@id":"https:\/\/happyinaknit.com\/produktas\/muud-helsinki-black\/#breadcrumb"},"inLanguage":"ru-RU","potentialAction":[{"@type":"ReadAction","target":["https:\/\/happyinaknit.com\/produktas\/muud-helsinki-black\/"]}]},{"@type":"ImageObject","inLanguage":"ru-RU","@id":"https:\/\/happyinaknit.com\/produktas\/muud-helsinki-black\/#primaryimage","url":"https:\/\/happyinaknit.com\/wp-content\/uploads\/2025\/10\/IMG_8526.jpg","contentUrl":"https:\/\/happyinaknit.com\/wp-content\/uploads\/2025\/10\/IMG_8526.jpg","width":1320,"height":1545},{"@type":"BreadcrumbList","@id":"https:\/\/happyinaknit.com\/produktas\/muud-helsinki-black\/#breadcrumb","itemListElement":[{"@type":"ListItem","position":1,"name":"Home","item":"https:\/\/happyinaknit.com\/lt\/"},{"@type":"ListItem","position":2,"name":"Parduotuv\u0117","item":"https:\/\/happyinaknit.com\/lt\/parduotuve\/"},{"@type":"ListItem","position":3,"name":"Muud Helsinki Black"}]},{"@type":"WebSite","@id":"https:\/\/happyinaknit.com\/lt\/#website","url":"https:\/\/happyinaknit.com\/lt\/","name":"Happyinaknit.com","description":"","potentialAction":[{"@type":"SearchAction","target":{"@type":"EntryPoint","urlTemplate":"https:\/\/happyinaknit.com\/lt\/?s={search_term_string}"},"query-input":{"@type":"PropertyValueSpecification","valueRequired":true,"valueName":"search_term_string"}}],"inLanguage":"ru-RU"}]}},"_links":{"self":[{"href":"https:\/\/happyinaknit.com\/ru\/wp-json\/wp\/v2\/product\/3062","targetHints":{"allow":["GET"]}}],"collection":[{"href":"https:\/\/happyinaknit.com\/ru\/wp-json\/wp\/v2\/product"}],"about":[{"href":"https:\/\/happyinaknit.com\/ru\/wp-json\/wp\/v2\/types\/product"}],"replies":[{"embeddable":true,"href":"https:\/\/happyinaknit.com\/ru\/wp-json\/wp\/v2\/comments?post=3062"}],"wp:featuredmedia":[{"embeddable":true,"href":"https:\/\/happyinaknit.com\/ru\/wp-json\/wp\/v2\/media\/3072"}],"wp:attachment":[{"href":"https:\/\/happyinaknit.com\/ru\/wp-json\/wp\/v2\/media?parent=3062"}],"wp:term":[{"taxonomy":"product_brand","embeddable":true,"href":"https:\/\/happyinaknit.com\/ru\/wp-json\/wp\/v2\/product_brand?post=3062"},{"taxonomy":"product_cat","embeddable":true,"href":"https:\/\/happyinaknit.com\/ru\/wp-json\/wp\/v2\/product_cat?post=3062"},{"taxonomy":"product_tag","embeddable":true,"href":"https:\/\/happyinaknit.com\/ru\/wp-json\/wp\/v2\/product_tag?post=3062"},{"taxonomy":"pro-kategorijos","embeddable":true,"href":"https:\/\/happyinaknit.com\/ru\/wp-json\/wp\/v2\/pro-kategorijos?post=3062"}],"curies":[{"name":"wp","href":"https:\/\/api.w.org\/{rel}","templated":true}]}}