{"id":3041,"date":"2025-10-06T19:06:51","date_gmt":"2025-10-06T19:06:51","guid":{"rendered":"https:\/\/happyinaknit.com\/?post_type=product&#038;p=3041"},"modified":"2025-10-28T09:51:33","modified_gmt":"2025-10-28T09:51:33","slug":"muud-emeli-black","status":"publish","type":"product","link":"https:\/\/happyinaknit.com\/ru\/product\/muud-emeli-black\/","title":{"rendered":"Muud Emeli Black"},"content":{"rendered":"<p data-start=\"96\" data-end=\"426\"><strong data-start=\"149\" data-end=\"158\">Emeli<\/strong> \u00a0\u2013 \u043d\u0435\u0431\u043e\u043b\u044c\u0448\u043e\u0439 \u043a\u0440\u0443\u0433\u043b\u044b\u0439 \u043a\u043e\u0436\u0430\u043d\u044b\u0439 \u0447\u0435\u0445\u043e\u043b, \u0441\u043e\u0437\u0434\u0430\u043d\u043d\u044b\u0439 \u0434\u043b\u044f \u0440\u0443\u043a\u043e\u0434\u0435\u043b\u044c\u043d\u0438\u0446, \u0446\u0435\u043d\u044f\u0449\u0438\u0445 \u043f\u043e\u0440\u044f\u0434\u043e\u043a \u0438 \u044d\u0441\u0442\u0435\u0442\u0438\u043a\u0443. \u041e\u043d \u0438\u0434\u0435\u0430\u043b\u044c\u043d\u043e \u043f\u043e\u0434\u0445\u043e\u0434\u0438\u0442 \u0434\u043b\u044f <strong data-start=\"272\" data-end=\"349\">\u0438\u0433\u043b,  \u043f\u0440\u0438\u043d\u0430\u0434\u043b\u0435\u0436\u043d\u043e\u0441\u0442\u0435\u0439 \u0434\u043b\u044f \u0432\u044b\u0448\u0438\u0432\u0430\u043d\u0438\u044f, \u0431\u0443\u0441\u0438\u043d, \u043f\u0443\u0433\u043e\u0432\u0438\u0446 \u0438\u043b\u0438 \u0434\u0440\u0443\u0433\u0438\u0445 \u043c\u0435\u043b\u043a\u0438\u0445 \u043f\u0440\u0435\u0434\u043c\u0435\u0442\u043e\u0432<\/strong> \u0434\u043b\u044f \u0445\u0440\u0430\u043d\u0435\u043d\u0438\u044f \u2013 \u0432\u0441\u0435\u0433\u043e \u0442\u043e\u0433\u043e, \u0447\u0442\u043e \u0447\u0430\u0441\u0442\u043e \u0442\u0435\u0440\u044f\u0435\u0442\u0441\u044f \u043a\u0430\u043a \u0434\u043e\u043c\u0430, \u0442\u0430\u043a \u0438 \u0432\u043e \u0432\u0440\u0435\u043c\u044f \u043f\u0443\u0442\u0435\u0448\u0435\u0441\u0442\u0432\u0438\u0439.<\/p>\n<p data-start=\"428\" data-end=\"658\">\u041f\u0440\u043e\u0447\u043d\u0430\u044f \u0444\u043e\u0440\u043c\u0430 \u0438 \u043c\u0430\u0433\u043d\u0438\u0442\u043d\u043e\u0435 \u0434\u043d\u043e \u043d\u0430\u0434\u0435\u0436\u043d\u043e \u0444\u0438\u043a\u0441\u0438\u0440\u0443\u044e\u0442 \u0438\u0433\u043b\u044b, \u0430 \u043a\u0440\u044b\u0448\u043a\u0430 \u0431\u0435\u0437 \u043c\u043e\u043b\u043d\u0438\u0438 \u043f\u0440\u0438\u0434\u0430\u0435\u0442 \u043a\u043e\u0440\u043e\u0431\u043a\u0435 \u043c\u0438\u043d\u0438\u043c\u0430\u043b\u0438\u0441\u0442\u0438\u0447\u043d\u044b\u0439 \u0438 \u044d\u043b\u0435\u0433\u0430\u043d\u0442\u043d\u044b\u0439 \u0432\u0438\u0434. \u0411\u043b\u0430\u0433\u043e\u0434\u0430\u0440\u044f \u0441\u0432\u043e\u0435\u043c\u0443 \u0434\u0438\u0437\u0430\u0439\u043d\u0443, Emeli \u0442\u0430\u043a\u0436\u0435 \u0438\u0434\u0435\u0430\u043b\u044c\u043d\u043e \u043f\u043e\u0434\u0445\u043e\u0434\u0438\u0442 \u0434\u043b\u044f \u0438\u0441\u043f\u043e\u043b\u044c\u0437\u043e\u0432\u0430\u043d\u0438\u044f \u0432 \u043a\u0430\u0447\u0435\u0441\u0442\u0432\u0435 <strong data-start=\"635\" data-end=\"655\">\u0448\u043a\u0430\u0442\u0443\u043b\u043a\u0430 \u0434\u043b\u044f \u0434\u0440\u0430\u0433\u043e\u0446\u0435\u043d\u043d\u043e\u0441\u0442\u0435\u0439<\/strong>.<\/p>\n<ul data-start=\"660\" data-end=\"988\">\n<li data-start=\"660\" data-end=\"827\">\n<p data-start=\"662\" data-end=\"676\"><strong data-start=\"662\" data-end=\"674\">\u0424\u0443\u043d\u043a\u0446\u0438\u0438:<\/strong><\/p>\n<ul data-start=\"679\" data-end=\"827\">\n<li data-start=\"679\" data-end=\"724\">\n<p data-start=\"681\" data-end=\"724\">\u0420\u0443\u0447\u043d\u0430\u044f \u0440\u0430\u0431\u043e\u0442\u0430, \u0438\u0437 \u043d\u0430\u0442\u0443\u0440\u0430\u043b\u044c\u043d\u043e\u0439 \u043a\u043e\u0436\u0438.<\/p>\n<\/li>\n<li data-start=\"727\" data-end=\"770\">\n<p data-start=\"729\" data-end=\"770\">\u0417\u0430\u0441\u0442\u0435\u0436\u043a\u0430 \u0441 \u043a\u043b\u0430\u043f\u0430\u043d\u043e\u043c (\u0431\u0435\u0437 \u043c\u043e\u043b\u043d\u0438\u0438)<\/p>\n<\/li>\n<li data-start=\"773\" data-end=\"827\">\n<p data-start=\"775\" data-end=\"827\">\u041c\u0430\u0433\u043d\u0438\u0442\u043d\u043e\u0435 \u0434\u043d\u043e \u2013 \u0434\u043b\u044f \u0445\u0440\u0430\u043d\u0435\u043d\u0438\u044f \u0438\u0433\u043e\u043b\u043e\u043a \u0438 \u043c\u0435\u043b\u043a\u0438\u0445 \u043f\u0440\u0435\u0434\u043c\u0435\u0442\u043e\u0432.<\/p>\n<\/li>\n<\/ul>\n<\/li>\n<li data-start=\"828\" data-end=\"889\">\n<p data-start=\"830\" data-end=\"848\"><strong data-start=\"830\" data-end=\"846\">\u0418\u0437\u043c\u0435\u0440\u0435\u043d\u0438\u044f:<\/strong><\/p>\n<ul data-start=\"851\" data-end=\"889\">\n<li data-start=\"851\" data-end=\"868\">\n<p data-start=\"853\" data-end=\"868\">\u0412\u044b\u0441\u043e\u0442\u0430: 4 \u0441\u043c.<\/p>\n<\/li>\n<li data-start=\"871\" data-end=\"889\">\n<p data-start=\"873\" data-end=\"889\">\u0414\u0438\u0430\u043c\u0435\u0442\u0440: 8 \u0441\u043c.<\/p>\n<\/li>\n<\/ul>\n<\/li>\n<li data-start=\"890\" data-end=\"920\">\n<p data-start=\"892\" data-end=\"920\"><strong data-start=\"892\" data-end=\"905\">\u041c\u0430\u0442\u0435\u0440\u0438\u0430\u043b:<\/strong> \u043d\u0430\u0442\u0443\u0440\u0430\u043b\u044c\u043d\u0430\u044f \u043a\u043e\u0436\u0430<\/p>\n<\/li>\n<li data-start=\"921\" data-end=\"988\">\n<p data-start=\"923\" data-end=\"988\"><strong data-start=\"923\" data-end=\"937\">\u041f\u043e\u0434\u043a\u043b\u0430\u0434\u043a\u0430:<\/strong> \u041f\u043e\u043b\u0438\u0434\u0440\u0438\u043b\u043b \u0441 \u0433\u043b\u0430\u0434\u043a\u043e\u0439 \u043f\u043e\u0432\u0435\u0440\u0445\u043d\u043e\u0441\u0442\u044c\u044e \u2013 \u043b\u0435\u0433\u043a\u043e \u0447\u0438\u0441\u0442\u0438\u0442\u044c<\/p>\n<\/li>\n<\/ul>","protected":false},"excerpt":{"rendered":"<p>Emeli \u00a0\u2013 tai ma\u017ea, apvali odin\u0117 d\u0117\u017eut\u0117, sukurta k\u016br\u0117jams, vertinantiems tvark\u0105 ir estetik\u0105. Ji idealiai tinka adatai, siuvin\u0117jimo reikmenims, karoliukams, sagoms ar kitoms smulkmenoms laikyti \u2013 viskam, kas da\u017enai link\u0119 pasimesti tiek namuose, tiek kelion\u0117se. Tvirta forma ir magnetinis dugnas padeda i\u0161laikyti adatas savo vietoje, o dangtelis be u\u017etrauktuko suteikia d\u0117\u017eutei minimalistin\u012f, eleganti\u0161k\u0105 \u012fvaizd\u012f. D\u0117l [&hellip;]<\/p>\n","protected":false},"featured_media":3044,"comment_status":"open","ping_status":"closed","template":"","meta":{"_acf_changed":false},"product_brand":[613],"product_cat":[15,1079,20],"product_tag":[],"pro-kategorijos":[],"class_list":{"0":"post-3041","1":"product","2":"type-product","3":"status-publish","4":"has-post-thumbnail","6":"product_brand-muud","7":"product_cat-visi-produktai","8":"product_cat-deklai","9":"product_cat-priedai-mezgimui","11":"first","12":"instock","13":"shipping-taxable","14":"purchasable","15":"product-type-simple"},"acf":[],"yoast_head":"<!-- This site is optimized with the Yoast SEO plugin v26.8 - https:\/\/yoast.com\/product\/yoast-seo-wordpress\/ -->\n<title>Muud Emeli Black - Happyinaknit.com<\/title>\n<meta name=\"robots\" content=\"index, follow, max-snippet:-1, max-image-preview:large, max-video-preview:-1\" \/>\n<link rel=\"canonical\" href=\"https:\/\/happyinaknit.com\/ru\/product\/muud-emeli-black\/\" \/>\n<meta property=\"og:locale\" content=\"ru_RU\" \/>\n<meta property=\"og:type\" content=\"article\" \/>\n<meta property=\"og:title\" content=\"Muud Emeli Black - Happyinaknit.com\" \/>\n<meta property=\"og:description\" content=\"Emeli \u00a0\u2013 tai ma\u017ea, apvali odin\u0117 d\u0117\u017eut\u0117, sukurta k\u016br\u0117jams, vertinantiems tvark\u0105 ir estetik\u0105. Ji idealiai tinka adatai, siuvin\u0117jimo reikmenims, karoliukams, sagoms ar kitoms smulkmenoms laikyti \u2013 viskam, kas da\u017enai link\u0119 pasimesti tiek namuose, tiek kelion\u0117se. Tvirta forma ir magnetinis dugnas padeda i\u0161laikyti adatas savo vietoje, o dangtelis be u\u017etrauktuko suteikia d\u0117\u017eutei minimalistin\u012f, eleganti\u0161k\u0105 \u012fvaizd\u012f. D\u0117l [&hellip;]\" \/>\n<meta property=\"og:url\" content=\"https:\/\/happyinaknit.com\/ru\/product\/muud-emeli-black\/\" \/>\n<meta property=\"og:site_name\" content=\"Happyinaknit.com\" \/>\n<meta property=\"article:modified_time\" content=\"2025-10-28T09:51:33+00:00\" \/>\n<meta property=\"og:image\" content=\"https:\/\/happyinaknit.com\/wp-content\/uploads\/2025\/10\/Emeli_Case-Embroidery-QB-4382-Black-11_1800x1800.jpg.webp\" \/>\n\t<meta property=\"og:image:width\" content=\"1200\" \/>\n\t<meta property=\"og:image:height\" content=\"1800\" \/>\n\t<meta property=\"og:image:type\" content=\"image\/webp\" \/>\n<meta name=\"twitter:card\" content=\"summary_large_image\" \/>\n<meta name=\"twitter:label1\" content=\"\u041f\u0440\u0438\u043c\u0435\u0440\u043d\u043e\u0435 \u0432\u0440\u0435\u043c\u044f \u0434\u043b\u044f \u0447\u0442\u0435\u043d\u0438\u044f\" \/>\n\t<meta name=\"twitter:data1\" content=\"1 \u043c\u0438\u043d\u0443\u0442\u0430\" \/>\n<script type=\"application\/ld+json\" class=\"yoast-schema-graph\">{\"@context\":\"https:\/\/schema.org\",\"@graph\":[{\"@type\":\"WebPage\",\"@id\":\"https:\/\/happyinaknit.com\/produktas\/muud-emeli-black\/\",\"url\":\"https:\/\/happyinaknit.com\/produktas\/muud-emeli-black\/\",\"name\":\"Muud Emeli Black - Happyinaknit.com\",\"isPartOf\":{\"@id\":\"https:\/\/happyinaknit.com\/lt\/#website\"},\"primaryImageOfPage\":{\"@id\":\"https:\/\/happyinaknit.com\/produktas\/muud-emeli-black\/#primaryimage\"},\"image\":{\"@id\":\"https:\/\/happyinaknit.com\/produktas\/muud-emeli-black\/#primaryimage\"},\"thumbnailUrl\":\"https:\/\/happyinaknit.com\/wp-content\/uploads\/2025\/10\/Emeli_Case-Embroidery-QB-4382-Black-11_1800x1800.jpg.webp\",\"datePublished\":\"2025-10-06T19:06:51+00:00\",\"dateModified\":\"2025-10-28T09:51:33+00:00\",\"breadcrumb\":{\"@id\":\"https:\/\/happyinaknit.com\/produktas\/muud-emeli-black\/#breadcrumb\"},\"inLanguage\":\"ru-RU\",\"potentialAction\":[{\"@type\":\"ReadAction\",\"target\":[\"https:\/\/happyinaknit.com\/produktas\/muud-emeli-black\/\"]}]},{\"@type\":\"ImageObject\",\"inLanguage\":\"ru-RU\",\"@id\":\"https:\/\/happyinaknit.com\/produktas\/muud-emeli-black\/#primaryimage\",\"url\":\"https:\/\/happyinaknit.com\/wp-content\/uploads\/2025\/10\/Emeli_Case-Embroidery-QB-4382-Black-11_1800x1800.jpg.webp\",\"contentUrl\":\"https:\/\/happyinaknit.com\/wp-content\/uploads\/2025\/10\/Emeli_Case-Embroidery-QB-4382-Black-11_1800x1800.jpg.webp\",\"width\":1200,\"height\":1800},{\"@type\":\"BreadcrumbList\",\"@id\":\"https:\/\/happyinaknit.com\/produktas\/muud-emeli-black\/#breadcrumb\",\"itemListElement\":[{\"@type\":\"ListItem\",\"position\":1,\"name\":\"Home\",\"item\":\"https:\/\/happyinaknit.com\/lt\/\"},{\"@type\":\"ListItem\",\"position\":2,\"name\":\"Parduotuv\u0117\",\"item\":\"https:\/\/happyinaknit.com\/lt\/parduotuve\/\"},{\"@type\":\"ListItem\",\"position\":3,\"name\":\"Muud Emeli Black\"}]},{\"@type\":\"WebSite\",\"@id\":\"https:\/\/happyinaknit.com\/lt\/#website\",\"url\":\"https:\/\/happyinaknit.com\/lt\/\",\"name\":\"Happyinaknit.com\",\"description\":\"\",\"potentialAction\":[{\"@type\":\"SearchAction\",\"target\":{\"@type\":\"EntryPoint\",\"urlTemplate\":\"https:\/\/happyinaknit.com\/lt\/?s={search_term_string}\"},\"query-input\":{\"@type\":\"PropertyValueSpecification\",\"valueRequired\":true,\"valueName\":\"search_term_string\"}}],\"inLanguage\":\"ru-RU\"}]}<\/script>\n<!-- \/ Yoast SEO plugin. -->","yoast_head_json":{"title":"Muud Emeli Black - Happyinaknit.com","robots":{"index":"index","follow":"follow","max-snippet":"max-snippet:-1","max-image-preview":"max-image-preview:large","max-video-preview":"max-video-preview:-1"},"canonical":"https:\/\/happyinaknit.com\/ru\/product\/muud-emeli-black\/","og_locale":"ru_RU","og_type":"article","og_title":"Muud Emeli Black - Happyinaknit.com","og_description":"Emeli \u00a0\u2013 tai ma\u017ea, apvali odin\u0117 d\u0117\u017eut\u0117, sukurta k\u016br\u0117jams, vertinantiems tvark\u0105 ir estetik\u0105. Ji idealiai tinka adatai, siuvin\u0117jimo reikmenims, karoliukams, sagoms ar kitoms smulkmenoms laikyti \u2013 viskam, kas da\u017enai link\u0119 pasimesti tiek namuose, tiek kelion\u0117se. Tvirta forma ir magnetinis dugnas padeda i\u0161laikyti adatas savo vietoje, o dangtelis be u\u017etrauktuko suteikia d\u0117\u017eutei minimalistin\u012f, eleganti\u0161k\u0105 \u012fvaizd\u012f. D\u0117l [&hellip;]","og_url":"https:\/\/happyinaknit.com\/ru\/product\/muud-emeli-black\/","og_site_name":"Happyinaknit.com","article_modified_time":"2025-10-28T09:51:33+00:00","og_image":[{"width":1200,"height":1800,"url":"https:\/\/happyinaknit.com\/wp-content\/uploads\/2025\/10\/Emeli_Case-Embroidery-QB-4382-Black-11_1800x1800.jpg.webp","type":"image\/webp"}],"twitter_card":"summary_large_image","twitter_misc":{"\u041f\u0440\u0438\u043c\u0435\u0440\u043d\u043e\u0435 \u0432\u0440\u0435\u043c\u044f \u0434\u043b\u044f \u0447\u0442\u0435\u043d\u0438\u044f":"1 \u043c\u0438\u043d\u0443\u0442\u0430"},"schema":{"@context":"https:\/\/schema.org","@graph":[{"@type":"WebPage","@id":"https:\/\/happyinaknit.com\/produktas\/muud-emeli-black\/","url":"https:\/\/happyinaknit.com\/produktas\/muud-emeli-black\/","name":"Muud Emeli Black - Happyinaknit.com","isPartOf":{"@id":"https:\/\/happyinaknit.com\/lt\/#website"},"primaryImageOfPage":{"@id":"https:\/\/happyinaknit.com\/produktas\/muud-emeli-black\/#primaryimage"},"image":{"@id":"https:\/\/happyinaknit.com\/produktas\/muud-emeli-black\/#primaryimage"},"thumbnailUrl":"https:\/\/happyinaknit.com\/wp-content\/uploads\/2025\/10\/Emeli_Case-Embroidery-QB-4382-Black-11_1800x1800.jpg.webp","datePublished":"2025-10-06T19:06:51+00:00","dateModified":"2025-10-28T09:51:33+00:00","breadcrumb":{"@id":"https:\/\/happyinaknit.com\/produktas\/muud-emeli-black\/#breadcrumb"},"inLanguage":"ru-RU","potentialAction":[{"@type":"ReadAction","target":["https:\/\/happyinaknit.com\/produktas\/muud-emeli-black\/"]}]},{"@type":"ImageObject","inLanguage":"ru-RU","@id":"https:\/\/happyinaknit.com\/produktas\/muud-emeli-black\/#primaryimage","url":"https:\/\/happyinaknit.com\/wp-content\/uploads\/2025\/10\/Emeli_Case-Embroidery-QB-4382-Black-11_1800x1800.jpg.webp","contentUrl":"https:\/\/happyinaknit.com\/wp-content\/uploads\/2025\/10\/Emeli_Case-Embroidery-QB-4382-Black-11_1800x1800.jpg.webp","width":1200,"height":1800},{"@type":"BreadcrumbList","@id":"https:\/\/happyinaknit.com\/produktas\/muud-emeli-black\/#breadcrumb","itemListElement":[{"@type":"ListItem","position":1,"name":"Home","item":"https:\/\/happyinaknit.com\/lt\/"},{"@type":"ListItem","position":2,"name":"Parduotuv\u0117","item":"https:\/\/happyinaknit.com\/lt\/parduotuve\/"},{"@type":"ListItem","position":3,"name":"Muud Emeli Black"}]},{"@type":"WebSite","@id":"https:\/\/happyinaknit.com\/lt\/#website","url":"https:\/\/happyinaknit.com\/lt\/","name":"Happyinaknit.com","description":"","potentialAction":[{"@type":"SearchAction","target":{"@type":"EntryPoint","urlTemplate":"https:\/\/happyinaknit.com\/lt\/?s={search_term_string}"},"query-input":{"@type":"PropertyValueSpecification","valueRequired":true,"valueName":"search_term_string"}}],"inLanguage":"ru-RU"}]}},"_links":{"self":[{"href":"https:\/\/happyinaknit.com\/ru\/wp-json\/wp\/v2\/product\/3041","targetHints":{"allow":["GET"]}}],"collection":[{"href":"https:\/\/happyinaknit.com\/ru\/wp-json\/wp\/v2\/product"}],"about":[{"href":"https:\/\/happyinaknit.com\/ru\/wp-json\/wp\/v2\/types\/product"}],"replies":[{"embeddable":true,"href":"https:\/\/happyinaknit.com\/ru\/wp-json\/wp\/v2\/comments?post=3041"}],"wp:featuredmedia":[{"embeddable":true,"href":"https:\/\/happyinaknit.com\/ru\/wp-json\/wp\/v2\/media\/3044"}],"wp:attachment":[{"href":"https:\/\/happyinaknit.com\/ru\/wp-json\/wp\/v2\/media?parent=3041"}],"wp:term":[{"taxonomy":"product_brand","embeddable":true,"href":"https:\/\/happyinaknit.com\/ru\/wp-json\/wp\/v2\/product_brand?post=3041"},{"taxonomy":"product_cat","embeddable":true,"href":"https:\/\/happyinaknit.com\/ru\/wp-json\/wp\/v2\/product_cat?post=3041"},{"taxonomy":"product_tag","embeddable":true,"href":"https:\/\/happyinaknit.com\/ru\/wp-json\/wp\/v2\/product_tag?post=3041"},{"taxonomy":"pro-kategorijos","embeddable":true,"href":"https:\/\/happyinaknit.com\/ru\/wp-json\/wp\/v2\/pro-kategorijos?post=3041"}],"curies":[{"name":"wp","href":"https:\/\/api.w.org\/{rel}","templated":true}]}}