{"id":3029,"date":"2025-10-06T18:57:04","date_gmt":"2025-10-06T18:57:04","guid":{"rendered":"https:\/\/happyinaknit.com\/?post_type=product&#038;p=3029"},"modified":"2025-10-28T09:29:06","modified_gmt":"2025-10-28T09:29:06","slug":"muud-bergen-rich-brown","status":"publish","type":"product","link":"https:\/\/happyinaknit.com\/ru\/product\/muud-bergen-rich-brown\/","title":{"rendered":"Muud Bergen Rich Brown"},"content":{"rendered":"<p data-start=\"103\" data-end=\"479\"><strong data-start=\"167\" data-end=\"177\">Bergen<\/strong> \u2013 \u044d\u0442\u043e \u043a\u0440\u0430\u0441\u0438\u0432\u044b\u0439 \u043a\u043e\u0436\u0430\u043d\u044b\u0439 \u0447\u0435\u0445\u043e\u043b \u0440\u0443\u0447\u043d\u043e\u0439 \u0440\u0430\u0431\u043e\u0442\u044b, \u043a\u043e\u0442\u043e\u0440\u044b\u0439 \u043f\u043e\u043c\u043e\u0436\u0435\u0442 \u0432\u0430\u043c \u043e\u0440\u0433\u0430\u043d\u0438\u0437\u043e\u0432\u0430\u0442\u044c \u0441\u0442\u043e\u043f\u043f\u0435\u0440\u044b, \u043c\u0430\u0440\u043a\u0435\u0440\u044b \u0438 \u0434\u0440\u0443\u0433\u0438\u0435 \u043c\u0435\u043b\u043a\u0438\u0435 \u043f\u0440\u0438\u043d\u0430\u0434\u043b\u0435\u0436\u043d\u043e\u0441\u0442\u0438 \u0434\u043b\u044f \u0432\u044f\u0437\u0430\u043d\u0438\u044f. \u041a\u043e\u043c\u043f\u0430\u043a\u0442\u043d\u044b\u0439 \u0438 \u0443\u0434\u043e\u0431\u043d\u044b\u0439, \u043e\u043d \u0438\u0434\u0435\u0430\u043b\u044c\u043d\u043e \u043f\u043e\u0434\u0445\u043e\u0434\u0438\u0442 \u043a\u0430\u043a \u0434\u043b\u044f \u0434\u043e\u043c\u0430, \u0442\u0430\u043a \u0438 \u0434\u043b\u044f \u043f\u0443\u0442\u0435\u0448\u0435\u0441\u0442\u0432\u0438\u0439 \u2013 \u0447\u0435\u0445\u043e\u043b \u043b\u0435\u0433\u043a\u043e \u043f\u043e\u043c\u0435\u0449\u0430\u0435\u0442\u0441\u044f \u0432 \u0431\u043e\u043b\u044c\u0448\u0443\u044e \u0441\u0443\u043c\u043a\u0443 \u0434\u043b\u044f \u0440\u0443\u043a\u043e\u0434\u0435\u043b\u0438\u044f \u0438 \u0432\u0441\u0435\u0433\u0434\u0430 \u0431\u0443\u0434\u0435\u0442 \u043f\u043e\u0434 \u0440\u0443\u043a\u043e\u0439.<\/p>\n<p data-start=\"481\" data-end=\"723\">\u0421\u0443\u043c\u043a\u0430 Bergen \u0438\u0437 \u0432\u044b\u0441\u043e\u043a\u043e\u043a\u0430\u0447\u0435\u0441\u0442\u0432\u0435\u043d\u043d\u043e\u0439 \u043d\u0430\u0442\u0443\u0440\u0430\u043b\u044c\u043d\u043e\u0439 \u043a\u043e\u0436\u0438 \u0441\u043e\u0447\u0435\u0442\u0430\u0435\u0442 \u0432 \u0441\u0435\u0431\u0435 \u043f\u0440\u0430\u043a\u0442\u0438\u0447\u043d\u043e\u0441\u0442\u044c \u0438 \u043a\u043b\u0430\u0441\u0441\u0438\u0447\u0435\u0441\u043a\u0438\u0439 \u0434\u0438\u0437\u0430\u0439\u043d. \u0417\u0430\u0441\u0442\u0451\u0436\u043a\u0430 \u043d\u0430 \u043a\u043d\u043e\u043f\u043a\u0435 \u0433\u0430\u0440\u0430\u043d\u0442\u0438\u0440\u0443\u0435\u0442 \u0447\u0442\u043e \u0432\u0441\u0435 \u043c\u0435\u043b\u043a\u0438\u0445 \u0430\u043a\u0441\u0435\u0441\u0441\u0443\u0430\u0440\u044b \u043e\u0441\u0442\u0430\u043d\u0443\u0442\u0441\u044f \u0432\u043d\u0443\u0442\u0440\u0438, \u0430 \u0441\u0430\u043c \u0447\u0435\u0445\u043e\u043b \u0441\u0442\u0438\u043b\u044c\u043d\u043e \u0441\u043c\u043e\u0442\u0440\u0438\u0442\u0441\u044f \u043a\u0430\u043a \u043d\u0430 \u0440\u0430\u0431\u043e\u0447\u0435\u043c \u0441\u0442\u043e\u043b\u0435, \u0442\u0430\u043a \u0438 \u0432 \u0434\u043e\u0440\u043e\u0433\u0435.<\/p>\n<ul data-start=\"725\" data-end=\"996\">\n<li data-start=\"725\" data-end=\"903\">\n<p data-start=\"727\" data-end=\"741\"><strong data-start=\"727\" data-end=\"739\">\u0424\u0443\u043d\u043a\u0446\u0438\u0438:<\/strong><\/p>\n<ul data-start=\"744\" data-end=\"903\">\n<li data-start=\"744\" data-end=\"790\">\n<p data-start=\"746\" data-end=\"790\">\u0420\u0443\u0447\u043d\u0430\u044f \u0440\u0430\u0431\u043e\u0442\u0430, \u0438\u0437 \u043d\u0430\u0442\u0443\u0440\u0430\u043b\u044c\u043d\u043e\u0439 \u043a\u043e\u0436\u0438.<\/p>\n<\/li>\n<li data-start=\"793\" data-end=\"877\">\n<p data-start=\"795\" data-end=\"877\">\u0423\u0434\u043e\u0431\u043d\u043e \u0434\u043b\u044f \u0445\u0440\u0430\u043d\u0435\u043d\u0438\u044f \u043c\u0435\u043b\u043a\u0438\u0445 \u0432\u044f\u0437\u0430\u043b\u044c\u043d\u044b\u0445 \u043f\u0440\u0438\u043d\u0430\u0434\u043b\u0435\u0436\u043d\u043e\u0441\u0442\u0435\u0439 (\u0441\u0442\u043e\u043f\u043f\u0435\u0440\u044b, \u043c\u0430\u0440\u043a\u0435\u0440\u044b)<\/p>\n<\/li>\n<li data-start=\"880\" data-end=\"903\">\n<p data-start=\"882\" data-end=\"903\">\u0417\u0430\u0441\u0442\u0435\u0436\u043a\u0430 \u043d\u0430 \u043a\u043d\u043e\u043f\u043a\u0443<\/p>\n<\/li>\n<\/ul>\n<\/li>\n<li data-start=\"904\" data-end=\"965\">\n<p data-start=\"906\" data-end=\"924\"><strong data-start=\"906\" data-end=\"922\">\u0418\u0437\u043c\u0435\u0440\u0435\u043d\u0438\u044f:<\/strong><\/p>\n<ul data-start=\"927\" data-end=\"965\">\n<li data-start=\"927\" data-end=\"946\">\n<p data-start=\"929\" data-end=\"946\">\u0412\u044b\u0441\u043e\u0442\u0430: 9,5 \u0441\u043c.<\/p>\n<\/li>\n<li data-start=\"949\" data-end=\"965\">\n<p data-start=\"951\" data-end=\"965\">\u0428\u0438\u0440\u0438\u043d\u0430: 8 \u0441\u043c<\/p>\n<\/li>\n<\/ul>\n<\/li>\n<li data-start=\"966\" data-end=\"996\">\n<p data-start=\"968\" data-end=\"996\"><strong data-start=\"968\" data-end=\"981\">\u041c\u0430\u0442\u0435\u0440\u0438\u0430\u043b:<\/strong> \u043d\u0430\u0442\u0443\u0440\u0430\u043b\u044c\u043d\u0430\u044f \u043a\u043e\u0436\u0430<\/p>\n<\/li>\n<\/ul>","protected":false},"excerpt":{"rendered":"<p>Bergen \u2013 tai gra\u017eus, rank\u0173 darbo odinis d\u0117klas, padedantis tvarkingai laikyti \u00a0stabd\u017eiukus, \u017eymeklius ir kitas ma\u017eas mezgimo smulkmenas. Kompakti\u0161kas ir patogus, jis puikiai tinka tiek namuose, tiek kelion\u0117se \u2013 d\u0117klas lengvai telpa \u012f didesn\u012f projekt\u0173 krep\u0161\u012f ir visada lieka po ranka. Pagamintas i\u0161 auk\u0161tos kokyb\u0117s nat\u016bralios odos, \u201eBergen\u201c sujungia prakti\u0161kum\u0105 ir klasikin\u012f dizain\u0105. U\u017edarymas su [&hellip;]<\/p>\n","protected":false},"featured_media":3030,"comment_status":"open","ping_status":"closed","template":"","meta":{"_acf_changed":false},"product_brand":[613],"product_cat":[15,1079,20],"product_tag":[],"pro-kategorijos":[],"class_list":{"0":"post-3029","1":"product","2":"type-product","3":"status-publish","4":"has-post-thumbnail","6":"product_brand-muud","7":"product_cat-visi-produktai","8":"product_cat-deklai","9":"product_cat-priedai-mezgimui","11":"first","12":"instock","13":"shipping-taxable","14":"purchasable","15":"product-type-simple"},"acf":[],"yoast_head":"<!-- This site is optimized with the Yoast SEO plugin v26.8 - https:\/\/yoast.com\/product\/yoast-seo-wordpress\/ -->\n<title>Muud Bergen Rich Brown - Happyinaknit.com<\/title>\n<meta name=\"robots\" content=\"index, follow, max-snippet:-1, max-image-preview:large, max-video-preview:-1\" \/>\n<link rel=\"canonical\" href=\"https:\/\/happyinaknit.com\/ru\/product\/muud-bergen-rich-brown\/\" \/>\n<meta property=\"og:locale\" content=\"ru_RU\" \/>\n<meta property=\"og:type\" content=\"article\" \/>\n<meta property=\"og:title\" content=\"Muud Bergen Rich Brown - Happyinaknit.com\" \/>\n<meta property=\"og:description\" content=\"Bergen \u2013 tai gra\u017eus, rank\u0173 darbo odinis d\u0117klas, padedantis tvarkingai laikyti \u00a0stabd\u017eiukus, \u017eymeklius ir kitas ma\u017eas mezgimo smulkmenas. Kompakti\u0161kas ir patogus, jis puikiai tinka tiek namuose, tiek kelion\u0117se \u2013 d\u0117klas lengvai telpa \u012f didesn\u012f projekt\u0173 krep\u0161\u012f ir visada lieka po ranka. Pagamintas i\u0161 auk\u0161tos kokyb\u0117s nat\u016bralios odos, \u201eBergen\u201c sujungia prakti\u0161kum\u0105 ir klasikin\u012f dizain\u0105. U\u017edarymas su [&hellip;]\" \/>\n<meta property=\"og:url\" content=\"https:\/\/happyinaknit.com\/ru\/product\/muud-bergen-rich-brown\/\" \/>\n<meta property=\"og:site_name\" content=\"Happyinaknit.com\" \/>\n<meta property=\"article:modified_time\" content=\"2025-10-28T09:29:06+00:00\" \/>\n<meta property=\"og:image\" content=\"https:\/\/happyinaknit.com\/wp-content\/uploads\/2025\/10\/Bergen_RichBrown_AFront_1800x1800.jpg.webp\" \/>\n\t<meta property=\"og:image:width\" content=\"1200\" \/>\n\t<meta property=\"og:image:height\" content=\"1800\" \/>\n\t<meta property=\"og:image:type\" content=\"image\/webp\" \/>\n<meta name=\"twitter:card\" content=\"summary_large_image\" \/>\n<meta name=\"twitter:label1\" content=\"\u041f\u0440\u0438\u043c\u0435\u0440\u043d\u043e\u0435 \u0432\u0440\u0435\u043c\u044f \u0434\u043b\u044f \u0447\u0442\u0435\u043d\u0438\u044f\" \/>\n\t<meta name=\"twitter:data1\" content=\"1 \u043c\u0438\u043d\u0443\u0442\u0430\" \/>\n<script type=\"application\/ld+json\" class=\"yoast-schema-graph\">{\"@context\":\"https:\/\/schema.org\",\"@graph\":[{\"@type\":\"WebPage\",\"@id\":\"https:\/\/happyinaknit.com\/produktas\/muud-bergen-rich-brown\/\",\"url\":\"https:\/\/happyinaknit.com\/produktas\/muud-bergen-rich-brown\/\",\"name\":\"Muud Bergen Rich Brown - Happyinaknit.com\",\"isPartOf\":{\"@id\":\"https:\/\/happyinaknit.com\/lt\/#website\"},\"primaryImageOfPage\":{\"@id\":\"https:\/\/happyinaknit.com\/produktas\/muud-bergen-rich-brown\/#primaryimage\"},\"image\":{\"@id\":\"https:\/\/happyinaknit.com\/produktas\/muud-bergen-rich-brown\/#primaryimage\"},\"thumbnailUrl\":\"https:\/\/happyinaknit.com\/wp-content\/uploads\/2025\/10\/Bergen_RichBrown_AFront_1800x1800.jpg.webp\",\"datePublished\":\"2025-10-06T18:57:04+00:00\",\"dateModified\":\"2025-10-28T09:29:06+00:00\",\"breadcrumb\":{\"@id\":\"https:\/\/happyinaknit.com\/produktas\/muud-bergen-rich-brown\/#breadcrumb\"},\"inLanguage\":\"ru-RU\",\"potentialAction\":[{\"@type\":\"ReadAction\",\"target\":[\"https:\/\/happyinaknit.com\/produktas\/muud-bergen-rich-brown\/\"]}]},{\"@type\":\"ImageObject\",\"inLanguage\":\"ru-RU\",\"@id\":\"https:\/\/happyinaknit.com\/produktas\/muud-bergen-rich-brown\/#primaryimage\",\"url\":\"https:\/\/happyinaknit.com\/wp-content\/uploads\/2025\/10\/Bergen_RichBrown_AFront_1800x1800.jpg.webp\",\"contentUrl\":\"https:\/\/happyinaknit.com\/wp-content\/uploads\/2025\/10\/Bergen_RichBrown_AFront_1800x1800.jpg.webp\",\"width\":1200,\"height\":1800},{\"@type\":\"BreadcrumbList\",\"@id\":\"https:\/\/happyinaknit.com\/produktas\/muud-bergen-rich-brown\/#breadcrumb\",\"itemListElement\":[{\"@type\":\"ListItem\",\"position\":1,\"name\":\"Home\",\"item\":\"https:\/\/happyinaknit.com\/lt\/\"},{\"@type\":\"ListItem\",\"position\":2,\"name\":\"Parduotuv\u0117\",\"item\":\"https:\/\/happyinaknit.com\/lt\/parduotuve\/\"},{\"@type\":\"ListItem\",\"position\":3,\"name\":\"Muud Bergen Rich Brown\"}]},{\"@type\":\"WebSite\",\"@id\":\"https:\/\/happyinaknit.com\/lt\/#website\",\"url\":\"https:\/\/happyinaknit.com\/lt\/\",\"name\":\"Happyinaknit.com\",\"description\":\"\",\"potentialAction\":[{\"@type\":\"SearchAction\",\"target\":{\"@type\":\"EntryPoint\",\"urlTemplate\":\"https:\/\/happyinaknit.com\/lt\/?s={search_term_string}\"},\"query-input\":{\"@type\":\"PropertyValueSpecification\",\"valueRequired\":true,\"valueName\":\"search_term_string\"}}],\"inLanguage\":\"ru-RU\"}]}<\/script>\n<!-- \/ Yoast SEO plugin. -->","yoast_head_json":{"title":"Muud Bergen Rich Brown - Happyinaknit.com","robots":{"index":"index","follow":"follow","max-snippet":"max-snippet:-1","max-image-preview":"max-image-preview:large","max-video-preview":"max-video-preview:-1"},"canonical":"https:\/\/happyinaknit.com\/ru\/product\/muud-bergen-rich-brown\/","og_locale":"ru_RU","og_type":"article","og_title":"Muud Bergen Rich Brown - Happyinaknit.com","og_description":"Bergen \u2013 tai gra\u017eus, rank\u0173 darbo odinis d\u0117klas, padedantis tvarkingai laikyti \u00a0stabd\u017eiukus, \u017eymeklius ir kitas ma\u017eas mezgimo smulkmenas. Kompakti\u0161kas ir patogus, jis puikiai tinka tiek namuose, tiek kelion\u0117se \u2013 d\u0117klas lengvai telpa \u012f didesn\u012f projekt\u0173 krep\u0161\u012f ir visada lieka po ranka. Pagamintas i\u0161 auk\u0161tos kokyb\u0117s nat\u016bralios odos, \u201eBergen\u201c sujungia prakti\u0161kum\u0105 ir klasikin\u012f dizain\u0105. U\u017edarymas su [&hellip;]","og_url":"https:\/\/happyinaknit.com\/ru\/product\/muud-bergen-rich-brown\/","og_site_name":"Happyinaknit.com","article_modified_time":"2025-10-28T09:29:06+00:00","og_image":[{"width":1200,"height":1800,"url":"https:\/\/happyinaknit.com\/wp-content\/uploads\/2025\/10\/Bergen_RichBrown_AFront_1800x1800.jpg.webp","type":"image\/webp"}],"twitter_card":"summary_large_image","twitter_misc":{"\u041f\u0440\u0438\u043c\u0435\u0440\u043d\u043e\u0435 \u0432\u0440\u0435\u043c\u044f \u0434\u043b\u044f \u0447\u0442\u0435\u043d\u0438\u044f":"1 \u043c\u0438\u043d\u0443\u0442\u0430"},"schema":{"@context":"https:\/\/schema.org","@graph":[{"@type":"WebPage","@id":"https:\/\/happyinaknit.com\/produktas\/muud-bergen-rich-brown\/","url":"https:\/\/happyinaknit.com\/produktas\/muud-bergen-rich-brown\/","name":"Muud Bergen Rich Brown - Happyinaknit.com","isPartOf":{"@id":"https:\/\/happyinaknit.com\/lt\/#website"},"primaryImageOfPage":{"@id":"https:\/\/happyinaknit.com\/produktas\/muud-bergen-rich-brown\/#primaryimage"},"image":{"@id":"https:\/\/happyinaknit.com\/produktas\/muud-bergen-rich-brown\/#primaryimage"},"thumbnailUrl":"https:\/\/happyinaknit.com\/wp-content\/uploads\/2025\/10\/Bergen_RichBrown_AFront_1800x1800.jpg.webp","datePublished":"2025-10-06T18:57:04+00:00","dateModified":"2025-10-28T09:29:06+00:00","breadcrumb":{"@id":"https:\/\/happyinaknit.com\/produktas\/muud-bergen-rich-brown\/#breadcrumb"},"inLanguage":"ru-RU","potentialAction":[{"@type":"ReadAction","target":["https:\/\/happyinaknit.com\/produktas\/muud-bergen-rich-brown\/"]}]},{"@type":"ImageObject","inLanguage":"ru-RU","@id":"https:\/\/happyinaknit.com\/produktas\/muud-bergen-rich-brown\/#primaryimage","url":"https:\/\/happyinaknit.com\/wp-content\/uploads\/2025\/10\/Bergen_RichBrown_AFront_1800x1800.jpg.webp","contentUrl":"https:\/\/happyinaknit.com\/wp-content\/uploads\/2025\/10\/Bergen_RichBrown_AFront_1800x1800.jpg.webp","width":1200,"height":1800},{"@type":"BreadcrumbList","@id":"https:\/\/happyinaknit.com\/produktas\/muud-bergen-rich-brown\/#breadcrumb","itemListElement":[{"@type":"ListItem","position":1,"name":"Home","item":"https:\/\/happyinaknit.com\/lt\/"},{"@type":"ListItem","position":2,"name":"Parduotuv\u0117","item":"https:\/\/happyinaknit.com\/lt\/parduotuve\/"},{"@type":"ListItem","position":3,"name":"Muud Bergen Rich Brown"}]},{"@type":"WebSite","@id":"https:\/\/happyinaknit.com\/lt\/#website","url":"https:\/\/happyinaknit.com\/lt\/","name":"Happyinaknit.com","description":"","potentialAction":[{"@type":"SearchAction","target":{"@type":"EntryPoint","urlTemplate":"https:\/\/happyinaknit.com\/lt\/?s={search_term_string}"},"query-input":{"@type":"PropertyValueSpecification","valueRequired":true,"valueName":"search_term_string"}}],"inLanguage":"ru-RU"}]}},"_links":{"self":[{"href":"https:\/\/happyinaknit.com\/ru\/wp-json\/wp\/v2\/product\/3029","targetHints":{"allow":["GET"]}}],"collection":[{"href":"https:\/\/happyinaknit.com\/ru\/wp-json\/wp\/v2\/product"}],"about":[{"href":"https:\/\/happyinaknit.com\/ru\/wp-json\/wp\/v2\/types\/product"}],"replies":[{"embeddable":true,"href":"https:\/\/happyinaknit.com\/ru\/wp-json\/wp\/v2\/comments?post=3029"}],"wp:featuredmedia":[{"embeddable":true,"href":"https:\/\/happyinaknit.com\/ru\/wp-json\/wp\/v2\/media\/3030"}],"wp:attachment":[{"href":"https:\/\/happyinaknit.com\/ru\/wp-json\/wp\/v2\/media?parent=3029"}],"wp:term":[{"taxonomy":"product_brand","embeddable":true,"href":"https:\/\/happyinaknit.com\/ru\/wp-json\/wp\/v2\/product_brand?post=3029"},{"taxonomy":"product_cat","embeddable":true,"href":"https:\/\/happyinaknit.com\/ru\/wp-json\/wp\/v2\/product_cat?post=3029"},{"taxonomy":"product_tag","embeddable":true,"href":"https:\/\/happyinaknit.com\/ru\/wp-json\/wp\/v2\/product_tag?post=3029"},{"taxonomy":"pro-kategorijos","embeddable":true,"href":"https:\/\/happyinaknit.com\/ru\/wp-json\/wp\/v2\/pro-kategorijos?post=3029"}],"curies":[{"name":"wp","href":"https:\/\/api.w.org\/{rel}","templated":true}]}}