{"id":3002,"date":"2025-10-06T18:18:14","date_gmt":"2025-10-06T18:18:14","guid":{"rendered":"https:\/\/happyinaknit.com\/?post_type=product&#038;p=3002"},"modified":"2025-12-29T12:02:00","modified_gmt":"2025-12-29T12:02:00","slug":"muud-carla-rich-brown","status":"publish","type":"product","link":"https:\/\/happyinaknit.com\/ru\/product\/muud-carla-rich-brown\/","title":{"rendered":"Muud Carla Rich Brown"},"content":{"rendered":"<p data-start=\"124\" data-end=\"499\"><strong data-start=\"189\" data-end=\"198\">Carla<\/strong> \u2013 \u044d\u0442\u043e \u043e\u0434\u0438\u043d \u0438\u0437 \u0441\u0430\u043c\u044b\u0445 \u043c\u0430\u043b\u0435\u043d\u044c\u043a\u0438\u0445 <em data-start=\"224\" data-end=\"230\">Muud<\/em> \u0447\u0435\u0445\u043b\u043e\u0432, \u043a\u043e\u0442\u043e\u0440\u044b\u0439 \u043b\u0435\u0433\u043a\u043e \u043f\u043e\u043c\u0435\u0449\u0430\u0435\u0442\u0441\u044f \u0432 \u0434\u0440\u0443\u0433\u0438\u0435 \u0447\u0435\u0445\u043b\u044b \u0438\u043b\u0438 \u0441\u0443\u043c\u043a\u0438 \u0434\u043b\u044f \u043f\u0440\u043e\u0435\u043a\u0442\u043e\u0432, \u043f\u043e\u0437\u0432\u043e\u043b\u044f\u044e\u0442 \u043c\u0430\u043a\u0441\u0438\u043c\u0430\u043b\u044c\u043d\u043e \u044d\u0444\u0444\u0435\u043a\u0442\u0438\u0432\u043d\u043e \u0438\u0441\u043f\u043e\u043b\u044c\u0437\u043e\u0432\u0430\u0442\u044c \u043f\u0440\u043e\u0441\u0442\u0440\u0430\u043d\u0441\u0442\u0432\u043e. \u042d\u0442\u043e\u0442 \u043a\u043e\u043c\u043f\u0430\u043a\u0442\u043d\u044b\u0439 \u0447\u0435\u0445\u043e\u043b \u0438\u0434\u0435\u0430\u043b\u044c\u043d\u043e \u043f\u043e\u0434\u0445\u043e\u0434\u0438\u0442 \u0434\u043b\u044f \u0445\u0440\u0430\u043d\u0435\u043d\u0438\u044f \u043d\u0435\u0431\u043e\u043b\u044c\u0448\u0438\u0445 \u0432\u044f\u0437\u0430\u043b\u044c\u043d\u044b\u0445 \u043f\u0440\u0438\u043d\u0430\u0434\u043b\u0435\u0436\u043d\u043e\u0441\u0442\u0435\u0439, \u0442\u0430\u043a\u0438\u0445 \u043a\u0430\u043a \u0441\u0442\u043e\u043f\u043f\u0435\u0440\u044b, \u043c\u0430\u0440\u043a\u0435\u0440\u044b, \u0448\u0432\u0435\u0439\u043d\u044b\u0435 \u0438 \u0432\u044b\u0448\u0438\u0432\u0430\u043b\u044c\u043d\u044b\u0435 \u0438\u0433\u043b\u044b.<\/p>\n<p data-start=\"501\" data-end=\"748\">\u0412 \u0447\u0435\u0445\u043b\u0435 \u043d\u0435\u0441\u043a\u043e\u043b\u044c\u043a\u043e \u043e\u0442\u0434\u0435\u043b\u0435\u043d\u0438\u0439 \u0438 \u043a\u0430\u0440\u043c\u0430\u043d\u043e\u0432, \u043a\u043e\u0442\u043e\u0440\u044b\u0435 \u043f\u043e\u0437\u0432\u043e\u043b\u044f\u044e\u0442 \u0430\u043a\u043a\u0443\u0440\u0430\u0442\u043d\u043e \u0440\u0430\u0437\u043c\u0435\u0441\u0442\u0438\u0442\u044c \u0432\u0441\u0435 \u0432\u0430\u0448\u0438 \u043c\u0435\u043b\u043a\u0438\u0435 \u0430\u043a\u0441\u0435\u0441\u0441\u0443\u0430\u0440\u044b. Carla \u2014 \u0443\u0434\u043e\u0431\u043d\u044b\u0439 \u0432\u044b\u0431\u043e\u0440 \u0434\u043b\u044f \u043f\u0443\u0442\u0435\u0448\u0435\u0441\u0442\u0432\u0438\u0439 \u0438\u043b\u0438 \u043d\u043e\u0448\u0435\u043d\u0438\u044f \u0441 \u0441\u043e\u0431\u043e\u0439 \u0432\u043c\u0435\u0441\u0442\u0435 \u0441 \u0434\u0440\u0443\u0433\u0438\u043c\u0438 <em data-start=\"670\" data-end=\"676\">Muud<\/em> \u0438\u0437\u0434\u0435\u043b\u0438\u044f\u043c\u0438 (\u043d\u0430\u043f\u0440\u0438\u043c\u0435\u0440, \u043e\u043d \u0438\u0434\u0435\u0430\u043b\u044c\u043d\u043e \u0432\u043f\u0438\u0441\u044b\u0432\u0430\u0435\u0442\u0441\u044f \u0432 <strong data-start=\"716\" data-end=\"726\">Betina<\/strong> \u0438\u043b\u0438 <strong data-start=\"730\" data-end=\"737\">Civ<\/strong> \u0447\u0435\u0445\u043b\u044b<\/p>\n<ul data-start=\"750\" data-end=\"1065\">\n<li data-start=\"750\" data-end=\"857\">\n<p data-start=\"752\" data-end=\"766\"><strong data-start=\"752\" data-end=\"764\">\u0424\u0443\u043d\u043a\u0446\u0438\u0438:<\/strong><\/p>\n<ul data-start=\"769\" data-end=\"857\">\n<li data-start=\"769\" data-end=\"792\">\n<p data-start=\"771\" data-end=\"792\">\u0417\u0430\u0441\u0442\u0435\u0436\u043a\u0430 \u043d\u0430 \u043a\u043d\u043e\u043f\u043a\u0443<\/p>\n<\/li>\n<li data-start=\"795\" data-end=\"818\">\n<p data-start=\"797\" data-end=\"818\">6 \u043e\u0442\u0434\u0435\u043b\u0435\u043d\u0438\u0439 \u0434\u043b\u044f \u0438\u0433\u043b<\/p>\n<\/li>\n<li data-start=\"821\" data-end=\"857\">\n<p data-start=\"823\" data-end=\"857\">\u041c\u0430\u043b\u0435\u043d\u044c\u043a\u0438\u0439 \u043e\u0442\u043a\u0440\u044b\u0442\u044b\u0439 \u043a\u0430\u0440\u043c\u0430\u043d \u0434\u043b\u044f \u043c\u0435\u043b\u043a\u0438\u0445 \u043f\u0440\u0435\u0434\u043c\u0435\u0442\u043e\u0432<\/p>\n<\/li>\n<\/ul>\n<\/li>\n<li data-start=\"858\" data-end=\"936\">\n<p data-start=\"860\" data-end=\"878\"><strong data-start=\"860\" data-end=\"876\">\u0418\u0437\u043c\u0435\u0440\u0435\u043d\u0438\u044f:<\/strong><\/p>\n<ul data-start=\"881\" data-end=\"936\">\n<li data-start=\"881\" data-end=\"898\">\n<p data-start=\"883\" data-end=\"898\">\u0412\u044b\u0441\u043e\u0442\u0430: 8 \u0441\u043c.<\/p>\n<\/li>\n<li data-start=\"901\" data-end=\"917\">\n<p data-start=\"903\" data-end=\"917\">\u0428\u0438\u0440\u0438\u043d\u0430: 8 \u0441\u043c<\/p>\n<\/li>\n<li data-start=\"920\" data-end=\"936\">\n<p data-start=\"922\" data-end=\"936\">\u0412\u0435\u0441: 30 \u0433<\/p>\n<\/li>\n<\/ul>\n<\/li>\n<li data-start=\"937\" data-end=\"967\">\n<p data-start=\"939\" data-end=\"967\"><strong data-start=\"939\" data-end=\"952\">\u041c\u0430\u0442\u0435\u0440\u0438\u0430\u043b:<\/strong> \u043d\u0430\u0442\u0443\u0440\u0430\u043b\u044c\u043d\u0430\u044f \u043a\u043e\u0436\u0430<\/p>\n<\/li>\n<li data-start=\"968\" data-end=\"1035\">\n<p data-start=\"970\" data-end=\"1035\"><strong data-start=\"970\" data-end=\"984\">\u041f\u043e\u0434\u043a\u043b\u0430\u0434\u043a\u0430:<\/strong> \u041f\u043e\u043b\u0438\u0434\u0440\u0438\u043b\u043b \u0441 \u0433\u043b\u0430\u0434\u043a\u043e\u0439 \u043f\u043e\u0432\u0435\u0440\u0445\u043d\u043e\u0441\u0442\u044c\u044e \u2013 \u043b\u0435\u0433\u043a\u043e \u0447\u0438\u0441\u0442\u0438\u0442\u044c<\/p>\n<\/li>\n<\/ul>","protected":false},"excerpt":{"rendered":"<p>Carla \u2013 tai vienas i\u0161 ma\u017eesni\u0173 muud d\u0117kliuk\u0173, sukurtas taip, kad tilpt\u0173 \u012f kitus d\u0117klus ar projekt\u0173 krep\u0161ius, i\u0161naudojant erdv\u0119 maksimaliai efektyviai. \u0160is kompakti\u0161kas d\u0117klas puikiai tinka smulkiems mezgimo reikmenims laikyti \u2013 tokiems kaip akini\u0173 stabdikliai, \u017eymekliai, siuvimo ar siuvin\u0117jimo adatos. D\u0117kliukas turi kelis skyrelius ir ki\u0161en\u0117les, leid\u017eian\u010dias tvarkingai susid\u0117ti visus ma\u017eus priedus. \u201eCarla\u201c \u2013 [&hellip;]<\/p>\n","protected":false},"featured_media":3003,"comment_status":"open","ping_status":"closed","template":"","meta":{"_acf_changed":false},"product_brand":[613],"product_cat":[15,1079,20],"product_tag":[],"pro-kategorijos":[],"class_list":{"0":"post-3002","1":"product","2":"type-product","3":"status-publish","4":"has-post-thumbnail","6":"product_brand-muud","7":"product_cat-visi-produktai","8":"product_cat-deklai","9":"product_cat-priedai-mezgimui","11":"first","12":"outofstock","13":"shipping-taxable","14":"purchasable","15":"product-type-simple"},"acf":[],"yoast_head":"<!-- This site is optimized with the Yoast SEO plugin v26.8 - https:\/\/yoast.com\/product\/yoast-seo-wordpress\/ -->\n<title>Muud Carla Rich Brown - Happyinaknit.com<\/title>\n<meta name=\"robots\" content=\"index, follow, max-snippet:-1, max-image-preview:large, max-video-preview:-1\" \/>\n<link rel=\"canonical\" href=\"https:\/\/happyinaknit.com\/ru\/product\/muud-carla-rich-brown\/\" \/>\n<meta property=\"og:locale\" content=\"ru_RU\" \/>\n<meta property=\"og:type\" content=\"article\" \/>\n<meta property=\"og:title\" content=\"Muud Carla Rich Brown - Happyinaknit.com\" \/>\n<meta property=\"og:description\" content=\"Carla \u2013 tai vienas i\u0161 ma\u017eesni\u0173 muud d\u0117kliuk\u0173, sukurtas taip, kad tilpt\u0173 \u012f kitus d\u0117klus ar projekt\u0173 krep\u0161ius, i\u0161naudojant erdv\u0119 maksimaliai efektyviai. \u0160is kompakti\u0161kas d\u0117klas puikiai tinka smulkiems mezgimo reikmenims laikyti \u2013 tokiems kaip akini\u0173 stabdikliai, \u017eymekliai, siuvimo ar siuvin\u0117jimo adatos. D\u0117kliukas turi kelis skyrelius ir ki\u0161en\u0117les, leid\u017eian\u010dias tvarkingai susid\u0117ti visus ma\u017eus priedus. \u201eCarla\u201c \u2013 [&hellip;]\" \/>\n<meta property=\"og:url\" content=\"https:\/\/happyinaknit.com\/ru\/product\/muud-carla-rich-brown\/\" \/>\n<meta property=\"og:site_name\" content=\"Happyinaknit.com\" \/>\n<meta property=\"article:modified_time\" content=\"2025-12-29T12:02:00+00:00\" \/>\n<meta property=\"og:image\" content=\"https:\/\/happyinaknit.com\/wp-content\/uploads\/2025\/10\/Carla_RichBrown_AFront_1800x1800.jpg.webp\" \/>\n\t<meta property=\"og:image:width\" content=\"1200\" \/>\n\t<meta property=\"og:image:height\" content=\"1800\" \/>\n\t<meta property=\"og:image:type\" content=\"image\/webp\" \/>\n<meta name=\"twitter:card\" content=\"summary_large_image\" \/>\n<meta name=\"twitter:label1\" content=\"\u041f\u0440\u0438\u043c\u0435\u0440\u043d\u043e\u0435 \u0432\u0440\u0435\u043c\u044f \u0434\u043b\u044f \u0447\u0442\u0435\u043d\u0438\u044f\" \/>\n\t<meta name=\"twitter:data1\" content=\"1 \u043c\u0438\u043d\u0443\u0442\u0430\" \/>\n<script type=\"application\/ld+json\" class=\"yoast-schema-graph\">{\"@context\":\"https:\/\/schema.org\",\"@graph\":[{\"@type\":\"WebPage\",\"@id\":\"https:\/\/happyinaknit.com\/produktas\/muud-carla-rich-brown\/\",\"url\":\"https:\/\/happyinaknit.com\/produktas\/muud-carla-rich-brown\/\",\"name\":\"Muud Carla Rich Brown - Happyinaknit.com\",\"isPartOf\":{\"@id\":\"https:\/\/happyinaknit.com\/lt\/#website\"},\"primaryImageOfPage\":{\"@id\":\"https:\/\/happyinaknit.com\/produktas\/muud-carla-rich-brown\/#primaryimage\"},\"image\":{\"@id\":\"https:\/\/happyinaknit.com\/produktas\/muud-carla-rich-brown\/#primaryimage\"},\"thumbnailUrl\":\"https:\/\/happyinaknit.com\/wp-content\/uploads\/2025\/10\/Carla_RichBrown_AFront_1800x1800.jpg.webp\",\"datePublished\":\"2025-10-06T18:18:14+00:00\",\"dateModified\":\"2025-12-29T12:02:00+00:00\",\"breadcrumb\":{\"@id\":\"https:\/\/happyinaknit.com\/produktas\/muud-carla-rich-brown\/#breadcrumb\"},\"inLanguage\":\"ru-RU\",\"potentialAction\":[{\"@type\":\"ReadAction\",\"target\":[\"https:\/\/happyinaknit.com\/produktas\/muud-carla-rich-brown\/\"]}]},{\"@type\":\"ImageObject\",\"inLanguage\":\"ru-RU\",\"@id\":\"https:\/\/happyinaknit.com\/produktas\/muud-carla-rich-brown\/#primaryimage\",\"url\":\"https:\/\/happyinaknit.com\/wp-content\/uploads\/2025\/10\/Carla_RichBrown_AFront_1800x1800.jpg.webp\",\"contentUrl\":\"https:\/\/happyinaknit.com\/wp-content\/uploads\/2025\/10\/Carla_RichBrown_AFront_1800x1800.jpg.webp\",\"width\":1200,\"height\":1800},{\"@type\":\"BreadcrumbList\",\"@id\":\"https:\/\/happyinaknit.com\/produktas\/muud-carla-rich-brown\/#breadcrumb\",\"itemListElement\":[{\"@type\":\"ListItem\",\"position\":1,\"name\":\"Home\",\"item\":\"https:\/\/happyinaknit.com\/lt\/\"},{\"@type\":\"ListItem\",\"position\":2,\"name\":\"Parduotuv\u0117\",\"item\":\"https:\/\/happyinaknit.com\/lt\/parduotuve\/\"},{\"@type\":\"ListItem\",\"position\":3,\"name\":\"Muud Carla Rich Brown\"}]},{\"@type\":\"WebSite\",\"@id\":\"https:\/\/happyinaknit.com\/lt\/#website\",\"url\":\"https:\/\/happyinaknit.com\/lt\/\",\"name\":\"Happyinaknit.com\",\"description\":\"\",\"potentialAction\":[{\"@type\":\"SearchAction\",\"target\":{\"@type\":\"EntryPoint\",\"urlTemplate\":\"https:\/\/happyinaknit.com\/lt\/?s={search_term_string}\"},\"query-input\":{\"@type\":\"PropertyValueSpecification\",\"valueRequired\":true,\"valueName\":\"search_term_string\"}}],\"inLanguage\":\"ru-RU\"}]}<\/script>\n<!-- \/ Yoast SEO plugin. -->","yoast_head_json":{"title":"Muud Carla Rich Brown - Happyinaknit.com","robots":{"index":"index","follow":"follow","max-snippet":"max-snippet:-1","max-image-preview":"max-image-preview:large","max-video-preview":"max-video-preview:-1"},"canonical":"https:\/\/happyinaknit.com\/ru\/product\/muud-carla-rich-brown\/","og_locale":"ru_RU","og_type":"article","og_title":"Muud Carla Rich Brown - Happyinaknit.com","og_description":"Carla \u2013 tai vienas i\u0161 ma\u017eesni\u0173 muud d\u0117kliuk\u0173, sukurtas taip, kad tilpt\u0173 \u012f kitus d\u0117klus ar projekt\u0173 krep\u0161ius, i\u0161naudojant erdv\u0119 maksimaliai efektyviai. \u0160is kompakti\u0161kas d\u0117klas puikiai tinka smulkiems mezgimo reikmenims laikyti \u2013 tokiems kaip akini\u0173 stabdikliai, \u017eymekliai, siuvimo ar siuvin\u0117jimo adatos. D\u0117kliukas turi kelis skyrelius ir ki\u0161en\u0117les, leid\u017eian\u010dias tvarkingai susid\u0117ti visus ma\u017eus priedus. \u201eCarla\u201c \u2013 [&hellip;]","og_url":"https:\/\/happyinaknit.com\/ru\/product\/muud-carla-rich-brown\/","og_site_name":"Happyinaknit.com","article_modified_time":"2025-12-29T12:02:00+00:00","og_image":[{"width":1200,"height":1800,"url":"https:\/\/happyinaknit.com\/wp-content\/uploads\/2025\/10\/Carla_RichBrown_AFront_1800x1800.jpg.webp","type":"image\/webp"}],"twitter_card":"summary_large_image","twitter_misc":{"\u041f\u0440\u0438\u043c\u0435\u0440\u043d\u043e\u0435 \u0432\u0440\u0435\u043c\u044f \u0434\u043b\u044f \u0447\u0442\u0435\u043d\u0438\u044f":"1 \u043c\u0438\u043d\u0443\u0442\u0430"},"schema":{"@context":"https:\/\/schema.org","@graph":[{"@type":"WebPage","@id":"https:\/\/happyinaknit.com\/produktas\/muud-carla-rich-brown\/","url":"https:\/\/happyinaknit.com\/produktas\/muud-carla-rich-brown\/","name":"Muud Carla Rich Brown - Happyinaknit.com","isPartOf":{"@id":"https:\/\/happyinaknit.com\/lt\/#website"},"primaryImageOfPage":{"@id":"https:\/\/happyinaknit.com\/produktas\/muud-carla-rich-brown\/#primaryimage"},"image":{"@id":"https:\/\/happyinaknit.com\/produktas\/muud-carla-rich-brown\/#primaryimage"},"thumbnailUrl":"https:\/\/happyinaknit.com\/wp-content\/uploads\/2025\/10\/Carla_RichBrown_AFront_1800x1800.jpg.webp","datePublished":"2025-10-06T18:18:14+00:00","dateModified":"2025-12-29T12:02:00+00:00","breadcrumb":{"@id":"https:\/\/happyinaknit.com\/produktas\/muud-carla-rich-brown\/#breadcrumb"},"inLanguage":"ru-RU","potentialAction":[{"@type":"ReadAction","target":["https:\/\/happyinaknit.com\/produktas\/muud-carla-rich-brown\/"]}]},{"@type":"ImageObject","inLanguage":"ru-RU","@id":"https:\/\/happyinaknit.com\/produktas\/muud-carla-rich-brown\/#primaryimage","url":"https:\/\/happyinaknit.com\/wp-content\/uploads\/2025\/10\/Carla_RichBrown_AFront_1800x1800.jpg.webp","contentUrl":"https:\/\/happyinaknit.com\/wp-content\/uploads\/2025\/10\/Carla_RichBrown_AFront_1800x1800.jpg.webp","width":1200,"height":1800},{"@type":"BreadcrumbList","@id":"https:\/\/happyinaknit.com\/produktas\/muud-carla-rich-brown\/#breadcrumb","itemListElement":[{"@type":"ListItem","position":1,"name":"Home","item":"https:\/\/happyinaknit.com\/lt\/"},{"@type":"ListItem","position":2,"name":"Parduotuv\u0117","item":"https:\/\/happyinaknit.com\/lt\/parduotuve\/"},{"@type":"ListItem","position":3,"name":"Muud Carla Rich Brown"}]},{"@type":"WebSite","@id":"https:\/\/happyinaknit.com\/lt\/#website","url":"https:\/\/happyinaknit.com\/lt\/","name":"Happyinaknit.com","description":"","potentialAction":[{"@type":"SearchAction","target":{"@type":"EntryPoint","urlTemplate":"https:\/\/happyinaknit.com\/lt\/?s={search_term_string}"},"query-input":{"@type":"PropertyValueSpecification","valueRequired":true,"valueName":"search_term_string"}}],"inLanguage":"ru-RU"}]}},"_links":{"self":[{"href":"https:\/\/happyinaknit.com\/ru\/wp-json\/wp\/v2\/product\/3002","targetHints":{"allow":["GET"]}}],"collection":[{"href":"https:\/\/happyinaknit.com\/ru\/wp-json\/wp\/v2\/product"}],"about":[{"href":"https:\/\/happyinaknit.com\/ru\/wp-json\/wp\/v2\/types\/product"}],"replies":[{"embeddable":true,"href":"https:\/\/happyinaknit.com\/ru\/wp-json\/wp\/v2\/comments?post=3002"}],"wp:featuredmedia":[{"embeddable":true,"href":"https:\/\/happyinaknit.com\/ru\/wp-json\/wp\/v2\/media\/3003"}],"wp:attachment":[{"href":"https:\/\/happyinaknit.com\/ru\/wp-json\/wp\/v2\/media?parent=3002"}],"wp:term":[{"taxonomy":"product_brand","embeddable":true,"href":"https:\/\/happyinaknit.com\/ru\/wp-json\/wp\/v2\/product_brand?post=3002"},{"taxonomy":"product_cat","embeddable":true,"href":"https:\/\/happyinaknit.com\/ru\/wp-json\/wp\/v2\/product_cat?post=3002"},{"taxonomy":"product_tag","embeddable":true,"href":"https:\/\/happyinaknit.com\/ru\/wp-json\/wp\/v2\/product_tag?post=3002"},{"taxonomy":"pro-kategorijos","embeddable":true,"href":"https:\/\/happyinaknit.com\/ru\/wp-json\/wp\/v2\/pro-kategorijos?post=3002"}],"curies":[{"name":"wp","href":"https:\/\/api.w.org\/{rel}","templated":true}]}}