{"id":2956,"date":"2025-10-06T11:19:31","date_gmt":"2025-10-06T11:19:31","guid":{"rendered":"https:\/\/happyinaknit.com\/?post_type=product&#038;p=2956"},"modified":"2026-02-02T14:57:01","modified_gmt":"2026-02-02T14:57:01","slug":"lang-yarns-cashmere-extra-lace","status":"publish","type":"product","link":"https:\/\/happyinaknit.com\/ru\/product\/lang-yarns-cashmere-extra-lace\/","title":{"rendered":"Lang Yarns Cashmere Extra Lace"},"content":{"rendered":"<p data-start=\"120\" data-end=\"634\">\u042d\u043a\u0441\u043a\u043b\u044e\u0437\u0438\u0432\u043d\u0430\u044f \u043f\u0440\u044f\u0436\u0430 \u0438\u0437 <strong data-start=\"170\" data-end=\"187\">100 % \u043a\u0430\u0448\u0435\u043c\u0438\u0440\u0430<\/strong> \u043e\u0442\u043b\u0438\u0447\u0430\u044e\u0449\u0430\u044f\u0441\u044f \u043d\u0435\u043e\u0431\u044b\u043a\u043d\u043e\u0432\u0435\u043d\u043d\u043e\u0439 \u043c\u044f\u0433\u043a\u043e\u0441\u0442\u044c\u044e, \u043b\u0451\u0433\u043a\u043e\u0441\u0442\u044c\u044e \u0438 \u0440\u043e\u0441\u043a\u043e\u0448\u044c\u044e. \u042d\u0442\u043e \u043d\u0435\u0436\u043d\u0430\u044f, \u0443\u043b\u044c\u0442\u0440\u0430\u0442\u043e\u043d\u043a\u0430\u044f \u043f\u0440\u044f\u0436\u0430, \u0438\u0434\u0435\u0430\u043b\u044c\u043d\u043e \u043f\u043e\u0434\u0445\u043e\u0434\u044f\u0449\u0430\u044f \u0434\u043b\u044f \u043a\u043e\u043c\u0431\u0438\u043d\u0438\u0440\u043e\u0432\u0430\u043d\u0438\u044f \u0441 \u0434\u0440\u0443\u0433\u0438\u043c\u0438 \u0432\u0438\u0434\u0430\u043c\u0438 \u043f\u0440\u044f\u0436\u0438 \u0438\u043b\u0438 \u0441\u0430\u043c\u043e\u0441\u0442\u043e\u044f\u0442\u0435\u043b\u044c\u043d\u043e\u0433\u043e \u0432\u044f\u0437\u0430\u043d\u0438\u044f, \u043d\u0430\u043f\u0440\u0438\u043c\u0435\u0440, \u0434\u043b\u044f \u0441\u043e\u0437\u0434\u0430\u043d\u0438\u044f \u043d\u0435\u0436\u043d\u044b\u0445 \u0430\u0436\u0443\u0440\u043d\u044b\u0445 \u0448\u0430\u0440\u0444\u043e\u0432 \u0438 \u043b\u0451\u0433\u043a\u0438\u0445 \u0430\u043a\u0441\u0435\u0441\u0441\u0443\u0430\u0440\u043e\u0432. Cashmere Extra Lace \u2014 \u043f\u0440\u0435\u043a\u0440\u0430\u0441\u043d\u0430\u044f \u0432\u044b\u0441\u043e\u043a\u043e\u043a\u0430\u0447\u0435\u0441\u0442\u0432\u0435\u043d\u043d\u0430\u044f \u0430\u043b\u044c\u0442\u0435\u0440\u043d\u0430\u0442\u0438\u0432\u0430 \u043a\u043b\u0430\u0441\u0441\u0438\u0447\u0435\u0441\u043a\u0438\u043c \u0441\u043e\u0447\u0435\u0442\u0430\u043d\u0438\u044f\u043c \u043c\u043e\u0445\u0435\u0440\u0430 \u0438 \u0448\u0451\u043b\u043a\u0430. \u042d\u0442\u0430 \u043f\u0440\u044f\u0436\u0430 \u043f\u0440\u0438\u0434\u0430\u0451\u0442 \u0442\u0440\u0438\u043a\u043e\u0442\u0430\u0436\u043d\u044b\u043c \u0438\u0437\u0434\u0435\u043b\u0438\u044f\u043c \u0438\u0437\u044b\u0441\u043a\u0430\u043d\u043d\u043e\u0441\u0442\u044c \u0438 \u0435\u0441\u0442\u0435\u0441\u0442\u0432\u0435\u043d\u043d\u0443\u044e \u044d\u043b\u0435\u0433\u0430\u043d\u0442\u043d\u043e\u0441\u0442\u044c, \u0430 \u043f\u0440\u0438\u043a\u043e\u0441\u043d\u043e\u0432\u0435\u043d\u0438\u0435 \u043a \u043d\u0435\u0439 \u2014 \u043d\u0430\u0441\u0442\u043e\u044f\u0449\u0430\u044f \u0440\u043e\u0441\u043a\u043e\u0448\u044c \u0434\u043b\u044f \u043a\u043e\u0436\u0438.<\/p>\n<ul data-start=\"636\" data-end=\"992\">\n<li data-start=\"636\" data-end=\"667\">\n<p data-start=\"638\" data-end=\"667\"><strong data-start=\"638\" data-end=\"650\">\u0421\u043e\u0441\u0442\u0430\u0432:<\/strong> 100 % \u043a\u0430\u0448\u0435\u043c\u0438\u0440<\/p>\n<\/li>\n<li data-start=\"696\" data-end=\"735\">\n<p data-start=\"698\" data-end=\"735\"><strong data-start=\"698\" data-end=\"720\">\u0412\u0435\u0441\/\u0434\u043b\u0438\u043d\u0430:<\/strong> 25 \u0433 - 320 \u043c<\/p>\n<\/li>\n<li data-start=\"736\" data-end=\"779\">\n<p data-start=\"738\" data-end=\"779\"><strong data-start=\"738\" data-end=\"766\">\u0420\u0435\u043a\u043e\u043c\u0435\u043d\u0434\u0443\u0435\u043c\u044b\u0435 \u0441\u043f\u0438\u0446\u044b:<\/strong> 2,5-3,0 \u043c\u043c<\/p>\n<\/li>\n<li data-start=\"780\" data-end=\"830\">\n<p data-start=\"782\" data-end=\"830\"><strong data-start=\"782\" data-end=\"808\">\u041f\u043b\u043e\u0442\u043d\u043e\u0441\u0442\u044c (10 \u00d7 10 \u0441\u043c):<\/strong> ~27 \u043f\u0435\u0442\u0435\u043b\u044c \u00d7 47 \u0440\u044f\u0434\u043e\u0432<\/p>\n<\/li>\n<li data-start=\"831\" data-end=\"901\">\n<p data-start=\"833\" data-end=\"901\"><strong data-start=\"833\" data-end=\"861\">\u041f\u0440\u0438\u043c\u0435\u0440\u043d\u044b\u0439 \u0440\u0430\u0441\u0445\u043e\u0434:<\/strong> \u0434\u043b\u044f \u043b\u0435\u0433\u043a\u043e\u0433\u043e \u0448\u0430\u0440\u0444\u0430 \u0438\u043b\u0438 \u0430\u043a\u0441\u0435\u0441\u0441\u0443\u0430\u0440\u0430 ~50\u201375 \u0433<\/p>\n<\/li>\n<li data-start=\"902\" data-end=\"992\">\n<p data-start=\"904\" data-end=\"920\"><strong data-start=\"904\" data-end=\"918\">\u0421\u043e\u0432\u0435\u0442\u044b \u043f\u043e \u0443\u0445\u043e\u0434\u0443:<\/strong><\/p>\n<ul data-start=\"923\" data-end=\"992\">\n<li data-start=\"923\" data-end=\"953\">\n<p data-start=\"925\" data-end=\"953\">\u0420\u0443\u0447\u043d\u0430\u044f \u0441\u0442\u0438\u0440\u043a\u0430 \u043f\u0440\u0438 \u0442\u0435\u043c\u043f\u0435\u0440\u0430\u0442\u0443\u0440\u0435 \u0434\u043e 30\u00b0C<\/p>\n<\/li>\n<li data-start=\"956\" data-end=\"992\">\n<p data-start=\"958\" data-end=\"992\">\u0421\u0443\u0448\u0438\u0442\u044c \u0432 \u0440\u0430\u0441\u043f\u0440\u0430\u0432\u043b\u0435\u043d\u043d\u043e\u043c \u0432\u0438\u0434\u0435 \u0432 \u0433\u043e\u0440\u0438\u0437\u043e\u043d\u0442\u0430\u043b\u044c\u043d\u043e\u043c \u043f\u043e\u043b\u043e\u0436\u0435\u043d\u0438\u0438<\/p>\n<\/li>\n<\/ul>\n<\/li>\n<\/ul>","protected":false},"excerpt":{"rendered":"<p>I\u0161skirtiniai 100 % ka\u0161myro si\u016blai, pasi\u017eymintys nepaprastu \u0161velnumu, lengvumu ir prabanga. Tai subtili, itin plona si\u016bl\u0173 r\u016b\u0161is, idealiai tinkanti derinti su kitais si\u016blais arba megzti vien\u0105 \u2013 pavyzd\u017eiui, \u0161velnius kiaurara\u0161\u010dius \u0161alius ir lengvus aksesuarus. \u201eCashmere Extra Lace\u201c yra puiki, auk\u0161tos kokyb\u0117s alternatyva klasikiniams moherio ir \u0161ilko deriniams. Si\u016blai suteikia mezginiams rafinuotumo ir nat\u016bralios elegancijos, o [&hellip;]<\/p>\n","protected":false},"featured_media":2962,"comment_status":"open","ping_status":"closed","template":"","meta":{"_acf_changed":false},"product_brand":[70],"product_cat":[15,18],"product_tag":[],"pro-kategorijos":[46],"class_list":{"0":"post-2956","1":"product","2":"type-product","3":"status-publish","4":"has-post-thumbnail","6":"product_brand-lang-yarns","7":"product_cat-visi-produktai","8":"product_cat-siulai","9":"pro-kategorijos-kasmyras","11":"first","12":"instock","13":"shipping-taxable","14":"purchasable","15":"product-type-variable"},"acf":[],"yoast_head":"<!-- This site is optimized with the Yoast SEO plugin v26.8 - https:\/\/yoast.com\/product\/yoast-seo-wordpress\/ -->\n<title>Lang Yarns Cashmere Extra Lace - Happyinaknit.com<\/title>\n<meta name=\"robots\" content=\"index, follow, max-snippet:-1, max-image-preview:large, max-video-preview:-1\" \/>\n<link rel=\"canonical\" href=\"https:\/\/happyinaknit.com\/ru\/product\/lang-yarns-cashmere-extra-lace\/\" \/>\n<meta property=\"og:locale\" content=\"ru_RU\" \/>\n<meta property=\"og:type\" content=\"article\" \/>\n<meta property=\"og:title\" content=\"Lang Yarns Cashmere Extra Lace - Happyinaknit.com\" \/>\n<meta property=\"og:description\" content=\"I\u0161skirtiniai 100 % ka\u0161myro si\u016blai, pasi\u017eymintys nepaprastu \u0161velnumu, lengvumu ir prabanga. Tai subtili, itin plona si\u016bl\u0173 r\u016b\u0161is, idealiai tinkanti derinti su kitais si\u016blais arba megzti vien\u0105 \u2013 pavyzd\u017eiui, \u0161velnius kiaurara\u0161\u010dius \u0161alius ir lengvus aksesuarus. \u201eCashmere Extra Lace\u201c yra puiki, auk\u0161tos kokyb\u0117s alternatyva klasikiniams moherio ir \u0161ilko deriniams. Si\u016blai suteikia mezginiams rafinuotumo ir nat\u016bralios elegancijos, o [&hellip;]\" \/>\n<meta property=\"og:url\" content=\"https:\/\/happyinaknit.com\/ru\/product\/lang-yarns-cashmere-extra-lace\/\" \/>\n<meta property=\"og:site_name\" content=\"Happyinaknit.com\" \/>\n<meta property=\"article:modified_time\" content=\"2026-02-02T14:57:01+00:00\" \/>\n<meta property=\"og:image\" content=\"https:\/\/happyinaknit.com\/wp-content\/uploads\/2025\/10\/96_0039_LANGYARNS_CashmereExtraLace_800_B.jpg\" \/>\n\t<meta property=\"og:image:width\" content=\"800\" \/>\n\t<meta property=\"og:image:height\" content=\"800\" \/>\n\t<meta property=\"og:image:type\" content=\"image\/jpeg\" \/>\n<meta name=\"twitter:card\" content=\"summary_large_image\" \/>\n<meta name=\"twitter:label1\" content=\"\u041f\u0440\u0438\u043c\u0435\u0440\u043d\u043e\u0435 \u0432\u0440\u0435\u043c\u044f \u0434\u043b\u044f \u0447\u0442\u0435\u043d\u0438\u044f\" \/>\n\t<meta name=\"twitter:data1\" content=\"1 \u043c\u0438\u043d\u0443\u0442\u0430\" \/>\n<script type=\"application\/ld+json\" class=\"yoast-schema-graph\">{\"@context\":\"https:\/\/schema.org\",\"@graph\":[{\"@type\":\"WebPage\",\"@id\":\"https:\/\/happyinaknit.com\/produktas\/lang-yarns-cashmere-extra-lace\/\",\"url\":\"https:\/\/happyinaknit.com\/produktas\/lang-yarns-cashmere-extra-lace\/\",\"name\":\"Lang Yarns Cashmere Extra Lace - Happyinaknit.com\",\"isPartOf\":{\"@id\":\"https:\/\/happyinaknit.com\/lt\/#website\"},\"primaryImageOfPage\":{\"@id\":\"https:\/\/happyinaknit.com\/produktas\/lang-yarns-cashmere-extra-lace\/#primaryimage\"},\"image\":{\"@id\":\"https:\/\/happyinaknit.com\/produktas\/lang-yarns-cashmere-extra-lace\/#primaryimage\"},\"thumbnailUrl\":\"https:\/\/happyinaknit.com\/wp-content\/uploads\/2025\/10\/96_0039_LANGYARNS_CashmereExtraLace_800_B.jpg\",\"datePublished\":\"2025-10-06T11:19:31+00:00\",\"dateModified\":\"2026-02-02T14:57:01+00:00\",\"breadcrumb\":{\"@id\":\"https:\/\/happyinaknit.com\/produktas\/lang-yarns-cashmere-extra-lace\/#breadcrumb\"},\"inLanguage\":\"ru-RU\",\"potentialAction\":[{\"@type\":\"ReadAction\",\"target\":[\"https:\/\/happyinaknit.com\/produktas\/lang-yarns-cashmere-extra-lace\/\"]}]},{\"@type\":\"ImageObject\",\"inLanguage\":\"ru-RU\",\"@id\":\"https:\/\/happyinaknit.com\/produktas\/lang-yarns-cashmere-extra-lace\/#primaryimage\",\"url\":\"https:\/\/happyinaknit.com\/wp-content\/uploads\/2025\/10\/96_0039_LANGYARNS_CashmereExtraLace_800_B.jpg\",\"contentUrl\":\"https:\/\/happyinaknit.com\/wp-content\/uploads\/2025\/10\/96_0039_LANGYARNS_CashmereExtraLace_800_B.jpg\",\"width\":800,\"height\":800},{\"@type\":\"BreadcrumbList\",\"@id\":\"https:\/\/happyinaknit.com\/produktas\/lang-yarns-cashmere-extra-lace\/#breadcrumb\",\"itemListElement\":[{\"@type\":\"ListItem\",\"position\":1,\"name\":\"Home\",\"item\":\"https:\/\/happyinaknit.com\/lt\/\"},{\"@type\":\"ListItem\",\"position\":2,\"name\":\"Parduotuv\u0117\",\"item\":\"https:\/\/happyinaknit.com\/lt\/parduotuve\/\"},{\"@type\":\"ListItem\",\"position\":3,\"name\":\"Lang Yarns Cashmere Extra Lace\"}]},{\"@type\":\"WebSite\",\"@id\":\"https:\/\/happyinaknit.com\/lt\/#website\",\"url\":\"https:\/\/happyinaknit.com\/lt\/\",\"name\":\"Happyinaknit.com\",\"description\":\"\",\"potentialAction\":[{\"@type\":\"SearchAction\",\"target\":{\"@type\":\"EntryPoint\",\"urlTemplate\":\"https:\/\/happyinaknit.com\/lt\/?s={search_term_string}\"},\"query-input\":{\"@type\":\"PropertyValueSpecification\",\"valueRequired\":true,\"valueName\":\"search_term_string\"}}],\"inLanguage\":\"ru-RU\"}]}<\/script>\n<!-- \/ Yoast SEO plugin. -->","yoast_head_json":{"title":"Lang Yarns Cashmere Extra Lace - Happyinaknit.com","robots":{"index":"index","follow":"follow","max-snippet":"max-snippet:-1","max-image-preview":"max-image-preview:large","max-video-preview":"max-video-preview:-1"},"canonical":"https:\/\/happyinaknit.com\/ru\/product\/lang-yarns-cashmere-extra-lace\/","og_locale":"ru_RU","og_type":"article","og_title":"Lang Yarns Cashmere Extra Lace - Happyinaknit.com","og_description":"I\u0161skirtiniai 100 % ka\u0161myro si\u016blai, pasi\u017eymintys nepaprastu \u0161velnumu, lengvumu ir prabanga. Tai subtili, itin plona si\u016bl\u0173 r\u016b\u0161is, idealiai tinkanti derinti su kitais si\u016blais arba megzti vien\u0105 \u2013 pavyzd\u017eiui, \u0161velnius kiaurara\u0161\u010dius \u0161alius ir lengvus aksesuarus. \u201eCashmere Extra Lace\u201c yra puiki, auk\u0161tos kokyb\u0117s alternatyva klasikiniams moherio ir \u0161ilko deriniams. Si\u016blai suteikia mezginiams rafinuotumo ir nat\u016bralios elegancijos, o [&hellip;]","og_url":"https:\/\/happyinaknit.com\/ru\/product\/lang-yarns-cashmere-extra-lace\/","og_site_name":"Happyinaknit.com","article_modified_time":"2026-02-02T14:57:01+00:00","og_image":[{"width":800,"height":800,"url":"https:\/\/happyinaknit.com\/wp-content\/uploads\/2025\/10\/96_0039_LANGYARNS_CashmereExtraLace_800_B.jpg","type":"image\/jpeg"}],"twitter_card":"summary_large_image","twitter_misc":{"\u041f\u0440\u0438\u043c\u0435\u0440\u043d\u043e\u0435 \u0432\u0440\u0435\u043c\u044f \u0434\u043b\u044f \u0447\u0442\u0435\u043d\u0438\u044f":"1 \u043c\u0438\u043d\u0443\u0442\u0430"},"schema":{"@context":"https:\/\/schema.org","@graph":[{"@type":"WebPage","@id":"https:\/\/happyinaknit.com\/produktas\/lang-yarns-cashmere-extra-lace\/","url":"https:\/\/happyinaknit.com\/produktas\/lang-yarns-cashmere-extra-lace\/","name":"Lang Yarns Cashmere Extra Lace - Happyinaknit.com","isPartOf":{"@id":"https:\/\/happyinaknit.com\/lt\/#website"},"primaryImageOfPage":{"@id":"https:\/\/happyinaknit.com\/produktas\/lang-yarns-cashmere-extra-lace\/#primaryimage"},"image":{"@id":"https:\/\/happyinaknit.com\/produktas\/lang-yarns-cashmere-extra-lace\/#primaryimage"},"thumbnailUrl":"https:\/\/happyinaknit.com\/wp-content\/uploads\/2025\/10\/96_0039_LANGYARNS_CashmereExtraLace_800_B.jpg","datePublished":"2025-10-06T11:19:31+00:00","dateModified":"2026-02-02T14:57:01+00:00","breadcrumb":{"@id":"https:\/\/happyinaknit.com\/produktas\/lang-yarns-cashmere-extra-lace\/#breadcrumb"},"inLanguage":"ru-RU","potentialAction":[{"@type":"ReadAction","target":["https:\/\/happyinaknit.com\/produktas\/lang-yarns-cashmere-extra-lace\/"]}]},{"@type":"ImageObject","inLanguage":"ru-RU","@id":"https:\/\/happyinaknit.com\/produktas\/lang-yarns-cashmere-extra-lace\/#primaryimage","url":"https:\/\/happyinaknit.com\/wp-content\/uploads\/2025\/10\/96_0039_LANGYARNS_CashmereExtraLace_800_B.jpg","contentUrl":"https:\/\/happyinaknit.com\/wp-content\/uploads\/2025\/10\/96_0039_LANGYARNS_CashmereExtraLace_800_B.jpg","width":800,"height":800},{"@type":"BreadcrumbList","@id":"https:\/\/happyinaknit.com\/produktas\/lang-yarns-cashmere-extra-lace\/#breadcrumb","itemListElement":[{"@type":"ListItem","position":1,"name":"Home","item":"https:\/\/happyinaknit.com\/lt\/"},{"@type":"ListItem","position":2,"name":"Parduotuv\u0117","item":"https:\/\/happyinaknit.com\/lt\/parduotuve\/"},{"@type":"ListItem","position":3,"name":"Lang Yarns Cashmere Extra Lace"}]},{"@type":"WebSite","@id":"https:\/\/happyinaknit.com\/lt\/#website","url":"https:\/\/happyinaknit.com\/lt\/","name":"Happyinaknit.com","description":"","potentialAction":[{"@type":"SearchAction","target":{"@type":"EntryPoint","urlTemplate":"https:\/\/happyinaknit.com\/lt\/?s={search_term_string}"},"query-input":{"@type":"PropertyValueSpecification","valueRequired":true,"valueName":"search_term_string"}}],"inLanguage":"ru-RU"}]}},"_links":{"self":[{"href":"https:\/\/happyinaknit.com\/ru\/wp-json\/wp\/v2\/product\/2956","targetHints":{"allow":["GET"]}}],"collection":[{"href":"https:\/\/happyinaknit.com\/ru\/wp-json\/wp\/v2\/product"}],"about":[{"href":"https:\/\/happyinaknit.com\/ru\/wp-json\/wp\/v2\/types\/product"}],"replies":[{"embeddable":true,"href":"https:\/\/happyinaknit.com\/ru\/wp-json\/wp\/v2\/comments?post=2956"}],"wp:featuredmedia":[{"embeddable":true,"href":"https:\/\/happyinaknit.com\/ru\/wp-json\/wp\/v2\/media\/2962"}],"wp:attachment":[{"href":"https:\/\/happyinaknit.com\/ru\/wp-json\/wp\/v2\/media?parent=2956"}],"wp:term":[{"taxonomy":"product_brand","embeddable":true,"href":"https:\/\/happyinaknit.com\/ru\/wp-json\/wp\/v2\/product_brand?post=2956"},{"taxonomy":"product_cat","embeddable":true,"href":"https:\/\/happyinaknit.com\/ru\/wp-json\/wp\/v2\/product_cat?post=2956"},{"taxonomy":"product_tag","embeddable":true,"href":"https:\/\/happyinaknit.com\/ru\/wp-json\/wp\/v2\/product_tag?post=2956"},{"taxonomy":"pro-kategorijos","embeddable":true,"href":"https:\/\/happyinaknit.com\/ru\/wp-json\/wp\/v2\/pro-kategorijos?post=2956"}],"curies":[{"name":"wp","href":"https:\/\/api.w.org\/{rel}","templated":true}]}}