{"id":2909,"date":"2025-10-06T10:37:30","date_gmt":"2025-10-06T10:37:30","guid":{"rendered":"https:\/\/happyinaknit.com\/?post_type=product&#038;p=2909"},"modified":"2025-11-13T20:46:31","modified_gmt":"2025-11-13T20:46:31","slug":"lang-yarns-suri-alpaca","status":"publish","type":"product","link":"https:\/\/happyinaknit.com\/ru\/product\/lang-yarns-suri-alpaca\/","title":{"rendered":"Lang Yarns Suri Alpaca"},"content":{"rendered":"<p data-start=\"100\" data-end=\"523\">\u042d\u043a\u0441\u043a\u043b\u044e\u0437\u0438\u0432\u043d\u0430\u044f \u043f\u0440\u044f\u0436\u0430 \u0438\u0437 <strong data-start=\"163\" data-end=\"185\">100 % Suri Alpaca.<\/strong>\u042d\u0442\u043e\u0442 \u0442\u0438\u043f  \u0432\u043e\u043b\u043e\u043a\u043d\u0430 \u043e\u0442\u043b\u0438\u0447\u0430\u0435\u0442\u0441\u044f \u043e\u0442 \u043e\u0431\u044b\u0447\u043d\u043e\u0439 \u0430\u043b\u044c\u043f\u0430\u043a\u0438 Huacaya-\u0430\u043b\u044c\u043f\u0430\u043a\u0438 -  \u0435\u0433\u043e \u0432\u043e\u043b\u043e\u043a\u043d\u0430 \u043c\u0435\u043d\u0435\u0435 \u0432\u043e\u043b\u043d\u0438\u0441\u0442\u044b\u0435, \u0431\u043e\u043b\u0435\u0435 \u0431\u043b\u0435\u0441\u0442\u044f\u0449\u0438\u0435 \u0438 \u043c\u044f\u0433\u043a\u0438\u0435. \u041f\u0440\u044f\u0436\u0430 \u043f\u0443\u0448\u0438\u0441\u0442\u0430\u044f, \u043b\u0451\u0433\u043a\u0430\u044f \u0438 \u0442\u0451\u043f\u043b\u0430\u044f, \u043f\u0440\u0438\u0434\u0430\u0451\u0442 \u0442\u0440\u0438\u043a\u043e\u0442\u0430\u0436\u043d\u044b\u043c \u0438\u0437\u0434\u0435\u043b\u0438\u044f\u043c \u043b\u0451\u0433\u043a\u0438\u0439 \u0431\u043b\u0435\u0441\u043a \u0438 \u043a\u043e\u043c\u0444\u043e\u0440\u0442. \u0421\u0432\u0438\u0442\u0435\u0440\u0430, \u043a\u0430\u0440\u0434\u0438\u0433\u0430\u043d\u044b \u0438\u043b\u0438 \u0448\u0430\u043b\u0438 \u0438\u0437 \u043d\u0435\u0451 \u0432\u044b\u0433\u043b\u044f\u0434\u044f\u0442 \u044d\u043b\u0435\u0433\u0430\u043d\u0442\u043d\u043e \u0438 \u0440\u043e\u0441\u043a\u043e\u0448\u043d\u043e, \u0434\u0430\u0440\u044f \u043e\u0449\u0443\u0449\u0435\u043d\u0438\u0435 \u043e\u0441\u043e\u0431\u043e\u0433\u043e \u043a\u043e\u043c\u0444\u043e\u0440\u0442\u0430 \u043f\u0440\u0438 \u043d\u043e\u0448\u0435\u043d\u0438\u0438.<\/p>\n<ul data-start=\"525\" data-end=\"883\">\n<li data-start=\"525\" data-end=\"559\">\n<p data-start=\"527\" data-end=\"559\"><strong data-start=\"527\" data-end=\"539\">\u0421\u043e\u0441\u0442\u0430\u0432:<\/strong> 100 % Suri alpaca<\/p>\n<\/li>\n<li data-start=\"587\" data-end=\"626\">\n<p data-start=\"589\" data-end=\"626\"><strong data-start=\"589\" data-end=\"611\">\u0412\u0435\u0441\/\u0434\u043b\u0438\u043d\u0430:<\/strong> 25 \u0433 - 100 \u043c<\/p>\n<\/li>\n<li data-start=\"627\" data-end=\"670\">\n<p data-start=\"629\" data-end=\"670\"><strong data-start=\"629\" data-end=\"657\">\u0420\u0435\u043a\u043e\u043c\u0435\u043d\u0434\u0443\u0435\u043c\u044b\u0435 \u0441\u043f\u0438\u0446\u044b:<\/strong> 4,0-4,5 \u043c\u043c<\/p>\n<\/li>\n<li data-start=\"671\" data-end=\"721\">\n<p data-start=\"673\" data-end=\"721\"><strong data-start=\"673\" data-end=\"699\">\u041f\u043b\u043e\u0442\u043d\u043e\u0441\u0442\u044c (10 \u00d7 10 \u0441\u043c):<\/strong> ~16 \u043f\u0435\u0442\u0435\u043b\u044c \u00d7 24 \u0440\u044f\u0434\u0430<\/p>\n<\/li>\n<li data-start=\"722\" data-end=\"792\">\n<p data-start=\"724\" data-end=\"792\"><strong data-start=\"724\" data-end=\"752\">\u041f\u0440\u0438\u043c\u0435\u0440\u043d\u044b\u0439 \u0440\u0430\u0441\u0445\u043e\u0434:<\/strong> \u043d\u0430  \u0441\u0432\u0438\u0442\u0435\u0440 (\u0440\u0430\u0437\u043c\u0435\u0440 44) ~8 \u043c\u043e\u0442\u043a\u043e\u0432<\/p>\n<\/li>\n<li data-start=\"793\" data-end=\"883\">\n<p data-start=\"795\" data-end=\"811\"><strong data-start=\"795\" data-end=\"809\">\u0421\u043e\u0432\u0435\u0442\u044b \u043f\u043e \u0443\u0445\u043e\u0434\u0443:<\/strong><\/p>\n<ul data-start=\"814\" data-end=\"883\">\n<li data-start=\"814\" data-end=\"844\">\n<p data-start=\"816\" data-end=\"844\">\u0420\u0443\u0447\u043d\u0430\u044f \u0441\u0442\u0438\u0440\u043a\u0430 \u043f\u0440\u0438 \u0442\u0435\u043c\u043f\u0435\u0440\u0430\u0442\u0443\u0440\u0435 \u0434\u043e 30\u00b0C<\/p>\n<\/li>\n<li data-start=\"847\" data-end=\"883\">\n<p data-start=\"849\" data-end=\"883\">\u0421\u0443\u0448\u0438\u0442\u044c \u0432 \u0440\u0430\u0441\u043f\u0440\u0430\u0432\u043b\u0435\u043d\u043d\u043e\u043c \u0432\u0438\u0434\u0435 \u0432 \u0433\u043e\u0440\u0438\u0437\u043e\u043d\u0442\u0430\u043b\u044c\u043d\u043e\u043c \u043f\u043e\u043b\u043e\u0436\u0435\u043d\u0438\u0438<\/p>\n<\/li>\n<\/ul>\n<\/li>\n<\/ul>","protected":false},"excerpt":{"rendered":"<p>I\u0161skirtiniai si\u016blai, pagaminti i\u0161 100 % Suri alpakos. \u0160is pluo\u0161tas skiriasi nuo \u012fprastos Huacaya alpakos \u2013 jo plau\u0161as ma\u017eiau banguotas, labiau \u017evilgantis ir \u0161velnesnis. Si\u016blai yra p\u016bkuoti, lengvi ir \u0161ilti, suteikiantys mezginiams subtilaus blizgesio bei jaukumo. I\u0161 j\u0173 sukurti d\u017eemperiai, megztiniai ar \u0161aliai atrodo eleganti\u0161kai ir prabangiai, o d\u0117vint suteikia ypatingo komforto poj\u016bt\u012f. Sud\u0117tis: 100 [&hellip;]<\/p>\n","protected":false},"featured_media":2912,"comment_status":"open","ping_status":"closed","template":"","meta":{"_acf_changed":false},"product_brand":[70],"product_cat":[15,18],"product_tag":[],"pro-kategorijos":[54],"class_list":{"0":"post-2909","1":"product","2":"type-product","3":"status-publish","4":"has-post-thumbnail","6":"product_brand-lang-yarns","7":"product_cat-visi-produktai","8":"product_cat-siulai","9":"pro-kategorijos-alpaka","11":"first","12":"instock","13":"shipping-taxable","14":"purchasable","15":"product-type-variable"},"acf":[],"yoast_head":"<!-- This site is optimized with the Yoast SEO plugin v26.8 - https:\/\/yoast.com\/product\/yoast-seo-wordpress\/ -->\n<title>Lang Yarns Suri Alpaca - Happyinaknit.com<\/title>\n<meta name=\"robots\" content=\"index, follow, max-snippet:-1, max-image-preview:large, max-video-preview:-1\" \/>\n<link rel=\"canonical\" href=\"https:\/\/happyinaknit.com\/ru\/product\/lang-yarns-suri-alpaca\/\" \/>\n<meta property=\"og:locale\" content=\"ru_RU\" \/>\n<meta property=\"og:type\" content=\"article\" \/>\n<meta property=\"og:title\" content=\"Lang Yarns Suri Alpaca - Happyinaknit.com\" \/>\n<meta property=\"og:description\" content=\"I\u0161skirtiniai si\u016blai, pagaminti i\u0161 100 % Suri alpakos. \u0160is pluo\u0161tas skiriasi nuo \u012fprastos Huacaya alpakos \u2013 jo plau\u0161as ma\u017eiau banguotas, labiau \u017evilgantis ir \u0161velnesnis. Si\u016blai yra p\u016bkuoti, lengvi ir \u0161ilti, suteikiantys mezginiams subtilaus blizgesio bei jaukumo. I\u0161 j\u0173 sukurti d\u017eemperiai, megztiniai ar \u0161aliai atrodo eleganti\u0161kai ir prabangiai, o d\u0117vint suteikia ypatingo komforto poj\u016bt\u012f. Sud\u0117tis: 100 [&hellip;]\" \/>\n<meta property=\"og:url\" content=\"https:\/\/happyinaknit.com\/ru\/product\/lang-yarns-suri-alpaca\/\" \/>\n<meta property=\"og:site_name\" content=\"Happyinaknit.com\" \/>\n<meta property=\"article:modified_time\" content=\"2025-11-13T20:46:31+00:00\" \/>\n<meta property=\"og:image\" content=\"https:\/\/happyinaknit.com\/wp-content\/uploads\/2025\/10\/1082_0060_LANGYARNS_SuriAlpaca_800_B.jpg\" \/>\n\t<meta property=\"og:image:width\" content=\"800\" \/>\n\t<meta property=\"og:image:height\" content=\"800\" \/>\n\t<meta property=\"og:image:type\" content=\"image\/jpeg\" \/>\n<meta name=\"twitter:card\" content=\"summary_large_image\" \/>\n<script type=\"application\/ld+json\" class=\"yoast-schema-graph\">{\"@context\":\"https:\/\/schema.org\",\"@graph\":[{\"@type\":\"WebPage\",\"@id\":\"https:\/\/happyinaknit.com\/produktas\/lang-yarns-suri-alpaca\/\",\"url\":\"https:\/\/happyinaknit.com\/produktas\/lang-yarns-suri-alpaca\/\",\"name\":\"Lang Yarns Suri Alpaca - Happyinaknit.com\",\"isPartOf\":{\"@id\":\"https:\/\/happyinaknit.com\/lt\/#website\"},\"primaryImageOfPage\":{\"@id\":\"https:\/\/happyinaknit.com\/produktas\/lang-yarns-suri-alpaca\/#primaryimage\"},\"image\":{\"@id\":\"https:\/\/happyinaknit.com\/produktas\/lang-yarns-suri-alpaca\/#primaryimage\"},\"thumbnailUrl\":\"https:\/\/happyinaknit.com\/wp-content\/uploads\/2025\/10\/1082_0060_LANGYARNS_SuriAlpaca_800_B.jpg\",\"datePublished\":\"2025-10-06T10:37:30+00:00\",\"dateModified\":\"2025-11-13T20:46:31+00:00\",\"breadcrumb\":{\"@id\":\"https:\/\/happyinaknit.com\/produktas\/lang-yarns-suri-alpaca\/#breadcrumb\"},\"inLanguage\":\"ru-RU\",\"potentialAction\":[{\"@type\":\"ReadAction\",\"target\":[\"https:\/\/happyinaknit.com\/produktas\/lang-yarns-suri-alpaca\/\"]}]},{\"@type\":\"ImageObject\",\"inLanguage\":\"ru-RU\",\"@id\":\"https:\/\/happyinaknit.com\/produktas\/lang-yarns-suri-alpaca\/#primaryimage\",\"url\":\"https:\/\/happyinaknit.com\/wp-content\/uploads\/2025\/10\/1082_0060_LANGYARNS_SuriAlpaca_800_B.jpg\",\"contentUrl\":\"https:\/\/happyinaknit.com\/wp-content\/uploads\/2025\/10\/1082_0060_LANGYARNS_SuriAlpaca_800_B.jpg\",\"width\":800,\"height\":800},{\"@type\":\"BreadcrumbList\",\"@id\":\"https:\/\/happyinaknit.com\/produktas\/lang-yarns-suri-alpaca\/#breadcrumb\",\"itemListElement\":[{\"@type\":\"ListItem\",\"position\":1,\"name\":\"Home\",\"item\":\"https:\/\/happyinaknit.com\/lt\/\"},{\"@type\":\"ListItem\",\"position\":2,\"name\":\"Parduotuv\u0117\",\"item\":\"https:\/\/happyinaknit.com\/lt\/parduotuve\/\"},{\"@type\":\"ListItem\",\"position\":3,\"name\":\"Lang Yarns Suri Alpaca\"}]},{\"@type\":\"WebSite\",\"@id\":\"https:\/\/happyinaknit.com\/lt\/#website\",\"url\":\"https:\/\/happyinaknit.com\/lt\/\",\"name\":\"Happyinaknit.com\",\"description\":\"\",\"potentialAction\":[{\"@type\":\"SearchAction\",\"target\":{\"@type\":\"EntryPoint\",\"urlTemplate\":\"https:\/\/happyinaknit.com\/lt\/?s={search_term_string}\"},\"query-input\":{\"@type\":\"PropertyValueSpecification\",\"valueRequired\":true,\"valueName\":\"search_term_string\"}}],\"inLanguage\":\"ru-RU\"}]}<\/script>\n<!-- \/ Yoast SEO plugin. -->","yoast_head_json":{"title":"Lang Yarns Suri Alpaca - Happyinaknit.com","robots":{"index":"index","follow":"follow","max-snippet":"max-snippet:-1","max-image-preview":"max-image-preview:large","max-video-preview":"max-video-preview:-1"},"canonical":"https:\/\/happyinaknit.com\/ru\/product\/lang-yarns-suri-alpaca\/","og_locale":"ru_RU","og_type":"article","og_title":"Lang Yarns Suri Alpaca - Happyinaknit.com","og_description":"I\u0161skirtiniai si\u016blai, pagaminti i\u0161 100 % Suri alpakos. \u0160is pluo\u0161tas skiriasi nuo \u012fprastos Huacaya alpakos \u2013 jo plau\u0161as ma\u017eiau banguotas, labiau \u017evilgantis ir \u0161velnesnis. Si\u016blai yra p\u016bkuoti, lengvi ir \u0161ilti, suteikiantys mezginiams subtilaus blizgesio bei jaukumo. I\u0161 j\u0173 sukurti d\u017eemperiai, megztiniai ar \u0161aliai atrodo eleganti\u0161kai ir prabangiai, o d\u0117vint suteikia ypatingo komforto poj\u016bt\u012f. Sud\u0117tis: 100 [&hellip;]","og_url":"https:\/\/happyinaknit.com\/ru\/product\/lang-yarns-suri-alpaca\/","og_site_name":"Happyinaknit.com","article_modified_time":"2025-11-13T20:46:31+00:00","og_image":[{"width":800,"height":800,"url":"https:\/\/happyinaknit.com\/wp-content\/uploads\/2025\/10\/1082_0060_LANGYARNS_SuriAlpaca_800_B.jpg","type":"image\/jpeg"}],"twitter_card":"summary_large_image","schema":{"@context":"https:\/\/schema.org","@graph":[{"@type":"WebPage","@id":"https:\/\/happyinaknit.com\/produktas\/lang-yarns-suri-alpaca\/","url":"https:\/\/happyinaknit.com\/produktas\/lang-yarns-suri-alpaca\/","name":"Lang Yarns Suri Alpaca - Happyinaknit.com","isPartOf":{"@id":"https:\/\/happyinaknit.com\/lt\/#website"},"primaryImageOfPage":{"@id":"https:\/\/happyinaknit.com\/produktas\/lang-yarns-suri-alpaca\/#primaryimage"},"image":{"@id":"https:\/\/happyinaknit.com\/produktas\/lang-yarns-suri-alpaca\/#primaryimage"},"thumbnailUrl":"https:\/\/happyinaknit.com\/wp-content\/uploads\/2025\/10\/1082_0060_LANGYARNS_SuriAlpaca_800_B.jpg","datePublished":"2025-10-06T10:37:30+00:00","dateModified":"2025-11-13T20:46:31+00:00","breadcrumb":{"@id":"https:\/\/happyinaknit.com\/produktas\/lang-yarns-suri-alpaca\/#breadcrumb"},"inLanguage":"ru-RU","potentialAction":[{"@type":"ReadAction","target":["https:\/\/happyinaknit.com\/produktas\/lang-yarns-suri-alpaca\/"]}]},{"@type":"ImageObject","inLanguage":"ru-RU","@id":"https:\/\/happyinaknit.com\/produktas\/lang-yarns-suri-alpaca\/#primaryimage","url":"https:\/\/happyinaknit.com\/wp-content\/uploads\/2025\/10\/1082_0060_LANGYARNS_SuriAlpaca_800_B.jpg","contentUrl":"https:\/\/happyinaknit.com\/wp-content\/uploads\/2025\/10\/1082_0060_LANGYARNS_SuriAlpaca_800_B.jpg","width":800,"height":800},{"@type":"BreadcrumbList","@id":"https:\/\/happyinaknit.com\/produktas\/lang-yarns-suri-alpaca\/#breadcrumb","itemListElement":[{"@type":"ListItem","position":1,"name":"Home","item":"https:\/\/happyinaknit.com\/lt\/"},{"@type":"ListItem","position":2,"name":"Parduotuv\u0117","item":"https:\/\/happyinaknit.com\/lt\/parduotuve\/"},{"@type":"ListItem","position":3,"name":"Lang Yarns Suri Alpaca"}]},{"@type":"WebSite","@id":"https:\/\/happyinaknit.com\/lt\/#website","url":"https:\/\/happyinaknit.com\/lt\/","name":"Happyinaknit.com","description":"","potentialAction":[{"@type":"SearchAction","target":{"@type":"EntryPoint","urlTemplate":"https:\/\/happyinaknit.com\/lt\/?s={search_term_string}"},"query-input":{"@type":"PropertyValueSpecification","valueRequired":true,"valueName":"search_term_string"}}],"inLanguage":"ru-RU"}]}},"_links":{"self":[{"href":"https:\/\/happyinaknit.com\/ru\/wp-json\/wp\/v2\/product\/2909","targetHints":{"allow":["GET"]}}],"collection":[{"href":"https:\/\/happyinaknit.com\/ru\/wp-json\/wp\/v2\/product"}],"about":[{"href":"https:\/\/happyinaknit.com\/ru\/wp-json\/wp\/v2\/types\/product"}],"replies":[{"embeddable":true,"href":"https:\/\/happyinaknit.com\/ru\/wp-json\/wp\/v2\/comments?post=2909"}],"wp:featuredmedia":[{"embeddable":true,"href":"https:\/\/happyinaknit.com\/ru\/wp-json\/wp\/v2\/media\/2912"}],"wp:attachment":[{"href":"https:\/\/happyinaknit.com\/ru\/wp-json\/wp\/v2\/media?parent=2909"}],"wp:term":[{"taxonomy":"product_brand","embeddable":true,"href":"https:\/\/happyinaknit.com\/ru\/wp-json\/wp\/v2\/product_brand?post=2909"},{"taxonomy":"product_cat","embeddable":true,"href":"https:\/\/happyinaknit.com\/ru\/wp-json\/wp\/v2\/product_cat?post=2909"},{"taxonomy":"product_tag","embeddable":true,"href":"https:\/\/happyinaknit.com\/ru\/wp-json\/wp\/v2\/product_tag?post=2909"},{"taxonomy":"pro-kategorijos","embeddable":true,"href":"https:\/\/happyinaknit.com\/ru\/wp-json\/wp\/v2\/pro-kategorijos?post=2909"}],"curies":[{"name":"wp","href":"https:\/\/api.w.org\/{rel}","templated":true}]}}