{"id":2896,"date":"2025-10-06T10:19:59","date_gmt":"2025-10-06T10:19:59","guid":{"rendered":"https:\/\/happyinaknit.com\/?post_type=product&#038;p=2896"},"modified":"2025-11-13T20:44:44","modified_gmt":"2025-11-13T20:44:44","slug":"lang-yarns-lino","status":"publish","type":"product","link":"https:\/\/happyinaknit.com\/ru\/product\/lang-yarns-lino\/","title":{"rendered":"Lang Yarns Lino"},"content":{"rendered":"<p data-start=\"93\" data-end=\"453\">\u041d\u0430\u0442\u0443\u0440\u0430\u043b\u044c\u043d\u044b\u0439 <strong data-start=\"125\" data-end=\"139\">100 % \u043b\u0435\u043d<\/strong> \u043f\u0440\u044f\u0436\u0430, \u043e\u0442\u043b\u0438\u0447\u0430\u044e\u0449\u0430\u044f\u0441\u044f \u043e\u0441\u043e\u0431\u043e\u0439 \u0441\u0432\u0435\u0436\u0435\u0441\u0442\u044c\u044e \u0438 \u043b\u0451\u0433\u043a\u043e\u0441\u0442\u044c\u044e\u2013 \u043e\u0442\u043b\u0438\u0447\u043d\u044b\u0439 \u0432\u044b\u0431\u043e\u0440 \u0434\u043b\u044f \u043b\u0435\u0442\u0430. \u042d\u0442\u043e \u043c\u044f\u0433\u043a\u0438\u0439, \u043f\u0440\u0435\u0434\u0432\u0430\u0440\u0438\u0442\u0435\u043b\u044c\u043d\u043e \u0432\u044b\u043c\u044b\u0442\u044b\u0439 \u043b\u0451\u043d, \u0432\u044b\u043f\u043e\u043b\u043d\u0435\u043d\u043d\u044b\u0439 \u0432 \u0432\u0438\u0434\u0435 <strong data-start=\"262\" data-end=\"284\">\u0432\u0435\u0440\u0435\u0432\u043e\u0447\u043d\u043e\u0439  \u0441\u0442\u0440\u0443\u043a\u0442\u0443\u0440\u044b<\/strong>, \u0447\u0442\u043e \u043f\u0440\u0438\u0434\u0430\u0451\u0442 \u043f\u0440\u044f\u0436\u0435 \u044d\u043b\u0430\u0441\u0442\u0438\u0447\u043d\u043e\u0441\u0442\u044c \u0438 \u043b\u0451\u0433\u043a\u0438\u0439 \u043d\u0430\u0442\u0443\u0440\u0430\u043b\u044c\u043d\u044b\u0439 \u0432\u0438\u0434. \u0421\u0432\u044f\u0437\u0430\u043d\u043d\u044b\u0435 \u0438\u0437\u0434\u0435\u043b\u0438\u044f  \u0438\u0437 \u043f\u0440\u044f\u0436\u0438 \u0432\u044b\u0433\u043b\u044f\u0434\u044f\u0442 \u044d\u043b\u0435\u0433\u0430\u043d\u0442\u043d\u043e, \u0445\u043e\u0440\u043e\u0448\u043e \u0434\u044b\u0448\u0430\u0442 \u0438 \u0441\u0442\u0430\u043d\u043e\u0432\u0438\u0442\u0441\u044f \u043c\u044f\u0433\u0447\u0435 \u043f\u0440\u0438 \u043d\u043e\u0441\u043a\u0435 \u0438 \u0441\u0442\u0438\u0440\u043a\u0435.<\/p>\n<ul data-start=\"455\" data-end=\"871\">\n<li data-start=\"455\" data-end=\"483\">\n<p data-start=\"457\" data-end=\"483\"><strong data-start=\"457\" data-end=\"469\">\u0421\u043e\u0441\u0442\u0430\u0432:<\/strong> 100 % \u043b\u0435\u043d<\/p>\n<\/li>\n<li data-start=\"511\" data-end=\"550\">\n<p data-start=\"513\" data-end=\"550\"><strong data-start=\"513\" data-end=\"535\">\u0412\u0435\u0441\/\u0434\u043b\u0438\u043d\u0430:<\/strong> 50 \u0433 - 110 \u043c<\/p>\n<\/li>\n<li data-start=\"551\" data-end=\"594\">\n<p data-start=\"553\" data-end=\"594\"><strong data-start=\"553\" data-end=\"581\">\u0420\u0435\u043a\u043e\u043c\u0435\u043d\u0434\u0443\u0435\u043c\u044b\u0435 \u0441\u043f\u0438\u0446\u044b:<\/strong> 4,5-5,0 \u043c\u043c<\/p>\n<\/li>\n<li data-start=\"595\" data-end=\"645\">\n<p data-start=\"597\" data-end=\"645\"><strong data-start=\"597\" data-end=\"623\">\u041f\u043b\u043e\u0442\u043d\u043e\u0441\u0442\u044c (10 \u00d7 10 \u0441\u043c):<\/strong> ~19 \u043f\u0435\u0442\u0435\u043b\u044c \u00d7 30 \u0440\u044f\u0434\u043e\u0432<\/p>\n<\/li>\n<li data-start=\"646\" data-end=\"780\">\n<p data-start=\"648\" data-end=\"678\"><strong data-start=\"648\" data-end=\"676\">\u041f\u0440\u0438\u043c\u0435\u0440\u043d\u044b\u0439 \u0440\u0430\u0441\u0445\u043e\u0434:<\/strong><\/p>\n<ul data-start=\"681\" data-end=\"780\">\n<li data-start=\"681\" data-end=\"728\">\n<p data-start=\"683\" data-end=\"728\">\u043d\u0430  \u043c\u0443\u0436\u0441\u043a\u043e\u0435  \u0438\u0437\u0434\u0435\u043b\u0438\u0435 (\u0440\u0430\u0437\u043c\u0435\u0440 M) ~15 \u043c\u043e\u0442\u043a\u043e\u0432<\/p>\n<\/li>\n<li data-start=\"731\" data-end=\"780\">\n<p data-start=\"733\" data-end=\"780\">\u043d\u0430 \u0436\u0435\u043d\u0441\u043a\u043e\u0435 \u0438\u0437\u0434\u0435\u043b\u0438\u0435 (\u0440\u0430\u0437\u043c\u0435\u0440 M) ~11 \u043c\u043e\u0442\u043a\u043e\u0432<\/p>\n<\/li>\n<\/ul>\n<\/li>\n<li data-start=\"781\" data-end=\"871\">\n<p data-start=\"783\" data-end=\"799\"><strong data-start=\"783\" data-end=\"797\">\u0421\u043e\u0432\u0435\u0442\u044b \u043f\u043e \u0443\u0445\u043e\u0434\u0443:<\/strong><\/p>\n<ul data-start=\"802\" data-end=\"871\">\n<li data-start=\"802\" data-end=\"832\">\n<p data-start=\"804\" data-end=\"832\">\u0420\u0443\u0447\u043d\u0430\u044f \u0441\u0442\u0438\u0440\u043a\u0430 \u043f\u0440\u0438 \u0442\u0435\u043c\u043f\u0435\u0440\u0430\u0442\u0443\u0440\u0435 \u0434\u043e 30\u00b0C<\/p>\n<\/li>\n<li data-start=\"835\" data-end=\"871\">\n<p data-start=\"837\" data-end=\"871\">\u0421\u0443\u0448\u0438\u0442\u044c \u0432 \u0440\u0430\u0441\u043f\u0440\u0430\u0432\u043b\u0435\u043d\u043d\u043e\u043c \u0432\u0438\u0434\u0435 \u0432 \u0433\u043e\u0440\u0438\u0437\u043e\u043d\u0442\u0430\u043b\u044c\u043d\u043e\u043c \u043f\u043e\u043b\u043e\u0436\u0435\u043d\u0438\u0438<\/p>\n<\/li>\n<\/ul>\n<\/li>\n<\/ul>","protected":false},"excerpt":{"rendered":"<p>Nat\u016bral\u016bs 100 % lino si\u016blai, pasi\u017eymintys ypatingu gaivumu ir lengvumu \u2013 puikus pasirinkimas vasarai. Tai mink\u0161tas, i\u0161plautas linas, megztas \u012f virvelio strukt\u016br\u0105, kuri suteikia si\u016blui elastingumo ir subtilaus nat\u016bralumo poj\u016bt\u012f. Mezginiai i\u0161 \u201eLino\u201c atrodo eleganti\u0161kai, gerai kv\u0117puoja ir tampa vis \u0161velnesni d\u0117vint bei skalbiant. Sud\u0117tis: 100 % linas Svoris \/ metra\u017eas: 50 g &#8211; 110 [&hellip;]<\/p>\n","protected":false},"featured_media":2900,"comment_status":"open","ping_status":"closed","template":"","meta":{"_acf_changed":false},"product_brand":[70],"product_cat":[15,18],"product_tag":[],"pro-kategorijos":[80],"class_list":{"0":"post-2896","1":"product","2":"type-product","3":"status-publish","4":"has-post-thumbnail","6":"product_brand-lang-yarns","7":"product_cat-visi-produktai","8":"product_cat-siulai","9":"pro-kategorijos-linas","11":"first","12":"instock","13":"shipping-taxable","14":"purchasable","15":"product-type-variable"},"acf":[],"yoast_head":"<!-- This site is optimized with the Yoast SEO plugin v26.8 - https:\/\/yoast.com\/product\/yoast-seo-wordpress\/ -->\n<title>Lang Yarns Lino - Happyinaknit.com<\/title>\n<meta name=\"robots\" content=\"index, follow, max-snippet:-1, max-image-preview:large, max-video-preview:-1\" \/>\n<link rel=\"canonical\" href=\"https:\/\/happyinaknit.com\/ru\/product\/lang-yarns-lino\/\" \/>\n<meta property=\"og:locale\" content=\"ru_RU\" \/>\n<meta property=\"og:type\" content=\"article\" \/>\n<meta property=\"og:title\" content=\"Lang Yarns Lino - Happyinaknit.com\" \/>\n<meta property=\"og:description\" content=\"Nat\u016bral\u016bs 100 % lino si\u016blai, pasi\u017eymintys ypatingu gaivumu ir lengvumu \u2013 puikus pasirinkimas vasarai. Tai mink\u0161tas, i\u0161plautas linas, megztas \u012f virvelio strukt\u016br\u0105, kuri suteikia si\u016blui elastingumo ir subtilaus nat\u016bralumo poj\u016bt\u012f. Mezginiai i\u0161 \u201eLino\u201c atrodo eleganti\u0161kai, gerai kv\u0117puoja ir tampa vis \u0161velnesni d\u0117vint bei skalbiant. Sud\u0117tis: 100 % linas Svoris \/ metra\u017eas: 50 g &#8211; 110 [&hellip;]\" \/>\n<meta property=\"og:url\" content=\"https:\/\/happyinaknit.com\/ru\/product\/lang-yarns-lino\/\" \/>\n<meta property=\"og:site_name\" content=\"Happyinaknit.com\" \/>\n<meta property=\"article:modified_time\" content=\"2025-11-13T20:44:44+00:00\" \/>\n<meta property=\"og:image\" content=\"https:\/\/happyinaknit.com\/wp-content\/uploads\/2025\/10\/784_0113_LANGYARNS_Lino_800_B.jpg\" \/>\n\t<meta property=\"og:image:width\" content=\"800\" \/>\n\t<meta property=\"og:image:height\" content=\"800\" \/>\n\t<meta property=\"og:image:type\" content=\"image\/jpeg\" \/>\n<meta name=\"twitter:card\" content=\"summary_large_image\" \/>\n<script type=\"application\/ld+json\" class=\"yoast-schema-graph\">{\"@context\":\"https:\/\/schema.org\",\"@graph\":[{\"@type\":\"WebPage\",\"@id\":\"https:\/\/happyinaknit.com\/produktas\/lang-yarns-lino\/\",\"url\":\"https:\/\/happyinaknit.com\/produktas\/lang-yarns-lino\/\",\"name\":\"Lang Yarns Lino - Happyinaknit.com\",\"isPartOf\":{\"@id\":\"https:\/\/happyinaknit.com\/lt\/#website\"},\"primaryImageOfPage\":{\"@id\":\"https:\/\/happyinaknit.com\/produktas\/lang-yarns-lino\/#primaryimage\"},\"image\":{\"@id\":\"https:\/\/happyinaknit.com\/produktas\/lang-yarns-lino\/#primaryimage\"},\"thumbnailUrl\":\"https:\/\/happyinaknit.com\/wp-content\/uploads\/2025\/10\/784_0113_LANGYARNS_Lino_800_B.jpg\",\"datePublished\":\"2025-10-06T10:19:59+00:00\",\"dateModified\":\"2025-11-13T20:44:44+00:00\",\"breadcrumb\":{\"@id\":\"https:\/\/happyinaknit.com\/produktas\/lang-yarns-lino\/#breadcrumb\"},\"inLanguage\":\"ru-RU\",\"potentialAction\":[{\"@type\":\"ReadAction\",\"target\":[\"https:\/\/happyinaknit.com\/produktas\/lang-yarns-lino\/\"]}]},{\"@type\":\"ImageObject\",\"inLanguage\":\"ru-RU\",\"@id\":\"https:\/\/happyinaknit.com\/produktas\/lang-yarns-lino\/#primaryimage\",\"url\":\"https:\/\/happyinaknit.com\/wp-content\/uploads\/2025\/10\/784_0113_LANGYARNS_Lino_800_B.jpg\",\"contentUrl\":\"https:\/\/happyinaknit.com\/wp-content\/uploads\/2025\/10\/784_0113_LANGYARNS_Lino_800_B.jpg\",\"width\":800,\"height\":800},{\"@type\":\"BreadcrumbList\",\"@id\":\"https:\/\/happyinaknit.com\/produktas\/lang-yarns-lino\/#breadcrumb\",\"itemListElement\":[{\"@type\":\"ListItem\",\"position\":1,\"name\":\"Home\",\"item\":\"https:\/\/happyinaknit.com\/lt\/\"},{\"@type\":\"ListItem\",\"position\":2,\"name\":\"Parduotuv\u0117\",\"item\":\"https:\/\/happyinaknit.com\/lt\/parduotuve\/\"},{\"@type\":\"ListItem\",\"position\":3,\"name\":\"Lang Yarns Lino\"}]},{\"@type\":\"WebSite\",\"@id\":\"https:\/\/happyinaknit.com\/lt\/#website\",\"url\":\"https:\/\/happyinaknit.com\/lt\/\",\"name\":\"Happyinaknit.com\",\"description\":\"\",\"potentialAction\":[{\"@type\":\"SearchAction\",\"target\":{\"@type\":\"EntryPoint\",\"urlTemplate\":\"https:\/\/happyinaknit.com\/lt\/?s={search_term_string}\"},\"query-input\":{\"@type\":\"PropertyValueSpecification\",\"valueRequired\":true,\"valueName\":\"search_term_string\"}}],\"inLanguage\":\"ru-RU\"}]}<\/script>\n<!-- \/ Yoast SEO plugin. -->","yoast_head_json":{"title":"Lang Yarns Lino - Happyinaknit.com","robots":{"index":"index","follow":"follow","max-snippet":"max-snippet:-1","max-image-preview":"max-image-preview:large","max-video-preview":"max-video-preview:-1"},"canonical":"https:\/\/happyinaknit.com\/ru\/product\/lang-yarns-lino\/","og_locale":"ru_RU","og_type":"article","og_title":"Lang Yarns Lino - Happyinaknit.com","og_description":"Nat\u016bral\u016bs 100 % lino si\u016blai, pasi\u017eymintys ypatingu gaivumu ir lengvumu \u2013 puikus pasirinkimas vasarai. Tai mink\u0161tas, i\u0161plautas linas, megztas \u012f virvelio strukt\u016br\u0105, kuri suteikia si\u016blui elastingumo ir subtilaus nat\u016bralumo poj\u016bt\u012f. Mezginiai i\u0161 \u201eLino\u201c atrodo eleganti\u0161kai, gerai kv\u0117puoja ir tampa vis \u0161velnesni d\u0117vint bei skalbiant. Sud\u0117tis: 100 % linas Svoris \/ metra\u017eas: 50 g &#8211; 110 [&hellip;]","og_url":"https:\/\/happyinaknit.com\/ru\/product\/lang-yarns-lino\/","og_site_name":"Happyinaknit.com","article_modified_time":"2025-11-13T20:44:44+00:00","og_image":[{"width":800,"height":800,"url":"https:\/\/happyinaknit.com\/wp-content\/uploads\/2025\/10\/784_0113_LANGYARNS_Lino_800_B.jpg","type":"image\/jpeg"}],"twitter_card":"summary_large_image","schema":{"@context":"https:\/\/schema.org","@graph":[{"@type":"WebPage","@id":"https:\/\/happyinaknit.com\/produktas\/lang-yarns-lino\/","url":"https:\/\/happyinaknit.com\/produktas\/lang-yarns-lino\/","name":"Lang Yarns Lino - Happyinaknit.com","isPartOf":{"@id":"https:\/\/happyinaknit.com\/lt\/#website"},"primaryImageOfPage":{"@id":"https:\/\/happyinaknit.com\/produktas\/lang-yarns-lino\/#primaryimage"},"image":{"@id":"https:\/\/happyinaknit.com\/produktas\/lang-yarns-lino\/#primaryimage"},"thumbnailUrl":"https:\/\/happyinaknit.com\/wp-content\/uploads\/2025\/10\/784_0113_LANGYARNS_Lino_800_B.jpg","datePublished":"2025-10-06T10:19:59+00:00","dateModified":"2025-11-13T20:44:44+00:00","breadcrumb":{"@id":"https:\/\/happyinaknit.com\/produktas\/lang-yarns-lino\/#breadcrumb"},"inLanguage":"ru-RU","potentialAction":[{"@type":"ReadAction","target":["https:\/\/happyinaknit.com\/produktas\/lang-yarns-lino\/"]}]},{"@type":"ImageObject","inLanguage":"ru-RU","@id":"https:\/\/happyinaknit.com\/produktas\/lang-yarns-lino\/#primaryimage","url":"https:\/\/happyinaknit.com\/wp-content\/uploads\/2025\/10\/784_0113_LANGYARNS_Lino_800_B.jpg","contentUrl":"https:\/\/happyinaknit.com\/wp-content\/uploads\/2025\/10\/784_0113_LANGYARNS_Lino_800_B.jpg","width":800,"height":800},{"@type":"BreadcrumbList","@id":"https:\/\/happyinaknit.com\/produktas\/lang-yarns-lino\/#breadcrumb","itemListElement":[{"@type":"ListItem","position":1,"name":"Home","item":"https:\/\/happyinaknit.com\/lt\/"},{"@type":"ListItem","position":2,"name":"Parduotuv\u0117","item":"https:\/\/happyinaknit.com\/lt\/parduotuve\/"},{"@type":"ListItem","position":3,"name":"Lang Yarns Lino"}]},{"@type":"WebSite","@id":"https:\/\/happyinaknit.com\/lt\/#website","url":"https:\/\/happyinaknit.com\/lt\/","name":"Happyinaknit.com","description":"","potentialAction":[{"@type":"SearchAction","target":{"@type":"EntryPoint","urlTemplate":"https:\/\/happyinaknit.com\/lt\/?s={search_term_string}"},"query-input":{"@type":"PropertyValueSpecification","valueRequired":true,"valueName":"search_term_string"}}],"inLanguage":"ru-RU"}]}},"_links":{"self":[{"href":"https:\/\/happyinaknit.com\/ru\/wp-json\/wp\/v2\/product\/2896","targetHints":{"allow":["GET"]}}],"collection":[{"href":"https:\/\/happyinaknit.com\/ru\/wp-json\/wp\/v2\/product"}],"about":[{"href":"https:\/\/happyinaknit.com\/ru\/wp-json\/wp\/v2\/types\/product"}],"replies":[{"embeddable":true,"href":"https:\/\/happyinaknit.com\/ru\/wp-json\/wp\/v2\/comments?post=2896"}],"wp:featuredmedia":[{"embeddable":true,"href":"https:\/\/happyinaknit.com\/ru\/wp-json\/wp\/v2\/media\/2900"}],"wp:attachment":[{"href":"https:\/\/happyinaknit.com\/ru\/wp-json\/wp\/v2\/media?parent=2896"}],"wp:term":[{"taxonomy":"product_brand","embeddable":true,"href":"https:\/\/happyinaknit.com\/ru\/wp-json\/wp\/v2\/product_brand?post=2896"},{"taxonomy":"product_cat","embeddable":true,"href":"https:\/\/happyinaknit.com\/ru\/wp-json\/wp\/v2\/product_cat?post=2896"},{"taxonomy":"product_tag","embeddable":true,"href":"https:\/\/happyinaknit.com\/ru\/wp-json\/wp\/v2\/product_tag?post=2896"},{"taxonomy":"pro-kategorijos","embeddable":true,"href":"https:\/\/happyinaknit.com\/ru\/wp-json\/wp\/v2\/pro-kategorijos?post=2896"}],"curies":[{"name":"wp","href":"https:\/\/api.w.org\/{rel}","templated":true}]}}