{"id":2891,"date":"2025-10-06T10:14:25","date_gmt":"2025-10-06T10:14:25","guid":{"rendered":"https:\/\/happyinaknit.com\/?post_type=product&#038;p=2891"},"modified":"2025-11-13T20:42:44","modified_gmt":"2025-11-13T20:42:44","slug":"lang-yarns-silk-color","status":"publish","type":"product","link":"https:\/\/happyinaknit.com\/ru\/product\/lang-yarns-silk-color\/","title":{"rendered":"\u041f\u0440\u044f\u0436\u0430 Lang Silk Color"},"content":{"rendered":"<p data-start=\"99\" data-end=\"508\">\u041d\u0430\u0441\u0442\u043e\u044f\u0449\u0435\u0435 \u0432\u043e\u043f\u043b\u043e\u0449\u0435\u043d\u0438\u0435 \u0440\u043e\u0441\u043a\u043e\u0448\u0438 \u2013 <strong data-start=\"159\" data-end=\"185\">100 % \u043d\u0430\u0442\u0443\u0440\u0430\u043b\u044c\u043d\u044b\u0439 \u0448\u0435\u043b\u043a<\/strong>. \u042d\u0442\u043e \u043b\u0451\u0433\u043a\u0438\u0435, \u043c\u044f\u0433\u043a\u0438\u0435 \u0438 \u0431\u043b\u0435\u0441\u0442\u044f\u0449\u0438\u0435 \u043d\u0438\u0442\u0438, \u043a\u043e\u0442\u043e\u0440\u044b\u0435 \u043f\u0440\u0438\u0434\u0430\u044e\u0442 \u0442\u0440\u0438\u043a\u043e\u0442\u0430\u0436\u043d\u044b\u043c \u0438\u0437\u0434\u0435\u043b\u0438\u044f\u043c \u044d\u043b\u0435\u0433\u0430\u043d\u0442\u043d\u043e\u0441\u0442\u044c, \u0441\u0432\u0435\u0436\u0435\u0441\u0442\u044c \u0438 \u0435\u0441\u0442\u0435\u0441\u0442\u0432\u0435\u043d\u043d\u043e\u0435 \u043e\u0449\u0443\u0449\u0435\u043d\u0438\u0435 \u0440\u043e\u0441\u043a\u043e\u0448\u0438. \u041b\u0435\u0442\u043e\u043c \u043d\u0435\u0442 \u043d\u0438\u0447\u0435\u0433\u043e \u043f\u0440\u0438\u044f\u0442\u043d\u0435\u0435 \u043f\u0440\u0438\u043a\u043e\u0441\u043d\u043e\u0432\u0435\u043d\u0438\u044f \u0448\u0451\u043b\u043a\u0430 \u043a \u043a\u043e\u0436\u0435 \u2013 \u043e\u043d \u043d\u0435\u0436\u043d\u043e \u043e\u0445\u043b\u0430\u0436\u0434\u0430\u0435\u0442, \u043f\u0440\u0438\u044f\u0442\u043d\u043e \u043b\u043e\u0436\u0438\u0442\u0441\u044f \u0438 \u0434\u0430\u0440\u0438\u0442 \u043d\u0435\u043f\u043e\u0432\u0442\u043e\u0440\u0438\u043c\u044b\u0439 \u043a\u043e\u043c\u0444\u043e\u0440\u0442. \u0422\u0440\u0438\u043a\u043e\u0442\u0430\u0436 \u0432\u044b\u0433\u043b\u044f\u0434\u0438\u0442 \u043d\u0435\u043e\u0431\u044b\u043a\u043d\u043e\u0432\u0435\u043d\u043d\u043e \u043a\u0440\u0430\u0441\u0438\u0432\u043e, \u0441\u043b\u043e\u0432\u043d\u043e \u0441\u043e\u0437\u0434\u0430\u043d\u043d\u044b\u0439 \u0438\u0437 \u0441\u0432\u0435\u0442\u0430.<\/p>\n<ul data-start=\"510\" data-end=\"912\">\n<li data-start=\"510\" data-end=\"539\">\n<p data-start=\"512\" data-end=\"539\"><strong data-start=\"512\" data-end=\"524\">\u0421\u043e\u0441\u0442\u0430\u0432:<\/strong> 100 % \u0448\u0435\u043b\u043a<\/p>\n<\/li>\n<li data-start=\"567\" data-end=\"607\">\n<p data-start=\"569\" data-end=\"607\"><strong data-start=\"569\" data-end=\"591\">\u0412\u0435\u0441\/\u0434\u043b\u0438\u043d\u0430:<\/strong> 100 \u0433 - 260 \u043c<\/p>\n<\/li>\n<li data-start=\"608\" data-end=\"651\">\n<p data-start=\"610\" data-end=\"651\"><strong data-start=\"610\" data-end=\"638\">\u0420\u0435\u043a\u043e\u043c\u0435\u043d\u0434\u0443\u0435\u043c\u044b\u0435 \u0441\u043f\u0438\u0446\u044b:<\/strong> 3,5-4,0 \u043c\u043c<\/p>\n<\/li>\n<li data-start=\"652\" data-end=\"702\">\n<p data-start=\"654\" data-end=\"702\"><strong data-start=\"654\" data-end=\"680\">\u041f\u043b\u043e\u0442\u043d\u043e\u0441\u0442\u044c (10 \u00d7 10 \u0441\u043c):<\/strong> ~22 \u043f\u0435\u0442\u043b\u0438 \u00d7 33 \u0440\u044f\u0434\u0430<\/p>\n<\/li>\n<li data-start=\"703\" data-end=\"821\">\n<p data-start=\"705\" data-end=\"735\"><strong data-start=\"705\" data-end=\"733\">\u041f\u0440\u0438\u043c\u0435\u0440\u043d\u044b\u0439 \u0440\u0430\u0441\u0445\u043e\u0434:<\/strong><\/p>\n<ul data-start=\"738\" data-end=\"821\">\n<li data-start=\"738\" data-end=\"777\">\n<p data-start=\"740\" data-end=\"777\">\u043d\u0430  \u043c\u0443\u0436\u0441\u043a\u043e\u0435  \u0438\u0437\u0434\u0435\u043b\u0438\u0435 (\u0440\u0430\u0437\u043c\u0435\u0440 M) ~700 \u0433<\/p>\n<\/li>\n<li data-start=\"780\" data-end=\"821\">\n<p data-start=\"782\" data-end=\"821\">\u043d\u0430  \u0436\u0435\u043d\u0441\u043a\u043e\u0435 \u0438\u0437\u0434\u0435\u043b\u0438\u0435 (\u0440\u0430\u0437\u043c\u0435\u0440 M) ~500 \u0433<\/p>\n<\/li>\n<\/ul>\n<\/li>\n<li data-start=\"822\" data-end=\"912\">\n<p data-start=\"824\" data-end=\"840\"><strong data-start=\"824\" data-end=\"838\">\u0421\u043e\u0432\u0435\u0442\u044b \u043f\u043e \u0443\u0445\u043e\u0434\u0443:<\/strong><\/p>\n<ul data-start=\"843\" data-end=\"912\">\n<li data-start=\"843\" data-end=\"873\">\n<p data-start=\"845\" data-end=\"873\">\u0420\u0443\u0447\u043d\u0430\u044f \u0441\u0442\u0438\u0440\u043a\u0430 \u043f\u0440\u0438 \u0442\u0435\u043c\u043f\u0435\u0440\u0430\u0442\u0443\u0440\u0435 \u0434\u043e 30\u00b0C<\/p>\n<\/li>\n<li data-start=\"876\" data-end=\"912\">\n<p data-start=\"878\" data-end=\"912\">\u0421\u0443\u0448\u0438\u0442\u044c \u0432 \u0440\u0430\u0441\u043f\u0440\u0430\u0432\u043b\u0435\u043d\u043d\u043e\u043c \u0432\u0438\u0434\u0435 \u0432 \u0433\u043e\u0440\u0438\u0437\u043e\u043d\u0442\u0430\u043b\u044c\u043d\u043e\u043c \u043f\u043e\u043b\u043e\u0436\u0435\u043d\u0438\u0438<\/p>\n<\/li>\n<\/ul>\n<\/li>\n<\/ul>","protected":false},"excerpt":{"rendered":"<p>Tikras prabangos \u012fsik\u016bnijimas \u2013 100 % nat\u016bralus \u0161ilkas. Tai lengvi, \u0161veln\u016bs ir \u017evilgantys si\u016blai, suteikiantys mezginiams elegancijos, gaivumo ir nat\u016bralaus prabangos poj\u016b\u010dio. Vasar\u0105 n\u0117ra nieko malonesnio nei \u0161ilko prisilietimas prie odos \u2013 jis \u0161velniai v\u0117sina, gra\u017eiai krinta ir suteikia nepakartojam\u0105 komfort\u0105. Mezginiai atrodo i\u0161skirtinai dail\u016bs, tarsi sukurti i\u0161 \u0161viesos. Sud\u0117tis: 100 % \u0161ilkas Svoris \/ [&hellip;]<\/p>\n","protected":false},"featured_media":2893,"comment_status":"open","ping_status":"closed","template":"","meta":{"_acf_changed":false},"product_brand":[70],"product_cat":[15,182,18],"product_tag":[33],"pro-kategorijos":[77],"class_list":{"0":"post-2891","1":"product","2":"type-product","3":"status-publish","4":"has-post-thumbnail","6":"product_brand-lang-yarns","7":"product_cat-visi-produktai","8":"product_cat-ispardavimas","9":"product_cat-siulai","10":"product_tag-ispardavimas","11":"pro-kategorijos-silkas","13":"first","14":"instock","15":"sale","16":"shipping-taxable","17":"purchasable","18":"product-type-variable"},"acf":[],"yoast_head":"<!-- This site is optimized with the Yoast SEO plugin v26.8 - https:\/\/yoast.com\/product\/yoast-seo-wordpress\/ -->\n<title>Lang Yarns Silk Color - Happyinaknit.com<\/title>\n<meta name=\"robots\" content=\"index, follow, max-snippet:-1, max-image-preview:large, max-video-preview:-1\" \/>\n<link rel=\"canonical\" href=\"https:\/\/happyinaknit.com\/ru\/product\/lang-yarns-silk-color\/\" \/>\n<meta property=\"og:locale\" content=\"ru_RU\" \/>\n<meta property=\"og:type\" content=\"article\" \/>\n<meta property=\"og:title\" content=\"Lang Yarns Silk Color - Happyinaknit.com\" \/>\n<meta property=\"og:description\" content=\"Tikras prabangos \u012fsik\u016bnijimas \u2013 100 % nat\u016bralus \u0161ilkas. Tai lengvi, \u0161veln\u016bs ir \u017evilgantys si\u016blai, suteikiantys mezginiams elegancijos, gaivumo ir nat\u016bralaus prabangos poj\u016b\u010dio. Vasar\u0105 n\u0117ra nieko malonesnio nei \u0161ilko prisilietimas prie odos \u2013 jis \u0161velniai v\u0117sina, gra\u017eiai krinta ir suteikia nepakartojam\u0105 komfort\u0105. Mezginiai atrodo i\u0161skirtinai dail\u016bs, tarsi sukurti i\u0161 \u0161viesos. Sud\u0117tis: 100 % \u0161ilkas Svoris \/ [&hellip;]\" \/>\n<meta property=\"og:url\" content=\"https:\/\/happyinaknit.com\/ru\/product\/lang-yarns-silk-color\/\" \/>\n<meta property=\"og:site_name\" content=\"Happyinaknit.com\" \/>\n<meta property=\"article:modified_time\" content=\"2025-11-13T20:42:44+00:00\" \/>\n<meta property=\"og:image\" content=\"https:\/\/happyinaknit.com\/wp-content\/uploads\/2025\/10\/1141_0006_LANGYARNS_SilkColor_800_B.jpg\" \/>\n\t<meta property=\"og:image:width\" content=\"800\" \/>\n\t<meta property=\"og:image:height\" content=\"800\" \/>\n\t<meta property=\"og:image:type\" content=\"image\/jpeg\" \/>\n<meta name=\"twitter:card\" content=\"summary_large_image\" \/>\n<meta name=\"twitter:label1\" content=\"\u041f\u0440\u0438\u043c\u0435\u0440\u043d\u043e\u0435 \u0432\u0440\u0435\u043c\u044f \u0434\u043b\u044f \u0447\u0442\u0435\u043d\u0438\u044f\" \/>\n\t<meta name=\"twitter:data1\" content=\"1 \u043c\u0438\u043d\u0443\u0442\u0430\" \/>\n<script type=\"application\/ld+json\" class=\"yoast-schema-graph\">{\"@context\":\"https:\/\/schema.org\",\"@graph\":[{\"@type\":\"WebPage\",\"@id\":\"https:\/\/happyinaknit.com\/produktas\/lang-yarns-silk-color\/\",\"url\":\"https:\/\/happyinaknit.com\/produktas\/lang-yarns-silk-color\/\",\"name\":\"Lang Yarns Silk Color - Happyinaknit.com\",\"isPartOf\":{\"@id\":\"https:\/\/happyinaknit.com\/lt\/#website\"},\"primaryImageOfPage\":{\"@id\":\"https:\/\/happyinaknit.com\/produktas\/lang-yarns-silk-color\/#primaryimage\"},\"image\":{\"@id\":\"https:\/\/happyinaknit.com\/produktas\/lang-yarns-silk-color\/#primaryimage\"},\"thumbnailUrl\":\"https:\/\/happyinaknit.com\/wp-content\/uploads\/2025\/10\/1141_0006_LANGYARNS_SilkColor_800_B.jpg\",\"datePublished\":\"2025-10-06T10:14:25+00:00\",\"dateModified\":\"2025-11-13T20:42:44+00:00\",\"breadcrumb\":{\"@id\":\"https:\/\/happyinaknit.com\/produktas\/lang-yarns-silk-color\/#breadcrumb\"},\"inLanguage\":\"ru-RU\",\"potentialAction\":[{\"@type\":\"ReadAction\",\"target\":[\"https:\/\/happyinaknit.com\/produktas\/lang-yarns-silk-color\/\"]}]},{\"@type\":\"ImageObject\",\"inLanguage\":\"ru-RU\",\"@id\":\"https:\/\/happyinaknit.com\/produktas\/lang-yarns-silk-color\/#primaryimage\",\"url\":\"https:\/\/happyinaknit.com\/wp-content\/uploads\/2025\/10\/1141_0006_LANGYARNS_SilkColor_800_B.jpg\",\"contentUrl\":\"https:\/\/happyinaknit.com\/wp-content\/uploads\/2025\/10\/1141_0006_LANGYARNS_SilkColor_800_B.jpg\",\"width\":800,\"height\":800},{\"@type\":\"BreadcrumbList\",\"@id\":\"https:\/\/happyinaknit.com\/produktas\/lang-yarns-silk-color\/#breadcrumb\",\"itemListElement\":[{\"@type\":\"ListItem\",\"position\":1,\"name\":\"Home\",\"item\":\"https:\/\/happyinaknit.com\/lt\/\"},{\"@type\":\"ListItem\",\"position\":2,\"name\":\"Parduotuv\u0117\",\"item\":\"https:\/\/happyinaknit.com\/lt\/parduotuve\/\"},{\"@type\":\"ListItem\",\"position\":3,\"name\":\"Lang Yarns Silk Color\"}]},{\"@type\":\"WebSite\",\"@id\":\"https:\/\/happyinaknit.com\/lt\/#website\",\"url\":\"https:\/\/happyinaknit.com\/lt\/\",\"name\":\"Happyinaknit.com\",\"description\":\"\",\"potentialAction\":[{\"@type\":\"SearchAction\",\"target\":{\"@type\":\"EntryPoint\",\"urlTemplate\":\"https:\/\/happyinaknit.com\/lt\/?s={search_term_string}\"},\"query-input\":{\"@type\":\"PropertyValueSpecification\",\"valueRequired\":true,\"valueName\":\"search_term_string\"}}],\"inLanguage\":\"ru-RU\"}]}<\/script>\n<!-- \/ Yoast SEO plugin. -->","yoast_head_json":{"title":"Lang Yarns Silk Color - Happyinaknit.com","robots":{"index":"index","follow":"follow","max-snippet":"max-snippet:-1","max-image-preview":"max-image-preview:large","max-video-preview":"max-video-preview:-1"},"canonical":"https:\/\/happyinaknit.com\/ru\/product\/lang-yarns-silk-color\/","og_locale":"ru_RU","og_type":"article","og_title":"Lang Yarns Silk Color - Happyinaknit.com","og_description":"Tikras prabangos \u012fsik\u016bnijimas \u2013 100 % nat\u016bralus \u0161ilkas. Tai lengvi, \u0161veln\u016bs ir \u017evilgantys si\u016blai, suteikiantys mezginiams elegancijos, gaivumo ir nat\u016bralaus prabangos poj\u016b\u010dio. Vasar\u0105 n\u0117ra nieko malonesnio nei \u0161ilko prisilietimas prie odos \u2013 jis \u0161velniai v\u0117sina, gra\u017eiai krinta ir suteikia nepakartojam\u0105 komfort\u0105. Mezginiai atrodo i\u0161skirtinai dail\u016bs, tarsi sukurti i\u0161 \u0161viesos. Sud\u0117tis: 100 % \u0161ilkas Svoris \/ [&hellip;]","og_url":"https:\/\/happyinaknit.com\/ru\/product\/lang-yarns-silk-color\/","og_site_name":"Happyinaknit.com","article_modified_time":"2025-11-13T20:42:44+00:00","og_image":[{"width":800,"height":800,"url":"https:\/\/happyinaknit.com\/wp-content\/uploads\/2025\/10\/1141_0006_LANGYARNS_SilkColor_800_B.jpg","type":"image\/jpeg"}],"twitter_card":"summary_large_image","twitter_misc":{"\u041f\u0440\u0438\u043c\u0435\u0440\u043d\u043e\u0435 \u0432\u0440\u0435\u043c\u044f \u0434\u043b\u044f \u0447\u0442\u0435\u043d\u0438\u044f":"1 \u043c\u0438\u043d\u0443\u0442\u0430"},"schema":{"@context":"https:\/\/schema.org","@graph":[{"@type":"WebPage","@id":"https:\/\/happyinaknit.com\/produktas\/lang-yarns-silk-color\/","url":"https:\/\/happyinaknit.com\/produktas\/lang-yarns-silk-color\/","name":"Lang Yarns Silk Color - Happyinaknit.com","isPartOf":{"@id":"https:\/\/happyinaknit.com\/lt\/#website"},"primaryImageOfPage":{"@id":"https:\/\/happyinaknit.com\/produktas\/lang-yarns-silk-color\/#primaryimage"},"image":{"@id":"https:\/\/happyinaknit.com\/produktas\/lang-yarns-silk-color\/#primaryimage"},"thumbnailUrl":"https:\/\/happyinaknit.com\/wp-content\/uploads\/2025\/10\/1141_0006_LANGYARNS_SilkColor_800_B.jpg","datePublished":"2025-10-06T10:14:25+00:00","dateModified":"2025-11-13T20:42:44+00:00","breadcrumb":{"@id":"https:\/\/happyinaknit.com\/produktas\/lang-yarns-silk-color\/#breadcrumb"},"inLanguage":"ru-RU","potentialAction":[{"@type":"ReadAction","target":["https:\/\/happyinaknit.com\/produktas\/lang-yarns-silk-color\/"]}]},{"@type":"ImageObject","inLanguage":"ru-RU","@id":"https:\/\/happyinaknit.com\/produktas\/lang-yarns-silk-color\/#primaryimage","url":"https:\/\/happyinaknit.com\/wp-content\/uploads\/2025\/10\/1141_0006_LANGYARNS_SilkColor_800_B.jpg","contentUrl":"https:\/\/happyinaknit.com\/wp-content\/uploads\/2025\/10\/1141_0006_LANGYARNS_SilkColor_800_B.jpg","width":800,"height":800},{"@type":"BreadcrumbList","@id":"https:\/\/happyinaknit.com\/produktas\/lang-yarns-silk-color\/#breadcrumb","itemListElement":[{"@type":"ListItem","position":1,"name":"Home","item":"https:\/\/happyinaknit.com\/lt\/"},{"@type":"ListItem","position":2,"name":"Parduotuv\u0117","item":"https:\/\/happyinaknit.com\/lt\/parduotuve\/"},{"@type":"ListItem","position":3,"name":"Lang Yarns Silk Color"}]},{"@type":"WebSite","@id":"https:\/\/happyinaknit.com\/lt\/#website","url":"https:\/\/happyinaknit.com\/lt\/","name":"Happyinaknit.com","description":"","potentialAction":[{"@type":"SearchAction","target":{"@type":"EntryPoint","urlTemplate":"https:\/\/happyinaknit.com\/lt\/?s={search_term_string}"},"query-input":{"@type":"PropertyValueSpecification","valueRequired":true,"valueName":"search_term_string"}}],"inLanguage":"ru-RU"}]}},"_links":{"self":[{"href":"https:\/\/happyinaknit.com\/ru\/wp-json\/wp\/v2\/product\/2891","targetHints":{"allow":["GET"]}}],"collection":[{"href":"https:\/\/happyinaknit.com\/ru\/wp-json\/wp\/v2\/product"}],"about":[{"href":"https:\/\/happyinaknit.com\/ru\/wp-json\/wp\/v2\/types\/product"}],"replies":[{"embeddable":true,"href":"https:\/\/happyinaknit.com\/ru\/wp-json\/wp\/v2\/comments?post=2891"}],"wp:featuredmedia":[{"embeddable":true,"href":"https:\/\/happyinaknit.com\/ru\/wp-json\/wp\/v2\/media\/2893"}],"wp:attachment":[{"href":"https:\/\/happyinaknit.com\/ru\/wp-json\/wp\/v2\/media?parent=2891"}],"wp:term":[{"taxonomy":"product_brand","embeddable":true,"href":"https:\/\/happyinaknit.com\/ru\/wp-json\/wp\/v2\/product_brand?post=2891"},{"taxonomy":"product_cat","embeddable":true,"href":"https:\/\/happyinaknit.com\/ru\/wp-json\/wp\/v2\/product_cat?post=2891"},{"taxonomy":"product_tag","embeddable":true,"href":"https:\/\/happyinaknit.com\/ru\/wp-json\/wp\/v2\/product_tag?post=2891"},{"taxonomy":"pro-kategorijos","embeddable":true,"href":"https:\/\/happyinaknit.com\/ru\/wp-json\/wp\/v2\/pro-kategorijos?post=2891"}],"curies":[{"name":"wp","href":"https:\/\/api.w.org\/{rel}","templated":true}]}}