{"id":2865,"date":"2025-10-06T09:45:55","date_gmt":"2025-10-06T09:45:55","guid":{"rendered":"https:\/\/happyinaknit.com\/?post_type=product&#038;p=2865"},"modified":"2025-11-13T20:39:33","modified_gmt":"2025-11-13T20:39:33","slug":"lang-yarns-delizia","status":"publish","type":"product","link":"https:\/\/happyinaknit.com\/ru\/product\/lang-yarns-delizia\/","title":{"rendered":"Lang Yarns Delizia"},"content":{"rendered":"<p data-start=\"153\" data-end=\"584\">\u0418\u0441\u043a\u043b\u044e\u0447\u0438\u0442\u0435\u043b\u044c\u043d\u043e \u0440\u043e\u0441\u043a\u043e\u0448\u043d\u0430\u044f \u043f\u0440\u044f\u0436\u0430, \u0441\u043e\u0447\u0435\u0442\u0430\u044e\u0449\u0430\u044f \u043d\u0435\u0436\u043d\u044b\u0439 <em data-start=\"230\" data-end=\"240\">superkid<\/em> mohair  \u0438 \u0448\u0451\u043b\u043a. \u041c\u043d\u043e\u0433\u043e\u043d\u0438\u0442\u043e\u0447\u043d\u0430\u044f <strong data-start=\"271\" data-end=\"293\">\u0441\u0442\u0440\u0443\u043a\u0442\u0443\u0440\u0430  \u0432 \u0432\u0438\u0434\u0435 \u0448\u043d\u0443\u0440\u043a\u0430<\/strong> \u0441 \u0432\u043f\u043b\u0435\u0442\u0435\u043d\u043d\u043e\u0439 \u043c\u0435\u0442\u0430\u043b\u043b\u0438\u0447\u0435\u0441\u043a\u043e\u0439 \u043d\u0438\u0442\u044c\u044e \u043f\u0440\u0438\u0434\u0430\u0435\u0442 \u0442\u043e\u043d\u043a\u043e\u0435 \u0441\u0438\u044f\u043d\u0438\u0435  \u0438 \u043e\u0449\u0443\u0449\u0435\u043d\u0438\u044f \u044d\u043b\u0435\u0433\u0430\u043d\u0442\u043d\u043e\u0439 \u0440\u043e\u0441\u043a\u043e\u0448\u0438. \u041f\u0440\u044f\u0436\u0430 \u043e\u0447\u0435\u043d\u044c \u043f\u0443\u0448\u0438\u0441\u0442\u0430\u044f, \u043b\u0451\u0433\u043a\u0430\u044f \u0438 \u043c\u044f\u0433\u043a\u0430\u044f \u2014 \u0438\u0434\u0435\u0430\u043b\u044c\u043d\u043e \u043f\u043e\u0434\u0445\u043e\u0434\u0438\u0442 \u0434\u043b\u044f \u043c\u043e\u0434\u043d\u044b\u0445 \u0430\u043a\u0441\u0435\u0441\u0441\u0443\u0430\u0440\u043e\u0432, \u0448\u0430\u043f\u043e\u043a \u0438\u043b\u0438 \u0442\u0451\u043f\u043b\u044b\u0445 \u043f\u0443\u0448\u0438\u0441\u0442\u044b\u0445 \u0441\u0432\u0438\u0442\u0435\u0440\u043e\u0432.\u0411\u043b\u0430\u0433\u043e\u0434\u0430\u0440\u044f \u0438\u0441\u043f\u043e\u043b\u044c\u0437\u043e\u0432\u0430\u043d\u0438\u044e \u0442\u043e\u043b\u0441\u0442\u044b\u0445 \u0441\u043f\u0438\u0446  \u0432\u044f\u0437\u0430\u043d\u0438\u0435 \u0438\u0434\u0435\u0442 \u0431\u044b\u0441\u0442\u0440\u043e, \u0430 \u0440\u0435\u0437\u0443\u043b\u044c\u0442\u0430\u0442 \u0432\u044b\u0433\u043b\u044f\u0434\u0438\u0442 \u0432\u043f\u0435\u0447\u0430\u0442\u043b\u044f\u044e\u0449\u0435.<\/p>\n<ul data-start=\"586\" data-end=\"1035\">\n<li data-start=\"586\" data-end=\"672\">\n<p data-start=\"588\" data-end=\"672\"><strong data-start=\"588\" data-end=\"600\">\u0421\u043e\u0441\u0442\u0430\u0432:<\/strong> 66 % \u043c\u043e\u0445\u0435\u0440 (\u0441\u0443\u043f\u0435\u0440\u043a\u0438\u0434), 28 % \u0448\u0435\u043b\u043a, 4 % \u043f\u043e\u043b\u0438\u044d\u0441\u0442\u0435\u0440, 2 % \u043f\u043e\u043b\u0438\u0430\u043c\u0438\u0434<\/p>\n<\/li>\n<li data-start=\"700\" data-end=\"738\">\n<p data-start=\"702\" data-end=\"738\"><strong data-start=\"702\" data-end=\"724\">\u0412\u0435\u0441\/\u0434\u043b\u0438\u043d\u0430:<\/strong> 50 \u0433 - 50 \u043c<\/p>\n<\/li>\n<li data-start=\"739\" data-end=\"783\">\n<p data-start=\"741\" data-end=\"783\"><strong data-start=\"741\" data-end=\"769\">\u0420\u0435\u043a\u043e\u043c\u0435\u043d\u0434\u0443\u0435\u043c\u044b\u0435 \u0441\u043f\u0438\u0446\u044b:<\/strong> 9,0-10,0 \u043c\u043c<\/p>\n<\/li>\n<li data-start=\"784\" data-end=\"834\">\n<p data-start=\"786\" data-end=\"834\"><strong data-start=\"786\" data-end=\"812\">\u041f\u043b\u043e\u0442\u043d\u043e\u0441\u0442\u044c (10 \u00d7 10 \u0441\u043c):<\/strong> ~11 \u043f\u0435\u0442\u0435\u043b\u044c \u00d7 15 \u0440\u044f\u0434\u043e\u0432<\/p>\n<\/li>\n<li data-start=\"835\" data-end=\"944\">\n<p data-start=\"837\" data-end=\"867\"><strong data-start=\"837\" data-end=\"865\">\u041f\u0440\u0438\u043c\u0435\u0440\u043d\u044b\u0439 \u0440\u0430\u0441\u0445\u043e\u0434:<\/strong><\/p>\n<ul data-start=\"870\" data-end=\"944\">\n<li data-start=\"870\" data-end=\"896\">\n<p data-start=\"872\" data-end=\"896\">~2 \u043c\u043e\u0442\u043a\u0430 \u043d\u0430 \u0448\u0430\u043f\u043a\u0443<\/p>\n<\/li>\n<li data-start=\"899\" data-end=\"944\">\n<p data-start=\"901\" data-end=\"944\">\u043d\u0430  \u0436\u0435\u043d\u0441\u043a\u043e\u0435 \u0438\u0437\u0434\u0435\u043b\u0438\u0435 (\u0440\u0430\u0437\u043c\u0435\u0440 44\u201346) ~550 \u0433<\/p>\n<\/li>\n<\/ul>\n<\/li>\n<li data-start=\"945\" data-end=\"1035\">\n<p data-start=\"947\" data-end=\"963\"><strong data-start=\"947\" data-end=\"961\">\u0421\u043e\u0432\u0435\u0442\u044b \u043f\u043e \u0443\u0445\u043e\u0434\u0443:<\/strong><\/p>\n<ul data-start=\"966\" data-end=\"1035\">\n<li data-start=\"966\" data-end=\"996\">\n<p data-start=\"968\" data-end=\"996\">\u0420\u0443\u0447\u043d\u0430\u044f \u0441\u0442\u0438\u0440\u043a\u0430 \u043f\u0440\u0438 \u0442\u0435\u043c\u043f\u0435\u0440\u0430\u0442\u0443\u0440\u0435 \u0434\u043e 30\u00b0C<\/p>\n<\/li>\n<li data-start=\"999\" data-end=\"1035\">\n<p data-start=\"1001\" data-end=\"1035\">\u0421\u0443\u0448\u0438\u0442\u044c \u0432 \u0440\u0430\u0441\u043f\u0440\u0430\u0432\u043b\u0435\u043d\u043d\u043e\u043c \u0432\u0438\u0434\u0435 \u0432 \u0433\u043e\u0440\u0438\u0437\u043e\u043d\u0442\u0430\u043b\u044c\u043d\u043e\u043c \u043f\u043e\u043b\u043e\u0436\u0435\u043d\u0438\u0438<\/p>\n<\/li>\n<\/ul>\n<\/li>\n<\/ul>","protected":false},"excerpt":{"rendered":"<p>I\u0161skirtinai prabang\u016bs si\u016blai, kuriuose dera \u0161velnus superkid moheris ir \u0161ilkas. Keli\u0173 gij\u0173 virvelio strukt\u016bra su \u012fpinta metalizuota sruoga suteikia subtilaus spindesio ir prabangos \u012fsp\u016bd\u012f. Si\u016blai itin pur\u016bs, lengvi ir mink\u0161ti \u2013 idealiai tinka madingiems aksesuarams, kepur\u0117ms ar \u0161iltiems, p\u016bkuotiems megztiniams. Naudojant stambius virbalus, mezgimas vyksta greitai, o rezultatas atrodo \u012fsp\u016bdingai. Sud\u0117tis: 66 % moheris (superkid), [&hellip;]<\/p>\n","protected":false},"featured_media":2866,"comment_status":"open","ping_status":"closed","template":"","meta":{"_acf_changed":false},"product_brand":[70],"product_cat":[15,182,18],"product_tag":[33],"pro-kategorijos":[74,77],"class_list":{"0":"post-2865","1":"product","2":"type-product","3":"status-publish","4":"has-post-thumbnail","6":"product_brand-lang-yarns","7":"product_cat-visi-produktai","8":"product_cat-ispardavimas","9":"product_cat-siulai","10":"product_tag-ispardavimas","11":"pro-kategorijos-moheras","12":"pro-kategorijos-silkas","14":"first","15":"instock","16":"sale","17":"shipping-taxable","18":"purchasable","19":"product-type-variable"},"acf":[],"yoast_head":"<!-- This site is optimized with the Yoast SEO plugin v26.8 - https:\/\/yoast.com\/product\/yoast-seo-wordpress\/ -->\n<title>Lang Yarns Delizia - Happyinaknit.com<\/title>\n<meta name=\"robots\" content=\"index, follow, max-snippet:-1, max-image-preview:large, max-video-preview:-1\" \/>\n<link rel=\"canonical\" href=\"https:\/\/happyinaknit.com\/ru\/product\/lang-yarns-delizia\/\" \/>\n<meta property=\"og:locale\" content=\"ru_RU\" \/>\n<meta property=\"og:type\" content=\"article\" \/>\n<meta property=\"og:title\" content=\"Lang Yarns Delizia - Happyinaknit.com\" \/>\n<meta property=\"og:description\" content=\"I\u0161skirtinai prabang\u016bs si\u016blai, kuriuose dera \u0161velnus superkid moheris ir \u0161ilkas. Keli\u0173 gij\u0173 virvelio strukt\u016bra su \u012fpinta metalizuota sruoga suteikia subtilaus spindesio ir prabangos \u012fsp\u016bd\u012f. Si\u016blai itin pur\u016bs, lengvi ir mink\u0161ti \u2013 idealiai tinka madingiems aksesuarams, kepur\u0117ms ar \u0161iltiems, p\u016bkuotiems megztiniams. Naudojant stambius virbalus, mezgimas vyksta greitai, o rezultatas atrodo \u012fsp\u016bdingai. Sud\u0117tis: 66 % moheris (superkid), [&hellip;]\" \/>\n<meta property=\"og:url\" content=\"https:\/\/happyinaknit.com\/ru\/product\/lang-yarns-delizia\/\" \/>\n<meta property=\"og:site_name\" content=\"Happyinaknit.com\" \/>\n<meta property=\"article:modified_time\" content=\"2025-11-13T20:39:33+00:00\" \/>\n<meta property=\"og:image\" content=\"https:\/\/happyinaknit.com\/wp-content\/uploads\/2025\/10\/1097_0005_LANGYARNS_Delizia_800_B.jpg\" \/>\n\t<meta property=\"og:image:width\" content=\"800\" \/>\n\t<meta property=\"og:image:height\" content=\"800\" \/>\n\t<meta property=\"og:image:type\" content=\"image\/jpeg\" \/>\n<meta name=\"twitter:card\" content=\"summary_large_image\" \/>\n<meta name=\"twitter:label1\" content=\"\u041f\u0440\u0438\u043c\u0435\u0440\u043d\u043e\u0435 \u0432\u0440\u0435\u043c\u044f \u0434\u043b\u044f \u0447\u0442\u0435\u043d\u0438\u044f\" \/>\n\t<meta name=\"twitter:data1\" content=\"1 \u043c\u0438\u043d\u0443\u0442\u0430\" \/>\n<script type=\"application\/ld+json\" class=\"yoast-schema-graph\">{\"@context\":\"https:\/\/schema.org\",\"@graph\":[{\"@type\":\"WebPage\",\"@id\":\"https:\/\/happyinaknit.com\/produktas\/lang-yarns-delizia\/\",\"url\":\"https:\/\/happyinaknit.com\/produktas\/lang-yarns-delizia\/\",\"name\":\"Lang Yarns Delizia - Happyinaknit.com\",\"isPartOf\":{\"@id\":\"https:\/\/happyinaknit.com\/lt\/#website\"},\"primaryImageOfPage\":{\"@id\":\"https:\/\/happyinaknit.com\/produktas\/lang-yarns-delizia\/#primaryimage\"},\"image\":{\"@id\":\"https:\/\/happyinaknit.com\/produktas\/lang-yarns-delizia\/#primaryimage\"},\"thumbnailUrl\":\"https:\/\/happyinaknit.com\/wp-content\/uploads\/2025\/10\/1097_0005_LANGYARNS_Delizia_800_B.jpg\",\"datePublished\":\"2025-10-06T09:45:55+00:00\",\"dateModified\":\"2025-11-13T20:39:33+00:00\",\"breadcrumb\":{\"@id\":\"https:\/\/happyinaknit.com\/produktas\/lang-yarns-delizia\/#breadcrumb\"},\"inLanguage\":\"ru-RU\",\"potentialAction\":[{\"@type\":\"ReadAction\",\"target\":[\"https:\/\/happyinaknit.com\/produktas\/lang-yarns-delizia\/\"]}]},{\"@type\":\"ImageObject\",\"inLanguage\":\"ru-RU\",\"@id\":\"https:\/\/happyinaknit.com\/produktas\/lang-yarns-delizia\/#primaryimage\",\"url\":\"https:\/\/happyinaknit.com\/wp-content\/uploads\/2025\/10\/1097_0005_LANGYARNS_Delizia_800_B.jpg\",\"contentUrl\":\"https:\/\/happyinaknit.com\/wp-content\/uploads\/2025\/10\/1097_0005_LANGYARNS_Delizia_800_B.jpg\",\"width\":800,\"height\":800},{\"@type\":\"BreadcrumbList\",\"@id\":\"https:\/\/happyinaknit.com\/produktas\/lang-yarns-delizia\/#breadcrumb\",\"itemListElement\":[{\"@type\":\"ListItem\",\"position\":1,\"name\":\"Home\",\"item\":\"https:\/\/happyinaknit.com\/lt\/\"},{\"@type\":\"ListItem\",\"position\":2,\"name\":\"Parduotuv\u0117\",\"item\":\"https:\/\/happyinaknit.com\/lt\/parduotuve\/\"},{\"@type\":\"ListItem\",\"position\":3,\"name\":\"Lang Yarns Delizia\"}]},{\"@type\":\"WebSite\",\"@id\":\"https:\/\/happyinaknit.com\/lt\/#website\",\"url\":\"https:\/\/happyinaknit.com\/lt\/\",\"name\":\"Happyinaknit.com\",\"description\":\"\",\"potentialAction\":[{\"@type\":\"SearchAction\",\"target\":{\"@type\":\"EntryPoint\",\"urlTemplate\":\"https:\/\/happyinaknit.com\/lt\/?s={search_term_string}\"},\"query-input\":{\"@type\":\"PropertyValueSpecification\",\"valueRequired\":true,\"valueName\":\"search_term_string\"}}],\"inLanguage\":\"ru-RU\"}]}<\/script>\n<!-- \/ Yoast SEO plugin. -->","yoast_head_json":{"title":"Lang Yarns Delizia - Happyinaknit.com","robots":{"index":"index","follow":"follow","max-snippet":"max-snippet:-1","max-image-preview":"max-image-preview:large","max-video-preview":"max-video-preview:-1"},"canonical":"https:\/\/happyinaknit.com\/ru\/product\/lang-yarns-delizia\/","og_locale":"ru_RU","og_type":"article","og_title":"Lang Yarns Delizia - Happyinaknit.com","og_description":"I\u0161skirtinai prabang\u016bs si\u016blai, kuriuose dera \u0161velnus superkid moheris ir \u0161ilkas. Keli\u0173 gij\u0173 virvelio strukt\u016bra su \u012fpinta metalizuota sruoga suteikia subtilaus spindesio ir prabangos \u012fsp\u016bd\u012f. Si\u016blai itin pur\u016bs, lengvi ir mink\u0161ti \u2013 idealiai tinka madingiems aksesuarams, kepur\u0117ms ar \u0161iltiems, p\u016bkuotiems megztiniams. Naudojant stambius virbalus, mezgimas vyksta greitai, o rezultatas atrodo \u012fsp\u016bdingai. Sud\u0117tis: 66 % moheris (superkid), [&hellip;]","og_url":"https:\/\/happyinaknit.com\/ru\/product\/lang-yarns-delizia\/","og_site_name":"Happyinaknit.com","article_modified_time":"2025-11-13T20:39:33+00:00","og_image":[{"width":800,"height":800,"url":"https:\/\/happyinaknit.com\/wp-content\/uploads\/2025\/10\/1097_0005_LANGYARNS_Delizia_800_B.jpg","type":"image\/jpeg"}],"twitter_card":"summary_large_image","twitter_misc":{"\u041f\u0440\u0438\u043c\u0435\u0440\u043d\u043e\u0435 \u0432\u0440\u0435\u043c\u044f \u0434\u043b\u044f \u0447\u0442\u0435\u043d\u0438\u044f":"1 \u043c\u0438\u043d\u0443\u0442\u0430"},"schema":{"@context":"https:\/\/schema.org","@graph":[{"@type":"WebPage","@id":"https:\/\/happyinaknit.com\/produktas\/lang-yarns-delizia\/","url":"https:\/\/happyinaknit.com\/produktas\/lang-yarns-delizia\/","name":"Lang Yarns Delizia - Happyinaknit.com","isPartOf":{"@id":"https:\/\/happyinaknit.com\/lt\/#website"},"primaryImageOfPage":{"@id":"https:\/\/happyinaknit.com\/produktas\/lang-yarns-delizia\/#primaryimage"},"image":{"@id":"https:\/\/happyinaknit.com\/produktas\/lang-yarns-delizia\/#primaryimage"},"thumbnailUrl":"https:\/\/happyinaknit.com\/wp-content\/uploads\/2025\/10\/1097_0005_LANGYARNS_Delizia_800_B.jpg","datePublished":"2025-10-06T09:45:55+00:00","dateModified":"2025-11-13T20:39:33+00:00","breadcrumb":{"@id":"https:\/\/happyinaknit.com\/produktas\/lang-yarns-delizia\/#breadcrumb"},"inLanguage":"ru-RU","potentialAction":[{"@type":"ReadAction","target":["https:\/\/happyinaknit.com\/produktas\/lang-yarns-delizia\/"]}]},{"@type":"ImageObject","inLanguage":"ru-RU","@id":"https:\/\/happyinaknit.com\/produktas\/lang-yarns-delizia\/#primaryimage","url":"https:\/\/happyinaknit.com\/wp-content\/uploads\/2025\/10\/1097_0005_LANGYARNS_Delizia_800_B.jpg","contentUrl":"https:\/\/happyinaknit.com\/wp-content\/uploads\/2025\/10\/1097_0005_LANGYARNS_Delizia_800_B.jpg","width":800,"height":800},{"@type":"BreadcrumbList","@id":"https:\/\/happyinaknit.com\/produktas\/lang-yarns-delizia\/#breadcrumb","itemListElement":[{"@type":"ListItem","position":1,"name":"Home","item":"https:\/\/happyinaknit.com\/lt\/"},{"@type":"ListItem","position":2,"name":"Parduotuv\u0117","item":"https:\/\/happyinaknit.com\/lt\/parduotuve\/"},{"@type":"ListItem","position":3,"name":"Lang Yarns Delizia"}]},{"@type":"WebSite","@id":"https:\/\/happyinaknit.com\/lt\/#website","url":"https:\/\/happyinaknit.com\/lt\/","name":"Happyinaknit.com","description":"","potentialAction":[{"@type":"SearchAction","target":{"@type":"EntryPoint","urlTemplate":"https:\/\/happyinaknit.com\/lt\/?s={search_term_string}"},"query-input":{"@type":"PropertyValueSpecification","valueRequired":true,"valueName":"search_term_string"}}],"inLanguage":"ru-RU"}]}},"_links":{"self":[{"href":"https:\/\/happyinaknit.com\/ru\/wp-json\/wp\/v2\/product\/2865","targetHints":{"allow":["GET"]}}],"collection":[{"href":"https:\/\/happyinaknit.com\/ru\/wp-json\/wp\/v2\/product"}],"about":[{"href":"https:\/\/happyinaknit.com\/ru\/wp-json\/wp\/v2\/types\/product"}],"replies":[{"embeddable":true,"href":"https:\/\/happyinaknit.com\/ru\/wp-json\/wp\/v2\/comments?post=2865"}],"wp:featuredmedia":[{"embeddable":true,"href":"https:\/\/happyinaknit.com\/ru\/wp-json\/wp\/v2\/media\/2866"}],"wp:attachment":[{"href":"https:\/\/happyinaknit.com\/ru\/wp-json\/wp\/v2\/media?parent=2865"}],"wp:term":[{"taxonomy":"product_brand","embeddable":true,"href":"https:\/\/happyinaknit.com\/ru\/wp-json\/wp\/v2\/product_brand?post=2865"},{"taxonomy":"product_cat","embeddable":true,"href":"https:\/\/happyinaknit.com\/ru\/wp-json\/wp\/v2\/product_cat?post=2865"},{"taxonomy":"product_tag","embeddable":true,"href":"https:\/\/happyinaknit.com\/ru\/wp-json\/wp\/v2\/product_tag?post=2865"},{"taxonomy":"pro-kategorijos","embeddable":true,"href":"https:\/\/happyinaknit.com\/ru\/wp-json\/wp\/v2\/pro-kategorijos?post=2865"}],"curies":[{"name":"wp","href":"https:\/\/api.w.org\/{rel}","templated":true}]}}