{"id":2849,"date":"2025-10-06T09:24:56","date_gmt":"2025-10-06T09:24:56","guid":{"rendered":"https:\/\/happyinaknit.com\/?post_type=product&#038;p=2849"},"modified":"2026-04-05T15:46:35","modified_gmt":"2026-04-05T15:46:35","slug":"lang-yarns-alpaca-soxx-6-fach-6-ply","status":"publish","type":"product","link":"https:\/\/happyinaknit.com\/ru\/product\/lang-yarns-alpaca-soxx-6-fach-6-ply\/","title":{"rendered":"Lang Yarns ALPACA SOXX 6-FACH\/6-PLY"},"content":{"rendered":"<p data-start=\"115\" data-end=\"696\">\u041c\u044f\u0433\u043a\u0430\u044f, \u0442\u0451\u043f\u043b\u0430\u044f \u0438 \u043f\u0440\u043e\u0447\u043d\u0430\u044f \u043f\u0440\u044f\u0436\u0430 \u0438\u0437 70 % \u0441\u0443\u043f\u0435\u0440\u0442\u043e\u043d\u043a\u043e\u0439 \u0430\u043b\u044c\u043f\u0430\u043a\u0438 \u0438 30 % \u043f\u0440\u043e\u0447\u043d\u043e\u0433\u043e \u043f\u043e\u043b\u0438\u0430\u043c\u0438\u0434\u0430. \u042d\u0442\u043e \u0431\u043e\u043b\u0435\u0435 \u043f\u043b\u043e\u0442\u043d\u0430\u044f \u0432\u0435\u0440\u0441\u0438\u044f \u043f\u0440\u044f\u0436\u0438 Alpaca Soxx, \u0438\u0434\u0435\u0430\u043b\u044c\u043d\u043e \u043f\u043e\u0434\u0445\u043e\u0434\u044f\u0449\u0430\u044f \u0434\u043b\u044f \u0442\u0451\u043f\u043b\u044b\u0445 \u043d\u043e\u0441\u043a\u043e\u0432, \u0441\u0432\u0438\u0442\u0435\u0440\u043e\u0432 \u0438 \u0434\u0440\u0443\u0433\u0438\u0445 \u0437\u0438\u043c\u043d\u0438\u0445 \u0438\u0437\u0434\u0435\u043b\u0438\u0439. \u041f\u0440\u044f\u0436\u0430 \u043e\u0441\u0442\u0430\u0451\u0442\u0441\u044f \u043c\u044f\u0433\u043a\u043e\u0439, \u043d\u043e \u0431\u043b\u0430\u0433\u043e\u0434\u0430\u0440\u044f \u043f\u0440\u043e\u0447\u043d\u043e\u0439 \u0441\u0442\u0440\u0443\u043a\u0442\u0443\u0440\u0435 \u043e\u043d\u0430 \u0434\u043e\u043b\u0433\u043e\u0432\u0435\u0447\u043d\u0430 \u0438 \u0441\u043e\u0445\u0440\u0430\u043d\u044f\u0435\u0442 \u0444\u043e\u0440\u043c\u0443. <strong data-start=\"461\" data-end=\"473\">Easywash<\/strong> \u0422\u0435\u0445\u043d\u043e\u043b\u043e\u0433\u0438\u044f \u043f\u043e\u0437\u0432\u043e\u043b\u044f\u0435\u0442 \u0441\u0442\u0438\u0440\u0430\u0442\u044c \u0438\u0437\u0434\u0435\u043b\u0438\u0435 \u0432 \u0440\u0435\u0436\u0438\u043c\u0435 \u00ab\u0428\u0435\u0440\u0441\u0442\u044c\u00bb \u043f\u0440\u0438 \u0442\u0435\u043c\u043f\u0435\u0440\u0430\u0442\u0443\u0440\u0435 \u0434\u043e 30 \u00b0C \u0431\u0435\u0437 \u0438\u0441\u043f\u043e\u043b\u044c\u0437\u043e\u0432\u0430\u043d\u0438\u044f \u0432\u0440\u0435\u0434\u043d\u044b\u0445 \u0445\u0438\u043c\u0438\u043a\u0430\u0442\u043e\u0432. \u041f\u0440\u043e\u0446\u0435\u0441\u0441 \u043e\u0431\u0440\u0430\u0431\u043e\u0442\u043a\u0438 \u0441\u0435\u0440\u0442\u0438\u0444\u0438\u0446\u0438\u0440\u043e\u0432\u0430\u043d \u0432 \u0441\u043e\u043e\u0442\u0432\u0435\u0442\u0441\u0442\u0432\u0438\u0438 \u0441 <strong data-start=\"606\" data-end=\"618\">Bluesign<\/strong>, <strong data-start=\"620\" data-end=\"629\">Reach<\/strong> \u0438 <strong data-start=\"633\" data-end=\"645\" data-is-only-node=\"\">OEKO-TEX<\/strong>\u0441\u0442\u0430\u043d\u0434\u0430\u0440\u0442\u0430\u043c, \u0447\u0442\u043e \u0434\u0435\u043b\u0430\u0435\u0442 \u0435\u0435 \u044d\u043a\u043e\u043b\u043e\u0433\u0438\u0447\u0435\u0441\u043a\u0438 \u0447\u0438\u0441\u0442\u043e\u0439 \u043d\u0438\u0442\u044c\u044e.<\/p>\n<ul data-start=\"698\" data-end=\"1249\">\n<li data-start=\"698\" data-end=\"755\">\n<p data-start=\"700\" data-end=\"755\"><strong data-start=\"700\" data-end=\"712\">\u0421\u043e\u0441\u0442\u0430\u0432:<\/strong> 70 % \u0430\u043b\u044c\u043f\u0430\u043a\u0430 (\u0441\u0443\u043f\u0435\u0440\u0444\u0430\u0439\u043d), 30 % \u043f\u043e\u043b\u0438\u0430\u043c\u0438\u0434<\/p>\n<\/li>\n<li data-start=\"783\" data-end=\"823\">\n<p data-start=\"785\" data-end=\"823\"><strong data-start=\"785\" data-end=\"807\">\u0412\u0435\u0441\/\u0434\u043b\u0438\u043d\u0430:<\/strong> 150 \u0433 - 390 \u043c<\/p>\n<\/li>\n<li data-start=\"824\" data-end=\"867\">\n<p data-start=\"826\" data-end=\"867\"><strong data-start=\"826\" data-end=\"854\">\u0420\u0435\u043a\u043e\u043c\u0435\u043d\u0434\u0443\u0435\u043c\u044b\u0435 \u0441\u043f\u0438\u0446\u044b:<\/strong> 3,0-4,0 \u043c\u043c<\/p>\n<\/li>\n<li data-start=\"868\" data-end=\"918\">\n<p data-start=\"870\" data-end=\"918\"><strong data-start=\"870\" data-end=\"896\">\u041f\u043b\u043e\u0442\u043d\u043e\u0441\u0442\u044c (10 \u00d7 10 \u0441\u043c):<\/strong> ~22 \u043f\u0435\u0442\u043b\u0438 \u00d7 33 \u0440\u044f\u0434\u0430<\/p>\n<\/li>\n<li data-start=\"919\" data-end=\"1026\">\n<p data-start=\"921\" data-end=\"951\"><strong data-start=\"921\" data-end=\"949\">\u041f\u0440\u0438\u043c\u0435\u0440\u043d\u044b\u0439 \u0440\u0430\u0441\u0445\u043e\u0434:<\/strong><\/p>\n<ul data-start=\"954\" data-end=\"1026\">\n<li data-start=\"954\" data-end=\"993\">\n<p data-start=\"956\" data-end=\"993\">\u0434\u043b\u044f \u043c\u0443\u0436\u0441\u043a\u043e\u0433\u043e \u0438\u0437\u0434\u0435\u043b\u0438\u044f  (\u0440\u0430\u0437\u043c\u0435\u0440 M) ~500 \u0433<\/p>\n<\/li>\n<li data-start=\"996\" data-end=\"1026\">\n<p data-start=\"998\" data-end=\"1026\">\u0434\u043b\u044f \u0436\u0435\u043d\u0441\u043a\u043e\u0433\u043e \u0438\u0437\u0434\u0435\u043b\u0438\u044f  ~400 \u0433<\/p>\n<\/li>\n<\/ul>\n<\/li>\n<li data-start=\"1027\" data-end=\"1249\">\n<p data-start=\"1029\" data-end=\"1045\"><strong data-start=\"1029\" data-end=\"1043\">\u0421\u043e\u0432\u0435\u0442\u044b \u043f\u043e \u0443\u0445\u043e\u0434\u0443:<\/strong><\/p>\n<ul data-start=\"1048\" data-end=\"1249\">\n<li data-start=\"1048\" data-end=\"1114\">\n<p data-start=\"1050\" data-end=\"1114\">\u041c\u043e\u0436\u043d\u043e \u0441\u0442\u0438\u0440\u0430\u0442\u044c \u0432 \u0440\u0435\u0436\u0438\u043c\u0435 \u00ab\u0428\u0435\u0440\u0441\u0442\u044c\u00bb \u043f\u0440\u0438 \u0442\u0435\u043c\u043f\u0435\u0440\u0430\u0442\u0443\u0440\u0435 \u0434\u043e 30\u00b0C (\u0442\u0435\u0445\u043d\u043e\u043b\u043e\u0433\u0438\u044f Easywash)<\/p>\n<\/li>\n<li data-start=\"1117\" data-end=\"1153\">\n<p data-start=\"1119\" data-end=\"1153\">\u0421\u0443\u0448\u0438\u0442\u044c \u0432 \u0440\u0430\u0441\u043f\u0440\u0430\u0432\u043b\u0435\u043d\u043d\u043e\u043c \u0432\u0438\u0434\u0435 \u0432 \u0433\u043e\u0440\u0438\u0437\u043e\u043d\u0442\u0430\u043b\u044c\u043d\u043e\u043c \u043f\u043e\u043b\u043e\u0436\u0435\u043d\u0438\u0438<\/p>\n<\/li>\n<li data-start=\"1156\" data-end=\"1249\">\n<p data-start=\"1158\" data-end=\"1249\">\u267b\ufe0f <em data-start=\"1161\" data-end=\"1247\">\u042d\u043a\u043e\u043b\u043e\u0433\u0438\u0447\u0435\u0441\u043a\u0438 \u043e\u0431\u0440\u0430\u0431\u043e\u0442\u0430\u043d\u043d\u044b\u0439 \u2014 \u0431\u0435\u0437 \u0445\u0438\u043c\u0438\u043a\u0430\u0442\u043e\u0432 (\u0441\u0435\u0440\u0442\u0438\u0444\u0438\u043a\u0430\u0446\u0438\u0438 Bluesign, REACH, OEKO-TEX)<\/em><\/p>\n<\/li>\n<\/ul>\n<\/li>\n<\/ul>","protected":false},"excerpt":{"rendered":"<p>\u0160veln\u016bs, \u0161ilti ir tvirti si\u016blai, pagaminti i\u0161 70 % superfine alpakos ir 30 % patvaraus poliamido. Tai storesn\u0117 \u201eAlpaca Soxx\u201c versija, puikiai tinkanti \u0161iltoms kojin\u0117ms, megztiniams ar kitiems \u017eiemos gaminiams. Si\u016blai i\u0161lieka mink\u0161ti, ta\u010diau d\u0117l stiprios strukt\u016bros yra ilgaam\u017eiai ir i\u0161laiko form\u0105. D\u0117l Easywash technologijos galima skalbti vilnos re\u017eimu iki 30 \u00b0C \u2013 be kenksming\u0173 [&hellip;]<\/p>\n","protected":false},"featured_media":2851,"comment_status":"open","ping_status":"closed","template":"","meta":{"_acf_changed":false},"product_brand":[70],"product_cat":[15,18,94],"product_tag":[],"pro-kategorijos":[54],"class_list":{"0":"post-2849","1":"product","2":"type-product","3":"status-publish","4":"has-post-thumbnail","6":"product_brand-lang-yarns","7":"product_cat-visi-produktai","8":"product_cat-siulai","9":"product_cat-siulai-kojinems","10":"pro-kategorijos-alpaka","12":"first","13":"instock","14":"shipping-taxable","15":"purchasable","16":"product-type-variable"},"acf":[],"yoast_head":"<!-- This site is optimized with the Yoast SEO plugin v26.8 - https:\/\/yoast.com\/product\/yoast-seo-wordpress\/ -->\n<title>Lang Yarns ALPACA SOXX 6-FACH\/6-PLY - Happyinaknit.com<\/title>\n<meta name=\"robots\" content=\"index, follow, max-snippet:-1, max-image-preview:large, max-video-preview:-1\" \/>\n<link rel=\"canonical\" href=\"https:\/\/happyinaknit.com\/ru\/product\/lang-yarns-alpaca-soxx-6-fach-6-ply\/\" \/>\n<meta property=\"og:locale\" content=\"ru_RU\" \/>\n<meta property=\"og:type\" content=\"article\" \/>\n<meta property=\"og:title\" content=\"Lang Yarns ALPACA SOXX 6-FACH\/6-PLY - Happyinaknit.com\" \/>\n<meta property=\"og:description\" content=\"\u0160veln\u016bs, \u0161ilti ir tvirti si\u016blai, pagaminti i\u0161 70 % superfine alpakos ir 30 % patvaraus poliamido. Tai storesn\u0117 \u201eAlpaca Soxx\u201c versija, puikiai tinkanti \u0161iltoms kojin\u0117ms, megztiniams ar kitiems \u017eiemos gaminiams. Si\u016blai i\u0161lieka mink\u0161ti, ta\u010diau d\u0117l stiprios strukt\u016bros yra ilgaam\u017eiai ir i\u0161laiko form\u0105. D\u0117l Easywash technologijos galima skalbti vilnos re\u017eimu iki 30 \u00b0C \u2013 be kenksming\u0173 [&hellip;]\" \/>\n<meta property=\"og:url\" content=\"https:\/\/happyinaknit.com\/ru\/product\/lang-yarns-alpaca-soxx-6-fach-6-ply\/\" \/>\n<meta property=\"og:site_name\" content=\"Happyinaknit.com\" \/>\n<meta property=\"article:modified_time\" content=\"2026-04-05T15:46:35+00:00\" \/>\n<meta property=\"og:image\" content=\"https:\/\/happyinaknit.com\/wp-content\/uploads\/2025\/10\/1087_0061_LANGYARNS_AlpacaSoxx6Ply_800_B.jpg\" \/>\n\t<meta property=\"og:image:width\" content=\"800\" \/>\n\t<meta property=\"og:image:height\" content=\"800\" \/>\n\t<meta property=\"og:image:type\" content=\"image\/jpeg\" \/>\n<meta name=\"twitter:card\" content=\"summary_large_image\" \/>\n<meta name=\"twitter:label1\" content=\"\u041f\u0440\u0438\u043c\u0435\u0440\u043d\u043e\u0435 \u0432\u0440\u0435\u043c\u044f \u0434\u043b\u044f \u0447\u0442\u0435\u043d\u0438\u044f\" \/>\n\t<meta name=\"twitter:data1\" content=\"1 \u043c\u0438\u043d\u0443\u0442\u0430\" \/>\n<script type=\"application\/ld+json\" class=\"yoast-schema-graph\">{\"@context\":\"https:\/\/schema.org\",\"@graph\":[{\"@type\":\"WebPage\",\"@id\":\"https:\/\/happyinaknit.com\/produktas\/lang-yarns-alpaca-soxx-6-fach-6-ply\/\",\"url\":\"https:\/\/happyinaknit.com\/produktas\/lang-yarns-alpaca-soxx-6-fach-6-ply\/\",\"name\":\"Lang Yarns ALPACA SOXX 6-FACH\/6-PLY - Happyinaknit.com\",\"isPartOf\":{\"@id\":\"https:\/\/happyinaknit.com\/lt\/#website\"},\"primaryImageOfPage\":{\"@id\":\"https:\/\/happyinaknit.com\/produktas\/lang-yarns-alpaca-soxx-6-fach-6-ply\/#primaryimage\"},\"image\":{\"@id\":\"https:\/\/happyinaknit.com\/produktas\/lang-yarns-alpaca-soxx-6-fach-6-ply\/#primaryimage\"},\"thumbnailUrl\":\"https:\/\/happyinaknit.com\/wp-content\/uploads\/2025\/10\/1087_0061_LANGYARNS_AlpacaSoxx6Ply_800_B.jpg\",\"datePublished\":\"2025-10-06T09:24:56+00:00\",\"dateModified\":\"2026-04-05T15:46:35+00:00\",\"breadcrumb\":{\"@id\":\"https:\/\/happyinaknit.com\/produktas\/lang-yarns-alpaca-soxx-6-fach-6-ply\/#breadcrumb\"},\"inLanguage\":\"ru-RU\",\"potentialAction\":[{\"@type\":\"ReadAction\",\"target\":[\"https:\/\/happyinaknit.com\/produktas\/lang-yarns-alpaca-soxx-6-fach-6-ply\/\"]}]},{\"@type\":\"ImageObject\",\"inLanguage\":\"ru-RU\",\"@id\":\"https:\/\/happyinaknit.com\/produktas\/lang-yarns-alpaca-soxx-6-fach-6-ply\/#primaryimage\",\"url\":\"https:\/\/happyinaknit.com\/wp-content\/uploads\/2025\/10\/1087_0061_LANGYARNS_AlpacaSoxx6Ply_800_B.jpg\",\"contentUrl\":\"https:\/\/happyinaknit.com\/wp-content\/uploads\/2025\/10\/1087_0061_LANGYARNS_AlpacaSoxx6Ply_800_B.jpg\",\"width\":800,\"height\":800},{\"@type\":\"BreadcrumbList\",\"@id\":\"https:\/\/happyinaknit.com\/produktas\/lang-yarns-alpaca-soxx-6-fach-6-ply\/#breadcrumb\",\"itemListElement\":[{\"@type\":\"ListItem\",\"position\":1,\"name\":\"Home\",\"item\":\"https:\/\/happyinaknit.com\/lt\/\"},{\"@type\":\"ListItem\",\"position\":2,\"name\":\"Parduotuv\u0117\",\"item\":\"https:\/\/happyinaknit.com\/lt\/parduotuve\/\"},{\"@type\":\"ListItem\",\"position\":3,\"name\":\"Lang Yarns ALPACA SOXX 6-FACH\/6-PLY\"}]},{\"@type\":\"WebSite\",\"@id\":\"https:\/\/happyinaknit.com\/lt\/#website\",\"url\":\"https:\/\/happyinaknit.com\/lt\/\",\"name\":\"Happyinaknit.com\",\"description\":\"\",\"potentialAction\":[{\"@type\":\"SearchAction\",\"target\":{\"@type\":\"EntryPoint\",\"urlTemplate\":\"https:\/\/happyinaknit.com\/lt\/?s={search_term_string}\"},\"query-input\":{\"@type\":\"PropertyValueSpecification\",\"valueRequired\":true,\"valueName\":\"search_term_string\"}}],\"inLanguage\":\"ru-RU\"}]}<\/script>\n<!-- \/ Yoast SEO plugin. -->","yoast_head_json":{"title":"Lang Yarns ALPACA SOXX 6-FACH\/6-PLY - Happyinaknit.com","robots":{"index":"index","follow":"follow","max-snippet":"max-snippet:-1","max-image-preview":"max-image-preview:large","max-video-preview":"max-video-preview:-1"},"canonical":"https:\/\/happyinaknit.com\/ru\/product\/lang-yarns-alpaca-soxx-6-fach-6-ply\/","og_locale":"ru_RU","og_type":"article","og_title":"Lang Yarns ALPACA SOXX 6-FACH\/6-PLY - Happyinaknit.com","og_description":"\u0160veln\u016bs, \u0161ilti ir tvirti si\u016blai, pagaminti i\u0161 70 % superfine alpakos ir 30 % patvaraus poliamido. Tai storesn\u0117 \u201eAlpaca Soxx\u201c versija, puikiai tinkanti \u0161iltoms kojin\u0117ms, megztiniams ar kitiems \u017eiemos gaminiams. Si\u016blai i\u0161lieka mink\u0161ti, ta\u010diau d\u0117l stiprios strukt\u016bros yra ilgaam\u017eiai ir i\u0161laiko form\u0105. D\u0117l Easywash technologijos galima skalbti vilnos re\u017eimu iki 30 \u00b0C \u2013 be kenksming\u0173 [&hellip;]","og_url":"https:\/\/happyinaknit.com\/ru\/product\/lang-yarns-alpaca-soxx-6-fach-6-ply\/","og_site_name":"Happyinaknit.com","article_modified_time":"2026-04-05T15:46:35+00:00","og_image":[{"width":800,"height":800,"url":"https:\/\/happyinaknit.com\/wp-content\/uploads\/2025\/10\/1087_0061_LANGYARNS_AlpacaSoxx6Ply_800_B.jpg","type":"image\/jpeg"}],"twitter_card":"summary_large_image","twitter_misc":{"\u041f\u0440\u0438\u043c\u0435\u0440\u043d\u043e\u0435 \u0432\u0440\u0435\u043c\u044f \u0434\u043b\u044f \u0447\u0442\u0435\u043d\u0438\u044f":"1 \u043c\u0438\u043d\u0443\u0442\u0430"},"schema":{"@context":"https:\/\/schema.org","@graph":[{"@type":"WebPage","@id":"https:\/\/happyinaknit.com\/produktas\/lang-yarns-alpaca-soxx-6-fach-6-ply\/","url":"https:\/\/happyinaknit.com\/produktas\/lang-yarns-alpaca-soxx-6-fach-6-ply\/","name":"Lang Yarns ALPACA SOXX 6-FACH\/6-PLY - Happyinaknit.com","isPartOf":{"@id":"https:\/\/happyinaknit.com\/lt\/#website"},"primaryImageOfPage":{"@id":"https:\/\/happyinaknit.com\/produktas\/lang-yarns-alpaca-soxx-6-fach-6-ply\/#primaryimage"},"image":{"@id":"https:\/\/happyinaknit.com\/produktas\/lang-yarns-alpaca-soxx-6-fach-6-ply\/#primaryimage"},"thumbnailUrl":"https:\/\/happyinaknit.com\/wp-content\/uploads\/2025\/10\/1087_0061_LANGYARNS_AlpacaSoxx6Ply_800_B.jpg","datePublished":"2025-10-06T09:24:56+00:00","dateModified":"2026-04-05T15:46:35+00:00","breadcrumb":{"@id":"https:\/\/happyinaknit.com\/produktas\/lang-yarns-alpaca-soxx-6-fach-6-ply\/#breadcrumb"},"inLanguage":"ru-RU","potentialAction":[{"@type":"ReadAction","target":["https:\/\/happyinaknit.com\/produktas\/lang-yarns-alpaca-soxx-6-fach-6-ply\/"]}]},{"@type":"ImageObject","inLanguage":"ru-RU","@id":"https:\/\/happyinaknit.com\/produktas\/lang-yarns-alpaca-soxx-6-fach-6-ply\/#primaryimage","url":"https:\/\/happyinaknit.com\/wp-content\/uploads\/2025\/10\/1087_0061_LANGYARNS_AlpacaSoxx6Ply_800_B.jpg","contentUrl":"https:\/\/happyinaknit.com\/wp-content\/uploads\/2025\/10\/1087_0061_LANGYARNS_AlpacaSoxx6Ply_800_B.jpg","width":800,"height":800},{"@type":"BreadcrumbList","@id":"https:\/\/happyinaknit.com\/produktas\/lang-yarns-alpaca-soxx-6-fach-6-ply\/#breadcrumb","itemListElement":[{"@type":"ListItem","position":1,"name":"Home","item":"https:\/\/happyinaknit.com\/lt\/"},{"@type":"ListItem","position":2,"name":"Parduotuv\u0117","item":"https:\/\/happyinaknit.com\/lt\/parduotuve\/"},{"@type":"ListItem","position":3,"name":"Lang Yarns ALPACA SOXX 6-FACH\/6-PLY"}]},{"@type":"WebSite","@id":"https:\/\/happyinaknit.com\/lt\/#website","url":"https:\/\/happyinaknit.com\/lt\/","name":"Happyinaknit.com","description":"","potentialAction":[{"@type":"SearchAction","target":{"@type":"EntryPoint","urlTemplate":"https:\/\/happyinaknit.com\/lt\/?s={search_term_string}"},"query-input":{"@type":"PropertyValueSpecification","valueRequired":true,"valueName":"search_term_string"}}],"inLanguage":"ru-RU"}]}},"_links":{"self":[{"href":"https:\/\/happyinaknit.com\/ru\/wp-json\/wp\/v2\/product\/2849","targetHints":{"allow":["GET"]}}],"collection":[{"href":"https:\/\/happyinaknit.com\/ru\/wp-json\/wp\/v2\/product"}],"about":[{"href":"https:\/\/happyinaknit.com\/ru\/wp-json\/wp\/v2\/types\/product"}],"replies":[{"embeddable":true,"href":"https:\/\/happyinaknit.com\/ru\/wp-json\/wp\/v2\/comments?post=2849"}],"wp:featuredmedia":[{"embeddable":true,"href":"https:\/\/happyinaknit.com\/ru\/wp-json\/wp\/v2\/media\/2851"}],"wp:attachment":[{"href":"https:\/\/happyinaknit.com\/ru\/wp-json\/wp\/v2\/media?parent=2849"}],"wp:term":[{"taxonomy":"product_brand","embeddable":true,"href":"https:\/\/happyinaknit.com\/ru\/wp-json\/wp\/v2\/product_brand?post=2849"},{"taxonomy":"product_cat","embeddable":true,"href":"https:\/\/happyinaknit.com\/ru\/wp-json\/wp\/v2\/product_cat?post=2849"},{"taxonomy":"product_tag","embeddable":true,"href":"https:\/\/happyinaknit.com\/ru\/wp-json\/wp\/v2\/product_tag?post=2849"},{"taxonomy":"pro-kategorijos","embeddable":true,"href":"https:\/\/happyinaknit.com\/ru\/wp-json\/wp\/v2\/pro-kategorijos?post=2849"}],"curies":[{"name":"wp","href":"https:\/\/api.w.org\/{rel}","templated":true}]}}