{"id":2802,"date":"2025-10-06T08:44:41","date_gmt":"2025-10-06T08:44:41","guid":{"rendered":"https:\/\/happyinaknit.com\/?post_type=product&#038;p=2802"},"modified":"2025-11-13T20:34:05","modified_gmt":"2025-11-13T20:34:05","slug":"lang-yarns-phoenix-tweed","status":"publish","type":"product","link":"https:\/\/happyinaknit.com\/ru\/product\/lang-yarns-phoenix-tweed\/","title":{"rendered":"Lang Yarns Phoenix Tweed"},"content":{"rendered":"<p data-start=\"93\" data-end=\"538\">\u041c\u044f\u0433\u043a\u0430\u044f, \u043f\u0443\u0448\u0438\u0441\u0442\u0430\u044f \u0438 \u0442\u0451\u043f\u043b\u0430\u044f \u043f\u0440\u044f\u0436\u0430, \u0441\u043e\u0447\u0435\u0442\u0430\u044e\u0449\u0430\u044f \u0432 \u0441\u0435\u0431\u0435 \u0443\u043b\u044c\u0442\u0440\u0430\u0442\u043e\u043d\u043a\u0443\u044e \u043c\u0435\u0440\u0438\u043d\u043e\u0441\u043e\u0432\u0443\u044e \u0448\u0435\u0440\u0441\u0442\u044c \u0441 \u0434\u043e\u0431\u0430\u0432\u043b\u0435\u043d\u0438\u0435\u043c \u043d\u0435\u0439\u043b\u043e\u043d\u0430 \u0434\u043b\u044f \u043f\u0440\u043e\u0447\u043d\u043e\u0441\u0442\u0438. \u042d\u0442\u043e \u0432\u0435\u0440\u0441\u0438\u044f  \u043f\u0440\u044f\u0436\u0438 Phoenix \u0441 \u0446\u0432\u0435\u0442\u043d\u044b\u043c\u0438 \u0442\u0432\u0438\u0434\u043e\u0432\u044b\u043c\u0438 <em data-start=\"273\" data-end=\"280\">\u0432\u043a\u0440\u0430\u043f\u043b\u0435\u043d\u0438\u044f\u043c\u0438<\/em> \u043f\u0440\u0438\u0434\u0430\u044e\u0449\u0438\u043c\u0438 \u0438\u0437\u0434\u0435\u043b\u0438\u044e \u043b\u0451\u0433\u043a\u0438\u0439 \u0442\u043e\u0447\u0435\u0447\u043d\u044b\u0439 \u0443\u0437\u043e\u0440. \u0418\u0434\u0435\u0430\u043b\u044c\u043d\u043e \u043f\u043e\u0434\u0445\u043e\u0434\u0438\u0442 \u0434\u043b\u044f \u0441\u0432\u0438\u0442\u0435\u0440\u043e\u0432, \u0448\u0430\u0440\u0444\u043e\u0432 \u0438 \u043a\u0430\u0440\u0434\u0438\u0433\u0430\u043d\u043e\u0432, \u043a\u043e\u0433\u0434\u0430 \u0445\u043e\u0447\u0435\u0442\u0441\u044f \u043a\u043e\u043c\u0444\u043e\u0440\u0442\u0430, \u043b\u0451\u0433\u043a\u043e\u0441\u0442\u0438 \u0438 \u043b\u0451\u0433\u043a\u043e\u0439 \u0438\u0433\u0440\u0438\u0432\u043e\u0441\u0442\u0438. \u0422\u043e\u043b\u0441\u0442\u0430\u044f \u043f\u0440\u044f\u0436\u0430 \u043f\u043e\u0437\u0432\u043e\u043b\u044f\u0435\u0442 \u0431\u044b\u0441\u0442\u0440\u043e \u0432\u044f\u0437\u0430\u0442\u044c \u0442\u0451\u043f\u043b\u044b\u0435 \u0438 \u043f\u0443\u0448\u0438\u0441\u0442\u044b\u0435 \u0438\u0437\u0434\u0435\u043b\u0438\u044f \u0441\u043f\u0438\u0446\u0430\u043c\u0438 \u0431\u043e\u043b\u044c\u0448\u0435\u0433\u043e \u0440\u0430\u0437\u043c\u0435\u0440\u0430.<\/p>\n<ul data-start=\"540\" data-end=\"991\">\n<li data-start=\"540\" data-end=\"601\">\n<p data-start=\"542\" data-end=\"601\"><strong data-start=\"542\" data-end=\"554\">\u0421\u043e\u0441\u0442\u0430\u0432:<\/strong> 93 % \u043c\u0435\u0440\u0438\u043d\u043e\u0441\u043e\u0432\u0430\u044f \u0448\u0435\u0440\u0441\u0442\u044c (\u044d\u043a\u0441\u0442\u0440\u0430 \u0442\u043e\u043d\u043a\u0430\u044f), 7 % \u043d\u0435\u0439\u043b\u043e\u043d<\/p>\n<\/li>\n<li data-start=\"629\" data-end=\"669\">\n<p data-start=\"631\" data-end=\"669\"><strong data-start=\"631\" data-end=\"653\">\u0412\u0435\u0441\/\u0434\u043b\u0438\u043d\u0430:<\/strong> 100 \u0433 - 270 \u043c<\/p>\n<\/li>\n<li data-start=\"670\" data-end=\"713\">\n<p data-start=\"672\" data-end=\"713\"><strong data-start=\"672\" data-end=\"700\">\u0420\u0435\u043a\u043e\u043c\u0435\u043d\u0434\u0443\u0435\u043c\u044b\u0435 \u0441\u043f\u0438\u0446\u044b:<\/strong> 7,0-8,0 \u043c\u043c<\/p>\n<\/li>\n<li data-start=\"714\" data-end=\"763\">\n<p data-start=\"716\" data-end=\"763\"><strong data-start=\"716\" data-end=\"742\">\u041f\u043b\u043e\u0442\u043d\u043e\u0441\u0442\u044c (10 \u00d7 10 \u0441\u043c):<\/strong> ~9 \u043f\u0435\u0442\u0435\u043b\u044c \u00d7 16 \u0440\u044f\u0434\u043e\u0432<\/p>\n<\/li>\n<li data-start=\"764\" data-end=\"900\">\n<p data-start=\"766\" data-end=\"796\"><strong data-start=\"766\" data-end=\"794\">\u041f\u0440\u0438\u043c\u0435\u0440\u043d\u044b\u0439 \u0440\u0430\u0441\u0445\u043e\u0434:<\/strong><\/p>\n<ul data-start=\"799\" data-end=\"900\">\n<li data-start=\"799\" data-end=\"847\">\n<p data-start=\"801\" data-end=\"847\">\u043d\u0430  \u043c\u0443\u0436\u0441\u043a\u043e\u0435 \u0438\u0437\u0434\u0435\u043b\u0438\u0435 (\u0440\u0430\u0437\u043c\u0435\u0440 48) ~4 \u043c\u043e\u0442\u043a\u0430<\/p>\n<\/li>\n<li data-start=\"850\" data-end=\"900\">\n<p data-start=\"852\" data-end=\"900\">\u043d\u0430  \u0436\u0435\u043d\u0441\u043a\u043e\u0435 \u0438\u0437\u0434\u0435\u043b\u0438\u0435 (\u0440\u0430\u0437\u043c\u0435\u0440 46) ~3 \u043c\u043e\u0442\u043a\u0430<\/p>\n<\/li>\n<\/ul>\n<\/li>\n<li data-start=\"901\" data-end=\"991\">\n<p data-start=\"903\" data-end=\"919\"><strong data-start=\"903\" data-end=\"917\">\u0421\u043e\u0432\u0435\u0442\u044b \u043f\u043e \u0443\u0445\u043e\u0434\u0443:<\/strong><\/p>\n<ul data-start=\"922\" data-end=\"991\">\n<li data-start=\"922\" data-end=\"952\">\n<p data-start=\"924\" data-end=\"952\">\u0420\u0443\u0447\u043d\u0430\u044f \u0441\u0442\u0438\u0440\u043a\u0430 \u043f\u0440\u0438 \u0442\u0435\u043c\u043f\u0435\u0440\u0430\u0442\u0443\u0440\u0435 \u0434\u043e 30\u00b0C<\/p>\n<\/li>\n<li data-start=\"955\" data-end=\"991\">\n<p data-start=\"957\" data-end=\"991\">\u0421\u0443\u0448\u0438\u0442\u044c \u0432 \u0440\u0430\u0441\u043f\u0440\u0430\u0432\u043b\u0435\u043d\u043d\u043e\u043c \u0432\u0438\u0434\u0435 \u0432 \u0433\u043e\u0440\u0438\u0437\u043e\u043d\u0442\u0430\u043b\u044c\u043d\u043e\u043c \u043f\u043e\u043b\u043e\u0436\u0435\u043d\u0438\u0438<\/p>\n<\/li>\n<\/ul>\n<\/li>\n<\/ul>","protected":false},"excerpt":{"rendered":"<p>Mink\u0161ti, pur\u016bs ir \u0161ilti si\u016blai, kuriuose derinama ypa\u010d plona merino vilna ir \u0161iek tiek nailono tvirtumui. Tai \u201ePhoenix\u201c si\u016bl\u0173 versija su spalvingais tweed intarpais, suteikian\u010diais mezginiams subtilaus ta\u0161kuoto efekto. Puikiai tinka megztiniams, \u0161alikams ar kardiganams, kai norisi jaukumo, lengvumo ir \u0161iek tiek \u017eaismingumo. Stori si\u016blai leid\u017eia greitai numegzti \u0161iltus ir purius gaminius dideliais virbalais. Sud\u0117tis: [&hellip;]<\/p>\n","protected":false},"featured_media":2803,"comment_status":"open","ping_status":"closed","template":"","meta":{"_acf_changed":false},"product_brand":[70],"product_cat":[15,182,18],"product_tag":[33],"pro-kategorijos":[71],"class_list":{"0":"post-2802","1":"product","2":"type-product","3":"status-publish","4":"has-post-thumbnail","6":"product_brand-lang-yarns","7":"product_cat-visi-produktai","8":"product_cat-ispardavimas","9":"product_cat-siulai","10":"product_tag-ispardavimas","11":"pro-kategorijos-merino-vilna","13":"first","14":"instock","15":"sale","16":"shipping-taxable","17":"purchasable","18":"product-type-variable"},"acf":[],"yoast_head":"<!-- This site is optimized with the Yoast SEO plugin v26.8 - https:\/\/yoast.com\/product\/yoast-seo-wordpress\/ -->\n<title>Lang Yarns Phoenix Tweed - Happyinaknit.com<\/title>\n<meta name=\"robots\" content=\"index, follow, max-snippet:-1, max-image-preview:large, max-video-preview:-1\" \/>\n<link rel=\"canonical\" href=\"https:\/\/happyinaknit.com\/ru\/product\/lang-yarns-phoenix-tweed\/\" \/>\n<meta property=\"og:locale\" content=\"ru_RU\" \/>\n<meta property=\"og:type\" content=\"article\" \/>\n<meta property=\"og:title\" content=\"Lang Yarns Phoenix Tweed - Happyinaknit.com\" \/>\n<meta property=\"og:description\" content=\"Mink\u0161ti, pur\u016bs ir \u0161ilti si\u016blai, kuriuose derinama ypa\u010d plona merino vilna ir \u0161iek tiek nailono tvirtumui. Tai \u201ePhoenix\u201c si\u016bl\u0173 versija su spalvingais tweed intarpais, suteikian\u010diais mezginiams subtilaus ta\u0161kuoto efekto. Puikiai tinka megztiniams, \u0161alikams ar kardiganams, kai norisi jaukumo, lengvumo ir \u0161iek tiek \u017eaismingumo. Stori si\u016blai leid\u017eia greitai numegzti \u0161iltus ir purius gaminius dideliais virbalais. Sud\u0117tis: [&hellip;]\" \/>\n<meta property=\"og:url\" content=\"https:\/\/happyinaknit.com\/ru\/product\/lang-yarns-phoenix-tweed\/\" \/>\n<meta property=\"og:site_name\" content=\"Happyinaknit.com\" \/>\n<meta property=\"article:modified_time\" content=\"2025-11-13T20:34:05+00:00\" \/>\n<meta property=\"og:image\" content=\"https:\/\/happyinaknit.com\/wp-content\/uploads\/2025\/10\/IMG_8498.jpg\" \/>\n\t<meta property=\"og:image:width\" content=\"1320\" \/>\n\t<meta property=\"og:image:height\" content=\"1278\" \/>\n\t<meta property=\"og:image:type\" content=\"image\/jpeg\" \/>\n<meta name=\"twitter:card\" content=\"summary_large_image\" \/>\n<meta name=\"twitter:label1\" content=\"\u041f\u0440\u0438\u043c\u0435\u0440\u043d\u043e\u0435 \u0432\u0440\u0435\u043c\u044f \u0434\u043b\u044f \u0447\u0442\u0435\u043d\u0438\u044f\" \/>\n\t<meta name=\"twitter:data1\" content=\"1 \u043c\u0438\u043d\u0443\u0442\u0430\" \/>\n<script type=\"application\/ld+json\" class=\"yoast-schema-graph\">{\"@context\":\"https:\/\/schema.org\",\"@graph\":[{\"@type\":\"WebPage\",\"@id\":\"https:\/\/happyinaknit.com\/produktas\/lang-yarns-phoenix-tweed\/\",\"url\":\"https:\/\/happyinaknit.com\/produktas\/lang-yarns-phoenix-tweed\/\",\"name\":\"Lang Yarns Phoenix Tweed - Happyinaknit.com\",\"isPartOf\":{\"@id\":\"https:\/\/happyinaknit.com\/lt\/#website\"},\"primaryImageOfPage\":{\"@id\":\"https:\/\/happyinaknit.com\/produktas\/lang-yarns-phoenix-tweed\/#primaryimage\"},\"image\":{\"@id\":\"https:\/\/happyinaknit.com\/produktas\/lang-yarns-phoenix-tweed\/#primaryimage\"},\"thumbnailUrl\":\"https:\/\/happyinaknit.com\/wp-content\/uploads\/2025\/10\/IMG_8498.jpg\",\"datePublished\":\"2025-10-06T08:44:41+00:00\",\"dateModified\":\"2025-11-13T20:34:05+00:00\",\"breadcrumb\":{\"@id\":\"https:\/\/happyinaknit.com\/produktas\/lang-yarns-phoenix-tweed\/#breadcrumb\"},\"inLanguage\":\"ru-RU\",\"potentialAction\":[{\"@type\":\"ReadAction\",\"target\":[\"https:\/\/happyinaknit.com\/produktas\/lang-yarns-phoenix-tweed\/\"]}]},{\"@type\":\"ImageObject\",\"inLanguage\":\"ru-RU\",\"@id\":\"https:\/\/happyinaknit.com\/produktas\/lang-yarns-phoenix-tweed\/#primaryimage\",\"url\":\"https:\/\/happyinaknit.com\/wp-content\/uploads\/2025\/10\/IMG_8498.jpg\",\"contentUrl\":\"https:\/\/happyinaknit.com\/wp-content\/uploads\/2025\/10\/IMG_8498.jpg\",\"width\":1320,\"height\":1278},{\"@type\":\"BreadcrumbList\",\"@id\":\"https:\/\/happyinaknit.com\/produktas\/lang-yarns-phoenix-tweed\/#breadcrumb\",\"itemListElement\":[{\"@type\":\"ListItem\",\"position\":1,\"name\":\"Home\",\"item\":\"https:\/\/happyinaknit.com\/lt\/\"},{\"@type\":\"ListItem\",\"position\":2,\"name\":\"Parduotuv\u0117\",\"item\":\"https:\/\/happyinaknit.com\/lt\/parduotuve\/\"},{\"@type\":\"ListItem\",\"position\":3,\"name\":\"Lang Yarns Phoenix Tweed\"}]},{\"@type\":\"WebSite\",\"@id\":\"https:\/\/happyinaknit.com\/lt\/#website\",\"url\":\"https:\/\/happyinaknit.com\/lt\/\",\"name\":\"Happyinaknit.com\",\"description\":\"\",\"potentialAction\":[{\"@type\":\"SearchAction\",\"target\":{\"@type\":\"EntryPoint\",\"urlTemplate\":\"https:\/\/happyinaknit.com\/lt\/?s={search_term_string}\"},\"query-input\":{\"@type\":\"PropertyValueSpecification\",\"valueRequired\":true,\"valueName\":\"search_term_string\"}}],\"inLanguage\":\"ru-RU\"}]}<\/script>\n<!-- \/ Yoast SEO plugin. -->","yoast_head_json":{"title":"Lang Yarns Phoenix Tweed - Happyinaknit.com","robots":{"index":"index","follow":"follow","max-snippet":"max-snippet:-1","max-image-preview":"max-image-preview:large","max-video-preview":"max-video-preview:-1"},"canonical":"https:\/\/happyinaknit.com\/ru\/product\/lang-yarns-phoenix-tweed\/","og_locale":"ru_RU","og_type":"article","og_title":"Lang Yarns Phoenix Tweed - Happyinaknit.com","og_description":"Mink\u0161ti, pur\u016bs ir \u0161ilti si\u016blai, kuriuose derinama ypa\u010d plona merino vilna ir \u0161iek tiek nailono tvirtumui. Tai \u201ePhoenix\u201c si\u016bl\u0173 versija su spalvingais tweed intarpais, suteikian\u010diais mezginiams subtilaus ta\u0161kuoto efekto. Puikiai tinka megztiniams, \u0161alikams ar kardiganams, kai norisi jaukumo, lengvumo ir \u0161iek tiek \u017eaismingumo. Stori si\u016blai leid\u017eia greitai numegzti \u0161iltus ir purius gaminius dideliais virbalais. Sud\u0117tis: [&hellip;]","og_url":"https:\/\/happyinaknit.com\/ru\/product\/lang-yarns-phoenix-tweed\/","og_site_name":"Happyinaknit.com","article_modified_time":"2025-11-13T20:34:05+00:00","og_image":[{"width":1320,"height":1278,"url":"https:\/\/happyinaknit.com\/wp-content\/uploads\/2025\/10\/IMG_8498.jpg","type":"image\/jpeg"}],"twitter_card":"summary_large_image","twitter_misc":{"\u041f\u0440\u0438\u043c\u0435\u0440\u043d\u043e\u0435 \u0432\u0440\u0435\u043c\u044f \u0434\u043b\u044f \u0447\u0442\u0435\u043d\u0438\u044f":"1 \u043c\u0438\u043d\u0443\u0442\u0430"},"schema":{"@context":"https:\/\/schema.org","@graph":[{"@type":"WebPage","@id":"https:\/\/happyinaknit.com\/produktas\/lang-yarns-phoenix-tweed\/","url":"https:\/\/happyinaknit.com\/produktas\/lang-yarns-phoenix-tweed\/","name":"Lang Yarns Phoenix Tweed - Happyinaknit.com","isPartOf":{"@id":"https:\/\/happyinaknit.com\/lt\/#website"},"primaryImageOfPage":{"@id":"https:\/\/happyinaknit.com\/produktas\/lang-yarns-phoenix-tweed\/#primaryimage"},"image":{"@id":"https:\/\/happyinaknit.com\/produktas\/lang-yarns-phoenix-tweed\/#primaryimage"},"thumbnailUrl":"https:\/\/happyinaknit.com\/wp-content\/uploads\/2025\/10\/IMG_8498.jpg","datePublished":"2025-10-06T08:44:41+00:00","dateModified":"2025-11-13T20:34:05+00:00","breadcrumb":{"@id":"https:\/\/happyinaknit.com\/produktas\/lang-yarns-phoenix-tweed\/#breadcrumb"},"inLanguage":"ru-RU","potentialAction":[{"@type":"ReadAction","target":["https:\/\/happyinaknit.com\/produktas\/lang-yarns-phoenix-tweed\/"]}]},{"@type":"ImageObject","inLanguage":"ru-RU","@id":"https:\/\/happyinaknit.com\/produktas\/lang-yarns-phoenix-tweed\/#primaryimage","url":"https:\/\/happyinaknit.com\/wp-content\/uploads\/2025\/10\/IMG_8498.jpg","contentUrl":"https:\/\/happyinaknit.com\/wp-content\/uploads\/2025\/10\/IMG_8498.jpg","width":1320,"height":1278},{"@type":"BreadcrumbList","@id":"https:\/\/happyinaknit.com\/produktas\/lang-yarns-phoenix-tweed\/#breadcrumb","itemListElement":[{"@type":"ListItem","position":1,"name":"Home","item":"https:\/\/happyinaknit.com\/lt\/"},{"@type":"ListItem","position":2,"name":"Parduotuv\u0117","item":"https:\/\/happyinaknit.com\/lt\/parduotuve\/"},{"@type":"ListItem","position":3,"name":"Lang Yarns Phoenix Tweed"}]},{"@type":"WebSite","@id":"https:\/\/happyinaknit.com\/lt\/#website","url":"https:\/\/happyinaknit.com\/lt\/","name":"Happyinaknit.com","description":"","potentialAction":[{"@type":"SearchAction","target":{"@type":"EntryPoint","urlTemplate":"https:\/\/happyinaknit.com\/lt\/?s={search_term_string}"},"query-input":{"@type":"PropertyValueSpecification","valueRequired":true,"valueName":"search_term_string"}}],"inLanguage":"ru-RU"}]}},"_links":{"self":[{"href":"https:\/\/happyinaknit.com\/ru\/wp-json\/wp\/v2\/product\/2802","targetHints":{"allow":["GET"]}}],"collection":[{"href":"https:\/\/happyinaknit.com\/ru\/wp-json\/wp\/v2\/product"}],"about":[{"href":"https:\/\/happyinaknit.com\/ru\/wp-json\/wp\/v2\/types\/product"}],"replies":[{"embeddable":true,"href":"https:\/\/happyinaknit.com\/ru\/wp-json\/wp\/v2\/comments?post=2802"}],"wp:featuredmedia":[{"embeddable":true,"href":"https:\/\/happyinaknit.com\/ru\/wp-json\/wp\/v2\/media\/2803"}],"wp:attachment":[{"href":"https:\/\/happyinaknit.com\/ru\/wp-json\/wp\/v2\/media?parent=2802"}],"wp:term":[{"taxonomy":"product_brand","embeddable":true,"href":"https:\/\/happyinaknit.com\/ru\/wp-json\/wp\/v2\/product_brand?post=2802"},{"taxonomy":"product_cat","embeddable":true,"href":"https:\/\/happyinaknit.com\/ru\/wp-json\/wp\/v2\/product_cat?post=2802"},{"taxonomy":"product_tag","embeddable":true,"href":"https:\/\/happyinaknit.com\/ru\/wp-json\/wp\/v2\/product_tag?post=2802"},{"taxonomy":"pro-kategorijos","embeddable":true,"href":"https:\/\/happyinaknit.com\/ru\/wp-json\/wp\/v2\/pro-kategorijos?post=2802"}],"curies":[{"name":"wp","href":"https:\/\/api.w.org\/{rel}","templated":true}]}}