{"id":2799,"date":"2025-10-06T08:31:19","date_gmt":"2025-10-06T08:31:19","guid":{"rendered":"https:\/\/happyinaknit.com\/?post_type=product&#038;p=2799"},"modified":"2025-11-13T20:33:36","modified_gmt":"2025-11-13T20:33:36","slug":"lang-yarns-phoenix","status":"publish","type":"product","link":"https:\/\/happyinaknit.com\/ru\/product\/lang-yarns-phoenix\/","title":{"rendered":"Lang Yarns Phoenix"},"content":{"rendered":"<p data-start=\"108\" data-end=\"473\">\u0421\u0443\u043f\u0435\u0440\u043c\u044f\u0433\u043a\u0430\u044f \u0438 \u043f\u0443\u0448\u0438\u0441\u0442\u0430\u044f \u043f\u0440\u044f\u0436\u0430 \u0438\u0437 \u044d\u043a\u0441\u0442\u0440\u0430\u0442\u043e\u043d\u043a\u043e\u0439 \u043c\u0435\u0440\u0438\u043d\u043e\u0441\u043e\u0432\u043e\u0439 \u0448\u0435\u0440\u0441\u0442\u0438 \u0441 \u0434\u043e\u0431\u0430\u0432\u043b\u0435\u043d\u0438\u0435\u043c \u043d\u0435\u0439\u043b\u043e\u043d\u0430 \u0434\u043b\u044f \u043f\u0440\u043e\u0447\u043d\u043e\u0441\u0442\u0438. \u042d\u0442\u043e \u043e\u0434\u043d\u0430 \u0438\u0437 \u0441\u0430\u043c\u044b\u0445 \u043c\u044f\u0433\u043a\u0438\u0445 \u043f\u0440\u044f\u0436, \u0438\u0437 \u043a\u043e\u0442\u043e\u0440\u043e\u0439 \u0432\u044f\u0437\u0430\u043d\u044b\u0435 \u0438\u0437\u0434\u0435\u043b\u0438\u044f \u043f\u043e\u043b\u0443\u0447\u0430\u044e\u0442\u0441\u044f \u0442\u0451\u043f\u043b\u044b\u043c\u0438, \u0443\u044e\u0442\u043d\u044b\u043c\u0438 \u0438 \u043d\u0435\u0432\u0435\u0440\u043e\u044f\u0442\u043d\u043e \u043a\u043e\u043c\u0444\u043e\u0440\u0442\u043d\u044b\u043c\u0438. \u0411\u043b\u0430\u0433\u043e\u0434\u0430\u0440\u044f \u0431\u043e\u043b\u044c\u0448\u043e\u0439 \u0442\u043e\u043b\u0449\u0438\u043d\u0435 \u043f\u0440\u044f\u0436\u0438 \u0432\u044f\u0437\u0430\u043d\u0438\u0435 \u043f\u0440\u043e\u0438\u0441\u0445\u043e\u0434\u0438\u0442 \u0431\u044b\u0441\u0442\u0440\u043e, \u0430 \u0440\u0435\u0437\u0443\u043b\u044c\u0442\u0430\u0442 \u043f\u043e\u043b\u0443\u0447\u0430\u0435\u0442\u0441\u044f \u043b\u0451\u0433\u043a\u0438\u043c, \u043d\u043e \u0442\u0451\u043f\u043b\u044b\u043c, \u0438\u0434\u0435\u0430\u043b\u044c\u043d\u043e \u043f\u043e\u0434\u0445\u043e\u0434\u044f\u0449\u0438\u043c \u0434\u043b\u044f \u0445\u043e\u043b\u043e\u0434\u043d\u043e\u0433\u043e \u0432\u0440\u0435\u043c\u0435\u043d\u0438 \u0433\u043e\u0434\u0430.<\/p>\n<ul data-start=\"475\" data-end=\"926\">\n<li data-start=\"475\" data-end=\"536\">\n<p data-start=\"477\" data-end=\"536\"><strong data-start=\"477\" data-end=\"489\">\u0421\u043e\u0441\u0442\u0430\u0432:<\/strong> 93 % \u043c\u0435\u0440\u0438\u043d\u043e\u0441\u043e\u0432\u0430\u044f \u0448\u0435\u0440\u0441\u0442\u044c (\u044d\u043a\u0441\u0442\u0440\u0430 \u0442\u043e\u043d\u043a\u0430\u044f), 7 % \u043d\u0435\u0439\u043b\u043e\u043d<\/p>\n<\/li>\n<li data-start=\"564\" data-end=\"604\">\n<p data-start=\"566\" data-end=\"604\"><strong data-start=\"566\" data-end=\"588\">\u0412\u0435\u0441\/\u0434\u043b\u0438\u043d\u0430:<\/strong> 100 \u0433 - 270 \u043c<\/p>\n<\/li>\n<li data-start=\"605\" data-end=\"648\">\n<p data-start=\"607\" data-end=\"648\"><strong data-start=\"607\" data-end=\"635\">\u0420\u0435\u043a\u043e\u043c\u0435\u043d\u0434\u0443\u0435\u043c\u044b\u0435 \u0441\u043f\u0438\u0446\u044b:<\/strong> 7,0-8,0 \u043c\u043c<\/p>\n<\/li>\n<li data-start=\"649\" data-end=\"698\">\n<p data-start=\"651\" data-end=\"698\"><strong data-start=\"651\" data-end=\"677\">\u041f\u043b\u043e\u0442\u043d\u043e\u0441\u0442\u044c (10 \u00d7 10 \u0441\u043c):<\/strong> ~9 \u043f\u0435\u0442\u0435\u043b\u044c \u00d7 16 \u0440\u044f\u0434\u043e\u0432<\/p>\n<\/li>\n<li data-start=\"699\" data-end=\"835\">\n<p data-start=\"701\" data-end=\"731\"><strong data-start=\"701\" data-end=\"729\">\u041f\u0440\u0438\u043c\u0435\u0440\u043d\u044b\u0439 \u0440\u0430\u0441\u0445\u043e\u0434:<\/strong><\/p>\n<ul data-start=\"734\" data-end=\"835\">\n<li data-start=\"734\" data-end=\"782\">\n<p data-start=\"736\" data-end=\"782\">\u043d\u0430  \u043c\u0443\u0436\u0441\u043a\u043e\u0435 \u0438\u0437\u0434\u0435\u043b\u0438\u0435 (\u0440\u0430\u0437\u043c\u0435\u0440 48) ~4 \u043c\u043e\u0442\u043a\u0430<\/p>\n<\/li>\n<li data-start=\"785\" data-end=\"835\">\n<p data-start=\"787\" data-end=\"835\">\u043d\u0430  \u0436\u0435\u043d\u0441\u043a\u043e\u0435 \u0438\u0437\u0434\u0435\u043b\u0438\u0435 (\u0440\u0430\u0437\u043c\u0435\u0440 46) ~3 \u043c\u043e\u0442\u043a\u0430<\/p>\n<\/li>\n<\/ul>\n<\/li>\n<li data-start=\"836\" data-end=\"926\">\n<p data-start=\"838\" data-end=\"854\"><strong data-start=\"838\" data-end=\"852\">\u0421\u043e\u0432\u0435\u0442\u044b \u043f\u043e \u0443\u0445\u043e\u0434\u0443:<\/strong><\/p>\n<ul data-start=\"857\" data-end=\"926\">\n<li data-start=\"857\" data-end=\"887\">\n<p data-start=\"859\" data-end=\"887\">\u0420\u0443\u0447\u043d\u0430\u044f \u0441\u0442\u0438\u0440\u043a\u0430 \u043f\u0440\u0438 \u0442\u0435\u043c\u043f\u0435\u0440\u0430\u0442\u0443\u0440\u0435 \u0434\u043e 30\u00b0C<\/p>\n<\/li>\n<li data-start=\"890\" data-end=\"926\">\n<p data-start=\"892\" data-end=\"926\">\u0421\u0443\u0448\u0438\u0442\u044c \u0432 \u0440\u0430\u0441\u043f\u0440\u0430\u0432\u043b\u0435\u043d\u043d\u043e\u043c \u0432\u0438\u0434\u0435 \u0432 \u0433\u043e\u0440\u0438\u0437\u043e\u043d\u0442\u0430\u043b\u044c\u043d\u043e\u043c \u043f\u043e\u043b\u043e\u0436\u0435\u043d\u0438\u0438<\/p>\n<\/li>\n<\/ul>\n<\/li>\n<\/ul>","protected":false},"excerpt":{"rendered":"<p>Itin \u0161veln\u016bs ir pur\u016bs si\u016blai, pagaminti i\u0161 ypa\u010d plonos merino vilnos su \u0161iek tiek nailono tvirtumui. Tai vieni mink\u0161\u010diausi\u0173 si\u016bl\u0173, kokius galima rasti \u2013 i\u0161 j\u0173 mezginiai tampa \u0161ilti, jauk\u016bs ir itin malon\u016bs prie k\u016bno. D\u0117l storo metra\u017eo mezgimas vyksta greitai, o rezultatas \u2013 lengvas, bet \u0161iltas gaminys, puikiai tinkantis \u0161altajam sezonui. Sud\u0117tis: 93 % [&hellip;]<\/p>\n","protected":false},"featured_media":2800,"comment_status":"open","ping_status":"closed","template":"","meta":{"_acf_changed":false},"product_brand":[70],"product_cat":[182,18],"product_tag":[33],"pro-kategorijos":[71],"class_list":{"0":"post-2799","1":"product","2":"type-product","3":"status-publish","4":"has-post-thumbnail","6":"product_brand-lang-yarns","7":"product_cat-ispardavimas","8":"product_cat-siulai","9":"product_tag-ispardavimas","10":"pro-kategorijos-merino-vilna","12":"first","13":"instock","14":"sale","15":"shipping-taxable","16":"purchasable","17":"product-type-variable"},"acf":[],"yoast_head":"<!-- This site is optimized with the Yoast SEO plugin v26.8 - https:\/\/yoast.com\/product\/yoast-seo-wordpress\/ -->\n<title>Lang Yarns Phoenix - Happyinaknit.com<\/title>\n<meta name=\"robots\" content=\"index, follow, max-snippet:-1, max-image-preview:large, max-video-preview:-1\" \/>\n<link rel=\"canonical\" href=\"https:\/\/happyinaknit.com\/ru\/product\/lang-yarns-phoenix\/\" \/>\n<meta property=\"og:locale\" content=\"ru_RU\" \/>\n<meta property=\"og:type\" content=\"article\" \/>\n<meta property=\"og:title\" content=\"Lang Yarns Phoenix - Happyinaknit.com\" \/>\n<meta property=\"og:description\" content=\"Itin \u0161veln\u016bs ir pur\u016bs si\u016blai, pagaminti i\u0161 ypa\u010d plonos merino vilnos su \u0161iek tiek nailono tvirtumui. Tai vieni mink\u0161\u010diausi\u0173 si\u016bl\u0173, kokius galima rasti \u2013 i\u0161 j\u0173 mezginiai tampa \u0161ilti, jauk\u016bs ir itin malon\u016bs prie k\u016bno. D\u0117l storo metra\u017eo mezgimas vyksta greitai, o rezultatas \u2013 lengvas, bet \u0161iltas gaminys, puikiai tinkantis \u0161altajam sezonui. Sud\u0117tis: 93 % [&hellip;]\" \/>\n<meta property=\"og:url\" content=\"https:\/\/happyinaknit.com\/ru\/product\/lang-yarns-phoenix\/\" \/>\n<meta property=\"og:site_name\" content=\"Happyinaknit.com\" \/>\n<meta property=\"article:modified_time\" content=\"2025-11-13T20:33:36+00:00\" \/>\n<meta property=\"og:image\" content=\"https:\/\/happyinaknit.com\/wp-content\/uploads\/2025\/10\/1107_0023_LANGYARNS_Phoenix_800_B.jpg\" \/>\n\t<meta property=\"og:image:width\" content=\"800\" \/>\n\t<meta property=\"og:image:height\" content=\"800\" \/>\n\t<meta property=\"og:image:type\" content=\"image\/jpeg\" \/>\n<meta name=\"twitter:card\" content=\"summary_large_image\" \/>\n<meta name=\"twitter:label1\" content=\"\u041f\u0440\u0438\u043c\u0435\u0440\u043d\u043e\u0435 \u0432\u0440\u0435\u043c\u044f \u0434\u043b\u044f \u0447\u0442\u0435\u043d\u0438\u044f\" \/>\n\t<meta name=\"twitter:data1\" content=\"1 \u043c\u0438\u043d\u0443\u0442\u0430\" \/>\n<script type=\"application\/ld+json\" class=\"yoast-schema-graph\">{\"@context\":\"https:\/\/schema.org\",\"@graph\":[{\"@type\":\"WebPage\",\"@id\":\"https:\/\/happyinaknit.com\/produktas\/lang-yarns-phoenix\/\",\"url\":\"https:\/\/happyinaknit.com\/produktas\/lang-yarns-phoenix\/\",\"name\":\"Lang Yarns Phoenix - Happyinaknit.com\",\"isPartOf\":{\"@id\":\"https:\/\/happyinaknit.com\/lt\/#website\"},\"primaryImageOfPage\":{\"@id\":\"https:\/\/happyinaknit.com\/produktas\/lang-yarns-phoenix\/#primaryimage\"},\"image\":{\"@id\":\"https:\/\/happyinaknit.com\/produktas\/lang-yarns-phoenix\/#primaryimage\"},\"thumbnailUrl\":\"https:\/\/happyinaknit.com\/wp-content\/uploads\/2025\/10\/1107_0023_LANGYARNS_Phoenix_800_B.jpg\",\"datePublished\":\"2025-10-06T08:31:19+00:00\",\"dateModified\":\"2025-11-13T20:33:36+00:00\",\"breadcrumb\":{\"@id\":\"https:\/\/happyinaknit.com\/produktas\/lang-yarns-phoenix\/#breadcrumb\"},\"inLanguage\":\"ru-RU\",\"potentialAction\":[{\"@type\":\"ReadAction\",\"target\":[\"https:\/\/happyinaknit.com\/produktas\/lang-yarns-phoenix\/\"]}]},{\"@type\":\"ImageObject\",\"inLanguage\":\"ru-RU\",\"@id\":\"https:\/\/happyinaknit.com\/produktas\/lang-yarns-phoenix\/#primaryimage\",\"url\":\"https:\/\/happyinaknit.com\/wp-content\/uploads\/2025\/10\/1107_0023_LANGYARNS_Phoenix_800_B.jpg\",\"contentUrl\":\"https:\/\/happyinaknit.com\/wp-content\/uploads\/2025\/10\/1107_0023_LANGYARNS_Phoenix_800_B.jpg\",\"width\":800,\"height\":800},{\"@type\":\"BreadcrumbList\",\"@id\":\"https:\/\/happyinaknit.com\/produktas\/lang-yarns-phoenix\/#breadcrumb\",\"itemListElement\":[{\"@type\":\"ListItem\",\"position\":1,\"name\":\"Home\",\"item\":\"https:\/\/happyinaknit.com\/lt\/\"},{\"@type\":\"ListItem\",\"position\":2,\"name\":\"Parduotuv\u0117\",\"item\":\"https:\/\/happyinaknit.com\/lt\/parduotuve\/\"},{\"@type\":\"ListItem\",\"position\":3,\"name\":\"Lang Yarns Phoenix\"}]},{\"@type\":\"WebSite\",\"@id\":\"https:\/\/happyinaknit.com\/lt\/#website\",\"url\":\"https:\/\/happyinaknit.com\/lt\/\",\"name\":\"Happyinaknit.com\",\"description\":\"\",\"potentialAction\":[{\"@type\":\"SearchAction\",\"target\":{\"@type\":\"EntryPoint\",\"urlTemplate\":\"https:\/\/happyinaknit.com\/lt\/?s={search_term_string}\"},\"query-input\":{\"@type\":\"PropertyValueSpecification\",\"valueRequired\":true,\"valueName\":\"search_term_string\"}}],\"inLanguage\":\"ru-RU\"}]}<\/script>\n<!-- \/ Yoast SEO plugin. -->","yoast_head_json":{"title":"Lang Yarns Phoenix - Happyinaknit.com","robots":{"index":"index","follow":"follow","max-snippet":"max-snippet:-1","max-image-preview":"max-image-preview:large","max-video-preview":"max-video-preview:-1"},"canonical":"https:\/\/happyinaknit.com\/ru\/product\/lang-yarns-phoenix\/","og_locale":"ru_RU","og_type":"article","og_title":"Lang Yarns Phoenix - Happyinaknit.com","og_description":"Itin \u0161veln\u016bs ir pur\u016bs si\u016blai, pagaminti i\u0161 ypa\u010d plonos merino vilnos su \u0161iek tiek nailono tvirtumui. Tai vieni mink\u0161\u010diausi\u0173 si\u016bl\u0173, kokius galima rasti \u2013 i\u0161 j\u0173 mezginiai tampa \u0161ilti, jauk\u016bs ir itin malon\u016bs prie k\u016bno. D\u0117l storo metra\u017eo mezgimas vyksta greitai, o rezultatas \u2013 lengvas, bet \u0161iltas gaminys, puikiai tinkantis \u0161altajam sezonui. Sud\u0117tis: 93 % [&hellip;]","og_url":"https:\/\/happyinaknit.com\/ru\/product\/lang-yarns-phoenix\/","og_site_name":"Happyinaknit.com","article_modified_time":"2025-11-13T20:33:36+00:00","og_image":[{"width":800,"height":800,"url":"https:\/\/happyinaknit.com\/wp-content\/uploads\/2025\/10\/1107_0023_LANGYARNS_Phoenix_800_B.jpg","type":"image\/jpeg"}],"twitter_card":"summary_large_image","twitter_misc":{"\u041f\u0440\u0438\u043c\u0435\u0440\u043d\u043e\u0435 \u0432\u0440\u0435\u043c\u044f \u0434\u043b\u044f \u0447\u0442\u0435\u043d\u0438\u044f":"1 \u043c\u0438\u043d\u0443\u0442\u0430"},"schema":{"@context":"https:\/\/schema.org","@graph":[{"@type":"WebPage","@id":"https:\/\/happyinaknit.com\/produktas\/lang-yarns-phoenix\/","url":"https:\/\/happyinaknit.com\/produktas\/lang-yarns-phoenix\/","name":"Lang Yarns Phoenix - Happyinaknit.com","isPartOf":{"@id":"https:\/\/happyinaknit.com\/lt\/#website"},"primaryImageOfPage":{"@id":"https:\/\/happyinaknit.com\/produktas\/lang-yarns-phoenix\/#primaryimage"},"image":{"@id":"https:\/\/happyinaknit.com\/produktas\/lang-yarns-phoenix\/#primaryimage"},"thumbnailUrl":"https:\/\/happyinaknit.com\/wp-content\/uploads\/2025\/10\/1107_0023_LANGYARNS_Phoenix_800_B.jpg","datePublished":"2025-10-06T08:31:19+00:00","dateModified":"2025-11-13T20:33:36+00:00","breadcrumb":{"@id":"https:\/\/happyinaknit.com\/produktas\/lang-yarns-phoenix\/#breadcrumb"},"inLanguage":"ru-RU","potentialAction":[{"@type":"ReadAction","target":["https:\/\/happyinaknit.com\/produktas\/lang-yarns-phoenix\/"]}]},{"@type":"ImageObject","inLanguage":"ru-RU","@id":"https:\/\/happyinaknit.com\/produktas\/lang-yarns-phoenix\/#primaryimage","url":"https:\/\/happyinaknit.com\/wp-content\/uploads\/2025\/10\/1107_0023_LANGYARNS_Phoenix_800_B.jpg","contentUrl":"https:\/\/happyinaknit.com\/wp-content\/uploads\/2025\/10\/1107_0023_LANGYARNS_Phoenix_800_B.jpg","width":800,"height":800},{"@type":"BreadcrumbList","@id":"https:\/\/happyinaknit.com\/produktas\/lang-yarns-phoenix\/#breadcrumb","itemListElement":[{"@type":"ListItem","position":1,"name":"Home","item":"https:\/\/happyinaknit.com\/lt\/"},{"@type":"ListItem","position":2,"name":"Parduotuv\u0117","item":"https:\/\/happyinaknit.com\/lt\/parduotuve\/"},{"@type":"ListItem","position":3,"name":"Lang Yarns Phoenix"}]},{"@type":"WebSite","@id":"https:\/\/happyinaknit.com\/lt\/#website","url":"https:\/\/happyinaknit.com\/lt\/","name":"Happyinaknit.com","description":"","potentialAction":[{"@type":"SearchAction","target":{"@type":"EntryPoint","urlTemplate":"https:\/\/happyinaknit.com\/lt\/?s={search_term_string}"},"query-input":{"@type":"PropertyValueSpecification","valueRequired":true,"valueName":"search_term_string"}}],"inLanguage":"ru-RU"}]}},"_links":{"self":[{"href":"https:\/\/happyinaknit.com\/ru\/wp-json\/wp\/v2\/product\/2799","targetHints":{"allow":["GET"]}}],"collection":[{"href":"https:\/\/happyinaknit.com\/ru\/wp-json\/wp\/v2\/product"}],"about":[{"href":"https:\/\/happyinaknit.com\/ru\/wp-json\/wp\/v2\/types\/product"}],"replies":[{"embeddable":true,"href":"https:\/\/happyinaknit.com\/ru\/wp-json\/wp\/v2\/comments?post=2799"}],"wp:featuredmedia":[{"embeddable":true,"href":"https:\/\/happyinaknit.com\/ru\/wp-json\/wp\/v2\/media\/2800"}],"wp:attachment":[{"href":"https:\/\/happyinaknit.com\/ru\/wp-json\/wp\/v2\/media?parent=2799"}],"wp:term":[{"taxonomy":"product_brand","embeddable":true,"href":"https:\/\/happyinaknit.com\/ru\/wp-json\/wp\/v2\/product_brand?post=2799"},{"taxonomy":"product_cat","embeddable":true,"href":"https:\/\/happyinaknit.com\/ru\/wp-json\/wp\/v2\/product_cat?post=2799"},{"taxonomy":"product_tag","embeddable":true,"href":"https:\/\/happyinaknit.com\/ru\/wp-json\/wp\/v2\/product_tag?post=2799"},{"taxonomy":"pro-kategorijos","embeddable":true,"href":"https:\/\/happyinaknit.com\/ru\/wp-json\/wp\/v2\/pro-kategorijos?post=2799"}],"curies":[{"name":"wp","href":"https:\/\/api.w.org\/{rel}","templated":true}]}}