{"id":2749,"date":"2025-10-06T07:59:02","date_gmt":"2025-10-06T07:59:02","guid":{"rendered":"https:\/\/happyinaknit.com\/?post_type=product&#038;p=2749"},"modified":"2026-03-23T14:00:47","modified_gmt":"2026-03-23T14:00:47","slug":"lang-yarns-yak","status":"publish","type":"product","link":"https:\/\/happyinaknit.com\/ru\/product\/lang-yarns-yak\/","title":{"rendered":"Lang Yarns Yak"},"content":{"rendered":"<article class=\"text-token-text-primary w-full focus:outline-none [content-visibility:auto] supports-[content-visibility:auto]:[contain-intrinsic-size:auto_100lvh] scroll-mt-[calc(var(--header-height)+min(200px,max(70px,20svh)))]\" dir=\"auto\" tabindex=\"-1\" data-turn-id=\"request-68dd7b2f-c4c0-8325-99d8-8cdfbe689f41-0\" data-testid=\"conversation-turn-90\" data-scroll-anchor=\"true\" data-turn=\"assistant\">\n<div class=\"text-base my-auto mx-auto pb-10 [--thread-content-margin:--spacing(4)] thread-sm:[--thread-content-margin:--spacing(6)] thread-lg:[--thread-content-margin:--spacing(16)] px-(--thread-content-margin)\">\n<div class=\"[--thread-content-max-width:40rem] thread-lg:[--thread-content-max-width:48rem] mx-auto max-w-(--thread-content-max-width) flex-1 group\/turn-messages focus-visible:outline-hidden relative flex w-full min-w-0 flex-col agent-turn\" tabindex=\"-1\">\n<div class=\"flex max-w-full flex-col grow\">\n<div class=\"min-h-8 text-message relative flex w-full flex-col items-end gap-2 text-start break-words whitespace-normal [.text-message+&amp;]:mt-5\" dir=\"auto\" data-message-author-role=\"assistant\" data-message-id=\"603798ac-882e-4ab1-8c87-91ec383935ed\" data-message-model-slug=\"gpt-5\">\n<div class=\"flex w-full flex-col gap-1 empty:hidden first:pt-[1px]\">\n<div class=\"markdown prose dark:prose-invert w-full break-words light markdown-new-styling\">\n<p data-start=\"92\" data-end=\"521\">Klasikiniai nat\u016bral\u016bs si\u016blai, kuriuose dera ypa\u010d plona merino vilna (be mulesingo) ir prabangi yako vilna. \u0160is derinys suteikia mezginiams ypatingo \u0161velnumo, \u0161ilumos ir prabangaus jaukumo. Yako pluo\u0161tas gars\u0117ja \u0161ilumos i\u0161laikymu bei elastingumu, tod\u0117l gaminiai i\u0161 \u0161i\u0173 si\u016bl\u0173 yra itin malon\u016bs odai ir puikiai tinka rudens\u2013\u017eiemos sezonui. Si\u016blai pasi\u017eymi nat\u016brali\u0173 \u017eem\u0117s atspalvi\u0173 palete ir subtilia prabanga.<\/p>\n<ul data-start=\"523\" data-end=\"977\">\n<li data-start=\"523\" data-end=\"601\">\n<p data-start=\"525\" data-end=\"601\"><strong data-start=\"525\" data-end=\"537\">Sud\u0117tis:<\/strong> 70 % merino vilna (extra fine, be mulesingo), 30 % yako vilna<\/p>\n<\/li>\n<li data-start=\"629\" data-end=\"668\">\n<p data-start=\"631\" data-end=\"668\"><strong data-start=\"631\" data-end=\"653\">Svoris \/ metra\u017eas:<\/strong> 50 g &#8211; 120 m<\/p>\n<\/li>\n<li data-start=\"669\" data-end=\"712\">\n<p data-start=\"671\" data-end=\"712\"><strong data-start=\"671\" data-end=\"699\">Rekomenduojami virbalai:<\/strong> 4,5\u20135,0 mm<\/p>\n<\/li>\n<li data-start=\"713\" data-end=\"763\">\n<p data-start=\"715\" data-end=\"763\"><strong data-start=\"715\" data-end=\"741\">Tankumas (10 \u00d7 10 cm):<\/strong> ~18 aki\u0173 \u00d7 26 eil\u0117s<\/p>\n<\/li>\n<li data-start=\"764\" data-end=\"886\">\n<p data-start=\"766\" data-end=\"796\"><strong data-start=\"766\" data-end=\"794\">Apytikslis sunaudojimas:<\/strong><\/p>\n<ul data-start=\"799\" data-end=\"886\">\n<li data-start=\"799\" data-end=\"840\">\n<p data-start=\"801\" data-end=\"840\">moteri\u0161kam gaminiui (M dyd\u017eio) ~400 g<\/p>\n<\/li>\n<li data-start=\"843\" data-end=\"886\">\n<p data-start=\"845\" data-end=\"886\">vaiki\u0161kam gaminiui (iki 10 met\u0173) ~300 g<\/p>\n<\/li>\n<\/ul>\n<\/li>\n<li data-start=\"887\" data-end=\"977\">\n<p data-start=\"889\" data-end=\"905\"><strong data-start=\"889\" data-end=\"903\">Prie\u017ei\u016bra:<\/strong><\/p>\n<ul data-start=\"908\" data-end=\"977\">\n<li data-start=\"908\" data-end=\"938\">\n<p data-start=\"910\" data-end=\"938\">Skalbti rankomis iki 30 \u00b0C<\/p>\n<\/li>\n<li data-start=\"941\" data-end=\"977\">\n<p data-start=\"943\" data-end=\"977\">D\u017eiovinti patiesus horizontaliai<\/p>\n<\/li>\n<\/ul>\n<\/li>\n<\/ul>\n<\/div>\n<\/div>\n<\/div>\n<\/div>\n<div class=\"z-0 flex min-h-[46px] justify-start\"><\/div>\n<div class=\"mt-3 w-full empty:hidden\"><\/div>\n<\/div>\n<\/div>\n<\/article>\n","protected":false},"excerpt":{"rendered":"<p>Klasikiniai nat\u016bral\u016bs si\u016blai, kuriuose dera ypa\u010d plona merino vilna (be mulesingo) ir prabangi yako vilna. \u0160is derinys suteikia mezginiams ypatingo \u0161velnumo, \u0161ilumos ir prabangaus jaukumo. Yako pluo\u0161tas gars\u0117ja \u0161ilumos i\u0161laikymu bei elastingumu, tod\u0117l gaminiai i\u0161 \u0161i\u0173 si\u016bl\u0173 yra itin malon\u016bs odai ir puikiai tinka rudens\u2013\u017eiemos sezonui. Si\u016blai pasi\u017eymi nat\u016brali\u0173 \u017eem\u0117s atspalvi\u0173 palete ir subtilia prabanga. [&hellip;]<\/p>\n","protected":false},"featured_media":2771,"comment_status":"open","ping_status":"closed","template":"","meta":{"_acf_changed":false},"product_brand":[70],"product_cat":[15,18],"product_tag":[],"pro-kategorijos":[72,71],"class_list":{"0":"post-2749","1":"product","2":"type-product","3":"status-publish","4":"has-post-thumbnail","6":"product_brand-lang-yarns","7":"product_cat-visi-produktai","8":"product_cat-siulai","9":"pro-kategorijos-baby-alpaka","10":"pro-kategorijos-merino-vilna","12":"first","13":"instock","14":"shipping-taxable","15":"purchasable","16":"product-type-variable"},"acf":[],"yoast_head":"<!-- This site is optimized with the Yoast SEO plugin v26.8 - https:\/\/yoast.com\/product\/yoast-seo-wordpress\/ -->\n<title>Lang Yarns Yak - Happyinaknit.com<\/title>\n<meta name=\"robots\" content=\"index, follow, max-snippet:-1, max-image-preview:large, max-video-preview:-1\" \/>\n<link rel=\"canonical\" href=\"https:\/\/happyinaknit.com\/ru\/product\/lang-yarns-yak\/\" \/>\n<meta property=\"og:locale\" content=\"ru_RU\" \/>\n<meta property=\"og:type\" content=\"article\" \/>\n<meta property=\"og:title\" content=\"Lang Yarns Yak - Happyinaknit.com\" \/>\n<meta property=\"og:description\" content=\"Klasikiniai nat\u016bral\u016bs si\u016blai, kuriuose dera ypa\u010d plona merino vilna (be mulesingo) ir prabangi yako vilna. \u0160is derinys suteikia mezginiams ypatingo \u0161velnumo, \u0161ilumos ir prabangaus jaukumo. Yako pluo\u0161tas gars\u0117ja \u0161ilumos i\u0161laikymu bei elastingumu, tod\u0117l gaminiai i\u0161 \u0161i\u0173 si\u016bl\u0173 yra itin malon\u016bs odai ir puikiai tinka rudens\u2013\u017eiemos sezonui. Si\u016blai pasi\u017eymi nat\u016brali\u0173 \u017eem\u0117s atspalvi\u0173 palete ir subtilia prabanga. [&hellip;]\" \/>\n<meta property=\"og:url\" content=\"https:\/\/happyinaknit.com\/ru\/product\/lang-yarns-yak\/\" \/>\n<meta property=\"og:site_name\" content=\"Happyinaknit.com\" \/>\n<meta property=\"article:modified_time\" content=\"2026-03-23T14:00:47+00:00\" \/>\n<meta property=\"og:image\" content=\"https:\/\/happyinaknit.com\/wp-content\/uploads\/2025\/10\/IMG_8495.jpg\" \/>\n\t<meta property=\"og:image:width\" content=\"1320\" \/>\n\t<meta property=\"og:image:height\" content=\"1322\" \/>\n\t<meta property=\"og:image:type\" content=\"image\/jpeg\" \/>\n<meta name=\"twitter:card\" content=\"summary_large_image\" \/>\n<meta name=\"twitter:label1\" content=\"\u041f\u0440\u0438\u043c\u0435\u0440\u043d\u043e\u0435 \u0432\u0440\u0435\u043c\u044f \u0434\u043b\u044f \u0447\u0442\u0435\u043d\u0438\u044f\" \/>\n\t<meta name=\"twitter:data1\" content=\"1 \u043c\u0438\u043d\u0443\u0442\u0430\" \/>\n<script type=\"application\/ld+json\" class=\"yoast-schema-graph\">{\"@context\":\"https:\/\/schema.org\",\"@graph\":[{\"@type\":\"WebPage\",\"@id\":\"https:\/\/happyinaknit.com\/produktas\/lang-yarns-yak\/\",\"url\":\"https:\/\/happyinaknit.com\/produktas\/lang-yarns-yak\/\",\"name\":\"Lang Yarns Yak - Happyinaknit.com\",\"isPartOf\":{\"@id\":\"https:\/\/happyinaknit.com\/lt\/#website\"},\"primaryImageOfPage\":{\"@id\":\"https:\/\/happyinaknit.com\/produktas\/lang-yarns-yak\/#primaryimage\"},\"image\":{\"@id\":\"https:\/\/happyinaknit.com\/produktas\/lang-yarns-yak\/#primaryimage\"},\"thumbnailUrl\":\"https:\/\/happyinaknit.com\/wp-content\/uploads\/2025\/10\/IMG_8495.jpg\",\"datePublished\":\"2025-10-06T07:59:02+00:00\",\"dateModified\":\"2026-03-23T14:00:47+00:00\",\"breadcrumb\":{\"@id\":\"https:\/\/happyinaknit.com\/produktas\/lang-yarns-yak\/#breadcrumb\"},\"inLanguage\":\"ru-RU\",\"potentialAction\":[{\"@type\":\"ReadAction\",\"target\":[\"https:\/\/happyinaknit.com\/produktas\/lang-yarns-yak\/\"]}]},{\"@type\":\"ImageObject\",\"inLanguage\":\"ru-RU\",\"@id\":\"https:\/\/happyinaknit.com\/produktas\/lang-yarns-yak\/#primaryimage\",\"url\":\"https:\/\/happyinaknit.com\/wp-content\/uploads\/2025\/10\/IMG_8495.jpg\",\"contentUrl\":\"https:\/\/happyinaknit.com\/wp-content\/uploads\/2025\/10\/IMG_8495.jpg\",\"width\":1320,\"height\":1322},{\"@type\":\"BreadcrumbList\",\"@id\":\"https:\/\/happyinaknit.com\/produktas\/lang-yarns-yak\/#breadcrumb\",\"itemListElement\":[{\"@type\":\"ListItem\",\"position\":1,\"name\":\"Home\",\"item\":\"https:\/\/happyinaknit.com\/lt\/\"},{\"@type\":\"ListItem\",\"position\":2,\"name\":\"Parduotuv\u0117\",\"item\":\"https:\/\/happyinaknit.com\/lt\/parduotuve\/\"},{\"@type\":\"ListItem\",\"position\":3,\"name\":\"Lang Yarns Yak\"}]},{\"@type\":\"WebSite\",\"@id\":\"https:\/\/happyinaknit.com\/lt\/#website\",\"url\":\"https:\/\/happyinaknit.com\/lt\/\",\"name\":\"Happyinaknit.com\",\"description\":\"\",\"potentialAction\":[{\"@type\":\"SearchAction\",\"target\":{\"@type\":\"EntryPoint\",\"urlTemplate\":\"https:\/\/happyinaknit.com\/lt\/?s={search_term_string}\"},\"query-input\":{\"@type\":\"PropertyValueSpecification\",\"valueRequired\":true,\"valueName\":\"search_term_string\"}}],\"inLanguage\":\"ru-RU\"}]}<\/script>\n<!-- \/ Yoast SEO plugin. -->","yoast_head_json":{"title":"Lang Yarns Yak - Happyinaknit.com","robots":{"index":"index","follow":"follow","max-snippet":"max-snippet:-1","max-image-preview":"max-image-preview:large","max-video-preview":"max-video-preview:-1"},"canonical":"https:\/\/happyinaknit.com\/ru\/product\/lang-yarns-yak\/","og_locale":"ru_RU","og_type":"article","og_title":"Lang Yarns Yak - Happyinaknit.com","og_description":"Klasikiniai nat\u016bral\u016bs si\u016blai, kuriuose dera ypa\u010d plona merino vilna (be mulesingo) ir prabangi yako vilna. \u0160is derinys suteikia mezginiams ypatingo \u0161velnumo, \u0161ilumos ir prabangaus jaukumo. Yako pluo\u0161tas gars\u0117ja \u0161ilumos i\u0161laikymu bei elastingumu, tod\u0117l gaminiai i\u0161 \u0161i\u0173 si\u016bl\u0173 yra itin malon\u016bs odai ir puikiai tinka rudens\u2013\u017eiemos sezonui. Si\u016blai pasi\u017eymi nat\u016brali\u0173 \u017eem\u0117s atspalvi\u0173 palete ir subtilia prabanga. [&hellip;]","og_url":"https:\/\/happyinaknit.com\/ru\/product\/lang-yarns-yak\/","og_site_name":"Happyinaknit.com","article_modified_time":"2026-03-23T14:00:47+00:00","og_image":[{"width":1320,"height":1322,"url":"https:\/\/happyinaknit.com\/wp-content\/uploads\/2025\/10\/IMG_8495.jpg","type":"image\/jpeg"}],"twitter_card":"summary_large_image","twitter_misc":{"\u041f\u0440\u0438\u043c\u0435\u0440\u043d\u043e\u0435 \u0432\u0440\u0435\u043c\u044f \u0434\u043b\u044f \u0447\u0442\u0435\u043d\u0438\u044f":"1 \u043c\u0438\u043d\u0443\u0442\u0430"},"schema":{"@context":"https:\/\/schema.org","@graph":[{"@type":"WebPage","@id":"https:\/\/happyinaknit.com\/produktas\/lang-yarns-yak\/","url":"https:\/\/happyinaknit.com\/produktas\/lang-yarns-yak\/","name":"Lang Yarns Yak - Happyinaknit.com","isPartOf":{"@id":"https:\/\/happyinaknit.com\/lt\/#website"},"primaryImageOfPage":{"@id":"https:\/\/happyinaknit.com\/produktas\/lang-yarns-yak\/#primaryimage"},"image":{"@id":"https:\/\/happyinaknit.com\/produktas\/lang-yarns-yak\/#primaryimage"},"thumbnailUrl":"https:\/\/happyinaknit.com\/wp-content\/uploads\/2025\/10\/IMG_8495.jpg","datePublished":"2025-10-06T07:59:02+00:00","dateModified":"2026-03-23T14:00:47+00:00","breadcrumb":{"@id":"https:\/\/happyinaknit.com\/produktas\/lang-yarns-yak\/#breadcrumb"},"inLanguage":"ru-RU","potentialAction":[{"@type":"ReadAction","target":["https:\/\/happyinaknit.com\/produktas\/lang-yarns-yak\/"]}]},{"@type":"ImageObject","inLanguage":"ru-RU","@id":"https:\/\/happyinaknit.com\/produktas\/lang-yarns-yak\/#primaryimage","url":"https:\/\/happyinaknit.com\/wp-content\/uploads\/2025\/10\/IMG_8495.jpg","contentUrl":"https:\/\/happyinaknit.com\/wp-content\/uploads\/2025\/10\/IMG_8495.jpg","width":1320,"height":1322},{"@type":"BreadcrumbList","@id":"https:\/\/happyinaknit.com\/produktas\/lang-yarns-yak\/#breadcrumb","itemListElement":[{"@type":"ListItem","position":1,"name":"Home","item":"https:\/\/happyinaknit.com\/lt\/"},{"@type":"ListItem","position":2,"name":"Parduotuv\u0117","item":"https:\/\/happyinaknit.com\/lt\/parduotuve\/"},{"@type":"ListItem","position":3,"name":"Lang Yarns Yak"}]},{"@type":"WebSite","@id":"https:\/\/happyinaknit.com\/lt\/#website","url":"https:\/\/happyinaknit.com\/lt\/","name":"Happyinaknit.com","description":"","potentialAction":[{"@type":"SearchAction","target":{"@type":"EntryPoint","urlTemplate":"https:\/\/happyinaknit.com\/lt\/?s={search_term_string}"},"query-input":{"@type":"PropertyValueSpecification","valueRequired":true,"valueName":"search_term_string"}}],"inLanguage":"ru-RU"}]}},"_links":{"self":[{"href":"https:\/\/happyinaknit.com\/ru\/wp-json\/wp\/v2\/product\/2749","targetHints":{"allow":["GET"]}}],"collection":[{"href":"https:\/\/happyinaknit.com\/ru\/wp-json\/wp\/v2\/product"}],"about":[{"href":"https:\/\/happyinaknit.com\/ru\/wp-json\/wp\/v2\/types\/product"}],"replies":[{"embeddable":true,"href":"https:\/\/happyinaknit.com\/ru\/wp-json\/wp\/v2\/comments?post=2749"}],"wp:featuredmedia":[{"embeddable":true,"href":"https:\/\/happyinaknit.com\/ru\/wp-json\/wp\/v2\/media\/2771"}],"wp:attachment":[{"href":"https:\/\/happyinaknit.com\/ru\/wp-json\/wp\/v2\/media?parent=2749"}],"wp:term":[{"taxonomy":"product_brand","embeddable":true,"href":"https:\/\/happyinaknit.com\/ru\/wp-json\/wp\/v2\/product_brand?post=2749"},{"taxonomy":"product_cat","embeddable":true,"href":"https:\/\/happyinaknit.com\/ru\/wp-json\/wp\/v2\/product_cat?post=2749"},{"taxonomy":"product_tag","embeddable":true,"href":"https:\/\/happyinaknit.com\/ru\/wp-json\/wp\/v2\/product_tag?post=2749"},{"taxonomy":"pro-kategorijos","embeddable":true,"href":"https:\/\/happyinaknit.com\/ru\/wp-json\/wp\/v2\/pro-kategorijos?post=2749"}],"curies":[{"name":"wp","href":"https:\/\/api.w.org\/{rel}","templated":true}]}}