{"id":2699,"date":"2025-10-05T22:30:46","date_gmt":"2025-10-05T22:30:46","guid":{"rendered":"https:\/\/happyinaknit.com\/?post_type=product&#038;p=2699"},"modified":"2025-11-13T20:59:09","modified_gmt":"2025-11-13T20:59:09","slug":"lang-yarns-karma","status":"publish","type":"product","link":"https:\/\/happyinaknit.com\/ru\/product\/lang-yarns-karma\/","title":{"rendered":"Lang Yarns Karma"},"content":{"rendered":"<p data-start=\"52\" data-end=\"408\">\u041b\u0451\u0433\u043a\u0430\u044f, \u043f\u0440\u0438\u044f\u0442\u043d\u0430\u044f \u043d\u0430 \u043e\u0449\u0443\u043f\u044c \u043f\u0440\u044f\u0436\u0430, \u0432 \u0441\u043e\u0441\u0442\u0430\u0432 \u043a\u043e\u0442\u043e\u0440\u043e\u0439 \u0432\u0445\u043e\u0434\u0438\u0442 \u0445\u043b\u043e\u043f\u043e\u043a, \u0432\u0438\u0441\u043a\u043e\u0437\u0430, \u0430\u043a\u0440\u0438\u043b \u0438 \u043d\u0435\u043c\u043d\u043e\u0433\u043e \u043b\u044c\u043d\u0430. \u0422\u0430\u043a\u043e\u0435 \u0441\u043e\u0447\u0435\u0442\u0430\u043d\u0438\u0435 \u0432\u043e\u043b\u043e\u043a\u043e\u043d \u043f\u0440\u0438\u0434\u0430\u0451\u0442 \u0442\u0440\u0438\u043a\u043e\u0442\u0430\u0436\u043d\u044b\u043c \u0438\u0437\u0434\u0435\u043b\u0438\u044f\u043c \u0441\u0432\u0435\u0436\u0435\u0441\u0442\u044c, \u043c\u044f\u0433\u043a\u043e\u0441\u0442\u044c \u0438 \u043b\u0451\u0433\u043a\u0443\u044e \u0435\u0441\u0442\u0435\u0441\u0442\u0432\u0435\u043d\u043d\u043e\u0441\u0442\u044c. \u041f\u0440\u044f\u0436\u0430 \u0438\u0434\u0435\u0430\u043b\u044c\u043d\u043e \u043f\u043e\u0434\u0445\u043e\u0434\u0438\u0442 \u0434\u043b\u044f \u043b\u0435\u0442\u043d\u0438\u0445 \u0441\u0432\u0438\u0442\u0435\u0440\u043e\u0432, \u043a\u0430\u0440\u0434\u0438\u0433\u0430\u043d\u043e\u0432 \u0438\u043b\u0438 \u0431\u043b\u0443\u0437\u043e\u043a \u2014 \u0438\u0437\u0434\u0435\u043b\u0438\u044f \u043f\u043e\u043b\u0443\u0447\u0430\u044e\u0442\u0441\u044f \u0432\u043e\u0437\u0434\u0443\u0448\u043d\u044b\u043c\u0438, \u044d\u043b\u0430\u0441\u0442\u0438\u0447\u043d\u044b\u043c\u0438 \u0438 \u043f\u0440\u0438\u044f\u0442\u043d\u044b\u043c\u0438 \u0434\u043b\u044f \u043d\u043e\u0448\u0435\u043d\u0438\u044f \u0434\u0430\u0436\u0435 \u0432 \u0442\u0451\u043f\u043b\u044b\u0435 \u0434\u043d\u0438.<\/p>\n<ul data-start=\"410\" data-end=\"823\">\n<li data-start=\"410\" data-end=\"479\">\n<p data-start=\"412\" data-end=\"479\"><strong data-start=\"412\" data-end=\"424\">\u0421\u043e\u0441\u0442\u0430\u0432:<\/strong> 42 % \u0445\u043b\u043e\u043f\u043e\u043a, 25 % \u0432\u0438\u0441\u043a\u043e\u0437\u0430, 25 % \u0430\u043a\u0440\u0438\u043b, 8 % \u043b\u0435\u043d<\/p>\n<\/li>\n<li data-start=\"512\" data-end=\"552\">\n<p data-start=\"514\" data-end=\"552\"><strong data-start=\"514\" data-end=\"536\">\u0412\u0435\u0441\/\u0434\u043b\u0438\u043d\u0430:<\/strong> 100 \u0433 - 285 \u043c<\/p>\n<\/li>\n<li data-start=\"553\" data-end=\"596\">\n<p data-start=\"555\" data-end=\"596\"><strong data-start=\"555\" data-end=\"583\">\u0420\u0435\u043a\u043e\u043c\u0435\u043d\u0434\u0443\u0435\u043c\u044b\u0435 \u0441\u043f\u0438\u0446\u044b:<\/strong> 4,0-4,5 \u043c\u043c<\/p>\n<\/li>\n<li data-start=\"597\" data-end=\"647\">\n<p data-start=\"599\" data-end=\"647\"><strong data-start=\"599\" data-end=\"625\">\u041f\u043b\u043e\u0442\u043d\u043e\u0441\u0442\u044c (10 \u00d7 10 \u0441\u043c):<\/strong> ~22 \u043f\u0435\u0442\u043b\u0438 \u00d7 29 \u0440\u044f\u0434\u043e\u0432<\/p>\n<\/li>\n<li data-start=\"648\" data-end=\"732\">\n<p data-start=\"650\" data-end=\"732\"><strong data-start=\"650\" data-end=\"678\">\u041f\u0440\u0438\u043c\u0435\u0440\u043d\u044b\u0439 \u0440\u0430\u0441\u0445\u043e\u0434:<\/strong> \u043d\u0430  \u0436\u0435\u043d\u0441\u043a\u043e\u0435 \u0438\u0437\u0434\u0435\u043b\u0438\u0435 \u0441\u0440\u0435\u0434\u043d\u0435\u0433\u043e \u0440\u0430\u0437\u043c\u0435\u0440\u0430 (44\u201346) ~500 \u0433<\/p>\n<\/li>\n<li data-start=\"733\" data-end=\"823\">\n<p data-start=\"735\" data-end=\"751\"><strong data-start=\"735\" data-end=\"749\">\u0421\u043e\u0432\u0435\u0442\u044b \u043f\u043e \u0443\u0445\u043e\u0434\u0443:<\/strong><\/p>\n<ul data-start=\"754\" data-end=\"823\">\n<li data-start=\"754\" data-end=\"784\">\n<p data-start=\"756\" data-end=\"784\">\u0420\u0443\u0447\u043d\u0430\u044f \u0441\u0442\u0438\u0440\u043a\u0430 \u043f\u0440\u0438 \u0442\u0435\u043c\u043f\u0435\u0440\u0430\u0442\u0443\u0440\u0435 \u0434\u043e 30\u00b0C<\/p>\n<\/li>\n<li data-start=\"787\" data-end=\"823\">\n<p data-start=\"789\" data-end=\"823\">\u0421\u0443\u0448\u0438\u0442\u044c \u0432 \u0440\u0430\u0441\u043f\u0440\u0430\u0432\u043b\u0435\u043d\u043d\u043e\u043c \u0432\u0438\u0434\u0435 \u0432 \u0433\u043e\u0440\u0438\u0437\u043e\u043d\u0442\u0430\u043b\u044c\u043d\u043e\u043c \u043f\u043e\u043b\u043e\u0436\u0435\u043d\u0438\u0438<\/p>\n<\/li>\n<\/ul>\n<\/li>\n<\/ul>","protected":false},"excerpt":{"rendered":"<p>Lengvi, malon\u016bs prisilietimui si\u016blai, kuriuose dera medviln\u0117, viskoz\u0117, akrilas ir \u0161iek tiek lino. Tokia pluo\u0161t\u0173 kombinacija suteikia mezginiams gaivos, \u0161velnumo ir lengvo nat\u016bralumo. Si\u016blai puikiai tinka vasariniams megztiniams, kardiganams ar palaidin\u0117ms \u2013 gaminiai tampa oringi, elastingi ir malon\u016bs d\u0117v\u0117ti net \u0161iltomis dienomis. Sud\u0117tis: 42 % medviln\u0117, 25 % viskoz\u0117, 25 % akrilas, 8 % linas [&hellip;]<\/p>\n","protected":false},"featured_media":2710,"comment_status":"open","ping_status":"closed","template":"","meta":{"_acf_changed":false},"product_brand":[70],"product_cat":[15,182,18],"product_tag":[33],"pro-kategorijos":[80,55,78],"class_list":{"0":"post-2699","1":"product","2":"type-product","3":"status-publish","4":"has-post-thumbnail","6":"product_brand-lang-yarns","7":"product_cat-visi-produktai","8":"product_cat-ispardavimas","9":"product_cat-siulai","10":"product_tag-ispardavimas","11":"pro-kategorijos-linas","12":"pro-kategorijos-medvilne","13":"pro-kategorijos-viskoze","15":"first","16":"instock","17":"sale","18":"shipping-taxable","19":"purchasable","20":"product-type-variable"},"acf":[],"yoast_head":"<!-- This site is optimized with the Yoast SEO plugin v26.8 - https:\/\/yoast.com\/product\/yoast-seo-wordpress\/ -->\n<title>Lang Yarns Karma - Happyinaknit.com<\/title>\n<meta name=\"robots\" content=\"index, follow, max-snippet:-1, max-image-preview:large, max-video-preview:-1\" \/>\n<link rel=\"canonical\" href=\"https:\/\/happyinaknit.com\/ru\/product\/lang-yarns-karma\/\" \/>\n<meta property=\"og:locale\" content=\"ru_RU\" \/>\n<meta property=\"og:type\" content=\"article\" \/>\n<meta property=\"og:title\" content=\"Lang Yarns Karma - Happyinaknit.com\" \/>\n<meta property=\"og:description\" content=\"Lengvi, malon\u016bs prisilietimui si\u016blai, kuriuose dera medviln\u0117, viskoz\u0117, akrilas ir \u0161iek tiek lino. Tokia pluo\u0161t\u0173 kombinacija suteikia mezginiams gaivos, \u0161velnumo ir lengvo nat\u016bralumo. Si\u016blai puikiai tinka vasariniams megztiniams, kardiganams ar palaidin\u0117ms \u2013 gaminiai tampa oringi, elastingi ir malon\u016bs d\u0117v\u0117ti net \u0161iltomis dienomis. Sud\u0117tis: 42 % medviln\u0117, 25 % viskoz\u0117, 25 % akrilas, 8 % linas [&hellip;]\" \/>\n<meta property=\"og:url\" content=\"https:\/\/happyinaknit.com\/ru\/product\/lang-yarns-karma\/\" \/>\n<meta property=\"og:site_name\" content=\"Happyinaknit.com\" \/>\n<meta property=\"article:modified_time\" content=\"2025-11-13T20:59:09+00:00\" \/>\n<meta property=\"og:image\" content=\"https:\/\/happyinaknit.com\/wp-content\/uploads\/2025\/10\/IMG_8487.jpg\" \/>\n\t<meta property=\"og:image:width\" content=\"1320\" \/>\n\t<meta property=\"og:image:height\" content=\"1409\" \/>\n\t<meta property=\"og:image:type\" content=\"image\/jpeg\" \/>\n<meta name=\"twitter:card\" content=\"summary_large_image\" \/>\n<script type=\"application\/ld+json\" class=\"yoast-schema-graph\">{\"@context\":\"https:\/\/schema.org\",\"@graph\":[{\"@type\":\"WebPage\",\"@id\":\"https:\/\/happyinaknit.com\/produktas\/lang-yarns-karma\/\",\"url\":\"https:\/\/happyinaknit.com\/produktas\/lang-yarns-karma\/\",\"name\":\"Lang Yarns Karma - Happyinaknit.com\",\"isPartOf\":{\"@id\":\"https:\/\/happyinaknit.com\/lt\/#website\"},\"primaryImageOfPage\":{\"@id\":\"https:\/\/happyinaknit.com\/produktas\/lang-yarns-karma\/#primaryimage\"},\"image\":{\"@id\":\"https:\/\/happyinaknit.com\/produktas\/lang-yarns-karma\/#primaryimage\"},\"thumbnailUrl\":\"https:\/\/happyinaknit.com\/wp-content\/uploads\/2025\/10\/IMG_8487.jpg\",\"datePublished\":\"2025-10-05T22:30:46+00:00\",\"dateModified\":\"2025-11-13T20:59:09+00:00\",\"breadcrumb\":{\"@id\":\"https:\/\/happyinaknit.com\/produktas\/lang-yarns-karma\/#breadcrumb\"},\"inLanguage\":\"ru-RU\",\"potentialAction\":[{\"@type\":\"ReadAction\",\"target\":[\"https:\/\/happyinaknit.com\/produktas\/lang-yarns-karma\/\"]}]},{\"@type\":\"ImageObject\",\"inLanguage\":\"ru-RU\",\"@id\":\"https:\/\/happyinaknit.com\/produktas\/lang-yarns-karma\/#primaryimage\",\"url\":\"https:\/\/happyinaknit.com\/wp-content\/uploads\/2025\/10\/IMG_8487.jpg\",\"contentUrl\":\"https:\/\/happyinaknit.com\/wp-content\/uploads\/2025\/10\/IMG_8487.jpg\",\"width\":1320,\"height\":1409},{\"@type\":\"BreadcrumbList\",\"@id\":\"https:\/\/happyinaknit.com\/produktas\/lang-yarns-karma\/#breadcrumb\",\"itemListElement\":[{\"@type\":\"ListItem\",\"position\":1,\"name\":\"Home\",\"item\":\"https:\/\/happyinaknit.com\/lt\/\"},{\"@type\":\"ListItem\",\"position\":2,\"name\":\"Parduotuv\u0117\",\"item\":\"https:\/\/happyinaknit.com\/lt\/parduotuve\/\"},{\"@type\":\"ListItem\",\"position\":3,\"name\":\"Lang Yarns Karma\"}]},{\"@type\":\"WebSite\",\"@id\":\"https:\/\/happyinaknit.com\/lt\/#website\",\"url\":\"https:\/\/happyinaknit.com\/lt\/\",\"name\":\"Happyinaknit.com\",\"description\":\"\",\"potentialAction\":[{\"@type\":\"SearchAction\",\"target\":{\"@type\":\"EntryPoint\",\"urlTemplate\":\"https:\/\/happyinaknit.com\/lt\/?s={search_term_string}\"},\"query-input\":{\"@type\":\"PropertyValueSpecification\",\"valueRequired\":true,\"valueName\":\"search_term_string\"}}],\"inLanguage\":\"ru-RU\"}]}<\/script>\n<!-- \/ Yoast SEO plugin. -->","yoast_head_json":{"title":"Lang Yarns Karma - Happyinaknit.com","robots":{"index":"index","follow":"follow","max-snippet":"max-snippet:-1","max-image-preview":"max-image-preview:large","max-video-preview":"max-video-preview:-1"},"canonical":"https:\/\/happyinaknit.com\/ru\/product\/lang-yarns-karma\/","og_locale":"ru_RU","og_type":"article","og_title":"Lang Yarns Karma - Happyinaknit.com","og_description":"Lengvi, malon\u016bs prisilietimui si\u016blai, kuriuose dera medviln\u0117, viskoz\u0117, akrilas ir \u0161iek tiek lino. Tokia pluo\u0161t\u0173 kombinacija suteikia mezginiams gaivos, \u0161velnumo ir lengvo nat\u016bralumo. Si\u016blai puikiai tinka vasariniams megztiniams, kardiganams ar palaidin\u0117ms \u2013 gaminiai tampa oringi, elastingi ir malon\u016bs d\u0117v\u0117ti net \u0161iltomis dienomis. Sud\u0117tis: 42 % medviln\u0117, 25 % viskoz\u0117, 25 % akrilas, 8 % linas [&hellip;]","og_url":"https:\/\/happyinaknit.com\/ru\/product\/lang-yarns-karma\/","og_site_name":"Happyinaknit.com","article_modified_time":"2025-11-13T20:59:09+00:00","og_image":[{"width":1320,"height":1409,"url":"https:\/\/happyinaknit.com\/wp-content\/uploads\/2025\/10\/IMG_8487.jpg","type":"image\/jpeg"}],"twitter_card":"summary_large_image","schema":{"@context":"https:\/\/schema.org","@graph":[{"@type":"WebPage","@id":"https:\/\/happyinaknit.com\/produktas\/lang-yarns-karma\/","url":"https:\/\/happyinaknit.com\/produktas\/lang-yarns-karma\/","name":"Lang Yarns Karma - Happyinaknit.com","isPartOf":{"@id":"https:\/\/happyinaknit.com\/lt\/#website"},"primaryImageOfPage":{"@id":"https:\/\/happyinaknit.com\/produktas\/lang-yarns-karma\/#primaryimage"},"image":{"@id":"https:\/\/happyinaknit.com\/produktas\/lang-yarns-karma\/#primaryimage"},"thumbnailUrl":"https:\/\/happyinaknit.com\/wp-content\/uploads\/2025\/10\/IMG_8487.jpg","datePublished":"2025-10-05T22:30:46+00:00","dateModified":"2025-11-13T20:59:09+00:00","breadcrumb":{"@id":"https:\/\/happyinaknit.com\/produktas\/lang-yarns-karma\/#breadcrumb"},"inLanguage":"ru-RU","potentialAction":[{"@type":"ReadAction","target":["https:\/\/happyinaknit.com\/produktas\/lang-yarns-karma\/"]}]},{"@type":"ImageObject","inLanguage":"ru-RU","@id":"https:\/\/happyinaknit.com\/produktas\/lang-yarns-karma\/#primaryimage","url":"https:\/\/happyinaknit.com\/wp-content\/uploads\/2025\/10\/IMG_8487.jpg","contentUrl":"https:\/\/happyinaknit.com\/wp-content\/uploads\/2025\/10\/IMG_8487.jpg","width":1320,"height":1409},{"@type":"BreadcrumbList","@id":"https:\/\/happyinaknit.com\/produktas\/lang-yarns-karma\/#breadcrumb","itemListElement":[{"@type":"ListItem","position":1,"name":"Home","item":"https:\/\/happyinaknit.com\/lt\/"},{"@type":"ListItem","position":2,"name":"Parduotuv\u0117","item":"https:\/\/happyinaknit.com\/lt\/parduotuve\/"},{"@type":"ListItem","position":3,"name":"Lang Yarns Karma"}]},{"@type":"WebSite","@id":"https:\/\/happyinaknit.com\/lt\/#website","url":"https:\/\/happyinaknit.com\/lt\/","name":"Happyinaknit.com","description":"","potentialAction":[{"@type":"SearchAction","target":{"@type":"EntryPoint","urlTemplate":"https:\/\/happyinaknit.com\/lt\/?s={search_term_string}"},"query-input":{"@type":"PropertyValueSpecification","valueRequired":true,"valueName":"search_term_string"}}],"inLanguage":"ru-RU"}]}},"_links":{"self":[{"href":"https:\/\/happyinaknit.com\/ru\/wp-json\/wp\/v2\/product\/2699","targetHints":{"allow":["GET"]}}],"collection":[{"href":"https:\/\/happyinaknit.com\/ru\/wp-json\/wp\/v2\/product"}],"about":[{"href":"https:\/\/happyinaknit.com\/ru\/wp-json\/wp\/v2\/types\/product"}],"replies":[{"embeddable":true,"href":"https:\/\/happyinaknit.com\/ru\/wp-json\/wp\/v2\/comments?post=2699"}],"wp:featuredmedia":[{"embeddable":true,"href":"https:\/\/happyinaknit.com\/ru\/wp-json\/wp\/v2\/media\/2710"}],"wp:attachment":[{"href":"https:\/\/happyinaknit.com\/ru\/wp-json\/wp\/v2\/media?parent=2699"}],"wp:term":[{"taxonomy":"product_brand","embeddable":true,"href":"https:\/\/happyinaknit.com\/ru\/wp-json\/wp\/v2\/product_brand?post=2699"},{"taxonomy":"product_cat","embeddable":true,"href":"https:\/\/happyinaknit.com\/ru\/wp-json\/wp\/v2\/product_cat?post=2699"},{"taxonomy":"product_tag","embeddable":true,"href":"https:\/\/happyinaknit.com\/ru\/wp-json\/wp\/v2\/product_tag?post=2699"},{"taxonomy":"pro-kategorijos","embeddable":true,"href":"https:\/\/happyinaknit.com\/ru\/wp-json\/wp\/v2\/pro-kategorijos?post=2699"}],"curies":[{"name":"wp","href":"https:\/\/api.w.org\/{rel}","templated":true}]}}