{"id":2665,"date":"2025-10-05T22:04:35","date_gmt":"2025-10-05T22:04:35","guid":{"rendered":"https:\/\/happyinaknit.com\/?post_type=product&#038;p=2665"},"modified":"2025-12-23T12:54:47","modified_gmt":"2025-12-23T12:54:47","slug":"lang-yarns-honor","status":"publish","type":"product","link":"https:\/\/happyinaknit.com\/ru\/product\/lang-yarns-honor\/","title":{"rendered":"Lang Yarns Honor"},"content":{"rendered":"<p data-start=\"106\" data-end=\"448\">\u0423\u0434\u0438\u0432\u0438\u0442\u0435\u043b\u044c\u043d\u043e\u0435 \u0441\u043e\u0447\u0435\u0442\u0430\u043d\u0438\u0435 50 % \u0421\u0443\u0440\u0438 \u0430\u043b\u044c\u043f\u0430\u043a\u0438 \u0438 50 % \u0443\u043b\u044c\u0442\u0440\u0430\u0442\u043e\u043d\u043a\u043e\u0439 \u043c\u0435\u0440\u0438\u043d\u043e\u0441\u043e\u0432\u043e\u0439 \u0448\u0435\u0440\u0441\u0442\u0438 \u043f\u0440\u0438\u0434\u0430\u0451\u0442 \u0432\u044f\u0437\u0430\u043d\u044b\u043c \u0438\u0437\u0434\u0435\u043b\u0438\u044f\u043c \u043d\u0435\u0441\u0440\u0430\u0432\u043d\u0435\u043d\u043d\u0443\u044e \u043c\u044f\u0433\u043a\u043e\u0441\u0442\u044c, \u043f\u0443\u0448\u0438\u0441\u0442\u043e\u0441\u0442\u044c \u0438 \u0442\u0435\u043f\u043b\u043e \u2014 \u0441\u043b\u043e\u0432\u043d\u043e \u0432\u044b \u0448\u0430\u0433\u0430\u0435\u0442\u0435 \u043f\u043e \u043e\u0431\u043b\u0430\u043a\u0430\u043c. \u042d\u0442\u0430 \u043f\u0440\u044f\u0436\u0430 \u0438\u0434\u0435\u0430\u043b\u044c\u043d\u043e \u043f\u043e\u0434\u0445\u043e\u0434\u0438\u0442 \u0434\u043b\u044f \u0437\u0438\u043c\u043d\u0435\u0433\u043e \u0433\u0430\u0440\u0434\u0435\u0440\u043e\u0431\u0430: \u0441\u0432\u0438\u0442\u0435\u0440\u043e\u0432, \u043a\u0430\u0440\u0434\u0438\u0433\u0430\u043d\u043e\u0432, \u0448\u0430\u0440\u0444\u043e\u0432 \u0438 \u0448\u0430\u043f\u043e\u043a. \u0418\u0437\u0434\u0435\u043b\u0438\u044f  \u043e\u0441\u0442\u0430\u044e\u0442\u0441\u044f \u043b\u0451\u0433\u043a\u0438\u043c\u0438, \u043c\u044f\u0433\u043a\u0438\u043c\u0438 \u0438 \u043d\u0435\u0432\u0435\u0440\u043e\u044f\u0442\u043d\u043e \u0443\u044e\u0442\u043d\u044b\u043c\u0438.<\/p>\n<ul data-start=\"450\" data-end=\"830\">\n<li data-start=\"450\" data-end=\"502\">\n<p data-start=\"452\" data-end=\"502\"><strong data-start=\"452\" data-end=\"464\">\u0421\u043e\u0441\u0442\u0430\u0432:<\/strong> 50 % \u0430\u043b\u044c\u043f\u0430\u043a\u0430 \u0421\u0443\u0440\u0438, 50 % \u0448\u0435\u0440\u0441\u0442\u044c \u043c\u0435\u0440\u0438\u043d\u043e\u0441\u0430<\/p>\n<\/li>\n<li data-start=\"530\" data-end=\"569\">\n<p data-start=\"532\" data-end=\"569\"><strong data-start=\"532\" data-end=\"554\">\u0412\u0435\u0441\/\u0434\u043b\u0438\u043d\u0430:<\/strong> 50 \u0433 - 100 \u043c<\/p>\n<\/li>\n<li data-start=\"570\" data-end=\"613\">\n<p data-start=\"572\" data-end=\"613\"><strong data-start=\"572\" data-end=\"600\">\u0420\u0435\u043a\u043e\u043c\u0435\u043d\u0434\u0443\u0435\u043c\u044b\u0435 \u0441\u043f\u0438\u0446\u044b:<\/strong> 5,5-6,0 \u043c\u043c<\/p>\n<\/li>\n<li data-start=\"614\" data-end=\"664\">\n<p data-start=\"616\" data-end=\"664\"><strong data-start=\"616\" data-end=\"642\">\u041f\u043b\u043e\u0442\u043d\u043e\u0441\u0442\u044c (10 \u00d7 10 \u0441\u043c):<\/strong> ~17 \u043f\u0435\u0442\u0435\u043b\u044c \u00d7 22 \u0440\u044f\u0434\u0430<\/p>\n<\/li>\n<li data-start=\"665\" data-end=\"739\">\n<p data-start=\"667\" data-end=\"739\"><strong data-start=\"667\" data-end=\"695\">\u041f\u0440\u0438\u043c\u0435\u0440\u043d\u044b\u0439 \u0440\u0430\u0441\u0445\u043e\u0434:<\/strong> \u043d\u0430  \u0436\u0435\u043d\u0441\u043a\u043e\u0435 \u0438\u0437\u0434\u0435\u043b\u0438\u0435 (\u0440\u0430\u0437\u043c\u0435\u0440 44\u201346) ~400 \u0433<\/p>\n<\/li>\n<li data-start=\"740\" data-end=\"830\">\n<p data-start=\"742\" data-end=\"758\"><strong data-start=\"742\" data-end=\"756\">\u0421\u043e\u0432\u0435\u0442\u044b \u043f\u043e \u0443\u0445\u043e\u0434\u0443:<\/strong><\/p>\n<ul data-start=\"761\" data-end=\"830\">\n<li data-start=\"761\" data-end=\"791\">\n<p data-start=\"763\" data-end=\"791\">\u0420\u0443\u0447\u043d\u0430\u044f \u0441\u0442\u0438\u0440\u043a\u0430 \u043f\u0440\u0438 \u0442\u0435\u043c\u043f\u0435\u0440\u0430\u0442\u0443\u0440\u0435 \u0434\u043e 30\u00b0C<\/p>\n<\/li>\n<li data-start=\"794\" data-end=\"830\">\n<p data-start=\"796\" data-end=\"830\">\u0421\u0443\u0448\u0438\u0442\u044c \u0432 \u0440\u0430\u0441\u043f\u0440\u0430\u0432\u043b\u0435\u043d\u043d\u043e\u043c \u0432\u0438\u0434\u0435 \u0432 \u0433\u043e\u0440\u0438\u0437\u043e\u043d\u0442\u0430\u043b\u044c\u043d\u043e\u043c \u043f\u043e\u043b\u043e\u0436\u0435\u043d\u0438\u0438<\/p>\n<\/li>\n<\/ul>\n<\/li>\n<\/ul>","protected":false},"excerpt":{"rendered":"<p>Nuostabus derinys i\u0161 50 % Suri alpakos ir 50 % ypa\u010d plonos merino vilnos suteikia mezginiams nepakartojamo \u0161velnumo, purumo ir \u0161ilumos poj\u016bt\u012f \u2014 tarsi vaik\u0161\u010diotum\u0117te debesyse. \u0160ie si\u016blai idealiai tinka \u017eiemos garderobui: megztiniams, kardiganams, \u0161alikams ar kepur\u0117ms. Mezginiai i\u0161lieka lengvi, mink\u0161ti ir itin jauk\u016bs. Sud\u0117tis: 50 % Suri alpaka, 50 % merino vilna Svoris \/ [&hellip;]<\/p>\n","protected":false},"featured_media":2675,"comment_status":"open","ping_status":"closed","template":"","meta":{"_acf_changed":false},"product_brand":[70],"product_cat":[15,18],"product_tag":[],"pro-kategorijos":[54,71],"class_list":{"0":"post-2665","1":"product","2":"type-product","3":"status-publish","4":"has-post-thumbnail","6":"product_brand-lang-yarns","7":"product_cat-visi-produktai","8":"product_cat-siulai","9":"pro-kategorijos-alpaka","10":"pro-kategorijos-merino-vilna","12":"first","13":"instock","14":"shipping-taxable","15":"purchasable","16":"product-type-variable"},"acf":[],"yoast_head":"<!-- This site is optimized with the Yoast SEO plugin v26.8 - https:\/\/yoast.com\/product\/yoast-seo-wordpress\/ -->\n<title>Lang Yarns Honor - Happyinaknit.com<\/title>\n<meta name=\"robots\" content=\"index, follow, max-snippet:-1, max-image-preview:large, max-video-preview:-1\" \/>\n<link rel=\"canonical\" href=\"https:\/\/happyinaknit.com\/ru\/product\/lang-yarns-honor\/\" \/>\n<meta property=\"og:locale\" content=\"ru_RU\" \/>\n<meta property=\"og:type\" content=\"article\" \/>\n<meta property=\"og:title\" content=\"Lang Yarns Honor - Happyinaknit.com\" \/>\n<meta property=\"og:description\" content=\"Nuostabus derinys i\u0161 50 % Suri alpakos ir 50 % ypa\u010d plonos merino vilnos suteikia mezginiams nepakartojamo \u0161velnumo, purumo ir \u0161ilumos poj\u016bt\u012f \u2014 tarsi vaik\u0161\u010diotum\u0117te debesyse. \u0160ie si\u016blai idealiai tinka \u017eiemos garderobui: megztiniams, kardiganams, \u0161alikams ar kepur\u0117ms. Mezginiai i\u0161lieka lengvi, mink\u0161ti ir itin jauk\u016bs. Sud\u0117tis: 50 % Suri alpaka, 50 % merino vilna Svoris \/ [&hellip;]\" \/>\n<meta property=\"og:url\" content=\"https:\/\/happyinaknit.com\/ru\/product\/lang-yarns-honor\/\" \/>\n<meta property=\"og:site_name\" content=\"Happyinaknit.com\" \/>\n<meta property=\"article:modified_time\" content=\"2025-12-23T12:54:47+00:00\" \/>\n<meta property=\"og:image\" content=\"https:\/\/happyinaknit.com\/wp-content\/uploads\/2025\/10\/1084_0020_LANGYARNS_Honor_800_B.jpg\" \/>\n\t<meta property=\"og:image:width\" content=\"800\" \/>\n\t<meta property=\"og:image:height\" content=\"800\" \/>\n\t<meta property=\"og:image:type\" content=\"image\/jpeg\" \/>\n<meta name=\"twitter:card\" content=\"summary_large_image\" \/>\n<script type=\"application\/ld+json\" class=\"yoast-schema-graph\">{\"@context\":\"https:\/\/schema.org\",\"@graph\":[{\"@type\":\"WebPage\",\"@id\":\"https:\/\/happyinaknit.com\/produktas\/lang-yarns-honor\/\",\"url\":\"https:\/\/happyinaknit.com\/produktas\/lang-yarns-honor\/\",\"name\":\"Lang Yarns Honor - Happyinaknit.com\",\"isPartOf\":{\"@id\":\"https:\/\/happyinaknit.com\/lt\/#website\"},\"primaryImageOfPage\":{\"@id\":\"https:\/\/happyinaknit.com\/produktas\/lang-yarns-honor\/#primaryimage\"},\"image\":{\"@id\":\"https:\/\/happyinaknit.com\/produktas\/lang-yarns-honor\/#primaryimage\"},\"thumbnailUrl\":\"https:\/\/happyinaknit.com\/wp-content\/uploads\/2025\/10\/1084_0020_LANGYARNS_Honor_800_B.jpg\",\"datePublished\":\"2025-10-05T22:04:35+00:00\",\"dateModified\":\"2025-12-23T12:54:47+00:00\",\"breadcrumb\":{\"@id\":\"https:\/\/happyinaknit.com\/produktas\/lang-yarns-honor\/#breadcrumb\"},\"inLanguage\":\"ru-RU\",\"potentialAction\":[{\"@type\":\"ReadAction\",\"target\":[\"https:\/\/happyinaknit.com\/produktas\/lang-yarns-honor\/\"]}]},{\"@type\":\"ImageObject\",\"inLanguage\":\"ru-RU\",\"@id\":\"https:\/\/happyinaknit.com\/produktas\/lang-yarns-honor\/#primaryimage\",\"url\":\"https:\/\/happyinaknit.com\/wp-content\/uploads\/2025\/10\/1084_0020_LANGYARNS_Honor_800_B.jpg\",\"contentUrl\":\"https:\/\/happyinaknit.com\/wp-content\/uploads\/2025\/10\/1084_0020_LANGYARNS_Honor_800_B.jpg\",\"width\":800,\"height\":800},{\"@type\":\"BreadcrumbList\",\"@id\":\"https:\/\/happyinaknit.com\/produktas\/lang-yarns-honor\/#breadcrumb\",\"itemListElement\":[{\"@type\":\"ListItem\",\"position\":1,\"name\":\"Home\",\"item\":\"https:\/\/happyinaknit.com\/lt\/\"},{\"@type\":\"ListItem\",\"position\":2,\"name\":\"Parduotuv\u0117\",\"item\":\"https:\/\/happyinaknit.com\/lt\/parduotuve\/\"},{\"@type\":\"ListItem\",\"position\":3,\"name\":\"Lang Yarns Honor\"}]},{\"@type\":\"WebSite\",\"@id\":\"https:\/\/happyinaknit.com\/lt\/#website\",\"url\":\"https:\/\/happyinaknit.com\/lt\/\",\"name\":\"Happyinaknit.com\",\"description\":\"\",\"potentialAction\":[{\"@type\":\"SearchAction\",\"target\":{\"@type\":\"EntryPoint\",\"urlTemplate\":\"https:\/\/happyinaknit.com\/lt\/?s={search_term_string}\"},\"query-input\":{\"@type\":\"PropertyValueSpecification\",\"valueRequired\":true,\"valueName\":\"search_term_string\"}}],\"inLanguage\":\"ru-RU\"}]}<\/script>\n<!-- \/ Yoast SEO plugin. -->","yoast_head_json":{"title":"Lang Yarns Honor - Happyinaknit.com","robots":{"index":"index","follow":"follow","max-snippet":"max-snippet:-1","max-image-preview":"max-image-preview:large","max-video-preview":"max-video-preview:-1"},"canonical":"https:\/\/happyinaknit.com\/ru\/product\/lang-yarns-honor\/","og_locale":"ru_RU","og_type":"article","og_title":"Lang Yarns Honor - Happyinaknit.com","og_description":"Nuostabus derinys i\u0161 50 % Suri alpakos ir 50 % ypa\u010d plonos merino vilnos suteikia mezginiams nepakartojamo \u0161velnumo, purumo ir \u0161ilumos poj\u016bt\u012f \u2014 tarsi vaik\u0161\u010diotum\u0117te debesyse. \u0160ie si\u016blai idealiai tinka \u017eiemos garderobui: megztiniams, kardiganams, \u0161alikams ar kepur\u0117ms. Mezginiai i\u0161lieka lengvi, mink\u0161ti ir itin jauk\u016bs. Sud\u0117tis: 50 % Suri alpaka, 50 % merino vilna Svoris \/ [&hellip;]","og_url":"https:\/\/happyinaknit.com\/ru\/product\/lang-yarns-honor\/","og_site_name":"Happyinaknit.com","article_modified_time":"2025-12-23T12:54:47+00:00","og_image":[{"width":800,"height":800,"url":"https:\/\/happyinaknit.com\/wp-content\/uploads\/2025\/10\/1084_0020_LANGYARNS_Honor_800_B.jpg","type":"image\/jpeg"}],"twitter_card":"summary_large_image","schema":{"@context":"https:\/\/schema.org","@graph":[{"@type":"WebPage","@id":"https:\/\/happyinaknit.com\/produktas\/lang-yarns-honor\/","url":"https:\/\/happyinaknit.com\/produktas\/lang-yarns-honor\/","name":"Lang Yarns Honor - Happyinaknit.com","isPartOf":{"@id":"https:\/\/happyinaknit.com\/lt\/#website"},"primaryImageOfPage":{"@id":"https:\/\/happyinaknit.com\/produktas\/lang-yarns-honor\/#primaryimage"},"image":{"@id":"https:\/\/happyinaknit.com\/produktas\/lang-yarns-honor\/#primaryimage"},"thumbnailUrl":"https:\/\/happyinaknit.com\/wp-content\/uploads\/2025\/10\/1084_0020_LANGYARNS_Honor_800_B.jpg","datePublished":"2025-10-05T22:04:35+00:00","dateModified":"2025-12-23T12:54:47+00:00","breadcrumb":{"@id":"https:\/\/happyinaknit.com\/produktas\/lang-yarns-honor\/#breadcrumb"},"inLanguage":"ru-RU","potentialAction":[{"@type":"ReadAction","target":["https:\/\/happyinaknit.com\/produktas\/lang-yarns-honor\/"]}]},{"@type":"ImageObject","inLanguage":"ru-RU","@id":"https:\/\/happyinaknit.com\/produktas\/lang-yarns-honor\/#primaryimage","url":"https:\/\/happyinaknit.com\/wp-content\/uploads\/2025\/10\/1084_0020_LANGYARNS_Honor_800_B.jpg","contentUrl":"https:\/\/happyinaknit.com\/wp-content\/uploads\/2025\/10\/1084_0020_LANGYARNS_Honor_800_B.jpg","width":800,"height":800},{"@type":"BreadcrumbList","@id":"https:\/\/happyinaknit.com\/produktas\/lang-yarns-honor\/#breadcrumb","itemListElement":[{"@type":"ListItem","position":1,"name":"Home","item":"https:\/\/happyinaknit.com\/lt\/"},{"@type":"ListItem","position":2,"name":"Parduotuv\u0117","item":"https:\/\/happyinaknit.com\/lt\/parduotuve\/"},{"@type":"ListItem","position":3,"name":"Lang Yarns Honor"}]},{"@type":"WebSite","@id":"https:\/\/happyinaknit.com\/lt\/#website","url":"https:\/\/happyinaknit.com\/lt\/","name":"Happyinaknit.com","description":"","potentialAction":[{"@type":"SearchAction","target":{"@type":"EntryPoint","urlTemplate":"https:\/\/happyinaknit.com\/lt\/?s={search_term_string}"},"query-input":{"@type":"PropertyValueSpecification","valueRequired":true,"valueName":"search_term_string"}}],"inLanguage":"ru-RU"}]}},"_links":{"self":[{"href":"https:\/\/happyinaknit.com\/ru\/wp-json\/wp\/v2\/product\/2665","targetHints":{"allow":["GET"]}}],"collection":[{"href":"https:\/\/happyinaknit.com\/ru\/wp-json\/wp\/v2\/product"}],"about":[{"href":"https:\/\/happyinaknit.com\/ru\/wp-json\/wp\/v2\/types\/product"}],"replies":[{"embeddable":true,"href":"https:\/\/happyinaknit.com\/ru\/wp-json\/wp\/v2\/comments?post=2665"}],"wp:featuredmedia":[{"embeddable":true,"href":"https:\/\/happyinaknit.com\/ru\/wp-json\/wp\/v2\/media\/2675"}],"wp:attachment":[{"href":"https:\/\/happyinaknit.com\/ru\/wp-json\/wp\/v2\/media?parent=2665"}],"wp:term":[{"taxonomy":"product_brand","embeddable":true,"href":"https:\/\/happyinaknit.com\/ru\/wp-json\/wp\/v2\/product_brand?post=2665"},{"taxonomy":"product_cat","embeddable":true,"href":"https:\/\/happyinaknit.com\/ru\/wp-json\/wp\/v2\/product_cat?post=2665"},{"taxonomy":"product_tag","embeddable":true,"href":"https:\/\/happyinaknit.com\/ru\/wp-json\/wp\/v2\/product_tag?post=2665"},{"taxonomy":"pro-kategorijos","embeddable":true,"href":"https:\/\/happyinaknit.com\/ru\/wp-json\/wp\/v2\/pro-kategorijos?post=2665"}],"curies":[{"name":"wp","href":"https:\/\/api.w.org\/{rel}","templated":true}]}}