{"id":2300,"date":"2025-10-02T08:56:22","date_gmt":"2025-10-02T08:56:22","guid":{"rendered":"https:\/\/happyinaknit.com\/?post_type=product&#038;p=2300"},"modified":"2026-01-01T23:47:17","modified_gmt":"2026-01-01T23:47:17","slug":"lang-yarns-mohair-fancy","status":"publish","type":"product","link":"https:\/\/happyinaknit.com\/ru\/product\/lang-yarns-mohair-fancy\/","title":{"rendered":"Lang Yarns Mohair Fancy"},"content":{"rendered":"<p data-start=\"125\" data-end=\"545\">\u041b\u0451\u0433\u043a\u0430\u044f \u0438 \u043f\u0443\u0448\u0438\u0441\u0442\u0430\u044f \u043f\u0440\u044f\u0436\u0430, \u0441\u043e\u0447\u0435\u0442\u0430\u044e\u0449\u0430\u044f \u0432 \u0441\u0435\u0431\u0435 \u0441\u0443\u043f\u0435\u0440\u043a\u0438\u0434-\u043c\u043e\u0445\u0435\u0440, \u0448\u0435\u0440\u0441\u0442\u044c \u0438 \u0448\u0451\u043b\u043a \u0441 \u0434\u043e\u0431\u0430\u0432\u043b\u0435\u043d\u0438\u0435\u043c \u043b\u044e\u0440\u0435\u043a\u0441\u0430 \u0438 \u0445\u043b\u043e\u043f\u043a\u0430. \u041e\u043d\u0430 \u043e\u0442\u043b\u0438\u0447\u0430\u0435\u0442\u0441\u044f \u043c\u044f\u0433\u043a\u043e\u0441\u0442\u044c\u044e, \u0432\u043e\u0437\u0434\u0443\u0448\u043d\u043e\u0441\u0442\u044c\u044e, \u043b\u0451\u0433\u043a\u0438\u043c \u0431\u043b\u0435\u0441\u043a\u043e\u043c \u0438 \u0434\u0435\u043a\u043e\u0440\u0430\u0442\u0438\u0432\u043d\u044b\u043c\u0438 \u0430\u043a\u0446\u0435\u043d\u0442\u0430\u043c\u0438. \u0422\u0430\u043a\u0430\u044f \u043f\u0440\u044f\u0436\u0430 \u0438\u0434\u0435\u0430\u043b\u044c\u043d\u043e \u043f\u043e\u0434\u0445\u043e\u0434\u0438\u0442 \u0434\u043b\u044f \u0441\u0432\u0438\u0442\u0435\u0440\u043e\u0432, \u043a\u0430\u0440\u0434\u0438\u0433\u0430\u043d\u043e\u0432 \u0438 \u0434\u0435\u0442\u0441\u043a\u0438\u0445 \u0438\u0437\u0434\u0435\u043b\u0438\u0439, \u043f\u0440\u0438\u0434\u0430\u0432\u0430\u044f \u0438\u043c \u043d\u0430\u0440\u044f\u0434\u043d\u043e\u0441\u0442\u044c \u0438 \u043f\u0440\u0430\u0437\u0434\u043d\u0438\u0447\u043d\u0443\u044e \u0438\u0433\u0440\u0438\u0432\u043e\u0441\u0442\u044c. \u0422\u0440\u0438\u043a\u043e\u0442\u0430\u0436 \u0432\u044b\u0433\u043b\u044f\u0434\u0438\u0442 \u0442\u0451\u043f\u043b\u044b\u043c, \u043c\u044f\u0433\u043a\u0438\u043c, \u043d\u043e \u0432 \u0442\u043e \u0436\u0435 \u0432\u0440\u0435\u043c\u044f \u043b\u0451\u0433\u043a\u0438\u043c \u0438 \u043a\u043e\u043c\u0444\u043e\u0440\u0442\u043d\u044b\u043c.<\/p>\n<ul data-start=\"547\" data-end=\"1029\">\n<li data-start=\"547\" data-end=\"645\">\n<p data-start=\"549\" data-end=\"645\"><strong data-start=\"549\" data-end=\"561\">\u0421\u043e\u0441\u0442\u0430\u0432:<\/strong> 38 % \u043c\u043e\u0445\u0435\u0440 (\u0441\u0443\u043f\u0435\u0440\u043a\u0438\u0434), 35 % \u0448\u0435\u0440\u0441\u0442\u044c, 18 % \u0448\u0435\u043b\u043a, 5 % \u043f\u043e\u043b\u0438\u044d\u0441\u0442\u0435\u0440, 4 % \u043f\u043e\u043b\u0438\u0430\u043c\u0438\u0434<\/p>\n<\/li>\n<li data-start=\"673\" data-end=\"712\">\n<p data-start=\"675\" data-end=\"712\"><strong data-start=\"675\" data-end=\"697\">\u0412\u0435\u0441\/\u0434\u043b\u0438\u043d\u0430:<\/strong> 25 \u0433 - 140 \u043c<\/p>\n<\/li>\n<li data-start=\"713\" data-end=\"756\">\n<p data-start=\"715\" data-end=\"756\"><strong data-start=\"715\" data-end=\"743\">\u0420\u0435\u043a\u043e\u043c\u0435\u043d\u0434\u0443\u0435\u043c\u044b\u0435 \u0441\u043f\u0438\u0446\u044b:<\/strong> 3,0-3,5 \u043c\u043c<\/p>\n<\/li>\n<li data-start=\"757\" data-end=\"807\">\n<p data-start=\"759\" data-end=\"807\"><strong data-start=\"759\" data-end=\"785\">\u041f\u043b\u043e\u0442\u043d\u043e\u0441\u0442\u044c (10 \u00d7 10 \u0441\u043c):<\/strong> ~22 \u043f\u0435\u0442\u043b\u0438 \u00d7 36 \u0440\u044f\u0434\u043e\u0432<\/p>\n<\/li>\n<li data-start=\"808\" data-end=\"938\">\n<p data-start=\"810\" data-end=\"840\"><strong data-start=\"810\" data-end=\"838\">\u041f\u0440\u0438\u043c\u0435\u0440\u043d\u044b\u0439 \u0440\u0430\u0441\u0445\u043e\u0434:<\/strong><\/p>\n<ul data-start=\"843\" data-end=\"938\">\n<li data-start=\"843\" data-end=\"892\">\n<p data-start=\"845\" data-end=\"892\">\u0441\u0440\u0435\u0434\u043d\u0438\u0435\u0435 \u0436\u0435\u043d\u0441\u043a\u043e\u0435 \u0438\u0437\u0434\u0435\u043b\u0438\u0435  (\u0440\u0430\u0437\u043c\u0435\u0440 M) ~200 \u0433<\/p>\n<\/li>\n<li data-start=\"895\" data-end=\"938\">\n<p data-start=\"897\" data-end=\"938\">\u0434\u043b\u044f \u0434\u0435\u0442\u0441\u043a\u043e\u0433\u043e \u0438\u0437\u0434\u0435\u043b\u0438\u044f  (\u0434\u043e 10 \u043b\u0435\u0442) ~175 \u0433<\/p>\n<\/li>\n<\/ul>\n<\/li>\n<li data-start=\"939\" data-end=\"1029\">\n<p data-start=\"941\" data-end=\"957\"><strong data-start=\"941\" data-end=\"955\">\u0421\u043e\u0432\u0435\u0442\u044b \u043f\u043e \u0443\u0445\u043e\u0434\u0443:<\/strong><\/p>\n<ul data-start=\"960\" data-end=\"1029\">\n<li data-start=\"960\" data-end=\"990\">\n<p data-start=\"962\" data-end=\"990\">\u0420\u0443\u0447\u043d\u0430\u044f \u0441\u0442\u0438\u0440\u043a\u0430 \u043f\u0440\u0438 \u0442\u0435\u043c\u043f\u0435\u0440\u0430\u0442\u0443\u0440\u0435 \u0434\u043e 30\u00b0C<\/p>\n<\/li>\n<li data-start=\"993\" data-end=\"1029\">\n<p data-start=\"995\" data-end=\"1029\">\u0421\u0443\u0448\u0438\u0442\u044c \u0432 \u0440\u0430\u0441\u043f\u0440\u0430\u0432\u043b\u0435\u043d\u043d\u043e\u043c \u0432\u0438\u0434\u0435 \u0432 \u0433\u043e\u0440\u0438\u0437\u043e\u043d\u0442\u0430\u043b\u044c\u043d\u043e\u043c \u043f\u043e\u043b\u043e\u0436\u0435\u043d\u0438\u0438<\/p>\n<\/li>\n<\/ul>\n<\/li>\n<\/ul>","protected":false},"excerpt":{"rendered":"<p>Lengvi ir pur\u016bs si\u016blai, kuriuose dera superkid moheris, vilna ir \u0161ilkas, papildyti lureksu ir \u017evyneliais. Jie pasi\u017eymi \u0161velnumu, oringumu, subtiliu spindesiu bei dekoratyviais akcentais. Tokie si\u016blai puikiai tinka megztiniams, kardiganams ar vaiki\u0161kiems gaminiams, suteikdami jiems elegancijos ir \u0161venti\u0161ko \u017eaismingumo. Mezginiai atrodo \u0161ilti, mink\u0161ti, bet kartu lengvi ir patog\u016bs d\u0117v\u0117ti. Sud\u0117tis: 38 % moheris (superkid), 35 [&hellip;]<\/p>\n","protected":false},"featured_media":2306,"comment_status":"open","ping_status":"closed","template":"","meta":{"_acf_changed":false},"product_brand":[70],"product_cat":[15,18],"product_tag":[],"pro-kategorijos":[87,74,81,77],"class_list":{"0":"post-2300","1":"product","2":"type-product","3":"status-publish","4":"has-post-thumbnail","6":"product_brand-lang-yarns","7":"product_cat-visi-produktai","8":"product_cat-siulai","9":"pro-kategorijos-liureksas","10":"pro-kategorijos-moheras","11":"pro-kategorijos-poliamidas-zvyneliai","12":"pro-kategorijos-silkas","14":"first","15":"instock","16":"shipping-taxable","17":"purchasable","18":"product-type-variable"},"acf":[],"yoast_head":"<!-- This site is optimized with the Yoast SEO plugin v26.8 - https:\/\/yoast.com\/product\/yoast-seo-wordpress\/ -->\n<title>Lang Yarns Mohair Fancy - Happyinaknit.com<\/title>\n<meta name=\"robots\" content=\"index, follow, max-snippet:-1, max-image-preview:large, max-video-preview:-1\" \/>\n<link rel=\"canonical\" href=\"https:\/\/happyinaknit.com\/ru\/product\/lang-yarns-mohair-fancy\/\" \/>\n<meta property=\"og:locale\" content=\"ru_RU\" \/>\n<meta property=\"og:type\" content=\"article\" \/>\n<meta property=\"og:title\" content=\"Lang Yarns Mohair Fancy - Happyinaknit.com\" \/>\n<meta property=\"og:description\" content=\"Lengvi ir pur\u016bs si\u016blai, kuriuose dera superkid moheris, vilna ir \u0161ilkas, papildyti lureksu ir \u017evyneliais. Jie pasi\u017eymi \u0161velnumu, oringumu, subtiliu spindesiu bei dekoratyviais akcentais. Tokie si\u016blai puikiai tinka megztiniams, kardiganams ar vaiki\u0161kiems gaminiams, suteikdami jiems elegancijos ir \u0161venti\u0161ko \u017eaismingumo. Mezginiai atrodo \u0161ilti, mink\u0161ti, bet kartu lengvi ir patog\u016bs d\u0117v\u0117ti. Sud\u0117tis: 38 % moheris (superkid), 35 [&hellip;]\" \/>\n<meta property=\"og:url\" content=\"https:\/\/happyinaknit.com\/ru\/product\/lang-yarns-mohair-fancy\/\" \/>\n<meta property=\"og:site_name\" content=\"Happyinaknit.com\" \/>\n<meta property=\"article:modified_time\" content=\"2026-01-01T23:47:17+00:00\" \/>\n<meta property=\"og:image\" content=\"https:\/\/happyinaknit.com\/wp-content\/uploads\/2025\/10\/989_0048_LANGYARNS_MohairFancy_800_B.jpg\" \/>\n\t<meta property=\"og:image:width\" content=\"800\" \/>\n\t<meta property=\"og:image:height\" content=\"800\" \/>\n\t<meta property=\"og:image:type\" content=\"image\/jpeg\" \/>\n<meta name=\"twitter:card\" content=\"summary_large_image\" \/>\n<meta name=\"twitter:label1\" content=\"\u041f\u0440\u0438\u043c\u0435\u0440\u043d\u043e\u0435 \u0432\u0440\u0435\u043c\u044f \u0434\u043b\u044f \u0447\u0442\u0435\u043d\u0438\u044f\" \/>\n\t<meta name=\"twitter:data1\" content=\"1 \u043c\u0438\u043d\u0443\u0442\u0430\" \/>\n<script type=\"application\/ld+json\" class=\"yoast-schema-graph\">{\"@context\":\"https:\/\/schema.org\",\"@graph\":[{\"@type\":\"WebPage\",\"@id\":\"https:\/\/happyinaknit.com\/produktas\/lang-yarns-mohair-fancy\/\",\"url\":\"https:\/\/happyinaknit.com\/produktas\/lang-yarns-mohair-fancy\/\",\"name\":\"Lang Yarns Mohair Fancy - Happyinaknit.com\",\"isPartOf\":{\"@id\":\"https:\/\/happyinaknit.com\/lt\/#website\"},\"primaryImageOfPage\":{\"@id\":\"https:\/\/happyinaknit.com\/produktas\/lang-yarns-mohair-fancy\/#primaryimage\"},\"image\":{\"@id\":\"https:\/\/happyinaknit.com\/produktas\/lang-yarns-mohair-fancy\/#primaryimage\"},\"thumbnailUrl\":\"https:\/\/happyinaknit.com\/wp-content\/uploads\/2025\/10\/989_0048_LANGYARNS_MohairFancy_800_B.jpg\",\"datePublished\":\"2025-10-02T08:56:22+00:00\",\"dateModified\":\"2026-01-01T23:47:17+00:00\",\"breadcrumb\":{\"@id\":\"https:\/\/happyinaknit.com\/produktas\/lang-yarns-mohair-fancy\/#breadcrumb\"},\"inLanguage\":\"ru-RU\",\"potentialAction\":[{\"@type\":\"ReadAction\",\"target\":[\"https:\/\/happyinaknit.com\/produktas\/lang-yarns-mohair-fancy\/\"]}]},{\"@type\":\"ImageObject\",\"inLanguage\":\"ru-RU\",\"@id\":\"https:\/\/happyinaknit.com\/produktas\/lang-yarns-mohair-fancy\/#primaryimage\",\"url\":\"https:\/\/happyinaknit.com\/wp-content\/uploads\/2025\/10\/989_0048_LANGYARNS_MohairFancy_800_B.jpg\",\"contentUrl\":\"https:\/\/happyinaknit.com\/wp-content\/uploads\/2025\/10\/989_0048_LANGYARNS_MohairFancy_800_B.jpg\",\"width\":800,\"height\":800},{\"@type\":\"BreadcrumbList\",\"@id\":\"https:\/\/happyinaknit.com\/produktas\/lang-yarns-mohair-fancy\/#breadcrumb\",\"itemListElement\":[{\"@type\":\"ListItem\",\"position\":1,\"name\":\"Home\",\"item\":\"https:\/\/happyinaknit.com\/lt\/\"},{\"@type\":\"ListItem\",\"position\":2,\"name\":\"Parduotuv\u0117\",\"item\":\"https:\/\/happyinaknit.com\/lt\/parduotuve\/\"},{\"@type\":\"ListItem\",\"position\":3,\"name\":\"Lang Yarns Mohair Fancy\"}]},{\"@type\":\"WebSite\",\"@id\":\"https:\/\/happyinaknit.com\/lt\/#website\",\"url\":\"https:\/\/happyinaknit.com\/lt\/\",\"name\":\"Happyinaknit.com\",\"description\":\"\",\"potentialAction\":[{\"@type\":\"SearchAction\",\"target\":{\"@type\":\"EntryPoint\",\"urlTemplate\":\"https:\/\/happyinaknit.com\/lt\/?s={search_term_string}\"},\"query-input\":{\"@type\":\"PropertyValueSpecification\",\"valueRequired\":true,\"valueName\":\"search_term_string\"}}],\"inLanguage\":\"ru-RU\"}]}<\/script>\n<!-- \/ Yoast SEO plugin. -->","yoast_head_json":{"title":"Lang Yarns Mohair Fancy - Happyinaknit.com","robots":{"index":"index","follow":"follow","max-snippet":"max-snippet:-1","max-image-preview":"max-image-preview:large","max-video-preview":"max-video-preview:-1"},"canonical":"https:\/\/happyinaknit.com\/ru\/product\/lang-yarns-mohair-fancy\/","og_locale":"ru_RU","og_type":"article","og_title":"Lang Yarns Mohair Fancy - Happyinaknit.com","og_description":"Lengvi ir pur\u016bs si\u016blai, kuriuose dera superkid moheris, vilna ir \u0161ilkas, papildyti lureksu ir \u017evyneliais. Jie pasi\u017eymi \u0161velnumu, oringumu, subtiliu spindesiu bei dekoratyviais akcentais. Tokie si\u016blai puikiai tinka megztiniams, kardiganams ar vaiki\u0161kiems gaminiams, suteikdami jiems elegancijos ir \u0161venti\u0161ko \u017eaismingumo. Mezginiai atrodo \u0161ilti, mink\u0161ti, bet kartu lengvi ir patog\u016bs d\u0117v\u0117ti. Sud\u0117tis: 38 % moheris (superkid), 35 [&hellip;]","og_url":"https:\/\/happyinaknit.com\/ru\/product\/lang-yarns-mohair-fancy\/","og_site_name":"Happyinaknit.com","article_modified_time":"2026-01-01T23:47:17+00:00","og_image":[{"width":800,"height":800,"url":"https:\/\/happyinaknit.com\/wp-content\/uploads\/2025\/10\/989_0048_LANGYARNS_MohairFancy_800_B.jpg","type":"image\/jpeg"}],"twitter_card":"summary_large_image","twitter_misc":{"\u041f\u0440\u0438\u043c\u0435\u0440\u043d\u043e\u0435 \u0432\u0440\u0435\u043c\u044f \u0434\u043b\u044f \u0447\u0442\u0435\u043d\u0438\u044f":"1 \u043c\u0438\u043d\u0443\u0442\u0430"},"schema":{"@context":"https:\/\/schema.org","@graph":[{"@type":"WebPage","@id":"https:\/\/happyinaknit.com\/produktas\/lang-yarns-mohair-fancy\/","url":"https:\/\/happyinaknit.com\/produktas\/lang-yarns-mohair-fancy\/","name":"Lang Yarns Mohair Fancy - Happyinaknit.com","isPartOf":{"@id":"https:\/\/happyinaknit.com\/lt\/#website"},"primaryImageOfPage":{"@id":"https:\/\/happyinaknit.com\/produktas\/lang-yarns-mohair-fancy\/#primaryimage"},"image":{"@id":"https:\/\/happyinaknit.com\/produktas\/lang-yarns-mohair-fancy\/#primaryimage"},"thumbnailUrl":"https:\/\/happyinaknit.com\/wp-content\/uploads\/2025\/10\/989_0048_LANGYARNS_MohairFancy_800_B.jpg","datePublished":"2025-10-02T08:56:22+00:00","dateModified":"2026-01-01T23:47:17+00:00","breadcrumb":{"@id":"https:\/\/happyinaknit.com\/produktas\/lang-yarns-mohair-fancy\/#breadcrumb"},"inLanguage":"ru-RU","potentialAction":[{"@type":"ReadAction","target":["https:\/\/happyinaknit.com\/produktas\/lang-yarns-mohair-fancy\/"]}]},{"@type":"ImageObject","inLanguage":"ru-RU","@id":"https:\/\/happyinaknit.com\/produktas\/lang-yarns-mohair-fancy\/#primaryimage","url":"https:\/\/happyinaknit.com\/wp-content\/uploads\/2025\/10\/989_0048_LANGYARNS_MohairFancy_800_B.jpg","contentUrl":"https:\/\/happyinaknit.com\/wp-content\/uploads\/2025\/10\/989_0048_LANGYARNS_MohairFancy_800_B.jpg","width":800,"height":800},{"@type":"BreadcrumbList","@id":"https:\/\/happyinaknit.com\/produktas\/lang-yarns-mohair-fancy\/#breadcrumb","itemListElement":[{"@type":"ListItem","position":1,"name":"Home","item":"https:\/\/happyinaknit.com\/lt\/"},{"@type":"ListItem","position":2,"name":"Parduotuv\u0117","item":"https:\/\/happyinaknit.com\/lt\/parduotuve\/"},{"@type":"ListItem","position":3,"name":"Lang Yarns Mohair Fancy"}]},{"@type":"WebSite","@id":"https:\/\/happyinaknit.com\/lt\/#website","url":"https:\/\/happyinaknit.com\/lt\/","name":"Happyinaknit.com","description":"","potentialAction":[{"@type":"SearchAction","target":{"@type":"EntryPoint","urlTemplate":"https:\/\/happyinaknit.com\/lt\/?s={search_term_string}"},"query-input":{"@type":"PropertyValueSpecification","valueRequired":true,"valueName":"search_term_string"}}],"inLanguage":"ru-RU"}]}},"_links":{"self":[{"href":"https:\/\/happyinaknit.com\/ru\/wp-json\/wp\/v2\/product\/2300","targetHints":{"allow":["GET"]}}],"collection":[{"href":"https:\/\/happyinaknit.com\/ru\/wp-json\/wp\/v2\/product"}],"about":[{"href":"https:\/\/happyinaknit.com\/ru\/wp-json\/wp\/v2\/types\/product"}],"replies":[{"embeddable":true,"href":"https:\/\/happyinaknit.com\/ru\/wp-json\/wp\/v2\/comments?post=2300"}],"wp:featuredmedia":[{"embeddable":true,"href":"https:\/\/happyinaknit.com\/ru\/wp-json\/wp\/v2\/media\/2306"}],"wp:attachment":[{"href":"https:\/\/happyinaknit.com\/ru\/wp-json\/wp\/v2\/media?parent=2300"}],"wp:term":[{"taxonomy":"product_brand","embeddable":true,"href":"https:\/\/happyinaknit.com\/ru\/wp-json\/wp\/v2\/product_brand?post=2300"},{"taxonomy":"product_cat","embeddable":true,"href":"https:\/\/happyinaknit.com\/ru\/wp-json\/wp\/v2\/product_cat?post=2300"},{"taxonomy":"product_tag","embeddable":true,"href":"https:\/\/happyinaknit.com\/ru\/wp-json\/wp\/v2\/product_tag?post=2300"},{"taxonomy":"pro-kategorijos","embeddable":true,"href":"https:\/\/happyinaknit.com\/ru\/wp-json\/wp\/v2\/pro-kategorijos?post=2300"}],"curies":[{"name":"wp","href":"https:\/\/api.w.org\/{rel}","templated":true}]}}