{"id":2255,"date":"2025-10-02T08:07:01","date_gmt":"2025-10-02T08:07:01","guid":{"rendered":"https:\/\/happyinaknit.com\/?post_type=product&#038;p=2255"},"modified":"2026-04-11T08:53:55","modified_gmt":"2026-04-11T08:53:55","slug":"lang-yarns-paillettes","status":"publish","type":"product","link":"https:\/\/happyinaknit.com\/ru\/product\/lang-yarns-paillettes\/","title":{"rendered":"Lang Yarns Paillettes"},"content":{"rendered":"<p data-start=\"73\" data-end=\"344\">\u041f\u0440\u044f\u0436\u0430 \u0441 \u043f\u0430\u0439\u0435\u0442\u043a\u0430\u043c\u0438  \u043f\u0440\u0438\u0434\u0430\u0451\u0442 \u0442\u0440\u0438\u043a\u043e\u0442\u0430\u0436\u043d\u044b\u043c \u0438\u0437\u0434\u0435\u043b\u0438\u044f\u043c \u043f\u0440\u0430\u0437\u0434\u043d\u0438\u0447\u043d\u044b\u0439 \u0432\u0438\u0434 \u0438 \u0434\u0435\u043a\u043e\u0440\u0430\u0442\u0438\u0432\u043d\u043e\u0441\u0442\u044c. \u0415\u0451 \u0447\u0430\u0441\u0442\u043e \u0438\u0441\u043f\u043e\u043b\u044c\u0437\u0443\u044e\u0442 \u0432 \u043a\u0430\u0447\u0435\u0441\u0442\u0432\u0435 \u0430\u043a\u0446\u0435\u043d\u0442\u0430 \u0432 \u0441\u043e\u0447\u0435\u0442\u0430\u043d\u0438\u0438 \u0441 \u0434\u0440\u0443\u0433\u0438\u043c\u0438 \u0432\u0438\u0434\u0430\u043c\u0438 \u043f\u0440\u044f\u0436\u0438 \u0438\u043b\u0438 \u0434\u043b\u044f \u0441\u043e\u0437\u0434\u0430\u043d\u0438\u044f \u043e\u0441\u043e\u0431\u044b\u0445 \u0430\u043a\u0441\u0435\u0441\u0441\u0443\u0430\u0440\u043e\u0432. \u0412\u044f\u0437\u0430\u043d\u044b\u0435 \u0438\u0437\u0434\u0435\u043b\u0438\u044f \u0432\u044b\u0433\u043b\u044f\u0434\u044f\u0442 \u044d\u043b\u0435\u0433\u0430\u043d\u0442\u043d\u043e, \u043e\u0440\u0438\u0433\u0438\u043d\u0430\u043b\u044c\u043d\u043e \u0438 \u0438\u0433\u0440\u0438\u0432\u043e.<\/p>\n<ul data-start=\"346\" data-end=\"825\">\n<li data-start=\"346\" data-end=\"396\">\n<p data-start=\"348\" data-end=\"396\"><strong data-start=\"348\" data-end=\"360\">\u0421\u043e\u0441\u0442\u0430\u0432:<\/strong> 55 % \u043f\u043e\u043b\u0438\u0430\u043c\u0438\u0434, 45 % \u043f\u043e\u043b\u0438\u044d\u0441\u0442\u0435\u0440<\/p>\n<\/li>\n<li data-start=\"425\" data-end=\"464\">\n<p data-start=\"427\" data-end=\"464\"><strong data-start=\"427\" data-end=\"449\">\u0412\u0435\u0441\/\u0434\u043b\u0438\u043d\u0430:<\/strong> 25 \u0433 - 112 \u043c<\/p>\n<\/li>\n<li data-start=\"465\" data-end=\"549\">\n<p data-start=\"467\" data-end=\"549\"><strong data-start=\"467\" data-end=\"495\">\u0420\u0435\u043a\u043e\u043c\u0435\u043d\u0434\u0443\u0435\u043c\u044b\u0435 \u0441\u043f\u0438\u0446\u044b:<\/strong> \u043e\u0431\u044b\u0447\u043d\u043e 3,5\u20134,5 \u043c\u043c<\/p>\n<\/li>\n<li data-start=\"550\" data-end=\"632\">\n<p data-start=\"552\" data-end=\"632\"><strong data-start=\"552\" data-end=\"578\">\u041f\u043b\u043e\u0442\u043d\u043e\u0441\u0442\u044c: <\/strong>10 \u00d7 10 \u0441\u043c \u043d\u0435 \u0443\u043a\u0430\u0437\u0430\u043d\u043e (\u0437\u0430\u0432\u0438\u0441\u0438\u0442 \u043e\u0442 \u043a\u043e\u043c\u0431\u0438\u043d\u0430\u0446\u0438\u0438 \u0438 \u0441\u043f\u043e\u0441\u043e\u0431\u0430 \u0432\u044f\u0437\u0430\u043d\u0438\u044f)<\/p>\n<\/li>\n<li data-start=\"633\" data-end=\"734\">\n<p data-start=\"635\" data-end=\"734\"><strong data-start=\"635\" data-end=\"663\">\u041f\u0440\u0438\u043c\u0435\u0440\u043d\u044b\u0439 \u0440\u0430\u0441\u0445\u043e\u0434:<\/strong> \u0432 \u043e\u0441\u043d\u043e\u0432\u043d\u043e\u043c \u0438\u0441\u043f\u043e\u043b\u044c\u0437\u0443\u0435\u0442\u0441\u044f \u0434\u043b\u044f \u0430\u043a\u0446\u0435\u043d\u0442\u043e\u0432, \u043f\u043e\u044d\u0442\u043e\u043c\u0443 \u043a\u043e\u043b\u0438\u0447\u0435\u0441\u0442\u0432\u043e \u0437\u0430\u0432\u0438\u0441\u0438\u0442 \u043e\u0442 \u043f\u0440\u043e\u0435\u043a\u0442\u0430<\/p>\n<\/li>\n<li data-start=\"735\" data-end=\"825\">\n<p data-start=\"737\" data-end=\"753\"><strong data-start=\"737\" data-end=\"751\">\u0421\u043e\u0432\u0435\u0442\u044b \u043f\u043e \u0443\u0445\u043e\u0434\u0443:<\/strong><\/p>\n<ul data-start=\"756\" data-end=\"825\">\n<li data-start=\"756\" data-end=\"786\">\n<p data-start=\"758\" data-end=\"786\">\u0420\u0443\u0447\u043d\u0430\u044f \u0441\u0442\u0438\u0440\u043a\u0430 \u043f\u0440\u0438 \u0442\u0435\u043c\u043f\u0435\u0440\u0430\u0442\u0443\u0440\u0435 \u0434\u043e 30\u00b0C<\/p>\n<\/li>\n<li data-start=\"789\" data-end=\"825\">\n<p data-start=\"791\" data-end=\"825\">\u0421\u0443\u0448\u0438\u0442\u044c \u0432 \u0440\u0430\u0441\u043f\u0440\u0430\u0432\u043b\u0435\u043d\u043d\u043e\u043c \u0432\u0438\u0434\u0435 \u0432 \u0433\u043e\u0440\u0438\u0437\u043e\u043d\u0442\u0430\u043b\u044c\u043d\u043e\u043c \u043f\u043e\u043b\u043e\u0436\u0435\u043d\u0438\u0438<\/p>\n<\/li>\n<\/ul>\n<\/li>\n<\/ul>","protected":false},"excerpt":{"rendered":"<p>Si\u016blai su \u017evyneliais \u00a0suteikia mezginiams \u0161venti\u0161ko \u017evilgesio bei dekoratyvumo. Jie da\u017eniausiai naudojami kaip akcentas kartu su kitais si\u016blais arba ypatingiems aksesuarams. Mezginiai atrodo eleganti\u0161kai, i\u0161skirtinai ir \u017eaismingai. Sud\u0117tis: 55 % poliamidas, 45 % poliesteris Svoris \/ metra\u017eas: 25 g &#8211; 112 m Rekomenduojami virbalai: da\u017eniausiai 3,5\u20134,5 mm Tankumas: 10 \u00d7 10 cm nenurodytas (priklauso nuo [&hellip;]<\/p>\n","protected":false},"featured_media":2256,"comment_status":"open","ping_status":"closed","template":"","meta":{"_acf_changed":false},"product_brand":[70],"product_cat":[15,18,323],"product_tag":[],"pro-kategorijos":[81],"class_list":{"0":"post-2255","1":"product","2":"type-product","3":"status-publish","4":"has-post-thumbnail","6":"product_brand-lang-yarns","7":"product_cat-visi-produktai","8":"product_cat-siulai","9":"product_cat-siulai-su-lureksu-ir-zvyneliais","10":"pro-kategorijos-poliamidas-zvyneliai","12":"first","13":"instock","14":"shipping-taxable","15":"purchasable","16":"product-type-variable"},"acf":[],"yoast_head":"<!-- This site is optimized with the Yoast SEO plugin v26.8 - https:\/\/yoast.com\/product\/yoast-seo-wordpress\/ -->\n<title>Lang Yarns Paillettes - Happyinaknit.com<\/title>\n<meta name=\"robots\" content=\"index, follow, max-snippet:-1, max-image-preview:large, max-video-preview:-1\" \/>\n<link rel=\"canonical\" href=\"https:\/\/happyinaknit.com\/ru\/product\/lang-yarns-paillettes\/\" \/>\n<meta property=\"og:locale\" content=\"ru_RU\" \/>\n<meta property=\"og:type\" content=\"article\" \/>\n<meta property=\"og:title\" content=\"Lang Yarns Paillettes - Happyinaknit.com\" \/>\n<meta property=\"og:description\" content=\"Si\u016blai su \u017evyneliais \u00a0suteikia mezginiams \u0161venti\u0161ko \u017evilgesio bei dekoratyvumo. Jie da\u017eniausiai naudojami kaip akcentas kartu su kitais si\u016blais arba ypatingiems aksesuarams. Mezginiai atrodo eleganti\u0161kai, i\u0161skirtinai ir \u017eaismingai. Sud\u0117tis: 55 % poliamidas, 45 % poliesteris Svoris \/ metra\u017eas: 25 g &#8211; 112 m Rekomenduojami virbalai: da\u017eniausiai 3,5\u20134,5 mm Tankumas: 10 \u00d7 10 cm nenurodytas (priklauso nuo [&hellip;]\" \/>\n<meta property=\"og:url\" content=\"https:\/\/happyinaknit.com\/ru\/product\/lang-yarns-paillettes\/\" \/>\n<meta property=\"og:site_name\" content=\"Happyinaknit.com\" \/>\n<meta property=\"article:modified_time\" content=\"2026-04-11T08:53:55+00:00\" \/>\n<meta property=\"og:image\" content=\"https:\/\/happyinaknit.com\/wp-content\/uploads\/2025\/10\/39_0028_LANGYARNS_Paillettes_800_B.jpg\" \/>\n\t<meta property=\"og:image:width\" content=\"800\" \/>\n\t<meta property=\"og:image:height\" content=\"800\" \/>\n\t<meta property=\"og:image:type\" content=\"image\/jpeg\" \/>\n<meta name=\"twitter:card\" content=\"summary_large_image\" \/>\n<script type=\"application\/ld+json\" class=\"yoast-schema-graph\">{\"@context\":\"https:\/\/schema.org\",\"@graph\":[{\"@type\":\"WebPage\",\"@id\":\"https:\/\/happyinaknit.com\/produktas\/lang-yarns-paillettes\/\",\"url\":\"https:\/\/happyinaknit.com\/produktas\/lang-yarns-paillettes\/\",\"name\":\"Lang Yarns Paillettes - Happyinaknit.com\",\"isPartOf\":{\"@id\":\"https:\/\/happyinaknit.com\/lt\/#website\"},\"primaryImageOfPage\":{\"@id\":\"https:\/\/happyinaknit.com\/produktas\/lang-yarns-paillettes\/#primaryimage\"},\"image\":{\"@id\":\"https:\/\/happyinaknit.com\/produktas\/lang-yarns-paillettes\/#primaryimage\"},\"thumbnailUrl\":\"https:\/\/happyinaknit.com\/wp-content\/uploads\/2025\/10\/39_0028_LANGYARNS_Paillettes_800_B.jpg\",\"datePublished\":\"2025-10-02T08:07:01+00:00\",\"dateModified\":\"2026-04-11T08:53:55+00:00\",\"breadcrumb\":{\"@id\":\"https:\/\/happyinaknit.com\/produktas\/lang-yarns-paillettes\/#breadcrumb\"},\"inLanguage\":\"ru-RU\",\"potentialAction\":[{\"@type\":\"ReadAction\",\"target\":[\"https:\/\/happyinaknit.com\/produktas\/lang-yarns-paillettes\/\"]}]},{\"@type\":\"ImageObject\",\"inLanguage\":\"ru-RU\",\"@id\":\"https:\/\/happyinaknit.com\/produktas\/lang-yarns-paillettes\/#primaryimage\",\"url\":\"https:\/\/happyinaknit.com\/wp-content\/uploads\/2025\/10\/39_0028_LANGYARNS_Paillettes_800_B.jpg\",\"contentUrl\":\"https:\/\/happyinaknit.com\/wp-content\/uploads\/2025\/10\/39_0028_LANGYARNS_Paillettes_800_B.jpg\",\"width\":800,\"height\":800},{\"@type\":\"BreadcrumbList\",\"@id\":\"https:\/\/happyinaknit.com\/produktas\/lang-yarns-paillettes\/#breadcrumb\",\"itemListElement\":[{\"@type\":\"ListItem\",\"position\":1,\"name\":\"Home\",\"item\":\"https:\/\/happyinaknit.com\/lt\/\"},{\"@type\":\"ListItem\",\"position\":2,\"name\":\"Parduotuv\u0117\",\"item\":\"https:\/\/happyinaknit.com\/lt\/parduotuve\/\"},{\"@type\":\"ListItem\",\"position\":3,\"name\":\"Lang Yarns Paillettes\"}]},{\"@type\":\"WebSite\",\"@id\":\"https:\/\/happyinaknit.com\/lt\/#website\",\"url\":\"https:\/\/happyinaknit.com\/lt\/\",\"name\":\"Happyinaknit.com\",\"description\":\"\",\"potentialAction\":[{\"@type\":\"SearchAction\",\"target\":{\"@type\":\"EntryPoint\",\"urlTemplate\":\"https:\/\/happyinaknit.com\/lt\/?s={search_term_string}\"},\"query-input\":{\"@type\":\"PropertyValueSpecification\",\"valueRequired\":true,\"valueName\":\"search_term_string\"}}],\"inLanguage\":\"ru-RU\"}]}<\/script>\n<!-- \/ Yoast SEO plugin. -->","yoast_head_json":{"title":"Lang Yarns Paillettes - Happyinaknit.com","robots":{"index":"index","follow":"follow","max-snippet":"max-snippet:-1","max-image-preview":"max-image-preview:large","max-video-preview":"max-video-preview:-1"},"canonical":"https:\/\/happyinaknit.com\/ru\/product\/lang-yarns-paillettes\/","og_locale":"ru_RU","og_type":"article","og_title":"Lang Yarns Paillettes - Happyinaknit.com","og_description":"Si\u016blai su \u017evyneliais \u00a0suteikia mezginiams \u0161venti\u0161ko \u017evilgesio bei dekoratyvumo. Jie da\u017eniausiai naudojami kaip akcentas kartu su kitais si\u016blais arba ypatingiems aksesuarams. Mezginiai atrodo eleganti\u0161kai, i\u0161skirtinai ir \u017eaismingai. Sud\u0117tis: 55 % poliamidas, 45 % poliesteris Svoris \/ metra\u017eas: 25 g &#8211; 112 m Rekomenduojami virbalai: da\u017eniausiai 3,5\u20134,5 mm Tankumas: 10 \u00d7 10 cm nenurodytas (priklauso nuo [&hellip;]","og_url":"https:\/\/happyinaknit.com\/ru\/product\/lang-yarns-paillettes\/","og_site_name":"Happyinaknit.com","article_modified_time":"2026-04-11T08:53:55+00:00","og_image":[{"width":800,"height":800,"url":"https:\/\/happyinaknit.com\/wp-content\/uploads\/2025\/10\/39_0028_LANGYARNS_Paillettes_800_B.jpg","type":"image\/jpeg"}],"twitter_card":"summary_large_image","schema":{"@context":"https:\/\/schema.org","@graph":[{"@type":"WebPage","@id":"https:\/\/happyinaknit.com\/produktas\/lang-yarns-paillettes\/","url":"https:\/\/happyinaknit.com\/produktas\/lang-yarns-paillettes\/","name":"Lang Yarns Paillettes - Happyinaknit.com","isPartOf":{"@id":"https:\/\/happyinaknit.com\/lt\/#website"},"primaryImageOfPage":{"@id":"https:\/\/happyinaknit.com\/produktas\/lang-yarns-paillettes\/#primaryimage"},"image":{"@id":"https:\/\/happyinaknit.com\/produktas\/lang-yarns-paillettes\/#primaryimage"},"thumbnailUrl":"https:\/\/happyinaknit.com\/wp-content\/uploads\/2025\/10\/39_0028_LANGYARNS_Paillettes_800_B.jpg","datePublished":"2025-10-02T08:07:01+00:00","dateModified":"2026-04-11T08:53:55+00:00","breadcrumb":{"@id":"https:\/\/happyinaknit.com\/produktas\/lang-yarns-paillettes\/#breadcrumb"},"inLanguage":"ru-RU","potentialAction":[{"@type":"ReadAction","target":["https:\/\/happyinaknit.com\/produktas\/lang-yarns-paillettes\/"]}]},{"@type":"ImageObject","inLanguage":"ru-RU","@id":"https:\/\/happyinaknit.com\/produktas\/lang-yarns-paillettes\/#primaryimage","url":"https:\/\/happyinaknit.com\/wp-content\/uploads\/2025\/10\/39_0028_LANGYARNS_Paillettes_800_B.jpg","contentUrl":"https:\/\/happyinaknit.com\/wp-content\/uploads\/2025\/10\/39_0028_LANGYARNS_Paillettes_800_B.jpg","width":800,"height":800},{"@type":"BreadcrumbList","@id":"https:\/\/happyinaknit.com\/produktas\/lang-yarns-paillettes\/#breadcrumb","itemListElement":[{"@type":"ListItem","position":1,"name":"Home","item":"https:\/\/happyinaknit.com\/lt\/"},{"@type":"ListItem","position":2,"name":"Parduotuv\u0117","item":"https:\/\/happyinaknit.com\/lt\/parduotuve\/"},{"@type":"ListItem","position":3,"name":"Lang Yarns Paillettes"}]},{"@type":"WebSite","@id":"https:\/\/happyinaknit.com\/lt\/#website","url":"https:\/\/happyinaknit.com\/lt\/","name":"Happyinaknit.com","description":"","potentialAction":[{"@type":"SearchAction","target":{"@type":"EntryPoint","urlTemplate":"https:\/\/happyinaknit.com\/lt\/?s={search_term_string}"},"query-input":{"@type":"PropertyValueSpecification","valueRequired":true,"valueName":"search_term_string"}}],"inLanguage":"ru-RU"}]}},"_links":{"self":[{"href":"https:\/\/happyinaknit.com\/ru\/wp-json\/wp\/v2\/product\/2255","targetHints":{"allow":["GET"]}}],"collection":[{"href":"https:\/\/happyinaknit.com\/ru\/wp-json\/wp\/v2\/product"}],"about":[{"href":"https:\/\/happyinaknit.com\/ru\/wp-json\/wp\/v2\/types\/product"}],"replies":[{"embeddable":true,"href":"https:\/\/happyinaknit.com\/ru\/wp-json\/wp\/v2\/comments?post=2255"}],"wp:featuredmedia":[{"embeddable":true,"href":"https:\/\/happyinaknit.com\/ru\/wp-json\/wp\/v2\/media\/2256"}],"wp:attachment":[{"href":"https:\/\/happyinaknit.com\/ru\/wp-json\/wp\/v2\/media?parent=2255"}],"wp:term":[{"taxonomy":"product_brand","embeddable":true,"href":"https:\/\/happyinaknit.com\/ru\/wp-json\/wp\/v2\/product_brand?post=2255"},{"taxonomy":"product_cat","embeddable":true,"href":"https:\/\/happyinaknit.com\/ru\/wp-json\/wp\/v2\/product_cat?post=2255"},{"taxonomy":"product_tag","embeddable":true,"href":"https:\/\/happyinaknit.com\/ru\/wp-json\/wp\/v2\/product_tag?post=2255"},{"taxonomy":"pro-kategorijos","embeddable":true,"href":"https:\/\/happyinaknit.com\/ru\/wp-json\/wp\/v2\/pro-kategorijos?post=2255"}],"curies":[{"name":"wp","href":"https:\/\/api.w.org\/{rel}","templated":true}]}}