{"id":2238,"date":"2025-10-01T21:45:38","date_gmt":"2025-10-01T21:45:38","guid":{"rendered":"https:\/\/happyinaknit.com\/?post_type=product&#038;p=2238"},"modified":"2025-11-13T20:27:17","modified_gmt":"2025-11-13T20:27:17","slug":"lana-grossa-cotton-silk","status":"publish","type":"product","link":"https:\/\/happyinaknit.com\/ru\/product\/lana-grossa-cotton-silk\/","title":{"rendered":"Lana Grossa Cotton Silk"},"content":{"rendered":"<p data-start=\"90\" data-end=\"416\">\u0421\u043e\u0447\u0435\u0442\u0430\u043d\u0438\u0435 \u0445\u043b\u043e\u043f\u043a\u0430 \u0438 \u0448\u0451\u043b\u043a\u0430 \u043e\u0442\u043b\u0438\u0447\u0430\u0435\u0442\u0441\u044f \u0435\u0441\u0442\u0435\u0441\u0442\u0432\u0435\u043d\u043d\u043e\u0439 \u043b\u0451\u0433\u043a\u043e\u0441\u0442\u044c\u044e \u0438 \u043b\u0451\u0433\u043a\u0438\u043c \u0431\u043b\u0435\u0441\u043a\u043e\u043c. \u0425\u043b\u043e\u043f\u043e\u043a \u043e\u0431\u0435\u0441\u043f\u0435\u0447\u0438\u0432\u0430\u0435\u0442 \u043f\u0440\u043e\u0447\u043d\u043e\u0441\u0442\u044c \u0438 \u0432\u043e\u0437\u0434\u0443\u0445\u043e\u043f\u0440\u043e\u043d\u0438\u0446\u0430\u0435\u043c\u043e\u0441\u0442\u044c, \u0430 \u0448\u0451\u043b\u043a \u2014 \u043c\u044f\u0433\u043a\u043e\u0441\u0442\u044c \u0438 \u044d\u043b\u0435\u0433\u0430\u043d\u0442\u043d\u043e\u0441\u0442\u044c. \u042d\u0442\u0430 \u043f\u0440\u044f\u0436\u0430 \u043f\u043e\u0434\u0445\u043e\u0434\u0438\u0442 \u0434\u043b\u044f \u0441\u0432\u0438\u0442\u0435\u0440\u043e\u0432, \u043a\u0430\u0440\u0434\u0438\u0433\u0430\u043d\u043e\u0432, \u043f\u043b\u0430\u0442\u044c\u0435\u0432 \u0438 \u0434\u0440\u0443\u0433\u0438\u0445 \u0436\u0435\u043d\u0441\u043a\u0438\u0445 \u0438\u0437\u0434\u0435\u043b\u0438\u0439, \u043e\u0431\u0435\u0441\u043f\u0435\u0447\u0438\u0432\u0430\u044f \u043b\u0451\u0433\u043a\u043e\u0441\u0442\u044c \u0438 \u0441\u0442\u0438\u043b\u044c\u043d\u044b\u0439 \u0432\u0438\u0434.<\/p>\n<ul data-start=\"418\" data-end=\"796\">\n<li data-start=\"418\" data-end=\"461\">\n<p data-start=\"420\" data-end=\"461\"><strong data-start=\"420\" data-end=\"432\">\u0421\u043e\u0441\u0442\u0430\u0432:<\/strong> 70 % \u0445\u043b\u043e\u043f\u043e\u043a, 30 % \u0448\u0435\u043b\u043a<\/p>\n<\/li>\n<li data-start=\"462\" data-end=\"501\">\n<p data-start=\"464\" data-end=\"501\"><strong data-start=\"464\" data-end=\"486\">\u0412\u0435\u0441\/\u0434\u043b\u0438\u043d\u0430:<\/strong> 50 \u0433 - 140 \u043c<\/p>\n<\/li>\n<li data-start=\"502\" data-end=\"545\">\n<p data-start=\"504\" data-end=\"545\"><strong data-start=\"504\" data-end=\"532\">\u0420\u0435\u043a\u043e\u043c\u0435\u043d\u0434\u0443\u0435\u043c\u044b\u0435 \u0441\u043f\u0438\u0446\u044b:<\/strong> 4,5-5,0 \u043c\u043c<\/p>\n<\/li>\n<li data-start=\"546\" data-end=\"596\">\n<p data-start=\"548\" data-end=\"596\"><strong data-start=\"548\" data-end=\"574\">\u041f\u043b\u043e\u0442\u043d\u043e\u0441\u0442\u044c (10 \u00d7 10 \u0441\u043c):<\/strong> ~22 \u043f\u0435\u0442\u043b\u0438 \u00d7 28 \u0440\u044f\u0434\u043e\u0432<\/p>\n<\/li>\n<li data-start=\"597\" data-end=\"705\">\n<p data-start=\"599\" data-end=\"705\"><strong data-start=\"599\" data-end=\"627\">\u041f\u0440\u0438\u043c\u0435\u0440\u043d\u044b\u0439 \u0440\u0430\u0441\u0445\u043e\u0434:<\/strong> \u0434\u043b\u044f \u0436\u0435\u043d\u0441\u043a\u043e\u0433\u043e \u0438\u0437\u0434\u0435\u043b\u0438\u044f \u0441\u0440\u0435\u0434\u043d\u0435\u0433\u043e \u0440\u0430\u0437\u043c\u0435\u0440\u0430 \u0434\u043e 44\u201346 ~500 \u0433 (\u043e\u043a\u043e\u043b\u043e 10 \u043c\u043e\u0442\u043a\u043e\u0432)<\/p>\n<\/li>\n<li data-start=\"706\" data-end=\"796\">\n<p data-start=\"708\" data-end=\"724\"><strong data-start=\"708\" data-end=\"722\">\u0421\u043e\u0432\u0435\u0442\u044b \u043f\u043e \u0443\u0445\u043e\u0434\u0443:<\/strong><\/p>\n<ul data-start=\"727\" data-end=\"796\">\n<li data-start=\"727\" data-end=\"757\">\n<p data-start=\"729\" data-end=\"757\">\u0420\u0443\u0447\u043d\u0430\u044f \u0441\u0442\u0438\u0440\u043a\u0430 \u043f\u0440\u0438 \u0442\u0435\u043c\u043f\u0435\u0440\u0430\u0442\u0443\u0440\u0435 \u0434\u043e 30\u00b0C<\/p>\n<\/li>\n<li data-start=\"760\" data-end=\"796\">\n<p data-start=\"762\" data-end=\"796\">\u0421\u0443\u0448\u0438\u0442\u044c \u0432 \u0440\u0430\u0441\u043f\u0440\u0430\u0432\u043b\u0435\u043d\u043d\u043e\u043c \u0432\u0438\u0434\u0435 \u0432 \u0433\u043e\u0440\u0438\u0437\u043e\u043d\u0442\u0430\u043b\u044c\u043d\u043e\u043c \u043f\u043e\u043b\u043e\u0436\u0435\u043d\u0438\u0438<\/p>\n<\/li>\n<\/ul>\n<\/li>\n<\/ul>","protected":false},"excerpt":{"rendered":"<p>Medviln\u0117s ir \u0161ilko derinys pasi\u017eymi nat\u016braliu lengvumu ir subtiliu \u017evilgesiu. Medviln\u0117 suteikia tvirtumo ir kv\u0117puojan\u010dio komforto, o \u0161ilkas \u2013 \u0161velnumo bei elegancijos. Si\u016blai tinka megztiniams, kardiganams, suknel\u0117ms ar kitiems moteri\u0161kiems gaminiams, u\u017etikrinant lengvum\u0105 ir stiling\u0105 i\u0161vaizd\u0105. Sud\u0117tis: 70 % medviln\u0117, 30 % \u0161ilkas Svoris \/ metra\u017eas: 50 g &#8211; 140 m Rekomenduojami virbalai: 4,5\u20135,0 mm [&hellip;]<\/p>\n","protected":false},"featured_media":2239,"comment_status":"open","ping_status":"closed","template":"","meta":{"_acf_changed":false},"product_brand":[67],"product_cat":[15,182,18],"product_tag":[33],"pro-kategorijos":[55,77],"class_list":{"0":"post-2238","1":"product","2":"type-product","3":"status-publish","4":"has-post-thumbnail","6":"product_brand-lana-grossa","7":"product_cat-visi-produktai","8":"product_cat-ispardavimas","9":"product_cat-siulai","10":"product_tag-ispardavimas","11":"pro-kategorijos-medvilne","12":"pro-kategorijos-silkas","14":"first","15":"instock","16":"sale","17":"shipping-taxable","18":"purchasable","19":"product-type-simple"},"acf":[],"yoast_head":"<!-- This site is optimized with the Yoast SEO plugin v26.8 - https:\/\/yoast.com\/product\/yoast-seo-wordpress\/ -->\n<title>Lana Grossa Cotton Silk - Happyinaknit.com<\/title>\n<meta name=\"robots\" content=\"index, follow, max-snippet:-1, max-image-preview:large, max-video-preview:-1\" \/>\n<link rel=\"canonical\" href=\"https:\/\/happyinaknit.com\/ru\/product\/lana-grossa-cotton-silk\/\" \/>\n<meta property=\"og:locale\" content=\"ru_RU\" \/>\n<meta property=\"og:type\" content=\"article\" \/>\n<meta property=\"og:title\" content=\"Lana Grossa Cotton Silk - Happyinaknit.com\" \/>\n<meta property=\"og:description\" content=\"Medviln\u0117s ir \u0161ilko derinys pasi\u017eymi nat\u016braliu lengvumu ir subtiliu \u017evilgesiu. Medviln\u0117 suteikia tvirtumo ir kv\u0117puojan\u010dio komforto, o \u0161ilkas \u2013 \u0161velnumo bei elegancijos. Si\u016blai tinka megztiniams, kardiganams, suknel\u0117ms ar kitiems moteri\u0161kiems gaminiams, u\u017etikrinant lengvum\u0105 ir stiling\u0105 i\u0161vaizd\u0105. Sud\u0117tis: 70 % medviln\u0117, 30 % \u0161ilkas Svoris \/ metra\u017eas: 50 g &#8211; 140 m Rekomenduojami virbalai: 4,5\u20135,0 mm [&hellip;]\" \/>\n<meta property=\"og:url\" content=\"https:\/\/happyinaknit.com\/ru\/product\/lana-grossa-cotton-silk\/\" \/>\n<meta property=\"og:site_name\" content=\"Happyinaknit.com\" \/>\n<meta property=\"article:modified_time\" content=\"2025-11-13T20:27:17+00:00\" \/>\n<meta property=\"og:image\" content=\"https:\/\/happyinaknit.com\/wp-content\/uploads\/2025\/10\/IMG_8296.jpg\" \/>\n\t<meta property=\"og:image:width\" content=\"1320\" \/>\n\t<meta property=\"og:image:height\" content=\"1580\" \/>\n\t<meta property=\"og:image:type\" content=\"image\/jpeg\" \/>\n<meta name=\"twitter:card\" content=\"summary_large_image\" \/>\n<script type=\"application\/ld+json\" class=\"yoast-schema-graph\">{\"@context\":\"https:\/\/schema.org\",\"@graph\":[{\"@type\":\"WebPage\",\"@id\":\"https:\/\/happyinaknit.com\/produktas\/lana-grossa-cotton-silk\/\",\"url\":\"https:\/\/happyinaknit.com\/produktas\/lana-grossa-cotton-silk\/\",\"name\":\"Lana Grossa Cotton Silk - Happyinaknit.com\",\"isPartOf\":{\"@id\":\"https:\/\/happyinaknit.com\/lt\/#website\"},\"primaryImageOfPage\":{\"@id\":\"https:\/\/happyinaknit.com\/produktas\/lana-grossa-cotton-silk\/#primaryimage\"},\"image\":{\"@id\":\"https:\/\/happyinaknit.com\/produktas\/lana-grossa-cotton-silk\/#primaryimage\"},\"thumbnailUrl\":\"https:\/\/happyinaknit.com\/wp-content\/uploads\/2025\/10\/IMG_8296.jpg\",\"datePublished\":\"2025-10-01T21:45:38+00:00\",\"dateModified\":\"2025-11-13T20:27:17+00:00\",\"breadcrumb\":{\"@id\":\"https:\/\/happyinaknit.com\/produktas\/lana-grossa-cotton-silk\/#breadcrumb\"},\"inLanguage\":\"ru-RU\",\"potentialAction\":[{\"@type\":\"ReadAction\",\"target\":[\"https:\/\/happyinaknit.com\/produktas\/lana-grossa-cotton-silk\/\"]}]},{\"@type\":\"ImageObject\",\"inLanguage\":\"ru-RU\",\"@id\":\"https:\/\/happyinaknit.com\/produktas\/lana-grossa-cotton-silk\/#primaryimage\",\"url\":\"https:\/\/happyinaknit.com\/wp-content\/uploads\/2025\/10\/IMG_8296.jpg\",\"contentUrl\":\"https:\/\/happyinaknit.com\/wp-content\/uploads\/2025\/10\/IMG_8296.jpg\",\"width\":1320,\"height\":1580},{\"@type\":\"BreadcrumbList\",\"@id\":\"https:\/\/happyinaknit.com\/produktas\/lana-grossa-cotton-silk\/#breadcrumb\",\"itemListElement\":[{\"@type\":\"ListItem\",\"position\":1,\"name\":\"Home\",\"item\":\"https:\/\/happyinaknit.com\/lt\/\"},{\"@type\":\"ListItem\",\"position\":2,\"name\":\"Parduotuv\u0117\",\"item\":\"https:\/\/happyinaknit.com\/lt\/parduotuve\/\"},{\"@type\":\"ListItem\",\"position\":3,\"name\":\"Lana Grossa Cotton Silk\"}]},{\"@type\":\"WebSite\",\"@id\":\"https:\/\/happyinaknit.com\/lt\/#website\",\"url\":\"https:\/\/happyinaknit.com\/lt\/\",\"name\":\"Happyinaknit.com\",\"description\":\"\",\"potentialAction\":[{\"@type\":\"SearchAction\",\"target\":{\"@type\":\"EntryPoint\",\"urlTemplate\":\"https:\/\/happyinaknit.com\/lt\/?s={search_term_string}\"},\"query-input\":{\"@type\":\"PropertyValueSpecification\",\"valueRequired\":true,\"valueName\":\"search_term_string\"}}],\"inLanguage\":\"ru-RU\"}]}<\/script>\n<!-- \/ Yoast SEO plugin. -->","yoast_head_json":{"title":"Lana Grossa Cotton Silk - Happyinaknit.com","robots":{"index":"index","follow":"follow","max-snippet":"max-snippet:-1","max-image-preview":"max-image-preview:large","max-video-preview":"max-video-preview:-1"},"canonical":"https:\/\/happyinaknit.com\/ru\/product\/lana-grossa-cotton-silk\/","og_locale":"ru_RU","og_type":"article","og_title":"Lana Grossa Cotton Silk - Happyinaknit.com","og_description":"Medviln\u0117s ir \u0161ilko derinys pasi\u017eymi nat\u016braliu lengvumu ir subtiliu \u017evilgesiu. Medviln\u0117 suteikia tvirtumo ir kv\u0117puojan\u010dio komforto, o \u0161ilkas \u2013 \u0161velnumo bei elegancijos. Si\u016blai tinka megztiniams, kardiganams, suknel\u0117ms ar kitiems moteri\u0161kiems gaminiams, u\u017etikrinant lengvum\u0105 ir stiling\u0105 i\u0161vaizd\u0105. Sud\u0117tis: 70 % medviln\u0117, 30 % \u0161ilkas Svoris \/ metra\u017eas: 50 g &#8211; 140 m Rekomenduojami virbalai: 4,5\u20135,0 mm [&hellip;]","og_url":"https:\/\/happyinaknit.com\/ru\/product\/lana-grossa-cotton-silk\/","og_site_name":"Happyinaknit.com","article_modified_time":"2025-11-13T20:27:17+00:00","og_image":[{"width":1320,"height":1580,"url":"https:\/\/happyinaknit.com\/wp-content\/uploads\/2025\/10\/IMG_8296.jpg","type":"image\/jpeg"}],"twitter_card":"summary_large_image","schema":{"@context":"https:\/\/schema.org","@graph":[{"@type":"WebPage","@id":"https:\/\/happyinaknit.com\/produktas\/lana-grossa-cotton-silk\/","url":"https:\/\/happyinaknit.com\/produktas\/lana-grossa-cotton-silk\/","name":"Lana Grossa Cotton Silk - Happyinaknit.com","isPartOf":{"@id":"https:\/\/happyinaknit.com\/lt\/#website"},"primaryImageOfPage":{"@id":"https:\/\/happyinaknit.com\/produktas\/lana-grossa-cotton-silk\/#primaryimage"},"image":{"@id":"https:\/\/happyinaknit.com\/produktas\/lana-grossa-cotton-silk\/#primaryimage"},"thumbnailUrl":"https:\/\/happyinaknit.com\/wp-content\/uploads\/2025\/10\/IMG_8296.jpg","datePublished":"2025-10-01T21:45:38+00:00","dateModified":"2025-11-13T20:27:17+00:00","breadcrumb":{"@id":"https:\/\/happyinaknit.com\/produktas\/lana-grossa-cotton-silk\/#breadcrumb"},"inLanguage":"ru-RU","potentialAction":[{"@type":"ReadAction","target":["https:\/\/happyinaknit.com\/produktas\/lana-grossa-cotton-silk\/"]}]},{"@type":"ImageObject","inLanguage":"ru-RU","@id":"https:\/\/happyinaknit.com\/produktas\/lana-grossa-cotton-silk\/#primaryimage","url":"https:\/\/happyinaknit.com\/wp-content\/uploads\/2025\/10\/IMG_8296.jpg","contentUrl":"https:\/\/happyinaknit.com\/wp-content\/uploads\/2025\/10\/IMG_8296.jpg","width":1320,"height":1580},{"@type":"BreadcrumbList","@id":"https:\/\/happyinaknit.com\/produktas\/lana-grossa-cotton-silk\/#breadcrumb","itemListElement":[{"@type":"ListItem","position":1,"name":"Home","item":"https:\/\/happyinaknit.com\/lt\/"},{"@type":"ListItem","position":2,"name":"Parduotuv\u0117","item":"https:\/\/happyinaknit.com\/lt\/parduotuve\/"},{"@type":"ListItem","position":3,"name":"Lana Grossa Cotton Silk"}]},{"@type":"WebSite","@id":"https:\/\/happyinaknit.com\/lt\/#website","url":"https:\/\/happyinaknit.com\/lt\/","name":"Happyinaknit.com","description":"","potentialAction":[{"@type":"SearchAction","target":{"@type":"EntryPoint","urlTemplate":"https:\/\/happyinaknit.com\/lt\/?s={search_term_string}"},"query-input":{"@type":"PropertyValueSpecification","valueRequired":true,"valueName":"search_term_string"}}],"inLanguage":"ru-RU"}]}},"_links":{"self":[{"href":"https:\/\/happyinaknit.com\/ru\/wp-json\/wp\/v2\/product\/2238","targetHints":{"allow":["GET"]}}],"collection":[{"href":"https:\/\/happyinaknit.com\/ru\/wp-json\/wp\/v2\/product"}],"about":[{"href":"https:\/\/happyinaknit.com\/ru\/wp-json\/wp\/v2\/types\/product"}],"replies":[{"embeddable":true,"href":"https:\/\/happyinaknit.com\/ru\/wp-json\/wp\/v2\/comments?post=2238"}],"wp:featuredmedia":[{"embeddable":true,"href":"https:\/\/happyinaknit.com\/ru\/wp-json\/wp\/v2\/media\/2239"}],"wp:attachment":[{"href":"https:\/\/happyinaknit.com\/ru\/wp-json\/wp\/v2\/media?parent=2238"}],"wp:term":[{"taxonomy":"product_brand","embeddable":true,"href":"https:\/\/happyinaknit.com\/ru\/wp-json\/wp\/v2\/product_brand?post=2238"},{"taxonomy":"product_cat","embeddable":true,"href":"https:\/\/happyinaknit.com\/ru\/wp-json\/wp\/v2\/product_cat?post=2238"},{"taxonomy":"product_tag","embeddable":true,"href":"https:\/\/happyinaknit.com\/ru\/wp-json\/wp\/v2\/product_tag?post=2238"},{"taxonomy":"pro-kategorijos","embeddable":true,"href":"https:\/\/happyinaknit.com\/ru\/wp-json\/wp\/v2\/pro-kategorijos?post=2238"}],"curies":[{"name":"wp","href":"https:\/\/api.w.org\/{rel}","templated":true}]}}