{"id":2187,"date":"2025-10-01T20:41:37","date_gmt":"2025-10-01T20:41:37","guid":{"rendered":"https:\/\/happyinaknit.com\/?post_type=product&#038;p=2187"},"modified":"2026-04-04T15:17:04","modified_gmt":"2026-04-04T15:17:04","slug":"lana-grossa-natural-superkid-tweed","status":"publish","type":"product","link":"https:\/\/happyinaknit.com\/ru\/product\/lana-grossa-natural-superkid-tweed\/","title":{"rendered":"Lana Grossa Natural Superkid Tweed"},"content":{"rendered":"<p data-start=\"77\" data-end=\"466\">\u0422\u043e\u043d\u043a\u0430\u044f \u0440\u043e\u0441\u043a\u043e\u0448\u043d\u0430\u044f \u043f\u0440\u044f\u0436\u0430 \u043d\u0430 \u0448\u0435\u043b\u043a\u043e\u0432\u043e\u0439 \u043e\u0441\u043d\u043e\u0432\u0435 \u0441 \u0435\u0434\u0432\u0430 \u0437\u0430\u043c\u0435\u0442\u043d\u044b\u043c\u0438 \u0442\u0432\u0438\u0434\u043e\u0432\u044b\u043c\u0438 \u0432\u0441\u0442\u0430\u0432\u043a\u0430\u043c\u0438. \u0412\u044b\u0433\u043b\u044f\u0434\u0438\u0442 \u043d\u0435\u043e\u0431\u044b\u0447\u043d\u043e, \u044d\u043b\u0435\u0433\u0430\u043d\u0442\u043d\u043e \u0438 \u0438\u0437\u044b\u0441\u043a\u0430\u043d\u043d\u043e. \u041f\u0440\u044f\u0436\u0430 \u043f\u0443\u0448\u0438\u0441\u0442\u0430\u044f \u0438 \u043e\u0447\u0435\u043d\u044c \u043c\u044f\u0433\u043a\u0430\u044f, \u0438\u0434\u0435\u0430\u043b\u044c\u043d\u043e \u043f\u043e\u0434\u0445\u043e\u0434\u0438\u0442 \u0434\u043b\u044f \u0430\u0436\u0443\u0440\u043d\u044b\u0445 \u0438 \u0440\u043e\u0432\u043d\u044b\u0445 \u0443\u0437\u043e\u0440\u043e\u0432. \u0421\u0432\u0438\u0442\u0435\u0440\u0430 \u0438 \u043a\u0430\u0440\u0434\u0438\u0433\u0430\u043d\u044b, \u0441\u0432\u044f\u0437\u0430\u043d\u043d\u044b\u0435 \u0438\u0437 \u043d\u0435\u0451, \u0432\u044b\u0433\u043b\u044f\u0434\u044f\u0442 \u0436\u0435\u043d\u0441\u0442\u0432\u0435\u043d\u043d\u043e \u0438 \u043d\u0435\u043e\u0431\u044b\u043a\u043d\u043e\u0432\u0435\u043d\u043d\u043e \u043b\u0451\u0433\u043a\u0438\u043c\u0438.<\/p>\n<p data-start=\"468\" data-end=\"692\"><strong data-start=\"468\" data-end=\"482\">\u0414\u043b\u044f \u0432\u0434\u043e\u0445\u043d\u043e\u0432\u0435\u043d\u0438\u044f:<\/strong> \u043e\u0442 <em data-start=\"486\" data-end=\"502\">Superkid Tweed<\/em> \u043c\u043e\u0436\u043d\u043e \u0441\u0432\u044f\u0437\u0430\u0442\u044c \u043f\u043e\u043b\u043e\u0441\u0430\u0442\u043e\u0435 \u043f\u043e\u043b\u043e \u043f\u043e \u0441\u0445\u0435\u043c\u0435 <em data-start=\"539\" data-end=\"552\">Lana grossa<\/em> \u043e\u043f\u0438\u0441\u0430\u043d\u0438\u0435 \u0432 \u0436\u0443\u0440\u043d\u0430\u043b\u0435 \u2013 \u0412\u0430\u043c \u043f\u043e\u043d\u0430\u0434\u043e\u0431\u0438\u0442\u0441\u044f 3 \u043c\u043e\u0442\u043a\u0430 \u043e\u0441\u043d\u043e\u0432\u043d\u043e\u0433\u043e \u0446\u0432\u0435\u0442\u0430 \u0438 \u043f\u043e 1 \u043c\u043e\u0442\u043a\u0443 \u043a\u0430\u0436\u0434\u043e\u0433\u043e \u0438\u0437 4 \u0434\u043e\u043f\u043e\u043b\u043d\u0438\u0442\u0435\u043b\u044c\u043d\u044b\u0445 \u0446\u0432\u0435\u0442\u043e\u0432. (\u041e\u043f\u0438\u0441\u0430\u043d\u0438\u0435 \u043f\u0440\u0435\u0434\u043e\u0441\u0442\u0430\u0432\u043b\u044f\u0435\u0442\u0441\u044f \u0432 \u043f\u043e\u0434\u0430\u0440\u043e\u043a \u043f\u0440\u0438 \u043f\u043e\u043a\u0443\u043f\u043a\u0435 \u043f\u0440\u044f\u0436\u0438.)<\/p>\n<ul data-start=\"694\" data-end=\"1119\">\n<li data-start=\"694\" data-end=\"778\">\n<p data-start=\"696\" data-end=\"778\"><strong data-start=\"696\" data-end=\"708\">\u0421\u043e\u0441\u0442\u0430\u0432:<\/strong> 60 % \u043c\u043e\u0445\u0435\u0440 (Superkid), 30 % \u0448\u0435\u043b\u043a, 7 % \u0445\u043b\u043e\u043f\u043e\u043a, 3 % \u043f\u043e\u043b\u0438\u044d\u0441\u0442\u0435\u0440<\/p>\n<\/li>\n<li data-start=\"806\" data-end=\"845\">\n<p data-start=\"808\" data-end=\"845\"><strong data-start=\"808\" data-end=\"830\">\u0412\u0435\u0441\/\u0434\u043b\u0438\u043d\u0430:<\/strong> 25 \u0433 - 200 \u043c<\/p>\n<\/li>\n<li data-start=\"846\" data-end=\"889\">\n<p data-start=\"848\" data-end=\"889\"><strong data-start=\"848\" data-end=\"876\">\u0420\u0435\u043a\u043e\u043c\u0435\u043d\u0434\u0443\u0435\u043c\u044b\u0435 \u0441\u043f\u0438\u0446\u044b:<\/strong> 4,5-5,0 \u043c\u043c<\/p>\n<\/li>\n<li data-start=\"890\" data-end=\"940\">\n<p data-start=\"892\" data-end=\"940\"><strong data-start=\"892\" data-end=\"918\">\u041f\u043b\u043e\u0442\u043d\u043e\u0441\u0442\u044c (10 \u00d7 10 \u0441\u043c):<\/strong> ~21 \u043f\u0435\u0442\u043b\u044f \u00d7 30 \u0440\u044f\u0434\u043e\u0432<\/p>\n<\/li>\n<li data-start=\"941\" data-end=\"1028\">\n<p data-start=\"943\" data-end=\"1028\"><strong data-start=\"943\" data-end=\"971\">\u041f\u0440\u0438\u043c\u0435\u0440\u043d\u044b\u0439 \u0440\u0430\u0441\u0445\u043e\u0434:<\/strong> \u0434\u043b\u044f \u0441\u0440\u0435\u0434\u043d\u0435\u0433\u043e \u0436\u0435\u043d\u0441\u043a\u043e\u0433\u043e \u0438\u0437\u0434\u0435\u043b\u0438\u044f \u0434\u043e \u0440\u0430\u0437\u043c\u0435\u0440\u0430 44\u201346 ~150 \u0433<\/p>\n<\/li>\n<li data-start=\"1029\" data-end=\"1119\">\n<p data-start=\"1031\" data-end=\"1047\"><strong data-start=\"1031\" data-end=\"1045\">\u0421\u043e\u0432\u0435\u0442\u044b \u043f\u043e \u0443\u0445\u043e\u0434\u0443:<\/strong><\/p>\n<ul data-start=\"1050\" data-end=\"1119\">\n<li data-start=\"1050\" data-end=\"1080\">\n<p data-start=\"1052\" data-end=\"1080\">\u0420\u0443\u0447\u043d\u0430\u044f \u0441\u0442\u0438\u0440\u043a\u0430 \u043f\u0440\u0438 \u0442\u0435\u043c\u043f\u0435\u0440\u0430\u0442\u0443\u0440\u0435 \u0434\u043e 30\u00b0C<\/p>\n<\/li>\n<li data-start=\"1083\" data-end=\"1119\">\n<p data-start=\"1085\" data-end=\"1119\">\u0421\u0443\u0448\u0438\u0442\u044c \u0432 \u0440\u0430\u0441\u043f\u0440\u0430\u0432\u043b\u0435\u043d\u043d\u043e\u043c \u0432\u0438\u0434\u0435 \u0432 \u0433\u043e\u0440\u0438\u0437\u043e\u043d\u0442\u0430\u043b\u044c\u043d\u043e\u043c \u043f\u043e\u043b\u043e\u0436\u0435\u043d\u0438\u0438<\/p>\n<\/li>\n<\/ul>\n<\/li>\n<\/ul>","protected":false},"excerpt":{"rendered":"<p>Ploni prabang\u016bs si\u016blai \u0161ilko pagrindu su subtiliais tweed intarpais. Atrodo ne\u012fprastai, eleganti\u0161kai ir rafinuotai. Si\u016blai yra p\u016bkuoti \u00a0ir labai \u0161veln\u016bs, puikiai tinka kiaurara\u0161\u010diams bei lygioms akims. I\u0161 j\u0173 numegzti megztiniai ar kardiganai atrodo moteri\u0161kai \u00a0ir itin lengvai \u012ekv\u0117pimui: i\u0161 Superkid Tweed galima numegzti dry\u017euot\u0105 polo pagal Lana Grossa \u017eurnalo apra\u0161ym\u0105 \u2013 reik\u0117s 3 kamuoliuk\u0173 pagrindin\u0117s [&hellip;]<\/p>\n","protected":false},"featured_media":2191,"comment_status":"open","ping_status":"closed","template":"","meta":{"_acf_changed":false},"product_brand":[67],"product_cat":[15,18],"product_tag":[],"pro-kategorijos":[74,77],"class_list":{"0":"post-2187","1":"product","2":"type-product","3":"status-publish","4":"has-post-thumbnail","6":"product_brand-lana-grossa","7":"product_cat-visi-produktai","8":"product_cat-siulai","9":"pro-kategorijos-moheras","10":"pro-kategorijos-silkas","12":"first","13":"instock","14":"shipping-taxable","15":"purchasable","16":"product-type-variable"},"acf":[],"yoast_head":"<!-- This site is optimized with the Yoast SEO plugin v26.8 - https:\/\/yoast.com\/product\/yoast-seo-wordpress\/ -->\n<title>Lana Grossa Natural Superkid Tweed - Happyinaknit.com<\/title>\n<meta name=\"robots\" content=\"index, follow, max-snippet:-1, max-image-preview:large, max-video-preview:-1\" \/>\n<link rel=\"canonical\" href=\"https:\/\/happyinaknit.com\/ru\/product\/lana-grossa-natural-superkid-tweed\/\" \/>\n<meta property=\"og:locale\" content=\"ru_RU\" \/>\n<meta property=\"og:type\" content=\"article\" \/>\n<meta property=\"og:title\" content=\"Lana Grossa Natural Superkid Tweed - Happyinaknit.com\" \/>\n<meta property=\"og:description\" content=\"Ploni prabang\u016bs si\u016blai \u0161ilko pagrindu su subtiliais tweed intarpais. Atrodo ne\u012fprastai, eleganti\u0161kai ir rafinuotai. Si\u016blai yra p\u016bkuoti \u00a0ir labai \u0161veln\u016bs, puikiai tinka kiaurara\u0161\u010diams bei lygioms akims. I\u0161 j\u0173 numegzti megztiniai ar kardiganai atrodo moteri\u0161kai \u00a0ir itin lengvai \u012ekv\u0117pimui: i\u0161 Superkid Tweed galima numegzti dry\u017euot\u0105 polo pagal Lana Grossa \u017eurnalo apra\u0161ym\u0105 \u2013 reik\u0117s 3 kamuoliuk\u0173 pagrindin\u0117s [&hellip;]\" \/>\n<meta property=\"og:url\" content=\"https:\/\/happyinaknit.com\/ru\/product\/lana-grossa-natural-superkid-tweed\/\" \/>\n<meta property=\"og:site_name\" content=\"Happyinaknit.com\" \/>\n<meta property=\"article:modified_time\" content=\"2026-04-04T15:17:04+00:00\" \/>\n<meta property=\"og:image\" content=\"https:\/\/happyinaknit.com\/wp-content\/uploads\/2025\/10\/IMG_8282.jpg\" \/>\n\t<meta property=\"og:image:width\" content=\"1280\" \/>\n\t<meta property=\"og:image:height\" content=\"1479\" \/>\n\t<meta property=\"og:image:type\" content=\"image\/jpeg\" \/>\n<meta name=\"twitter:card\" content=\"summary_large_image\" \/>\n<meta name=\"twitter:label1\" content=\"\u041f\u0440\u0438\u043c\u0435\u0440\u043d\u043e\u0435 \u0432\u0440\u0435\u043c\u044f \u0434\u043b\u044f \u0447\u0442\u0435\u043d\u0438\u044f\" \/>\n\t<meta name=\"twitter:data1\" content=\"1 \u043c\u0438\u043d\u0443\u0442\u0430\" \/>\n<script type=\"application\/ld+json\" class=\"yoast-schema-graph\">{\"@context\":\"https:\/\/schema.org\",\"@graph\":[{\"@type\":\"WebPage\",\"@id\":\"https:\/\/happyinaknit.com\/produktas\/lana-grossa-natural-superkid-tweed\/\",\"url\":\"https:\/\/happyinaknit.com\/produktas\/lana-grossa-natural-superkid-tweed\/\",\"name\":\"Lana Grossa Natural Superkid Tweed - Happyinaknit.com\",\"isPartOf\":{\"@id\":\"https:\/\/happyinaknit.com\/lt\/#website\"},\"primaryImageOfPage\":{\"@id\":\"https:\/\/happyinaknit.com\/produktas\/lana-grossa-natural-superkid-tweed\/#primaryimage\"},\"image\":{\"@id\":\"https:\/\/happyinaknit.com\/produktas\/lana-grossa-natural-superkid-tweed\/#primaryimage\"},\"thumbnailUrl\":\"https:\/\/happyinaknit.com\/wp-content\/uploads\/2025\/10\/IMG_8282.jpg\",\"datePublished\":\"2025-10-01T20:41:37+00:00\",\"dateModified\":\"2026-04-04T15:17:04+00:00\",\"breadcrumb\":{\"@id\":\"https:\/\/happyinaknit.com\/produktas\/lana-grossa-natural-superkid-tweed\/#breadcrumb\"},\"inLanguage\":\"ru-RU\",\"potentialAction\":[{\"@type\":\"ReadAction\",\"target\":[\"https:\/\/happyinaknit.com\/produktas\/lana-grossa-natural-superkid-tweed\/\"]}]},{\"@type\":\"ImageObject\",\"inLanguage\":\"ru-RU\",\"@id\":\"https:\/\/happyinaknit.com\/produktas\/lana-grossa-natural-superkid-tweed\/#primaryimage\",\"url\":\"https:\/\/happyinaknit.com\/wp-content\/uploads\/2025\/10\/IMG_8282.jpg\",\"contentUrl\":\"https:\/\/happyinaknit.com\/wp-content\/uploads\/2025\/10\/IMG_8282.jpg\",\"width\":1280,\"height\":1479},{\"@type\":\"BreadcrumbList\",\"@id\":\"https:\/\/happyinaknit.com\/produktas\/lana-grossa-natural-superkid-tweed\/#breadcrumb\",\"itemListElement\":[{\"@type\":\"ListItem\",\"position\":1,\"name\":\"Home\",\"item\":\"https:\/\/happyinaknit.com\/lt\/\"},{\"@type\":\"ListItem\",\"position\":2,\"name\":\"Parduotuv\u0117\",\"item\":\"https:\/\/happyinaknit.com\/lt\/parduotuve\/\"},{\"@type\":\"ListItem\",\"position\":3,\"name\":\"Lana Grossa Natural Superkid Tweed\"}]},{\"@type\":\"WebSite\",\"@id\":\"https:\/\/happyinaknit.com\/lt\/#website\",\"url\":\"https:\/\/happyinaknit.com\/lt\/\",\"name\":\"Happyinaknit.com\",\"description\":\"\",\"potentialAction\":[{\"@type\":\"SearchAction\",\"target\":{\"@type\":\"EntryPoint\",\"urlTemplate\":\"https:\/\/happyinaknit.com\/lt\/?s={search_term_string}\"},\"query-input\":{\"@type\":\"PropertyValueSpecification\",\"valueRequired\":true,\"valueName\":\"search_term_string\"}}],\"inLanguage\":\"ru-RU\"}]}<\/script>\n<!-- \/ Yoast SEO plugin. -->","yoast_head_json":{"title":"Lana Grossa Natural Superkid Tweed - Happyinaknit.com","robots":{"index":"index","follow":"follow","max-snippet":"max-snippet:-1","max-image-preview":"max-image-preview:large","max-video-preview":"max-video-preview:-1"},"canonical":"https:\/\/happyinaknit.com\/ru\/product\/lana-grossa-natural-superkid-tweed\/","og_locale":"ru_RU","og_type":"article","og_title":"Lana Grossa Natural Superkid Tweed - Happyinaknit.com","og_description":"Ploni prabang\u016bs si\u016blai \u0161ilko pagrindu su subtiliais tweed intarpais. Atrodo ne\u012fprastai, eleganti\u0161kai ir rafinuotai. Si\u016blai yra p\u016bkuoti \u00a0ir labai \u0161veln\u016bs, puikiai tinka kiaurara\u0161\u010diams bei lygioms akims. I\u0161 j\u0173 numegzti megztiniai ar kardiganai atrodo moteri\u0161kai \u00a0ir itin lengvai \u012ekv\u0117pimui: i\u0161 Superkid Tweed galima numegzti dry\u017euot\u0105 polo pagal Lana Grossa \u017eurnalo apra\u0161ym\u0105 \u2013 reik\u0117s 3 kamuoliuk\u0173 pagrindin\u0117s [&hellip;]","og_url":"https:\/\/happyinaknit.com\/ru\/product\/lana-grossa-natural-superkid-tweed\/","og_site_name":"Happyinaknit.com","article_modified_time":"2026-04-04T15:17:04+00:00","og_image":[{"width":1280,"height":1479,"url":"https:\/\/happyinaknit.com\/wp-content\/uploads\/2025\/10\/IMG_8282.jpg","type":"image\/jpeg"}],"twitter_card":"summary_large_image","twitter_misc":{"\u041f\u0440\u0438\u043c\u0435\u0440\u043d\u043e\u0435 \u0432\u0440\u0435\u043c\u044f \u0434\u043b\u044f \u0447\u0442\u0435\u043d\u0438\u044f":"1 \u043c\u0438\u043d\u0443\u0442\u0430"},"schema":{"@context":"https:\/\/schema.org","@graph":[{"@type":"WebPage","@id":"https:\/\/happyinaknit.com\/produktas\/lana-grossa-natural-superkid-tweed\/","url":"https:\/\/happyinaknit.com\/produktas\/lana-grossa-natural-superkid-tweed\/","name":"Lana Grossa Natural Superkid Tweed - Happyinaknit.com","isPartOf":{"@id":"https:\/\/happyinaknit.com\/lt\/#website"},"primaryImageOfPage":{"@id":"https:\/\/happyinaknit.com\/produktas\/lana-grossa-natural-superkid-tweed\/#primaryimage"},"image":{"@id":"https:\/\/happyinaknit.com\/produktas\/lana-grossa-natural-superkid-tweed\/#primaryimage"},"thumbnailUrl":"https:\/\/happyinaknit.com\/wp-content\/uploads\/2025\/10\/IMG_8282.jpg","datePublished":"2025-10-01T20:41:37+00:00","dateModified":"2026-04-04T15:17:04+00:00","breadcrumb":{"@id":"https:\/\/happyinaknit.com\/produktas\/lana-grossa-natural-superkid-tweed\/#breadcrumb"},"inLanguage":"ru-RU","potentialAction":[{"@type":"ReadAction","target":["https:\/\/happyinaknit.com\/produktas\/lana-grossa-natural-superkid-tweed\/"]}]},{"@type":"ImageObject","inLanguage":"ru-RU","@id":"https:\/\/happyinaknit.com\/produktas\/lana-grossa-natural-superkid-tweed\/#primaryimage","url":"https:\/\/happyinaknit.com\/wp-content\/uploads\/2025\/10\/IMG_8282.jpg","contentUrl":"https:\/\/happyinaknit.com\/wp-content\/uploads\/2025\/10\/IMG_8282.jpg","width":1280,"height":1479},{"@type":"BreadcrumbList","@id":"https:\/\/happyinaknit.com\/produktas\/lana-grossa-natural-superkid-tweed\/#breadcrumb","itemListElement":[{"@type":"ListItem","position":1,"name":"Home","item":"https:\/\/happyinaknit.com\/lt\/"},{"@type":"ListItem","position":2,"name":"Parduotuv\u0117","item":"https:\/\/happyinaknit.com\/lt\/parduotuve\/"},{"@type":"ListItem","position":3,"name":"Lana Grossa Natural Superkid Tweed"}]},{"@type":"WebSite","@id":"https:\/\/happyinaknit.com\/lt\/#website","url":"https:\/\/happyinaknit.com\/lt\/","name":"Happyinaknit.com","description":"","potentialAction":[{"@type":"SearchAction","target":{"@type":"EntryPoint","urlTemplate":"https:\/\/happyinaknit.com\/lt\/?s={search_term_string}"},"query-input":{"@type":"PropertyValueSpecification","valueRequired":true,"valueName":"search_term_string"}}],"inLanguage":"ru-RU"}]}},"_links":{"self":[{"href":"https:\/\/happyinaknit.com\/ru\/wp-json\/wp\/v2\/product\/2187","targetHints":{"allow":["GET"]}}],"collection":[{"href":"https:\/\/happyinaknit.com\/ru\/wp-json\/wp\/v2\/product"}],"about":[{"href":"https:\/\/happyinaknit.com\/ru\/wp-json\/wp\/v2\/types\/product"}],"replies":[{"embeddable":true,"href":"https:\/\/happyinaknit.com\/ru\/wp-json\/wp\/v2\/comments?post=2187"}],"wp:featuredmedia":[{"embeddable":true,"href":"https:\/\/happyinaknit.com\/ru\/wp-json\/wp\/v2\/media\/2191"}],"wp:attachment":[{"href":"https:\/\/happyinaknit.com\/ru\/wp-json\/wp\/v2\/media?parent=2187"}],"wp:term":[{"taxonomy":"product_brand","embeddable":true,"href":"https:\/\/happyinaknit.com\/ru\/wp-json\/wp\/v2\/product_brand?post=2187"},{"taxonomy":"product_cat","embeddable":true,"href":"https:\/\/happyinaknit.com\/ru\/wp-json\/wp\/v2\/product_cat?post=2187"},{"taxonomy":"product_tag","embeddable":true,"href":"https:\/\/happyinaknit.com\/ru\/wp-json\/wp\/v2\/product_tag?post=2187"},{"taxonomy":"pro-kategorijos","embeddable":true,"href":"https:\/\/happyinaknit.com\/ru\/wp-json\/wp\/v2\/pro-kategorijos?post=2187"}],"curies":[{"name":"wp","href":"https:\/\/api.w.org\/{rel}","templated":true}]}}