{"id":2167,"date":"2025-10-01T19:10:29","date_gmt":"2025-10-01T19:10:29","guid":{"rendered":"https:\/\/happyinaknit.com\/?post_type=product&#038;p=2167"},"modified":"2025-11-13T20:28:40","modified_gmt":"2025-11-13T20:28:40","slug":"lana-grossa-elastico","status":"publish","type":"product","link":"https:\/\/happyinaknit.com\/ru\/product\/lana-grossa-elastico\/","title":{"rendered":"Lana Grossa Elastico"},"content":{"rendered":"<p data-start=\"102\" data-end=\"450\">\u041c\u044f\u0433\u043a\u0430\u044f, \u044d\u043b\u0430\u0441\u0442\u0438\u0447\u043d\u0430\u044f \u0445\u043b\u043e\u043f\u043a\u043e\u0432\u0430\u044f \u043f\u0440\u044f\u0436\u0430, \u043e\u0442\u043b\u0438\u0447\u0430\u044e\u0449\u0430\u044f\u0441\u044f \u0432\u044b\u0441\u043e\u043a\u043e\u0439 \u044d\u043b\u0430\u0441\u0442\u0438\u0447\u043d\u043e\u0441\u0442\u044c\u044e \u0438 \u0443\u0441\u0442\u043e\u0439\u0447\u0438\u0432\u043e\u0441\u0442\u044c\u044e \u043a \u0434\u0435\u0444\u043e\u0440\u043c\u0430\u0446\u0438\u044f\u043c. \u0421\u043e\u0447\u0435\u0442\u0430\u043d\u0438\u0435 \u0445\u043b\u043e\u043f\u043a\u0430 \u0438 \u0432\u044b\u0441\u043e\u043a\u043e\u043a\u0430\u0447\u0435\u0441\u0442\u0432\u0435\u043d\u043d\u043e\u0433\u043e \u044d\u043b\u0430\u0441\u0442\u0430\u043d\u0430 \u043e\u0431\u0435\u0441\u043f\u0435\u0447\u0438\u0432\u0430\u0435\u0442 \u0442\u0440\u0438\u043a\u043e\u0442\u0430\u0436\u043d\u044b\u043c \u0438\u0437\u0434\u0435\u043b\u0438\u044f\u043c \u043a\u043e\u043c\u0444\u043e\u0440\u0442 \u0438 \u0441\u0432\u043e\u0431\u043e\u0434\u0443 \u0434\u0432\u0438\u0436\u0435\u043d\u0438\u0439. \u0413\u043b\u0430\u0434\u043a\u0430\u044f \u043f\u043e\u0432\u0435\u0440\u0445\u043d\u043e\u0441\u0442\u044c \u0432\u044f\u0437\u043a\u0438 \u0438 \u0448\u0438\u0440\u043e\u043a\u0438\u0439 \u0432\u044b\u0431\u043e\u0440 \u0446\u0432\u0435\u0442\u043e\u0432 \u0434\u0435\u043b\u0430\u044e\u0442 \u044d\u0442\u0443 \u043a\u043b\u0430\u0441\u0441\u0438\u0447\u0435\u0441\u043a\u0443\u044e \u0443\u043d\u0438\u0432\u0435\u0440\u0441\u0430\u043b\u044c\u043d\u0443\u044e \u043f\u0440\u044f\u0436\u0443 \u0434\u043b\u044f \u043b\u044e\u0431\u043e\u0433\u043e \u0441\u0435\u0437\u043e\u043d\u0430.<\/p>\n<ul data-start=\"452\" data-end=\"846\">\n<li data-start=\"452\" data-end=\"499\">\n<p data-start=\"454\" data-end=\"499\"><strong data-start=\"454\" data-end=\"466\">\u0421\u043e\u0441\u0442\u0430\u0432:<\/strong> 96 % \u0445\u043b\u043e\u043f\u043e\u043a, 4 % \u043f\u043e\u043b\u0438\u0441\u0442\u0435\u0440 (elit\u00e9)<\/p>\n<\/li>\n<li data-start=\"527\" data-end=\"566\">\n<p data-start=\"529\" data-end=\"566\"><strong data-start=\"529\" data-end=\"551\">\u0412\u0435\u0441\/\u0434\u043b\u0438\u043d\u0430:<\/strong> 50 \u0433 - 160 \u043c<\/p>\n<\/li>\n<li data-start=\"567\" data-end=\"610\">\n<p data-start=\"569\" data-end=\"610\"><strong data-start=\"569\" data-end=\"597\">\u0420\u0435\u043a\u043e\u043c\u0435\u043d\u0434\u0443\u0435\u043c\u044b\u0435 \u0441\u043f\u0438\u0446\u044b:<\/strong> 3,5-4,5 \u043c\u043c<\/p>\n<\/li>\n<li data-start=\"611\" data-end=\"659\">\n<p data-start=\"613\" data-end=\"659\"><strong data-start=\"613\" data-end=\"637\">\u041f\u043b\u043e\u0442\u043d\u043e\u0441\u0442\u044c: \u00a0<\/strong>10 \u00d7 10 \u0441\u043c ~24 \u043f\u0435\u0442\u043b\u0438 \u00d7 36 \u0440\u044f\u0434\u043e\u0432<\/p>\n<\/li>\n<li data-start=\"660\" data-end=\"755\">\n<p data-start=\"662\" data-end=\"755\"><strong data-start=\"662\" data-end=\"690\">\u041f\u0440\u0438\u043c\u0435\u0440\u043d\u044b\u0439 \u0440\u0430\u0441\u0445\u043e\u0434:<\/strong> \u0434\u043b\u044f \u0436\u0435\u043d\u0441\u043a\u043e\u0433\u043e \u0438\u0437\u0434\u0435\u043b\u0438\u044f \u0441\u0440\u0435\u0434\u043d\u0435\u0433\u043e \u0440\u0430\u0437\u043c\u0435\u0440\u0430 \u0434\u043e 44\u201346 ~8 \u043c\u043e\u0442\u043a\u043e\u0432<\/p>\n<\/li>\n<li data-start=\"756\" data-end=\"846\">\n<p data-start=\"758\" data-end=\"774\"><strong data-start=\"758\" data-end=\"772\">\u0421\u043e\u0432\u0435\u0442\u044b \u043f\u043e \u0443\u0445\u043e\u0434\u0443:<\/strong><\/p>\n<ul data-start=\"777\" data-end=\"846\">\n<li data-start=\"777\" data-end=\"807\">\n<p data-start=\"779\" data-end=\"807\">\u0420\u0443\u0447\u043d\u0430\u044f \u0441\u0442\u0438\u0440\u043a\u0430 \u043f\u0440\u0438 \u0442\u0435\u043c\u043f\u0435\u0440\u0430\u0442\u0443\u0440\u0435 \u0434\u043e 30\u00b0C<\/p>\n<\/li>\n<li data-start=\"810\" data-end=\"846\">\n<p data-start=\"812\" data-end=\"846\">\u0421\u0443\u0448\u0438\u0442\u044c \u0432 \u0440\u0430\u0441\u043f\u0440\u0430\u0432\u043b\u0435\u043d\u043d\u043e\u043c \u0432\u0438\u0434\u0435 \u0432 \u0433\u043e\u0440\u0438\u0437\u043e\u043d\u0442\u0430\u043b\u044c\u043d\u043e\u043c \u043f\u043e\u043b\u043e\u0436\u0435\u043d\u0438\u0438<\/p>\n<\/li>\n<\/ul>\n<\/li>\n<\/ul>","protected":false},"excerpt":{"rendered":"<p>Mink\u0161ta, elastinga medviln\u0117s verpal\u0173 r\u016b\u0161is, pasi\u017eyminti dideliu tamprumu ir atsparumu deformacijai. Medviln\u0117s ir auk\u0161tos kokyb\u0117s elastano derinys suteikia mezginiams komforto ir judesi\u0173 laisv\u0119. Lygus mezginio pavir\u0161ius bei platus spalv\u0173 pasirinkimas paver\u010dia \u0161i\u0105 klasikine universalia si\u016bl\u0173 r\u016b\u0161imi visiems met\u0173 laikams. Sud\u0117tis: 96 % medviln\u0117, 4 % poliesteris (elit\u00e9) Svoris \/ metra\u017eas: 50 g &#8211; 160 m [&hellip;]<\/p>\n","protected":false},"featured_media":2168,"comment_status":"open","ping_status":"closed","template":"","meta":{"_acf_changed":false},"product_brand":[67],"product_cat":[15,182,18],"product_tag":[33],"pro-kategorijos":[55],"class_list":{"0":"post-2167","1":"product","2":"type-product","3":"status-publish","4":"has-post-thumbnail","6":"product_brand-lana-grossa","7":"product_cat-visi-produktai","8":"product_cat-ispardavimas","9":"product_cat-siulai","10":"product_tag-ispardavimas","11":"pro-kategorijos-medvilne","13":"first","14":"instock","15":"sale","16":"shipping-taxable","17":"purchasable","18":"product-type-variable"},"acf":[],"yoast_head":"<!-- This site is optimized with the Yoast SEO plugin v26.8 - https:\/\/yoast.com\/product\/yoast-seo-wordpress\/ -->\n<title>Lana Grossa Elastico - Happyinaknit.com<\/title>\n<meta name=\"robots\" content=\"index, follow, max-snippet:-1, max-image-preview:large, max-video-preview:-1\" \/>\n<link rel=\"canonical\" href=\"https:\/\/happyinaknit.com\/ru\/product\/lana-grossa-elastico\/\" \/>\n<meta property=\"og:locale\" content=\"ru_RU\" \/>\n<meta property=\"og:type\" content=\"article\" \/>\n<meta property=\"og:title\" content=\"Lana Grossa Elastico - Happyinaknit.com\" \/>\n<meta property=\"og:description\" content=\"Mink\u0161ta, elastinga medviln\u0117s verpal\u0173 r\u016b\u0161is, pasi\u017eyminti dideliu tamprumu ir atsparumu deformacijai. Medviln\u0117s ir auk\u0161tos kokyb\u0117s elastano derinys suteikia mezginiams komforto ir judesi\u0173 laisv\u0119. Lygus mezginio pavir\u0161ius bei platus spalv\u0173 pasirinkimas paver\u010dia \u0161i\u0105 klasikine universalia si\u016bl\u0173 r\u016b\u0161imi visiems met\u0173 laikams. Sud\u0117tis: 96 % medviln\u0117, 4 % poliesteris (elit\u00e9) Svoris \/ metra\u017eas: 50 g &#8211; 160 m [&hellip;]\" \/>\n<meta property=\"og:url\" content=\"https:\/\/happyinaknit.com\/ru\/product\/lana-grossa-elastico\/\" \/>\n<meta property=\"og:site_name\" content=\"Happyinaknit.com\" \/>\n<meta property=\"article:modified_time\" content=\"2025-11-13T20:28:40+00:00\" \/>\n<meta property=\"og:image\" content=\"https:\/\/happyinaknit.com\/wp-content\/uploads\/2025\/10\/IMG_8253.jpg\" \/>\n\t<meta property=\"og:image:width\" content=\"1290\" \/>\n\t<meta property=\"og:image:height\" content=\"1533\" \/>\n\t<meta property=\"og:image:type\" content=\"image\/jpeg\" \/>\n<meta name=\"twitter:card\" content=\"summary_large_image\" \/>\n<script type=\"application\/ld+json\" class=\"yoast-schema-graph\">{\"@context\":\"https:\/\/schema.org\",\"@graph\":[{\"@type\":\"WebPage\",\"@id\":\"https:\/\/happyinaknit.com\/produktas\/lana-grossa-elastico\/\",\"url\":\"https:\/\/happyinaknit.com\/produktas\/lana-grossa-elastico\/\",\"name\":\"Lana Grossa Elastico - Happyinaknit.com\",\"isPartOf\":{\"@id\":\"https:\/\/happyinaknit.com\/lt\/#website\"},\"primaryImageOfPage\":{\"@id\":\"https:\/\/happyinaknit.com\/produktas\/lana-grossa-elastico\/#primaryimage\"},\"image\":{\"@id\":\"https:\/\/happyinaknit.com\/produktas\/lana-grossa-elastico\/#primaryimage\"},\"thumbnailUrl\":\"https:\/\/happyinaknit.com\/wp-content\/uploads\/2025\/10\/IMG_8253.jpg\",\"datePublished\":\"2025-10-01T19:10:29+00:00\",\"dateModified\":\"2025-11-13T20:28:40+00:00\",\"breadcrumb\":{\"@id\":\"https:\/\/happyinaknit.com\/produktas\/lana-grossa-elastico\/#breadcrumb\"},\"inLanguage\":\"ru-RU\",\"potentialAction\":[{\"@type\":\"ReadAction\",\"target\":[\"https:\/\/happyinaknit.com\/produktas\/lana-grossa-elastico\/\"]}]},{\"@type\":\"ImageObject\",\"inLanguage\":\"ru-RU\",\"@id\":\"https:\/\/happyinaknit.com\/produktas\/lana-grossa-elastico\/#primaryimage\",\"url\":\"https:\/\/happyinaknit.com\/wp-content\/uploads\/2025\/10\/IMG_8253.jpg\",\"contentUrl\":\"https:\/\/happyinaknit.com\/wp-content\/uploads\/2025\/10\/IMG_8253.jpg\",\"width\":1290,\"height\":1533},{\"@type\":\"BreadcrumbList\",\"@id\":\"https:\/\/happyinaknit.com\/produktas\/lana-grossa-elastico\/#breadcrumb\",\"itemListElement\":[{\"@type\":\"ListItem\",\"position\":1,\"name\":\"Home\",\"item\":\"https:\/\/happyinaknit.com\/lt\/\"},{\"@type\":\"ListItem\",\"position\":2,\"name\":\"Parduotuv\u0117\",\"item\":\"https:\/\/happyinaknit.com\/lt\/parduotuve\/\"},{\"@type\":\"ListItem\",\"position\":3,\"name\":\"Lana Grossa Elastico\"}]},{\"@type\":\"WebSite\",\"@id\":\"https:\/\/happyinaknit.com\/lt\/#website\",\"url\":\"https:\/\/happyinaknit.com\/lt\/\",\"name\":\"Happyinaknit.com\",\"description\":\"\",\"potentialAction\":[{\"@type\":\"SearchAction\",\"target\":{\"@type\":\"EntryPoint\",\"urlTemplate\":\"https:\/\/happyinaknit.com\/lt\/?s={search_term_string}\"},\"query-input\":{\"@type\":\"PropertyValueSpecification\",\"valueRequired\":true,\"valueName\":\"search_term_string\"}}],\"inLanguage\":\"ru-RU\"}]}<\/script>\n<!-- \/ Yoast SEO plugin. -->","yoast_head_json":{"title":"Lana Grossa Elastico - Happyinaknit.com","robots":{"index":"index","follow":"follow","max-snippet":"max-snippet:-1","max-image-preview":"max-image-preview:large","max-video-preview":"max-video-preview:-1"},"canonical":"https:\/\/happyinaknit.com\/ru\/product\/lana-grossa-elastico\/","og_locale":"ru_RU","og_type":"article","og_title":"Lana Grossa Elastico - Happyinaknit.com","og_description":"Mink\u0161ta, elastinga medviln\u0117s verpal\u0173 r\u016b\u0161is, pasi\u017eyminti dideliu tamprumu ir atsparumu deformacijai. Medviln\u0117s ir auk\u0161tos kokyb\u0117s elastano derinys suteikia mezginiams komforto ir judesi\u0173 laisv\u0119. Lygus mezginio pavir\u0161ius bei platus spalv\u0173 pasirinkimas paver\u010dia \u0161i\u0105 klasikine universalia si\u016bl\u0173 r\u016b\u0161imi visiems met\u0173 laikams. Sud\u0117tis: 96 % medviln\u0117, 4 % poliesteris (elit\u00e9) Svoris \/ metra\u017eas: 50 g &#8211; 160 m [&hellip;]","og_url":"https:\/\/happyinaknit.com\/ru\/product\/lana-grossa-elastico\/","og_site_name":"Happyinaknit.com","article_modified_time":"2025-11-13T20:28:40+00:00","og_image":[{"width":1290,"height":1533,"url":"https:\/\/happyinaknit.com\/wp-content\/uploads\/2025\/10\/IMG_8253.jpg","type":"image\/jpeg"}],"twitter_card":"summary_large_image","schema":{"@context":"https:\/\/schema.org","@graph":[{"@type":"WebPage","@id":"https:\/\/happyinaknit.com\/produktas\/lana-grossa-elastico\/","url":"https:\/\/happyinaknit.com\/produktas\/lana-grossa-elastico\/","name":"Lana Grossa Elastico - Happyinaknit.com","isPartOf":{"@id":"https:\/\/happyinaknit.com\/lt\/#website"},"primaryImageOfPage":{"@id":"https:\/\/happyinaknit.com\/produktas\/lana-grossa-elastico\/#primaryimage"},"image":{"@id":"https:\/\/happyinaknit.com\/produktas\/lana-grossa-elastico\/#primaryimage"},"thumbnailUrl":"https:\/\/happyinaknit.com\/wp-content\/uploads\/2025\/10\/IMG_8253.jpg","datePublished":"2025-10-01T19:10:29+00:00","dateModified":"2025-11-13T20:28:40+00:00","breadcrumb":{"@id":"https:\/\/happyinaknit.com\/produktas\/lana-grossa-elastico\/#breadcrumb"},"inLanguage":"ru-RU","potentialAction":[{"@type":"ReadAction","target":["https:\/\/happyinaknit.com\/produktas\/lana-grossa-elastico\/"]}]},{"@type":"ImageObject","inLanguage":"ru-RU","@id":"https:\/\/happyinaknit.com\/produktas\/lana-grossa-elastico\/#primaryimage","url":"https:\/\/happyinaknit.com\/wp-content\/uploads\/2025\/10\/IMG_8253.jpg","contentUrl":"https:\/\/happyinaknit.com\/wp-content\/uploads\/2025\/10\/IMG_8253.jpg","width":1290,"height":1533},{"@type":"BreadcrumbList","@id":"https:\/\/happyinaknit.com\/produktas\/lana-grossa-elastico\/#breadcrumb","itemListElement":[{"@type":"ListItem","position":1,"name":"Home","item":"https:\/\/happyinaknit.com\/lt\/"},{"@type":"ListItem","position":2,"name":"Parduotuv\u0117","item":"https:\/\/happyinaknit.com\/lt\/parduotuve\/"},{"@type":"ListItem","position":3,"name":"Lana Grossa Elastico"}]},{"@type":"WebSite","@id":"https:\/\/happyinaknit.com\/lt\/#website","url":"https:\/\/happyinaknit.com\/lt\/","name":"Happyinaknit.com","description":"","potentialAction":[{"@type":"SearchAction","target":{"@type":"EntryPoint","urlTemplate":"https:\/\/happyinaknit.com\/lt\/?s={search_term_string}"},"query-input":{"@type":"PropertyValueSpecification","valueRequired":true,"valueName":"search_term_string"}}],"inLanguage":"ru-RU"}]}},"_links":{"self":[{"href":"https:\/\/happyinaknit.com\/ru\/wp-json\/wp\/v2\/product\/2167","targetHints":{"allow":["GET"]}}],"collection":[{"href":"https:\/\/happyinaknit.com\/ru\/wp-json\/wp\/v2\/product"}],"about":[{"href":"https:\/\/happyinaknit.com\/ru\/wp-json\/wp\/v2\/types\/product"}],"replies":[{"embeddable":true,"href":"https:\/\/happyinaknit.com\/ru\/wp-json\/wp\/v2\/comments?post=2167"}],"wp:featuredmedia":[{"embeddable":true,"href":"https:\/\/happyinaknit.com\/ru\/wp-json\/wp\/v2\/media\/2168"}],"wp:attachment":[{"href":"https:\/\/happyinaknit.com\/ru\/wp-json\/wp\/v2\/media?parent=2167"}],"wp:term":[{"taxonomy":"product_brand","embeddable":true,"href":"https:\/\/happyinaknit.com\/ru\/wp-json\/wp\/v2\/product_brand?post=2167"},{"taxonomy":"product_cat","embeddable":true,"href":"https:\/\/happyinaknit.com\/ru\/wp-json\/wp\/v2\/product_cat?post=2167"},{"taxonomy":"product_tag","embeddable":true,"href":"https:\/\/happyinaknit.com\/ru\/wp-json\/wp\/v2\/product_tag?post=2167"},{"taxonomy":"pro-kategorijos","embeddable":true,"href":"https:\/\/happyinaknit.com\/ru\/wp-json\/wp\/v2\/pro-kategorijos?post=2167"}],"curies":[{"name":"wp","href":"https:\/\/api.w.org\/{rel}","templated":true}]}}