{"id":2135,"date":"2025-10-01T10:17:13","date_gmt":"2025-10-01T10:17:13","guid":{"rendered":"https:\/\/happyinaknit.com\/?post_type=product&#038;p=2135"},"modified":"2026-04-05T16:30:04","modified_gmt":"2026-04-05T16:30:04","slug":"fonty-coeur-dangora","status":"publish","type":"product","link":"https:\/\/happyinaknit.com\/ru\/product\/fonty-coeur-dangora\/","title":{"rendered":"Fonty Coeur D\u2019Angora"},"content":{"rendered":"<p data-start=\"160\" data-end=\"572\">\u0420\u043e\u0441\u043a\u043e\u0448\u043d\u0430\u044f \u043f\u0440\u044f\u0436\u0430 \u0438\u0437 \u0448\u0435\u0440\u0441\u0442\u0438 \u0444\u0440\u0430\u043d\u0446\u0443\u0437\u0441\u043a\u043e\u0433\u043e \u0430\u043d\u0433\u043e\u0440\u0441\u043a\u043e\u0433\u043e \u043a\u0440\u043e\u043b\u0438\u043a\u0430 80% \u0438 \u0448\u0435\u0440\u0441\u0442\u0438 \u043c\u0435\u0440\u0438\u043d\u043e\u0441\u0430 20%. Fonty \u0438\u0441\u043f\u043e\u043b\u044c\u0437\u0443\u0435\u0442 \u0430\u043d\u0433\u043e\u0440\u0441\u043a\u043e\u0435 \u0432\u043e\u043b\u043e\u043a\u043d\u043e, \u043f\u043e\u043b\u0443\u0447\u0430\u0435\u043c\u043e\u0435  \u043e\u0442 \u043f\u043e\u0441\u043b\u0435\u0434\u043d\u0438\u0445 \u0442\u0440\u0430\u0434\u0438\u0446\u0438\u043e\u043d\u043d\u044b\u0445 \u0444\u0440\u0430\u043d\u0446\u0443\u0437\u0441\u043a\u0438\u0445 \u0437\u0430\u0432\u043e\u0434\u0447\u0438\u043a\u043e\u0432, \u0441\u0442\u0440\u043e\u0433\u043e \u0441\u043e\u0431\u043b\u044e\u0434\u0430\u044e\u0449\u0438\u0435 \u0425\u0430\u0440\u0442\u0438\u044e \u0437\u0430\u0449\u0438\u0442\u044b \u0436\u0438\u0432\u043e\u0442\u043d\u044b\u0445. \u0421\u043e\u0447\u0435\u0442\u0430\u043d\u0438\u0435 \u044d\u0442\u0438\u0445 \u0434\u0432\u0443\u0445 \u0438\u0441\u043a\u043b\u044e\u0447\u0438\u0442\u0435\u043b\u044c\u043d\u044b\u0445 \u0432\u043e\u043b\u043e\u043a\u043e\u043d \u043f\u0440\u0438\u0434\u0430\u0451\u0442 \u043f\u0440\u044f\u0436\u0435 \u043d\u0435\u043e\u0431\u044b\u043a\u043d\u043e\u0432\u0435\u043d\u043d\u0443\u044e \u043c\u044f\u0433\u043a\u043e\u0441\u0442\u044c, \u043b\u0451\u0433\u043a\u043e\u0441\u0442\u044c, \u043f\u0443\u0448\u0438\u0441\u0442\u043e\u0441\u0442\u044c \u0438 \u0442\u0435\u043f\u043b\u043e. \u0418\u0434\u0435\u0430\u043b\u044c\u043d\u043e \u043f\u043e\u0434\u0445\u043e\u0434\u0438\u0442 \u0434\u043b\u044f \u043f\u0435\u0440\u0447\u0430\u0442\u043e\u043a, \u0441\u0432\u0438\u0442\u0435\u0440\u043e\u0432 \u0438 \u0434\u0440\u0443\u0433\u0438\u0445 \u0440\u043e\u0441\u043a\u043e\u0448\u043d\u044b\u0445 \u0442\u0440\u0438\u043a\u043e\u0442\u0430\u0436\u043d\u044b\u0445 \u0438\u0437\u0434\u0435\u043b\u0438\u0439.<\/p>\n<p data-start=\"574\" data-end=\"881\"><strong data-start=\"574\" data-end=\"586\">\u0421\u043e\u0441\u0442\u0430\u0432:<\/strong> 80% \u0444\u0440\u0430\u043d\u0446\u0443\u0437\u0441\u043a\u0430\u044f \u0430\u043d\u0433\u043e\u0440\u0430, 20% \u043c\u0435\u0440\u0438\u043d\u043e\u0441\u043e\u0432\u0430\u044f \u0448\u0435\u0440\u0441\u0442\u044c<br data-start=\"628\" data-end=\"631\" \/><strong data-start=\"631\" data-end=\"653\">\u0412\u0435\u0441\/\u0434\u043b\u0438\u043d\u0430:<\/strong> 25 \u0433 \u2014 108 \u043c<br data-start=\"666\" data-end=\"669\" \/><strong data-start=\"669\" data-end=\"682\">\u0421\u043f\u0438\u0446\u044b<\/strong> 4-4,5 \u043c\u043c<br data-start=\"691\" data-end=\"694\" \/><strong data-start=\"694\" data-end=\"707\">\u041f\u043b\u043e\u0442\u043d\u043e\u0441\u0442\u044c:<\/strong> 10 \u00d7 10 \u0441\u043c \u2248 25 \u043f\u0435\u0442\u0435\u043b\u044c \u00d7 32 \u0440\u044f\u0434\u0430<br data-start=\"739\" data-end=\"742\" \/><strong data-start=\"742\" data-end=\"769\">\u0420\u0435\u043a\u043e\u043c\u0435\u043d\u0434\u0443\u0435\u043c\u043e\u0435 \u043a\u043e\u043b\u0438\u0447\u0435\u0441\u0442\u0432\u043e:<\/strong> \u043d\u0430 \u043f\u0435\u0440\u0447\u0430\u0442\u043a\u0438 \u2013 1,5 \u043c\u043e\u0442\u043a\u0430; \u043d\u0430 \u0434\u0436\u0435\u043c\u043f\u0435\u0440 \u0440\u0430\u0437\u043c\u0435\u0440\u0430 S \u2013 \u043e\u0442 7 \u043c\u043e\u0442\u043a\u043e\u0432; \u043e\u0442 4 \u043c\u043e\u0442\u043a\u043e\u0432 \u2013 \u0434\u043b\u044f \u0434\u0440\u0443\u0433\u0438\u0445 \u0431\u043e\u043b\u0435\u0435 \u043c\u0435\u043b\u043a\u0438\u0445 \u043f\u0440\u043e\u0435\u043a\u0442\u043e\u0432<\/p>\n<p data-start=\"883\" data-end=\"899\"><strong data-start=\"883\" data-end=\"897\">\u0421\u043e\u0432\u0435\u0442\u044b \u043f\u043e \u0443\u0445\u043e\u0434\u0443:<\/strong><\/p>\n<ul data-start=\"900\" data-end=\"969\">\n<li data-start=\"900\" data-end=\"932\">\n<p data-start=\"902\" data-end=\"932\">\u0420\u0443\u0447\u043d\u0430\u044f \u0441\u0442\u0438\u0440\u043a\u0430 (\u0434\u043e 30 \u00b0C)<\/p>\n<\/li>\n<li data-start=\"933\" data-end=\"969\">\n<p data-start=\"935\" data-end=\"969\">\u0421\u0443\u0448\u0438\u0442\u044c \u0432 \u0440\u0430\u0441\u043f\u0440\u0430\u0432\u043b\u0435\u043d\u043d\u043e\u043c \u0432\u0438\u0434\u0435 \u0432 \u0433\u043e\u0440\u0438\u0437\u043e\u043d\u0442\u0430\u043b\u044c\u043d\u043e\u043c \u043f\u043e\u043b\u043e\u0436\u0435\u043d\u0438\u0438<\/p>\n<\/li>\n<\/ul>","protected":false},"excerpt":{"rendered":"<p>Prabang\u016bs si\u016blai i\u0161 80% pranc\u016bzi\u0161kos angoros triu\u0161io vilnos ir 20% merinos vilnos. Fonty naudoja angoros pluo\u0161t\u0105 i\u0161 paskutini\u0173 tradicini\u0173 Pranc\u016bzijos veis\u0117j\u0173, laikantis gyv\u016bn\u0173 gerov\u0119 u\u017etikrinan\u010dios chartijos. \u0160i\u0173 dviej\u0173 i\u0161skirtini\u0173 pluo\u0161t\u0173 derinys suteikia si\u016blams nepaprast\u0105 mink\u0161tum\u0105, lengvum\u0105, purum\u0105 ir \u0161ilum\u0105. Idealiai tinka pir\u0161tin\u0117ms, megztiniams ar kitoms prabangioms mezgimo detal\u0117ms. Sud\u0117tis: 80% pranc\u016bzi\u0161ka angora, 20% merinos vilnaSvoris [&hellip;]<\/p>\n","protected":false},"featured_media":2142,"comment_status":"open","ping_status":"closed","template":"","meta":{"_acf_changed":false},"product_brand":[66],"product_cat":[15,182,18],"product_tag":[33],"pro-kategorijos":[73,71],"class_list":{"0":"post-2135","1":"product","2":"type-product","3":"status-publish","4":"has-post-thumbnail","6":"product_brand-fonty","7":"product_cat-visi-produktai","8":"product_cat-ispardavimas","9":"product_cat-siulai","10":"product_tag-ispardavimas","11":"pro-kategorijos-angora","12":"pro-kategorijos-merino-vilna","14":"first","15":"instock","16":"sale","17":"shipping-taxable","18":"purchasable","19":"product-type-variable"},"acf":[],"yoast_head":"<!-- This site is optimized with the Yoast SEO plugin v26.8 - https:\/\/yoast.com\/product\/yoast-seo-wordpress\/ -->\n<title>Fonty Coeur D&#039;Angora - Happyinaknit.com<\/title>\n<meta name=\"robots\" content=\"index, follow, max-snippet:-1, max-image-preview:large, max-video-preview:-1\" \/>\n<link rel=\"canonical\" href=\"https:\/\/happyinaknit.com\/ru\/product\/fonty-coeur-dangora\/\" \/>\n<meta property=\"og:locale\" content=\"ru_RU\" \/>\n<meta property=\"og:type\" content=\"article\" \/>\n<meta property=\"og:title\" content=\"Fonty Coeur D&#039;Angora - Happyinaknit.com\" \/>\n<meta property=\"og:description\" content=\"Prabang\u016bs si\u016blai i\u0161 80% pranc\u016bzi\u0161kos angoros triu\u0161io vilnos ir 20% merinos vilnos. Fonty naudoja angoros pluo\u0161t\u0105 i\u0161 paskutini\u0173 tradicini\u0173 Pranc\u016bzijos veis\u0117j\u0173, laikantis gyv\u016bn\u0173 gerov\u0119 u\u017etikrinan\u010dios chartijos. \u0160i\u0173 dviej\u0173 i\u0161skirtini\u0173 pluo\u0161t\u0173 derinys suteikia si\u016blams nepaprast\u0105 mink\u0161tum\u0105, lengvum\u0105, purum\u0105 ir \u0161ilum\u0105. Idealiai tinka pir\u0161tin\u0117ms, megztiniams ar kitoms prabangioms mezgimo detal\u0117ms. Sud\u0117tis: 80% pranc\u016bzi\u0161ka angora, 20% merinos vilnaSvoris [&hellip;]\" \/>\n<meta property=\"og:url\" content=\"https:\/\/happyinaknit.com\/ru\/product\/fonty-coeur-dangora\/\" \/>\n<meta property=\"og:site_name\" content=\"Happyinaknit.com\" \/>\n<meta property=\"article:modified_time\" content=\"2026-04-05T16:30:04+00:00\" \/>\n<meta property=\"og:image\" content=\"https:\/\/happyinaknit.com\/wp-content\/uploads\/2025\/10\/ANGO-0323-1.jpg\" \/>\n\t<meta property=\"og:image:width\" content=\"800\" \/>\n\t<meta property=\"og:image:height\" content=\"800\" \/>\n\t<meta property=\"og:image:type\" content=\"image\/jpeg\" \/>\n<meta name=\"twitter:card\" content=\"summary_large_image\" \/>\n<meta name=\"twitter:label1\" content=\"\u041f\u0440\u0438\u043c\u0435\u0440\u043d\u043e\u0435 \u0432\u0440\u0435\u043c\u044f \u0434\u043b\u044f \u0447\u0442\u0435\u043d\u0438\u044f\" \/>\n\t<meta name=\"twitter:data1\" content=\"1 \u043c\u0438\u043d\u0443\u0442\u0430\" \/>\n<script type=\"application\/ld+json\" class=\"yoast-schema-graph\">{\"@context\":\"https:\/\/schema.org\",\"@graph\":[{\"@type\":\"WebPage\",\"@id\":\"https:\/\/happyinaknit.com\/produktas\/fonty-coeur-dangora\/\",\"url\":\"https:\/\/happyinaknit.com\/produktas\/fonty-coeur-dangora\/\",\"name\":\"Fonty Coeur D'Angora - Happyinaknit.com\",\"isPartOf\":{\"@id\":\"https:\/\/happyinaknit.com\/lt\/#website\"},\"primaryImageOfPage\":{\"@id\":\"https:\/\/happyinaknit.com\/produktas\/fonty-coeur-dangora\/#primaryimage\"},\"image\":{\"@id\":\"https:\/\/happyinaknit.com\/produktas\/fonty-coeur-dangora\/#primaryimage\"},\"thumbnailUrl\":\"https:\/\/happyinaknit.com\/wp-content\/uploads\/2025\/10\/ANGO-0323-1.jpg\",\"datePublished\":\"2025-10-01T10:17:13+00:00\",\"dateModified\":\"2026-04-05T16:30:04+00:00\",\"breadcrumb\":{\"@id\":\"https:\/\/happyinaknit.com\/produktas\/fonty-coeur-dangora\/#breadcrumb\"},\"inLanguage\":\"ru-RU\",\"potentialAction\":[{\"@type\":\"ReadAction\",\"target\":[\"https:\/\/happyinaknit.com\/produktas\/fonty-coeur-dangora\/\"]}]},{\"@type\":\"ImageObject\",\"inLanguage\":\"ru-RU\",\"@id\":\"https:\/\/happyinaknit.com\/produktas\/fonty-coeur-dangora\/#primaryimage\",\"url\":\"https:\/\/happyinaknit.com\/wp-content\/uploads\/2025\/10\/ANGO-0323-1.jpg\",\"contentUrl\":\"https:\/\/happyinaknit.com\/wp-content\/uploads\/2025\/10\/ANGO-0323-1.jpg\",\"width\":800,\"height\":800},{\"@type\":\"BreadcrumbList\",\"@id\":\"https:\/\/happyinaknit.com\/produktas\/fonty-coeur-dangora\/#breadcrumb\",\"itemListElement\":[{\"@type\":\"ListItem\",\"position\":1,\"name\":\"Home\",\"item\":\"https:\/\/happyinaknit.com\/lt\/\"},{\"@type\":\"ListItem\",\"position\":2,\"name\":\"Parduotuv\u0117\",\"item\":\"https:\/\/happyinaknit.com\/lt\/parduotuve\/\"},{\"@type\":\"ListItem\",\"position\":3,\"name\":\"Fonty Coeur D&#8217;Angora\"}]},{\"@type\":\"WebSite\",\"@id\":\"https:\/\/happyinaknit.com\/lt\/#website\",\"url\":\"https:\/\/happyinaknit.com\/lt\/\",\"name\":\"Happyinaknit.com\",\"description\":\"\",\"potentialAction\":[{\"@type\":\"SearchAction\",\"target\":{\"@type\":\"EntryPoint\",\"urlTemplate\":\"https:\/\/happyinaknit.com\/lt\/?s={search_term_string}\"},\"query-input\":{\"@type\":\"PropertyValueSpecification\",\"valueRequired\":true,\"valueName\":\"search_term_string\"}}],\"inLanguage\":\"ru-RU\"}]}<\/script>\n<!-- \/ Yoast SEO plugin. -->","yoast_head_json":{"title":"Fonty Coeur D'Angora - Happyinaknit.com","robots":{"index":"index","follow":"follow","max-snippet":"max-snippet:-1","max-image-preview":"max-image-preview:large","max-video-preview":"max-video-preview:-1"},"canonical":"https:\/\/happyinaknit.com\/ru\/product\/fonty-coeur-dangora\/","og_locale":"ru_RU","og_type":"article","og_title":"Fonty Coeur D'Angora - Happyinaknit.com","og_description":"Prabang\u016bs si\u016blai i\u0161 80% pranc\u016bzi\u0161kos angoros triu\u0161io vilnos ir 20% merinos vilnos. Fonty naudoja angoros pluo\u0161t\u0105 i\u0161 paskutini\u0173 tradicini\u0173 Pranc\u016bzijos veis\u0117j\u0173, laikantis gyv\u016bn\u0173 gerov\u0119 u\u017etikrinan\u010dios chartijos. \u0160i\u0173 dviej\u0173 i\u0161skirtini\u0173 pluo\u0161t\u0173 derinys suteikia si\u016blams nepaprast\u0105 mink\u0161tum\u0105, lengvum\u0105, purum\u0105 ir \u0161ilum\u0105. Idealiai tinka pir\u0161tin\u0117ms, megztiniams ar kitoms prabangioms mezgimo detal\u0117ms. Sud\u0117tis: 80% pranc\u016bzi\u0161ka angora, 20% merinos vilnaSvoris [&hellip;]","og_url":"https:\/\/happyinaknit.com\/ru\/product\/fonty-coeur-dangora\/","og_site_name":"Happyinaknit.com","article_modified_time":"2026-04-05T16:30:04+00:00","og_image":[{"width":800,"height":800,"url":"https:\/\/happyinaknit.com\/wp-content\/uploads\/2025\/10\/ANGO-0323-1.jpg","type":"image\/jpeg"}],"twitter_card":"summary_large_image","twitter_misc":{"\u041f\u0440\u0438\u043c\u0435\u0440\u043d\u043e\u0435 \u0432\u0440\u0435\u043c\u044f \u0434\u043b\u044f \u0447\u0442\u0435\u043d\u0438\u044f":"1 \u043c\u0438\u043d\u0443\u0442\u0430"},"schema":{"@context":"https:\/\/schema.org","@graph":[{"@type":"WebPage","@id":"https:\/\/happyinaknit.com\/produktas\/fonty-coeur-dangora\/","url":"https:\/\/happyinaknit.com\/produktas\/fonty-coeur-dangora\/","name":"Fonty Coeur D'Angora - Happyinaknit.com","isPartOf":{"@id":"https:\/\/happyinaknit.com\/lt\/#website"},"primaryImageOfPage":{"@id":"https:\/\/happyinaknit.com\/produktas\/fonty-coeur-dangora\/#primaryimage"},"image":{"@id":"https:\/\/happyinaknit.com\/produktas\/fonty-coeur-dangora\/#primaryimage"},"thumbnailUrl":"https:\/\/happyinaknit.com\/wp-content\/uploads\/2025\/10\/ANGO-0323-1.jpg","datePublished":"2025-10-01T10:17:13+00:00","dateModified":"2026-04-05T16:30:04+00:00","breadcrumb":{"@id":"https:\/\/happyinaknit.com\/produktas\/fonty-coeur-dangora\/#breadcrumb"},"inLanguage":"ru-RU","potentialAction":[{"@type":"ReadAction","target":["https:\/\/happyinaknit.com\/produktas\/fonty-coeur-dangora\/"]}]},{"@type":"ImageObject","inLanguage":"ru-RU","@id":"https:\/\/happyinaknit.com\/produktas\/fonty-coeur-dangora\/#primaryimage","url":"https:\/\/happyinaknit.com\/wp-content\/uploads\/2025\/10\/ANGO-0323-1.jpg","contentUrl":"https:\/\/happyinaknit.com\/wp-content\/uploads\/2025\/10\/ANGO-0323-1.jpg","width":800,"height":800},{"@type":"BreadcrumbList","@id":"https:\/\/happyinaknit.com\/produktas\/fonty-coeur-dangora\/#breadcrumb","itemListElement":[{"@type":"ListItem","position":1,"name":"Home","item":"https:\/\/happyinaknit.com\/lt\/"},{"@type":"ListItem","position":2,"name":"Parduotuv\u0117","item":"https:\/\/happyinaknit.com\/lt\/parduotuve\/"},{"@type":"ListItem","position":3,"name":"Fonty Coeur D&#8217;Angora"}]},{"@type":"WebSite","@id":"https:\/\/happyinaknit.com\/lt\/#website","url":"https:\/\/happyinaknit.com\/lt\/","name":"Happyinaknit.com","description":"","potentialAction":[{"@type":"SearchAction","target":{"@type":"EntryPoint","urlTemplate":"https:\/\/happyinaknit.com\/lt\/?s={search_term_string}"},"query-input":{"@type":"PropertyValueSpecification","valueRequired":true,"valueName":"search_term_string"}}],"inLanguage":"ru-RU"}]}},"_links":{"self":[{"href":"https:\/\/happyinaknit.com\/ru\/wp-json\/wp\/v2\/product\/2135","targetHints":{"allow":["GET"]}}],"collection":[{"href":"https:\/\/happyinaknit.com\/ru\/wp-json\/wp\/v2\/product"}],"about":[{"href":"https:\/\/happyinaknit.com\/ru\/wp-json\/wp\/v2\/types\/product"}],"replies":[{"embeddable":true,"href":"https:\/\/happyinaknit.com\/ru\/wp-json\/wp\/v2\/comments?post=2135"}],"wp:featuredmedia":[{"embeddable":true,"href":"https:\/\/happyinaknit.com\/ru\/wp-json\/wp\/v2\/media\/2142"}],"wp:attachment":[{"href":"https:\/\/happyinaknit.com\/ru\/wp-json\/wp\/v2\/media?parent=2135"}],"wp:term":[{"taxonomy":"product_brand","embeddable":true,"href":"https:\/\/happyinaknit.com\/ru\/wp-json\/wp\/v2\/product_brand?post=2135"},{"taxonomy":"product_cat","embeddable":true,"href":"https:\/\/happyinaknit.com\/ru\/wp-json\/wp\/v2\/product_cat?post=2135"},{"taxonomy":"product_tag","embeddable":true,"href":"https:\/\/happyinaknit.com\/ru\/wp-json\/wp\/v2\/product_tag?post=2135"},{"taxonomy":"pro-kategorijos","embeddable":true,"href":"https:\/\/happyinaknit.com\/ru\/wp-json\/wp\/v2\/pro-kategorijos?post=2135"}],"curies":[{"name":"wp","href":"https:\/\/api.w.org\/{rel}","templated":true}]}}