{"id":2093,"date":"2025-10-01T08:54:22","date_gmt":"2025-10-01T08:54:22","guid":{"rendered":"https:\/\/happyinaknit.com\/?post_type=product&#038;p=2093"},"modified":"2026-01-11T13:49:40","modified_gmt":"2026-01-11T13:49:40","slug":"regia-premium-merino-yak","status":"publish","type":"product","link":"https:\/\/happyinaknit.com\/ru\/product\/regia-premium-merino-yak\/","title":{"rendered":"Regia Premium Merino Yak"},"content":{"rendered":"<p data-start=\"169\" data-end=\"566\">\u0412\u044b\u0441\u043e\u043a\u043e\u043a\u0430\u0447\u0435\u0441\u0442\u0432\u0435\u043d\u043d\u0430\u044f \u043d\u043e\u0441\u043e\u0447\u043d\u0430\u044f \u043f\u0440\u044f\u0436\u0430 \u0438\u0437 \u043c\u0435\u0440\u0438\u043d\u043e\u0441\u043e\u0432\u043e\u0439 \u0448\u0435\u0440\u0441\u0442\u0438 \u0441 \u0434\u043e\u0431\u0430\u0432\u043b\u0435\u043d\u0438\u0435\u043c \u0432\u043e\u043b\u043e\u043a\u043e\u043d \u044f\u043a\u0430 \u0438 \u043f\u043e\u043b\u0438\u0430\u043c\u0438\u0434\u0430, \u043a\u043e\u0442\u043e\u0440\u0430\u044f \u043f\u0440\u0438\u0434\u0430\u0435\u0442 \u0438\u0437\u0434\u0435\u043b\u0438\u044f\u043c \u0442\u0435\u043f\u043b\u043e, \u043c\u044f\u0433\u043a\u043e\u0441\u0442\u044c \u0438 \u043f\u0440\u043e\u0447\u043d\u043e\u0441\u0442\u044c. \u042d\u0442\u0430 \u043f\u0440\u044f\u0436\u0430 \u0438\u0434\u0435\u0430\u043b\u044c\u043d\u043e \u043f\u043e\u0434\u0445\u043e\u0434\u0438\u0442 \u0434\u043b\u044f \u043d\u043e\u0441\u043a\u043e\u0432, \u043e\u0431\u0435\u0441\u043f\u0435\u0447\u0438\u0432\u0430\u0435\u0442 \u043a\u043e\u043c\u0444\u043e\u0440\u0442 \u0438 \u0441\u043e\u0445\u0440\u0430\u043d\u044f\u0435\u0442 \u0444\u043e\u0440\u043c\u0443 \u0434\u0430\u0436\u0435 \u043f\u043e\u0441\u043b\u0435 \u043c\u043d\u043e\u0433\u043e\u043a\u0440\u0430\u0442\u043d\u044b\u0445 \u0441\u0442\u0438\u0440\u043e\u043a. \u0421\u043e\u0447\u0435\u0442\u0430\u043d\u0438\u0435 \u043a\u043e\u043c\u043f\u043e\u043d\u0435\u043d\u0442\u043e\u0432 \u0434\u0435\u043b\u0430\u0435\u0442 \u0442\u0440\u0438\u043a\u043e\u0442\u0430\u0436 \u0442\u0435\u043f\u043b\u044b\u043c, \u043b\u0435\u0433\u043a\u0438\u043c \u0438 \u043f\u0440\u0438\u044f\u0442\u043d\u044b\u043c \u043d\u0430 \u043e\u0449\u0443\u043f\u044c, \u0430 \u0442\u0449\u0430\u0442\u0435\u043b\u044c\u043d\u043e \u043f\u043e\u0434\u043e\u0431\u0440\u0430\u043d\u043d\u044b\u0435 \u0446\u0432\u0435\u0442\u0430 \u043f\u0440\u0438\u0434\u0430\u044e\u0442 \u0438\u0437\u0434\u0435\u043b\u0438\u044f\u043c \u044d\u043b\u0435\u0433\u0430\u043d\u0442\u043d\u044b\u0439 \u0438 \u0441\u0442\u0438\u043b\u044c\u043d\u044b\u0439 \u0432\u0438\u0434.<\/p>\n<p data-start=\"568\" data-end=\"800\"><strong data-start=\"568\" data-end=\"580\">\u0421\u043e\u0441\u0442\u0430\u0432:<\/strong> 58% \u043c\u0435\u0440\u0438\u043d\u043e\u0441\u043e\u0432\u0430\u044f \u0448\u0435\u0440\u0441\u0442\u044c, 14% \u044f\u043a, 28% \u043f\u043e\u043b\u0438\u0430\u043c\u0438\u0434<br data-start=\"624\" data-end=\"627\" \/><strong data-start=\"627\" data-end=\"649\">\u0412\u0435\u0441\/\u0434\u043b\u0438\u043d\u0430:<\/strong> 100 \u0433 \u2014 400 \u043c<br data-start=\"663\" data-end=\"666\" \/><strong data-start=\"666\" data-end=\"679\">\u0421\u043f\u0438\u0446\u044b<\/strong> 2-3 \u043c\u043c<br data-start=\"686\" data-end=\"689\" \/><strong data-start=\"689\" data-end=\"702\">\u041f\u043b\u043e\u0442\u043d\u043e\u0441\u0442\u044c:<\/strong> 10 \u00d7 10 \u0441\u043c \u2248 30 \u043f\u0435\u0442\u0435\u043b\u044c \u00d7 42 \u0440\u044f\u0434\u0430<br data-start=\"734\" data-end=\"737\" \/><strong data-start=\"737\" data-end=\"764\">\u0420\u0435\u043a\u043e\u043c\u0435\u043d\u0434\u0443\u0435\u043c\u043e\u0435 \u043a\u043e\u043b\u0438\u0447\u0435\u0441\u0442\u0432\u043e:<\/strong> \u041d\u0430 \u043f\u0430\u0440\u0443 \u043d\u043e\u0441\u043a\u043e\u0432 \u043d\u0443\u0436\u0435\u043d \u043e\u0434\u0438\u043d \u043c\u043e\u0442\u043e\u043a<\/p>\n<p data-start=\"802\" data-end=\"818\"><strong data-start=\"802\" data-end=\"816\">\u0421\u043e\u0432\u0435\u0442\u044b \u043f\u043e \u0443\u0445\u043e\u0434\u0443:<\/strong><\/p>\n<ul data-start=\"819\" data-end=\"888\">\n<li data-start=\"819\" data-end=\"851\">\n<p data-start=\"821\" data-end=\"851\">\u0420\u0443\u0447\u043d\u0430\u044f \u0441\u0442\u0438\u0440\u043a\u0430 (\u0434\u043e 30 \u00b0C)<\/p>\n<\/li>\n<li data-start=\"852\" data-end=\"888\">\n<p data-start=\"854\" data-end=\"888\">\u0421\u0443\u0448\u0438\u0442\u044c \u0432 \u0440\u0430\u0441\u043f\u0440\u0430\u0432\u043b\u0435\u043d\u043d\u043e\u043c \u0432\u0438\u0434\u0435 \u0432 \u0433\u043e\u0440\u0438\u0437\u043e\u043d\u0442\u0430\u043b\u044c\u043d\u043e\u043c \u043f\u043e\u043b\u043e\u0436\u0435\u043d\u0438\u0438<\/p>\n<\/li>\n<\/ul>","protected":false},"excerpt":{"rendered":"<p>Auk\u0161tos kokyb\u0117s kojini\u0173 si\u016blai i\u0161 merino vilnos su yako pluo\u0161tu ir poliamidu, kurie suteikia mezginiams \u0161ilumos, mink\u0161tumo ir patvarumo. \u0160ie si\u016blai puikiai tinka kojin\u0117ms, suteikia komforto ir i\u0161laiko form\u0105 net po daugkartinio skalbimo. D\u0117l derinamos sud\u0117ties mezginiai yra \u0161ilti, lengvi ir malon\u016bs liesti, o kruop\u0161\u010diai parinktos spalvos suteikia eleganti\u0161k\u0105 ir stiling\u0105 efekt\u0105. Sud\u0117tis: 58% merino [&hellip;]<\/p>\n","protected":false},"featured_media":2098,"comment_status":"open","ping_status":"closed","template":"","meta":{"_acf_changed":false},"product_brand":[65],"product_cat":[15,18,94],"product_tag":[],"pro-kategorijos":[76,56],"class_list":{"0":"post-2093","1":"product","2":"type-product","3":"status-publish","4":"has-post-thumbnail","6":"product_brand-regia","7":"product_cat-visi-produktai","8":"product_cat-siulai","9":"product_cat-siulai-kojinems","10":"pro-kategorijos-baby-yako-vilna","11":"pro-kategorijos-vilna","13":"first","14":"instock","15":"shipping-taxable","16":"purchasable","17":"product-type-variable"},"acf":[],"yoast_head":"<!-- This site is optimized with the Yoast SEO plugin v26.8 - https:\/\/yoast.com\/product\/yoast-seo-wordpress\/ -->\n<title>Regia Premium Merino Yak - Happyinaknit.com<\/title>\n<meta name=\"robots\" content=\"index, follow, max-snippet:-1, max-image-preview:large, max-video-preview:-1\" \/>\n<link rel=\"canonical\" href=\"https:\/\/happyinaknit.com\/ru\/product\/regia-premium-merino-yak\/\" \/>\n<meta property=\"og:locale\" content=\"ru_RU\" \/>\n<meta property=\"og:type\" content=\"article\" \/>\n<meta property=\"og:title\" content=\"Regia Premium Merino Yak - Happyinaknit.com\" \/>\n<meta property=\"og:description\" content=\"Auk\u0161tos kokyb\u0117s kojini\u0173 si\u016blai i\u0161 merino vilnos su yako pluo\u0161tu ir poliamidu, kurie suteikia mezginiams \u0161ilumos, mink\u0161tumo ir patvarumo. \u0160ie si\u016blai puikiai tinka kojin\u0117ms, suteikia komforto ir i\u0161laiko form\u0105 net po daugkartinio skalbimo. D\u0117l derinamos sud\u0117ties mezginiai yra \u0161ilti, lengvi ir malon\u016bs liesti, o kruop\u0161\u010diai parinktos spalvos suteikia eleganti\u0161k\u0105 ir stiling\u0105 efekt\u0105. Sud\u0117tis: 58% merino [&hellip;]\" \/>\n<meta property=\"og:url\" content=\"https:\/\/happyinaknit.com\/ru\/product\/regia-premium-merino-yak\/\" \/>\n<meta property=\"og:site_name\" content=\"Happyinaknit.com\" \/>\n<meta property=\"article:modified_time\" content=\"2026-01-11T13:49:40+00:00\" \/>\n<meta property=\"og:image\" content=\"https:\/\/happyinaknit.com\/wp-content\/uploads\/2025\/10\/IMG_8199.jpg\" \/>\n\t<meta property=\"og:image:width\" content=\"1307\" \/>\n\t<meta property=\"og:image:height\" content=\"1406\" \/>\n\t<meta property=\"og:image:type\" content=\"image\/jpeg\" \/>\n<meta name=\"twitter:card\" content=\"summary_large_image\" \/>\n<script type=\"application\/ld+json\" class=\"yoast-schema-graph\">{\"@context\":\"https:\/\/schema.org\",\"@graph\":[{\"@type\":\"WebPage\",\"@id\":\"https:\/\/happyinaknit.com\/produktas\/regia-premium-merino-yak\/\",\"url\":\"https:\/\/happyinaknit.com\/produktas\/regia-premium-merino-yak\/\",\"name\":\"Regia Premium Merino Yak - Happyinaknit.com\",\"isPartOf\":{\"@id\":\"https:\/\/happyinaknit.com\/lt\/#website\"},\"primaryImageOfPage\":{\"@id\":\"https:\/\/happyinaknit.com\/produktas\/regia-premium-merino-yak\/#primaryimage\"},\"image\":{\"@id\":\"https:\/\/happyinaknit.com\/produktas\/regia-premium-merino-yak\/#primaryimage\"},\"thumbnailUrl\":\"https:\/\/happyinaknit.com\/wp-content\/uploads\/2025\/10\/IMG_8199.jpg\",\"datePublished\":\"2025-10-01T08:54:22+00:00\",\"dateModified\":\"2026-01-11T13:49:40+00:00\",\"breadcrumb\":{\"@id\":\"https:\/\/happyinaknit.com\/produktas\/regia-premium-merino-yak\/#breadcrumb\"},\"inLanguage\":\"ru-RU\",\"potentialAction\":[{\"@type\":\"ReadAction\",\"target\":[\"https:\/\/happyinaknit.com\/produktas\/regia-premium-merino-yak\/\"]}]},{\"@type\":\"ImageObject\",\"inLanguage\":\"ru-RU\",\"@id\":\"https:\/\/happyinaknit.com\/produktas\/regia-premium-merino-yak\/#primaryimage\",\"url\":\"https:\/\/happyinaknit.com\/wp-content\/uploads\/2025\/10\/IMG_8199.jpg\",\"contentUrl\":\"https:\/\/happyinaknit.com\/wp-content\/uploads\/2025\/10\/IMG_8199.jpg\",\"width\":1307,\"height\":1406},{\"@type\":\"BreadcrumbList\",\"@id\":\"https:\/\/happyinaknit.com\/produktas\/regia-premium-merino-yak\/#breadcrumb\",\"itemListElement\":[{\"@type\":\"ListItem\",\"position\":1,\"name\":\"Home\",\"item\":\"https:\/\/happyinaknit.com\/lt\/\"},{\"@type\":\"ListItem\",\"position\":2,\"name\":\"Parduotuv\u0117\",\"item\":\"https:\/\/happyinaknit.com\/lt\/parduotuve\/\"},{\"@type\":\"ListItem\",\"position\":3,\"name\":\"Regia Premium Merino Yak\"}]},{\"@type\":\"WebSite\",\"@id\":\"https:\/\/happyinaknit.com\/lt\/#website\",\"url\":\"https:\/\/happyinaknit.com\/lt\/\",\"name\":\"Happyinaknit.com\",\"description\":\"\",\"potentialAction\":[{\"@type\":\"SearchAction\",\"target\":{\"@type\":\"EntryPoint\",\"urlTemplate\":\"https:\/\/happyinaknit.com\/lt\/?s={search_term_string}\"},\"query-input\":{\"@type\":\"PropertyValueSpecification\",\"valueRequired\":true,\"valueName\":\"search_term_string\"}}],\"inLanguage\":\"ru-RU\"}]}<\/script>\n<!-- \/ Yoast SEO plugin. -->","yoast_head_json":{"title":"Regia Premium Merino Yak - Happyinaknit.com","robots":{"index":"index","follow":"follow","max-snippet":"max-snippet:-1","max-image-preview":"max-image-preview:large","max-video-preview":"max-video-preview:-1"},"canonical":"https:\/\/happyinaknit.com\/ru\/product\/regia-premium-merino-yak\/","og_locale":"ru_RU","og_type":"article","og_title":"Regia Premium Merino Yak - Happyinaknit.com","og_description":"Auk\u0161tos kokyb\u0117s kojini\u0173 si\u016blai i\u0161 merino vilnos su yako pluo\u0161tu ir poliamidu, kurie suteikia mezginiams \u0161ilumos, mink\u0161tumo ir patvarumo. \u0160ie si\u016blai puikiai tinka kojin\u0117ms, suteikia komforto ir i\u0161laiko form\u0105 net po daugkartinio skalbimo. D\u0117l derinamos sud\u0117ties mezginiai yra \u0161ilti, lengvi ir malon\u016bs liesti, o kruop\u0161\u010diai parinktos spalvos suteikia eleganti\u0161k\u0105 ir stiling\u0105 efekt\u0105. Sud\u0117tis: 58% merino [&hellip;]","og_url":"https:\/\/happyinaknit.com\/ru\/product\/regia-premium-merino-yak\/","og_site_name":"Happyinaknit.com","article_modified_time":"2026-01-11T13:49:40+00:00","og_image":[{"width":1307,"height":1406,"url":"https:\/\/happyinaknit.com\/wp-content\/uploads\/2025\/10\/IMG_8199.jpg","type":"image\/jpeg"}],"twitter_card":"summary_large_image","schema":{"@context":"https:\/\/schema.org","@graph":[{"@type":"WebPage","@id":"https:\/\/happyinaknit.com\/produktas\/regia-premium-merino-yak\/","url":"https:\/\/happyinaknit.com\/produktas\/regia-premium-merino-yak\/","name":"Regia Premium Merino Yak - Happyinaknit.com","isPartOf":{"@id":"https:\/\/happyinaknit.com\/lt\/#website"},"primaryImageOfPage":{"@id":"https:\/\/happyinaknit.com\/produktas\/regia-premium-merino-yak\/#primaryimage"},"image":{"@id":"https:\/\/happyinaknit.com\/produktas\/regia-premium-merino-yak\/#primaryimage"},"thumbnailUrl":"https:\/\/happyinaknit.com\/wp-content\/uploads\/2025\/10\/IMG_8199.jpg","datePublished":"2025-10-01T08:54:22+00:00","dateModified":"2026-01-11T13:49:40+00:00","breadcrumb":{"@id":"https:\/\/happyinaknit.com\/produktas\/regia-premium-merino-yak\/#breadcrumb"},"inLanguage":"ru-RU","potentialAction":[{"@type":"ReadAction","target":["https:\/\/happyinaknit.com\/produktas\/regia-premium-merino-yak\/"]}]},{"@type":"ImageObject","inLanguage":"ru-RU","@id":"https:\/\/happyinaknit.com\/produktas\/regia-premium-merino-yak\/#primaryimage","url":"https:\/\/happyinaknit.com\/wp-content\/uploads\/2025\/10\/IMG_8199.jpg","contentUrl":"https:\/\/happyinaknit.com\/wp-content\/uploads\/2025\/10\/IMG_8199.jpg","width":1307,"height":1406},{"@type":"BreadcrumbList","@id":"https:\/\/happyinaknit.com\/produktas\/regia-premium-merino-yak\/#breadcrumb","itemListElement":[{"@type":"ListItem","position":1,"name":"Home","item":"https:\/\/happyinaknit.com\/lt\/"},{"@type":"ListItem","position":2,"name":"Parduotuv\u0117","item":"https:\/\/happyinaknit.com\/lt\/parduotuve\/"},{"@type":"ListItem","position":3,"name":"Regia Premium Merino Yak"}]},{"@type":"WebSite","@id":"https:\/\/happyinaknit.com\/lt\/#website","url":"https:\/\/happyinaknit.com\/lt\/","name":"Happyinaknit.com","description":"","potentialAction":[{"@type":"SearchAction","target":{"@type":"EntryPoint","urlTemplate":"https:\/\/happyinaknit.com\/lt\/?s={search_term_string}"},"query-input":{"@type":"PropertyValueSpecification","valueRequired":true,"valueName":"search_term_string"}}],"inLanguage":"ru-RU"}]}},"_links":{"self":[{"href":"https:\/\/happyinaknit.com\/ru\/wp-json\/wp\/v2\/product\/2093","targetHints":{"allow":["GET"]}}],"collection":[{"href":"https:\/\/happyinaknit.com\/ru\/wp-json\/wp\/v2\/product"}],"about":[{"href":"https:\/\/happyinaknit.com\/ru\/wp-json\/wp\/v2\/types\/product"}],"replies":[{"embeddable":true,"href":"https:\/\/happyinaknit.com\/ru\/wp-json\/wp\/v2\/comments?post=2093"}],"wp:featuredmedia":[{"embeddable":true,"href":"https:\/\/happyinaknit.com\/ru\/wp-json\/wp\/v2\/media\/2098"}],"wp:attachment":[{"href":"https:\/\/happyinaknit.com\/ru\/wp-json\/wp\/v2\/media?parent=2093"}],"wp:term":[{"taxonomy":"product_brand","embeddable":true,"href":"https:\/\/happyinaknit.com\/ru\/wp-json\/wp\/v2\/product_brand?post=2093"},{"taxonomy":"product_cat","embeddable":true,"href":"https:\/\/happyinaknit.com\/ru\/wp-json\/wp\/v2\/product_cat?post=2093"},{"taxonomy":"product_tag","embeddable":true,"href":"https:\/\/happyinaknit.com\/ru\/wp-json\/wp\/v2\/product_tag?post=2093"},{"taxonomy":"pro-kategorijos","embeddable":true,"href":"https:\/\/happyinaknit.com\/ru\/wp-json\/wp\/v2\/pro-kategorijos?post=2093"}],"curies":[{"name":"wp","href":"https:\/\/api.w.org\/{rel}","templated":true}]}}