{"id":2073,"date":"2025-10-01T07:56:49","date_gmt":"2025-10-01T07:56:49","guid":{"rendered":"https:\/\/happyinaknit.com\/?post_type=product&#038;p=2073"},"modified":"2025-11-13T21:45:16","modified_gmt":"2025-11-13T21:45:16","slug":"rowan-kidsilk-hae","status":"publish","type":"product","link":"https:\/\/happyinaknit.com\/ru\/product\/rowan-kidsilk-hae\/","title":{"rendered":"Rowan Kidsilk Haze"},"content":{"rendered":"<p data-start=\"173\" data-end=\"722\">\u041d\u0435\u0432\u0435\u0440\u043e\u044f\u0442\u043d\u043e \u043f\u043e\u043f\u0443\u043b\u044f\u0440\u043d\u0430\u044f \u043f\u0440\u044f\u0436\u0430 Kidsilk Haze \u0441\u043e\u0447\u0435\u0442\u0430\u0435\u0442 \u0432 \u0441\u0435\u0431\u0435 \u043c\u044f\u0433\u043a\u043e\u0441\u0442\u044c \u043c\u043e\u0445\u0435\u0440\u0430 \u0441\u0443\u043f\u0435\u0440\u043a\u0438\u0434 \u0441 \u044f\u0440\u043a\u0438\u043c \u0431\u043b\u0435\u0441\u043a\u043e\u043c \u0448\u0451\u043b\u043a\u0430, \u0441\u043e\u0437\u0434\u0430\u0432\u0430\u044f \u043d\u0435\u043e\u0431\u044b\u043a\u043d\u043e\u0432\u0435\u043d\u043d\u0443\u044e \u0440\u043e\u0441\u043a\u043e\u0448\u044c \u0432 \u0432\u044f\u0437\u0430\u043d\u044b\u0445 \u0438\u0437\u0434\u0435\u043b\u0438\u044f\u0445. \u042d\u0442\u0430 \u043f\u0440\u044f\u0436\u0430 \u043b\u044e\u0431\u0438\u043c\u0430 \u0432\u044f\u0437\u0430\u043b\u044c\u0449\u0438\u0446\u0430\u043c\u0438 \u043f\u043e \u0432\u0441\u0435\u043c\u0443 \u043c\u0438\u0440\u0443. \u0415\u0451 \u043c\u043e\u0436\u043d\u043e \u0438\u0441\u043f\u043e\u043b\u044c\u0437\u043e\u0432\u0430\u0442\u044c \u0441\u043e \u0441\u043f\u0438\u0446\u0430\u043c\u0438 \u0440\u0430\u0437\u043d\u044b\u0445 \u0440\u0430\u0437\u043c\u0435\u0440\u043e\u0432 \u0434\u043b\u044f \u0441\u043e\u0437\u0434\u0430\u043d\u0438\u044f \u0440\u0430\u0437\u043b\u0438\u0447\u043d\u044b\u0445 \u044d\u0444\u0444\u0435\u043a\u0442\u043e\u0432 \u0438 \u0441\u0442\u0438\u043b\u0435\u0439, \u0438 Kidsilk Haze \u2014 \u043e\u0441\u043e\u0431\u0435\u043d\u043d\u043e \u043f\u043e\u043f\u0443\u043b\u044f\u0440\u043d\u044b\u0439 \u0432\u044b\u0431\u043e\u0440 \u0434\u043b\u044f \u043b\u044e\u0431\u0438\u0442\u0435\u043b\u0435\u0439 \u0430\u0436\u0443\u0440\u043e\u0432. \u0412 \u0441\u043e\u0447\u0435\u0442\u0430\u043d\u0438\u0438 \u0441 \u0434\u0440\u0443\u0433\u0438\u043c\u0438 \u0432\u0438\u0434\u0430\u043c\u0438 \u043f\u0440\u044f\u0436\u0438 \u0432\u044f\u0437\u0430\u043d\u0438\u0435 \u043f\u0440\u0438\u043e\u0431\u0440\u0435\u0442\u0430\u0435\u0442 \u043f\u043e\u0447\u0442\u0438 \u0432\u043e\u043b\u0448\u0435\u0431\u043d\u044b\u0439 \u0432\u0438\u0434.<\/p>\n<p data-start=\"173\" data-end=\"722\"><strong data-start=\"724\" data-end=\"736\">\u0421\u043e\u0441\u0442\u0430\u0432:<\/strong> 70% \u043c\u043e\u0445\u0435\u0440 \u0441\u0443\u043f\u0435\u0440\u043a\u0438\u0434, 30% \u043d\u0430\u0442\u0443\u0440\u0430\u043b\u044c\u043d\u044b\u0439 \u0448\u0435\u043b\u043a<br data-start=\"779\" data-end=\"782\" \/><strong data-start=\"782\" data-end=\"798\">\u0412\u0435\u0441\/\u0434\u043b\u0438\u043d\u0430:<\/strong> 25 \u0433 \u2014 210 \u043c<br data-start=\"811\" data-end=\"814\" \/><strong data-start=\"814\" data-end=\"827\">\u0421\u043f\u0438\u0446\u044b<\/strong> 3,5-5,0 \u043c\u043c<br data-start=\"838\" data-end=\"841\" \/><strong data-start=\"841\" data-end=\"854\">\u041f\u043b\u043e\u0442\u043d\u043e\u0441\u0442\u044c:<\/strong> 10 \u00d7 10 \u0441\u043c \u2248 18\u201325 \u043f\u0435\u0442\u0435\u043b\u044c \u00d7 23\u201334 \u0440\u044f\u0434\u0430<br data-start=\"892\" data-end=\"895\" \/><strong data-start=\"895\" data-end=\"922\">\u0420\u0435\u043a\u043e\u043c\u0435\u043d\u0434\u0443\u0435\u043c\u043e\u0435 \u043a\u043e\u043b\u0438\u0447\u0435\u0441\u0442\u0432\u043e:<\/strong> \u0414\u043b\u044f \u0441\u0432\u0438\u0442\u0435\u0440\u0430 \u0440\u0430\u0437\u043c\u0435\u0440\u0430 S\u2013M \u2013 4\u20135 \u043c\u043e\u0442\u043a\u043e\u0432 (\u043a\u043e\u043b\u0438\u0447\u0435\u0441\u0442\u0432\u043e \u043f\u0440\u0438\u0431\u043b\u0438\u0437\u0438\u0442\u0435\u043b\u044c\u043d\u043e\u0435, \u0437\u0430\u0432\u0438\u0441\u0438\u0442 \u043e\u0442 \u043f\u043b\u043e\u0442\u043d\u043e\u0441\u0442\u0438 \u0432\u044f\u0437\u0430\u043d\u0438\u044f, \u0443\u0437\u043e\u0440\u0430 \u0438 \u043c\u043e\u0434\u0435\u043b\u0438)<\/p>\n<p data-start=\"1035\" data-end=\"1051\"><strong data-start=\"1035\" data-end=\"1049\">\u0421\u043e\u0432\u0435\u0442\u044b \u043f\u043e \u0443\u0445\u043e\u0434\u0443:<\/strong><\/p>\n<ul data-start=\"1052\" data-end=\"1121\">\n<li data-start=\"1052\" data-end=\"1084\">\n<p data-start=\"1054\" data-end=\"1084\">\u0420\u0443\u0447\u043d\u0430\u044f \u0441\u0442\u0438\u0440\u043a\u0430 (\u0434\u043e 30 \u00b0C)<\/p>\n<\/li>\n<li data-start=\"1085\" data-end=\"1121\">\n<p data-start=\"1087\" data-end=\"1121\">\u0421\u0443\u0448\u0438\u0442\u044c \u0432 \u0440\u0430\u0441\u043f\u0440\u0430\u0432\u043b\u0435\u043d\u043d\u043e\u043c \u0432\u0438\u0434\u0435 \u0432 \u0433\u043e\u0440\u0438\u0437\u043e\u043d\u0442\u0430\u043b\u044c\u043d\u043e\u043c \u043f\u043e\u043b\u043e\u0436\u0435\u043d\u0438\u0438<\/p>\n<\/li>\n<\/ul>","protected":false},"excerpt":{"rendered":"<p>Itin populiar\u016bs Kidsilk Hae si\u016blai derina mink\u0161t\u0105 superkid moher\u0105 su ry\u0161kiu \u0161ilko blizgesiu, sukurdami nepaprast\u0105 prabangos poj\u016bt\u012f mezginiams. \u0160ie si\u016blai yra m\u0117gstami mezg\u0117j\u0173 visame pasaulyje. Galima naudoti su \u012fvairaus storio virbalais, kad sukurtum\u0117te skirtingus efektus ir stilius, o n\u0117rini\u0173 m\u0117g\u0117jams Kidsilk Hae tampa ypa\u010d m\u0117gstamu pasirinkimu. Derinant su kitais si\u016blais, mezginys \u012fgyja beveik magi\u0161k\u0105 i\u0161vaizd\u0105. [&hellip;]<\/p>\n","protected":false},"featured_media":2074,"comment_status":"open","ping_status":"closed","template":"","meta":{"_acf_changed":false},"product_brand":[59],"product_cat":[15,182,18],"product_tag":[33],"pro-kategorijos":[74,77],"class_list":{"0":"post-2073","1":"product","2":"type-product","3":"status-publish","4":"has-post-thumbnail","6":"product_brand-rowan","7":"product_cat-visi-produktai","8":"product_cat-ispardavimas","9":"product_cat-siulai","10":"product_tag-ispardavimas","11":"pro-kategorijos-moheras","12":"pro-kategorijos-silkas","14":"first","15":"instock","16":"sale","17":"shipping-taxable","18":"purchasable","19":"product-type-variable"},"acf":[],"yoast_head":"<!-- This site is optimized with the Yoast SEO plugin v26.8 - https:\/\/yoast.com\/product\/yoast-seo-wordpress\/ -->\n<title>Rowan Kidsilk Haze - Happyinaknit.com<\/title>\n<meta name=\"robots\" content=\"index, follow, max-snippet:-1, max-image-preview:large, max-video-preview:-1\" \/>\n<link rel=\"canonical\" href=\"https:\/\/happyinaknit.com\/ru\/product\/rowan-kidsilk-hae\/\" \/>\n<meta property=\"og:locale\" content=\"ru_RU\" \/>\n<meta property=\"og:type\" content=\"article\" \/>\n<meta property=\"og:title\" content=\"Rowan Kidsilk Haze - Happyinaknit.com\" \/>\n<meta property=\"og:description\" content=\"Itin populiar\u016bs Kidsilk Hae si\u016blai derina mink\u0161t\u0105 superkid moher\u0105 su ry\u0161kiu \u0161ilko blizgesiu, sukurdami nepaprast\u0105 prabangos poj\u016bt\u012f mezginiams. \u0160ie si\u016blai yra m\u0117gstami mezg\u0117j\u0173 visame pasaulyje. Galima naudoti su \u012fvairaus storio virbalais, kad sukurtum\u0117te skirtingus efektus ir stilius, o n\u0117rini\u0173 m\u0117g\u0117jams Kidsilk Hae tampa ypa\u010d m\u0117gstamu pasirinkimu. Derinant su kitais si\u016blais, mezginys \u012fgyja beveik magi\u0161k\u0105 i\u0161vaizd\u0105. [&hellip;]\" \/>\n<meta property=\"og:url\" content=\"https:\/\/happyinaknit.com\/ru\/product\/rowan-kidsilk-hae\/\" \/>\n<meta property=\"og:site_name\" content=\"Happyinaknit.com\" \/>\n<meta property=\"article:modified_time\" content=\"2025-11-13T21:45:16+00:00\" \/>\n<meta property=\"og:image\" content=\"https:\/\/happyinaknit.com\/wp-content\/uploads\/2025\/10\/open-uri20210212-3-7md55h.jpeg\" \/>\n\t<meta property=\"og:image:width\" content=\"940\" \/>\n\t<meta property=\"og:image:height\" content=\"940\" \/>\n\t<meta property=\"og:image:type\" content=\"image\/jpeg\" \/>\n<meta name=\"twitter:card\" content=\"summary_large_image\" \/>\n<meta name=\"twitter:label1\" content=\"\u041f\u0440\u0438\u043c\u0435\u0440\u043d\u043e\u0435 \u0432\u0440\u0435\u043c\u044f \u0434\u043b\u044f \u0447\u0442\u0435\u043d\u0438\u044f\" \/>\n\t<meta name=\"twitter:data1\" content=\"1 \u043c\u0438\u043d\u0443\u0442\u0430\" \/>\n<script type=\"application\/ld+json\" class=\"yoast-schema-graph\">{\"@context\":\"https:\/\/schema.org\",\"@graph\":[{\"@type\":\"WebPage\",\"@id\":\"https:\/\/happyinaknit.com\/produktas\/rowan-kidsilk-hae\/\",\"url\":\"https:\/\/happyinaknit.com\/produktas\/rowan-kidsilk-hae\/\",\"name\":\"Rowan Kidsilk Haze - Happyinaknit.com\",\"isPartOf\":{\"@id\":\"https:\/\/happyinaknit.com\/lt\/#website\"},\"primaryImageOfPage\":{\"@id\":\"https:\/\/happyinaknit.com\/produktas\/rowan-kidsilk-hae\/#primaryimage\"},\"image\":{\"@id\":\"https:\/\/happyinaknit.com\/produktas\/rowan-kidsilk-hae\/#primaryimage\"},\"thumbnailUrl\":\"https:\/\/happyinaknit.com\/wp-content\/uploads\/2025\/10\/open-uri20210212-3-7md55h.jpeg\",\"datePublished\":\"2025-10-01T07:56:49+00:00\",\"dateModified\":\"2025-11-13T21:45:16+00:00\",\"breadcrumb\":{\"@id\":\"https:\/\/happyinaknit.com\/produktas\/rowan-kidsilk-hae\/#breadcrumb\"},\"inLanguage\":\"ru-RU\",\"potentialAction\":[{\"@type\":\"ReadAction\",\"target\":[\"https:\/\/happyinaknit.com\/produktas\/rowan-kidsilk-hae\/\"]}]},{\"@type\":\"ImageObject\",\"inLanguage\":\"ru-RU\",\"@id\":\"https:\/\/happyinaknit.com\/produktas\/rowan-kidsilk-hae\/#primaryimage\",\"url\":\"https:\/\/happyinaknit.com\/wp-content\/uploads\/2025\/10\/open-uri20210212-3-7md55h.jpeg\",\"contentUrl\":\"https:\/\/happyinaknit.com\/wp-content\/uploads\/2025\/10\/open-uri20210212-3-7md55h.jpeg\",\"width\":940,\"height\":940},{\"@type\":\"BreadcrumbList\",\"@id\":\"https:\/\/happyinaknit.com\/produktas\/rowan-kidsilk-hae\/#breadcrumb\",\"itemListElement\":[{\"@type\":\"ListItem\",\"position\":1,\"name\":\"Home\",\"item\":\"https:\/\/happyinaknit.com\/lt\/\"},{\"@type\":\"ListItem\",\"position\":2,\"name\":\"Parduotuv\u0117\",\"item\":\"https:\/\/happyinaknit.com\/lt\/parduotuve\/\"},{\"@type\":\"ListItem\",\"position\":3,\"name\":\"Rowan Kidsilk Haze\"}]},{\"@type\":\"WebSite\",\"@id\":\"https:\/\/happyinaknit.com\/lt\/#website\",\"url\":\"https:\/\/happyinaknit.com\/lt\/\",\"name\":\"Happyinaknit.com\",\"description\":\"\",\"potentialAction\":[{\"@type\":\"SearchAction\",\"target\":{\"@type\":\"EntryPoint\",\"urlTemplate\":\"https:\/\/happyinaknit.com\/lt\/?s={search_term_string}\"},\"query-input\":{\"@type\":\"PropertyValueSpecification\",\"valueRequired\":true,\"valueName\":\"search_term_string\"}}],\"inLanguage\":\"ru-RU\"}]}<\/script>\n<!-- \/ Yoast SEO plugin. -->","yoast_head_json":{"title":"Rowan Kidsilk Haze - Happyinaknit.com","robots":{"index":"index","follow":"follow","max-snippet":"max-snippet:-1","max-image-preview":"max-image-preview:large","max-video-preview":"max-video-preview:-1"},"canonical":"https:\/\/happyinaknit.com\/ru\/product\/rowan-kidsilk-hae\/","og_locale":"ru_RU","og_type":"article","og_title":"Rowan Kidsilk Haze - Happyinaknit.com","og_description":"Itin populiar\u016bs Kidsilk Hae si\u016blai derina mink\u0161t\u0105 superkid moher\u0105 su ry\u0161kiu \u0161ilko blizgesiu, sukurdami nepaprast\u0105 prabangos poj\u016bt\u012f mezginiams. \u0160ie si\u016blai yra m\u0117gstami mezg\u0117j\u0173 visame pasaulyje. Galima naudoti su \u012fvairaus storio virbalais, kad sukurtum\u0117te skirtingus efektus ir stilius, o n\u0117rini\u0173 m\u0117g\u0117jams Kidsilk Hae tampa ypa\u010d m\u0117gstamu pasirinkimu. Derinant su kitais si\u016blais, mezginys \u012fgyja beveik magi\u0161k\u0105 i\u0161vaizd\u0105. [&hellip;]","og_url":"https:\/\/happyinaknit.com\/ru\/product\/rowan-kidsilk-hae\/","og_site_name":"Happyinaknit.com","article_modified_time":"2025-11-13T21:45:16+00:00","og_image":[{"width":940,"height":940,"url":"https:\/\/happyinaknit.com\/wp-content\/uploads\/2025\/10\/open-uri20210212-3-7md55h.jpeg","type":"image\/jpeg"}],"twitter_card":"summary_large_image","twitter_misc":{"\u041f\u0440\u0438\u043c\u0435\u0440\u043d\u043e\u0435 \u0432\u0440\u0435\u043c\u044f \u0434\u043b\u044f \u0447\u0442\u0435\u043d\u0438\u044f":"1 \u043c\u0438\u043d\u0443\u0442\u0430"},"schema":{"@context":"https:\/\/schema.org","@graph":[{"@type":"WebPage","@id":"https:\/\/happyinaknit.com\/produktas\/rowan-kidsilk-hae\/","url":"https:\/\/happyinaknit.com\/produktas\/rowan-kidsilk-hae\/","name":"Rowan Kidsilk Haze - Happyinaknit.com","isPartOf":{"@id":"https:\/\/happyinaknit.com\/lt\/#website"},"primaryImageOfPage":{"@id":"https:\/\/happyinaknit.com\/produktas\/rowan-kidsilk-hae\/#primaryimage"},"image":{"@id":"https:\/\/happyinaknit.com\/produktas\/rowan-kidsilk-hae\/#primaryimage"},"thumbnailUrl":"https:\/\/happyinaknit.com\/wp-content\/uploads\/2025\/10\/open-uri20210212-3-7md55h.jpeg","datePublished":"2025-10-01T07:56:49+00:00","dateModified":"2025-11-13T21:45:16+00:00","breadcrumb":{"@id":"https:\/\/happyinaknit.com\/produktas\/rowan-kidsilk-hae\/#breadcrumb"},"inLanguage":"ru-RU","potentialAction":[{"@type":"ReadAction","target":["https:\/\/happyinaknit.com\/produktas\/rowan-kidsilk-hae\/"]}]},{"@type":"ImageObject","inLanguage":"ru-RU","@id":"https:\/\/happyinaknit.com\/produktas\/rowan-kidsilk-hae\/#primaryimage","url":"https:\/\/happyinaknit.com\/wp-content\/uploads\/2025\/10\/open-uri20210212-3-7md55h.jpeg","contentUrl":"https:\/\/happyinaknit.com\/wp-content\/uploads\/2025\/10\/open-uri20210212-3-7md55h.jpeg","width":940,"height":940},{"@type":"BreadcrumbList","@id":"https:\/\/happyinaknit.com\/produktas\/rowan-kidsilk-hae\/#breadcrumb","itemListElement":[{"@type":"ListItem","position":1,"name":"Home","item":"https:\/\/happyinaknit.com\/lt\/"},{"@type":"ListItem","position":2,"name":"Parduotuv\u0117","item":"https:\/\/happyinaknit.com\/lt\/parduotuve\/"},{"@type":"ListItem","position":3,"name":"Rowan Kidsilk Haze"}]},{"@type":"WebSite","@id":"https:\/\/happyinaknit.com\/lt\/#website","url":"https:\/\/happyinaknit.com\/lt\/","name":"Happyinaknit.com","description":"","potentialAction":[{"@type":"SearchAction","target":{"@type":"EntryPoint","urlTemplate":"https:\/\/happyinaknit.com\/lt\/?s={search_term_string}"},"query-input":{"@type":"PropertyValueSpecification","valueRequired":true,"valueName":"search_term_string"}}],"inLanguage":"ru-RU"}]}},"_links":{"self":[{"href":"https:\/\/happyinaknit.com\/ru\/wp-json\/wp\/v2\/product\/2073","targetHints":{"allow":["GET"]}}],"collection":[{"href":"https:\/\/happyinaknit.com\/ru\/wp-json\/wp\/v2\/product"}],"about":[{"href":"https:\/\/happyinaknit.com\/ru\/wp-json\/wp\/v2\/types\/product"}],"replies":[{"embeddable":true,"href":"https:\/\/happyinaknit.com\/ru\/wp-json\/wp\/v2\/comments?post=2073"}],"wp:featuredmedia":[{"embeddable":true,"href":"https:\/\/happyinaknit.com\/ru\/wp-json\/wp\/v2\/media\/2074"}],"wp:attachment":[{"href":"https:\/\/happyinaknit.com\/ru\/wp-json\/wp\/v2\/media?parent=2073"}],"wp:term":[{"taxonomy":"product_brand","embeddable":true,"href":"https:\/\/happyinaknit.com\/ru\/wp-json\/wp\/v2\/product_brand?post=2073"},{"taxonomy":"product_cat","embeddable":true,"href":"https:\/\/happyinaknit.com\/ru\/wp-json\/wp\/v2\/product_cat?post=2073"},{"taxonomy":"product_tag","embeddable":true,"href":"https:\/\/happyinaknit.com\/ru\/wp-json\/wp\/v2\/product_tag?post=2073"},{"taxonomy":"pro-kategorijos","embeddable":true,"href":"https:\/\/happyinaknit.com\/ru\/wp-json\/wp\/v2\/pro-kategorijos?post=2073"}],"curies":[{"name":"wp","href":"https:\/\/api.w.org\/{rel}","templated":true}]}}