{"id":2040,"date":"2025-10-01T06:41:02","date_gmt":"2025-10-01T06:41:02","guid":{"rendered":"https:\/\/happyinaknit.com\/?post_type=product&#038;p=2040"},"modified":"2026-03-30T13:33:19","modified_gmt":"2026-03-30T13:33:19","slug":"myak-fior-di-lino","status":"publish","type":"product","link":"https:\/\/happyinaknit.com\/ru\/product\/myak-fior-di-lino\/","title":{"rendered":"Myak Fior di Lino"},"content":{"rendered":"<p data-start=\"119\" data-end=\"503\">\u041f\u0440\u0435\u043c\u0438\u0430\u043b\u044c\u043d\u0430\u044f \u0438\u0442\u0430\u043b\u044c\u044f\u043d\u0441\u043a\u0430\u044f \u043f\u0440\u044f\u0436\u0430, \u0441\u043e\u0447\u0435\u0442\u0430\u044e\u0449\u0430\u044f \u0432 \u0441\u0435\u0431\u0435 \u0442\u0438\u0431\u0435\u0442\u0441\u043a\u0443\u044e \u0448\u0435\u0440\u0441\u0442\u044c, \u043c\u044f\u0433\u043a\u0438\u0439 \u043f\u0443\u0445 \u043c\u043e\u043b\u043e\u0434\u043e\u0433\u043e \u044f\u043a\u0430 \u0438 \u044d\u043b\u0435\u0433\u0430\u043d\u0442\u043d\u044b\u0439 \u043b\u0451\u043d. \u042d\u0442\u043e \u0441\u043e\u0447\u0435\u0442\u0430\u043d\u0438\u0435 \u043f\u0440\u0438\u0434\u0430\u0451\u0442 \u0442\u0440\u0438\u043a\u043e\u0442\u0430\u0436\u0443 \u043c\u044f\u0433\u043a\u043e\u0441\u0442\u044c, \u0442\u0435\u043f\u043b\u043e \u0438 \u043b\u0451\u0433\u043a\u043e\u0441\u0442\u044c, \u0430 \u043b\u0451\u043d \u0434\u043e\u0431\u0430\u0432\u043b\u044f\u0435\u0442 \u043b\u0451\u0433\u043a\u0438\u0439 \u043c\u0430\u0442\u043e\u0432\u044b\u0439 \u0431\u043b\u0435\u0441\u043a \u0438 \u0435\u0441\u0442\u0435\u0441\u0442\u0432\u0435\u043d\u043d\u0443\u044e \u0441\u0432\u0435\u0436\u0435\u0441\u0442\u044c. \u041e\u0442\u043b\u0438\u0447\u043d\u044b\u0439 \u0432\u044b\u0431\u043e\u0440 \u0434\u043b\u044f \u0441\u0432\u0438\u0442\u0435\u0440\u043e\u0432, \u043a\u0430\u0440\u0434\u0438\u0433\u0430\u043d\u043e\u0432 \u0438 \u0430\u043a\u0441\u0435\u0441\u0441\u0443\u0430\u0440\u043e\u0432 \u2014 \u0442\u0440\u0438\u043a\u043e\u0442\u0430\u0436 \u0432\u044b\u0433\u043b\u044f\u0434\u0438\u0442 \u0440\u043e\u0441\u043a\u043e\u0448\u043d\u043e, \u043f\u0440\u0438\u044f\u0442\u0435\u043d \u0432 \u043d\u043e\u0441\u043a\u0435 \u0438 \u0434\u043e\u043b\u0433\u043e \u0441\u043e\u0445\u0440\u0430\u043d\u044f\u0435\u0442 \u0444\u043e\u0440\u043c\u0443.<\/p>\n<p data-start=\"505\" data-end=\"770\"><strong data-start=\"505\" data-end=\"517\">\u0421\u043e\u0441\u0442\u0430\u0432:<\/strong> 50% \u0442\u0438\u0431\u0435\u0442\u0441\u043a\u0430\u044f \u0448\u0435\u0440\u0441\u0442\u044c, 35% \u0431\u0435\u0431\u0438 \u044f\u043a\u0430, 15% \u0438\u0442\u0430\u043b\u044c\u044f\u043d\u0441\u043a\u0438\u0439 \u043b\u0435\u043d<br data-start=\"571\" data-end=\"574\" \/><strong data-start=\"574\" data-end=\"596\">\u0412\u0435\u0441\/\u0434\u043b\u0438\u043d\u0430:<\/strong> 50 \u0433 \u2014 200 \u043c<br data-start=\"609\" data-end=\"612\" \/><strong data-start=\"612\" data-end=\"625\">\u0421\u043f\u0438\u0446\u044b<\/strong> 2,75-3,5 \u043c\u043c<br data-start=\"637\" data-end=\"640\" \/><strong data-start=\"640\" data-end=\"651\">\u041f\u043b\u043e\u0442\u043d\u043e\u0441\u0442\u044c:<\/strong> 10 \u00d7 10 \u0441\u043c = 23 \u043f\u0435\u0442\u043b\u0438 \u00d7 34 \u0440\u044f\u0434\u0430<br data-start=\"683\" data-end=\"686\" \/><strong data-start=\"686\" data-end=\"697\" data-is-only-node=\"\">\u0420\u0430\u0441\u0445\u043e\u0434:<\/strong> \u0414\u043b\u044f \u0441\u0432\u0438\u0442\u0435\u0440\u0430 \u0440\u0430\u0437\u043c\u0435\u0440\u0430 S\/M \u0432\u0430\u043c \u043f\u043e\u043d\u0430\u0434\u043e\u0431\u0438\u0442\u0441\u044f 5 \u043a\u043b\u0443\u0431\u043a\u043e\u0432 \u0438\u043b\u0438 \u0431\u043e\u043b\u044c\u0448\u0435.<\/p>\n<p data-start=\"772\" data-end=\"788\"><strong data-start=\"772\" data-end=\"786\">\u0421\u043e\u0432\u0435\u0442\u044b \u043f\u043e \u0443\u0445\u043e\u0434\u0443:<\/strong><\/p>\n<ul data-start=\"789\" data-end=\"858\">\n<li data-start=\"789\" data-end=\"821\">\n<p data-start=\"791\" data-end=\"821\">\u0420\u0443\u0447\u043d\u0430\u044f \u0441\u0442\u0438\u0440\u043a\u0430 (\u0434\u043e 30 \u00b0C)<\/p>\n<\/li>\n<li data-start=\"822\" data-end=\"858\">\n<p data-start=\"824\" data-end=\"858\">\u0421\u0443\u0448\u0438\u0442\u044c \u0432 \u0440\u0430\u0441\u043f\u0440\u0430\u0432\u043b\u0435\u043d\u043d\u043e\u043c \u0432\u0438\u0434\u0435 \u0432 \u0433\u043e\u0440\u0438\u0437\u043e\u043d\u0442\u0430\u043b\u044c\u043d\u043e\u043c \u043f\u043e\u043b\u043e\u0436\u0435\u043d\u0438\u0438<\/p>\n<\/li>\n<\/ul>","protected":false},"excerpt":{"rendered":"<p>Itali\u0161ki premium klas\u0117s si\u016blai, kuriuose dera tibeto vilna, \u0161velnus baby yako p\u016bkas ir eleganti\u0161kas linas. \u0160is derinys suteikia mezginiui mink\u0161tumo, \u0161ilumos ir lengvumo, o linas prideda subtil\u0173 matin\u012f blizges\u012f bei nat\u016bral\u0173 gaivum\u0105. Puikus pasirinkimas megztiniams, kardiganams ir aksesuarams \u2013 mezginiai atrodo prabangiai, yra malon\u016bs d\u0117v\u0117ti ir ilgai i\u0161laiko form\u0105. Sud\u0117tis: 50% tibeto vilna, 35% baby [&hellip;]<\/p>\n","protected":false},"featured_media":2043,"comment_status":"open","ping_status":"closed","template":"","meta":{"_acf_changed":false},"product_brand":[63],"product_cat":[15,18],"product_tag":[],"pro-kategorijos":[76,80,277],"class_list":{"0":"post-2040","1":"product","2":"type-product","3":"status-publish","4":"has-post-thumbnail","6":"product_brand-myak","7":"product_cat-visi-produktai","8":"product_cat-siulai","9":"pro-kategorijos-baby-yako-vilna","10":"pro-kategorijos-linas","11":"pro-kategorijos-tibeto-vilna","13":"first","14":"instock","15":"shipping-taxable","16":"purchasable","17":"product-type-variable"},"acf":[],"yoast_head":"<!-- This site is optimized with the Yoast SEO plugin v26.8 - https:\/\/yoast.com\/product\/yoast-seo-wordpress\/ -->\n<title>Myak Fior di Lino - Happyinaknit.com<\/title>\n<meta name=\"robots\" content=\"index, follow, max-snippet:-1, max-image-preview:large, max-video-preview:-1\" \/>\n<link rel=\"canonical\" href=\"https:\/\/happyinaknit.com\/ru\/product\/myak-fior-di-lino\/\" \/>\n<meta property=\"og:locale\" content=\"ru_RU\" \/>\n<meta property=\"og:type\" content=\"article\" \/>\n<meta property=\"og:title\" content=\"Myak Fior di Lino - Happyinaknit.com\" \/>\n<meta property=\"og:description\" content=\"Itali\u0161ki premium klas\u0117s si\u016blai, kuriuose dera tibeto vilna, \u0161velnus baby yako p\u016bkas ir eleganti\u0161kas linas. \u0160is derinys suteikia mezginiui mink\u0161tumo, \u0161ilumos ir lengvumo, o linas prideda subtil\u0173 matin\u012f blizges\u012f bei nat\u016bral\u0173 gaivum\u0105. Puikus pasirinkimas megztiniams, kardiganams ir aksesuarams \u2013 mezginiai atrodo prabangiai, yra malon\u016bs d\u0117v\u0117ti ir ilgai i\u0161laiko form\u0105. Sud\u0117tis: 50% tibeto vilna, 35% baby [&hellip;]\" \/>\n<meta property=\"og:url\" content=\"https:\/\/happyinaknit.com\/ru\/product\/myak-fior-di-lino\/\" \/>\n<meta property=\"og:site_name\" content=\"Happyinaknit.com\" \/>\n<meta property=\"article:modified_time\" content=\"2026-03-30T13:33:19+00:00\" \/>\n<meta property=\"og:image\" content=\"https:\/\/happyinaknit.com\/wp-content\/uploads\/2025\/10\/Fior_di_Lino_Anemone_at_Loop_London_800x800.jpg.webp\" \/>\n\t<meta property=\"og:image:width\" content=\"800\" \/>\n\t<meta property=\"og:image:height\" content=\"800\" \/>\n\t<meta property=\"og:image:type\" content=\"image\/webp\" \/>\n<meta name=\"twitter:card\" content=\"summary_large_image\" \/>\n<script type=\"application\/ld+json\" class=\"yoast-schema-graph\">{\"@context\":\"https:\/\/schema.org\",\"@graph\":[{\"@type\":\"WebPage\",\"@id\":\"https:\/\/happyinaknit.com\/produktas\/myak-fior-di-lino\/\",\"url\":\"https:\/\/happyinaknit.com\/produktas\/myak-fior-di-lino\/\",\"name\":\"Myak Fior di Lino - Happyinaknit.com\",\"isPartOf\":{\"@id\":\"https:\/\/happyinaknit.com\/lt\/#website\"},\"primaryImageOfPage\":{\"@id\":\"https:\/\/happyinaknit.com\/produktas\/myak-fior-di-lino\/#primaryimage\"},\"image\":{\"@id\":\"https:\/\/happyinaknit.com\/produktas\/myak-fior-di-lino\/#primaryimage\"},\"thumbnailUrl\":\"https:\/\/happyinaknit.com\/wp-content\/uploads\/2025\/10\/Fior_di_Lino_Anemone_at_Loop_London_800x800.jpg.webp\",\"datePublished\":\"2025-10-01T06:41:02+00:00\",\"dateModified\":\"2026-03-30T13:33:19+00:00\",\"breadcrumb\":{\"@id\":\"https:\/\/happyinaknit.com\/produktas\/myak-fior-di-lino\/#breadcrumb\"},\"inLanguage\":\"ru-RU\",\"potentialAction\":[{\"@type\":\"ReadAction\",\"target\":[\"https:\/\/happyinaknit.com\/produktas\/myak-fior-di-lino\/\"]}]},{\"@type\":\"ImageObject\",\"inLanguage\":\"ru-RU\",\"@id\":\"https:\/\/happyinaknit.com\/produktas\/myak-fior-di-lino\/#primaryimage\",\"url\":\"https:\/\/happyinaknit.com\/wp-content\/uploads\/2025\/10\/Fior_di_Lino_Anemone_at_Loop_London_800x800.jpg.webp\",\"contentUrl\":\"https:\/\/happyinaknit.com\/wp-content\/uploads\/2025\/10\/Fior_di_Lino_Anemone_at_Loop_London_800x800.jpg.webp\",\"width\":800,\"height\":800},{\"@type\":\"BreadcrumbList\",\"@id\":\"https:\/\/happyinaknit.com\/produktas\/myak-fior-di-lino\/#breadcrumb\",\"itemListElement\":[{\"@type\":\"ListItem\",\"position\":1,\"name\":\"Home\",\"item\":\"https:\/\/happyinaknit.com\/lt\/\"},{\"@type\":\"ListItem\",\"position\":2,\"name\":\"Parduotuv\u0117\",\"item\":\"https:\/\/happyinaknit.com\/lt\/parduotuve\/\"},{\"@type\":\"ListItem\",\"position\":3,\"name\":\"Myak Fior di Lino\"}]},{\"@type\":\"WebSite\",\"@id\":\"https:\/\/happyinaknit.com\/lt\/#website\",\"url\":\"https:\/\/happyinaknit.com\/lt\/\",\"name\":\"Happyinaknit.com\",\"description\":\"\",\"potentialAction\":[{\"@type\":\"SearchAction\",\"target\":{\"@type\":\"EntryPoint\",\"urlTemplate\":\"https:\/\/happyinaknit.com\/lt\/?s={search_term_string}\"},\"query-input\":{\"@type\":\"PropertyValueSpecification\",\"valueRequired\":true,\"valueName\":\"search_term_string\"}}],\"inLanguage\":\"ru-RU\"}]}<\/script>\n<!-- \/ Yoast SEO plugin. -->","yoast_head_json":{"title":"Myak Fior di Lino - Happyinaknit.com","robots":{"index":"index","follow":"follow","max-snippet":"max-snippet:-1","max-image-preview":"max-image-preview:large","max-video-preview":"max-video-preview:-1"},"canonical":"https:\/\/happyinaknit.com\/ru\/product\/myak-fior-di-lino\/","og_locale":"ru_RU","og_type":"article","og_title":"Myak Fior di Lino - Happyinaknit.com","og_description":"Itali\u0161ki premium klas\u0117s si\u016blai, kuriuose dera tibeto vilna, \u0161velnus baby yako p\u016bkas ir eleganti\u0161kas linas. \u0160is derinys suteikia mezginiui mink\u0161tumo, \u0161ilumos ir lengvumo, o linas prideda subtil\u0173 matin\u012f blizges\u012f bei nat\u016bral\u0173 gaivum\u0105. Puikus pasirinkimas megztiniams, kardiganams ir aksesuarams \u2013 mezginiai atrodo prabangiai, yra malon\u016bs d\u0117v\u0117ti ir ilgai i\u0161laiko form\u0105. Sud\u0117tis: 50% tibeto vilna, 35% baby [&hellip;]","og_url":"https:\/\/happyinaknit.com\/ru\/product\/myak-fior-di-lino\/","og_site_name":"Happyinaknit.com","article_modified_time":"2026-03-30T13:33:19+00:00","og_image":[{"width":800,"height":800,"url":"https:\/\/happyinaknit.com\/wp-content\/uploads\/2025\/10\/Fior_di_Lino_Anemone_at_Loop_London_800x800.jpg.webp","type":"image\/webp"}],"twitter_card":"summary_large_image","schema":{"@context":"https:\/\/schema.org","@graph":[{"@type":"WebPage","@id":"https:\/\/happyinaknit.com\/produktas\/myak-fior-di-lino\/","url":"https:\/\/happyinaknit.com\/produktas\/myak-fior-di-lino\/","name":"Myak Fior di Lino - Happyinaknit.com","isPartOf":{"@id":"https:\/\/happyinaknit.com\/lt\/#website"},"primaryImageOfPage":{"@id":"https:\/\/happyinaknit.com\/produktas\/myak-fior-di-lino\/#primaryimage"},"image":{"@id":"https:\/\/happyinaknit.com\/produktas\/myak-fior-di-lino\/#primaryimage"},"thumbnailUrl":"https:\/\/happyinaknit.com\/wp-content\/uploads\/2025\/10\/Fior_di_Lino_Anemone_at_Loop_London_800x800.jpg.webp","datePublished":"2025-10-01T06:41:02+00:00","dateModified":"2026-03-30T13:33:19+00:00","breadcrumb":{"@id":"https:\/\/happyinaknit.com\/produktas\/myak-fior-di-lino\/#breadcrumb"},"inLanguage":"ru-RU","potentialAction":[{"@type":"ReadAction","target":["https:\/\/happyinaknit.com\/produktas\/myak-fior-di-lino\/"]}]},{"@type":"ImageObject","inLanguage":"ru-RU","@id":"https:\/\/happyinaknit.com\/produktas\/myak-fior-di-lino\/#primaryimage","url":"https:\/\/happyinaknit.com\/wp-content\/uploads\/2025\/10\/Fior_di_Lino_Anemone_at_Loop_London_800x800.jpg.webp","contentUrl":"https:\/\/happyinaknit.com\/wp-content\/uploads\/2025\/10\/Fior_di_Lino_Anemone_at_Loop_London_800x800.jpg.webp","width":800,"height":800},{"@type":"BreadcrumbList","@id":"https:\/\/happyinaknit.com\/produktas\/myak-fior-di-lino\/#breadcrumb","itemListElement":[{"@type":"ListItem","position":1,"name":"Home","item":"https:\/\/happyinaknit.com\/lt\/"},{"@type":"ListItem","position":2,"name":"Parduotuv\u0117","item":"https:\/\/happyinaknit.com\/lt\/parduotuve\/"},{"@type":"ListItem","position":3,"name":"Myak Fior di Lino"}]},{"@type":"WebSite","@id":"https:\/\/happyinaknit.com\/lt\/#website","url":"https:\/\/happyinaknit.com\/lt\/","name":"Happyinaknit.com","description":"","potentialAction":[{"@type":"SearchAction","target":{"@type":"EntryPoint","urlTemplate":"https:\/\/happyinaknit.com\/lt\/?s={search_term_string}"},"query-input":{"@type":"PropertyValueSpecification","valueRequired":true,"valueName":"search_term_string"}}],"inLanguage":"ru-RU"}]}},"_links":{"self":[{"href":"https:\/\/happyinaknit.com\/ru\/wp-json\/wp\/v2\/product\/2040","targetHints":{"allow":["GET"]}}],"collection":[{"href":"https:\/\/happyinaknit.com\/ru\/wp-json\/wp\/v2\/product"}],"about":[{"href":"https:\/\/happyinaknit.com\/ru\/wp-json\/wp\/v2\/types\/product"}],"replies":[{"embeddable":true,"href":"https:\/\/happyinaknit.com\/ru\/wp-json\/wp\/v2\/comments?post=2040"}],"wp:featuredmedia":[{"embeddable":true,"href":"https:\/\/happyinaknit.com\/ru\/wp-json\/wp\/v2\/media\/2043"}],"wp:attachment":[{"href":"https:\/\/happyinaknit.com\/ru\/wp-json\/wp\/v2\/media?parent=2040"}],"wp:term":[{"taxonomy":"product_brand","embeddable":true,"href":"https:\/\/happyinaknit.com\/ru\/wp-json\/wp\/v2\/product_brand?post=2040"},{"taxonomy":"product_cat","embeddable":true,"href":"https:\/\/happyinaknit.com\/ru\/wp-json\/wp\/v2\/product_cat?post=2040"},{"taxonomy":"product_tag","embeddable":true,"href":"https:\/\/happyinaknit.com\/ru\/wp-json\/wp\/v2\/product_tag?post=2040"},{"taxonomy":"pro-kategorijos","embeddable":true,"href":"https:\/\/happyinaknit.com\/ru\/wp-json\/wp\/v2\/pro-kategorijos?post=2040"}],"curies":[{"name":"wp","href":"https:\/\/api.w.org\/{rel}","templated":true}]}}