{"id":1973,"date":"2025-09-30T20:46:08","date_gmt":"2025-09-30T20:46:08","guid":{"rendered":"https:\/\/happyinaknit.com\/?post_type=product&#038;p=1973"},"modified":"2026-04-06T20:49:27","modified_gmt":"2026-04-06T20:49:27","slug":"myak-baby-yak-medium","status":"publish","type":"product","link":"https:\/\/happyinaknit.com\/ru\/product\/myak-baby-yak-medium\/","title":{"rendered":"Myak \u2013 Baby Yak Medium"},"content":{"rendered":"<p data-start=\"173\" data-end=\"434\">\u041d\u0430\u0442\u0443\u0440\u0430\u043b\u044c\u043d\u0430\u044f, \u0440\u043e\u0441\u043a\u043e\u0448\u043d\u0430\u044f \u043f\u0440\u044f\u0436\u0430 \u0438\u0437 100% \u0448\u0435\u0440\u0441\u0442\u0438 \u0431\u0435\u0431\u0438 \u044f\u043a\u0430.  \u041e\u043d\u0430 \u043e\u0442\u043b\u0438\u0447\u0430\u0435\u0442\u0441\u044f \u0438\u0441\u043a\u043b\u044e\u0447\u0438\u0442\u0435\u043b\u044c\u043d\u043e\u0439 \u043c\u044f\u0433\u043a\u043e\u0441\u0442\u044c\u044e, \u0442\u0435\u043f\u043b\u043e\u0442\u043e\u0439 \u0438 \u043f\u0440\u043e\u0447\u043d\u043e\u0441\u0442\u044c\u044e. \u0412\u044f\u0437\u0430\u043d\u044b\u0435 \u0438\u0437\u0434\u0435\u043b\u0438\u044f \u0438\u0437 \u044d\u0442\u043e\u0439 \u043f\u0440\u044f\u0436\u0438 \u043b\u0451\u0433\u043a\u0438\u0435, \u043d\u0435\u0436\u043d\u044b\u0435 \u0438 \u043f\u0440\u043e\u0447\u043d\u044b\u0435 \u2014 \u043e\u0442\u043b\u0438\u0447\u043d\u044b\u0439 \u0432\u044b\u0431\u043e\u0440 \u0434\u043b\u044f \u0441\u0432\u0438\u0442\u0435\u0440\u043e\u0432, \u0448\u0430\u0440\u0444\u043e\u0432 \u0438 \u0434\u0440\u0443\u0433\u043e\u0439 \u0443\u044e\u0442\u043d\u043e\u0439 \u043e\u0434\u0435\u0436\u0434\u044b \u0438 \u0430\u043a\u0441\u0435\u0441\u0441\u0443\u0430\u0440\u043e\u0432.<\/p>\n<ul data-start=\"436\" data-end=\"790\">\n<li data-start=\"436\" data-end=\"474\">\n<p data-start=\"438\" data-end=\"474\"><strong data-start=\"438\" data-end=\"450\">\u0421\u043e\u0441\u0442\u0430\u0432:<\/strong> 100 % \u0448\u0435\u0440\u0441\u0442\u044c \u0431\u044d\u0431\u0438 \u044f\u043a\u0430<\/p>\n<\/li>\n<li data-start=\"475\" data-end=\"513\">\n<p data-start=\"477\" data-end=\"513\"><strong data-start=\"477\" data-end=\"493\">\u0412\u0435\u0441\/\u0434\u043b\u0438\u043d\u0430:<\/strong> 50 \u0433 - 117 \u043c<\/p>\n<\/li>\n<li data-start=\"514\" data-end=\"557\">\n<p data-start=\"516\" data-end=\"557\"><strong data-start=\"516\" data-end=\"544\">\u0420\u0435\u043a\u043e\u043c\u0435\u043d\u0434\u0443\u0435\u043c\u044b\u0435 \u0441\u043f\u0438\u0446\u044b:<\/strong> 4,5-5,5 \u043c\u043c<\/p>\n<\/li>\n<li data-start=\"558\" data-end=\"607\">\n<p data-start=\"560\" data-end=\"607\"><strong data-start=\"560\" data-end=\"573\">\u041f\u043b\u043e\u0442\u043d\u043e\u0441\u0442\u044c:<\/strong> 10 \u00d7 10 \u0441\u043c = 19 \u043f\u0435\u0442\u0435\u043b\u044c \u00d7 28 \u0440\u044f\u0434\u043e\u0432<\/p>\n<\/li>\n<li data-start=\"608\" data-end=\"680\">\n<p data-start=\"610\" data-end=\"680\"><strong data-start=\"610\" data-end=\"633\">\u041d\u0435\u043e\u0431\u0445\u043e\u0434\u0438\u043c\u043e\u0435 \u043a\u043e\u043b\u0438\u0447\u0435\u0441\u0442\u0432\u043e:<\/strong> \u0414\u043b\u044f \u0441\u0432\u0438\u0442\u0435\u0440\u0430 \u0440\u0430\u0437\u043c\u0435\u0440\u0430 S\/M \u2014 \u043e\u043a\u043e\u043b\u043e 9\u201310 \u043c\u043e\u0442\u043a\u043e\u0432<\/p>\n<\/li>\n<li data-start=\"681\" data-end=\"790\">\n<p data-start=\"683\" data-end=\"790\"><strong data-start=\"683\" data-end=\"697\">\u0421\u043e\u0432\u0435\u0442\u044b \u043f\u043e \u0443\u0445\u043e\u0434\u0443:<\/strong> \u0440\u0443\u0447\u043d\u0430\u044f \u0441\u0442\u0438\u0440\u043a\u0430 \u043f\u0440\u0438 \u0442\u0435\u043c\u043f\u0435\u0440\u0430\u0442\u0443\u0440\u0435 \u043d\u0435 \u0432\u044b\u0448\u0435 30 \u00b0\u0421, \u0441\u0443\u0448\u0438\u0442\u044c \u043d\u0430 \u0433\u043e\u0440\u0438\u0437\u043e\u043d\u0442\u0430\u043b\u044c\u043d\u043e\u0439 \u043f\u043e\u0432\u0435\u0440\u0445\u043d\u043e\u0441\u0442\u0438<\/p>\n<\/li>\n<\/ul>\n<p data-start=\"792\" data-end=\"888\">\u042d\u0442\u043e \u043f\u0440\u044f\u0436\u0430 \u0438\u0441\u043a\u043b\u044e\u0447\u0438\u0442\u0435\u043b\u044c\u043d\u043e\u0433\u043e \u043a\u0430\u0447\u0435\u0441\u0442\u0432\u0430, \u043a\u043e\u0442\u043e\u0440\u0430\u044f \u043f\u0440\u0438\u0434\u0430\u0435\u0442 \u0442\u0440\u0438\u043a\u043e\u0442\u0430\u0436\u043d\u044b\u043c \u0438\u0437\u0434\u0435\u043b\u0438\u044f\u043c \u0442\u0435\u043f\u043b\u043e, \u043a\u043e\u043c\u0444\u043e\u0440\u0442 \u0438 \u0435\u0441\u0442\u0435\u0441\u0442\u0432\u0435\u043d\u043d\u0443\u044e \u043a\u0440\u0430\u0441\u043e\u0442\u0443.<\/p>","protected":false},"excerpt":{"rendered":"<p>Nat\u016bral\u016bs, prabang\u016bs si\u016blai i\u0161 100 % baby jaku vilnos. Jie pasi\u017eymi ypatingu mink\u0161tumu, \u0161iluma ir tvirtumu. Mezginiai i\u0161 \u0161i\u0173 si\u016bl\u0173 yra lengvi, \u0161veln\u016bs ir ilgaam\u017eiai \u2013 puikus pasirinkimas megztiniams, \u0161alikams ar kitiems jaukiems drabu\u017eiams bei aksesuarams. Sud\u0117tis: 100 % baby yako vilna Kamuoliukas: 50 g &#8211; 117 m Rekomenduojami virbalai: 4,5\u20135,5 mm Tankumas: 10 \u00d7 [&hellip;]<\/p>\n","protected":false},"featured_media":1994,"comment_status":"open","ping_status":"closed","template":"","meta":{"_acf_changed":false},"product_brand":[63],"product_cat":[15,18],"product_tag":[],"pro-kategorijos":[76],"class_list":{"0":"post-1973","1":"product","2":"type-product","3":"status-publish","4":"has-post-thumbnail","6":"product_brand-myak","7":"product_cat-visi-produktai","8":"product_cat-siulai","9":"pro-kategorijos-baby-yako-vilna","11":"first","12":"instock","13":"shipping-taxable","14":"purchasable","15":"product-type-variable"},"acf":[],"yoast_head":"<!-- This site is optimized with the Yoast SEO plugin v26.8 - https:\/\/yoast.com\/product\/yoast-seo-wordpress\/ -->\n<title>Myak - Baby Yak Medium - Happyinaknit.com<\/title>\n<meta name=\"robots\" content=\"index, follow, max-snippet:-1, max-image-preview:large, max-video-preview:-1\" \/>\n<link rel=\"canonical\" href=\"https:\/\/happyinaknit.com\/ru\/product\/myak-baby-yak-medium\/\" \/>\n<meta property=\"og:locale\" content=\"ru_RU\" \/>\n<meta property=\"og:type\" content=\"article\" \/>\n<meta property=\"og:title\" content=\"Myak - Baby Yak Medium - Happyinaknit.com\" \/>\n<meta property=\"og:description\" content=\"Nat\u016bral\u016bs, prabang\u016bs si\u016blai i\u0161 100 % baby jaku vilnos. Jie pasi\u017eymi ypatingu mink\u0161tumu, \u0161iluma ir tvirtumu. Mezginiai i\u0161 \u0161i\u0173 si\u016bl\u0173 yra lengvi, \u0161veln\u016bs ir ilgaam\u017eiai \u2013 puikus pasirinkimas megztiniams, \u0161alikams ar kitiems jaukiems drabu\u017eiams bei aksesuarams. Sud\u0117tis: 100 % baby yako vilna Kamuoliukas: 50 g &#8211; 117 m Rekomenduojami virbalai: 4,5\u20135,5 mm Tankumas: 10 \u00d7 [&hellip;]\" \/>\n<meta property=\"og:url\" content=\"https:\/\/happyinaknit.com\/ru\/product\/myak-baby-yak-medium\/\" \/>\n<meta property=\"og:site_name\" content=\"Happyinaknit.com\" \/>\n<meta property=\"article:modified_time\" content=\"2026-04-06T20:49:27+00:00\" \/>\n<meta property=\"og:image\" content=\"https:\/\/happyinaknit.com\/wp-content\/uploads\/2025\/09\/\u0421\u043d\u0438\u043c\u043e\u043a-\u044d\u043a\u0440\u0430\u043d\u0430-2025-10-01-\u0432-00.13.14.png\" \/>\n\t<meta property=\"og:image:width\" content=\"1150\" \/>\n\t<meta property=\"og:image:height\" content=\"1118\" \/>\n\t<meta property=\"og:image:type\" content=\"image\/png\" \/>\n<meta name=\"twitter:card\" content=\"summary_large_image\" \/>\n<meta name=\"twitter:label1\" content=\"\u041f\u0440\u0438\u043c\u0435\u0440\u043d\u043e\u0435 \u0432\u0440\u0435\u043c\u044f \u0434\u043b\u044f \u0447\u0442\u0435\u043d\u0438\u044f\" \/>\n\t<meta name=\"twitter:data1\" content=\"1 \u043c\u0438\u043d\u0443\u0442\u0430\" \/>\n<script type=\"application\/ld+json\" class=\"yoast-schema-graph\">{\"@context\":\"https:\/\/schema.org\",\"@graph\":[{\"@type\":\"WebPage\",\"@id\":\"https:\/\/happyinaknit.com\/produktas\/myak-baby-yak-medium\/\",\"url\":\"https:\/\/happyinaknit.com\/produktas\/myak-baby-yak-medium\/\",\"name\":\"Myak - Baby Yak Medium - Happyinaknit.com\",\"isPartOf\":{\"@id\":\"https:\/\/happyinaknit.com\/lt\/#website\"},\"primaryImageOfPage\":{\"@id\":\"https:\/\/happyinaknit.com\/produktas\/myak-baby-yak-medium\/#primaryimage\"},\"image\":{\"@id\":\"https:\/\/happyinaknit.com\/produktas\/myak-baby-yak-medium\/#primaryimage\"},\"thumbnailUrl\":\"https:\/\/happyinaknit.com\/wp-content\/uploads\/2025\/09\/\u0421\u043d\u0438\u043c\u043e\u043a-\u044d\u043a\u0440\u0430\u043d\u0430-2025-10-01-\u0432-00.13.14.png\",\"datePublished\":\"2025-09-30T20:46:08+00:00\",\"dateModified\":\"2026-04-06T20:49:27+00:00\",\"breadcrumb\":{\"@id\":\"https:\/\/happyinaknit.com\/produktas\/myak-baby-yak-medium\/#breadcrumb\"},\"inLanguage\":\"ru-RU\",\"potentialAction\":[{\"@type\":\"ReadAction\",\"target\":[\"https:\/\/happyinaknit.com\/produktas\/myak-baby-yak-medium\/\"]}]},{\"@type\":\"ImageObject\",\"inLanguage\":\"ru-RU\",\"@id\":\"https:\/\/happyinaknit.com\/produktas\/myak-baby-yak-medium\/#primaryimage\",\"url\":\"https:\/\/happyinaknit.com\/wp-content\/uploads\/2025\/09\/\u0421\u043d\u0438\u043c\u043e\u043a-\u044d\u043a\u0440\u0430\u043d\u0430-2025-10-01-\u0432-00.13.14.png\",\"contentUrl\":\"https:\/\/happyinaknit.com\/wp-content\/uploads\/2025\/09\/\u0421\u043d\u0438\u043c\u043e\u043a-\u044d\u043a\u0440\u0430\u043d\u0430-2025-10-01-\u0432-00.13.14.png\",\"width\":1150,\"height\":1118},{\"@type\":\"BreadcrumbList\",\"@id\":\"https:\/\/happyinaknit.com\/produktas\/myak-baby-yak-medium\/#breadcrumb\",\"itemListElement\":[{\"@type\":\"ListItem\",\"position\":1,\"name\":\"Home\",\"item\":\"https:\/\/happyinaknit.com\/lt\/\"},{\"@type\":\"ListItem\",\"position\":2,\"name\":\"Parduotuv\u0117\",\"item\":\"https:\/\/happyinaknit.com\/lt\/parduotuve\/\"},{\"@type\":\"ListItem\",\"position\":3,\"name\":\"Myak &#8211; Baby Yak Medium\"}]},{\"@type\":\"WebSite\",\"@id\":\"https:\/\/happyinaknit.com\/lt\/#website\",\"url\":\"https:\/\/happyinaknit.com\/lt\/\",\"name\":\"Happyinaknit.com\",\"description\":\"\",\"potentialAction\":[{\"@type\":\"SearchAction\",\"target\":{\"@type\":\"EntryPoint\",\"urlTemplate\":\"https:\/\/happyinaknit.com\/lt\/?s={search_term_string}\"},\"query-input\":{\"@type\":\"PropertyValueSpecification\",\"valueRequired\":true,\"valueName\":\"search_term_string\"}}],\"inLanguage\":\"ru-RU\"}]}<\/script>\n<!-- \/ Yoast SEO plugin. -->","yoast_head_json":{"title":"Myak - Baby Yak Medium - Happyinaknit.com","robots":{"index":"index","follow":"follow","max-snippet":"max-snippet:-1","max-image-preview":"max-image-preview:large","max-video-preview":"max-video-preview:-1"},"canonical":"https:\/\/happyinaknit.com\/ru\/product\/myak-baby-yak-medium\/","og_locale":"ru_RU","og_type":"article","og_title":"Myak - Baby Yak Medium - Happyinaknit.com","og_description":"Nat\u016bral\u016bs, prabang\u016bs si\u016blai i\u0161 100 % baby jaku vilnos. Jie pasi\u017eymi ypatingu mink\u0161tumu, \u0161iluma ir tvirtumu. Mezginiai i\u0161 \u0161i\u0173 si\u016bl\u0173 yra lengvi, \u0161veln\u016bs ir ilgaam\u017eiai \u2013 puikus pasirinkimas megztiniams, \u0161alikams ar kitiems jaukiems drabu\u017eiams bei aksesuarams. Sud\u0117tis: 100 % baby yako vilna Kamuoliukas: 50 g &#8211; 117 m Rekomenduojami virbalai: 4,5\u20135,5 mm Tankumas: 10 \u00d7 [&hellip;]","og_url":"https:\/\/happyinaknit.com\/ru\/product\/myak-baby-yak-medium\/","og_site_name":"Happyinaknit.com","article_modified_time":"2026-04-06T20:49:27+00:00","og_image":[{"width":1150,"height":1118,"url":"https:\/\/happyinaknit.com\/wp-content\/uploads\/2025\/09\/\u0421\u043d\u0438\u043c\u043e\u043a-\u044d\u043a\u0440\u0430\u043d\u0430-2025-10-01-\u0432-00.13.14.png","type":"image\/png"}],"twitter_card":"summary_large_image","twitter_misc":{"\u041f\u0440\u0438\u043c\u0435\u0440\u043d\u043e\u0435 \u0432\u0440\u0435\u043c\u044f \u0434\u043b\u044f \u0447\u0442\u0435\u043d\u0438\u044f":"1 \u043c\u0438\u043d\u0443\u0442\u0430"},"schema":{"@context":"https:\/\/schema.org","@graph":[{"@type":"WebPage","@id":"https:\/\/happyinaknit.com\/produktas\/myak-baby-yak-medium\/","url":"https:\/\/happyinaknit.com\/produktas\/myak-baby-yak-medium\/","name":"Myak - Baby Yak Medium - Happyinaknit.com","isPartOf":{"@id":"https:\/\/happyinaknit.com\/lt\/#website"},"primaryImageOfPage":{"@id":"https:\/\/happyinaknit.com\/produktas\/myak-baby-yak-medium\/#primaryimage"},"image":{"@id":"https:\/\/happyinaknit.com\/produktas\/myak-baby-yak-medium\/#primaryimage"},"thumbnailUrl":"https:\/\/happyinaknit.com\/wp-content\/uploads\/2025\/09\/\u0421\u043d\u0438\u043c\u043e\u043a-\u044d\u043a\u0440\u0430\u043d\u0430-2025-10-01-\u0432-00.13.14.png","datePublished":"2025-09-30T20:46:08+00:00","dateModified":"2026-04-06T20:49:27+00:00","breadcrumb":{"@id":"https:\/\/happyinaknit.com\/produktas\/myak-baby-yak-medium\/#breadcrumb"},"inLanguage":"ru-RU","potentialAction":[{"@type":"ReadAction","target":["https:\/\/happyinaknit.com\/produktas\/myak-baby-yak-medium\/"]}]},{"@type":"ImageObject","inLanguage":"ru-RU","@id":"https:\/\/happyinaknit.com\/produktas\/myak-baby-yak-medium\/#primaryimage","url":"https:\/\/happyinaknit.com\/wp-content\/uploads\/2025\/09\/\u0421\u043d\u0438\u043c\u043e\u043a-\u044d\u043a\u0440\u0430\u043d\u0430-2025-10-01-\u0432-00.13.14.png","contentUrl":"https:\/\/happyinaknit.com\/wp-content\/uploads\/2025\/09\/\u0421\u043d\u0438\u043c\u043e\u043a-\u044d\u043a\u0440\u0430\u043d\u0430-2025-10-01-\u0432-00.13.14.png","width":1150,"height":1118},{"@type":"BreadcrumbList","@id":"https:\/\/happyinaknit.com\/produktas\/myak-baby-yak-medium\/#breadcrumb","itemListElement":[{"@type":"ListItem","position":1,"name":"Home","item":"https:\/\/happyinaknit.com\/lt\/"},{"@type":"ListItem","position":2,"name":"Parduotuv\u0117","item":"https:\/\/happyinaknit.com\/lt\/parduotuve\/"},{"@type":"ListItem","position":3,"name":"Myak &#8211; Baby Yak Medium"}]},{"@type":"WebSite","@id":"https:\/\/happyinaknit.com\/lt\/#website","url":"https:\/\/happyinaknit.com\/lt\/","name":"Happyinaknit.com","description":"","potentialAction":[{"@type":"SearchAction","target":{"@type":"EntryPoint","urlTemplate":"https:\/\/happyinaknit.com\/lt\/?s={search_term_string}"},"query-input":{"@type":"PropertyValueSpecification","valueRequired":true,"valueName":"search_term_string"}}],"inLanguage":"ru-RU"}]}},"_links":{"self":[{"href":"https:\/\/happyinaknit.com\/ru\/wp-json\/wp\/v2\/product\/1973","targetHints":{"allow":["GET"]}}],"collection":[{"href":"https:\/\/happyinaknit.com\/ru\/wp-json\/wp\/v2\/product"}],"about":[{"href":"https:\/\/happyinaknit.com\/ru\/wp-json\/wp\/v2\/types\/product"}],"replies":[{"embeddable":true,"href":"https:\/\/happyinaknit.com\/ru\/wp-json\/wp\/v2\/comments?post=1973"}],"wp:featuredmedia":[{"embeddable":true,"href":"https:\/\/happyinaknit.com\/ru\/wp-json\/wp\/v2\/media\/1994"}],"wp:attachment":[{"href":"https:\/\/happyinaknit.com\/ru\/wp-json\/wp\/v2\/media?parent=1973"}],"wp:term":[{"taxonomy":"product_brand","embeddable":true,"href":"https:\/\/happyinaknit.com\/ru\/wp-json\/wp\/v2\/product_brand?post=1973"},{"taxonomy":"product_cat","embeddable":true,"href":"https:\/\/happyinaknit.com\/ru\/wp-json\/wp\/v2\/product_cat?post=1973"},{"taxonomy":"product_tag","embeddable":true,"href":"https:\/\/happyinaknit.com\/ru\/wp-json\/wp\/v2\/product_tag?post=1973"},{"taxonomy":"pro-kategorijos","embeddable":true,"href":"https:\/\/happyinaknit.com\/ru\/wp-json\/wp\/v2\/pro-kategorijos?post=1973"}],"curies":[{"name":"wp","href":"https:\/\/api.w.org\/{rel}","templated":true}]}}