{"id":1735,"date":"2025-09-29T20:03:20","date_gmt":"2025-09-29T20:03:20","guid":{"rendered":"https:\/\/happyinaknit.com\/?post_type=product&#038;p=1735"},"modified":"2025-11-13T21:53:08","modified_gmt":"2025-11-13T21:53:08","slug":"wool-and-the-gang-feeling-good-yarn","status":"publish","type":"product","link":"https:\/\/happyinaknit.com\/ru\/product\/wool-and-the-gang-feeling-good-yarn\/","title":{"rendered":"Wool and the Gang \u2013 Feeling Good Yarn"},"content":{"rendered":"<p data-start=\"269\" data-end=\"515\">\u041b\u0451\u0433\u043a\u0430\u044f, \u043c\u044f\u0433\u043a\u0430\u044f \u0438 \u043f\u0443\u0448\u0438\u0441\u0442\u0430\u044f \u043f\u0440\u044f\u0436\u0430 \u0438\u0437 \u0440\u043e\u0441\u043a\u043e\u0448\u043d\u043e\u0439 \u0448\u0435\u0440\u0441\u0442\u0438 \u0431\u0435\u0431\u0438 \u0430\u043b\u044c\u043f\u0430\u043a\u0438, \u043c\u0435\u0440\u0438\u043d\u043e\u0441\u0430 \u0438 \u043d\u0435\u0439\u043b\u043e\u043d\u0430. \u0411\u043b\u0430\u0433\u043e\u0434\u0430\u0440\u044f \u043e\u0441\u043e\u0431\u043e\u043c\u0443 \u0441\u043e\u0441\u0442\u0430\u0432\u0443 \u043f\u0440\u044f\u0436\u0430 \u0442\u0451\u043f\u043b\u0430\u044f, \u043d\u043e \u043d\u0435 \u0441\u043b\u0438\u0448\u043a\u043e\u043c \u0442\u044f\u0436\u0451\u043b\u0430\u044f, \u0447\u0442\u043e \u0434\u0435\u043b\u0430\u0435\u0442 \u0435\u0451 \u0438\u0434\u0435\u0430\u043b\u044c\u043d\u043e\u0439 \u043a\u0430\u043a \u0434\u043b\u044f \u043f\u043e\u0432\u0441\u0435\u0434\u043d\u0435\u0432\u043d\u044b\u0445 \u0441\u0432\u0438\u0442\u0435\u0440\u043e\u0432, \u0442\u0430\u043a \u0438 \u0434\u043b\u044f \u043b\u0451\u0433\u043a\u0438\u0445 \u0430\u043a\u0441\u0435\u0441\u0441\u0443\u0430\u0440\u043e\u0432.<\/p>\n<ul data-start=\"517\" data-end=\"922\">\n<li data-start=\"517\" data-end=\"583\">\n<p data-start=\"519\" data-end=\"583\"><strong data-start=\"519\" data-end=\"531\">\u0421\u043e\u0441\u0442\u0430\u0432:<\/strong> 70% \u0431\u0435\u0431\u0438 \u0430\u043b\u044c\u043f\u0430\u043a\u0430, 7% \u043c\u0435\u0440\u0438\u043d\u043e\u0441\u043e\u0432\u0430\u044f \u0448\u0435\u0440\u0441\u0442\u044c, 23% \u043d\u0435\u0439\u043b\u043e\u043d<\/p>\n<\/li>\n<li data-start=\"584\" data-end=\"620\">\n<p data-start=\"586\" data-end=\"620\"><strong data-start=\"586\" data-end=\"605\">\u0412\u0435\u0441\/\u0414\u043b\u0438\u043d\u0430:<\/strong> 50 \u0433 - 130 \u043c<\/p>\n<\/li>\n<li data-start=\"621\" data-end=\"664\">\n<p data-start=\"623\" data-end=\"664\"><strong data-start=\"623\" data-end=\"651\">\u0420\u0435\u043a\u043e\u043c\u0435\u043d\u0434\u0443\u0435\u043c\u044b\u0435 \u0441\u043f\u0438\u0446\u044b:<\/strong> 5,5-6,5 \u043c\u043c<\/p>\n<\/li>\n<li data-start=\"665\" data-end=\"713\">\n<p data-start=\"667\" data-end=\"713\"><strong data-start=\"667\" data-end=\"680\">\u041f\u043b\u043e\u0442\u043d\u043e\u0441\u0442\u044c:<\/strong> 10 x 10 \u0441\u043c \u2248 16 \u043f\u0435\u0442\u0435\u043b\u044c x 21 \u0440\u044f\u0434<\/p>\n<\/li>\n<li data-start=\"714\" data-end=\"812\">\n<p data-start=\"716\" data-end=\"812\"><strong data-start=\"716\" data-end=\"739\">\u041d\u0435\u043e\u0431\u0445\u043e\u0434\u0438\u043c\u043e\u0435 \u043a\u043e\u043b\u0438\u0447\u0435\u0441\u0442\u0432\u043e:<\/strong> \u041d\u0430  \u043f\u0435\u0440\u0447\u0430\u0442\u043a\u0438 \u0434\u043e\u0441\u0442\u0430\u0442\u043e\u0447\u043d\u043e 1 \u043c\u043e\u0442\u043a\u0430, \u0434\u043b\u044f \u043e\u0431\u044a\u0435\u043c\u043d\u043e\u0433\u043e  \u0441\u0432\u0438\u0442\u0435\u0440\u0430 \u2014 7\u20138 \u043c\u043e\u0442\u043a\u043e\u0432<\/p>\n<\/li>\n<li data-start=\"813\" data-end=\"922\">\n<p data-start=\"815\" data-end=\"922\"><strong data-start=\"815\" data-end=\"829\">\u0421\u043e\u0432\u0435\u0442\u044b \u043f\u043e \u0443\u0445\u043e\u0434\u0443:<\/strong> \u0420\u0443\u0447\u043d\u0430\u044f \u0441\u0442\u0438\u0440\u043a\u0430 \u043f\u0440\u0438 \u0442\u0435\u043c\u043f\u0435\u0440\u0430\u0442\u0443\u0440\u0435 \u043d\u0435 \u0432\u044b\u0448\u0435 30\u00b0\u0421, \u0441\u0443\u0448\u0438\u0442\u044c \u043d\u0430 \u0433\u043e\u0440\u0438\u0437\u043e\u043d\u0442\u0430\u043b\u044c\u043d\u043e\u0439 \u043f\u043e\u0432\u0435\u0440\u0445\u043d\u043e\u0441\u0442\u0438.<\/p>\n<\/li>\n<\/ul>","protected":false},"excerpt":{"rendered":"<p>Lengvas, \u0161velnus ir purus si\u016blas, pagamintas i\u0161 prabangios baby alpakos, merino vilnos ir nailono. D\u0117l ypatingos sud\u0117ties si\u016blas yra \u0161iltas, ta\u010diau ne per sunkus, tod\u0117l idealiai tinka tiek kasdieniams megztiniams, tiek lengviems aksesuarams. Sud\u0117tis: 70% baby alpaka, 7% merino vilna, 23% nailonas Svoris \/ ilgis: 50 g &#8211; 130 m Rekomenduojami virbalai: 5,5\u20136,5 mm Tankumas: [&hellip;]<\/p>\n","protected":false},"featured_media":1743,"comment_status":"open","ping_status":"closed","template":"","meta":{"_acf_changed":false},"product_brand":[61],"product_cat":[15,18],"product_tag":[],"pro-kategorijos":[54,71],"class_list":{"0":"post-1735","1":"product","2":"type-product","3":"status-publish","4":"has-post-thumbnail","6":"product_brand-wool-and-the-gang","7":"product_cat-visi-produktai","8":"product_cat-siulai","9":"pro-kategorijos-alpaka","10":"pro-kategorijos-merino-vilna","12":"first","13":"instock","14":"shipping-taxable","15":"purchasable","16":"product-type-variable"},"acf":[],"yoast_head":"<!-- This site is optimized with the Yoast SEO plugin v26.8 - https:\/\/yoast.com\/product\/yoast-seo-wordpress\/ -->\n<title>Wool and the Gang \u2013 Feeling Good Yarn - Happyinaknit.com<\/title>\n<meta name=\"robots\" content=\"index, follow, max-snippet:-1, max-image-preview:large, max-video-preview:-1\" \/>\n<link rel=\"canonical\" href=\"https:\/\/happyinaknit.com\/ru\/product\/wool-and-the-gang-feeling-good-yarn\/\" \/>\n<meta property=\"og:locale\" content=\"ru_RU\" \/>\n<meta property=\"og:type\" content=\"article\" \/>\n<meta property=\"og:title\" content=\"Wool and the Gang \u2013 Feeling Good Yarn - Happyinaknit.com\" \/>\n<meta property=\"og:description\" content=\"Lengvas, \u0161velnus ir purus si\u016blas, pagamintas i\u0161 prabangios baby alpakos, merino vilnos ir nailono. D\u0117l ypatingos sud\u0117ties si\u016blas yra \u0161iltas, ta\u010diau ne per sunkus, tod\u0117l idealiai tinka tiek kasdieniams megztiniams, tiek lengviems aksesuarams. Sud\u0117tis: 70% baby alpaka, 7% merino vilna, 23% nailonas Svoris \/ ilgis: 50 g &#8211; 130 m Rekomenduojami virbalai: 5,5\u20136,5 mm Tankumas: [&hellip;]\" \/>\n<meta property=\"og:url\" content=\"https:\/\/happyinaknit.com\/ru\/product\/wool-and-the-gang-feeling-good-yarn\/\" \/>\n<meta property=\"og:site_name\" content=\"Happyinaknit.com\" \/>\n<meta property=\"article:modified_time\" content=\"2025-11-13T21:53:08+00:00\" \/>\n<meta property=\"og:image\" content=\"https:\/\/happyinaknit.com\/wp-content\/uploads\/2025\/09\/FGY_Lilac_Powder.jpg\" \/>\n\t<meta property=\"og:image:width\" content=\"940\" \/>\n\t<meta property=\"og:image:height\" content=\"1200\" \/>\n\t<meta property=\"og:image:type\" content=\"image\/jpeg\" \/>\n<meta name=\"twitter:card\" content=\"summary_large_image\" \/>\n<script type=\"application\/ld+json\" class=\"yoast-schema-graph\">{\"@context\":\"https:\/\/schema.org\",\"@graph\":[{\"@type\":\"WebPage\",\"@id\":\"https:\/\/happyinaknit.com\/produktas\/wool-and-the-gang-feeling-good-yarn\/\",\"url\":\"https:\/\/happyinaknit.com\/produktas\/wool-and-the-gang-feeling-good-yarn\/\",\"name\":\"Wool and the Gang \u2013 Feeling Good Yarn - Happyinaknit.com\",\"isPartOf\":{\"@id\":\"https:\/\/happyinaknit.com\/lt\/#website\"},\"primaryImageOfPage\":{\"@id\":\"https:\/\/happyinaknit.com\/produktas\/wool-and-the-gang-feeling-good-yarn\/#primaryimage\"},\"image\":{\"@id\":\"https:\/\/happyinaknit.com\/produktas\/wool-and-the-gang-feeling-good-yarn\/#primaryimage\"},\"thumbnailUrl\":\"https:\/\/happyinaknit.com\/wp-content\/uploads\/2025\/09\/FGY_Lilac_Powder.jpg\",\"datePublished\":\"2025-09-29T20:03:20+00:00\",\"dateModified\":\"2025-11-13T21:53:08+00:00\",\"breadcrumb\":{\"@id\":\"https:\/\/happyinaknit.com\/produktas\/wool-and-the-gang-feeling-good-yarn\/#breadcrumb\"},\"inLanguage\":\"ru-RU\",\"potentialAction\":[{\"@type\":\"ReadAction\",\"target\":[\"https:\/\/happyinaknit.com\/produktas\/wool-and-the-gang-feeling-good-yarn\/\"]}]},{\"@type\":\"ImageObject\",\"inLanguage\":\"ru-RU\",\"@id\":\"https:\/\/happyinaknit.com\/produktas\/wool-and-the-gang-feeling-good-yarn\/#primaryimage\",\"url\":\"https:\/\/happyinaknit.com\/wp-content\/uploads\/2025\/09\/FGY_Lilac_Powder.jpg\",\"contentUrl\":\"https:\/\/happyinaknit.com\/wp-content\/uploads\/2025\/09\/FGY_Lilac_Powder.jpg\",\"width\":940,\"height\":1200},{\"@type\":\"BreadcrumbList\",\"@id\":\"https:\/\/happyinaknit.com\/produktas\/wool-and-the-gang-feeling-good-yarn\/#breadcrumb\",\"itemListElement\":[{\"@type\":\"ListItem\",\"position\":1,\"name\":\"Home\",\"item\":\"https:\/\/happyinaknit.com\/lt\/\"},{\"@type\":\"ListItem\",\"position\":2,\"name\":\"Parduotuv\u0117\",\"item\":\"https:\/\/happyinaknit.com\/lt\/parduotuve\/\"},{\"@type\":\"ListItem\",\"position\":3,\"name\":\"Wool and the Gang \u2013 Feeling Good Yarn\"}]},{\"@type\":\"WebSite\",\"@id\":\"https:\/\/happyinaknit.com\/lt\/#website\",\"url\":\"https:\/\/happyinaknit.com\/lt\/\",\"name\":\"Happyinaknit.com\",\"description\":\"\",\"potentialAction\":[{\"@type\":\"SearchAction\",\"target\":{\"@type\":\"EntryPoint\",\"urlTemplate\":\"https:\/\/happyinaknit.com\/lt\/?s={search_term_string}\"},\"query-input\":{\"@type\":\"PropertyValueSpecification\",\"valueRequired\":true,\"valueName\":\"search_term_string\"}}],\"inLanguage\":\"ru-RU\"}]}<\/script>\n<!-- \/ Yoast SEO plugin. -->","yoast_head_json":{"title":"Wool and the Gang \u2013 Feeling Good Yarn - Happyinaknit.com","robots":{"index":"index","follow":"follow","max-snippet":"max-snippet:-1","max-image-preview":"max-image-preview:large","max-video-preview":"max-video-preview:-1"},"canonical":"https:\/\/happyinaknit.com\/ru\/product\/wool-and-the-gang-feeling-good-yarn\/","og_locale":"ru_RU","og_type":"article","og_title":"Wool and the Gang \u2013 Feeling Good Yarn - Happyinaknit.com","og_description":"Lengvas, \u0161velnus ir purus si\u016blas, pagamintas i\u0161 prabangios baby alpakos, merino vilnos ir nailono. D\u0117l ypatingos sud\u0117ties si\u016blas yra \u0161iltas, ta\u010diau ne per sunkus, tod\u0117l idealiai tinka tiek kasdieniams megztiniams, tiek lengviems aksesuarams. Sud\u0117tis: 70% baby alpaka, 7% merino vilna, 23% nailonas Svoris \/ ilgis: 50 g &#8211; 130 m Rekomenduojami virbalai: 5,5\u20136,5 mm Tankumas: [&hellip;]","og_url":"https:\/\/happyinaknit.com\/ru\/product\/wool-and-the-gang-feeling-good-yarn\/","og_site_name":"Happyinaknit.com","article_modified_time":"2025-11-13T21:53:08+00:00","og_image":[{"width":940,"height":1200,"url":"https:\/\/happyinaknit.com\/wp-content\/uploads\/2025\/09\/FGY_Lilac_Powder.jpg","type":"image\/jpeg"}],"twitter_card":"summary_large_image","schema":{"@context":"https:\/\/schema.org","@graph":[{"@type":"WebPage","@id":"https:\/\/happyinaknit.com\/produktas\/wool-and-the-gang-feeling-good-yarn\/","url":"https:\/\/happyinaknit.com\/produktas\/wool-and-the-gang-feeling-good-yarn\/","name":"Wool and the Gang \u2013 Feeling Good Yarn - Happyinaknit.com","isPartOf":{"@id":"https:\/\/happyinaknit.com\/lt\/#website"},"primaryImageOfPage":{"@id":"https:\/\/happyinaknit.com\/produktas\/wool-and-the-gang-feeling-good-yarn\/#primaryimage"},"image":{"@id":"https:\/\/happyinaknit.com\/produktas\/wool-and-the-gang-feeling-good-yarn\/#primaryimage"},"thumbnailUrl":"https:\/\/happyinaknit.com\/wp-content\/uploads\/2025\/09\/FGY_Lilac_Powder.jpg","datePublished":"2025-09-29T20:03:20+00:00","dateModified":"2025-11-13T21:53:08+00:00","breadcrumb":{"@id":"https:\/\/happyinaknit.com\/produktas\/wool-and-the-gang-feeling-good-yarn\/#breadcrumb"},"inLanguage":"ru-RU","potentialAction":[{"@type":"ReadAction","target":["https:\/\/happyinaknit.com\/produktas\/wool-and-the-gang-feeling-good-yarn\/"]}]},{"@type":"ImageObject","inLanguage":"ru-RU","@id":"https:\/\/happyinaknit.com\/produktas\/wool-and-the-gang-feeling-good-yarn\/#primaryimage","url":"https:\/\/happyinaknit.com\/wp-content\/uploads\/2025\/09\/FGY_Lilac_Powder.jpg","contentUrl":"https:\/\/happyinaknit.com\/wp-content\/uploads\/2025\/09\/FGY_Lilac_Powder.jpg","width":940,"height":1200},{"@type":"BreadcrumbList","@id":"https:\/\/happyinaknit.com\/produktas\/wool-and-the-gang-feeling-good-yarn\/#breadcrumb","itemListElement":[{"@type":"ListItem","position":1,"name":"Home","item":"https:\/\/happyinaknit.com\/lt\/"},{"@type":"ListItem","position":2,"name":"Parduotuv\u0117","item":"https:\/\/happyinaknit.com\/lt\/parduotuve\/"},{"@type":"ListItem","position":3,"name":"Wool and the Gang \u2013 Feeling Good Yarn"}]},{"@type":"WebSite","@id":"https:\/\/happyinaknit.com\/lt\/#website","url":"https:\/\/happyinaknit.com\/lt\/","name":"Happyinaknit.com","description":"","potentialAction":[{"@type":"SearchAction","target":{"@type":"EntryPoint","urlTemplate":"https:\/\/happyinaknit.com\/lt\/?s={search_term_string}"},"query-input":{"@type":"PropertyValueSpecification","valueRequired":true,"valueName":"search_term_string"}}],"inLanguage":"ru-RU"}]}},"_links":{"self":[{"href":"https:\/\/happyinaknit.com\/ru\/wp-json\/wp\/v2\/product\/1735","targetHints":{"allow":["GET"]}}],"collection":[{"href":"https:\/\/happyinaknit.com\/ru\/wp-json\/wp\/v2\/product"}],"about":[{"href":"https:\/\/happyinaknit.com\/ru\/wp-json\/wp\/v2\/types\/product"}],"replies":[{"embeddable":true,"href":"https:\/\/happyinaknit.com\/ru\/wp-json\/wp\/v2\/comments?post=1735"}],"wp:featuredmedia":[{"embeddable":true,"href":"https:\/\/happyinaknit.com\/ru\/wp-json\/wp\/v2\/media\/1743"}],"wp:attachment":[{"href":"https:\/\/happyinaknit.com\/ru\/wp-json\/wp\/v2\/media?parent=1735"}],"wp:term":[{"taxonomy":"product_brand","embeddable":true,"href":"https:\/\/happyinaknit.com\/ru\/wp-json\/wp\/v2\/product_brand?post=1735"},{"taxonomy":"product_cat","embeddable":true,"href":"https:\/\/happyinaknit.com\/ru\/wp-json\/wp\/v2\/product_cat?post=1735"},{"taxonomy":"product_tag","embeddable":true,"href":"https:\/\/happyinaknit.com\/ru\/wp-json\/wp\/v2\/product_tag?post=1735"},{"taxonomy":"pro-kategorijos","embeddable":true,"href":"https:\/\/happyinaknit.com\/ru\/wp-json\/wp\/v2\/pro-kategorijos?post=1735"}],"curies":[{"name":"wp","href":"https:\/\/api.w.org\/{rel}","templated":true}]}}