{"id":1649,"date":"2025-09-26T03:53:22","date_gmt":"2025-09-26T03:53:22","guid":{"rendered":"https:\/\/happyinaknit.com\/?post_type=product&#038;p=1649"},"modified":"2026-02-24T12:10:30","modified_gmt":"2026-02-24T12:10:30","slug":"wool-and-the-gang-take-care-mohera","status":"publish","type":"product","link":"https:\/\/happyinaknit.com\/ru\/product\/wool-and-the-gang-take-care-mohera\/","title":{"rendered":"Wool and the Gang \u2013 Take Care Mohair"},"content":{"rendered":"<p class=\"p1\"><i>Take Care Mohair<\/i> \u2013 \u043f\u0443\u0448\u0438\u0441\u0442\u0430\u044f, \u043b\u0451\u0433\u043a\u0430\u044f \u0438 \u043d\u0435\u0432\u0435\u0440\u043e\u044f\u0442\u043d\u043e \u0442\u0451\u043f\u043b\u0430\u044f \u043f\u0440\u044f\u0436\u0430 \u0438\u0437 \u0441\u043c\u0435\u0441\u0438 \u044e\u0436\u043d\u043e\u0430\u0444\u0440\u0438\u043a\u0430\u043d\u0441\u043a\u043e\u0433\u043e \u043c\u043e\u0445\u0435\u0440\u0430, \u0448\u0435\u0440\u0441\u0442\u0438 \u0438 \u043f\u043e\u043b\u0438\u0430\u043c\u0438\u0434\u0430. \u0418\u0434\u0435\u0430\u043b\u044c\u043d\u043e \u043f\u043e\u0434\u0445\u043e\u0434\u0438\u0442 \u0434\u043b\u044f \u043e\u0431\u044a\u0435\u043c\u043d\u043e\u0433\u043e  \u0432\u044f\u0437\u0430\u043d\u0438\u044f, \u0448\u0430\u0440\u0444\u043e\u0432, \u043a\u0430\u0440\u0434\u0438\u0433\u0430\u043d\u043e\u0432 \u0438 \u0441\u0432\u0438\u0442\u0435\u0440\u043e\u0432. \u0412\u044f\u0437\u0430\u043d\u044b\u0435 \u0438\u0437\u0434\u0435\u043b\u0438\u044f \u043f\u043e\u043b\u0443\u0447\u0430\u044e\u0442\u0441\u044f \u043f\u0443\u0448\u0438\u0441\u0442\u044b\u043c\u0438, \u043c\u044f\u0433\u043a\u0438\u043c\u0438 \u0438 \u0443\u044e\u0442\u043d\u044b\u043c\u0438.<\/p>\n<p class=\"p1\"><span class=\"s1\"><b>\u0421\u043e\u0441\u0442\u0430\u0432:<\/b><\/span> 78 % \u043c\u043e\u0445\u0435\u0440, 13 % \u0448\u0435\u0440\u0441\u0442\u044c, 9 % \u043f\u043e\u043b\u0438\u0430\u043c\u0438\u0434<\/p>\n<p class=\"p1\"><strong>\u0412\u0435\u0441\/\u0414\u043b\u0438\u043d\u0430:<\/strong> 50 \u0433 - 100 \u043c<\/p>\n<p class=\"p3\"><b>\u0421\u043f\u0438\u0446\u044b<\/b><span class=\"s2\"> 6-10 \u043c\u043c<\/span><\/p>\n<p class=\"p1\"><span class=\"s1\"><b>\u041f\u043b\u043e\u0442\u043d\u043e\u0441\u0442\u044c:<\/b><\/span> 10 x 10 \u0441\u043c \u2248 12 \u043f\u0435\u0442\u0435\u043b\u044c x 16 \u0440\u044f\u0434\u043e\u0432<\/p>\n<p class=\"p1\"><span class=\"s1\"><b>\u0421\u043e\u0432\u0435\u0442\u044b \u043f\u043e \u0443\u0445\u043e\u0434\u0443:<\/b><\/span> \u0440\u0443\u0447\u043d\u0430\u044f \u0441\u0442\u0438\u0440\u043a\u0430 \u0434\u043e 30 \u00b0C, \u0441\u0443\u0448\u0438\u0442\u044c \u043d\u0430 \u0433\u043e\u0440\u0438\u0437\u043e\u043d\u0442\u0430\u043b\u044c\u043d\u043e\u0439 \u043f\u043e\u0432\u0435\u0440\u0445\u043d\u043e\u0441\u0442\u0438<\/p>","protected":false},"excerpt":{"rendered":"<p>Take Care Mohera \u2013 pur\u016bs, lengvi ir itin \u0161ilti si\u016blai i\u0161 Piet\u0173 Afrikos moheros, vilnos ir poliamido derinio. Puikiai tinka dideliems mezginiams, \u0161alikams, kardiganams ar megztiniams. Mezginiai tampa pur\u016bs, \u0161veln\u016bs ir jauk\u016bs. Sud\u0117tis: 78 % mohera, 13 % vilna, 9 % poliamidas Svoris \/ ilgis: 50 g &#8211; 100 m Virbalai: 6\u201310 mm Tankumas: 10 [&hellip;]<\/p>\n","protected":false},"featured_media":1727,"comment_status":"open","ping_status":"closed","template":"","meta":{"_acf_changed":false},"product_brand":[61],"product_cat":[15,18],"product_tag":[96],"pro-kategorijos":[74],"class_list":{"0":"post-1649","1":"product","2":"type-product","3":"status-publish","4":"has-post-thumbnail","6":"product_brand-wool-and-the-gang","7":"product_cat-visi-produktai","8":"product_cat-siulai","9":"product_tag-top","10":"pro-kategorijos-moheras","12":"first","13":"instock","14":"shipping-taxable","15":"purchasable","16":"product-type-variable"},"acf":[],"yoast_head":"<!-- This site is optimized with the Yoast SEO plugin v26.8 - https:\/\/yoast.com\/product\/yoast-seo-wordpress\/ -->\n<title>Wool and the Gang \u2013 Take Care Mohair - Happyinaknit.com<\/title>\n<meta name=\"robots\" content=\"index, follow, max-snippet:-1, max-image-preview:large, max-video-preview:-1\" \/>\n<link rel=\"canonical\" href=\"https:\/\/happyinaknit.com\/ru\/product\/wool-and-the-gang-take-care-mohera\/\" \/>\n<meta property=\"og:locale\" content=\"ru_RU\" \/>\n<meta property=\"og:type\" content=\"article\" \/>\n<meta property=\"og:title\" content=\"Wool and the Gang \u2013 Take Care Mohair - Happyinaknit.com\" \/>\n<meta property=\"og:description\" content=\"Take Care Mohera \u2013 pur\u016bs, lengvi ir itin \u0161ilti si\u016blai i\u0161 Piet\u0173 Afrikos moheros, vilnos ir poliamido derinio. Puikiai tinka dideliems mezginiams, \u0161alikams, kardiganams ar megztiniams. Mezginiai tampa pur\u016bs, \u0161veln\u016bs ir jauk\u016bs. Sud\u0117tis: 78 % mohera, 13 % vilna, 9 % poliamidas Svoris \/ ilgis: 50 g &#8211; 100 m Virbalai: 6\u201310 mm Tankumas: 10 [&hellip;]\" \/>\n<meta property=\"og:url\" content=\"https:\/\/happyinaknit.com\/ru\/product\/wool-and-the-gang-take-care-mohera\/\" \/>\n<meta property=\"og:site_name\" content=\"Happyinaknit.com\" \/>\n<meta property=\"article:modified_time\" content=\"2026-02-24T12:10:30+00:00\" \/>\n<meta property=\"og:image\" content=\"https:\/\/happyinaknit.com\/wp-content\/uploads\/2025\/09\/IMG_8107.jpeg\" \/>\n\t<meta property=\"og:image:width\" content=\"1320\" \/>\n\t<meta property=\"og:image:height\" content=\"1299\" \/>\n\t<meta property=\"og:image:type\" content=\"image\/jpeg\" \/>\n<meta name=\"twitter:card\" content=\"summary_large_image\" \/>\n<script type=\"application\/ld+json\" class=\"yoast-schema-graph\">{\"@context\":\"https:\/\/schema.org\",\"@graph\":[{\"@type\":\"WebPage\",\"@id\":\"https:\/\/happyinaknit.com\/produktas\/wool-and-the-gang-take-care-mohera\/\",\"url\":\"https:\/\/happyinaknit.com\/produktas\/wool-and-the-gang-take-care-mohera\/\",\"name\":\"Wool and the Gang \u2013 Take Care Mohair - Happyinaknit.com\",\"isPartOf\":{\"@id\":\"https:\/\/happyinaknit.com\/lt\/#website\"},\"primaryImageOfPage\":{\"@id\":\"https:\/\/happyinaknit.com\/produktas\/wool-and-the-gang-take-care-mohera\/#primaryimage\"},\"image\":{\"@id\":\"https:\/\/happyinaknit.com\/produktas\/wool-and-the-gang-take-care-mohera\/#primaryimage\"},\"thumbnailUrl\":\"https:\/\/happyinaknit.com\/wp-content\/uploads\/2025\/09\/IMG_8107.jpeg\",\"datePublished\":\"2025-09-26T03:53:22+00:00\",\"dateModified\":\"2026-02-24T12:10:30+00:00\",\"breadcrumb\":{\"@id\":\"https:\/\/happyinaknit.com\/produktas\/wool-and-the-gang-take-care-mohera\/#breadcrumb\"},\"inLanguage\":\"ru-RU\",\"potentialAction\":[{\"@type\":\"ReadAction\",\"target\":[\"https:\/\/happyinaknit.com\/produktas\/wool-and-the-gang-take-care-mohera\/\"]}]},{\"@type\":\"ImageObject\",\"inLanguage\":\"ru-RU\",\"@id\":\"https:\/\/happyinaknit.com\/produktas\/wool-and-the-gang-take-care-mohera\/#primaryimage\",\"url\":\"https:\/\/happyinaknit.com\/wp-content\/uploads\/2025\/09\/IMG_8107.jpeg\",\"contentUrl\":\"https:\/\/happyinaknit.com\/wp-content\/uploads\/2025\/09\/IMG_8107.jpeg\",\"width\":1320,\"height\":1299},{\"@type\":\"BreadcrumbList\",\"@id\":\"https:\/\/happyinaknit.com\/produktas\/wool-and-the-gang-take-care-mohera\/#breadcrumb\",\"itemListElement\":[{\"@type\":\"ListItem\",\"position\":1,\"name\":\"Home\",\"item\":\"https:\/\/happyinaknit.com\/lt\/\"},{\"@type\":\"ListItem\",\"position\":2,\"name\":\"Parduotuv\u0117\",\"item\":\"https:\/\/happyinaknit.com\/lt\/parduotuve\/\"},{\"@type\":\"ListItem\",\"position\":3,\"name\":\"Wool and the Gang \u2013 Take Care Mohair\"}]},{\"@type\":\"WebSite\",\"@id\":\"https:\/\/happyinaknit.com\/lt\/#website\",\"url\":\"https:\/\/happyinaknit.com\/lt\/\",\"name\":\"Happyinaknit.com\",\"description\":\"\",\"potentialAction\":[{\"@type\":\"SearchAction\",\"target\":{\"@type\":\"EntryPoint\",\"urlTemplate\":\"https:\/\/happyinaknit.com\/lt\/?s={search_term_string}\"},\"query-input\":{\"@type\":\"PropertyValueSpecification\",\"valueRequired\":true,\"valueName\":\"search_term_string\"}}],\"inLanguage\":\"ru-RU\"}]}<\/script>\n<!-- \/ Yoast SEO plugin. -->","yoast_head_json":{"title":"Wool and the Gang \u2013 Take Care Mohair - Happyinaknit.com","robots":{"index":"index","follow":"follow","max-snippet":"max-snippet:-1","max-image-preview":"max-image-preview:large","max-video-preview":"max-video-preview:-1"},"canonical":"https:\/\/happyinaknit.com\/ru\/product\/wool-and-the-gang-take-care-mohera\/","og_locale":"ru_RU","og_type":"article","og_title":"Wool and the Gang \u2013 Take Care Mohair - Happyinaknit.com","og_description":"Take Care Mohera \u2013 pur\u016bs, lengvi ir itin \u0161ilti si\u016blai i\u0161 Piet\u0173 Afrikos moheros, vilnos ir poliamido derinio. Puikiai tinka dideliems mezginiams, \u0161alikams, kardiganams ar megztiniams. Mezginiai tampa pur\u016bs, \u0161veln\u016bs ir jauk\u016bs. Sud\u0117tis: 78 % mohera, 13 % vilna, 9 % poliamidas Svoris \/ ilgis: 50 g &#8211; 100 m Virbalai: 6\u201310 mm Tankumas: 10 [&hellip;]","og_url":"https:\/\/happyinaknit.com\/ru\/product\/wool-and-the-gang-take-care-mohera\/","og_site_name":"Happyinaknit.com","article_modified_time":"2026-02-24T12:10:30+00:00","og_image":[{"width":1320,"height":1299,"url":"https:\/\/happyinaknit.com\/wp-content\/uploads\/2025\/09\/IMG_8107.jpeg","type":"image\/jpeg"}],"twitter_card":"summary_large_image","schema":{"@context":"https:\/\/schema.org","@graph":[{"@type":"WebPage","@id":"https:\/\/happyinaknit.com\/produktas\/wool-and-the-gang-take-care-mohera\/","url":"https:\/\/happyinaknit.com\/produktas\/wool-and-the-gang-take-care-mohera\/","name":"Wool and the Gang \u2013 Take Care Mohair - Happyinaknit.com","isPartOf":{"@id":"https:\/\/happyinaknit.com\/lt\/#website"},"primaryImageOfPage":{"@id":"https:\/\/happyinaknit.com\/produktas\/wool-and-the-gang-take-care-mohera\/#primaryimage"},"image":{"@id":"https:\/\/happyinaknit.com\/produktas\/wool-and-the-gang-take-care-mohera\/#primaryimage"},"thumbnailUrl":"https:\/\/happyinaknit.com\/wp-content\/uploads\/2025\/09\/IMG_8107.jpeg","datePublished":"2025-09-26T03:53:22+00:00","dateModified":"2026-02-24T12:10:30+00:00","breadcrumb":{"@id":"https:\/\/happyinaknit.com\/produktas\/wool-and-the-gang-take-care-mohera\/#breadcrumb"},"inLanguage":"ru-RU","potentialAction":[{"@type":"ReadAction","target":["https:\/\/happyinaknit.com\/produktas\/wool-and-the-gang-take-care-mohera\/"]}]},{"@type":"ImageObject","inLanguage":"ru-RU","@id":"https:\/\/happyinaknit.com\/produktas\/wool-and-the-gang-take-care-mohera\/#primaryimage","url":"https:\/\/happyinaknit.com\/wp-content\/uploads\/2025\/09\/IMG_8107.jpeg","contentUrl":"https:\/\/happyinaknit.com\/wp-content\/uploads\/2025\/09\/IMG_8107.jpeg","width":1320,"height":1299},{"@type":"BreadcrumbList","@id":"https:\/\/happyinaknit.com\/produktas\/wool-and-the-gang-take-care-mohera\/#breadcrumb","itemListElement":[{"@type":"ListItem","position":1,"name":"Home","item":"https:\/\/happyinaknit.com\/lt\/"},{"@type":"ListItem","position":2,"name":"Parduotuv\u0117","item":"https:\/\/happyinaknit.com\/lt\/parduotuve\/"},{"@type":"ListItem","position":3,"name":"Wool and the Gang \u2013 Take Care Mohair"}]},{"@type":"WebSite","@id":"https:\/\/happyinaknit.com\/lt\/#website","url":"https:\/\/happyinaknit.com\/lt\/","name":"Happyinaknit.com","description":"","potentialAction":[{"@type":"SearchAction","target":{"@type":"EntryPoint","urlTemplate":"https:\/\/happyinaknit.com\/lt\/?s={search_term_string}"},"query-input":{"@type":"PropertyValueSpecification","valueRequired":true,"valueName":"search_term_string"}}],"inLanguage":"ru-RU"}]}},"_links":{"self":[{"href":"https:\/\/happyinaknit.com\/ru\/wp-json\/wp\/v2\/product\/1649","targetHints":{"allow":["GET"]}}],"collection":[{"href":"https:\/\/happyinaknit.com\/ru\/wp-json\/wp\/v2\/product"}],"about":[{"href":"https:\/\/happyinaknit.com\/ru\/wp-json\/wp\/v2\/types\/product"}],"replies":[{"embeddable":true,"href":"https:\/\/happyinaknit.com\/ru\/wp-json\/wp\/v2\/comments?post=1649"}],"wp:featuredmedia":[{"embeddable":true,"href":"https:\/\/happyinaknit.com\/ru\/wp-json\/wp\/v2\/media\/1727"}],"wp:attachment":[{"href":"https:\/\/happyinaknit.com\/ru\/wp-json\/wp\/v2\/media?parent=1649"}],"wp:term":[{"taxonomy":"product_brand","embeddable":true,"href":"https:\/\/happyinaknit.com\/ru\/wp-json\/wp\/v2\/product_brand?post=1649"},{"taxonomy":"product_cat","embeddable":true,"href":"https:\/\/happyinaknit.com\/ru\/wp-json\/wp\/v2\/product_cat?post=1649"},{"taxonomy":"product_tag","embeddable":true,"href":"https:\/\/happyinaknit.com\/ru\/wp-json\/wp\/v2\/product_tag?post=1649"},{"taxonomy":"pro-kategorijos","embeddable":true,"href":"https:\/\/happyinaknit.com\/ru\/wp-json\/wp\/v2\/pro-kategorijos?post=1649"}],"curies":[{"name":"wp","href":"https:\/\/api.w.org\/{rel}","templated":true}]}}