{"id":1634,"date":"2025-09-26T03:22:49","date_gmt":"2025-09-26T03:22:49","guid":{"rendered":"https:\/\/happyinaknit.com\/?post_type=product&#038;p=1634"},"modified":"2025-11-13T21:46:29","modified_gmt":"2025-11-13T21:46:29","slug":"rowan-cotton-cashmere-medvilnes-ir-kasmyro-siulai","status":"publish","type":"product","link":"https:\/\/happyinaknit.com\/ru\/product\/rowan-cotton-cashmere-medvilnes-ir-kasmyro-siulai\/","title":{"rendered":"Rowan Cotton Cashmere"},"content":{"rendered":"<p class=\"p1\"><i>Rowan Cotton Cashmere<\/i> \u2013 \u043c\u044f\u0433\u043a\u0430\u044f, \u0434\u044b\u0448\u0430\u0449\u0430\u044f \u043f\u0440\u044f\u0436\u0430, \u0441\u043e\u0447\u0435\u0442\u0430\u044e\u0449\u0430\u044f \u0432 \u0441\u0435\u0431\u0435 \u043d\u0430\u0442\u0443\u0440\u0430\u043b\u044c\u043d\u043e\u0441\u0442\u044c \u0445\u043b\u043e\u043f\u043a\u0430 \u0438 \u0440\u043e\u0441\u043a\u043e\u0448\u044c \u043a\u0430\u0448\u0435\u043c\u0438\u0440\u0430. \u0418\u0434\u0435\u0430\u043b\u044c\u043d\u043e \u043f\u043e\u0434\u0445\u043e\u0434\u0438\u0442 \u0434\u043b\u044f \u043b\u0435\u0442\u043d\u0435\u0433\u043e \u0438 \u0432\u0435\u0441\u0435\u043d\u043d\u0435\u0433\u043e \u0442\u0440\u0438\u043a\u043e\u0442\u0430\u0436\u0430 \u2013 \u043b\u0451\u0433\u043a\u0438\u0445 \u0441\u0432\u0438\u0442\u0435\u0440\u043e\u0432, \u0448\u0430\u0440\u0444\u043e\u0432 \u0438 \u0434\u0435\u0442\u0441\u043a\u043e\u0439 \u043e\u0434\u0435\u0436\u0434\u044b.<\/p>\n<p class=\"p1\"><span class=\"s1\"><b>\u0421\u043e\u0441\u0442\u0430\u0432:<\/b><\/span> 85 % \u0445\u043b\u043e\u043f\u043e\u043a, 15 % \u043a\u0430\u0448\u0435\u043c\u0438\u0440<\/p>\n<p class=\"p1\"><strong data-start=\"551\" data-end=\"573\">\u0412\u0435\u0441\/\u0434\u043b\u0438\u043d\u0430:<\/strong> 50 \u0433 - 125 \u043c<\/p>\n<p class=\"p3\"><b>\u0421\u043f\u0438\u0446\u044b<\/b><span class=\"s2\"> 4 \u043c\u043c<\/span><\/p>\n<p class=\"p1\"><span class=\"s1\"><b>\u041f\u043b\u043e\u0442\u043d\u043e\u0441\u0442\u044c:<\/b><\/span> 10 x 10 \u0441\u043c \u2248 20 \u043f\u0435\u0442\u0435\u043b\u044c x 28 \u0440\u044f\u0434\u043e\u0432<\/p>\n<p class=\"p3\"><b><strong data-start=\"558\" data-end=\"585\">\u0420\u0435\u043a\u043e\u043c\u0435\u043d\u0434\u0443\u0435\u043c\u043e\u0435 \u043a\u043e\u043b\u0438\u0447\u0435\u0441\u0442\u0432\u043e: <\/strong><\/b>\u041d\u0430 \u0434\u0436\u0435\u043c\u043f\u0435\u0440  \u0440\u0430\u0437\u043c\u0435\u0440\u0430 M \u043f\u043e\u0442\u0440\u0435\u0431\u0443\u0435\u0442\u0441\u044f \u043e\u043a\u043e\u043b\u043e 8\u201310 \u043c\u043e\u0442\u043a\u043e\u0432<b><\/b><\/p>\n<p class=\"p1\"><span class=\"s1\"><b>\u0421\u043e\u0432\u0435\u0442\u044b \u043f\u043e \u0443\u0445\u043e\u0434\u0443:<\/b><\/span> \u0421\u0442\u0438\u0440\u0430\u0442\u044c \u0432\u0440\u0443\u0447\u043d\u0443\u044e \u043f\u0440\u0438 \u0442\u0435\u043c\u043f\u0435\u0440\u0430\u0442\u0443\u0440\u0435 \u043d\u0435 \u0432\u044b\u0448\u0435 30 \u00b0C, \u0441\u0443\u0448\u0438\u0442\u044c \u043d\u0430 \u0433\u043e\u0440\u0438\u0437\u043e\u043d\u0442\u0430\u043b\u044c\u043d\u043e\u0439 \u043f\u043e\u0432\u0435\u0440\u0445\u043d\u043e\u0441\u0442\u0438.<\/p>","protected":false},"excerpt":{"rendered":"<p>Rowan Cotton Cashmere \u2013 \u0161veln\u016bs, kv\u0117puojantys si\u016blai, derinantys medviln\u0117s nat\u016bralum\u0105 ir ka\u0161myro prabang\u0105. Puikiai tinka vasaros ir pavasario mezginiams \u2013 lengviems megztiniams, skaroms ar vaik\u0173 r\u016bbeliams. Sud\u0117tis: 85 % medviln\u0117, 15 % ka\u0161myras Svoris \/ metra\u017eas: 50 g &#8211; 125 m Virbalai: 4 mm Tankumas: 10 x 10 cm \u2248 20 aki\u0173 x 28 eil\u0117s [&hellip;]<\/p>\n","protected":false},"featured_media":1633,"comment_status":"open","ping_status":"closed","template":"","meta":{"_acf_changed":false},"product_brand":[59],"product_cat":[182,18],"product_tag":[33],"pro-kategorijos":[46,55],"class_list":{"0":"post-1634","1":"product","2":"type-product","3":"status-publish","4":"has-post-thumbnail","6":"product_brand-rowan","7":"product_cat-ispardavimas","8":"product_cat-siulai","9":"product_tag-ispardavimas","10":"pro-kategorijos-kasmyras","11":"pro-kategorijos-medvilne","13":"first","14":"instock","15":"sale","16":"shipping-taxable","17":"purchasable","18":"product-type-variable"},"acf":[],"yoast_head":"<!-- This site is optimized with the Yoast SEO plugin v26.8 - https:\/\/yoast.com\/product\/yoast-seo-wordpress\/ -->\n<title>Rowan Cotton Cashmere - Happyinaknit.com<\/title>\n<meta name=\"robots\" content=\"index, follow, max-snippet:-1, max-image-preview:large, max-video-preview:-1\" \/>\n<link rel=\"canonical\" href=\"https:\/\/happyinaknit.com\/ru\/product\/rowan-cotton-cashmere-medvilnes-ir-kasmyro-siulai\/\" \/>\n<meta property=\"og:locale\" content=\"ru_RU\" \/>\n<meta property=\"og:type\" content=\"article\" \/>\n<meta property=\"og:title\" content=\"Rowan Cotton Cashmere - Happyinaknit.com\" \/>\n<meta property=\"og:description\" content=\"Rowan Cotton Cashmere \u2013 \u0161veln\u016bs, kv\u0117puojantys si\u016blai, derinantys medviln\u0117s nat\u016bralum\u0105 ir ka\u0161myro prabang\u0105. Puikiai tinka vasaros ir pavasario mezginiams \u2013 lengviems megztiniams, skaroms ar vaik\u0173 r\u016bbeliams. Sud\u0117tis: 85 % medviln\u0117, 15 % ka\u0161myras Svoris \/ metra\u017eas: 50 g &#8211; 125 m Virbalai: 4 mm Tankumas: 10 x 10 cm \u2248 20 aki\u0173 x 28 eil\u0117s [&hellip;]\" \/>\n<meta property=\"og:url\" content=\"https:\/\/happyinaknit.com\/ru\/product\/rowan-cotton-cashmere-medvilnes-ir-kasmyro-siulai\/\" \/>\n<meta property=\"og:site_name\" content=\"Happyinaknit.com\" \/>\n<meta property=\"article:modified_time\" content=\"2025-11-13T21:46:29+00:00\" \/>\n<meta property=\"og:image\" content=\"https:\/\/happyinaknit.com\/wp-content\/uploads\/2025\/09\/Rowan-Tulip-227.jpeg\" \/>\n\t<meta property=\"og:image:width\" content=\"940\" \/>\n\t<meta property=\"og:image:height\" content=\"940\" \/>\n\t<meta property=\"og:image:type\" content=\"image\/jpeg\" \/>\n<meta name=\"twitter:card\" content=\"summary_large_image\" \/>\n<script type=\"application\/ld+json\" class=\"yoast-schema-graph\">{\"@context\":\"https:\/\/schema.org\",\"@graph\":[{\"@type\":\"WebPage\",\"@id\":\"https:\/\/happyinaknit.com\/produktas\/rowan-cotton-cashmere-medvilnes-ir-kasmyro-siulai\/\",\"url\":\"https:\/\/happyinaknit.com\/produktas\/rowan-cotton-cashmere-medvilnes-ir-kasmyro-siulai\/\",\"name\":\"Rowan Cotton Cashmere - Happyinaknit.com\",\"isPartOf\":{\"@id\":\"https:\/\/happyinaknit.com\/lt\/#website\"},\"primaryImageOfPage\":{\"@id\":\"https:\/\/happyinaknit.com\/produktas\/rowan-cotton-cashmere-medvilnes-ir-kasmyro-siulai\/#primaryimage\"},\"image\":{\"@id\":\"https:\/\/happyinaknit.com\/produktas\/rowan-cotton-cashmere-medvilnes-ir-kasmyro-siulai\/#primaryimage\"},\"thumbnailUrl\":\"https:\/\/happyinaknit.com\/wp-content\/uploads\/2025\/09\/Rowan-Tulip-227.jpeg\",\"datePublished\":\"2025-09-26T03:22:49+00:00\",\"dateModified\":\"2025-11-13T21:46:29+00:00\",\"breadcrumb\":{\"@id\":\"https:\/\/happyinaknit.com\/produktas\/rowan-cotton-cashmere-medvilnes-ir-kasmyro-siulai\/#breadcrumb\"},\"inLanguage\":\"ru-RU\",\"potentialAction\":[{\"@type\":\"ReadAction\",\"target\":[\"https:\/\/happyinaknit.com\/produktas\/rowan-cotton-cashmere-medvilnes-ir-kasmyro-siulai\/\"]}]},{\"@type\":\"ImageObject\",\"inLanguage\":\"ru-RU\",\"@id\":\"https:\/\/happyinaknit.com\/produktas\/rowan-cotton-cashmere-medvilnes-ir-kasmyro-siulai\/#primaryimage\",\"url\":\"https:\/\/happyinaknit.com\/wp-content\/uploads\/2025\/09\/Rowan-Tulip-227.jpeg\",\"contentUrl\":\"https:\/\/happyinaknit.com\/wp-content\/uploads\/2025\/09\/Rowan-Tulip-227.jpeg\",\"width\":940,\"height\":940},{\"@type\":\"BreadcrumbList\",\"@id\":\"https:\/\/happyinaknit.com\/produktas\/rowan-cotton-cashmere-medvilnes-ir-kasmyro-siulai\/#breadcrumb\",\"itemListElement\":[{\"@type\":\"ListItem\",\"position\":1,\"name\":\"Home\",\"item\":\"https:\/\/happyinaknit.com\/lt\/\"},{\"@type\":\"ListItem\",\"position\":2,\"name\":\"Parduotuv\u0117\",\"item\":\"https:\/\/happyinaknit.com\/lt\/parduotuve\/\"},{\"@type\":\"ListItem\",\"position\":3,\"name\":\"Rowan Cotton Cashmere\"}]},{\"@type\":\"WebSite\",\"@id\":\"https:\/\/happyinaknit.com\/lt\/#website\",\"url\":\"https:\/\/happyinaknit.com\/lt\/\",\"name\":\"Happyinaknit.com\",\"description\":\"\",\"potentialAction\":[{\"@type\":\"SearchAction\",\"target\":{\"@type\":\"EntryPoint\",\"urlTemplate\":\"https:\/\/happyinaknit.com\/lt\/?s={search_term_string}\"},\"query-input\":{\"@type\":\"PropertyValueSpecification\",\"valueRequired\":true,\"valueName\":\"search_term_string\"}}],\"inLanguage\":\"ru-RU\"}]}<\/script>\n<!-- \/ Yoast SEO plugin. -->","yoast_head_json":{"title":"Rowan Cotton Cashmere - Happyinaknit.com","robots":{"index":"index","follow":"follow","max-snippet":"max-snippet:-1","max-image-preview":"max-image-preview:large","max-video-preview":"max-video-preview:-1"},"canonical":"https:\/\/happyinaknit.com\/ru\/product\/rowan-cotton-cashmere-medvilnes-ir-kasmyro-siulai\/","og_locale":"ru_RU","og_type":"article","og_title":"Rowan Cotton Cashmere - Happyinaknit.com","og_description":"Rowan Cotton Cashmere \u2013 \u0161veln\u016bs, kv\u0117puojantys si\u016blai, derinantys medviln\u0117s nat\u016bralum\u0105 ir ka\u0161myro prabang\u0105. Puikiai tinka vasaros ir pavasario mezginiams \u2013 lengviems megztiniams, skaroms ar vaik\u0173 r\u016bbeliams. Sud\u0117tis: 85 % medviln\u0117, 15 % ka\u0161myras Svoris \/ metra\u017eas: 50 g &#8211; 125 m Virbalai: 4 mm Tankumas: 10 x 10 cm \u2248 20 aki\u0173 x 28 eil\u0117s [&hellip;]","og_url":"https:\/\/happyinaknit.com\/ru\/product\/rowan-cotton-cashmere-medvilnes-ir-kasmyro-siulai\/","og_site_name":"Happyinaknit.com","article_modified_time":"2025-11-13T21:46:29+00:00","og_image":[{"width":940,"height":940,"url":"https:\/\/happyinaknit.com\/wp-content\/uploads\/2025\/09\/Rowan-Tulip-227.jpeg","type":"image\/jpeg"}],"twitter_card":"summary_large_image","schema":{"@context":"https:\/\/schema.org","@graph":[{"@type":"WebPage","@id":"https:\/\/happyinaknit.com\/produktas\/rowan-cotton-cashmere-medvilnes-ir-kasmyro-siulai\/","url":"https:\/\/happyinaknit.com\/produktas\/rowan-cotton-cashmere-medvilnes-ir-kasmyro-siulai\/","name":"Rowan Cotton Cashmere - Happyinaknit.com","isPartOf":{"@id":"https:\/\/happyinaknit.com\/lt\/#website"},"primaryImageOfPage":{"@id":"https:\/\/happyinaknit.com\/produktas\/rowan-cotton-cashmere-medvilnes-ir-kasmyro-siulai\/#primaryimage"},"image":{"@id":"https:\/\/happyinaknit.com\/produktas\/rowan-cotton-cashmere-medvilnes-ir-kasmyro-siulai\/#primaryimage"},"thumbnailUrl":"https:\/\/happyinaknit.com\/wp-content\/uploads\/2025\/09\/Rowan-Tulip-227.jpeg","datePublished":"2025-09-26T03:22:49+00:00","dateModified":"2025-11-13T21:46:29+00:00","breadcrumb":{"@id":"https:\/\/happyinaknit.com\/produktas\/rowan-cotton-cashmere-medvilnes-ir-kasmyro-siulai\/#breadcrumb"},"inLanguage":"ru-RU","potentialAction":[{"@type":"ReadAction","target":["https:\/\/happyinaknit.com\/produktas\/rowan-cotton-cashmere-medvilnes-ir-kasmyro-siulai\/"]}]},{"@type":"ImageObject","inLanguage":"ru-RU","@id":"https:\/\/happyinaknit.com\/produktas\/rowan-cotton-cashmere-medvilnes-ir-kasmyro-siulai\/#primaryimage","url":"https:\/\/happyinaknit.com\/wp-content\/uploads\/2025\/09\/Rowan-Tulip-227.jpeg","contentUrl":"https:\/\/happyinaknit.com\/wp-content\/uploads\/2025\/09\/Rowan-Tulip-227.jpeg","width":940,"height":940},{"@type":"BreadcrumbList","@id":"https:\/\/happyinaknit.com\/produktas\/rowan-cotton-cashmere-medvilnes-ir-kasmyro-siulai\/#breadcrumb","itemListElement":[{"@type":"ListItem","position":1,"name":"Home","item":"https:\/\/happyinaknit.com\/lt\/"},{"@type":"ListItem","position":2,"name":"Parduotuv\u0117","item":"https:\/\/happyinaknit.com\/lt\/parduotuve\/"},{"@type":"ListItem","position":3,"name":"Rowan Cotton Cashmere"}]},{"@type":"WebSite","@id":"https:\/\/happyinaknit.com\/lt\/#website","url":"https:\/\/happyinaknit.com\/lt\/","name":"Happyinaknit.com","description":"","potentialAction":[{"@type":"SearchAction","target":{"@type":"EntryPoint","urlTemplate":"https:\/\/happyinaknit.com\/lt\/?s={search_term_string}"},"query-input":{"@type":"PropertyValueSpecification","valueRequired":true,"valueName":"search_term_string"}}],"inLanguage":"ru-RU"}]}},"_links":{"self":[{"href":"https:\/\/happyinaknit.com\/ru\/wp-json\/wp\/v2\/product\/1634","targetHints":{"allow":["GET"]}}],"collection":[{"href":"https:\/\/happyinaknit.com\/ru\/wp-json\/wp\/v2\/product"}],"about":[{"href":"https:\/\/happyinaknit.com\/ru\/wp-json\/wp\/v2\/types\/product"}],"replies":[{"embeddable":true,"href":"https:\/\/happyinaknit.com\/ru\/wp-json\/wp\/v2\/comments?post=1634"}],"wp:featuredmedia":[{"embeddable":true,"href":"https:\/\/happyinaknit.com\/ru\/wp-json\/wp\/v2\/media\/1633"}],"wp:attachment":[{"href":"https:\/\/happyinaknit.com\/ru\/wp-json\/wp\/v2\/media?parent=1634"}],"wp:term":[{"taxonomy":"product_brand","embeddable":true,"href":"https:\/\/happyinaknit.com\/ru\/wp-json\/wp\/v2\/product_brand?post=1634"},{"taxonomy":"product_cat","embeddable":true,"href":"https:\/\/happyinaknit.com\/ru\/wp-json\/wp\/v2\/product_cat?post=1634"},{"taxonomy":"product_tag","embeddable":true,"href":"https:\/\/happyinaknit.com\/ru\/wp-json\/wp\/v2\/product_tag?post=1634"},{"taxonomy":"pro-kategorijos","embeddable":true,"href":"https:\/\/happyinaknit.com\/ru\/wp-json\/wp\/v2\/pro-kategorijos?post=1634"}],"curies":[{"name":"wp","href":"https:\/\/api.w.org\/{rel}","templated":true}]}}