{"id":1409,"date":"2025-09-22T11:38:54","date_gmt":"2025-09-22T11:38:54","guid":{"rendered":"https:\/\/happyinaknit.com\/?post_type=product&#038;p=1409"},"modified":"2026-03-26T14:48:08","modified_gmt":"2026-03-26T14:48:08","slug":"automatine-matavimo-juosta","status":"publish","type":"product","link":"https:\/\/happyinaknit.com\/ru\/product\/automatine-matavimo-juosta\/","title":{"rendered":"Hemline  \u0430\u0432\u0442\u043e\u043c\u0430\u0442\u0438\u0447\u0435\u0441\u043a\u0430\u044f \u0441\u0430\u043d\u0442\u0438\u043c\u0435\u0442\u0440\u043e\u0432\u0430\u044f \u043b\u0435\u043d\u0442\u0430 \u00abRose Gold\u00bb 150 \u0441\u043c"},"content":{"rendered":"<p data-start=\"48\" data-end=\"274\">\u041a\u043b\u0430\u0441\u0441\u0438\u0447\u0435\u0441\u043a\u0430\u044f <strong data-start=\"58\" data-end=\"69\">Hemline<\/strong> \u0441\u0430\u043d\u0442\u0438\u043c\u0435\u0442\u0440\u043e\u0432\u0430\u044f \u043b\u0435\u043d\u0442\u0430 \u2014 \u0443\u0434\u043e\u0431\u043d\u044b\u0439 \u0438 \u0441\u0442\u0438\u043b\u044c\u043d\u044b\u0439 \u0438\u0437\u043c\u0435\u0440\u0438\u0442\u0435\u043b\u044c\u043d\u044b\u0439 \u0438\u043d\u0441\u0442\u0440\u0443\u043c\u0435\u043d\u0442 \u0434\u043b\u044f \u043a\u0430\u0436\u0434\u043e\u0439 \u0432\u044f\u0437\u0430\u043b\u044c\u0449\u0438\u0446\u044b \u0438\u043b\u0438 \u0448\u0432\u0435\u0438. \u041b\u0435\u043d\u0442\u0430 \u0441\u043f\u0440\u044f\u0442\u0430\u043d\u0430 \u0432 \u043a\u043e\u043c\u043f\u0430\u043a\u0442\u043d\u043e\u043c, \u044d\u043b\u0435\u0433\u0430\u043d\u0442\u043d\u043e\u043c \u0444\u0443\u0442\u043b\u044f\u0440\u0435, \u043a\u043e\u0442\u043e\u0440\u044b\u0439 \u0437\u0430\u0449\u0438\u0449\u0430\u0435\u0442 \u0435\u0451 \u043e\u0442 \u0437\u0430\u043f\u0443\u0442\u044b\u0432\u0430\u043d\u0438\u044f \u0438 \u043f\u043e\u0432\u0440\u0435\u0436\u0434\u0435\u043d\u0438\u0439.<\/p>\n<p data-start=\"276\" data-end=\"434\">\u0411\u043b\u0430\u0433\u043e\u0434\u0430\u0440\u044f \u0443\u0434\u043e\u0431\u043d\u043e\u0439 \u043a\u043d\u043e\u043f\u043a\u0435 \u043b\u0435\u043d\u0442\u0430 \u043b\u0435\u0433\u043a\u043e \u0432\u044b\u0442\u044f\u0433\u0438\u0432\u0430\u0435\u0442\u0441\u044f \u0438 \u0430\u0432\u0442\u043e\u043c\u0430\u0442\u0438\u0447\u0435\u0441\u043a\u0438 \u0441\u043c\u0430\u0442\u044b\u0432\u0430\u0435\u0442\u0441\u044f \u043f\u0440\u0438 \u043d\u0430\u0436\u0430\u0442\u0438\u0438 \u043d\u0430 \u0441\u0435\u0440\u0435\u0434\u0438\u043d\u0443 \u2014 \u043e\u0447\u0435\u043d\u044c \u043f\u0440\u0430\u043a\u0442\u0438\u0447\u043d\u043e\u0435 \u0440\u0435\u0448\u0435\u043d\u0438\u0435 \u043a\u0430\u043a \u0434\u043e\u043c\u0430, \u0442\u0430\u043a \u0438 \u0432 \u043f\u0443\u0442\u0435\u0448\u0435\u0441\u0442\u0432\u0438\u0438.<\/p>\n<p data-start=\"436\" data-end=\"450\"><strong data-start=\"436\" data-end=\"448\">\u0424\u0443\u043d\u043a\u0446\u0438\u0438:<\/strong><\/p>\n<ul data-start=\"451\" data-end=\"645\">\n<li data-start=\"451\" data-end=\"468\">\n<p data-start=\"453\" data-end=\"468\">\u0414\u043b\u0438\u043d\u0430: 150 \u0441\u043c.<\/p>\n<\/li>\n<li data-start=\"469\" data-end=\"505\">\n<p data-start=\"471\" data-end=\"505\">\u041c\u0435\u0445\u0430\u043d\u0438\u0437\u043c \u0441 \u0430\u0432\u0442\u043e\u043c\u0430\u0442\u0438\u0447\u0435\u0441\u043a\u0438\u043c \u0441\u043a\u0440\u0443\u0447\u0438\u0432\u0430\u043d\u0438\u0435\u043c<\/p>\n<\/li>\n<li data-start=\"506\" data-end=\"541\">\n<p data-start=\"508\" data-end=\"541\">\u0423\u0434\u043e\u0431\u043d\u044b\u0439 \u0432\u044b\u0434\u0432\u0438\u0436\u043d\u043e\u0439 \u044f\u0437\u044b\u0447\u043e\u043a<\/p>\n<\/li>\n<li data-start=\"542\" data-end=\"583\">\n<p data-start=\"544\" data-end=\"583\">\u041a\u043e\u043c\u043f\u0430\u043a\u0442\u043d\u044b\u0439 \u0438 \u044d\u043b\u0435\u0433\u0430\u043d\u0442\u043d\u044b\u0439 \u0434\u0438\u0437\u0430\u0439\u043d<\/p>\n<\/li>\n<li data-start=\"584\" data-end=\"645\">\n<p data-start=\"586\" data-end=\"645\">\u0418\u0434\u0435\u0430\u043b\u044c\u043d\u043e \u043f\u043e\u0434\u0445\u043e\u0434\u0438\u0442 \u0434\u043b\u044f \u0432\u044f\u0437\u0430\u043b\u044c\u0449\u0438\u0446, \u0448\u0432\u0435\u0439 \u0438 \u043b\u044e\u0431\u0438\u0442\u0435\u043b\u0435\u0439 \u0440\u0443\u043a\u043e\u0434\u0435\u043b\u0438\u044f.<\/p>\n<\/li>\n<\/ul>\n<p data-start=\"647\" data-end=\"672\"><strong data-start=\"647\" data-end=\"662\">\u041f\u0440\u043e\u0438\u0437\u0432\u043e\u0434\u0438\u0442\u0435\u043b\u044c:<\/strong> Hemline<\/p>\n<p data-start=\"674\" data-end=\"762\" data-is-last-node=\"\" data-is-only-node=\"\"><strong data-start=\"674\" data-end=\"686\">\u041f\u0440\u0438\u043c\u0435\u0447\u0430\u043d\u0438\u0435:<\/strong> \u0426\u0432\u0435\u0442\u043e\u0432\u044b\u0435 \u043e\u0442\u0442\u0435\u043d\u043a\u0438 \u043c\u043e\u0433\u0443\u0442 \u043d\u0435\u0437\u043d\u0430\u0447\u0438\u0442\u0435\u043b\u044c\u043d\u043e \u043e\u0442\u043b\u0438\u0447\u0430\u0442\u044c\u0441\u044f \u0432 \u0437\u0430\u0432\u0438\u0441\u0438\u043c\u043e\u0441\u0442\u0438 \u043e\u0442 \u044d\u043a\u0440\u0430\u043d\u0430 \u0432\u0430\u0448\u0435\u0433\u043e \u0443\u0441\u0442\u0440\u043e\u0439\u0441\u0442\u0432\u0430.<\/p>","protected":false},"excerpt":{"rendered":"<p>Klasikin\u0117 Hemline centimetrin\u0117 juostel\u0117 \u2013 tai patogus ir stilingas matavimo \u012frankis kiekvienai mezg\u0117jai ar siuv\u0117jai. Juostel\u0117 pasl\u0117pta kompakti\u0161kame, eleganti\u0161kame d\u0117kle, kuris apsaugo j\u0105 nuo susipainiojimo ir pa\u017eeidim\u0173. D\u0117l patogaus mygtuko juostel\u0117 lengvai i\u0161sitraukia ir automati\u0161kai susisuka atgal paspaudus vidur\u012f \u2013 itin prakti\u0161kas sprendimas tiek namuose, tiek kelion\u0117je. Savyb\u0117s: Ilgis: 150 cm Automatinis susukimo mechanizmas Patogus [&hellip;]<\/p>\n","protected":false},"featured_media":1410,"comment_status":"open","ping_status":"closed","template":"","meta":{"_acf_changed":false},"product_brand":[93],"product_cat":[15,92,20],"product_tag":[],"pro-kategorijos":[],"class_list":{"0":"post-1409","1":"product","2":"type-product","3":"status-publish","4":"has-post-thumbnail","6":"product_brand-hemline","7":"product_cat-visi-produktai","8":"product_cat-matavimo-priemones","9":"product_cat-priedai-mezgimui","11":"first","12":"instock","13":"shipping-taxable","14":"purchasable","15":"product-type-simple"},"acf":[],"yoast_head":"<!-- This site is optimized with the Yoast SEO plugin v26.8 - https:\/\/yoast.com\/product\/yoast-seo-wordpress\/ -->\n<title>Hemline automatin\u0117 matavimo juosta &quot;Rose Gold&quot; 150 cm - Happyinaknit.com<\/title>\n<meta name=\"robots\" content=\"index, follow, max-snippet:-1, max-image-preview:large, max-video-preview:-1\" \/>\n<link rel=\"canonical\" href=\"https:\/\/happyinaknit.com\/ru\/product\/automatine-matavimo-juosta\/\" \/>\n<meta property=\"og:locale\" content=\"ru_RU\" \/>\n<meta property=\"og:type\" content=\"article\" \/>\n<meta property=\"og:title\" content=\"Hemline automatin\u0117 matavimo juosta &quot;Rose Gold&quot; 150 cm - Happyinaknit.com\" \/>\n<meta property=\"og:description\" content=\"Klasikin\u0117 Hemline centimetrin\u0117 juostel\u0117 \u2013 tai patogus ir stilingas matavimo \u012frankis kiekvienai mezg\u0117jai ar siuv\u0117jai. Juostel\u0117 pasl\u0117pta kompakti\u0161kame, eleganti\u0161kame d\u0117kle, kuris apsaugo j\u0105 nuo susipainiojimo ir pa\u017eeidim\u0173. D\u0117l patogaus mygtuko juostel\u0117 lengvai i\u0161sitraukia ir automati\u0161kai susisuka atgal paspaudus vidur\u012f \u2013 itin prakti\u0161kas sprendimas tiek namuose, tiek kelion\u0117je. Savyb\u0117s: Ilgis: 150 cm Automatinis susukimo mechanizmas Patogus [&hellip;]\" \/>\n<meta property=\"og:url\" content=\"https:\/\/happyinaknit.com\/ru\/product\/automatine-matavimo-juosta\/\" \/>\n<meta property=\"og:site_name\" content=\"Happyinaknit.com\" \/>\n<meta property=\"article:modified_time\" content=\"2026-03-26T14:48:08+00:00\" \/>\n<meta property=\"og:image\" content=\"https:\/\/happyinaknit.com\/wp-content\/uploads\/2025\/09\/Hemline3.jpg\" \/>\n\t<meta property=\"og:image:width\" content=\"447\" \/>\n\t<meta property=\"og:image:height\" content=\"447\" \/>\n\t<meta property=\"og:image:type\" content=\"image\/jpeg\" \/>\n<meta name=\"twitter:card\" content=\"summary_large_image\" \/>\n<meta name=\"twitter:label1\" content=\"\u041f\u0440\u0438\u043c\u0435\u0440\u043d\u043e\u0435 \u0432\u0440\u0435\u043c\u044f \u0434\u043b\u044f \u0447\u0442\u0435\u043d\u0438\u044f\" \/>\n\t<meta name=\"twitter:data1\" content=\"1 \u043c\u0438\u043d\u0443\u0442\u0430\" \/>\n<script type=\"application\/ld+json\" class=\"yoast-schema-graph\">{\"@context\":\"https:\/\/schema.org\",\"@graph\":[{\"@type\":\"WebPage\",\"@id\":\"https:\/\/happyinaknit.com\/produktas\/automatine-matavimo-juosta\/\",\"url\":\"https:\/\/happyinaknit.com\/produktas\/automatine-matavimo-juosta\/\",\"name\":\"Hemline automatin\u0117 matavimo juosta \\\"Rose Gold\\\" 150 cm - Happyinaknit.com\",\"isPartOf\":{\"@id\":\"https:\/\/happyinaknit.com\/lt\/#website\"},\"primaryImageOfPage\":{\"@id\":\"https:\/\/happyinaknit.com\/produktas\/automatine-matavimo-juosta\/#primaryimage\"},\"image\":{\"@id\":\"https:\/\/happyinaknit.com\/produktas\/automatine-matavimo-juosta\/#primaryimage\"},\"thumbnailUrl\":\"https:\/\/happyinaknit.com\/wp-content\/uploads\/2025\/09\/Hemline3.jpg\",\"datePublished\":\"2025-09-22T11:38:54+00:00\",\"dateModified\":\"2026-03-26T14:48:08+00:00\",\"breadcrumb\":{\"@id\":\"https:\/\/happyinaknit.com\/produktas\/automatine-matavimo-juosta\/#breadcrumb\"},\"inLanguage\":\"ru-RU\",\"potentialAction\":[{\"@type\":\"ReadAction\",\"target\":[\"https:\/\/happyinaknit.com\/produktas\/automatine-matavimo-juosta\/\"]}]},{\"@type\":\"ImageObject\",\"inLanguage\":\"ru-RU\",\"@id\":\"https:\/\/happyinaknit.com\/produktas\/automatine-matavimo-juosta\/#primaryimage\",\"url\":\"https:\/\/happyinaknit.com\/wp-content\/uploads\/2025\/09\/Hemline3.jpg\",\"contentUrl\":\"https:\/\/happyinaknit.com\/wp-content\/uploads\/2025\/09\/Hemline3.jpg\",\"width\":447,\"height\":447},{\"@type\":\"BreadcrumbList\",\"@id\":\"https:\/\/happyinaknit.com\/produktas\/automatine-matavimo-juosta\/#breadcrumb\",\"itemListElement\":[{\"@type\":\"ListItem\",\"position\":1,\"name\":\"Home\",\"item\":\"https:\/\/happyinaknit.com\/lt\/\"},{\"@type\":\"ListItem\",\"position\":2,\"name\":\"Parduotuv\u0117\",\"item\":\"https:\/\/happyinaknit.com\/lt\/parduotuve\/\"},{\"@type\":\"ListItem\",\"position\":3,\"name\":\"Hemline automatin\u0117 matavimo juosta &#8222;Rose Gold&#8221; 150 cm\"}]},{\"@type\":\"WebSite\",\"@id\":\"https:\/\/happyinaknit.com\/lt\/#website\",\"url\":\"https:\/\/happyinaknit.com\/lt\/\",\"name\":\"Happyinaknit.com\",\"description\":\"\",\"potentialAction\":[{\"@type\":\"SearchAction\",\"target\":{\"@type\":\"EntryPoint\",\"urlTemplate\":\"https:\/\/happyinaknit.com\/lt\/?s={search_term_string}\"},\"query-input\":{\"@type\":\"PropertyValueSpecification\",\"valueRequired\":true,\"valueName\":\"search_term_string\"}}],\"inLanguage\":\"ru-RU\"}]}<\/script>\n<!-- \/ Yoast SEO plugin. -->","yoast_head_json":{"title":"Hemline automatin\u0117 matavimo juosta \"Rose Gold\" 150 cm - Happyinaknit.com","robots":{"index":"index","follow":"follow","max-snippet":"max-snippet:-1","max-image-preview":"max-image-preview:large","max-video-preview":"max-video-preview:-1"},"canonical":"https:\/\/happyinaknit.com\/ru\/product\/automatine-matavimo-juosta\/","og_locale":"ru_RU","og_type":"article","og_title":"Hemline automatin\u0117 matavimo juosta \"Rose Gold\" 150 cm - Happyinaknit.com","og_description":"Klasikin\u0117 Hemline centimetrin\u0117 juostel\u0117 \u2013 tai patogus ir stilingas matavimo \u012frankis kiekvienai mezg\u0117jai ar siuv\u0117jai. Juostel\u0117 pasl\u0117pta kompakti\u0161kame, eleganti\u0161kame d\u0117kle, kuris apsaugo j\u0105 nuo susipainiojimo ir pa\u017eeidim\u0173. D\u0117l patogaus mygtuko juostel\u0117 lengvai i\u0161sitraukia ir automati\u0161kai susisuka atgal paspaudus vidur\u012f \u2013 itin prakti\u0161kas sprendimas tiek namuose, tiek kelion\u0117je. Savyb\u0117s: Ilgis: 150 cm Automatinis susukimo mechanizmas Patogus [&hellip;]","og_url":"https:\/\/happyinaknit.com\/ru\/product\/automatine-matavimo-juosta\/","og_site_name":"Happyinaknit.com","article_modified_time":"2026-03-26T14:48:08+00:00","og_image":[{"width":447,"height":447,"url":"https:\/\/happyinaknit.com\/wp-content\/uploads\/2025\/09\/Hemline3.jpg","type":"image\/jpeg"}],"twitter_card":"summary_large_image","twitter_misc":{"\u041f\u0440\u0438\u043c\u0435\u0440\u043d\u043e\u0435 \u0432\u0440\u0435\u043c\u044f \u0434\u043b\u044f \u0447\u0442\u0435\u043d\u0438\u044f":"1 \u043c\u0438\u043d\u0443\u0442\u0430"},"schema":{"@context":"https:\/\/schema.org","@graph":[{"@type":"WebPage","@id":"https:\/\/happyinaknit.com\/produktas\/automatine-matavimo-juosta\/","url":"https:\/\/happyinaknit.com\/produktas\/automatine-matavimo-juosta\/","name":"Hemline automatin\u0117 matavimo juosta \"Rose Gold\" 150 cm - Happyinaknit.com","isPartOf":{"@id":"https:\/\/happyinaknit.com\/lt\/#website"},"primaryImageOfPage":{"@id":"https:\/\/happyinaknit.com\/produktas\/automatine-matavimo-juosta\/#primaryimage"},"image":{"@id":"https:\/\/happyinaknit.com\/produktas\/automatine-matavimo-juosta\/#primaryimage"},"thumbnailUrl":"https:\/\/happyinaknit.com\/wp-content\/uploads\/2025\/09\/Hemline3.jpg","datePublished":"2025-09-22T11:38:54+00:00","dateModified":"2026-03-26T14:48:08+00:00","breadcrumb":{"@id":"https:\/\/happyinaknit.com\/produktas\/automatine-matavimo-juosta\/#breadcrumb"},"inLanguage":"ru-RU","potentialAction":[{"@type":"ReadAction","target":["https:\/\/happyinaknit.com\/produktas\/automatine-matavimo-juosta\/"]}]},{"@type":"ImageObject","inLanguage":"ru-RU","@id":"https:\/\/happyinaknit.com\/produktas\/automatine-matavimo-juosta\/#primaryimage","url":"https:\/\/happyinaknit.com\/wp-content\/uploads\/2025\/09\/Hemline3.jpg","contentUrl":"https:\/\/happyinaknit.com\/wp-content\/uploads\/2025\/09\/Hemline3.jpg","width":447,"height":447},{"@type":"BreadcrumbList","@id":"https:\/\/happyinaknit.com\/produktas\/automatine-matavimo-juosta\/#breadcrumb","itemListElement":[{"@type":"ListItem","position":1,"name":"Home","item":"https:\/\/happyinaknit.com\/lt\/"},{"@type":"ListItem","position":2,"name":"Parduotuv\u0117","item":"https:\/\/happyinaknit.com\/lt\/parduotuve\/"},{"@type":"ListItem","position":3,"name":"Hemline automatin\u0117 matavimo juosta &#8222;Rose Gold&#8221; 150 cm"}]},{"@type":"WebSite","@id":"https:\/\/happyinaknit.com\/lt\/#website","url":"https:\/\/happyinaknit.com\/lt\/","name":"Happyinaknit.com","description":"","potentialAction":[{"@type":"SearchAction","target":{"@type":"EntryPoint","urlTemplate":"https:\/\/happyinaknit.com\/lt\/?s={search_term_string}"},"query-input":{"@type":"PropertyValueSpecification","valueRequired":true,"valueName":"search_term_string"}}],"inLanguage":"ru-RU"}]}},"_links":{"self":[{"href":"https:\/\/happyinaknit.com\/ru\/wp-json\/wp\/v2\/product\/1409","targetHints":{"allow":["GET"]}}],"collection":[{"href":"https:\/\/happyinaknit.com\/ru\/wp-json\/wp\/v2\/product"}],"about":[{"href":"https:\/\/happyinaknit.com\/ru\/wp-json\/wp\/v2\/types\/product"}],"replies":[{"embeddable":true,"href":"https:\/\/happyinaknit.com\/ru\/wp-json\/wp\/v2\/comments?post=1409"}],"wp:featuredmedia":[{"embeddable":true,"href":"https:\/\/happyinaknit.com\/ru\/wp-json\/wp\/v2\/media\/1410"}],"wp:attachment":[{"href":"https:\/\/happyinaknit.com\/ru\/wp-json\/wp\/v2\/media?parent=1409"}],"wp:term":[{"taxonomy":"product_brand","embeddable":true,"href":"https:\/\/happyinaknit.com\/ru\/wp-json\/wp\/v2\/product_brand?post=1409"},{"taxonomy":"product_cat","embeddable":true,"href":"https:\/\/happyinaknit.com\/ru\/wp-json\/wp\/v2\/product_cat?post=1409"},{"taxonomy":"product_tag","embeddable":true,"href":"https:\/\/happyinaknit.com\/ru\/wp-json\/wp\/v2\/product_tag?post=1409"},{"taxonomy":"pro-kategorijos","embeddable":true,"href":"https:\/\/happyinaknit.com\/ru\/wp-json\/wp\/v2\/pro-kategorijos?post=1409"}],"curies":[{"name":"wp","href":"https:\/\/api.w.org\/{rel}","templated":true}]}}