{"id":1311,"date":"2025-09-19T06:11:28","date_gmt":"2025-09-19T06:11:28","guid":{"rendered":"https:\/\/happyinaknit.com\/?post_type=product&#038;p=1311"},"modified":"2025-11-19T13:18:50","modified_gmt":"2025-11-19T13:18:50","slug":"mini-zirkles","status":"publish","type":"product","link":"https:\/\/happyinaknit.com\/ru\/product\/mini-zirkles\/","title":{"rendered":"Cohana Seki Kantsubaki \u043c\u0438\u043d\u0438-\u043d\u043e\u0436\u043d\u0438\u0446\u044b,  \u043e\u0433\u0440\u0430\u043d\u0438\u0447\u0435\u043d\u043d\u0430\u044f \u0441\u0435\u0440\u0438\u044f"},"content":{"rendered":"<p data-start=\"0\" data-end=\"286\"><strong data-start=\"0\" data-end=\"89\">\u041b\u0438\u043c\u0438\u0442\u0438\u0440\u043e\u0432\u0430\u043d\u043d\u0430\u044f \u044f\u043f\u043e\u043d\u0441\u043a\u0430\u044f \u043a\u043e\u043b\u043b\u0435\u043a\u0446\u0438\u044f \u00abCohana\u00bb, \u043f\u043e\u0441\u0432\u044f\u0449\u0451\u043d\u043d\u0430\u044f Kanzubaki \u2014 \u044f\u043f\u043e\u043d\u0441\u043a\u043e\u0439 \u043a\u0430\u043c\u0435\u043b\u0438\u0438<\/strong>, \u0446\u0432\u0435\u0442\u043e\u043a, \u0446\u0435\u043d\u0438\u043c\u044b\u0439 \u0437\u0430 \u0440\u0430\u043d\u043d\u0435\u0435 \u0446\u0432\u0435\u0442\u0435\u043d\u0438\u0435. \u042d\u0442\u043e \u043e\u0434\u0438\u043d \u0438\u0437 \u043f\u0435\u0440\u0432\u044b\u0445 \u0446\u0432\u0435\u0442\u043e\u0432, \u0440\u0430\u0441\u043f\u0443\u0441\u043a\u0430\u044e\u0449\u0438\u0445\u0441\u044f \u0432 \u043a\u043e\u043d\u0446\u0435 \u0437\u0438\u043c\u044b.  \u0412 \u043a\u043e\u043b\u043b\u0435\u043a\u0446\u0438\u0438 <strong data-start=\"204\" data-end=\"252\">\u043a\u0440\u0430\u0441\u043d\u044b\u0439 \u0446\u0432\u0435\u0442 \u0441\u0438\u043c\u0432\u043e\u043b\u0438\u0437\u0438\u0440\u0443\u0435\u0442 \u0446\u0432\u0435\u0442\u044b \u043a\u0430\u043c\u0435\u043b\u0438\u0438<\/strong>, \u0438 <strong data-start=\"256\" data-end=\"283\">\u0431\u0435\u043b\u044b\u0435 \u0430\u043a\u0446\u0435\u043d\u0442\u044b \u2013 \u0441\u043d\u0435\u0433<\/strong>.<\/p>\n<p data-start=\"288\" data-end=\"697\"><strong data-start=\"288\" data-end=\"311\">\u041c\u0438\u043d\u0438-\u043d\u043e\u0436\u043d\u0438\u0446\u044b \"Seki\"<\/strong> \u2013 \u044d\u0442\u043e \u043d\u0435 \u0442\u043e\u043b\u044c\u043a\u043e \u044d\u0441\u0442\u0435\u0442\u0438\u0447\u043d\u044b\u0439, \u043d\u043e \u0438 \u0432\u044b\u0441\u043e\u043a\u043e\u0444\u0443\u043d\u043a\u0446\u0438\u043e\u043d\u0430\u043b\u044c\u043d\u044b\u0439 \u0438\u043d\u0441\u0442\u0440\u0443\u043c\u0435\u043d\u0442. \u0420\u0435\u0437\u043a\u0430 \u0432\u044b\u043f\u043e\u043b\u043d\u044f\u0435\u0442\u0441\u044f \u043b\u0451\u0433\u043a\u0438\u043c \u0441\u0436\u0430\u0442\u0438\u0435\u043c \u043f\u043e\u0434\u043f\u0440\u0443\u0436\u0438\u043d\u0435\u043d\u043d\u044b\u0445 \u0440\u0443\u043a\u043e\u044f\u0442\u043e\u043a \u0434\u0432\u0443\u043c\u044f \u043f\u0430\u043b\u044c\u0446\u0430\u043c\u0438. \u041d\u043e\u0436\u043d\u0438\u0446\u044b \u0438\u0437\u0433\u043e\u0442\u043e\u0432\u043b\u0435\u043d\u044b \u0438\u0437\u0432\u0435\u0441\u0442\u043d\u044b\u043c \u044f\u043f\u043e\u043d\u0441\u043a\u0438\u043c \u043f\u0440\u043e\u0438\u0437\u0432\u043e\u0434\u0438\u0442\u0435\u043b\u0435\u043c \u043d\u043e\u0436\u0435\u0439 <strong data-start=\"503\" data-end=\"523\">Hasegawa Cutlery<\/strong>.<br data-start=\"524\" data-end=\"527\" \/><strong data-start=\"527\" data-end=\"550\" data-is-only-node=\"\">\u0411\u0435\u043b\u044b\u0439 \u043a\u043e\u0436\u0430\u043d\u044b\u0439  \u0447\u0435\u0445\u043e\u043b<\/strong> \u0437\u0430\u0449\u0438\u0449\u0430\u0435\u0442 \u043b\u0435\u0437\u0432\u0438\u044f, \u0447\u0442\u043e \u0434\u0435\u043b\u0430\u0435\u0442 \u044d\u0442\u0438 \u043d\u043e\u0436\u043d\u0438\u0446\u044b \u0438\u0434\u0435\u0430\u043b\u044c\u043d\u044b\u043c\u0438 \u0434\u043b\u044f \u043f\u0443\u0442\u0435\u0448\u0435\u0441\u0442\u0432\u0443\u044e\u0449\u0438\u0445 \u043c\u0430\u0441\u0442\u0435\u0440\u043e\u0432. <strong data-start=\"636\" data-end=\"655\">\u0428\u0435\u043b\u043a\u043e\u0432\u0430\u044f  \u043a\u0438\u0441\u0442\u043e\u0447\u043a\u0430<\/strong>\u043e\u0431\u0435\u0441\u043f\u0435\u0447\u0438\u0432\u0430\u0435\u0442 \u044d\u043b\u0435\u0433\u0430\u043d\u0442\u043d\u044b\u0439, \u0437\u0430\u043a\u043e\u043d\u0447\u0435\u043d\u043d\u044b\u0439 \u0430\u043a\u0446\u0435\u043d\u0442.<\/p>\n<p data-start=\"699\" data-end=\"859\"><strong data-start=\"699\" data-end=\"715\">\u0418\u0437\u043c\u0435\u0440\u0435\u043d\u0438\u044f:<\/strong> \u0434\u043b\u0438\u043d\u0430 35 \u043c\u043c, \u0448\u0438\u0440\u0438\u043d\u0430 22 \u043c\u043c, \u0442\u043e\u043b\u0449\u0438\u043d\u0430 12 \u043c\u043c.<br data-start=\"756\" data-end=\"759\" \/><strong data-start=\"759\" data-end=\"773\">\u041c\u0430\u0442\u0435\u0440\u0438\u0430\u043b\u044b:<\/strong> \u041b\u0435\u0437\u0432\u0438\u0435 \u0438\u0437 \u043d\u0435\u0440\u0436\u0430\u0432\u0435\u044e\u0449\u0435\u0439 \u0441\u0442\u0430\u043b\u0438, \u043f\u043b\u0430\u0441\u0442\u0438\u043a\u043e\u0432\u044b\u0435 \u0440\u0443\u0447\u043a\u0438, \u043a\u043e\u0436\u0430\u043d\u044b\u0439 \u0447\u0435\u0445\u043e\u043b, \u0448\u0435\u043b\u043a\u043e\u0432\u0430\u044f \u043a\u0438\u0441\u0442\u043e\u0447\u043a\u0430.<\/p>\n<p data-start=\"861\" data-end=\"949\" data-is-last-node=\"\" data-is-only-node=\"\"><strong data-start=\"861\" data-end=\"873\">\u041f\u0440\u0438\u043c\u0435\u0447\u0430\u043d\u0438\u0435:<\/strong> \u0426\u0432\u0435\u0442\u043e\u0432\u044b\u0435 \u043e\u0442\u0442\u0435\u043d\u043a\u0438 \u043c\u043e\u0433\u0443\u0442 \u043d\u0435\u0437\u043d\u0430\u0447\u0438\u0442\u0435\u043b\u044c\u043d\u043e \u043e\u0442\u043b\u0438\u0447\u0430\u0442\u044c\u0441\u044f \u0432 \u0437\u0430\u0432\u0438\u0441\u0438\u043c\u043e\u0441\u0442\u0438 \u043e\u0442 \u044d\u043a\u0440\u0430\u043d\u0430 \u0432\u0430\u0448\u0435\u0433\u043e \u0443\u0441\u0442\u0440\u043e\u0439\u0441\u0442\u0432\u0430.<\/p>","protected":false},"excerpt":{"rendered":"<p>Riboto leidimo japoni\u0161ka kolekcija \u201eCohana\u201c skirta Kanzubaki \u2013 japoni\u0161kajai kamelijai, g\u0117lei, kuri vertinama d\u0117l ankstyvo \u017eyd\u0117jimo. Tai vienas pirm\u0173j\u0173 \u017eied\u0173, pra\u017eystan\u010di\u0173 \u017eiemos pabaigoje. Kolekcijos raudona spalva simbolizuoja kamelijos \u017eiedus, o balti akcentai \u2013 snieg\u0105. Mini \u017eirkl\u0117s \u201eSeki\u201c \u2013 tai ne tik esteti\u0161kas, bet ir itin funkcionalus \u012frankis. Kirpimas atliekamas \u0161velniai suspaud\u017eiant spyruoklines ranken\u0117les dviem pir\u0161tais. [&hellip;]<\/p>\n","protected":false},"featured_media":1312,"comment_status":"open","ping_status":"closed","template":"","meta":{"_acf_changed":false},"product_brand":[89],"product_cat":[15,20,90],"product_tag":[],"pro-kategorijos":[],"class_list":{"0":"post-1311","1":"product","2":"type-product","3":"status-publish","4":"has-post-thumbnail","6":"product_brand-cohana","7":"product_cat-visi-produktai","8":"product_cat-priedai-mezgimui","9":"product_cat-zirkles","11":"first","12":"outofstock","13":"shipping-taxable","14":"purchasable","15":"product-type-simple"},"acf":[],"yoast_head":"<!-- This site is optimized with the Yoast SEO plugin v26.8 - https:\/\/yoast.com\/product\/yoast-seo-wordpress\/ -->\n<title>Cohana Seki Kantsubaki Riboto leidimo mini \u017eirkl\u0117s - Happyinaknit.com<\/title>\n<meta name=\"robots\" content=\"index, follow, max-snippet:-1, max-image-preview:large, max-video-preview:-1\" \/>\n<link rel=\"canonical\" href=\"https:\/\/happyinaknit.com\/ru\/product\/mini-zirkles\/\" \/>\n<meta property=\"og:locale\" content=\"ru_RU\" \/>\n<meta property=\"og:type\" content=\"article\" \/>\n<meta property=\"og:title\" content=\"Cohana Seki Kantsubaki Riboto leidimo mini \u017eirkl\u0117s - Happyinaknit.com\" \/>\n<meta property=\"og:description\" content=\"Riboto leidimo japoni\u0161ka kolekcija \u201eCohana\u201c skirta Kanzubaki \u2013 japoni\u0161kajai kamelijai, g\u0117lei, kuri vertinama d\u0117l ankstyvo \u017eyd\u0117jimo. Tai vienas pirm\u0173j\u0173 \u017eied\u0173, pra\u017eystan\u010di\u0173 \u017eiemos pabaigoje. Kolekcijos raudona spalva simbolizuoja kamelijos \u017eiedus, o balti akcentai \u2013 snieg\u0105. Mini \u017eirkl\u0117s \u201eSeki\u201c \u2013 tai ne tik esteti\u0161kas, bet ir itin funkcionalus \u012frankis. Kirpimas atliekamas \u0161velniai suspaud\u017eiant spyruoklines ranken\u0117les dviem pir\u0161tais. [&hellip;]\" \/>\n<meta property=\"og:url\" content=\"https:\/\/happyinaknit.com\/ru\/product\/mini-zirkles\/\" \/>\n<meta property=\"og:site_name\" content=\"Happyinaknit.com\" \/>\n<meta property=\"article:modified_time\" content=\"2025-11-19T13:18:50+00:00\" \/>\n<meta property=\"og:image\" content=\"https:\/\/happyinaknit.com\/wp-content\/uploads\/2025\/09\/KantsubakiLimited.webp\" \/>\n\t<meta property=\"og:image:width\" content=\"1080\" \/>\n\t<meta property=\"og:image:height\" content=\"1080\" \/>\n\t<meta property=\"og:image:type\" content=\"image\/webp\" \/>\n<meta name=\"twitter:card\" content=\"summary_large_image\" \/>\n<meta name=\"twitter:label1\" content=\"\u041f\u0440\u0438\u043c\u0435\u0440\u043d\u043e\u0435 \u0432\u0440\u0435\u043c\u044f \u0434\u043b\u044f \u0447\u0442\u0435\u043d\u0438\u044f\" \/>\n\t<meta name=\"twitter:data1\" content=\"1 \u043c\u0438\u043d\u0443\u0442\u0430\" \/>\n<script type=\"application\/ld+json\" class=\"yoast-schema-graph\">{\"@context\":\"https:\/\/schema.org\",\"@graph\":[{\"@type\":\"WebPage\",\"@id\":\"https:\/\/happyinaknit.com\/produktas\/mini-zirkles\/\",\"url\":\"https:\/\/happyinaknit.com\/produktas\/mini-zirkles\/\",\"name\":\"Cohana Seki Kantsubaki Riboto leidimo mini \u017eirkl\u0117s - Happyinaknit.com\",\"isPartOf\":{\"@id\":\"https:\/\/happyinaknit.com\/lt\/#website\"},\"primaryImageOfPage\":{\"@id\":\"https:\/\/happyinaknit.com\/produktas\/mini-zirkles\/#primaryimage\"},\"image\":{\"@id\":\"https:\/\/happyinaknit.com\/produktas\/mini-zirkles\/#primaryimage\"},\"thumbnailUrl\":\"https:\/\/happyinaknit.com\/wp-content\/uploads\/2025\/09\/KantsubakiLimited.webp\",\"datePublished\":\"2025-09-19T06:11:28+00:00\",\"dateModified\":\"2025-11-19T13:18:50+00:00\",\"breadcrumb\":{\"@id\":\"https:\/\/happyinaknit.com\/produktas\/mini-zirkles\/#breadcrumb\"},\"inLanguage\":\"ru-RU\",\"potentialAction\":[{\"@type\":\"ReadAction\",\"target\":[\"https:\/\/happyinaknit.com\/produktas\/mini-zirkles\/\"]}]},{\"@type\":\"ImageObject\",\"inLanguage\":\"ru-RU\",\"@id\":\"https:\/\/happyinaknit.com\/produktas\/mini-zirkles\/#primaryimage\",\"url\":\"https:\/\/happyinaknit.com\/wp-content\/uploads\/2025\/09\/KantsubakiLimited.webp\",\"contentUrl\":\"https:\/\/happyinaknit.com\/wp-content\/uploads\/2025\/09\/KantsubakiLimited.webp\",\"width\":1080,\"height\":1080},{\"@type\":\"BreadcrumbList\",\"@id\":\"https:\/\/happyinaknit.com\/produktas\/mini-zirkles\/#breadcrumb\",\"itemListElement\":[{\"@type\":\"ListItem\",\"position\":1,\"name\":\"Home\",\"item\":\"https:\/\/happyinaknit.com\/lt\/\"},{\"@type\":\"ListItem\",\"position\":2,\"name\":\"Parduotuv\u0117\",\"item\":\"https:\/\/happyinaknit.com\/lt\/parduotuve\/\"},{\"@type\":\"ListItem\",\"position\":3,\"name\":\"Cohana Seki Kantsubaki Riboto leidimo mini \u017eirkl\u0117s\"}]},{\"@type\":\"WebSite\",\"@id\":\"https:\/\/happyinaknit.com\/lt\/#website\",\"url\":\"https:\/\/happyinaknit.com\/lt\/\",\"name\":\"Happyinaknit.com\",\"description\":\"\",\"potentialAction\":[{\"@type\":\"SearchAction\",\"target\":{\"@type\":\"EntryPoint\",\"urlTemplate\":\"https:\/\/happyinaknit.com\/lt\/?s={search_term_string}\"},\"query-input\":{\"@type\":\"PropertyValueSpecification\",\"valueRequired\":true,\"valueName\":\"search_term_string\"}}],\"inLanguage\":\"ru-RU\"}]}<\/script>\n<!-- \/ Yoast SEO plugin. -->","yoast_head_json":{"title":"Cohana Seki Kantsubaki Riboto leidimo mini \u017eirkl\u0117s - Happyinaknit.com","robots":{"index":"index","follow":"follow","max-snippet":"max-snippet:-1","max-image-preview":"max-image-preview:large","max-video-preview":"max-video-preview:-1"},"canonical":"https:\/\/happyinaknit.com\/ru\/product\/mini-zirkles\/","og_locale":"ru_RU","og_type":"article","og_title":"Cohana Seki Kantsubaki Riboto leidimo mini \u017eirkl\u0117s - Happyinaknit.com","og_description":"Riboto leidimo japoni\u0161ka kolekcija \u201eCohana\u201c skirta Kanzubaki \u2013 japoni\u0161kajai kamelijai, g\u0117lei, kuri vertinama d\u0117l ankstyvo \u017eyd\u0117jimo. Tai vienas pirm\u0173j\u0173 \u017eied\u0173, pra\u017eystan\u010di\u0173 \u017eiemos pabaigoje. Kolekcijos raudona spalva simbolizuoja kamelijos \u017eiedus, o balti akcentai \u2013 snieg\u0105. Mini \u017eirkl\u0117s \u201eSeki\u201c \u2013 tai ne tik esteti\u0161kas, bet ir itin funkcionalus \u012frankis. Kirpimas atliekamas \u0161velniai suspaud\u017eiant spyruoklines ranken\u0117les dviem pir\u0161tais. [&hellip;]","og_url":"https:\/\/happyinaknit.com\/ru\/product\/mini-zirkles\/","og_site_name":"Happyinaknit.com","article_modified_time":"2025-11-19T13:18:50+00:00","og_image":[{"width":1080,"height":1080,"url":"https:\/\/happyinaknit.com\/wp-content\/uploads\/2025\/09\/KantsubakiLimited.webp","type":"image\/webp"}],"twitter_card":"summary_large_image","twitter_misc":{"\u041f\u0440\u0438\u043c\u0435\u0440\u043d\u043e\u0435 \u0432\u0440\u0435\u043c\u044f \u0434\u043b\u044f \u0447\u0442\u0435\u043d\u0438\u044f":"1 \u043c\u0438\u043d\u0443\u0442\u0430"},"schema":{"@context":"https:\/\/schema.org","@graph":[{"@type":"WebPage","@id":"https:\/\/happyinaknit.com\/produktas\/mini-zirkles\/","url":"https:\/\/happyinaknit.com\/produktas\/mini-zirkles\/","name":"Cohana Seki Kantsubaki Riboto leidimo mini \u017eirkl\u0117s - Happyinaknit.com","isPartOf":{"@id":"https:\/\/happyinaknit.com\/lt\/#website"},"primaryImageOfPage":{"@id":"https:\/\/happyinaknit.com\/produktas\/mini-zirkles\/#primaryimage"},"image":{"@id":"https:\/\/happyinaknit.com\/produktas\/mini-zirkles\/#primaryimage"},"thumbnailUrl":"https:\/\/happyinaknit.com\/wp-content\/uploads\/2025\/09\/KantsubakiLimited.webp","datePublished":"2025-09-19T06:11:28+00:00","dateModified":"2025-11-19T13:18:50+00:00","breadcrumb":{"@id":"https:\/\/happyinaknit.com\/produktas\/mini-zirkles\/#breadcrumb"},"inLanguage":"ru-RU","potentialAction":[{"@type":"ReadAction","target":["https:\/\/happyinaknit.com\/produktas\/mini-zirkles\/"]}]},{"@type":"ImageObject","inLanguage":"ru-RU","@id":"https:\/\/happyinaknit.com\/produktas\/mini-zirkles\/#primaryimage","url":"https:\/\/happyinaknit.com\/wp-content\/uploads\/2025\/09\/KantsubakiLimited.webp","contentUrl":"https:\/\/happyinaknit.com\/wp-content\/uploads\/2025\/09\/KantsubakiLimited.webp","width":1080,"height":1080},{"@type":"BreadcrumbList","@id":"https:\/\/happyinaknit.com\/produktas\/mini-zirkles\/#breadcrumb","itemListElement":[{"@type":"ListItem","position":1,"name":"Home","item":"https:\/\/happyinaknit.com\/lt\/"},{"@type":"ListItem","position":2,"name":"Parduotuv\u0117","item":"https:\/\/happyinaknit.com\/lt\/parduotuve\/"},{"@type":"ListItem","position":3,"name":"Cohana Seki Kantsubaki Riboto leidimo mini \u017eirkl\u0117s"}]},{"@type":"WebSite","@id":"https:\/\/happyinaknit.com\/lt\/#website","url":"https:\/\/happyinaknit.com\/lt\/","name":"Happyinaknit.com","description":"","potentialAction":[{"@type":"SearchAction","target":{"@type":"EntryPoint","urlTemplate":"https:\/\/happyinaknit.com\/lt\/?s={search_term_string}"},"query-input":{"@type":"PropertyValueSpecification","valueRequired":true,"valueName":"search_term_string"}}],"inLanguage":"ru-RU"}]}},"_links":{"self":[{"href":"https:\/\/happyinaknit.com\/ru\/wp-json\/wp\/v2\/product\/1311","targetHints":{"allow":["GET"]}}],"collection":[{"href":"https:\/\/happyinaknit.com\/ru\/wp-json\/wp\/v2\/product"}],"about":[{"href":"https:\/\/happyinaknit.com\/ru\/wp-json\/wp\/v2\/types\/product"}],"replies":[{"embeddable":true,"href":"https:\/\/happyinaknit.com\/ru\/wp-json\/wp\/v2\/comments?post=1311"}],"wp:featuredmedia":[{"embeddable":true,"href":"https:\/\/happyinaknit.com\/ru\/wp-json\/wp\/v2\/media\/1312"}],"wp:attachment":[{"href":"https:\/\/happyinaknit.com\/ru\/wp-json\/wp\/v2\/media?parent=1311"}],"wp:term":[{"taxonomy":"product_brand","embeddable":true,"href":"https:\/\/happyinaknit.com\/ru\/wp-json\/wp\/v2\/product_brand?post=1311"},{"taxonomy":"product_cat","embeddable":true,"href":"https:\/\/happyinaknit.com\/ru\/wp-json\/wp\/v2\/product_cat?post=1311"},{"taxonomy":"product_tag","embeddable":true,"href":"https:\/\/happyinaknit.com\/ru\/wp-json\/wp\/v2\/product_tag?post=1311"},{"taxonomy":"pro-kategorijos","embeddable":true,"href":"https:\/\/happyinaknit.com\/ru\/wp-json\/wp\/v2\/pro-kategorijos?post=1311"}],"curies":[{"name":"wp","href":"https:\/\/api.w.org\/{rel}","templated":true}]}}