{"id":1304,"date":"2025-09-19T05:53:37","date_gmt":"2025-09-19T05:53:37","guid":{"rendered":"https:\/\/happyinaknit.com\/?post_type=product&#038;p=1304"},"modified":"2025-10-13T13:32:56","modified_gmt":"2025-10-13T13:32:56","slug":"magnetine-adatine-su-adatu-poliruokliu-geltona","status":"publish","type":"product","link":"https:\/\/happyinaknit.com\/ru\/product\/magnetine-adatine-su-adatu-poliruokliu-geltona\/","title":{"rendered":"Cohana \u043c\u0430\u0433\u043d\u0438\u0442\u043d\u0430\u044f \u0438\u0433\u043e\u043b\u044c\u043d\u0438\u0446\u0430 \u0441 \u043f\u043e\u043b\u0438\u0440\u043e\u0432\u043a\u043e\u0439 \u0434\u043b\u044f \u0438\u0433\u043b, \u0436\u0435\u043b\u0442\u0430\u044f"},"content":{"rendered":"<p data-start=\"0\" data-end=\"267\">\u042f\u043f\u043e\u043d\u0441\u043a\u0438\u0439 \u0431\u0440\u0435\u043d\u0434 <strong data-start=\"22\" data-end=\"32\">Cohana<\/strong> \u043f\u0440\u043e\u0438\u0437\u0432\u043e\u0434\u0438\u0442 \u043f\u0440\u043e\u0434\u0443\u043a\u0446\u0438\u044e, \u0432 \u043a\u043e\u0442\u043e\u0440\u043e\u0439 \u043a\u0430\u0447\u0435\u0441\u0442\u0432\u043e, \u0444\u0443\u043d\u043a\u0446\u0438\u043e\u043d\u0430\u043b\u044c\u043d\u043e\u0441\u0442\u044c \u0438 \u0434\u0438\u0437\u0430\u0439\u043d \u0438\u0433\u0440\u0430\u044e\u0442 \u0432\u0430\u0436\u043d\u0435\u0439\u0448\u0443\u044e \u0440\u043e\u043b\u044c. \u0412\u0441\u044f \u043f\u0440\u043e\u0434\u0443\u043a\u0446\u0438\u044f \u0438\u0437\u0433\u043e\u0442\u0430\u0432\u043b\u0438\u0432\u0430\u0435\u0442\u0441\u044f \u0442\u0440\u0430\u0434\u0438\u0446\u0438\u043e\u043d\u043d\u044b\u043c\u0438 \u043c\u0435\u0442\u043e\u0434\u0430\u043c\u0438 \u0432 \u0441\u043e\u0442\u0440\u0443\u0434\u043d\u0438\u0447\u0435\u0441\u0442\u0432\u0435 \u0441 \u043b\u0443\u0447\u0448\u0438\u043c\u0438 \u043c\u0430\u0441\u0442\u0435\u0440\u0430\u043c\u0438 \u0441\u0442\u0440\u0430\u043d\u044b, \u0441 \u0438\u0441\u043f\u043e\u043b\u044c\u0437\u043e\u0432\u0430\u043d\u0438\u0435\u043c \u043c\u0430\u043a\u0441\u0438\u043c\u0430\u043b\u044c\u043d\u043e \u0432\u043e\u0437\u043c\u043e\u0436\u043d\u043e\u0433\u043e \u043a\u043e\u043b\u0438\u0447\u0435\u0441\u0442\u0432\u0430 \u044d\u043a\u043e\u043b\u043e\u0433\u0438\u0447\u0435\u0441\u043a\u0438 \u0447\u0438\u0441\u0442\u044b\u0445 \u043c\u0430\u0442\u0435\u0440\u0438\u0430\u043b\u043e\u0432 \u0438 \u0441\u044b\u0440\u044c\u044f.<\/p>\n<p data-start=\"269\" data-end=\"661\">\u042d\u0442\u043e \u043f\u043e\u0442\u0440\u044f\u0441\u0430\u044e\u0449\u0435\u0435 <strong data-start=\"281\" data-end=\"325\">\u0441\u043e\u0447\u0435\u0442\u0430\u043d\u0438\u0435 \u043c\u0430\u0433\u043d\u0438\u0442\u043d\u043e\u0433\u043e  \u0434\u0435\u0440\u0436\u0430\u0442\u0435\u043b\u044f \u0434\u043b\u044f \u0438\u0433\u043b \u0438 \u043f\u043e\u043b\u0438\u0440\u043e\u0432\u043a\u0438<\/strong> \u0431\u0440\u0435\u043d\u0434\u0430 <strong data-start=\"341\" data-end=\"351\">Cohana<\/strong> \u0441\u0442\u0430\u043d\u0435\u0442 \u043f\u0440\u0435\u043a\u0440\u0430\u0441\u043d\u044b\u043c \u0434\u043e\u043f\u043e\u043b\u043d\u0435\u043d\u0438\u0435\u043c \u043a \u0432\u0430\u0448\u0435\u0439 \u043a\u043e\u043b\u043b\u0435\u043a\u0446\u0438\u0438 \u0440\u0443\u043a\u043e\u0434\u0435\u043b\u0438\u044f. \u0418\u0437\u0433\u043e\u0442\u043e\u0432\u043b\u0435\u043d \u043f\u043e\u043b\u043d\u043e\u0441\u0442\u044c\u044e \u0432\u0440\u0443\u0447\u043d\u0443\u044e \u2014 \u0438\u0437 \u043a\u0435\u0440\u0430\u043c\u0438\u043a\u0438 \u0438 \u0443\u043a\u0440\u0430\u0448\u0435\u043d \u0446\u0432\u0435\u0442\u043e\u0447\u043d\u044b\u043c \u043c\u043e\u0442\u0438\u0432\u043e\u043c \u043f\u043e \u044d\u0441\u043a\u0438\u0437\u0443 <strong data-start=\"481\" data-end=\"497\">Awaji Kawara<\/strong> \u0422\u0440\u0430\u0434\u0438\u0446\u0438\u044f \u043f\u0440\u043e\u0438\u0437\u0432\u043e\u0434\u0441\u0442\u0432\u0430 \u043a\u0435\u0440\u0430\u043c\u0438\u0447\u0435\u0441\u043a\u043e\u0439 \u043f\u043b\u0438\u0442\u043a\u0438 \u0432\u043e\u0441\u0445\u043e\u0434\u0438\u0442 \u043a XVII \u0432\u0435\u043a\u0443. \u041a\u0430\u0436\u0434\u043e\u0435 \u0438\u0437\u0434\u0435\u043b\u0438\u0435 \u0443\u043d\u0438\u043a\u0430\u043b\u044c\u043d\u043e \u2014 \u0440\u0430\u0437\u043d\u043e\u043e\u0431\u0440\u0430\u0437\u0438\u0435 \u043e\u0442\u0442\u0435\u043d\u043a\u043e\u0432 \u0433\u043b\u0430\u0437\u0443\u0440\u0438 \u043f\u0440\u0438\u0434\u0430\u0451\u0442 \u043a\u0430\u0436\u0434\u043e\u0439 \u0434\u0435\u0442\u0430\u043b\u0438 \u043d\u0435\u043f\u043e\u0432\u0442\u043e\u0440\u0438\u043c\u044b\u0439 \u0445\u0430\u0440\u0430\u043a\u0442\u0435\u0440.<\/p>\n<p data-start=\"663\" data-end=\"1041\">\u042d\u0442\u043e \u0438\u0437\u0434\u0435\u043b\u0438\u0435 \u043d\u0435 \u0442\u043e\u043b\u044c\u043a\u043e \u044d\u0441\u0442\u0435\u0442\u0438\u0447\u043d\u043e, \u043d\u043e \u0438 \u0432\u044b\u0441\u043e\u043a\u043e\u0444\u0443\u043d\u043a\u0446\u0438\u043e\u043d\u0430\u043b\u044c\u043d\u043e. \u0411\u043b\u0430\u0433\u043e\u0434\u0430\u0440\u044f \u0432\u0441\u0442\u0440\u043e\u0435\u043d\u043d\u043e\u043c\u0443 \u043c\u0430\u0433\u043d\u0438\u0442\u0443 \u043e\u043d\u043e \u043d\u0430\u0434\u0435\u0436\u043d\u043e \u0443\u0434\u0435\u0440\u0436\u0438\u0432\u0430\u0435\u0442 \u0441\u043f\u0438\u0446\u044b \u0432\u043e \u0432\u0440\u0435\u043c\u044f \u0440\u0430\u0431\u043e\u0442\u044b, \u0430 \u0434\u043e\u043f\u043e\u043b\u043d\u0438\u0442\u0435\u043b\u044c\u043d\u0430\u044f \u0444\u0443\u043d\u043a\u0446\u0438\u044f \u043f\u043e\u0437\u0432\u043e\u043b\u044f\u0435\u0442 <strong data-start=\"812\" data-end=\"843\">\u043f\u043e\u043b\u0438\u0440\u043e\u0432\u0430\u0442\u044c \u0438 \u0437\u0430\u0442\u0430\u0447\u0438\u0432\u0430\u0442\u044c \u0438\u0433\u043b\u044b.<\/strong>\u041f\u043e\u043b\u0438\u0440\u043e\u0432\u0430\u043d\u043d\u044b\u0435 \u0438\u0433\u043b\u044b \u043b\u0443\u0447\u0448\u0435 \u0441\u043a\u043e\u043b\u044c\u0437\u044f\u0442 \u043f\u043e \u0442\u043a\u0430\u043d\u0438 \u0438 \u043e\u0431\u043b\u0435\u0433\u0447\u0430\u044e\u0442 \u0448\u0438\u0442\u044c\u0435. \u0427\u0442\u043e\u0431\u044b \u0438\u0441\u043f\u043e\u043b\u044c\u0437\u043e\u0432\u0430\u0442\u044c \u043f\u043e\u043b\u0438\u0440\u043e\u0432\u043e\u0447\u043d\u0443\u044e \u0438\u0433\u043b\u0443, \u043f\u0440\u043e\u0441\u0442\u043e \u0432\u0441\u0442\u0430\u0432\u044c\u0442\u0435 \u0435\u0451 \u0432 \u0431\u043e\u043a\u043e\u0432\u043e\u0435 \u043e\u0442\u0432\u0435\u0440\u0441\u0442\u0438\u0435 \u0438 \u043c\u0435\u0434\u043b\u0435\u043d\u043d\u043e \u0432\u044b\u0442\u044f\u043d\u0438\u0442\u0435, \u0441\u043b\u0435\u0433\u043a\u0430 \u043d\u0430\u0434\u0430\u0432\u043b\u0438\u0432\u0430\u044f \u043d\u0430 \u043d\u0438\u0436\u043d\u044e\u044e \u0447\u0430\u0441\u0442\u044c.<\/p>\n<p data-start=\"1043\" data-end=\"1101\" data-is-last-node=\"\" data-is-only-node=\"\">\u0414\u0438\u0430\u043c\u0435\u0442\u0440 \u0438\u0433\u043b\u043e\u0434\u0435\u0440\u0436\u0430\u0442\u0435\u043b\u044f \u2013 <strong data-start=\"1070\" data-end=\"1079\">40 \u043c\u043c<\/strong>, \u0432\u044b\u0441\u043e\u0442\u0430 - <strong data-start=\"1091\" data-end=\"1100\">17 \u043c\u043c<\/strong>.<\/p>","protected":false},"excerpt":{"rendered":"<p>Japon\u0173 prek\u0117s \u017eenklas Cohana si\u016blo gaminius, kuriuose svarbiausia \u2013 kokyb\u0117, funkcionalumas ir dizainas. Visi j\u0173 produktai gaminami tradiciniais metodais, bendradarbiaujant su geriausiais \u0161alies meistrais ir naudojant kuo daugiau ekologi\u0161k\u0173 med\u017eiag\u0173 bei \u017ealiav\u0173. \u0160i nuostabi magnetin\u0117 adat\u0173 laikiklio ir poliruoklio kombinacija i\u0161 Cohana taps puikiu j\u016bs\u0173 rankdarbi\u0173 rinkinio papildymu. Ji visi\u0161kai rank\u0173 darbo \u2013 pagaminta i\u0161 [&hellip;]<\/p>\n","protected":false},"featured_media":4597,"comment_status":"open","ping_status":"closed","template":"","meta":{"_acf_changed":false},"product_brand":[89],"product_cat":[15,1080,52,20],"product_tag":[],"pro-kategorijos":[],"class_list":{"0":"post-1304","1":"product","2":"type-product","3":"status-publish","4":"has-post-thumbnail","6":"product_brand-cohana","7":"product_cat-visi-produktai","8":"product_cat-adatos","9":"product_cat-kiti-mezgimo-reikmenys","10":"product_cat-priedai-mezgimui","12":"first","13":"instock","14":"shipping-taxable","15":"purchasable","16":"product-type-simple"},"acf":[],"yoast_head":"<!-- This site is optimized with the Yoast SEO plugin v26.8 - https:\/\/yoast.com\/product\/yoast-seo-wordpress\/ -->\n<title>Cohana magnetin\u0117 adatin\u0117 su adat\u0173 poliruokliu, geltona - Happyinaknit.com<\/title>\n<meta name=\"robots\" content=\"index, follow, max-snippet:-1, max-image-preview:large, max-video-preview:-1\" \/>\n<link rel=\"canonical\" href=\"https:\/\/happyinaknit.com\/ru\/product\/magnetine-adatine-su-adatu-poliruokliu-geltona\/\" \/>\n<meta property=\"og:locale\" content=\"ru_RU\" \/>\n<meta property=\"og:type\" content=\"article\" \/>\n<meta property=\"og:title\" content=\"Cohana magnetin\u0117 adatin\u0117 su adat\u0173 poliruokliu, geltona - Happyinaknit.com\" \/>\n<meta property=\"og:description\" content=\"Japon\u0173 prek\u0117s \u017eenklas Cohana si\u016blo gaminius, kuriuose svarbiausia \u2013 kokyb\u0117, funkcionalumas ir dizainas. Visi j\u0173 produktai gaminami tradiciniais metodais, bendradarbiaujant su geriausiais \u0161alies meistrais ir naudojant kuo daugiau ekologi\u0161k\u0173 med\u017eiag\u0173 bei \u017ealiav\u0173. \u0160i nuostabi magnetin\u0117 adat\u0173 laikiklio ir poliruoklio kombinacija i\u0161 Cohana taps puikiu j\u016bs\u0173 rankdarbi\u0173 rinkinio papildymu. Ji visi\u0161kai rank\u0173 darbo \u2013 pagaminta i\u0161 [&hellip;]\" \/>\n<meta property=\"og:url\" content=\"https:\/\/happyinaknit.com\/ru\/product\/magnetine-adatine-su-adatu-poliruokliu-geltona\/\" \/>\n<meta property=\"og:site_name\" content=\"Happyinaknit.com\" \/>\n<meta property=\"article:modified_time\" content=\"2025-10-13T13:32:56+00:00\" \/>\n<meta property=\"og:image\" content=\"https:\/\/happyinaknit.com\/wp-content\/uploads\/2025\/09\/IMG_9335.jpg\" \/>\n\t<meta property=\"og:image:width\" content=\"1320\" \/>\n\t<meta property=\"og:image:height\" content=\"1389\" \/>\n\t<meta property=\"og:image:type\" content=\"image\/jpeg\" \/>\n<meta name=\"twitter:card\" content=\"summary_large_image\" \/>\n<meta name=\"twitter:label1\" content=\"\u041f\u0440\u0438\u043c\u0435\u0440\u043d\u043e\u0435 \u0432\u0440\u0435\u043c\u044f \u0434\u043b\u044f \u0447\u0442\u0435\u043d\u0438\u044f\" \/>\n\t<meta name=\"twitter:data1\" content=\"1 \u043c\u0438\u043d\u0443\u0442\u0430\" \/>\n<script type=\"application\/ld+json\" class=\"yoast-schema-graph\">{\"@context\":\"https:\/\/schema.org\",\"@graph\":[{\"@type\":\"WebPage\",\"@id\":\"https:\/\/happyinaknit.com\/produktas\/magnetine-adatine-su-adatu-poliruokliu-geltona\/\",\"url\":\"https:\/\/happyinaknit.com\/produktas\/magnetine-adatine-su-adatu-poliruokliu-geltona\/\",\"name\":\"Cohana magnetin\u0117 adatin\u0117 su adat\u0173 poliruokliu, geltona - Happyinaknit.com\",\"isPartOf\":{\"@id\":\"https:\/\/happyinaknit.com\/lt\/#website\"},\"primaryImageOfPage\":{\"@id\":\"https:\/\/happyinaknit.com\/produktas\/magnetine-adatine-su-adatu-poliruokliu-geltona\/#primaryimage\"},\"image\":{\"@id\":\"https:\/\/happyinaknit.com\/produktas\/magnetine-adatine-su-adatu-poliruokliu-geltona\/#primaryimage\"},\"thumbnailUrl\":\"https:\/\/happyinaknit.com\/wp-content\/uploads\/2025\/09\/IMG_9335.jpg\",\"datePublished\":\"2025-09-19T05:53:37+00:00\",\"dateModified\":\"2025-10-13T13:32:56+00:00\",\"breadcrumb\":{\"@id\":\"https:\/\/happyinaknit.com\/produktas\/magnetine-adatine-su-adatu-poliruokliu-geltona\/#breadcrumb\"},\"inLanguage\":\"ru-RU\",\"potentialAction\":[{\"@type\":\"ReadAction\",\"target\":[\"https:\/\/happyinaknit.com\/produktas\/magnetine-adatine-su-adatu-poliruokliu-geltona\/\"]}]},{\"@type\":\"ImageObject\",\"inLanguage\":\"ru-RU\",\"@id\":\"https:\/\/happyinaknit.com\/produktas\/magnetine-adatine-su-adatu-poliruokliu-geltona\/#primaryimage\",\"url\":\"https:\/\/happyinaknit.com\/wp-content\/uploads\/2025\/09\/IMG_9335.jpg\",\"contentUrl\":\"https:\/\/happyinaknit.com\/wp-content\/uploads\/2025\/09\/IMG_9335.jpg\",\"width\":1320,\"height\":1389},{\"@type\":\"BreadcrumbList\",\"@id\":\"https:\/\/happyinaknit.com\/produktas\/magnetine-adatine-su-adatu-poliruokliu-geltona\/#breadcrumb\",\"itemListElement\":[{\"@type\":\"ListItem\",\"position\":1,\"name\":\"Home\",\"item\":\"https:\/\/happyinaknit.com\/lt\/\"},{\"@type\":\"ListItem\",\"position\":2,\"name\":\"Parduotuv\u0117\",\"item\":\"https:\/\/happyinaknit.com\/lt\/parduotuve\/\"},{\"@type\":\"ListItem\",\"position\":3,\"name\":\"Cohana magnetin\u0117 adatin\u0117 su adat\u0173 poliruokliu, geltona\"}]},{\"@type\":\"WebSite\",\"@id\":\"https:\/\/happyinaknit.com\/lt\/#website\",\"url\":\"https:\/\/happyinaknit.com\/lt\/\",\"name\":\"Happyinaknit.com\",\"description\":\"\",\"potentialAction\":[{\"@type\":\"SearchAction\",\"target\":{\"@type\":\"EntryPoint\",\"urlTemplate\":\"https:\/\/happyinaknit.com\/lt\/?s={search_term_string}\"},\"query-input\":{\"@type\":\"PropertyValueSpecification\",\"valueRequired\":true,\"valueName\":\"search_term_string\"}}],\"inLanguage\":\"ru-RU\"}]}<\/script>\n<!-- \/ Yoast SEO plugin. -->","yoast_head_json":{"title":"Cohana magnetin\u0117 adatin\u0117 su adat\u0173 poliruokliu, geltona - Happyinaknit.com","robots":{"index":"index","follow":"follow","max-snippet":"max-snippet:-1","max-image-preview":"max-image-preview:large","max-video-preview":"max-video-preview:-1"},"canonical":"https:\/\/happyinaknit.com\/ru\/product\/magnetine-adatine-su-adatu-poliruokliu-geltona\/","og_locale":"ru_RU","og_type":"article","og_title":"Cohana magnetin\u0117 adatin\u0117 su adat\u0173 poliruokliu, geltona - Happyinaknit.com","og_description":"Japon\u0173 prek\u0117s \u017eenklas Cohana si\u016blo gaminius, kuriuose svarbiausia \u2013 kokyb\u0117, funkcionalumas ir dizainas. Visi j\u0173 produktai gaminami tradiciniais metodais, bendradarbiaujant su geriausiais \u0161alies meistrais ir naudojant kuo daugiau ekologi\u0161k\u0173 med\u017eiag\u0173 bei \u017ealiav\u0173. \u0160i nuostabi magnetin\u0117 adat\u0173 laikiklio ir poliruoklio kombinacija i\u0161 Cohana taps puikiu j\u016bs\u0173 rankdarbi\u0173 rinkinio papildymu. Ji visi\u0161kai rank\u0173 darbo \u2013 pagaminta i\u0161 [&hellip;]","og_url":"https:\/\/happyinaknit.com\/ru\/product\/magnetine-adatine-su-adatu-poliruokliu-geltona\/","og_site_name":"Happyinaknit.com","article_modified_time":"2025-10-13T13:32:56+00:00","og_image":[{"width":1320,"height":1389,"url":"https:\/\/happyinaknit.com\/wp-content\/uploads\/2025\/09\/IMG_9335.jpg","type":"image\/jpeg"}],"twitter_card":"summary_large_image","twitter_misc":{"\u041f\u0440\u0438\u043c\u0435\u0440\u043d\u043e\u0435 \u0432\u0440\u0435\u043c\u044f \u0434\u043b\u044f \u0447\u0442\u0435\u043d\u0438\u044f":"1 \u043c\u0438\u043d\u0443\u0442\u0430"},"schema":{"@context":"https:\/\/schema.org","@graph":[{"@type":"WebPage","@id":"https:\/\/happyinaknit.com\/produktas\/magnetine-adatine-su-adatu-poliruokliu-geltona\/","url":"https:\/\/happyinaknit.com\/produktas\/magnetine-adatine-su-adatu-poliruokliu-geltona\/","name":"Cohana magnetin\u0117 adatin\u0117 su adat\u0173 poliruokliu, geltona - Happyinaknit.com","isPartOf":{"@id":"https:\/\/happyinaknit.com\/lt\/#website"},"primaryImageOfPage":{"@id":"https:\/\/happyinaknit.com\/produktas\/magnetine-adatine-su-adatu-poliruokliu-geltona\/#primaryimage"},"image":{"@id":"https:\/\/happyinaknit.com\/produktas\/magnetine-adatine-su-adatu-poliruokliu-geltona\/#primaryimage"},"thumbnailUrl":"https:\/\/happyinaknit.com\/wp-content\/uploads\/2025\/09\/IMG_9335.jpg","datePublished":"2025-09-19T05:53:37+00:00","dateModified":"2025-10-13T13:32:56+00:00","breadcrumb":{"@id":"https:\/\/happyinaknit.com\/produktas\/magnetine-adatine-su-adatu-poliruokliu-geltona\/#breadcrumb"},"inLanguage":"ru-RU","potentialAction":[{"@type":"ReadAction","target":["https:\/\/happyinaknit.com\/produktas\/magnetine-adatine-su-adatu-poliruokliu-geltona\/"]}]},{"@type":"ImageObject","inLanguage":"ru-RU","@id":"https:\/\/happyinaknit.com\/produktas\/magnetine-adatine-su-adatu-poliruokliu-geltona\/#primaryimage","url":"https:\/\/happyinaknit.com\/wp-content\/uploads\/2025\/09\/IMG_9335.jpg","contentUrl":"https:\/\/happyinaknit.com\/wp-content\/uploads\/2025\/09\/IMG_9335.jpg","width":1320,"height":1389},{"@type":"BreadcrumbList","@id":"https:\/\/happyinaknit.com\/produktas\/magnetine-adatine-su-adatu-poliruokliu-geltona\/#breadcrumb","itemListElement":[{"@type":"ListItem","position":1,"name":"Home","item":"https:\/\/happyinaknit.com\/lt\/"},{"@type":"ListItem","position":2,"name":"Parduotuv\u0117","item":"https:\/\/happyinaknit.com\/lt\/parduotuve\/"},{"@type":"ListItem","position":3,"name":"Cohana magnetin\u0117 adatin\u0117 su adat\u0173 poliruokliu, geltona"}]},{"@type":"WebSite","@id":"https:\/\/happyinaknit.com\/lt\/#website","url":"https:\/\/happyinaknit.com\/lt\/","name":"Happyinaknit.com","description":"","potentialAction":[{"@type":"SearchAction","target":{"@type":"EntryPoint","urlTemplate":"https:\/\/happyinaknit.com\/lt\/?s={search_term_string}"},"query-input":{"@type":"PropertyValueSpecification","valueRequired":true,"valueName":"search_term_string"}}],"inLanguage":"ru-RU"}]}},"_links":{"self":[{"href":"https:\/\/happyinaknit.com\/ru\/wp-json\/wp\/v2\/product\/1304","targetHints":{"allow":["GET"]}}],"collection":[{"href":"https:\/\/happyinaknit.com\/ru\/wp-json\/wp\/v2\/product"}],"about":[{"href":"https:\/\/happyinaknit.com\/ru\/wp-json\/wp\/v2\/types\/product"}],"replies":[{"embeddable":true,"href":"https:\/\/happyinaknit.com\/ru\/wp-json\/wp\/v2\/comments?post=1304"}],"wp:featuredmedia":[{"embeddable":true,"href":"https:\/\/happyinaknit.com\/ru\/wp-json\/wp\/v2\/media\/4597"}],"wp:attachment":[{"href":"https:\/\/happyinaknit.com\/ru\/wp-json\/wp\/v2\/media?parent=1304"}],"wp:term":[{"taxonomy":"product_brand","embeddable":true,"href":"https:\/\/happyinaknit.com\/ru\/wp-json\/wp\/v2\/product_brand?post=1304"},{"taxonomy":"product_cat","embeddable":true,"href":"https:\/\/happyinaknit.com\/ru\/wp-json\/wp\/v2\/product_cat?post=1304"},{"taxonomy":"product_tag","embeddable":true,"href":"https:\/\/happyinaknit.com\/ru\/wp-json\/wp\/v2\/product_tag?post=1304"},{"taxonomy":"pro-kategorijos","embeddable":true,"href":"https:\/\/happyinaknit.com\/ru\/wp-json\/wp\/v2\/pro-kategorijos?post=1304"}],"curies":[{"name":"wp","href":"https:\/\/api.w.org\/{rel}","templated":true}]}}