{"id":1295,"date":"2025-09-19T05:45:02","date_gmt":"2025-09-19T05:45:02","guid":{"rendered":"https:\/\/happyinaknit.com\/?post_type=product&#038;p=1295"},"modified":"2025-10-13T13:34:06","modified_gmt":"2025-10-13T13:34:06","slug":"magnetine-adatine-su-adatu-poliruokliu-melyna","status":"publish","type":"product","link":"https:\/\/happyinaknit.com\/ru\/product\/magnetine-adatine-su-adatu-poliruokliu-melyna\/","title":{"rendered":"Cohana \u043c\u0430\u0433\u043d\u0438\u0442\u043d\u0430\u044f \u0438\u0433\u043e\u043b\u044c\u043d\u0438\u0446\u0430\u0441 \u043f\u043e\u043b\u0438\u0440\u043e\u0432\u043a\u043e\u0439 \u0434\u043b\u044f \u0438\u0433\u043b, \u0441\u0438\u043d\u044f\u044f"},"content":{"rendered":"<p><span data-sheets-root=\"1\">\u042f\u043f\u043e\u043d\u0441\u043a\u0438\u0439 \u0431\u0440\u0435\u043d\u0434 Cohana \u043f\u0440\u0435\u0434\u043b\u0430\u0433\u0430\u0435\u0442 \u043f\u0440\u043e\u0434\u0443\u043a\u0446\u0438\u044e, \u0432 \u043a\u043e\u0442\u043e\u0440\u043e\u0439 \u043a\u0430\u0447\u0435\u0441\u0442\u0432\u043e, \u0444\u0443\u043d\u043a\u0446\u0438\u043e\u043d\u0430\u043b\u044c\u043d\u043e\u0441\u0442\u044c \u0438 \u0434\u0438\u0437\u0430\u0439\u043d \u0438\u0433\u0440\u0430\u044e\u0442 \u043f\u0435\u0440\u0432\u043e\u0441\u0442\u0435\u043f\u0435\u043d\u043d\u0443\u044e \u0440\u043e\u043b\u044c. \u0412\u0441\u044f \u043f\u0440\u043e\u0434\u0443\u043a\u0446\u0438\u044f \u043f\u0440\u043e\u0438\u0437\u0432\u043e\u0434\u0438\u0442\u0441\u044f \u0442\u0440\u0430\u0434\u0438\u0446\u0438\u043e\u043d\u043d\u044b\u043c \u0441\u043f\u043e\u0441\u043e\u0431\u043e\u043c \u0432 \u0441\u043e\u0442\u0440\u0443\u0434\u043d\u0438\u0447\u0435\u0441\u0442\u0432\u0435 \u0441 \u043b\u0443\u0447\u0448\u0438\u043c\u0438 \u043a\u043e\u043c\u043f\u0430\u043d\u0438\u044f\u043c\u0438 \u0441\u0442\u0440\u0430\u043d\u044b, \u0441 \u0438\u0441\u043f\u043e\u043b\u044c\u0437\u043e\u0432\u0430\u043d\u0438\u0435\u043c \u043c\u0430\u043a\u0441\u0438\u043c\u0430\u043b\u044c\u043d\u043e \u044d\u043a\u043e\u043b\u043e\u0433\u0438\u0447\u043d\u044b\u0445 \u043c\u0430\u0442\u0435\u0440\u0438\u0430\u043b\u043e\u0432 \u0438 \u0441\u044b\u0440\u044c\u044f.<br \/>\n\u042d\u0442\u0430 \u043a\u0440\u0430\u0441\u0438\u0432\u0430\u044f \u043c\u0430\u0433\u043d\u0438\u0442\u043d\u0430\u044f \u0438\u0433\u043e\u043b\u044c\u043d\u0438\u0446\u0430 \u0441 \u0444\u0443\u043d\u043a\u0446\u0438\u0435\u0439 \u043f\u043e\u043b\u0438\u0440\u043e\u0432\u043a\u0438 \u0438\u0433\u043b \u043e\u0442 Cohana \u0441\u0442\u0430\u043d\u0435\u0442 \u043f\u0440\u0435\u043a\u0440\u0430\u0441\u043d\u044b\u043c \u0434\u043e\u043f\u043e\u043b\u043d\u0435\u043d\u0438\u0435\u043c \u043a \u0432\u0430\u0448\u0435\u043c\u0443 \u043d\u0430\u0431\u043e\u0440\u0443 \u0434\u043b\u044f \u0440\u0443\u043a\u043e\u0434\u0435\u043b\u0438\u044f. \u041e\u043d\u0430 \u043f\u043e\u043b\u043d\u043e\u0441\u0442\u044c\u044e \u0438\u0437\u0433\u043e\u0442\u043e\u0432\u043b\u0435\u043d\u0430 \u0432\u0440\u0443\u0447\u043d\u0443\u044e: \u0438\u0437\u0433\u043e\u0442\u043e\u0432\u043b\u0435\u043d\u0430 \u0438\u0437 \u043a\u0435\u0440\u0430\u043c\u0438\u043a\u0438 \u0438 \u0443\u043a\u0440\u0430\u0448\u0435\u043d\u0430 \u0446\u0432\u0435\u0442\u043e\u0447\u043d\u044b\u043c \u043c\u043e\u0442\u0438\u0432\u043e\u043c \u0432 \u0441\u0442\u0438\u043b\u0435 \u043a\u0435\u0440\u0430\u043c\u0438\u0447\u0435\u0441\u043a\u043e\u0439 \u043a\u0440\u043e\u0432\u043b\u0438 \u0410\u0432\u0430\u0434\u0437\u0438 \u041a\u0430\u0432\u0430\u0440\u0430, \u0431\u0435\u0440\u0443\u0449\u0435\u0439 \u043d\u0430\u0447\u0430\u043b\u043e \u0432 XVII \u0432\u0435\u043a\u0435. \u041a\u0430\u0436\u0434\u0430\u044f \u0438\u0433\u043e\u043b\u044c\u043d\u0438\u0446\u0430 \u0441\u043e\u0432\u0435\u0440\u0448\u0435\u043d\u043d\u043e \u0443\u043d\u0438\u043a\u0430\u043b\u044c\u043d\u0430 \u2014 \u0440\u0430\u0437\u043d\u043e\u043e\u0431\u0440\u0430\u0437\u0438\u0435 \u0446\u0432\u0435\u0442\u043e\u0432 \u0433\u043b\u0430\u0437\u0443\u0440\u0438 \u0434\u0435\u043b\u0430\u0435\u0442 \u043a\u0430\u0436\u0434\u043e\u0435 \u0438\u0437\u0434\u0435\u043b\u0438\u0435 \u043d\u0435\u043f\u043e\u0432\u0442\u043e\u0440\u0438\u043c\u044b\u043c.<\/span><\/p>\n<p>\u042d\u0442\u043e\u0442 \u043f\u0440\u043e\u0434\u0443\u043a\u0442 \u0442\u0430\u043a\u0436\u0435 \u0447\u0440\u0435\u0437\u0432\u044b\u0447\u0430\u0439\u043d\u043e \u0444\u0443\u043d\u043a\u0446\u0438\u043e\u043d\u0430\u043b\u0435\u043d. \u0411\u043b\u0430\u0433\u043e\u0434\u0430\u0440\u044f \u0432\u0441\u0442\u0440\u043e\u0435\u043d\u043d\u043e\u043c\u0443 \u043c\u0430\u0433\u043d\u0438\u0442\u0443 \u043e\u043d \u043d\u0435 \u0442\u043e\u043b\u044c\u043a\u043e \u043d\u0430\u0434\u0435\u0436\u043d\u043e \u0443\u0434\u0435\u0440\u0436\u0438\u0432\u0430\u0435\u0442 \u0438\u0433\u043b\u044b \u0432\u043e \u0432\u0440\u0435\u043c\u044f \u0440\u0430\u0431\u043e\u0442\u044b, \u043d\u043e \u0438 \u0441\u043b\u0443\u0436\u0438\u0442 \u0443\u0434\u043e\u0431\u043d\u044b\u043c \u0438\u043d\u0441\u0442\u0440\u0443\u043c\u0435\u043d\u0442\u043e\u043c \u0434\u043b\u044f \u043f\u043e\u043b\u0438\u0440\u043e\u0432\u043a\u0438 \u0438 \u0437\u0430\u0442\u043e\u0447\u043a\u0438 \u0438\u0433\u043b. \u041f\u043e\u043b\u0438\u0440\u043e\u0432\u0430\u043d\u043d\u044b\u0435 \u0438\u0433\u043b\u044b \u0433\u043e\u0440\u0430\u0437\u0434\u043e \u043b\u0443\u0447\u0448\u0435 \u0441\u043a\u043e\u043b\u044c\u0437\u044f\u0442 \u043f\u043e \u0440\u0430\u0437\u043b\u0438\u0447\u043d\u044b\u043c \u0442\u0438\u043f\u0430\u043c \u0442\u043a\u0430\u043d\u0435\u0439. \u0427\u0442\u043e\u0431\u044b \u0438\u0441\u043f\u043e\u043b\u044c\u0437\u043e\u0432\u0430\u0442\u044c \u043f\u043e\u043b\u0438\u0440\u043e\u0432\u0430\u043b\u044c\u043d\u044b\u0439 \u0438\u043d\u0441\u0442\u0440\u0443\u043c\u0435\u043d\u0442, \u043f\u0440\u043e\u0441\u0442\u043e \u0432\u0441\u0442\u0430\u0432\u044c\u0442\u0435 \u043d\u0443\u0436\u043d\u0443\u044e \u0438\u0433\u043b\u0443 \u0432 \u0431\u043e\u043a\u043e\u0432\u043e\u0439 \u043f\u0430\u0437 \u0438 \u043c\u0435\u0434\u043b\u0435\u043d\u043d\u043e \u0432\u044b\u0442\u044f\u043d\u0438\u0442\u0435 \u0435\u0435, \u043d\u0430\u0436\u0438\u043c\u0430\u044f \u043d\u0430 \u043d\u0438\u0436\u043d\u044e\u044e \u0447\u0430\u0441\u0442\u044c.<\/p>\n<p>\u0420\u0430\u0437\u043c\u0435\u0440\u044b \u0438\u0433\u043e\u043b\u044c\u043d\u0438\u0446\u044b: \u0434\u0438\u0430\u043c\u0435\u0442\u0440 \u2013 40 \u043c\u043c, \u0432\u044b\u0441\u043e\u0442\u0430 \u2013 17 \u043c\u043c.<\/p>","protected":false},"excerpt":{"rendered":"<p>Japoni\u0161kas prek\u0117s \u017eenklas Cohana si\u016blo gaminius, kuriuose svarbiausia yra kokyb\u0117, funkcionalumas ir dizainas. Visi j\u0173 produktai gaminami tradiciniu b\u016bdu, bendradarbiaujant su geriausiomis \u0161alies \u012fmon\u0117mis, naudojant kuo daugiau ekologi\u0161k\u0173 med\u017eiag\u0173 ir \u017ealiav\u0173. \u0160i nuostabi magnetin\u0117 adat\u0173 d\u0117\u017eut\u0117 su adat\u0173 poliravimo funkcija i\u0161 Cohana taps puikiu priedu prie j\u016bs\u0173 rankdarbi\u0173 rinkinio. Ji yra visi\u0161kai rank\u0173 darbo: pagaminta [&hellip;]<\/p>\n","protected":false},"featured_media":4609,"comment_status":"open","ping_status":"closed","template":"","meta":{"_acf_changed":false},"product_brand":[89],"product_cat":[15,1080,52,20],"product_tag":[],"pro-kategorijos":[],"class_list":{"0":"post-1295","1":"product","2":"type-product","3":"status-publish","4":"has-post-thumbnail","6":"product_brand-cohana","7":"product_cat-visi-produktai","8":"product_cat-adatos","9":"product_cat-kiti-mezgimo-reikmenys","10":"product_cat-priedai-mezgimui","12":"first","13":"instock","14":"shipping-taxable","15":"purchasable","16":"product-type-simple"},"acf":[],"yoast_head":"<!-- This site is optimized with the Yoast SEO plugin v26.8 - https:\/\/yoast.com\/product\/yoast-seo-wordpress\/ -->\n<title>Cohana magnetin\u0117 adatin\u0117 su adat\u0173 poliruokliu, m\u0117lyna - Happyinaknit.com<\/title>\n<meta name=\"robots\" content=\"index, follow, max-snippet:-1, max-image-preview:large, max-video-preview:-1\" \/>\n<link rel=\"canonical\" href=\"https:\/\/happyinaknit.com\/ru\/product\/magnetine-adatine-su-adatu-poliruokliu-melyna\/\" \/>\n<meta property=\"og:locale\" content=\"ru_RU\" \/>\n<meta property=\"og:type\" content=\"article\" \/>\n<meta property=\"og:title\" content=\"Cohana magnetin\u0117 adatin\u0117 su adat\u0173 poliruokliu, m\u0117lyna - Happyinaknit.com\" \/>\n<meta property=\"og:description\" content=\"Japoni\u0161kas prek\u0117s \u017eenklas Cohana si\u016blo gaminius, kuriuose svarbiausia yra kokyb\u0117, funkcionalumas ir dizainas. Visi j\u0173 produktai gaminami tradiciniu b\u016bdu, bendradarbiaujant su geriausiomis \u0161alies \u012fmon\u0117mis, naudojant kuo daugiau ekologi\u0161k\u0173 med\u017eiag\u0173 ir \u017ealiav\u0173. \u0160i nuostabi magnetin\u0117 adat\u0173 d\u0117\u017eut\u0117 su adat\u0173 poliravimo funkcija i\u0161 Cohana taps puikiu priedu prie j\u016bs\u0173 rankdarbi\u0173 rinkinio. Ji yra visi\u0161kai rank\u0173 darbo: pagaminta [&hellip;]\" \/>\n<meta property=\"og:url\" content=\"https:\/\/happyinaknit.com\/ru\/product\/magnetine-adatine-su-adatu-poliruokliu-melyna\/\" \/>\n<meta property=\"og:site_name\" content=\"Happyinaknit.com\" \/>\n<meta property=\"article:modified_time\" content=\"2025-10-13T13:34:06+00:00\" \/>\n<meta property=\"og:image\" content=\"https:\/\/happyinaknit.com\/wp-content\/uploads\/2025\/09\/IMG_9348.jpg\" \/>\n\t<meta property=\"og:image:width\" content=\"1320\" \/>\n\t<meta property=\"og:image:height\" content=\"1343\" \/>\n\t<meta property=\"og:image:type\" content=\"image\/jpeg\" \/>\n<meta name=\"twitter:card\" content=\"summary_large_image\" \/>\n<meta name=\"twitter:label1\" content=\"\u041f\u0440\u0438\u043c\u0435\u0440\u043d\u043e\u0435 \u0432\u0440\u0435\u043c\u044f \u0434\u043b\u044f \u0447\u0442\u0435\u043d\u0438\u044f\" \/>\n\t<meta name=\"twitter:data1\" content=\"1 \u043c\u0438\u043d\u0443\u0442\u0430\" \/>\n<script type=\"application\/ld+json\" class=\"yoast-schema-graph\">{\"@context\":\"https:\/\/schema.org\",\"@graph\":[{\"@type\":\"WebPage\",\"@id\":\"https:\/\/happyinaknit.com\/produktas\/magnetine-adatine-su-adatu-poliruokliu-melyna\/\",\"url\":\"https:\/\/happyinaknit.com\/produktas\/magnetine-adatine-su-adatu-poliruokliu-melyna\/\",\"name\":\"Cohana magnetin\u0117 adatin\u0117 su adat\u0173 poliruokliu, m\u0117lyna - Happyinaknit.com\",\"isPartOf\":{\"@id\":\"https:\/\/happyinaknit.com\/lt\/#website\"},\"primaryImageOfPage\":{\"@id\":\"https:\/\/happyinaknit.com\/produktas\/magnetine-adatine-su-adatu-poliruokliu-melyna\/#primaryimage\"},\"image\":{\"@id\":\"https:\/\/happyinaknit.com\/produktas\/magnetine-adatine-su-adatu-poliruokliu-melyna\/#primaryimage\"},\"thumbnailUrl\":\"https:\/\/happyinaknit.com\/wp-content\/uploads\/2025\/09\/IMG_9348.jpg\",\"datePublished\":\"2025-09-19T05:45:02+00:00\",\"dateModified\":\"2025-10-13T13:34:06+00:00\",\"breadcrumb\":{\"@id\":\"https:\/\/happyinaknit.com\/produktas\/magnetine-adatine-su-adatu-poliruokliu-melyna\/#breadcrumb\"},\"inLanguage\":\"ru-RU\",\"potentialAction\":[{\"@type\":\"ReadAction\",\"target\":[\"https:\/\/happyinaknit.com\/produktas\/magnetine-adatine-su-adatu-poliruokliu-melyna\/\"]}]},{\"@type\":\"ImageObject\",\"inLanguage\":\"ru-RU\",\"@id\":\"https:\/\/happyinaknit.com\/produktas\/magnetine-adatine-su-adatu-poliruokliu-melyna\/#primaryimage\",\"url\":\"https:\/\/happyinaknit.com\/wp-content\/uploads\/2025\/09\/IMG_9348.jpg\",\"contentUrl\":\"https:\/\/happyinaknit.com\/wp-content\/uploads\/2025\/09\/IMG_9348.jpg\",\"width\":1320,\"height\":1343},{\"@type\":\"BreadcrumbList\",\"@id\":\"https:\/\/happyinaknit.com\/produktas\/magnetine-adatine-su-adatu-poliruokliu-melyna\/#breadcrumb\",\"itemListElement\":[{\"@type\":\"ListItem\",\"position\":1,\"name\":\"Home\",\"item\":\"https:\/\/happyinaknit.com\/lt\/\"},{\"@type\":\"ListItem\",\"position\":2,\"name\":\"Parduotuv\u0117\",\"item\":\"https:\/\/happyinaknit.com\/lt\/parduotuve\/\"},{\"@type\":\"ListItem\",\"position\":3,\"name\":\"Cohana magnetin\u0117 adatin\u0117 su adat\u0173 poliruokliu, m\u0117lyna\"}]},{\"@type\":\"WebSite\",\"@id\":\"https:\/\/happyinaknit.com\/lt\/#website\",\"url\":\"https:\/\/happyinaknit.com\/lt\/\",\"name\":\"Happyinaknit.com\",\"description\":\"\",\"potentialAction\":[{\"@type\":\"SearchAction\",\"target\":{\"@type\":\"EntryPoint\",\"urlTemplate\":\"https:\/\/happyinaknit.com\/lt\/?s={search_term_string}\"},\"query-input\":{\"@type\":\"PropertyValueSpecification\",\"valueRequired\":true,\"valueName\":\"search_term_string\"}}],\"inLanguage\":\"ru-RU\"}]}<\/script>\n<!-- \/ Yoast SEO plugin. -->","yoast_head_json":{"title":"Cohana magnetin\u0117 adatin\u0117 su adat\u0173 poliruokliu, m\u0117lyna - Happyinaknit.com","robots":{"index":"index","follow":"follow","max-snippet":"max-snippet:-1","max-image-preview":"max-image-preview:large","max-video-preview":"max-video-preview:-1"},"canonical":"https:\/\/happyinaknit.com\/ru\/product\/magnetine-adatine-su-adatu-poliruokliu-melyna\/","og_locale":"ru_RU","og_type":"article","og_title":"Cohana magnetin\u0117 adatin\u0117 su adat\u0173 poliruokliu, m\u0117lyna - Happyinaknit.com","og_description":"Japoni\u0161kas prek\u0117s \u017eenklas Cohana si\u016blo gaminius, kuriuose svarbiausia yra kokyb\u0117, funkcionalumas ir dizainas. Visi j\u0173 produktai gaminami tradiciniu b\u016bdu, bendradarbiaujant su geriausiomis \u0161alies \u012fmon\u0117mis, naudojant kuo daugiau ekologi\u0161k\u0173 med\u017eiag\u0173 ir \u017ealiav\u0173. \u0160i nuostabi magnetin\u0117 adat\u0173 d\u0117\u017eut\u0117 su adat\u0173 poliravimo funkcija i\u0161 Cohana taps puikiu priedu prie j\u016bs\u0173 rankdarbi\u0173 rinkinio. Ji yra visi\u0161kai rank\u0173 darbo: pagaminta [&hellip;]","og_url":"https:\/\/happyinaknit.com\/ru\/product\/magnetine-adatine-su-adatu-poliruokliu-melyna\/","og_site_name":"Happyinaknit.com","article_modified_time":"2025-10-13T13:34:06+00:00","og_image":[{"width":1320,"height":1343,"url":"https:\/\/happyinaknit.com\/wp-content\/uploads\/2025\/09\/IMG_9348.jpg","type":"image\/jpeg"}],"twitter_card":"summary_large_image","twitter_misc":{"\u041f\u0440\u0438\u043c\u0435\u0440\u043d\u043e\u0435 \u0432\u0440\u0435\u043c\u044f \u0434\u043b\u044f \u0447\u0442\u0435\u043d\u0438\u044f":"1 \u043c\u0438\u043d\u0443\u0442\u0430"},"schema":{"@context":"https:\/\/schema.org","@graph":[{"@type":"WebPage","@id":"https:\/\/happyinaknit.com\/produktas\/magnetine-adatine-su-adatu-poliruokliu-melyna\/","url":"https:\/\/happyinaknit.com\/produktas\/magnetine-adatine-su-adatu-poliruokliu-melyna\/","name":"Cohana magnetin\u0117 adatin\u0117 su adat\u0173 poliruokliu, m\u0117lyna - Happyinaknit.com","isPartOf":{"@id":"https:\/\/happyinaknit.com\/lt\/#website"},"primaryImageOfPage":{"@id":"https:\/\/happyinaknit.com\/produktas\/magnetine-adatine-su-adatu-poliruokliu-melyna\/#primaryimage"},"image":{"@id":"https:\/\/happyinaknit.com\/produktas\/magnetine-adatine-su-adatu-poliruokliu-melyna\/#primaryimage"},"thumbnailUrl":"https:\/\/happyinaknit.com\/wp-content\/uploads\/2025\/09\/IMG_9348.jpg","datePublished":"2025-09-19T05:45:02+00:00","dateModified":"2025-10-13T13:34:06+00:00","breadcrumb":{"@id":"https:\/\/happyinaknit.com\/produktas\/magnetine-adatine-su-adatu-poliruokliu-melyna\/#breadcrumb"},"inLanguage":"ru-RU","potentialAction":[{"@type":"ReadAction","target":["https:\/\/happyinaknit.com\/produktas\/magnetine-adatine-su-adatu-poliruokliu-melyna\/"]}]},{"@type":"ImageObject","inLanguage":"ru-RU","@id":"https:\/\/happyinaknit.com\/produktas\/magnetine-adatine-su-adatu-poliruokliu-melyna\/#primaryimage","url":"https:\/\/happyinaknit.com\/wp-content\/uploads\/2025\/09\/IMG_9348.jpg","contentUrl":"https:\/\/happyinaknit.com\/wp-content\/uploads\/2025\/09\/IMG_9348.jpg","width":1320,"height":1343},{"@type":"BreadcrumbList","@id":"https:\/\/happyinaknit.com\/produktas\/magnetine-adatine-su-adatu-poliruokliu-melyna\/#breadcrumb","itemListElement":[{"@type":"ListItem","position":1,"name":"Home","item":"https:\/\/happyinaknit.com\/lt\/"},{"@type":"ListItem","position":2,"name":"Parduotuv\u0117","item":"https:\/\/happyinaknit.com\/lt\/parduotuve\/"},{"@type":"ListItem","position":3,"name":"Cohana magnetin\u0117 adatin\u0117 su adat\u0173 poliruokliu, m\u0117lyna"}]},{"@type":"WebSite","@id":"https:\/\/happyinaknit.com\/lt\/#website","url":"https:\/\/happyinaknit.com\/lt\/","name":"Happyinaknit.com","description":"","potentialAction":[{"@type":"SearchAction","target":{"@type":"EntryPoint","urlTemplate":"https:\/\/happyinaknit.com\/lt\/?s={search_term_string}"},"query-input":{"@type":"PropertyValueSpecification","valueRequired":true,"valueName":"search_term_string"}}],"inLanguage":"ru-RU"}]}},"_links":{"self":[{"href":"https:\/\/happyinaknit.com\/ru\/wp-json\/wp\/v2\/product\/1295","targetHints":{"allow":["GET"]}}],"collection":[{"href":"https:\/\/happyinaknit.com\/ru\/wp-json\/wp\/v2\/product"}],"about":[{"href":"https:\/\/happyinaknit.com\/ru\/wp-json\/wp\/v2\/types\/product"}],"replies":[{"embeddable":true,"href":"https:\/\/happyinaknit.com\/ru\/wp-json\/wp\/v2\/comments?post=1295"}],"wp:featuredmedia":[{"embeddable":true,"href":"https:\/\/happyinaknit.com\/ru\/wp-json\/wp\/v2\/media\/4609"}],"wp:attachment":[{"href":"https:\/\/happyinaknit.com\/ru\/wp-json\/wp\/v2\/media?parent=1295"}],"wp:term":[{"taxonomy":"product_brand","embeddable":true,"href":"https:\/\/happyinaknit.com\/ru\/wp-json\/wp\/v2\/product_brand?post=1295"},{"taxonomy":"product_cat","embeddable":true,"href":"https:\/\/happyinaknit.com\/ru\/wp-json\/wp\/v2\/product_cat?post=1295"},{"taxonomy":"product_tag","embeddable":true,"href":"https:\/\/happyinaknit.com\/ru\/wp-json\/wp\/v2\/product_tag?post=1295"},{"taxonomy":"pro-kategorijos","embeddable":true,"href":"https:\/\/happyinaknit.com\/ru\/wp-json\/wp\/v2\/pro-kategorijos?post=1295"}],"curies":[{"name":"wp","href":"https:\/\/api.w.org\/{rel}","templated":true}]}}