{"id":8759,"date":"2026-05-06T06:04:51","date_gmt":"2026-05-06T06:04:51","guid":{"rendered":"https:\/\/happyinaknit.com\/?post_type=product&#038;p=8759"},"modified":"2026-05-06T06:15:07","modified_gmt":"2026-05-06T06:15:07","slug":"lotus-yarns-sirdeles-formos-antgaliai-virbalams","status":"publish","type":"product","link":"https:\/\/happyinaknit.com\/lt\/produktas\/lotus-yarns-sirdeles-formos-antgaliai-virbalams\/","title":{"rendered":"Lotus yarns \u0160irdel\u0117s formos antgaliai virbalams"},"content":{"rendered":"<p>\u0160ie mieli, \u0161irdel\u0117s formos antgaliai ne tik papuo\u0161 j\u016bs\u0173 mezgimo projekt\u0105, bet ir patikimai apsaugos akis nuo nuslydimo nuo virbal\u0173.<\/p>\n<p>Antgaliai skirti u\u017ed\u0117ti ant virbal\u0173 gal\u0173, kad mezgamos akys nenuslyst\u0173 ir likt\u0173 savo vietoje. Mink\u0161ta, lanksti guma leid\u017eia lengvai u\u017ed\u0117ti ir nuimti antgalius, o universali skylut\u0117 tinka \u012fvairaus storio virbalams. Tai prakti\u0161kas ir kartu dekoratyvus aksesuaras kiekvienai mezg\u0117jai.<\/p>\n<p><b>Savyb\u0117s:<\/b><b><\/b><\/p>\n<ul>\n<li>Med\u017eiaga: guma<\/li>\n<li>Pakuot\u0117je: 2 vnt.<\/li>\n<li>Dydis: apie 19 mm<\/li>\n<li>Skylut\u0117s skersmuo: apie 2 mm<\/li>\n<li>Tinka virbalams nuo 2.0 mm iki 12.0 mm<\/li>\n<\/ul>\n<p><b>Pastaba:<\/b> laikyti atokiai nuo vaik\u0173 \u2013 gaminys gali priminti saldain\u012f.<\/p>\n","protected":false},"excerpt":{"rendered":"<p>\u0160ie mieli, \u0161irdel\u0117s formos antgaliai ne tik papuo\u0161 j\u016bs\u0173 mezgimo projekt\u0105, bet ir patikimai apsaugos akis nuo nuslydimo nuo virbal\u0173. Antgaliai skirti u\u017ed\u0117ti ant virbal\u0173 gal\u0173, kad mezgamos akys nenuslyst\u0173 ir likt\u0173 savo vietoje. Mink\u0161ta, lanksti guma leid\u017eia lengvai u\u017ed\u0117ti ir nuimti antgalius, o universali skylut\u0117 tinka \u012fvairaus storio virbalams. Tai prakti\u0161kas ir kartu dekoratyvus [&hellip;]<\/p>\n","protected":false},"featured_media":8761,"comment_status":"open","ping_status":"closed","template":"","meta":{"_acf_changed":false},"product_brand":[1639],"product_cat":[15,868,19],"product_tag":[30],"pro-kategorijos":[],"class_list":{"0":"post-8759","1":"product","2":"type-product","3":"status-publish","4":"has-post-thumbnail","6":"product_brand-lotus-yarns","7":"product_cat-visi-produktai","8":"product_cat-antgaliaistabdziukai","9":"product_cat-mezgimo-priemones","10":"product_tag-naujiena","12":"first","13":"instock","14":"shipping-taxable","15":"purchasable","16":"product-type-variable"},"acf":[],"yoast_head":"<!-- This site is optimized with the Yoast SEO plugin v26.8 - https:\/\/yoast.com\/product\/yoast-seo-wordpress\/ -->\n<title>Lotus yarns \u0160irdel\u0117s formos antgaliai virbalams - Happyinaknit.com<\/title>\n<meta name=\"robots\" content=\"index, follow, max-snippet:-1, max-image-preview:large, max-video-preview:-1\" \/>\n<link rel=\"canonical\" href=\"https:\/\/happyinaknit.com\/lt\/produktas\/lotus-yarns-sirdeles-formos-antgaliai-virbalams\/\" \/>\n<meta property=\"og:locale\" content=\"lt_LT\" \/>\n<meta property=\"og:type\" content=\"article\" \/>\n<meta property=\"og:title\" content=\"Lotus yarns \u0160irdel\u0117s formos antgaliai virbalams - Happyinaknit.com\" \/>\n<meta property=\"og:description\" content=\"\u0160ie mieli, \u0161irdel\u0117s formos antgaliai ne tik papuo\u0161 j\u016bs\u0173 mezgimo projekt\u0105, bet ir patikimai apsaugos akis nuo nuslydimo nuo virbal\u0173. Antgaliai skirti u\u017ed\u0117ti ant virbal\u0173 gal\u0173, kad mezgamos akys nenuslyst\u0173 ir likt\u0173 savo vietoje. Mink\u0161ta, lanksti guma leid\u017eia lengvai u\u017ed\u0117ti ir nuimti antgalius, o universali skylut\u0117 tinka \u012fvairaus storio virbalams. Tai prakti\u0161kas ir kartu dekoratyvus [&hellip;]\" \/>\n<meta property=\"og:url\" content=\"https:\/\/happyinaknit.com\/lt\/produktas\/lotus-yarns-sirdeles-formos-antgaliai-virbalams\/\" \/>\n<meta property=\"og:site_name\" content=\"Happyinaknit.com\" \/>\n<meta property=\"article:modified_time\" content=\"2026-05-06T06:15:07+00:00\" \/>\n<meta property=\"og:image\" content=\"https:\/\/happyinaknit.com\/wp-content\/uploads\/2026\/05\/3_269c33b0-6e06-4152-a500-2475c0086958.jpg.webp\" \/>\n\t<meta property=\"og:image:width\" content=\"1100\" \/>\n\t<meta property=\"og:image:height\" content=\"1100\" \/>\n\t<meta property=\"og:image:type\" content=\"image\/webp\" \/>\n<meta name=\"twitter:card\" content=\"summary_large_image\" \/>\n<meta name=\"twitter:label1\" content=\"Est. reading time\" \/>\n\t<meta name=\"twitter:data1\" content=\"1 minut\u0117\" \/>\n<script type=\"application\/ld+json\" class=\"yoast-schema-graph\">{\"@context\":\"https:\/\/schema.org\",\"@graph\":[{\"@type\":\"WebPage\",\"@id\":\"https:\/\/happyinaknit.com\/produktas\/lotus-yarns-sirdeles-formos-antgaliai-virbalams\/\",\"url\":\"https:\/\/happyinaknit.com\/produktas\/lotus-yarns-sirdeles-formos-antgaliai-virbalams\/\",\"name\":\"Lotus yarns \u0160irdel\u0117s formos antgaliai virbalams - Happyinaknit.com\",\"isPartOf\":{\"@id\":\"https:\/\/happyinaknit.com\/lt\/#website\"},\"primaryImageOfPage\":{\"@id\":\"https:\/\/happyinaknit.com\/produktas\/lotus-yarns-sirdeles-formos-antgaliai-virbalams\/#primaryimage\"},\"image\":{\"@id\":\"https:\/\/happyinaknit.com\/produktas\/lotus-yarns-sirdeles-formos-antgaliai-virbalams\/#primaryimage\"},\"thumbnailUrl\":\"https:\/\/happyinaknit.com\/wp-content\/uploads\/2026\/05\/3_269c33b0-6e06-4152-a500-2475c0086958.jpg.webp\",\"datePublished\":\"2026-05-06T06:04:51+00:00\",\"dateModified\":\"2026-05-06T06:15:07+00:00\",\"breadcrumb\":{\"@id\":\"https:\/\/happyinaknit.com\/produktas\/lotus-yarns-sirdeles-formos-antgaliai-virbalams\/#breadcrumb\"},\"inLanguage\":\"lt-LT\",\"potentialAction\":[{\"@type\":\"ReadAction\",\"target\":[\"https:\/\/happyinaknit.com\/produktas\/lotus-yarns-sirdeles-formos-antgaliai-virbalams\/\"]}]},{\"@type\":\"ImageObject\",\"inLanguage\":\"lt-LT\",\"@id\":\"https:\/\/happyinaknit.com\/produktas\/lotus-yarns-sirdeles-formos-antgaliai-virbalams\/#primaryimage\",\"url\":\"https:\/\/happyinaknit.com\/wp-content\/uploads\/2026\/05\/3_269c33b0-6e06-4152-a500-2475c0086958.jpg.webp\",\"contentUrl\":\"https:\/\/happyinaknit.com\/wp-content\/uploads\/2026\/05\/3_269c33b0-6e06-4152-a500-2475c0086958.jpg.webp\",\"width\":1100,\"height\":1100},{\"@type\":\"BreadcrumbList\",\"@id\":\"https:\/\/happyinaknit.com\/produktas\/lotus-yarns-sirdeles-formos-antgaliai-virbalams\/#breadcrumb\",\"itemListElement\":[{\"@type\":\"ListItem\",\"position\":1,\"name\":\"Home\",\"item\":\"https:\/\/happyinaknit.com\/lt\/\"},{\"@type\":\"ListItem\",\"position\":2,\"name\":\"Parduotuv\u0117\",\"item\":\"https:\/\/happyinaknit.com\/lt\/parduotuve\/\"},{\"@type\":\"ListItem\",\"position\":3,\"name\":\"Lotus yarns \u0160irdel\u0117s formos antgaliai virbalams\"}]},{\"@type\":\"WebSite\",\"@id\":\"https:\/\/happyinaknit.com\/lt\/#website\",\"url\":\"https:\/\/happyinaknit.com\/lt\/\",\"name\":\"Happyinaknit.com\",\"description\":\"\",\"potentialAction\":[{\"@type\":\"SearchAction\",\"target\":{\"@type\":\"EntryPoint\",\"urlTemplate\":\"https:\/\/happyinaknit.com\/lt\/?s={search_term_string}\"},\"query-input\":{\"@type\":\"PropertyValueSpecification\",\"valueRequired\":true,\"valueName\":\"search_term_string\"}}],\"inLanguage\":\"lt-LT\"}]}<\/script>\n<!-- \/ Yoast SEO plugin. -->","yoast_head_json":{"title":"Lotus yarns \u0160irdel\u0117s formos antgaliai virbalams - Happyinaknit.com","robots":{"index":"index","follow":"follow","max-snippet":"max-snippet:-1","max-image-preview":"max-image-preview:large","max-video-preview":"max-video-preview:-1"},"canonical":"https:\/\/happyinaknit.com\/lt\/produktas\/lotus-yarns-sirdeles-formos-antgaliai-virbalams\/","og_locale":"lt_LT","og_type":"article","og_title":"Lotus yarns \u0160irdel\u0117s formos antgaliai virbalams - Happyinaknit.com","og_description":"\u0160ie mieli, \u0161irdel\u0117s formos antgaliai ne tik papuo\u0161 j\u016bs\u0173 mezgimo projekt\u0105, bet ir patikimai apsaugos akis nuo nuslydimo nuo virbal\u0173. Antgaliai skirti u\u017ed\u0117ti ant virbal\u0173 gal\u0173, kad mezgamos akys nenuslyst\u0173 ir likt\u0173 savo vietoje. Mink\u0161ta, lanksti guma leid\u017eia lengvai u\u017ed\u0117ti ir nuimti antgalius, o universali skylut\u0117 tinka \u012fvairaus storio virbalams. Tai prakti\u0161kas ir kartu dekoratyvus [&hellip;]","og_url":"https:\/\/happyinaknit.com\/lt\/produktas\/lotus-yarns-sirdeles-formos-antgaliai-virbalams\/","og_site_name":"Happyinaknit.com","article_modified_time":"2026-05-06T06:15:07+00:00","og_image":[{"width":1100,"height":1100,"url":"https:\/\/happyinaknit.com\/wp-content\/uploads\/2026\/05\/3_269c33b0-6e06-4152-a500-2475c0086958.jpg.webp","type":"image\/webp"}],"twitter_card":"summary_large_image","twitter_misc":{"Est. reading time":"1 minut\u0117"},"schema":{"@context":"https:\/\/schema.org","@graph":[{"@type":"WebPage","@id":"https:\/\/happyinaknit.com\/produktas\/lotus-yarns-sirdeles-formos-antgaliai-virbalams\/","url":"https:\/\/happyinaknit.com\/produktas\/lotus-yarns-sirdeles-formos-antgaliai-virbalams\/","name":"Lotus yarns \u0160irdel\u0117s formos antgaliai virbalams - Happyinaknit.com","isPartOf":{"@id":"https:\/\/happyinaknit.com\/lt\/#website"},"primaryImageOfPage":{"@id":"https:\/\/happyinaknit.com\/produktas\/lotus-yarns-sirdeles-formos-antgaliai-virbalams\/#primaryimage"},"image":{"@id":"https:\/\/happyinaknit.com\/produktas\/lotus-yarns-sirdeles-formos-antgaliai-virbalams\/#primaryimage"},"thumbnailUrl":"https:\/\/happyinaknit.com\/wp-content\/uploads\/2026\/05\/3_269c33b0-6e06-4152-a500-2475c0086958.jpg.webp","datePublished":"2026-05-06T06:04:51+00:00","dateModified":"2026-05-06T06:15:07+00:00","breadcrumb":{"@id":"https:\/\/happyinaknit.com\/produktas\/lotus-yarns-sirdeles-formos-antgaliai-virbalams\/#breadcrumb"},"inLanguage":"lt-LT","potentialAction":[{"@type":"ReadAction","target":["https:\/\/happyinaknit.com\/produktas\/lotus-yarns-sirdeles-formos-antgaliai-virbalams\/"]}]},{"@type":"ImageObject","inLanguage":"lt-LT","@id":"https:\/\/happyinaknit.com\/produktas\/lotus-yarns-sirdeles-formos-antgaliai-virbalams\/#primaryimage","url":"https:\/\/happyinaknit.com\/wp-content\/uploads\/2026\/05\/3_269c33b0-6e06-4152-a500-2475c0086958.jpg.webp","contentUrl":"https:\/\/happyinaknit.com\/wp-content\/uploads\/2026\/05\/3_269c33b0-6e06-4152-a500-2475c0086958.jpg.webp","width":1100,"height":1100},{"@type":"BreadcrumbList","@id":"https:\/\/happyinaknit.com\/produktas\/lotus-yarns-sirdeles-formos-antgaliai-virbalams\/#breadcrumb","itemListElement":[{"@type":"ListItem","position":1,"name":"Home","item":"https:\/\/happyinaknit.com\/lt\/"},{"@type":"ListItem","position":2,"name":"Parduotuv\u0117","item":"https:\/\/happyinaknit.com\/lt\/parduotuve\/"},{"@type":"ListItem","position":3,"name":"Lotus yarns \u0160irdel\u0117s formos antgaliai virbalams"}]},{"@type":"WebSite","@id":"https:\/\/happyinaknit.com\/lt\/#website","url":"https:\/\/happyinaknit.com\/lt\/","name":"Happyinaknit.com","description":"","potentialAction":[{"@type":"SearchAction","target":{"@type":"EntryPoint","urlTemplate":"https:\/\/happyinaknit.com\/lt\/?s={search_term_string}"},"query-input":{"@type":"PropertyValueSpecification","valueRequired":true,"valueName":"search_term_string"}}],"inLanguage":"lt-LT"}]}},"_links":{"self":[{"href":"https:\/\/happyinaknit.com\/lt\/wp-json\/wp\/v2\/product\/8759","targetHints":{"allow":["GET"]}}],"collection":[{"href":"https:\/\/happyinaknit.com\/lt\/wp-json\/wp\/v2\/product"}],"about":[{"href":"https:\/\/happyinaknit.com\/lt\/wp-json\/wp\/v2\/types\/product"}],"replies":[{"embeddable":true,"href":"https:\/\/happyinaknit.com\/lt\/wp-json\/wp\/v2\/comments?post=8759"}],"wp:featuredmedia":[{"embeddable":true,"href":"https:\/\/happyinaknit.com\/lt\/wp-json\/wp\/v2\/media\/8761"}],"wp:attachment":[{"href":"https:\/\/happyinaknit.com\/lt\/wp-json\/wp\/v2\/media?parent=8759"}],"wp:term":[{"taxonomy":"product_brand","embeddable":true,"href":"https:\/\/happyinaknit.com\/lt\/wp-json\/wp\/v2\/product_brand?post=8759"},{"taxonomy":"product_cat","embeddable":true,"href":"https:\/\/happyinaknit.com\/lt\/wp-json\/wp\/v2\/product_cat?post=8759"},{"taxonomy":"product_tag","embeddable":true,"href":"https:\/\/happyinaknit.com\/lt\/wp-json\/wp\/v2\/product_tag?post=8759"},{"taxonomy":"pro-kategorijos","embeddable":true,"href":"https:\/\/happyinaknit.com\/lt\/wp-json\/wp\/v2\/pro-kategorijos?post=8759"}],"curies":[{"name":"wp","href":"https:\/\/api.w.org\/{rel}","templated":true}]}}