{"id":8646,"date":"2026-04-28T09:57:32","date_gmt":"2026-04-28T09:57:32","guid":{"rendered":"https:\/\/happyinaknit.com\/?post_type=product&#038;p=8646"},"modified":"2026-04-28T13:31:27","modified_gmt":"2026-04-28T13:31:27","slug":"lotus-yarns-rotacinis-360-valas-prisukamiems-virbalams","status":"publish","type":"product","link":"https:\/\/happyinaknit.com\/lt\/produktas\/lotus-yarns-rotacinis-360-valas-prisukamiems-virbalams\/","title":{"rendered":"LOTUS YARNS  rotacinis (360&#8242;) valas prisukamiems virbalams"},"content":{"rendered":"<p><b>Rotacinis 360\u00b0 \u00a0valas prisukamiems virbalams <\/b>\u00a0\u2013 lankstus, tvirtas ir patogus valas, u\u017etikrinantis skland\u0173 mezgim\u0105 ir maksimal\u0173 komfort\u0105.<\/p>\n<p><b>Savyb\u0117s:<\/b><b><\/b><\/p>\n<ul>\n<li>Pagamintas i\u0161 nailonu dengto ner\u016bdijan\u010dio plieno<\/li>\n<li>360\u00b0 rotacinis valas \u2013 nesusisuka ir nevar\u017eo judesi\u0173<\/li>\n<li>\u201eBe atminties\u201c \u2013 i\u0161laiko form\u0105 ir nesirie\u010dia<\/li>\n<li>Itin glotnus pavir\u0161ius \u2013 akys lengvai slysta<\/li>\n<li>Tvirtas ir lankstus, atsparus tempimui<\/li>\n<li>Ilgis pa\u017eym\u0117tas lazeriu ant metalin\u0117s dalies<\/li>\n<li>Suderinamas su visais LOTUS YARNS prisukamais virbalais<\/li>\n<\/ul>\n<p><b>Komplektas:<\/b><b><\/b><\/p>\n<ul>\n<li>1 vnt. rotacinio valo<\/li>\n<li>1 vnt. valo raktelio (antgaliai priver\u017eimui)<\/li>\n<\/ul>\n<p><b>Ilgi\u0173 pasirinkimas (su prijungtais virbalais):<\/b><b><\/b><\/p>\n<ul>\n<li>35 cm \u00a0\u2192 50 cm su trumpais virbalais \/ 60 cm \u00a0su standartinio ilgio virbalais<\/li>\n<li>55 cm \u2192 80 cm<\/li>\n<li>75 cm \u00a0\u2192 100 cm<\/li>\n<li>93 cm \u00a0\u2192 120 cm<\/li>\n<li>127 cm \u2192 150 cm<\/li>\n<\/ul>\n<p><b>Naudojimas:<\/b><b><\/b><\/p>\n<p>Skirtas naudoti su prisukamais virbalais \u2013 leid\u017eia lengvai keisti ilg\u012f ir pritaikyti \u012fvairiems mezgimo projektams.<\/p>\n<p>Tinka ir virbalams Chiaogoo 2,75 -5,0 mm<\/p>\n<p><b>Pastaba:<\/b><b><\/b><\/p>\n<p>Spalv\u0173 atspalviai gali \u0161iek tiek skirtis priklausomai nuo \u012frenginio ekrano.<\/p>\n","protected":false},"excerpt":{"rendered":"<p>Rotacinis 360\u00b0 \u00a0valas prisukamiems virbalams \u00a0\u2013 lankstus, tvirtas ir patogus valas, u\u017etikrinantis skland\u0173 mezgim\u0105 ir maksimal\u0173 komfort\u0105. Savyb\u0117s: Pagamintas i\u0161 nailonu dengto ner\u016bdijan\u010dio plieno 360\u00b0 rotacinis valas \u2013 nesusisuka ir nevar\u017eo judesi\u0173 \u201eBe atminties\u201c \u2013 i\u0161laiko form\u0105 ir nesirie\u010dia Itin glotnus pavir\u0161ius \u2013 akys lengvai slysta Tvirtas ir lankstus, atsparus tempimui Ilgis pa\u017eym\u0117tas lazeriu ant [&hellip;]<\/p>\n","protected":false},"featured_media":8647,"comment_status":"open","ping_status":"closed","template":"","meta":{"_acf_changed":false},"product_brand":[1639],"product_cat":[15,19,864],"product_tag":[30],"pro-kategorijos":[],"class_list":{"0":"post-8646","1":"product","2":"type-product","3":"status-publish","4":"has-post-thumbnail","6":"product_brand-lotus-yarns","7":"product_cat-visi-produktai","8":"product_cat-mezgimo-priemones","9":"product_cat-valai-virbalams","10":"product_tag-naujiena","12":"first","13":"instock","14":"shipping-taxable","15":"purchasable","16":"product-type-variable"},"acf":[],"yoast_head":"<!-- This site is optimized with the Yoast SEO plugin v26.8 - https:\/\/yoast.com\/product\/yoast-seo-wordpress\/ -->\n<title>LOTUS YARNS rotacinis (360&#039;) valas prisukamiems virbalams - Happyinaknit.com<\/title>\n<meta name=\"robots\" content=\"index, follow, max-snippet:-1, max-image-preview:large, max-video-preview:-1\" \/>\n<link rel=\"canonical\" href=\"https:\/\/happyinaknit.com\/lt\/produktas\/lotus-yarns-rotacinis-360-valas-prisukamiems-virbalams\/\" \/>\n<meta property=\"og:locale\" content=\"lt_LT\" \/>\n<meta property=\"og:type\" content=\"article\" \/>\n<meta property=\"og:title\" content=\"LOTUS YARNS rotacinis (360&#039;) valas prisukamiems virbalams - Happyinaknit.com\" \/>\n<meta property=\"og:description\" content=\"Rotacinis 360\u00b0 \u00a0valas prisukamiems virbalams \u00a0\u2013 lankstus, tvirtas ir patogus valas, u\u017etikrinantis skland\u0173 mezgim\u0105 ir maksimal\u0173 komfort\u0105. Savyb\u0117s: Pagamintas i\u0161 nailonu dengto ner\u016bdijan\u010dio plieno 360\u00b0 rotacinis valas \u2013 nesusisuka ir nevar\u017eo judesi\u0173 \u201eBe atminties\u201c \u2013 i\u0161laiko form\u0105 ir nesirie\u010dia Itin glotnus pavir\u0161ius \u2013 akys lengvai slysta Tvirtas ir lankstus, atsparus tempimui Ilgis pa\u017eym\u0117tas lazeriu ant [&hellip;]\" \/>\n<meta property=\"og:url\" content=\"https:\/\/happyinaknit.com\/lt\/produktas\/lotus-yarns-rotacinis-360-valas-prisukamiems-virbalams\/\" \/>\n<meta property=\"og:site_name\" content=\"Happyinaknit.com\" \/>\n<meta property=\"article:modified_time\" content=\"2026-04-28T13:31:27+00:00\" \/>\n<meta property=\"og:image\" content=\"https:\/\/happyinaknit.com\/wp-content\/uploads\/2026\/04\/1_2_6717b21d-67ee-4a4a-9268-b81a270adace.jpg.webp\" \/>\n\t<meta property=\"og:image:width\" content=\"1000\" \/>\n\t<meta property=\"og:image:height\" content=\"1000\" \/>\n\t<meta property=\"og:image:type\" content=\"image\/webp\" \/>\n<meta name=\"twitter:card\" content=\"summary_large_image\" \/>\n<meta name=\"twitter:label1\" content=\"Est. reading time\" \/>\n\t<meta name=\"twitter:data1\" content=\"1 minut\u0117\" \/>\n<script type=\"application\/ld+json\" class=\"yoast-schema-graph\">{\"@context\":\"https:\/\/schema.org\",\"@graph\":[{\"@type\":\"WebPage\",\"@id\":\"https:\/\/happyinaknit.com\/produktas\/lotus-yarns-rotacinis-360-valas-prisukamiems-virbalams\/\",\"url\":\"https:\/\/happyinaknit.com\/produktas\/lotus-yarns-rotacinis-360-valas-prisukamiems-virbalams\/\",\"name\":\"LOTUS YARNS rotacinis (360') valas prisukamiems virbalams - Happyinaknit.com\",\"isPartOf\":{\"@id\":\"https:\/\/happyinaknit.com\/lt\/#website\"},\"primaryImageOfPage\":{\"@id\":\"https:\/\/happyinaknit.com\/produktas\/lotus-yarns-rotacinis-360-valas-prisukamiems-virbalams\/#primaryimage\"},\"image\":{\"@id\":\"https:\/\/happyinaknit.com\/produktas\/lotus-yarns-rotacinis-360-valas-prisukamiems-virbalams\/#primaryimage\"},\"thumbnailUrl\":\"https:\/\/happyinaknit.com\/wp-content\/uploads\/2026\/04\/1_2_6717b21d-67ee-4a4a-9268-b81a270adace.jpg.webp\",\"datePublished\":\"2026-04-28T09:57:32+00:00\",\"dateModified\":\"2026-04-28T13:31:27+00:00\",\"breadcrumb\":{\"@id\":\"https:\/\/happyinaknit.com\/produktas\/lotus-yarns-rotacinis-360-valas-prisukamiems-virbalams\/#breadcrumb\"},\"inLanguage\":\"lt-LT\",\"potentialAction\":[{\"@type\":\"ReadAction\",\"target\":[\"https:\/\/happyinaknit.com\/produktas\/lotus-yarns-rotacinis-360-valas-prisukamiems-virbalams\/\"]}]},{\"@type\":\"ImageObject\",\"inLanguage\":\"lt-LT\",\"@id\":\"https:\/\/happyinaknit.com\/produktas\/lotus-yarns-rotacinis-360-valas-prisukamiems-virbalams\/#primaryimage\",\"url\":\"https:\/\/happyinaknit.com\/wp-content\/uploads\/2026\/04\/1_2_6717b21d-67ee-4a4a-9268-b81a270adace.jpg.webp\",\"contentUrl\":\"https:\/\/happyinaknit.com\/wp-content\/uploads\/2026\/04\/1_2_6717b21d-67ee-4a4a-9268-b81a270adace.jpg.webp\",\"width\":1000,\"height\":1000},{\"@type\":\"BreadcrumbList\",\"@id\":\"https:\/\/happyinaknit.com\/produktas\/lotus-yarns-rotacinis-360-valas-prisukamiems-virbalams\/#breadcrumb\",\"itemListElement\":[{\"@type\":\"ListItem\",\"position\":1,\"name\":\"Home\",\"item\":\"https:\/\/happyinaknit.com\/lt\/\"},{\"@type\":\"ListItem\",\"position\":2,\"name\":\"Parduotuv\u0117\",\"item\":\"https:\/\/happyinaknit.com\/lt\/parduotuve\/\"},{\"@type\":\"ListItem\",\"position\":3,\"name\":\"LOTUS YARNS rotacinis (360&#8242;) valas prisukamiems virbalams\"}]},{\"@type\":\"WebSite\",\"@id\":\"https:\/\/happyinaknit.com\/lt\/#website\",\"url\":\"https:\/\/happyinaknit.com\/lt\/\",\"name\":\"Happyinaknit.com\",\"description\":\"\",\"potentialAction\":[{\"@type\":\"SearchAction\",\"target\":{\"@type\":\"EntryPoint\",\"urlTemplate\":\"https:\/\/happyinaknit.com\/lt\/?s={search_term_string}\"},\"query-input\":{\"@type\":\"PropertyValueSpecification\",\"valueRequired\":true,\"valueName\":\"search_term_string\"}}],\"inLanguage\":\"lt-LT\"}]}<\/script>\n<!-- \/ Yoast SEO plugin. -->","yoast_head_json":{"title":"LOTUS YARNS rotacinis (360') valas prisukamiems virbalams - Happyinaknit.com","robots":{"index":"index","follow":"follow","max-snippet":"max-snippet:-1","max-image-preview":"max-image-preview:large","max-video-preview":"max-video-preview:-1"},"canonical":"https:\/\/happyinaknit.com\/lt\/produktas\/lotus-yarns-rotacinis-360-valas-prisukamiems-virbalams\/","og_locale":"lt_LT","og_type":"article","og_title":"LOTUS YARNS rotacinis (360') valas prisukamiems virbalams - Happyinaknit.com","og_description":"Rotacinis 360\u00b0 \u00a0valas prisukamiems virbalams \u00a0\u2013 lankstus, tvirtas ir patogus valas, u\u017etikrinantis skland\u0173 mezgim\u0105 ir maksimal\u0173 komfort\u0105. Savyb\u0117s: Pagamintas i\u0161 nailonu dengto ner\u016bdijan\u010dio plieno 360\u00b0 rotacinis valas \u2013 nesusisuka ir nevar\u017eo judesi\u0173 \u201eBe atminties\u201c \u2013 i\u0161laiko form\u0105 ir nesirie\u010dia Itin glotnus pavir\u0161ius \u2013 akys lengvai slysta Tvirtas ir lankstus, atsparus tempimui Ilgis pa\u017eym\u0117tas lazeriu ant [&hellip;]","og_url":"https:\/\/happyinaknit.com\/lt\/produktas\/lotus-yarns-rotacinis-360-valas-prisukamiems-virbalams\/","og_site_name":"Happyinaknit.com","article_modified_time":"2026-04-28T13:31:27+00:00","og_image":[{"width":1000,"height":1000,"url":"https:\/\/happyinaknit.com\/wp-content\/uploads\/2026\/04\/1_2_6717b21d-67ee-4a4a-9268-b81a270adace.jpg.webp","type":"image\/webp"}],"twitter_card":"summary_large_image","twitter_misc":{"Est. reading time":"1 minut\u0117"},"schema":{"@context":"https:\/\/schema.org","@graph":[{"@type":"WebPage","@id":"https:\/\/happyinaknit.com\/produktas\/lotus-yarns-rotacinis-360-valas-prisukamiems-virbalams\/","url":"https:\/\/happyinaknit.com\/produktas\/lotus-yarns-rotacinis-360-valas-prisukamiems-virbalams\/","name":"LOTUS YARNS rotacinis (360') valas prisukamiems virbalams - Happyinaknit.com","isPartOf":{"@id":"https:\/\/happyinaknit.com\/lt\/#website"},"primaryImageOfPage":{"@id":"https:\/\/happyinaknit.com\/produktas\/lotus-yarns-rotacinis-360-valas-prisukamiems-virbalams\/#primaryimage"},"image":{"@id":"https:\/\/happyinaknit.com\/produktas\/lotus-yarns-rotacinis-360-valas-prisukamiems-virbalams\/#primaryimage"},"thumbnailUrl":"https:\/\/happyinaknit.com\/wp-content\/uploads\/2026\/04\/1_2_6717b21d-67ee-4a4a-9268-b81a270adace.jpg.webp","datePublished":"2026-04-28T09:57:32+00:00","dateModified":"2026-04-28T13:31:27+00:00","breadcrumb":{"@id":"https:\/\/happyinaknit.com\/produktas\/lotus-yarns-rotacinis-360-valas-prisukamiems-virbalams\/#breadcrumb"},"inLanguage":"lt-LT","potentialAction":[{"@type":"ReadAction","target":["https:\/\/happyinaknit.com\/produktas\/lotus-yarns-rotacinis-360-valas-prisukamiems-virbalams\/"]}]},{"@type":"ImageObject","inLanguage":"lt-LT","@id":"https:\/\/happyinaknit.com\/produktas\/lotus-yarns-rotacinis-360-valas-prisukamiems-virbalams\/#primaryimage","url":"https:\/\/happyinaknit.com\/wp-content\/uploads\/2026\/04\/1_2_6717b21d-67ee-4a4a-9268-b81a270adace.jpg.webp","contentUrl":"https:\/\/happyinaknit.com\/wp-content\/uploads\/2026\/04\/1_2_6717b21d-67ee-4a4a-9268-b81a270adace.jpg.webp","width":1000,"height":1000},{"@type":"BreadcrumbList","@id":"https:\/\/happyinaknit.com\/produktas\/lotus-yarns-rotacinis-360-valas-prisukamiems-virbalams\/#breadcrumb","itemListElement":[{"@type":"ListItem","position":1,"name":"Home","item":"https:\/\/happyinaknit.com\/lt\/"},{"@type":"ListItem","position":2,"name":"Parduotuv\u0117","item":"https:\/\/happyinaknit.com\/lt\/parduotuve\/"},{"@type":"ListItem","position":3,"name":"LOTUS YARNS rotacinis (360&#8242;) valas prisukamiems virbalams"}]},{"@type":"WebSite","@id":"https:\/\/happyinaknit.com\/lt\/#website","url":"https:\/\/happyinaknit.com\/lt\/","name":"Happyinaknit.com","description":"","potentialAction":[{"@type":"SearchAction","target":{"@type":"EntryPoint","urlTemplate":"https:\/\/happyinaknit.com\/lt\/?s={search_term_string}"},"query-input":{"@type":"PropertyValueSpecification","valueRequired":true,"valueName":"search_term_string"}}],"inLanguage":"lt-LT"}]}},"_links":{"self":[{"href":"https:\/\/happyinaknit.com\/lt\/wp-json\/wp\/v2\/product\/8646","targetHints":{"allow":["GET"]}}],"collection":[{"href":"https:\/\/happyinaknit.com\/lt\/wp-json\/wp\/v2\/product"}],"about":[{"href":"https:\/\/happyinaknit.com\/lt\/wp-json\/wp\/v2\/types\/product"}],"replies":[{"embeddable":true,"href":"https:\/\/happyinaknit.com\/lt\/wp-json\/wp\/v2\/comments?post=8646"}],"wp:featuredmedia":[{"embeddable":true,"href":"https:\/\/happyinaknit.com\/lt\/wp-json\/wp\/v2\/media\/8647"}],"wp:attachment":[{"href":"https:\/\/happyinaknit.com\/lt\/wp-json\/wp\/v2\/media?parent=8646"}],"wp:term":[{"taxonomy":"product_brand","embeddable":true,"href":"https:\/\/happyinaknit.com\/lt\/wp-json\/wp\/v2\/product_brand?post=8646"},{"taxonomy":"product_cat","embeddable":true,"href":"https:\/\/happyinaknit.com\/lt\/wp-json\/wp\/v2\/product_cat?post=8646"},{"taxonomy":"product_tag","embeddable":true,"href":"https:\/\/happyinaknit.com\/lt\/wp-json\/wp\/v2\/product_tag?post=8646"},{"taxonomy":"pro-kategorijos","embeddable":true,"href":"https:\/\/happyinaknit.com\/lt\/wp-json\/wp\/v2\/pro-kategorijos?post=8646"}],"curies":[{"name":"wp","href":"https:\/\/api.w.org\/{rel}","templated":true}]}}