{"id":8542,"date":"2026-04-27T20:12:51","date_gmt":"2026-04-27T20:12:51","guid":{"rendered":"https:\/\/happyinaknit.com\/?post_type=product&#038;p=8542"},"modified":"2026-04-27T20:21:08","modified_gmt":"2026-04-27T20:21:08","slug":"lotus-yarns-kalediniai-virbalu-antgaliai","status":"publish","type":"product","link":"https:\/\/happyinaknit.com\/lt\/produktas\/lotus-yarns-kalediniai-virbalu-antgaliai\/","title":{"rendered":"Lotus yarns kal\u0117diniai virbal\u0173 antgaliai"},"content":{"rendered":"<p><b>Kal\u0117diniai virbal\u0173 antgaliai (Christmas Point Protectors)<\/b> \u2013 mieli ir \u017eaismingi aksesuarai, kurie pad\u0117s i\u0161laikyti akis saugiai ant virbal\u0173 ir suteiks j\u016bs\u0173 mezginiams \u0161ventin\u0117s nuotaikos.<\/p>\n<p><b>Savyb\u0117s:<\/b><b><\/b><\/p>\n<ul>\n<li>Apsaugo akis nuo nuslydimo nuo virbal\u0173<\/li>\n<li>Patikimai i\u0161laiko akis vietoje<\/li>\n<li>Mink\u0161ti, lankst\u016bs ir malon\u016bs liesti<\/li>\n<li>Tinka virbalams nuo 2.0 mm iki 12.0 mm<\/li>\n<li>Dekoratyvus kal\u0117dinis dizainas<\/li>\n<li>Komplekte: 2 vnt.<\/li>\n<\/ul>\n<p><b>Naudojimas:<\/b><b><\/b><\/p>\n<p>U\u017emaukite antgalius ant virbal\u0173 gal\u0173, kai nedirbate arba transportuojate mezgin\u012f.<\/p>\n<p><b>\u012esp\u0117jimas:<\/b><b><\/b><\/p>\n<p>Laikyti atokiai nuo vaik\u0173, nes d\u0117l savo i\u0161vaizdos gali b\u016bti supainioti su saldainiais.<\/p>\n","protected":false},"excerpt":{"rendered":"<p>Kal\u0117diniai virbal\u0173 antgaliai (Christmas Point Protectors) \u2013 mieli ir \u017eaismingi aksesuarai, kurie pad\u0117s i\u0161laikyti akis saugiai ant virbal\u0173 ir suteiks j\u016bs\u0173 mezginiams \u0161ventin\u0117s nuotaikos. Savyb\u0117s: Apsaugo akis nuo nuslydimo nuo virbal\u0173 Patikimai i\u0161laiko akis vietoje Mink\u0161ti, lankst\u016bs ir malon\u016bs liesti Tinka virbalams nuo 2.0 mm iki 12.0 mm Dekoratyvus kal\u0117dinis dizainas Komplekte: 2 vnt. Naudojimas: [&hellip;]<\/p>\n","protected":false},"featured_media":8544,"comment_status":"open","ping_status":"closed","template":"","meta":{"_acf_changed":false},"product_brand":[1639],"product_cat":[15,868,19],"product_tag":[30],"pro-kategorijos":[],"class_list":{"0":"post-8542","1":"product","2":"type-product","3":"status-publish","4":"has-post-thumbnail","6":"product_brand-lotus-yarns","7":"product_cat-visi-produktai","8":"product_cat-antgaliaistabdziukai","9":"product_cat-mezgimo-priemones","10":"product_tag-naujiena","12":"first","13":"instock","14":"shipping-taxable","15":"purchasable","16":"product-type-variable"},"acf":[],"yoast_head":"<!-- This site is optimized with the Yoast SEO plugin v26.8 - https:\/\/yoast.com\/product\/yoast-seo-wordpress\/ -->\n<title>Lotus yarns kal\u0117diniai virbal\u0173 antgaliai - Happyinaknit.com<\/title>\n<meta name=\"robots\" content=\"index, follow, max-snippet:-1, max-image-preview:large, max-video-preview:-1\" \/>\n<link rel=\"canonical\" href=\"https:\/\/happyinaknit.com\/lt\/produktas\/lotus-yarns-kalediniai-virbalu-antgaliai\/\" \/>\n<meta property=\"og:locale\" content=\"lt_LT\" \/>\n<meta property=\"og:type\" content=\"article\" \/>\n<meta property=\"og:title\" content=\"Lotus yarns kal\u0117diniai virbal\u0173 antgaliai - Happyinaknit.com\" \/>\n<meta property=\"og:description\" content=\"Kal\u0117diniai virbal\u0173 antgaliai (Christmas Point Protectors) \u2013 mieli ir \u017eaismingi aksesuarai, kurie pad\u0117s i\u0161laikyti akis saugiai ant virbal\u0173 ir suteiks j\u016bs\u0173 mezginiams \u0161ventin\u0117s nuotaikos. Savyb\u0117s: Apsaugo akis nuo nuslydimo nuo virbal\u0173 Patikimai i\u0161laiko akis vietoje Mink\u0161ti, lankst\u016bs ir malon\u016bs liesti Tinka virbalams nuo 2.0 mm iki 12.0 mm Dekoratyvus kal\u0117dinis dizainas Komplekte: 2 vnt. Naudojimas: [&hellip;]\" \/>\n<meta property=\"og:url\" content=\"https:\/\/happyinaknit.com\/lt\/produktas\/lotus-yarns-kalediniai-virbalu-antgaliai\/\" \/>\n<meta property=\"og:site_name\" content=\"Happyinaknit.com\" \/>\n<meta property=\"article:modified_time\" content=\"2026-04-27T20:21:08+00:00\" \/>\n<meta property=\"og:image\" content=\"https:\/\/happyinaknit.com\/wp-content\/uploads\/2026\/04\/2_9521a395-9a93-4aaf-b4fb-d088c5e5e191.jpg.webp\" \/>\n\t<meta property=\"og:image:width\" content=\"1100\" \/>\n\t<meta property=\"og:image:height\" content=\"1100\" \/>\n\t<meta property=\"og:image:type\" content=\"image\/webp\" \/>\n<meta name=\"twitter:card\" content=\"summary_large_image\" \/>\n<meta name=\"twitter:label1\" content=\"Est. reading time\" \/>\n\t<meta name=\"twitter:data1\" content=\"1 minut\u0117\" \/>\n<script type=\"application\/ld+json\" class=\"yoast-schema-graph\">{\"@context\":\"https:\/\/schema.org\",\"@graph\":[{\"@type\":\"WebPage\",\"@id\":\"https:\/\/happyinaknit.com\/produktas\/lotus-yarns-kalediniai-virbalu-antgaliai\/\",\"url\":\"https:\/\/happyinaknit.com\/produktas\/lotus-yarns-kalediniai-virbalu-antgaliai\/\",\"name\":\"Lotus yarns kal\u0117diniai virbal\u0173 antgaliai - Happyinaknit.com\",\"isPartOf\":{\"@id\":\"https:\/\/happyinaknit.com\/lt\/#website\"},\"primaryImageOfPage\":{\"@id\":\"https:\/\/happyinaknit.com\/produktas\/lotus-yarns-kalediniai-virbalu-antgaliai\/#primaryimage\"},\"image\":{\"@id\":\"https:\/\/happyinaknit.com\/produktas\/lotus-yarns-kalediniai-virbalu-antgaliai\/#primaryimage\"},\"thumbnailUrl\":\"https:\/\/happyinaknit.com\/wp-content\/uploads\/2026\/04\/2_9521a395-9a93-4aaf-b4fb-d088c5e5e191.jpg.webp\",\"datePublished\":\"2026-04-27T20:12:51+00:00\",\"dateModified\":\"2026-04-27T20:21:08+00:00\",\"breadcrumb\":{\"@id\":\"https:\/\/happyinaknit.com\/produktas\/lotus-yarns-kalediniai-virbalu-antgaliai\/#breadcrumb\"},\"inLanguage\":\"lt-LT\",\"potentialAction\":[{\"@type\":\"ReadAction\",\"target\":[\"https:\/\/happyinaknit.com\/produktas\/lotus-yarns-kalediniai-virbalu-antgaliai\/\"]}]},{\"@type\":\"ImageObject\",\"inLanguage\":\"lt-LT\",\"@id\":\"https:\/\/happyinaknit.com\/produktas\/lotus-yarns-kalediniai-virbalu-antgaliai\/#primaryimage\",\"url\":\"https:\/\/happyinaknit.com\/wp-content\/uploads\/2026\/04\/2_9521a395-9a93-4aaf-b4fb-d088c5e5e191.jpg.webp\",\"contentUrl\":\"https:\/\/happyinaknit.com\/wp-content\/uploads\/2026\/04\/2_9521a395-9a93-4aaf-b4fb-d088c5e5e191.jpg.webp\",\"width\":1100,\"height\":1100},{\"@type\":\"BreadcrumbList\",\"@id\":\"https:\/\/happyinaknit.com\/produktas\/lotus-yarns-kalediniai-virbalu-antgaliai\/#breadcrumb\",\"itemListElement\":[{\"@type\":\"ListItem\",\"position\":1,\"name\":\"Home\",\"item\":\"https:\/\/happyinaknit.com\/lt\/\"},{\"@type\":\"ListItem\",\"position\":2,\"name\":\"Parduotuv\u0117\",\"item\":\"https:\/\/happyinaknit.com\/lt\/parduotuve\/\"},{\"@type\":\"ListItem\",\"position\":3,\"name\":\"Lotus yarns kal\u0117diniai virbal\u0173 antgaliai\"}]},{\"@type\":\"WebSite\",\"@id\":\"https:\/\/happyinaknit.com\/lt\/#website\",\"url\":\"https:\/\/happyinaknit.com\/lt\/\",\"name\":\"Happyinaknit.com\",\"description\":\"\",\"potentialAction\":[{\"@type\":\"SearchAction\",\"target\":{\"@type\":\"EntryPoint\",\"urlTemplate\":\"https:\/\/happyinaknit.com\/lt\/?s={search_term_string}\"},\"query-input\":{\"@type\":\"PropertyValueSpecification\",\"valueRequired\":true,\"valueName\":\"search_term_string\"}}],\"inLanguage\":\"lt-LT\"}]}<\/script>\n<!-- \/ Yoast SEO plugin. -->","yoast_head_json":{"title":"Lotus yarns kal\u0117diniai virbal\u0173 antgaliai - Happyinaknit.com","robots":{"index":"index","follow":"follow","max-snippet":"max-snippet:-1","max-image-preview":"max-image-preview:large","max-video-preview":"max-video-preview:-1"},"canonical":"https:\/\/happyinaknit.com\/lt\/produktas\/lotus-yarns-kalediniai-virbalu-antgaliai\/","og_locale":"lt_LT","og_type":"article","og_title":"Lotus yarns kal\u0117diniai virbal\u0173 antgaliai - Happyinaknit.com","og_description":"Kal\u0117diniai virbal\u0173 antgaliai (Christmas Point Protectors) \u2013 mieli ir \u017eaismingi aksesuarai, kurie pad\u0117s i\u0161laikyti akis saugiai ant virbal\u0173 ir suteiks j\u016bs\u0173 mezginiams \u0161ventin\u0117s nuotaikos. Savyb\u0117s: Apsaugo akis nuo nuslydimo nuo virbal\u0173 Patikimai i\u0161laiko akis vietoje Mink\u0161ti, lankst\u016bs ir malon\u016bs liesti Tinka virbalams nuo 2.0 mm iki 12.0 mm Dekoratyvus kal\u0117dinis dizainas Komplekte: 2 vnt. Naudojimas: [&hellip;]","og_url":"https:\/\/happyinaknit.com\/lt\/produktas\/lotus-yarns-kalediniai-virbalu-antgaliai\/","og_site_name":"Happyinaknit.com","article_modified_time":"2026-04-27T20:21:08+00:00","og_image":[{"width":1100,"height":1100,"url":"https:\/\/happyinaknit.com\/wp-content\/uploads\/2026\/04\/2_9521a395-9a93-4aaf-b4fb-d088c5e5e191.jpg.webp","type":"image\/webp"}],"twitter_card":"summary_large_image","twitter_misc":{"Est. reading time":"1 minut\u0117"},"schema":{"@context":"https:\/\/schema.org","@graph":[{"@type":"WebPage","@id":"https:\/\/happyinaknit.com\/produktas\/lotus-yarns-kalediniai-virbalu-antgaliai\/","url":"https:\/\/happyinaknit.com\/produktas\/lotus-yarns-kalediniai-virbalu-antgaliai\/","name":"Lotus yarns kal\u0117diniai virbal\u0173 antgaliai - Happyinaknit.com","isPartOf":{"@id":"https:\/\/happyinaknit.com\/lt\/#website"},"primaryImageOfPage":{"@id":"https:\/\/happyinaknit.com\/produktas\/lotus-yarns-kalediniai-virbalu-antgaliai\/#primaryimage"},"image":{"@id":"https:\/\/happyinaknit.com\/produktas\/lotus-yarns-kalediniai-virbalu-antgaliai\/#primaryimage"},"thumbnailUrl":"https:\/\/happyinaknit.com\/wp-content\/uploads\/2026\/04\/2_9521a395-9a93-4aaf-b4fb-d088c5e5e191.jpg.webp","datePublished":"2026-04-27T20:12:51+00:00","dateModified":"2026-04-27T20:21:08+00:00","breadcrumb":{"@id":"https:\/\/happyinaknit.com\/produktas\/lotus-yarns-kalediniai-virbalu-antgaliai\/#breadcrumb"},"inLanguage":"lt-LT","potentialAction":[{"@type":"ReadAction","target":["https:\/\/happyinaknit.com\/produktas\/lotus-yarns-kalediniai-virbalu-antgaliai\/"]}]},{"@type":"ImageObject","inLanguage":"lt-LT","@id":"https:\/\/happyinaknit.com\/produktas\/lotus-yarns-kalediniai-virbalu-antgaliai\/#primaryimage","url":"https:\/\/happyinaknit.com\/wp-content\/uploads\/2026\/04\/2_9521a395-9a93-4aaf-b4fb-d088c5e5e191.jpg.webp","contentUrl":"https:\/\/happyinaknit.com\/wp-content\/uploads\/2026\/04\/2_9521a395-9a93-4aaf-b4fb-d088c5e5e191.jpg.webp","width":1100,"height":1100},{"@type":"BreadcrumbList","@id":"https:\/\/happyinaknit.com\/produktas\/lotus-yarns-kalediniai-virbalu-antgaliai\/#breadcrumb","itemListElement":[{"@type":"ListItem","position":1,"name":"Home","item":"https:\/\/happyinaknit.com\/lt\/"},{"@type":"ListItem","position":2,"name":"Parduotuv\u0117","item":"https:\/\/happyinaknit.com\/lt\/parduotuve\/"},{"@type":"ListItem","position":3,"name":"Lotus yarns kal\u0117diniai virbal\u0173 antgaliai"}]},{"@type":"WebSite","@id":"https:\/\/happyinaknit.com\/lt\/#website","url":"https:\/\/happyinaknit.com\/lt\/","name":"Happyinaknit.com","description":"","potentialAction":[{"@type":"SearchAction","target":{"@type":"EntryPoint","urlTemplate":"https:\/\/happyinaknit.com\/lt\/?s={search_term_string}"},"query-input":{"@type":"PropertyValueSpecification","valueRequired":true,"valueName":"search_term_string"}}],"inLanguage":"lt-LT"}]}},"_links":{"self":[{"href":"https:\/\/happyinaknit.com\/lt\/wp-json\/wp\/v2\/product\/8542","targetHints":{"allow":["GET"]}}],"collection":[{"href":"https:\/\/happyinaknit.com\/lt\/wp-json\/wp\/v2\/product"}],"about":[{"href":"https:\/\/happyinaknit.com\/lt\/wp-json\/wp\/v2\/types\/product"}],"replies":[{"embeddable":true,"href":"https:\/\/happyinaknit.com\/lt\/wp-json\/wp\/v2\/comments?post=8542"}],"wp:featuredmedia":[{"embeddable":true,"href":"https:\/\/happyinaknit.com\/lt\/wp-json\/wp\/v2\/media\/8544"}],"wp:attachment":[{"href":"https:\/\/happyinaknit.com\/lt\/wp-json\/wp\/v2\/media?parent=8542"}],"wp:term":[{"taxonomy":"product_brand","embeddable":true,"href":"https:\/\/happyinaknit.com\/lt\/wp-json\/wp\/v2\/product_brand?post=8542"},{"taxonomy":"product_cat","embeddable":true,"href":"https:\/\/happyinaknit.com\/lt\/wp-json\/wp\/v2\/product_cat?post=8542"},{"taxonomy":"product_tag","embeddable":true,"href":"https:\/\/happyinaknit.com\/lt\/wp-json\/wp\/v2\/product_tag?post=8542"},{"taxonomy":"pro-kategorijos","embeddable":true,"href":"https:\/\/happyinaknit.com\/lt\/wp-json\/wp\/v2\/pro-kategorijos?post=8542"}],"curies":[{"name":"wp","href":"https:\/\/api.w.org\/{rel}","templated":true}]}}