{"id":8405,"date":"2026-04-18T21:05:06","date_gmt":"2026-04-18T21:05:06","guid":{"rendered":"https:\/\/happyinaknit.com\/?post_type=product&#038;p=8405"},"modified":"2026-04-18T21:05:07","modified_gmt":"2026-04-18T21:05:07","slug":"lang-yarns-punto-90-cotton-tweed","status":"publish","type":"product","link":"https:\/\/happyinaknit.com\/lt\/produktas\/lang-yarns-punto-90-cotton-tweed\/","title":{"rendered":"Lang Yarns Punto 90 COTTON TWEED"},"content":{"rendered":"<p>\u017durnale pateikiami <b>8 modeliai<\/b>, skirti mezgimui i\u0161 COTTON TWEED si\u016bl\u0173 \u2014 modern\u016bs ir universal\u016bs drabu\u017eiai \u0161iltajam sezonui.<\/p>\n<p><b>Apra\u0161ymo kalba: <\/b><b><\/b>Rus\u0173<\/p>\n<p><b>Pastaba:<\/b><b><\/b><\/p>\n<p>\u017durnale pateiktos i\u0161samios instrukcijos visiems modeliams.<\/p>\n<p><b>Pastaba:<\/b> spalv\u0173 atspalviai gali \u0161iek tiek skirtis priklausomai nuo \u012frenginio ekrano.<\/p>\n","protected":false},"excerpt":{"rendered":"<p>\u017durnale pateikiami 8 modeliai, skirti mezgimui i\u0161 COTTON TWEED si\u016bl\u0173 \u2014 modern\u016bs ir universal\u016bs drabu\u017eiai \u0161iltajam sezonui. Apra\u0161ymo kalba: Rus\u0173 Pastaba: \u017durnale pateiktos i\u0161samios instrukcijos visiems modeliams. Pastaba: spalv\u0173 atspalviai gali \u0161iek tiek skirtis priklausomai nuo \u012frenginio ekrano.<\/p>\n","protected":false},"featured_media":8406,"comment_status":"open","ping_status":"closed","template":"","meta":{"_acf_changed":false},"product_brand":[70],"product_cat":[15,397],"product_tag":[30],"pro-kategorijos":[],"class_list":{"0":"post-8405","1":"product","2":"type-product","3":"status-publish","4":"has-post-thumbnail","6":"product_brand-lang-yarns","7":"product_cat-visi-produktai","8":"product_cat-spauda","9":"product_tag-naujiena","11":"first","12":"instock","13":"shipping-taxable","14":"purchasable","15":"product-type-simple"},"acf":[],"yoast_head":"<!-- This site is optimized with the Yoast SEO plugin v26.8 - https:\/\/yoast.com\/product\/yoast-seo-wordpress\/ -->\n<title>Lang Yarns Punto 90 COTTON TWEED - Happyinaknit.com<\/title>\n<meta name=\"robots\" content=\"index, follow, max-snippet:-1, max-image-preview:large, max-video-preview:-1\" \/>\n<link rel=\"canonical\" href=\"https:\/\/happyinaknit.com\/lt\/produktas\/lang-yarns-punto-90-cotton-tweed\/\" \/>\n<meta property=\"og:locale\" content=\"lt_LT\" \/>\n<meta property=\"og:type\" content=\"article\" \/>\n<meta property=\"og:title\" content=\"Lang Yarns Punto 90 COTTON TWEED - Happyinaknit.com\" \/>\n<meta property=\"og:description\" content=\"\u017durnale pateikiami 8 modeliai, skirti mezgimui i\u0161 COTTON TWEED si\u016bl\u0173 \u2014 modern\u016bs ir universal\u016bs drabu\u017eiai \u0161iltajam sezonui. Apra\u0161ymo kalba: Rus\u0173 Pastaba: \u017durnale pateiktos i\u0161samios instrukcijos visiems modeliams. Pastaba: spalv\u0173 atspalviai gali \u0161iek tiek skirtis priklausomai nuo \u012frenginio ekrano.\" \/>\n<meta property=\"og:url\" content=\"https:\/\/happyinaknit.com\/lt\/produktas\/lang-yarns-punto-90-cotton-tweed\/\" \/>\n<meta property=\"og:site_name\" content=\"Happyinaknit.com\" \/>\n<meta property=\"article:modified_time\" content=\"2026-04-18T21:05:07+00:00\" \/>\n<meta property=\"og:image\" content=\"https:\/\/happyinaknit.com\/wp-content\/uploads\/2026\/04\/2590_Punto.jpg\" \/>\n\t<meta property=\"og:image:width\" content=\"400\" \/>\n\t<meta property=\"og:image:height\" content=\"500\" \/>\n\t<meta property=\"og:image:type\" content=\"image\/jpeg\" \/>\n<meta name=\"twitter:card\" content=\"summary_large_image\" \/>\n<meta name=\"twitter:label1\" content=\"Est. reading time\" \/>\n\t<meta name=\"twitter:data1\" content=\"1 minut\u0117\" \/>\n<script type=\"application\/ld+json\" class=\"yoast-schema-graph\">{\"@context\":\"https:\/\/schema.org\",\"@graph\":[{\"@type\":\"WebPage\",\"@id\":\"https:\/\/happyinaknit.com\/produktas\/lang-yarns-punto-90-cotton-tweed\/\",\"url\":\"https:\/\/happyinaknit.com\/produktas\/lang-yarns-punto-90-cotton-tweed\/\",\"name\":\"Lang Yarns Punto 90 COTTON TWEED - Happyinaknit.com\",\"isPartOf\":{\"@id\":\"https:\/\/happyinaknit.com\/lt\/#website\"},\"primaryImageOfPage\":{\"@id\":\"https:\/\/happyinaknit.com\/produktas\/lang-yarns-punto-90-cotton-tweed\/#primaryimage\"},\"image\":{\"@id\":\"https:\/\/happyinaknit.com\/produktas\/lang-yarns-punto-90-cotton-tweed\/#primaryimage\"},\"thumbnailUrl\":\"https:\/\/happyinaknit.com\/wp-content\/uploads\/2026\/04\/2590_Punto.jpg\",\"datePublished\":\"2026-04-18T21:05:06+00:00\",\"dateModified\":\"2026-04-18T21:05:07+00:00\",\"breadcrumb\":{\"@id\":\"https:\/\/happyinaknit.com\/produktas\/lang-yarns-punto-90-cotton-tweed\/#breadcrumb\"},\"inLanguage\":\"lt-LT\",\"potentialAction\":[{\"@type\":\"ReadAction\",\"target\":[\"https:\/\/happyinaknit.com\/produktas\/lang-yarns-punto-90-cotton-tweed\/\"]}]},{\"@type\":\"ImageObject\",\"inLanguage\":\"lt-LT\",\"@id\":\"https:\/\/happyinaknit.com\/produktas\/lang-yarns-punto-90-cotton-tweed\/#primaryimage\",\"url\":\"https:\/\/happyinaknit.com\/wp-content\/uploads\/2026\/04\/2590_Punto.jpg\",\"contentUrl\":\"https:\/\/happyinaknit.com\/wp-content\/uploads\/2026\/04\/2590_Punto.jpg\",\"width\":400,\"height\":500},{\"@type\":\"BreadcrumbList\",\"@id\":\"https:\/\/happyinaknit.com\/produktas\/lang-yarns-punto-90-cotton-tweed\/#breadcrumb\",\"itemListElement\":[{\"@type\":\"ListItem\",\"position\":1,\"name\":\"Home\",\"item\":\"https:\/\/happyinaknit.com\/lt\/\"},{\"@type\":\"ListItem\",\"position\":2,\"name\":\"Parduotuv\u0117\",\"item\":\"https:\/\/happyinaknit.com\/lt\/parduotuve\/\"},{\"@type\":\"ListItem\",\"position\":3,\"name\":\"Lang Yarns Punto 90 COTTON TWEED\"}]},{\"@type\":\"WebSite\",\"@id\":\"https:\/\/happyinaknit.com\/lt\/#website\",\"url\":\"https:\/\/happyinaknit.com\/lt\/\",\"name\":\"Happyinaknit.com\",\"description\":\"\",\"potentialAction\":[{\"@type\":\"SearchAction\",\"target\":{\"@type\":\"EntryPoint\",\"urlTemplate\":\"https:\/\/happyinaknit.com\/lt\/?s={search_term_string}\"},\"query-input\":{\"@type\":\"PropertyValueSpecification\",\"valueRequired\":true,\"valueName\":\"search_term_string\"}}],\"inLanguage\":\"lt-LT\"}]}<\/script>\n<!-- \/ Yoast SEO plugin. -->","yoast_head_json":{"title":"Lang Yarns Punto 90 COTTON TWEED - Happyinaknit.com","robots":{"index":"index","follow":"follow","max-snippet":"max-snippet:-1","max-image-preview":"max-image-preview:large","max-video-preview":"max-video-preview:-1"},"canonical":"https:\/\/happyinaknit.com\/lt\/produktas\/lang-yarns-punto-90-cotton-tweed\/","og_locale":"lt_LT","og_type":"article","og_title":"Lang Yarns Punto 90 COTTON TWEED - Happyinaknit.com","og_description":"\u017durnale pateikiami 8 modeliai, skirti mezgimui i\u0161 COTTON TWEED si\u016bl\u0173 \u2014 modern\u016bs ir universal\u016bs drabu\u017eiai \u0161iltajam sezonui. Apra\u0161ymo kalba: Rus\u0173 Pastaba: \u017durnale pateiktos i\u0161samios instrukcijos visiems modeliams. Pastaba: spalv\u0173 atspalviai gali \u0161iek tiek skirtis priklausomai nuo \u012frenginio ekrano.","og_url":"https:\/\/happyinaknit.com\/lt\/produktas\/lang-yarns-punto-90-cotton-tweed\/","og_site_name":"Happyinaknit.com","article_modified_time":"2026-04-18T21:05:07+00:00","og_image":[{"width":400,"height":500,"url":"https:\/\/happyinaknit.com\/wp-content\/uploads\/2026\/04\/2590_Punto.jpg","type":"image\/jpeg"}],"twitter_card":"summary_large_image","twitter_misc":{"Est. reading time":"1 minut\u0117"},"schema":{"@context":"https:\/\/schema.org","@graph":[{"@type":"WebPage","@id":"https:\/\/happyinaknit.com\/produktas\/lang-yarns-punto-90-cotton-tweed\/","url":"https:\/\/happyinaknit.com\/produktas\/lang-yarns-punto-90-cotton-tweed\/","name":"Lang Yarns Punto 90 COTTON TWEED - Happyinaknit.com","isPartOf":{"@id":"https:\/\/happyinaknit.com\/lt\/#website"},"primaryImageOfPage":{"@id":"https:\/\/happyinaknit.com\/produktas\/lang-yarns-punto-90-cotton-tweed\/#primaryimage"},"image":{"@id":"https:\/\/happyinaknit.com\/produktas\/lang-yarns-punto-90-cotton-tweed\/#primaryimage"},"thumbnailUrl":"https:\/\/happyinaknit.com\/wp-content\/uploads\/2026\/04\/2590_Punto.jpg","datePublished":"2026-04-18T21:05:06+00:00","dateModified":"2026-04-18T21:05:07+00:00","breadcrumb":{"@id":"https:\/\/happyinaknit.com\/produktas\/lang-yarns-punto-90-cotton-tweed\/#breadcrumb"},"inLanguage":"lt-LT","potentialAction":[{"@type":"ReadAction","target":["https:\/\/happyinaknit.com\/produktas\/lang-yarns-punto-90-cotton-tweed\/"]}]},{"@type":"ImageObject","inLanguage":"lt-LT","@id":"https:\/\/happyinaknit.com\/produktas\/lang-yarns-punto-90-cotton-tweed\/#primaryimage","url":"https:\/\/happyinaknit.com\/wp-content\/uploads\/2026\/04\/2590_Punto.jpg","contentUrl":"https:\/\/happyinaknit.com\/wp-content\/uploads\/2026\/04\/2590_Punto.jpg","width":400,"height":500},{"@type":"BreadcrumbList","@id":"https:\/\/happyinaknit.com\/produktas\/lang-yarns-punto-90-cotton-tweed\/#breadcrumb","itemListElement":[{"@type":"ListItem","position":1,"name":"Home","item":"https:\/\/happyinaknit.com\/lt\/"},{"@type":"ListItem","position":2,"name":"Parduotuv\u0117","item":"https:\/\/happyinaknit.com\/lt\/parduotuve\/"},{"@type":"ListItem","position":3,"name":"Lang Yarns Punto 90 COTTON TWEED"}]},{"@type":"WebSite","@id":"https:\/\/happyinaknit.com\/lt\/#website","url":"https:\/\/happyinaknit.com\/lt\/","name":"Happyinaknit.com","description":"","potentialAction":[{"@type":"SearchAction","target":{"@type":"EntryPoint","urlTemplate":"https:\/\/happyinaknit.com\/lt\/?s={search_term_string}"},"query-input":{"@type":"PropertyValueSpecification","valueRequired":true,"valueName":"search_term_string"}}],"inLanguage":"lt-LT"}]}},"_links":{"self":[{"href":"https:\/\/happyinaknit.com\/lt\/wp-json\/wp\/v2\/product\/8405","targetHints":{"allow":["GET"]}}],"collection":[{"href":"https:\/\/happyinaknit.com\/lt\/wp-json\/wp\/v2\/product"}],"about":[{"href":"https:\/\/happyinaknit.com\/lt\/wp-json\/wp\/v2\/types\/product"}],"replies":[{"embeddable":true,"href":"https:\/\/happyinaknit.com\/lt\/wp-json\/wp\/v2\/comments?post=8405"}],"wp:featuredmedia":[{"embeddable":true,"href":"https:\/\/happyinaknit.com\/lt\/wp-json\/wp\/v2\/media\/8406"}],"wp:attachment":[{"href":"https:\/\/happyinaknit.com\/lt\/wp-json\/wp\/v2\/media?parent=8405"}],"wp:term":[{"taxonomy":"product_brand","embeddable":true,"href":"https:\/\/happyinaknit.com\/lt\/wp-json\/wp\/v2\/product_brand?post=8405"},{"taxonomy":"product_cat","embeddable":true,"href":"https:\/\/happyinaknit.com\/lt\/wp-json\/wp\/v2\/product_cat?post=8405"},{"taxonomy":"product_tag","embeddable":true,"href":"https:\/\/happyinaknit.com\/lt\/wp-json\/wp\/v2\/product_tag?post=8405"},{"taxonomy":"pro-kategorijos","embeddable":true,"href":"https:\/\/happyinaknit.com\/lt\/wp-json\/wp\/v2\/pro-kategorijos?post=8405"}],"curies":[{"name":"wp","href":"https:\/\/api.w.org\/{rel}","templated":true}]}}