{"id":8290,"date":"2026-03-25T10:54:16","date_gmt":"2026-03-25T10:54:16","guid":{"rendered":"https:\/\/happyinaknit.com\/?post_type=product&#038;p=8290"},"modified":"2026-04-08T15:00:15","modified_gmt":"2026-04-08T15:00:15","slug":"rico-design-creative-make-it-perlchen-crystal","status":"publish","type":"product","link":"https:\/\/happyinaknit.com\/lt\/produktas\/rico-design-creative-make-it-perlchen-crystal\/","title":{"rendered":"Rico Design Creative Make It Perlchen Crystal"},"content":{"rendered":"<p><b>Creative Make It Perlchen<\/b> \u2013 subtilus akcentas j\u016bs\u0173 mezginiams ir n\u0117riniams. \u0160ie si\u016blai su \u012fvertais stiklo karoliukais suteikia gaminiams lengv\u0105 \u017evilges\u012f, tekst\u016br\u0105 ir i\u0161skirtin\u012f charakter\u012f, nekeisdami pagrindinio ra\u0161to.<\/p>\n<p>\u2022\u012e si\u016bl\u0105 integruoti stiklo karoliukai suteikia subtil\u0173 blizges\u012f<\/p>\n<p>\u2022Puikiai tinka naudoti kartu su kitais si\u016blais<\/p>\n<p>\u2022Susuktas si\u016blas leid\u017eia karoliukams lengvai jud\u0117ti, bet i\u0161laiko j\u0173 viet\u0105<\/p>\n<p>\u2022Suteikia mezginiams lengv\u0105 tekst\u016br\u0105 ir dekoratyv\u0173 efekt\u0105<\/p>\n<p><b>Sud\u0117tis: <\/b><b><\/b>100 % liocelis + stiklo karoliukai<\/p>\n<p><b>Svoris \/ ilgis: <\/b><b><\/b>25 g &#8211; 255 m<\/p>\n<p><b>Rekomenduojami virbalai: <\/b><b><\/b>Naudojami kaip pridedami si\u016blai kartu su kitais si\u016blais<\/p>\n<p><b>Tankumas: <\/b><b><\/b>Priklauso nuo pagrindini\u0173 si\u016bl\u0173<\/p>\n<p><b>Apytikris sunaudojimas: <\/b><b><\/b>Priklauso nuo projekto ir derinam\u0173 si\u016bl\u0173 kiekio<\/p>\n<p><b>Prie\u017ei\u016bra:<\/b><b><\/b><\/p>\n<p>Rekomenduojama skalbti rankomis, d\u017eiovinti patiesus<\/p>\n<p><b>Pastaba:<\/b><b><\/b><\/p>\n<p>Spalv\u0173 atspalviai gali \u0161iek tiek skirtis priklausomai nuo \u012frenginio ekrano.<\/p>\n","protected":false},"excerpt":{"rendered":"<p>Creative Make It Perlchen \u2013 subtilus akcentas j\u016bs\u0173 mezginiams ir n\u0117riniams. \u0160ie si\u016blai su \u012fvertais stiklo karoliukais suteikia gaminiams lengv\u0105 \u017evilges\u012f, tekst\u016br\u0105 ir i\u0161skirtin\u012f charakter\u012f, nekeisdami pagrindinio ra\u0161to. \u2022\u012e si\u016bl\u0105 integruoti stiklo karoliukai suteikia subtil\u0173 blizges\u012f \u2022Puikiai tinka naudoti kartu su kitais si\u016blais \u2022Susuktas si\u016blas leid\u017eia karoliukams lengvai jud\u0117ti, bet i\u0161laiko j\u0173 viet\u0105 \u2022Suteikia mezginiams [&hellip;]<\/p>\n","protected":false},"featured_media":8285,"comment_status":"open","ping_status":"closed","template":"","meta":{"_acf_changed":false},"product_brand":[68],"product_cat":[15,18,323],"product_tag":[30,96],"pro-kategorijos":[],"class_list":{"0":"post-8290","1":"product","2":"type-product","3":"status-publish","4":"has-post-thumbnail","6":"product_brand-rico-design","7":"product_cat-visi-produktai","8":"product_cat-siulai","9":"product_cat-siulai-su-lureksu-ir-zvyneliais","10":"product_tag-naujiena","11":"product_tag-top","13":"first","14":"instock","15":"shipping-taxable","16":"purchasable","17":"product-type-variable"},"acf":[],"yoast_head":"<!-- This site is optimized with the Yoast SEO plugin v26.8 - https:\/\/yoast.com\/product\/yoast-seo-wordpress\/ -->\n<title>Rico Design Creative Make It Perlchen Crystal - Happyinaknit.com<\/title>\n<meta name=\"robots\" content=\"index, follow, max-snippet:-1, max-image-preview:large, max-video-preview:-1\" \/>\n<link rel=\"canonical\" href=\"https:\/\/happyinaknit.com\/lt\/produktas\/rico-design-creative-make-it-perlchen-crystal\/\" \/>\n<meta property=\"og:locale\" content=\"lt_LT\" \/>\n<meta property=\"og:type\" content=\"article\" \/>\n<meta property=\"og:title\" content=\"Rico Design Creative Make It Perlchen Crystal - Happyinaknit.com\" \/>\n<meta property=\"og:description\" content=\"Creative Make It Perlchen \u2013 subtilus akcentas j\u016bs\u0173 mezginiams ir n\u0117riniams. \u0160ie si\u016blai su \u012fvertais stiklo karoliukais suteikia gaminiams lengv\u0105 \u017evilges\u012f, tekst\u016br\u0105 ir i\u0161skirtin\u012f charakter\u012f, nekeisdami pagrindinio ra\u0161to. \u2022\u012e si\u016bl\u0105 integruoti stiklo karoliukai suteikia subtil\u0173 blizges\u012f \u2022Puikiai tinka naudoti kartu su kitais si\u016blais \u2022Susuktas si\u016blas leid\u017eia karoliukams lengvai jud\u0117ti, bet i\u0161laiko j\u0173 viet\u0105 \u2022Suteikia mezginiams [&hellip;]\" \/>\n<meta property=\"og:url\" content=\"https:\/\/happyinaknit.com\/lt\/produktas\/rico-design-creative-make-it-perlchen-crystal\/\" \/>\n<meta property=\"og:site_name\" content=\"Happyinaknit.com\" \/>\n<meta property=\"article:modified_time\" content=\"2026-04-08T15:00:15+00:00\" \/>\n<meta property=\"og:image\" content=\"https:\/\/happyinaknit.com\/wp-content\/uploads\/2026\/03\/IMG_7814.jpg\" \/>\n\t<meta property=\"og:image:width\" content=\"1320\" \/>\n\t<meta property=\"og:image:height\" content=\"1427\" \/>\n\t<meta property=\"og:image:type\" content=\"image\/jpeg\" \/>\n<meta name=\"twitter:card\" content=\"summary_large_image\" \/>\n<meta name=\"twitter:label1\" content=\"Est. reading time\" \/>\n\t<meta name=\"twitter:data1\" content=\"1 minut\u0117\" \/>\n<script type=\"application\/ld+json\" class=\"yoast-schema-graph\">{\"@context\":\"https:\/\/schema.org\",\"@graph\":[{\"@type\":\"WebPage\",\"@id\":\"https:\/\/happyinaknit.com\/produktas\/rico-design-creative-make-it-perlchen-crystal\/\",\"url\":\"https:\/\/happyinaknit.com\/produktas\/rico-design-creative-make-it-perlchen-crystal\/\",\"name\":\"Rico Design Creative Make It Perlchen Crystal - Happyinaknit.com\",\"isPartOf\":{\"@id\":\"https:\/\/happyinaknit.com\/lt\/#website\"},\"primaryImageOfPage\":{\"@id\":\"https:\/\/happyinaknit.com\/produktas\/rico-design-creative-make-it-perlchen-crystal\/#primaryimage\"},\"image\":{\"@id\":\"https:\/\/happyinaknit.com\/produktas\/rico-design-creative-make-it-perlchen-crystal\/#primaryimage\"},\"thumbnailUrl\":\"https:\/\/happyinaknit.com\/wp-content\/uploads\/2026\/03\/IMG_7814.jpg\",\"datePublished\":\"2026-03-25T10:54:16+00:00\",\"dateModified\":\"2026-04-08T15:00:15+00:00\",\"breadcrumb\":{\"@id\":\"https:\/\/happyinaknit.com\/produktas\/rico-design-creative-make-it-perlchen-crystal\/#breadcrumb\"},\"inLanguage\":\"lt-LT\",\"potentialAction\":[{\"@type\":\"ReadAction\",\"target\":[\"https:\/\/happyinaknit.com\/produktas\/rico-design-creative-make-it-perlchen-crystal\/\"]}]},{\"@type\":\"ImageObject\",\"inLanguage\":\"lt-LT\",\"@id\":\"https:\/\/happyinaknit.com\/produktas\/rico-design-creative-make-it-perlchen-crystal\/#primaryimage\",\"url\":\"https:\/\/happyinaknit.com\/wp-content\/uploads\/2026\/03\/IMG_7814.jpg\",\"contentUrl\":\"https:\/\/happyinaknit.com\/wp-content\/uploads\/2026\/03\/IMG_7814.jpg\",\"width\":1320,\"height\":1427,\"caption\":\"Screenshot\"},{\"@type\":\"BreadcrumbList\",\"@id\":\"https:\/\/happyinaknit.com\/produktas\/rico-design-creative-make-it-perlchen-crystal\/#breadcrumb\",\"itemListElement\":[{\"@type\":\"ListItem\",\"position\":1,\"name\":\"Home\",\"item\":\"https:\/\/happyinaknit.com\/lt\/\"},{\"@type\":\"ListItem\",\"position\":2,\"name\":\"Parduotuv\u0117\",\"item\":\"https:\/\/happyinaknit.com\/lt\/parduotuve\/\"},{\"@type\":\"ListItem\",\"position\":3,\"name\":\"Rico Design Creative Make It Perlchen Crystal\"}]},{\"@type\":\"WebSite\",\"@id\":\"https:\/\/happyinaknit.com\/lt\/#website\",\"url\":\"https:\/\/happyinaknit.com\/lt\/\",\"name\":\"Happyinaknit.com\",\"description\":\"\",\"potentialAction\":[{\"@type\":\"SearchAction\",\"target\":{\"@type\":\"EntryPoint\",\"urlTemplate\":\"https:\/\/happyinaknit.com\/lt\/?s={search_term_string}\"},\"query-input\":{\"@type\":\"PropertyValueSpecification\",\"valueRequired\":true,\"valueName\":\"search_term_string\"}}],\"inLanguage\":\"lt-LT\"}]}<\/script>\n<!-- \/ Yoast SEO plugin. -->","yoast_head_json":{"title":"Rico Design Creative Make It Perlchen Crystal - Happyinaknit.com","robots":{"index":"index","follow":"follow","max-snippet":"max-snippet:-1","max-image-preview":"max-image-preview:large","max-video-preview":"max-video-preview:-1"},"canonical":"https:\/\/happyinaknit.com\/lt\/produktas\/rico-design-creative-make-it-perlchen-crystal\/","og_locale":"lt_LT","og_type":"article","og_title":"Rico Design Creative Make It Perlchen Crystal - Happyinaknit.com","og_description":"Creative Make It Perlchen \u2013 subtilus akcentas j\u016bs\u0173 mezginiams ir n\u0117riniams. \u0160ie si\u016blai su \u012fvertais stiklo karoliukais suteikia gaminiams lengv\u0105 \u017evilges\u012f, tekst\u016br\u0105 ir i\u0161skirtin\u012f charakter\u012f, nekeisdami pagrindinio ra\u0161to. \u2022\u012e si\u016bl\u0105 integruoti stiklo karoliukai suteikia subtil\u0173 blizges\u012f \u2022Puikiai tinka naudoti kartu su kitais si\u016blais \u2022Susuktas si\u016blas leid\u017eia karoliukams lengvai jud\u0117ti, bet i\u0161laiko j\u0173 viet\u0105 \u2022Suteikia mezginiams [&hellip;]","og_url":"https:\/\/happyinaknit.com\/lt\/produktas\/rico-design-creative-make-it-perlchen-crystal\/","og_site_name":"Happyinaknit.com","article_modified_time":"2026-04-08T15:00:15+00:00","og_image":[{"width":1320,"height":1427,"url":"https:\/\/happyinaknit.com\/wp-content\/uploads\/2026\/03\/IMG_7814.jpg","type":"image\/jpeg"}],"twitter_card":"summary_large_image","twitter_misc":{"Est. reading time":"1 minut\u0117"},"schema":{"@context":"https:\/\/schema.org","@graph":[{"@type":"WebPage","@id":"https:\/\/happyinaknit.com\/produktas\/rico-design-creative-make-it-perlchen-crystal\/","url":"https:\/\/happyinaknit.com\/produktas\/rico-design-creative-make-it-perlchen-crystal\/","name":"Rico Design Creative Make It Perlchen Crystal - Happyinaknit.com","isPartOf":{"@id":"https:\/\/happyinaknit.com\/lt\/#website"},"primaryImageOfPage":{"@id":"https:\/\/happyinaknit.com\/produktas\/rico-design-creative-make-it-perlchen-crystal\/#primaryimage"},"image":{"@id":"https:\/\/happyinaknit.com\/produktas\/rico-design-creative-make-it-perlchen-crystal\/#primaryimage"},"thumbnailUrl":"https:\/\/happyinaknit.com\/wp-content\/uploads\/2026\/03\/IMG_7814.jpg","datePublished":"2026-03-25T10:54:16+00:00","dateModified":"2026-04-08T15:00:15+00:00","breadcrumb":{"@id":"https:\/\/happyinaknit.com\/produktas\/rico-design-creative-make-it-perlchen-crystal\/#breadcrumb"},"inLanguage":"lt-LT","potentialAction":[{"@type":"ReadAction","target":["https:\/\/happyinaknit.com\/produktas\/rico-design-creative-make-it-perlchen-crystal\/"]}]},{"@type":"ImageObject","inLanguage":"lt-LT","@id":"https:\/\/happyinaknit.com\/produktas\/rico-design-creative-make-it-perlchen-crystal\/#primaryimage","url":"https:\/\/happyinaknit.com\/wp-content\/uploads\/2026\/03\/IMG_7814.jpg","contentUrl":"https:\/\/happyinaknit.com\/wp-content\/uploads\/2026\/03\/IMG_7814.jpg","width":1320,"height":1427,"caption":"Screenshot"},{"@type":"BreadcrumbList","@id":"https:\/\/happyinaknit.com\/produktas\/rico-design-creative-make-it-perlchen-crystal\/#breadcrumb","itemListElement":[{"@type":"ListItem","position":1,"name":"Home","item":"https:\/\/happyinaknit.com\/lt\/"},{"@type":"ListItem","position":2,"name":"Parduotuv\u0117","item":"https:\/\/happyinaknit.com\/lt\/parduotuve\/"},{"@type":"ListItem","position":3,"name":"Rico Design Creative Make It Perlchen Crystal"}]},{"@type":"WebSite","@id":"https:\/\/happyinaknit.com\/lt\/#website","url":"https:\/\/happyinaknit.com\/lt\/","name":"Happyinaknit.com","description":"","potentialAction":[{"@type":"SearchAction","target":{"@type":"EntryPoint","urlTemplate":"https:\/\/happyinaknit.com\/lt\/?s={search_term_string}"},"query-input":{"@type":"PropertyValueSpecification","valueRequired":true,"valueName":"search_term_string"}}],"inLanguage":"lt-LT"}]}},"_links":{"self":[{"href":"https:\/\/happyinaknit.com\/lt\/wp-json\/wp\/v2\/product\/8290","targetHints":{"allow":["GET"]}}],"collection":[{"href":"https:\/\/happyinaknit.com\/lt\/wp-json\/wp\/v2\/product"}],"about":[{"href":"https:\/\/happyinaknit.com\/lt\/wp-json\/wp\/v2\/types\/product"}],"replies":[{"embeddable":true,"href":"https:\/\/happyinaknit.com\/lt\/wp-json\/wp\/v2\/comments?post=8290"}],"wp:featuredmedia":[{"embeddable":true,"href":"https:\/\/happyinaknit.com\/lt\/wp-json\/wp\/v2\/media\/8285"}],"wp:attachment":[{"href":"https:\/\/happyinaknit.com\/lt\/wp-json\/wp\/v2\/media?parent=8290"}],"wp:term":[{"taxonomy":"product_brand","embeddable":true,"href":"https:\/\/happyinaknit.com\/lt\/wp-json\/wp\/v2\/product_brand?post=8290"},{"taxonomy":"product_cat","embeddable":true,"href":"https:\/\/happyinaknit.com\/lt\/wp-json\/wp\/v2\/product_cat?post=8290"},{"taxonomy":"product_tag","embeddable":true,"href":"https:\/\/happyinaknit.com\/lt\/wp-json\/wp\/v2\/product_tag?post=8290"},{"taxonomy":"pro-kategorijos","embeddable":true,"href":"https:\/\/happyinaknit.com\/lt\/wp-json\/wp\/v2\/pro-kategorijos?post=8290"}],"curies":[{"name":"wp","href":"https:\/\/api.w.org\/{rel}","templated":true}]}}