{"id":8271,"date":"2026-03-23T19:18:03","date_gmt":"2026-03-23T19:18:03","guid":{"rendered":"https:\/\/happyinaknit.com\/?post_type=product&#038;p=8271"},"modified":"2026-03-23T19:24:49","modified_gmt":"2026-03-23T19:24:49","slug":"chiaogoo-twist-red-lace-prisukamu-virbalu-rinkinys-13-cm-2-75-5-0mm","status":"publish","type":"product","link":"https:\/\/happyinaknit.com\/lt\/produktas\/chiaogoo-twist-red-lace-prisukamu-virbalu-rinkinys-13-cm-2-75-5-0mm\/","title":{"rendered":"ChiaoGoo Twist Red Lace prisukam\u0173 virbal\u0173 rinkinys 13 cm 2.75-5.0mm"},"content":{"rendered":"<p data-start=\"0\" data-end=\"288\"><strong>\u00a0\u201eChiaoGoo TWIST\u201c<\/strong> prisukam\u0173j\u0173 virbal\u0173 rinkinys \u2013 tai viskas, ko reikia mezgant ratu: nuo kojini\u0173 ar rankovi\u0173 iki kepuri\u0173 ar vaik\u0173 drabu\u017ei\u0173.<br data-start=\"807\" data-end=\"810\" \/>Valai pagaminti i\u0161 dengto plieno \u2013 jie yra <strong data-start=\"853\" data-end=\"869\">be atminties<\/strong>, tod\u0117l <strong data-start=\"877\" data-end=\"916\">nesisuka, nesusilenkia ir nesiraito<\/strong>.<br data-start=\"917\" data-end=\"920\" \/>Visos jungtys itin tvirtos ir patikimos, u\u017etikrinan\u010dios skland\u0173 mezgimo proces\u0105.<br data-start=\"141\" data-end=\"144\" \/>\u0160is rinkinys leid\u017eia lengvai derinti \u012fvairaus ilgio valus ir virbalus, kad sukurtum\u0117te tobul\u0105 \u012frank\u012f tiek ma\u017eiems, tiek didesniems projektams.<\/p>\n<p data-start=\"290\" data-end=\"310\"><strong data-start=\"290\" data-end=\"308\">Rinkinyje yra:<\/strong><\/p>\n<ul data-start=\"311\" data-end=\"650\">\n<li data-start=\"311\" data-end=\"416\">\n<p data-start=\"313\" data-end=\"416\">7 poros trump\u0173 10 cm virbal\u0173:<br data-start=\"342\" data-end=\"345\" \/>2,75 mm \u00b7 3,25 mm \u00b7 3,50 mm \u00b7 3,75 mm \u00b7 4,00 mm \u00b7 4,50 mm \u00b7 5,00 mm<\/p>\n<\/li>\n<li data-start=\"417\" data-end=\"516\">\n<p data-start=\"419\" data-end=\"516\">Valai:<br data-start=\"425\" data-end=\"428\" \/>1 vnt. &#8211; 35 cm,<br data-start=\"446\" data-end=\"449\" \/>1 vnt. \u2013 55 cm,<br data-start=\"466\" data-end=\"469\" \/>1 vnt. \u2013 75 cm (ilgis nurodytas be virbal\u0173)<\/p>\n<\/li>\n<li data-start=\"517\" data-end=\"530\">\n<p data-start=\"519\" data-end=\"530\">Antgaliai<\/p>\n<\/li>\n<li data-start=\"531\" data-end=\"554\">\n<p data-start=\"533\" data-end=\"554\">U\u017ever\u017eimo rakteliai<\/p>\n<\/li>\n<li data-start=\"555\" data-end=\"573\">\n<p data-start=\"557\" data-end=\"573\">Aki\u0173 \u017eymekliai<\/p>\n<\/li>\n<li data-start=\"574\" data-end=\"616\">\n<p data-start=\"576\" data-end=\"616\">Jungtis (konnektorius) valams sujungti<\/p>\n<\/li>\n<li data-start=\"617\" data-end=\"650\">\n<p data-start=\"619\" data-end=\"650\">Virbal\u0173 matuoklis su liniuote<\/p>\n<\/li>\n<\/ul>\n<p data-start=\"1004\" data-end=\"1092\" data-is-last-node=\"\" data-is-only-node=\"\"><strong data-start=\"1004\" data-end=\"1016\">Pastaba:<\/strong> spalv\u0173 atspalviai gali \u0161iek tiek skirtis priklausomai nuo \u012frenginio ekrano.<\/p>\n","protected":false},"excerpt":{"rendered":"<p>\u00a0\u201eChiaoGoo TWIST\u201c prisukam\u0173j\u0173 virbal\u0173 rinkinys \u2013 tai viskas, ko reikia mezgant ratu: nuo kojini\u0173 ar rankovi\u0173 iki kepuri\u0173 ar vaik\u0173 drabu\u017ei\u0173.Valai pagaminti i\u0161 dengto plieno \u2013 jie yra be atminties, tod\u0117l nesisuka, nesusilenkia ir nesiraito.Visos jungtys itin tvirtos ir patikimos, u\u017etikrinan\u010dios skland\u0173 mezgimo proces\u0105.\u0160is rinkinys leid\u017eia lengvai derinti \u012fvairaus ilgio valus ir virbalus, kad sukurtum\u0117te [&hellip;]<\/p>\n","protected":false},"featured_media":4902,"comment_status":"open","ping_status":"closed","template":"","meta":{"_acf_changed":false},"product_brand":[166],"product_cat":[15,19,861],"product_tag":[30],"pro-kategorijos":[],"class_list":{"0":"post-8271","1":"product","2":"type-product","3":"status-publish","4":"has-post-thumbnail","6":"product_brand-chiaogoo","7":"product_cat-visi-produktai","8":"product_cat-mezgimo-priemones","9":"product_cat-virbalu-rinkiniai","10":"product_tag-naujiena","12":"first","13":"outofstock","14":"shipping-taxable","15":"purchasable","16":"product-type-simple"},"acf":[],"yoast_head":"<!-- This site is optimized with the Yoast SEO plugin v26.8 - https:\/\/yoast.com\/product\/yoast-seo-wordpress\/ -->\n<title>ChiaoGoo Twist Red Lace prisukam\u0173 virbal\u0173 rinkinys 13 cm 2.75-5.0mm - Happyinaknit.com<\/title>\n<meta name=\"robots\" content=\"index, follow, max-snippet:-1, max-image-preview:large, max-video-preview:-1\" \/>\n<link rel=\"canonical\" href=\"https:\/\/happyinaknit.com\/lt\/produktas\/chiaogoo-twist-red-lace-prisukamu-virbalu-rinkinys-13-cm-2-75-5-0mm\/\" \/>\n<meta property=\"og:locale\" content=\"lt_LT\" \/>\n<meta property=\"og:type\" content=\"article\" \/>\n<meta property=\"og:title\" content=\"ChiaoGoo Twist Red Lace prisukam\u0173 virbal\u0173 rinkinys 13 cm 2.75-5.0mm - Happyinaknit.com\" \/>\n<meta property=\"og:description\" content=\"\u00a0\u201eChiaoGoo TWIST\u201c prisukam\u0173j\u0173 virbal\u0173 rinkinys \u2013 tai viskas, ko reikia mezgant ratu: nuo kojini\u0173 ar rankovi\u0173 iki kepuri\u0173 ar vaik\u0173 drabu\u017ei\u0173.Valai pagaminti i\u0161 dengto plieno \u2013 jie yra be atminties, tod\u0117l nesisuka, nesusilenkia ir nesiraito.Visos jungtys itin tvirtos ir patikimos, u\u017etikrinan\u010dios skland\u0173 mezgimo proces\u0105.\u0160is rinkinys leid\u017eia lengvai derinti \u012fvairaus ilgio valus ir virbalus, kad sukurtum\u0117te [&hellip;]\" \/>\n<meta property=\"og:url\" content=\"https:\/\/happyinaknit.com\/lt\/produktas\/chiaogoo-twist-red-lace-prisukamu-virbalu-rinkinys-13-cm-2-75-5-0mm\/\" \/>\n<meta property=\"og:site_name\" content=\"Happyinaknit.com\" \/>\n<meta property=\"article:modified_time\" content=\"2026-03-23T19:24:49+00:00\" \/>\n<meta property=\"og:image\" content=\"https:\/\/happyinaknit.com\/wp-content\/uploads\/2025\/10\/IMG_9675.jpg\" \/>\n\t<meta property=\"og:image:width\" content=\"1500\" \/>\n\t<meta property=\"og:image:height\" content=\"1146\" \/>\n\t<meta property=\"og:image:type\" content=\"image\/jpeg\" \/>\n<meta name=\"twitter:card\" content=\"summary_large_image\" \/>\n<meta name=\"twitter:label1\" content=\"Est. reading time\" \/>\n\t<meta name=\"twitter:data1\" content=\"1 minut\u0117\" \/>\n<script type=\"application\/ld+json\" class=\"yoast-schema-graph\">{\"@context\":\"https:\/\/schema.org\",\"@graph\":[{\"@type\":\"WebPage\",\"@id\":\"https:\/\/happyinaknit.com\/produktas\/chiaogoo-twist-red-lace-prisukamu-virbalu-rinkinys-13-cm-2-75-5-0mm\/\",\"url\":\"https:\/\/happyinaknit.com\/produktas\/chiaogoo-twist-red-lace-prisukamu-virbalu-rinkinys-13-cm-2-75-5-0mm\/\",\"name\":\"ChiaoGoo Twist Red Lace prisukam\u0173 virbal\u0173 rinkinys 13 cm 2.75-5.0mm - Happyinaknit.com\",\"isPartOf\":{\"@id\":\"https:\/\/happyinaknit.com\/lt\/#website\"},\"primaryImageOfPage\":{\"@id\":\"https:\/\/happyinaknit.com\/produktas\/chiaogoo-twist-red-lace-prisukamu-virbalu-rinkinys-13-cm-2-75-5-0mm\/#primaryimage\"},\"image\":{\"@id\":\"https:\/\/happyinaknit.com\/produktas\/chiaogoo-twist-red-lace-prisukamu-virbalu-rinkinys-13-cm-2-75-5-0mm\/#primaryimage\"},\"thumbnailUrl\":\"https:\/\/happyinaknit.com\/wp-content\/uploads\/2025\/10\/IMG_9675.jpg\",\"datePublished\":\"2026-03-23T19:18:03+00:00\",\"dateModified\":\"2026-03-23T19:24:49+00:00\",\"breadcrumb\":{\"@id\":\"https:\/\/happyinaknit.com\/produktas\/chiaogoo-twist-red-lace-prisukamu-virbalu-rinkinys-13-cm-2-75-5-0mm\/#breadcrumb\"},\"inLanguage\":\"lt-LT\",\"potentialAction\":[{\"@type\":\"ReadAction\",\"target\":[\"https:\/\/happyinaknit.com\/produktas\/chiaogoo-twist-red-lace-prisukamu-virbalu-rinkinys-13-cm-2-75-5-0mm\/\"]}]},{\"@type\":\"ImageObject\",\"inLanguage\":\"lt-LT\",\"@id\":\"https:\/\/happyinaknit.com\/produktas\/chiaogoo-twist-red-lace-prisukamu-virbalu-rinkinys-13-cm-2-75-5-0mm\/#primaryimage\",\"url\":\"https:\/\/happyinaknit.com\/wp-content\/uploads\/2025\/10\/IMG_9675.jpg\",\"contentUrl\":\"https:\/\/happyinaknit.com\/wp-content\/uploads\/2025\/10\/IMG_9675.jpg\",\"width\":1500,\"height\":1146},{\"@type\":\"BreadcrumbList\",\"@id\":\"https:\/\/happyinaknit.com\/produktas\/chiaogoo-twist-red-lace-prisukamu-virbalu-rinkinys-13-cm-2-75-5-0mm\/#breadcrumb\",\"itemListElement\":[{\"@type\":\"ListItem\",\"position\":1,\"name\":\"Home\",\"item\":\"https:\/\/happyinaknit.com\/lt\/\"},{\"@type\":\"ListItem\",\"position\":2,\"name\":\"Parduotuv\u0117\",\"item\":\"https:\/\/happyinaknit.com\/lt\/parduotuve\/\"},{\"@type\":\"ListItem\",\"position\":3,\"name\":\"ChiaoGoo Twist Red Lace prisukam\u0173 virbal\u0173 rinkinys 13 cm 2.75-5.0mm\"}]},{\"@type\":\"WebSite\",\"@id\":\"https:\/\/happyinaknit.com\/lt\/#website\",\"url\":\"https:\/\/happyinaknit.com\/lt\/\",\"name\":\"Happyinaknit.com\",\"description\":\"\",\"potentialAction\":[{\"@type\":\"SearchAction\",\"target\":{\"@type\":\"EntryPoint\",\"urlTemplate\":\"https:\/\/happyinaknit.com\/lt\/?s={search_term_string}\"},\"query-input\":{\"@type\":\"PropertyValueSpecification\",\"valueRequired\":true,\"valueName\":\"search_term_string\"}}],\"inLanguage\":\"lt-LT\"}]}<\/script>\n<!-- \/ Yoast SEO plugin. -->","yoast_head_json":{"title":"ChiaoGoo Twist Red Lace prisukam\u0173 virbal\u0173 rinkinys 13 cm 2.75-5.0mm - Happyinaknit.com","robots":{"index":"index","follow":"follow","max-snippet":"max-snippet:-1","max-image-preview":"max-image-preview:large","max-video-preview":"max-video-preview:-1"},"canonical":"https:\/\/happyinaknit.com\/lt\/produktas\/chiaogoo-twist-red-lace-prisukamu-virbalu-rinkinys-13-cm-2-75-5-0mm\/","og_locale":"lt_LT","og_type":"article","og_title":"ChiaoGoo Twist Red Lace prisukam\u0173 virbal\u0173 rinkinys 13 cm 2.75-5.0mm - Happyinaknit.com","og_description":"\u00a0\u201eChiaoGoo TWIST\u201c prisukam\u0173j\u0173 virbal\u0173 rinkinys \u2013 tai viskas, ko reikia mezgant ratu: nuo kojini\u0173 ar rankovi\u0173 iki kepuri\u0173 ar vaik\u0173 drabu\u017ei\u0173.Valai pagaminti i\u0161 dengto plieno \u2013 jie yra be atminties, tod\u0117l nesisuka, nesusilenkia ir nesiraito.Visos jungtys itin tvirtos ir patikimos, u\u017etikrinan\u010dios skland\u0173 mezgimo proces\u0105.\u0160is rinkinys leid\u017eia lengvai derinti \u012fvairaus ilgio valus ir virbalus, kad sukurtum\u0117te [&hellip;]","og_url":"https:\/\/happyinaknit.com\/lt\/produktas\/chiaogoo-twist-red-lace-prisukamu-virbalu-rinkinys-13-cm-2-75-5-0mm\/","og_site_name":"Happyinaknit.com","article_modified_time":"2026-03-23T19:24:49+00:00","og_image":[{"width":1500,"height":1146,"url":"https:\/\/happyinaknit.com\/wp-content\/uploads\/2025\/10\/IMG_9675.jpg","type":"image\/jpeg"}],"twitter_card":"summary_large_image","twitter_misc":{"Est. reading time":"1 minut\u0117"},"schema":{"@context":"https:\/\/schema.org","@graph":[{"@type":"WebPage","@id":"https:\/\/happyinaknit.com\/produktas\/chiaogoo-twist-red-lace-prisukamu-virbalu-rinkinys-13-cm-2-75-5-0mm\/","url":"https:\/\/happyinaknit.com\/produktas\/chiaogoo-twist-red-lace-prisukamu-virbalu-rinkinys-13-cm-2-75-5-0mm\/","name":"ChiaoGoo Twist Red Lace prisukam\u0173 virbal\u0173 rinkinys 13 cm 2.75-5.0mm - Happyinaknit.com","isPartOf":{"@id":"https:\/\/happyinaknit.com\/lt\/#website"},"primaryImageOfPage":{"@id":"https:\/\/happyinaknit.com\/produktas\/chiaogoo-twist-red-lace-prisukamu-virbalu-rinkinys-13-cm-2-75-5-0mm\/#primaryimage"},"image":{"@id":"https:\/\/happyinaknit.com\/produktas\/chiaogoo-twist-red-lace-prisukamu-virbalu-rinkinys-13-cm-2-75-5-0mm\/#primaryimage"},"thumbnailUrl":"https:\/\/happyinaknit.com\/wp-content\/uploads\/2025\/10\/IMG_9675.jpg","datePublished":"2026-03-23T19:18:03+00:00","dateModified":"2026-03-23T19:24:49+00:00","breadcrumb":{"@id":"https:\/\/happyinaknit.com\/produktas\/chiaogoo-twist-red-lace-prisukamu-virbalu-rinkinys-13-cm-2-75-5-0mm\/#breadcrumb"},"inLanguage":"lt-LT","potentialAction":[{"@type":"ReadAction","target":["https:\/\/happyinaknit.com\/produktas\/chiaogoo-twist-red-lace-prisukamu-virbalu-rinkinys-13-cm-2-75-5-0mm\/"]}]},{"@type":"ImageObject","inLanguage":"lt-LT","@id":"https:\/\/happyinaknit.com\/produktas\/chiaogoo-twist-red-lace-prisukamu-virbalu-rinkinys-13-cm-2-75-5-0mm\/#primaryimage","url":"https:\/\/happyinaknit.com\/wp-content\/uploads\/2025\/10\/IMG_9675.jpg","contentUrl":"https:\/\/happyinaknit.com\/wp-content\/uploads\/2025\/10\/IMG_9675.jpg","width":1500,"height":1146},{"@type":"BreadcrumbList","@id":"https:\/\/happyinaknit.com\/produktas\/chiaogoo-twist-red-lace-prisukamu-virbalu-rinkinys-13-cm-2-75-5-0mm\/#breadcrumb","itemListElement":[{"@type":"ListItem","position":1,"name":"Home","item":"https:\/\/happyinaknit.com\/lt\/"},{"@type":"ListItem","position":2,"name":"Parduotuv\u0117","item":"https:\/\/happyinaknit.com\/lt\/parduotuve\/"},{"@type":"ListItem","position":3,"name":"ChiaoGoo Twist Red Lace prisukam\u0173 virbal\u0173 rinkinys 13 cm 2.75-5.0mm"}]},{"@type":"WebSite","@id":"https:\/\/happyinaknit.com\/lt\/#website","url":"https:\/\/happyinaknit.com\/lt\/","name":"Happyinaknit.com","description":"","potentialAction":[{"@type":"SearchAction","target":{"@type":"EntryPoint","urlTemplate":"https:\/\/happyinaknit.com\/lt\/?s={search_term_string}"},"query-input":{"@type":"PropertyValueSpecification","valueRequired":true,"valueName":"search_term_string"}}],"inLanguage":"lt-LT"}]}},"_links":{"self":[{"href":"https:\/\/happyinaknit.com\/lt\/wp-json\/wp\/v2\/product\/8271","targetHints":{"allow":["GET"]}}],"collection":[{"href":"https:\/\/happyinaknit.com\/lt\/wp-json\/wp\/v2\/product"}],"about":[{"href":"https:\/\/happyinaknit.com\/lt\/wp-json\/wp\/v2\/types\/product"}],"replies":[{"embeddable":true,"href":"https:\/\/happyinaknit.com\/lt\/wp-json\/wp\/v2\/comments?post=8271"}],"wp:featuredmedia":[{"embeddable":true,"href":"https:\/\/happyinaknit.com\/lt\/wp-json\/wp\/v2\/media\/4902"}],"wp:attachment":[{"href":"https:\/\/happyinaknit.com\/lt\/wp-json\/wp\/v2\/media?parent=8271"}],"wp:term":[{"taxonomy":"product_brand","embeddable":true,"href":"https:\/\/happyinaknit.com\/lt\/wp-json\/wp\/v2\/product_brand?post=8271"},{"taxonomy":"product_cat","embeddable":true,"href":"https:\/\/happyinaknit.com\/lt\/wp-json\/wp\/v2\/product_cat?post=8271"},{"taxonomy":"product_tag","embeddable":true,"href":"https:\/\/happyinaknit.com\/lt\/wp-json\/wp\/v2\/product_tag?post=8271"},{"taxonomy":"pro-kategorijos","embeddable":true,"href":"https:\/\/happyinaknit.com\/lt\/wp-json\/wp\/v2\/pro-kategorijos?post=8271"}],"curies":[{"name":"wp","href":"https:\/\/api.w.org\/{rel}","templated":true}]}}