{"id":8201,"date":"2026-03-11T15:58:33","date_gmt":"2026-03-11T15:58:33","guid":{"rendered":"https:\/\/happyinaknit.com\/?post_type=product&#038;p=8201"},"modified":"2026-03-11T21:58:41","modified_gmt":"2026-03-11T21:58:41","slug":"muud-carita-i","status":"publish","type":"product","link":"https:\/\/happyinaknit.com\/lt\/produktas\/muud-carita-i\/","title":{"rendered":"Muud Carita I"},"content":{"rendered":"<p><b>Muud Carita I \u2013 nuimamas odinis d\u0117klas prisukamiems virbalams<\/b><b><\/b><\/p>\n<p><i>Carita I<\/i> \u2013 tai stilingas ir prakti\u0161kas odinis d\u0117klas, skirtas patogiai laikyti prisukamiems virbalams Kompakti\u0161kas ir funkcionalus dizainas padeda tvarkingai susid\u0117ti virbalus bei apsaugoti juos eleganti\u0161kame ir patvariame d\u0117kle.<\/p>\n<p>D\u0117klas yra nuimamas, tod\u0117l j\u012f galima naudoti atskirai arba pritvirtinti prie <i>Carita<\/i> d\u0117klo specialiais apvaliais metaliniais \u017eiedais \u2013 pana\u0161iai kaip dokument\u0105 segtuve. Tai leid\u017eia lengvai pritaikyti laikymo sistem\u0105 pagal savo poreikius.<\/p>\n<p>Puikus pasirinkimas tiek kaip atskiras sprendimas prisukam\u0173 virbal\u0173 antgaliams laikyti, tiek kaip papildomas priedas prie <i>Carita<\/i> d\u0117klo.<\/p>\n<p><b>Savyb\u0117s<\/b><b><\/b><\/p>\n<p>\u2022Auk\u0161tos kokyb\u0117s nat\u016brali oda<\/p>\n<p>\u2022Talpina <b>iki 11 prisukam\u0173 virbal\u0173\u00a0<\/b><b><\/b><\/p>\n<p>\u2022Nuimamas dizainas \u2013 galima naudoti atskirai arba pritvirtinti prie Carita d\u0117klo<\/p>\n<p>\u2022Kompakti\u0161kas ir eleganti\u0161kas sprendimas virbalams laikyti<\/p>\n<p><b>I\u0161matavimai<\/b><b><\/b><\/p>\n<p>\u2022<b>Auk\u0161tis:<\/b> 21 cm<\/p>\n<p>\u2022<b>Ilgis:<\/b> 12 cm<\/p>\n<p>\u2022<b>Med\u017eiaga:<\/b> nat\u016brali oda<\/p>\n<p>\u2022<b>Pamu\u0161alas:<\/b> n\u0117ra<\/p>\n<p><b>Prie\u017ei\u016bra<\/b><b><\/b><\/p>\n<p>Rekomenduojama naudoti specialias odos prie\u017ei\u016bros priemones <i>Care &amp; Clean<\/i>, kad oda i\u0161likt\u0173 gra\u017ei ir ilgaam\u017e\u0117.<\/p>\n<p>Pastaba: spalv\u0173 atspalviai gali \u0161iek tiek skirtis priklausomai nuo \u012frenginio ekrano.<\/p>\n","protected":false},"excerpt":{"rendered":"<p>Muud Carita I \u2013 nuimamas odinis d\u0117klas prisukamiems virbalams Carita I \u2013 tai stilingas ir prakti\u0161kas odinis d\u0117klas, skirtas patogiai laikyti prisukamiems virbalams Kompakti\u0161kas ir funkcionalus dizainas padeda tvarkingai susid\u0117ti virbalus bei apsaugoti juos eleganti\u0161kame ir patvariame d\u0117kle. D\u0117klas yra nuimamas, tod\u0117l j\u012f galima naudoti atskirai arba pritvirtinti prie Carita d\u0117klo specialiais apvaliais metaliniais \u017eiedais [&hellip;]<\/p>\n","protected":false},"featured_media":8184,"comment_status":"open","ping_status":"closed","template":"","meta":{"_acf_changed":false},"product_brand":[613],"product_cat":[15,1079,20],"product_tag":[],"pro-kategorijos":[],"class_list":{"0":"post-8201","1":"product","2":"type-product","3":"status-publish","4":"has-post-thumbnail","6":"product_brand-muud","7":"product_cat-visi-produktai","8":"product_cat-deklai","9":"product_cat-priedai-mezgimui","11":"first","12":"outofstock","13":"shipping-taxable","14":"purchasable","15":"product-type-simple"},"acf":[],"yoast_head":"<!-- This site is optimized with the Yoast SEO plugin v26.8 - https:\/\/yoast.com\/product\/yoast-seo-wordpress\/ -->\n<title>Muud Carita I - Happyinaknit.com<\/title>\n<meta name=\"robots\" content=\"index, follow, max-snippet:-1, max-image-preview:large, max-video-preview:-1\" \/>\n<link rel=\"canonical\" href=\"https:\/\/happyinaknit.com\/lt\/produktas\/muud-carita-i\/\" \/>\n<meta property=\"og:locale\" content=\"lt_LT\" \/>\n<meta property=\"og:type\" content=\"article\" \/>\n<meta property=\"og:title\" content=\"Muud Carita I - Happyinaknit.com\" \/>\n<meta property=\"og:description\" content=\"Muud Carita I \u2013 nuimamas odinis d\u0117klas prisukamiems virbalams Carita I \u2013 tai stilingas ir prakti\u0161kas odinis d\u0117klas, skirtas patogiai laikyti prisukamiems virbalams Kompakti\u0161kas ir funkcionalus dizainas padeda tvarkingai susid\u0117ti virbalus bei apsaugoti juos eleganti\u0161kame ir patvariame d\u0117kle. D\u0117klas yra nuimamas, tod\u0117l j\u012f galima naudoti atskirai arba pritvirtinti prie Carita d\u0117klo specialiais apvaliais metaliniais \u017eiedais [&hellip;]\" \/>\n<meta property=\"og:url\" content=\"https:\/\/happyinaknit.com\/lt\/produktas\/muud-carita-i\/\" \/>\n<meta property=\"og:site_name\" content=\"Happyinaknit.com\" \/>\n<meta property=\"article:modified_time\" content=\"2026-03-11T21:58:41+00:00\" \/>\n<meta property=\"og:image\" content=\"https:\/\/happyinaknit.com\/wp-content\/uploads\/2026\/03\/IMG_6939.webp\" \/>\n\t<meta property=\"og:image:width\" content=\"720\" \/>\n\t<meta property=\"og:image:height\" content=\"1080\" \/>\n\t<meta property=\"og:image:type\" content=\"image\/webp\" \/>\n<meta name=\"twitter:card\" content=\"summary_large_image\" \/>\n<meta name=\"twitter:label1\" content=\"Est. reading time\" \/>\n\t<meta name=\"twitter:data1\" content=\"2 minut\u0117s\" \/>\n<script type=\"application\/ld+json\" class=\"yoast-schema-graph\">{\"@context\":\"https:\/\/schema.org\",\"@graph\":[{\"@type\":\"WebPage\",\"@id\":\"https:\/\/happyinaknit.com\/produktas\/muud-carita-i\/\",\"url\":\"https:\/\/happyinaknit.com\/produktas\/muud-carita-i\/\",\"name\":\"Muud Carita I - Happyinaknit.com\",\"isPartOf\":{\"@id\":\"https:\/\/happyinaknit.com\/lt\/#website\"},\"primaryImageOfPage\":{\"@id\":\"https:\/\/happyinaknit.com\/produktas\/muud-carita-i\/#primaryimage\"},\"image\":{\"@id\":\"https:\/\/happyinaknit.com\/produktas\/muud-carita-i\/#primaryimage\"},\"thumbnailUrl\":\"https:\/\/happyinaknit.com\/wp-content\/uploads\/2026\/03\/IMG_6939.webp\",\"datePublished\":\"2026-03-11T15:58:33+00:00\",\"dateModified\":\"2026-03-11T21:58:41+00:00\",\"breadcrumb\":{\"@id\":\"https:\/\/happyinaknit.com\/produktas\/muud-carita-i\/#breadcrumb\"},\"inLanguage\":\"lt-LT\",\"potentialAction\":[{\"@type\":\"ReadAction\",\"target\":[\"https:\/\/happyinaknit.com\/produktas\/muud-carita-i\/\"]}]},{\"@type\":\"ImageObject\",\"inLanguage\":\"lt-LT\",\"@id\":\"https:\/\/happyinaknit.com\/produktas\/muud-carita-i\/#primaryimage\",\"url\":\"https:\/\/happyinaknit.com\/wp-content\/uploads\/2026\/03\/IMG_6939.webp\",\"contentUrl\":\"https:\/\/happyinaknit.com\/wp-content\/uploads\/2026\/03\/IMG_6939.webp\",\"width\":720,\"height\":1080},{\"@type\":\"BreadcrumbList\",\"@id\":\"https:\/\/happyinaknit.com\/produktas\/muud-carita-i\/#breadcrumb\",\"itemListElement\":[{\"@type\":\"ListItem\",\"position\":1,\"name\":\"Home\",\"item\":\"https:\/\/happyinaknit.com\/lt\/\"},{\"@type\":\"ListItem\",\"position\":2,\"name\":\"Parduotuv\u0117\",\"item\":\"https:\/\/happyinaknit.com\/lt\/parduotuve\/\"},{\"@type\":\"ListItem\",\"position\":3,\"name\":\"Muud Carita I\"}]},{\"@type\":\"WebSite\",\"@id\":\"https:\/\/happyinaknit.com\/lt\/#website\",\"url\":\"https:\/\/happyinaknit.com\/lt\/\",\"name\":\"Happyinaknit.com\",\"description\":\"\",\"potentialAction\":[{\"@type\":\"SearchAction\",\"target\":{\"@type\":\"EntryPoint\",\"urlTemplate\":\"https:\/\/happyinaknit.com\/lt\/?s={search_term_string}\"},\"query-input\":{\"@type\":\"PropertyValueSpecification\",\"valueRequired\":true,\"valueName\":\"search_term_string\"}}],\"inLanguage\":\"lt-LT\"}]}<\/script>\n<!-- \/ Yoast SEO plugin. -->","yoast_head_json":{"title":"Muud Carita I - Happyinaknit.com","robots":{"index":"index","follow":"follow","max-snippet":"max-snippet:-1","max-image-preview":"max-image-preview:large","max-video-preview":"max-video-preview:-1"},"canonical":"https:\/\/happyinaknit.com\/lt\/produktas\/muud-carita-i\/","og_locale":"lt_LT","og_type":"article","og_title":"Muud Carita I - Happyinaknit.com","og_description":"Muud Carita I \u2013 nuimamas odinis d\u0117klas prisukamiems virbalams Carita I \u2013 tai stilingas ir prakti\u0161kas odinis d\u0117klas, skirtas patogiai laikyti prisukamiems virbalams Kompakti\u0161kas ir funkcionalus dizainas padeda tvarkingai susid\u0117ti virbalus bei apsaugoti juos eleganti\u0161kame ir patvariame d\u0117kle. D\u0117klas yra nuimamas, tod\u0117l j\u012f galima naudoti atskirai arba pritvirtinti prie Carita d\u0117klo specialiais apvaliais metaliniais \u017eiedais [&hellip;]","og_url":"https:\/\/happyinaknit.com\/lt\/produktas\/muud-carita-i\/","og_site_name":"Happyinaknit.com","article_modified_time":"2026-03-11T21:58:41+00:00","og_image":[{"width":720,"height":1080,"url":"https:\/\/happyinaknit.com\/wp-content\/uploads\/2026\/03\/IMG_6939.webp","type":"image\/webp"}],"twitter_card":"summary_large_image","twitter_misc":{"Est. reading time":"2 minut\u0117s"},"schema":{"@context":"https:\/\/schema.org","@graph":[{"@type":"WebPage","@id":"https:\/\/happyinaknit.com\/produktas\/muud-carita-i\/","url":"https:\/\/happyinaknit.com\/produktas\/muud-carita-i\/","name":"Muud Carita I - Happyinaknit.com","isPartOf":{"@id":"https:\/\/happyinaknit.com\/lt\/#website"},"primaryImageOfPage":{"@id":"https:\/\/happyinaknit.com\/produktas\/muud-carita-i\/#primaryimage"},"image":{"@id":"https:\/\/happyinaknit.com\/produktas\/muud-carita-i\/#primaryimage"},"thumbnailUrl":"https:\/\/happyinaknit.com\/wp-content\/uploads\/2026\/03\/IMG_6939.webp","datePublished":"2026-03-11T15:58:33+00:00","dateModified":"2026-03-11T21:58:41+00:00","breadcrumb":{"@id":"https:\/\/happyinaknit.com\/produktas\/muud-carita-i\/#breadcrumb"},"inLanguage":"lt-LT","potentialAction":[{"@type":"ReadAction","target":["https:\/\/happyinaknit.com\/produktas\/muud-carita-i\/"]}]},{"@type":"ImageObject","inLanguage":"lt-LT","@id":"https:\/\/happyinaknit.com\/produktas\/muud-carita-i\/#primaryimage","url":"https:\/\/happyinaknit.com\/wp-content\/uploads\/2026\/03\/IMG_6939.webp","contentUrl":"https:\/\/happyinaknit.com\/wp-content\/uploads\/2026\/03\/IMG_6939.webp","width":720,"height":1080},{"@type":"BreadcrumbList","@id":"https:\/\/happyinaknit.com\/produktas\/muud-carita-i\/#breadcrumb","itemListElement":[{"@type":"ListItem","position":1,"name":"Home","item":"https:\/\/happyinaknit.com\/lt\/"},{"@type":"ListItem","position":2,"name":"Parduotuv\u0117","item":"https:\/\/happyinaknit.com\/lt\/parduotuve\/"},{"@type":"ListItem","position":3,"name":"Muud Carita I"}]},{"@type":"WebSite","@id":"https:\/\/happyinaknit.com\/lt\/#website","url":"https:\/\/happyinaknit.com\/lt\/","name":"Happyinaknit.com","description":"","potentialAction":[{"@type":"SearchAction","target":{"@type":"EntryPoint","urlTemplate":"https:\/\/happyinaknit.com\/lt\/?s={search_term_string}"},"query-input":{"@type":"PropertyValueSpecification","valueRequired":true,"valueName":"search_term_string"}}],"inLanguage":"lt-LT"}]}},"_links":{"self":[{"href":"https:\/\/happyinaknit.com\/lt\/wp-json\/wp\/v2\/product\/8201","targetHints":{"allow":["GET"]}}],"collection":[{"href":"https:\/\/happyinaknit.com\/lt\/wp-json\/wp\/v2\/product"}],"about":[{"href":"https:\/\/happyinaknit.com\/lt\/wp-json\/wp\/v2\/types\/product"}],"replies":[{"embeddable":true,"href":"https:\/\/happyinaknit.com\/lt\/wp-json\/wp\/v2\/comments?post=8201"}],"wp:featuredmedia":[{"embeddable":true,"href":"https:\/\/happyinaknit.com\/lt\/wp-json\/wp\/v2\/media\/8184"}],"wp:attachment":[{"href":"https:\/\/happyinaknit.com\/lt\/wp-json\/wp\/v2\/media?parent=8201"}],"wp:term":[{"taxonomy":"product_brand","embeddable":true,"href":"https:\/\/happyinaknit.com\/lt\/wp-json\/wp\/v2\/product_brand?post=8201"},{"taxonomy":"product_cat","embeddable":true,"href":"https:\/\/happyinaknit.com\/lt\/wp-json\/wp\/v2\/product_cat?post=8201"},{"taxonomy":"product_tag","embeddable":true,"href":"https:\/\/happyinaknit.com\/lt\/wp-json\/wp\/v2\/product_tag?post=8201"},{"taxonomy":"pro-kategorijos","embeddable":true,"href":"https:\/\/happyinaknit.com\/lt\/wp-json\/wp\/v2\/pro-kategorijos?post=8201"}],"curies":[{"name":"wp","href":"https:\/\/api.w.org\/{rel}","templated":true}]}}