{"id":8183,"date":"2026-03-11T15:46:33","date_gmt":"2026-03-11T15:46:33","guid":{"rendered":"https:\/\/happyinaknit.com\/?post_type=product&#038;p=8183"},"modified":"2026-03-11T21:58:40","modified_gmt":"2026-03-11T21:58:40","slug":"muud-carita","status":"publish","type":"product","link":"https:\/\/happyinaknit.com\/lt\/produktas\/muud-carita\/","title":{"rendered":"Muud Carita"},"content":{"rendered":"<p><b>Muud Carita \u2013 eleganti\u0161kas odinis d\u0117klas virbalams ir mezgimo priedams<\/b><b><\/b><\/p>\n<p><i>Carita<\/i> \u2013 tai stilingas ir prakti\u0161kas odinis d\u0117klas, sukurtas mezg\u0117joms, kurios vertina tvark\u0105 ir kokyb\u0119. D\u0117klas pad\u0117s patogiai susid\u0117ti virbalus, n\u0117rimo v\u0105\u0161ialius, \u00a0bei smulkius mezgimo priedus, kad viskas b\u016bt\u0173 vienoje vietoje ir lengvai pasiekiama.<\/p>\n<p>D\u0117klas pagamintas i\u0161 auk\u0161tos kokyb\u0117s nat\u016bralios odos, tod\u0117l yra patvarus, ilgaam\u017eis ir su laiku tampa dar gra\u017eesnis. Viduje rasite daug skirting\u0173 ki\u0161en\u0117li\u0173 ir skyri\u0173, kurie leid\u017eia patogiai susisteminti mezgimo reikmenis. Konstrukcija \u012fkv\u0117pta klasikinio segtuvo principo \u2013 tai padeda patogiai laikyti ir greitai rasti reikalingus \u012frankius.<\/p>\n<p>Carita puikiai tinka virbalams, n\u0117rimo v\u0105\u0161ialius ir \u012fvairiems mezgimo priedams, tokiems kaip matavimo juosta, \u017eirklut\u0117s ar aki\u0173 \u017eymekliai<\/p>\n<p><b>Savyb\u0117s<\/b><b><\/b><\/p>\n<p>\u2022Auk\u0161tos kokyb\u0117s nat\u016brali oda<\/p>\n<p>\u2022U\u017esegimas su spaude<\/p>\n<p>\u2022Skyriai virbalams ir n\u0117rimo v\u0105\u0161ialiams<\/p>\n<p>\u2022Vidin\u0117s ki\u0161en\u0117s su spaud\u0117mis<\/p>\n<p>\u2022Ma\u017eos ki\u0161en\u0117l\u0117s smulkiems mezgimo priedams<\/p>\n<p>D\u0117kle galima laikyti:<\/p>\n<p>\u2022prisukam\u0173 virbal\u0173 \u00a0<b>nuo 3 mm iki 8 mm kaip rinkinius<\/b><b><\/b><\/p>\n<p>\u2022arba <b>iki 10 mm<\/b>, jei kiekviename didesniame skyriuje laikomas vienas virbalas<\/p>\n<p><b>I\u0161matavimai<\/b><b><\/b><\/p>\n<p>\u2022<b>Auk\u0161tis:<\/b> 22 cm<\/p>\n<p>\u2022<b>Ilgis:<\/b> 15 cm<\/p>\n<p>\u2022<b>Plotis:<\/b> 6 cm<\/p>\n<p>\u2022<b>Med\u017eiaga:<\/b> nat\u016brali oda<\/p>\n<p>Pastaba: spalv\u0173 atspalviai gali \u0161iek tiek skirtis priklausomai nuo \u012frenginio ekrano.<\/p>\n","protected":false},"excerpt":{"rendered":"<p>Muud Carita \u2013 eleganti\u0161kas odinis d\u0117klas virbalams ir mezgimo priedams Carita \u2013 tai stilingas ir prakti\u0161kas odinis d\u0117klas, sukurtas mezg\u0117joms, kurios vertina tvark\u0105 ir kokyb\u0119. D\u0117klas pad\u0117s patogiai susid\u0117ti virbalus, n\u0117rimo v\u0105\u0161ialius, \u00a0bei smulkius mezgimo priedus, kad viskas b\u016bt\u0173 vienoje vietoje ir lengvai pasiekiama. D\u0117klas pagamintas i\u0161 auk\u0161tos kokyb\u0117s nat\u016bralios odos, tod\u0117l yra patvarus, ilgaam\u017eis [&hellip;]<\/p>\n","protected":false},"featured_media":8190,"comment_status":"open","ping_status":"closed","template":"","meta":{"_acf_changed":false},"product_brand":[613],"product_cat":[15,1079,20],"product_tag":[],"pro-kategorijos":[],"class_list":{"0":"post-8183","1":"product","2":"type-product","3":"status-publish","4":"has-post-thumbnail","6":"product_brand-muud","7":"product_cat-visi-produktai","8":"product_cat-deklai","9":"product_cat-priedai-mezgimui","11":"first","12":"outofstock","13":"shipping-taxable","14":"purchasable","15":"product-type-simple"},"acf":[],"yoast_head":"<!-- This site is optimized with the Yoast SEO plugin v26.8 - https:\/\/yoast.com\/product\/yoast-seo-wordpress\/ -->\n<title>Muud Carita - Happyinaknit.com<\/title>\n<meta name=\"robots\" content=\"index, follow, max-snippet:-1, max-image-preview:large, max-video-preview:-1\" \/>\n<link rel=\"canonical\" href=\"https:\/\/happyinaknit.com\/lt\/produktas\/muud-carita\/\" \/>\n<meta property=\"og:locale\" content=\"lt_LT\" \/>\n<meta property=\"og:type\" content=\"article\" \/>\n<meta property=\"og:title\" content=\"Muud Carita - Happyinaknit.com\" \/>\n<meta property=\"og:description\" content=\"Muud Carita \u2013 eleganti\u0161kas odinis d\u0117klas virbalams ir mezgimo priedams Carita \u2013 tai stilingas ir prakti\u0161kas odinis d\u0117klas, sukurtas mezg\u0117joms, kurios vertina tvark\u0105 ir kokyb\u0119. D\u0117klas pad\u0117s patogiai susid\u0117ti virbalus, n\u0117rimo v\u0105\u0161ialius, \u00a0bei smulkius mezgimo priedus, kad viskas b\u016bt\u0173 vienoje vietoje ir lengvai pasiekiama. D\u0117klas pagamintas i\u0161 auk\u0161tos kokyb\u0117s nat\u016bralios odos, tod\u0117l yra patvarus, ilgaam\u017eis [&hellip;]\" \/>\n<meta property=\"og:url\" content=\"https:\/\/happyinaknit.com\/lt\/produktas\/muud-carita\/\" \/>\n<meta property=\"og:site_name\" content=\"Happyinaknit.com\" \/>\n<meta property=\"article:modified_time\" content=\"2026-03-11T21:58:40+00:00\" \/>\n<meta property=\"og:image\" content=\"https:\/\/happyinaknit.com\/wp-content\/uploads\/2026\/03\/IMG_6951.webp\" \/>\n\t<meta property=\"og:image:width\" content=\"1080\" \/>\n\t<meta property=\"og:image:height\" content=\"1620\" \/>\n\t<meta property=\"og:image:type\" content=\"image\/webp\" \/>\n<meta name=\"twitter:card\" content=\"summary_large_image\" \/>\n<meta name=\"twitter:label1\" content=\"Est. reading time\" \/>\n\t<meta name=\"twitter:data1\" content=\"2 minut\u0117s\" \/>\n<script type=\"application\/ld+json\" class=\"yoast-schema-graph\">{\"@context\":\"https:\/\/schema.org\",\"@graph\":[{\"@type\":\"WebPage\",\"@id\":\"https:\/\/happyinaknit.com\/produktas\/muud-carita\/\",\"url\":\"https:\/\/happyinaknit.com\/produktas\/muud-carita\/\",\"name\":\"Muud Carita - Happyinaknit.com\",\"isPartOf\":{\"@id\":\"https:\/\/happyinaknit.com\/lt\/#website\"},\"primaryImageOfPage\":{\"@id\":\"https:\/\/happyinaknit.com\/produktas\/muud-carita\/#primaryimage\"},\"image\":{\"@id\":\"https:\/\/happyinaknit.com\/produktas\/muud-carita\/#primaryimage\"},\"thumbnailUrl\":\"https:\/\/happyinaknit.com\/wp-content\/uploads\/2026\/03\/IMG_6951.webp\",\"datePublished\":\"2026-03-11T15:46:33+00:00\",\"dateModified\":\"2026-03-11T21:58:40+00:00\",\"breadcrumb\":{\"@id\":\"https:\/\/happyinaknit.com\/produktas\/muud-carita\/#breadcrumb\"},\"inLanguage\":\"lt-LT\",\"potentialAction\":[{\"@type\":\"ReadAction\",\"target\":[\"https:\/\/happyinaknit.com\/produktas\/muud-carita\/\"]}]},{\"@type\":\"ImageObject\",\"inLanguage\":\"lt-LT\",\"@id\":\"https:\/\/happyinaknit.com\/produktas\/muud-carita\/#primaryimage\",\"url\":\"https:\/\/happyinaknit.com\/wp-content\/uploads\/2026\/03\/IMG_6951.webp\",\"contentUrl\":\"https:\/\/happyinaknit.com\/wp-content\/uploads\/2026\/03\/IMG_6951.webp\",\"width\":1080,\"height\":1620},{\"@type\":\"BreadcrumbList\",\"@id\":\"https:\/\/happyinaknit.com\/produktas\/muud-carita\/#breadcrumb\",\"itemListElement\":[{\"@type\":\"ListItem\",\"position\":1,\"name\":\"Home\",\"item\":\"https:\/\/happyinaknit.com\/lt\/\"},{\"@type\":\"ListItem\",\"position\":2,\"name\":\"Parduotuv\u0117\",\"item\":\"https:\/\/happyinaknit.com\/lt\/parduotuve\/\"},{\"@type\":\"ListItem\",\"position\":3,\"name\":\"Muud Carita\"}]},{\"@type\":\"WebSite\",\"@id\":\"https:\/\/happyinaknit.com\/lt\/#website\",\"url\":\"https:\/\/happyinaknit.com\/lt\/\",\"name\":\"Happyinaknit.com\",\"description\":\"\",\"potentialAction\":[{\"@type\":\"SearchAction\",\"target\":{\"@type\":\"EntryPoint\",\"urlTemplate\":\"https:\/\/happyinaknit.com\/lt\/?s={search_term_string}\"},\"query-input\":{\"@type\":\"PropertyValueSpecification\",\"valueRequired\":true,\"valueName\":\"search_term_string\"}}],\"inLanguage\":\"lt-LT\"}]}<\/script>\n<!-- \/ Yoast SEO plugin. -->","yoast_head_json":{"title":"Muud Carita - Happyinaknit.com","robots":{"index":"index","follow":"follow","max-snippet":"max-snippet:-1","max-image-preview":"max-image-preview:large","max-video-preview":"max-video-preview:-1"},"canonical":"https:\/\/happyinaknit.com\/lt\/produktas\/muud-carita\/","og_locale":"lt_LT","og_type":"article","og_title":"Muud Carita - Happyinaknit.com","og_description":"Muud Carita \u2013 eleganti\u0161kas odinis d\u0117klas virbalams ir mezgimo priedams Carita \u2013 tai stilingas ir prakti\u0161kas odinis d\u0117klas, sukurtas mezg\u0117joms, kurios vertina tvark\u0105 ir kokyb\u0119. D\u0117klas pad\u0117s patogiai susid\u0117ti virbalus, n\u0117rimo v\u0105\u0161ialius, \u00a0bei smulkius mezgimo priedus, kad viskas b\u016bt\u0173 vienoje vietoje ir lengvai pasiekiama. D\u0117klas pagamintas i\u0161 auk\u0161tos kokyb\u0117s nat\u016bralios odos, tod\u0117l yra patvarus, ilgaam\u017eis [&hellip;]","og_url":"https:\/\/happyinaknit.com\/lt\/produktas\/muud-carita\/","og_site_name":"Happyinaknit.com","article_modified_time":"2026-03-11T21:58:40+00:00","og_image":[{"width":1080,"height":1620,"url":"https:\/\/happyinaknit.com\/wp-content\/uploads\/2026\/03\/IMG_6951.webp","type":"image\/webp"}],"twitter_card":"summary_large_image","twitter_misc":{"Est. reading time":"2 minut\u0117s"},"schema":{"@context":"https:\/\/schema.org","@graph":[{"@type":"WebPage","@id":"https:\/\/happyinaknit.com\/produktas\/muud-carita\/","url":"https:\/\/happyinaknit.com\/produktas\/muud-carita\/","name":"Muud Carita - Happyinaknit.com","isPartOf":{"@id":"https:\/\/happyinaknit.com\/lt\/#website"},"primaryImageOfPage":{"@id":"https:\/\/happyinaknit.com\/produktas\/muud-carita\/#primaryimage"},"image":{"@id":"https:\/\/happyinaknit.com\/produktas\/muud-carita\/#primaryimage"},"thumbnailUrl":"https:\/\/happyinaknit.com\/wp-content\/uploads\/2026\/03\/IMG_6951.webp","datePublished":"2026-03-11T15:46:33+00:00","dateModified":"2026-03-11T21:58:40+00:00","breadcrumb":{"@id":"https:\/\/happyinaknit.com\/produktas\/muud-carita\/#breadcrumb"},"inLanguage":"lt-LT","potentialAction":[{"@type":"ReadAction","target":["https:\/\/happyinaknit.com\/produktas\/muud-carita\/"]}]},{"@type":"ImageObject","inLanguage":"lt-LT","@id":"https:\/\/happyinaknit.com\/produktas\/muud-carita\/#primaryimage","url":"https:\/\/happyinaknit.com\/wp-content\/uploads\/2026\/03\/IMG_6951.webp","contentUrl":"https:\/\/happyinaknit.com\/wp-content\/uploads\/2026\/03\/IMG_6951.webp","width":1080,"height":1620},{"@type":"BreadcrumbList","@id":"https:\/\/happyinaknit.com\/produktas\/muud-carita\/#breadcrumb","itemListElement":[{"@type":"ListItem","position":1,"name":"Home","item":"https:\/\/happyinaknit.com\/lt\/"},{"@type":"ListItem","position":2,"name":"Parduotuv\u0117","item":"https:\/\/happyinaknit.com\/lt\/parduotuve\/"},{"@type":"ListItem","position":3,"name":"Muud Carita"}]},{"@type":"WebSite","@id":"https:\/\/happyinaknit.com\/lt\/#website","url":"https:\/\/happyinaknit.com\/lt\/","name":"Happyinaknit.com","description":"","potentialAction":[{"@type":"SearchAction","target":{"@type":"EntryPoint","urlTemplate":"https:\/\/happyinaknit.com\/lt\/?s={search_term_string}"},"query-input":{"@type":"PropertyValueSpecification","valueRequired":true,"valueName":"search_term_string"}}],"inLanguage":"lt-LT"}]}},"_links":{"self":[{"href":"https:\/\/happyinaknit.com\/lt\/wp-json\/wp\/v2\/product\/8183","targetHints":{"allow":["GET"]}}],"collection":[{"href":"https:\/\/happyinaknit.com\/lt\/wp-json\/wp\/v2\/product"}],"about":[{"href":"https:\/\/happyinaknit.com\/lt\/wp-json\/wp\/v2\/types\/product"}],"replies":[{"embeddable":true,"href":"https:\/\/happyinaknit.com\/lt\/wp-json\/wp\/v2\/comments?post=8183"}],"wp:featuredmedia":[{"embeddable":true,"href":"https:\/\/happyinaknit.com\/lt\/wp-json\/wp\/v2\/media\/8190"}],"wp:attachment":[{"href":"https:\/\/happyinaknit.com\/lt\/wp-json\/wp\/v2\/media?parent=8183"}],"wp:term":[{"taxonomy":"product_brand","embeddable":true,"href":"https:\/\/happyinaknit.com\/lt\/wp-json\/wp\/v2\/product_brand?post=8183"},{"taxonomy":"product_cat","embeddable":true,"href":"https:\/\/happyinaknit.com\/lt\/wp-json\/wp\/v2\/product_cat?post=8183"},{"taxonomy":"product_tag","embeddable":true,"href":"https:\/\/happyinaknit.com\/lt\/wp-json\/wp\/v2\/product_tag?post=8183"},{"taxonomy":"pro-kategorijos","embeddable":true,"href":"https:\/\/happyinaknit.com\/lt\/wp-json\/wp\/v2\/pro-kategorijos?post=8183"}],"curies":[{"name":"wp","href":"https:\/\/api.w.org\/{rel}","templated":true}]}}