{"id":8076,"date":"2026-02-16T18:50:38","date_gmt":"2026-02-16T18:50:38","guid":{"rendered":"https:\/\/happyinaknit.com\/?post_type=product&#038;p=8076"},"modified":"2026-03-04T19:16:35","modified_gmt":"2026-03-04T19:16:35","slug":"chiaogoo-deklas-prisukamiems-virbalams","status":"publish","type":"product","link":"https:\/\/happyinaknit.com\/lt\/produktas\/chiaogoo-deklas-prisukamiems-virbalams\/","title":{"rendered":"Chiaogoo d\u0117klas prisukamiems virbalams"},"content":{"rendered":"<p>ChiaoGoo d\u0117klas prisukamiems virbalams\u2013 prakti\u0161kas ir eleganti\u0161kas sprendimas saugiai laikyti ir tvarkingai organizuoti j\u016bs\u0173 prisukamus virbalus bei priedus. Puikiai tinka tiek namuose, tiek kelion\u0117se, kad visi mezgimo \u012frankiai visada b\u016bt\u0173 po ranka.<\/p>\n<p><b>Savyb\u0117s:<\/b><b><\/b><\/p>\n<p>\u2022Skirtas prisukamiems virbalams ir j\u0173 priedams laikyti<\/p>\n<p>\u2022Net 29 atskiri skyriai prisukamiems virbalams \u2013 patogiam ir tvarkingam r\u016b\u0161iavimui<\/p>\n<p>\u2022Papildomas \u0161oninis skyrius su u\u017etrauktuku \u2013 puikiai tinka laikyti ma\u017eiems priedams<\/p>\n<p>\u2022Patog\u016bs skyriai valams prisukamiems virbalams, antgaliams ir kitiems priedams<\/p>\n<p>\u2022Kompakti\u0161kas ir lengvas \u2013 patogu pasiimti su savimi<\/p>\n<p>\u2022Tvirtas u\u017esegimas saugiam laikymui<\/p>\n<p>\u2022Padeda palaikyti tvark\u0105 ir apsaugo virbalus nuo pa\u017eeidim\u0173<\/p>\n<p><b>Matmenys: <\/b><b><\/b>20 \u00d7 15 cm<\/p>\n<p><b>Med\u017eiaga: <\/b><b><\/b>Auk\u0161tos kokyb\u0117s tekstil\u0117<\/p>\n<p><b>Paskirtis: <\/b><b><\/b>Prisukam\u0173 virbal\u0173, val\u0173 prisukamiems virbalams ir mezgimo pried\u0173 laikymui<\/p>\n<p><b>Pastaba:<\/b> virbalai, valai prisukamiems virbalams ir kiti priedai \u012f komplekt\u0105 ne\u012feina.<\/p>\n","protected":false},"excerpt":{"rendered":"<p>ChiaoGoo d\u0117klas prisukamiems virbalams\u2013 prakti\u0161kas ir eleganti\u0161kas sprendimas saugiai laikyti ir tvarkingai organizuoti j\u016bs\u0173 prisukamus virbalus bei priedus. Puikiai tinka tiek namuose, tiek kelion\u0117se, kad visi mezgimo \u012frankiai visada b\u016bt\u0173 po ranka. Savyb\u0117s: \u2022Skirtas prisukamiems virbalams ir j\u0173 priedams laikyti \u2022Net 29 atskiri skyriai prisukamiems virbalams \u2013 patogiam ir tvarkingam r\u016b\u0161iavimui \u2022Papildomas \u0161oninis skyrius su [&hellip;]<\/p>\n","protected":false},"featured_media":8077,"comment_status":"open","ping_status":"closed","template":"","meta":{"_acf_changed":false},"product_brand":[166],"product_cat":[15,1079,20],"product_tag":[],"pro-kategorijos":[],"class_list":{"0":"post-8076","1":"product","2":"type-product","3":"status-publish","4":"has-post-thumbnail","6":"product_brand-chiaogoo","7":"product_cat-visi-produktai","8":"product_cat-deklai","9":"product_cat-priedai-mezgimui","11":"first","12":"outofstock","13":"shipping-taxable","14":"purchasable","15":"product-type-simple"},"acf":[],"yoast_head":"<!-- This site is optimized with the Yoast SEO plugin v26.8 - https:\/\/yoast.com\/product\/yoast-seo-wordpress\/ -->\n<title>Chiaogoo d\u0117klas prisukamiems virbalams - Happyinaknit.com<\/title>\n<meta name=\"robots\" content=\"index, follow, max-snippet:-1, max-image-preview:large, max-video-preview:-1\" \/>\n<link rel=\"canonical\" href=\"https:\/\/happyinaknit.com\/lt\/produktas\/chiaogoo-deklas-prisukamiems-virbalams\/\" \/>\n<meta property=\"og:locale\" content=\"lt_LT\" \/>\n<meta property=\"og:type\" content=\"article\" \/>\n<meta property=\"og:title\" content=\"Chiaogoo d\u0117klas prisukamiems virbalams - Happyinaknit.com\" \/>\n<meta property=\"og:description\" content=\"ChiaoGoo d\u0117klas prisukamiems virbalams\u2013 prakti\u0161kas ir eleganti\u0161kas sprendimas saugiai laikyti ir tvarkingai organizuoti j\u016bs\u0173 prisukamus virbalus bei priedus. Puikiai tinka tiek namuose, tiek kelion\u0117se, kad visi mezgimo \u012frankiai visada b\u016bt\u0173 po ranka. Savyb\u0117s: \u2022Skirtas prisukamiems virbalams ir j\u0173 priedams laikyti \u2022Net 29 atskiri skyriai prisukamiems virbalams \u2013 patogiam ir tvarkingam r\u016b\u0161iavimui \u2022Papildomas \u0161oninis skyrius su [&hellip;]\" \/>\n<meta property=\"og:url\" content=\"https:\/\/happyinaknit.com\/lt\/produktas\/chiaogoo-deklas-prisukamiems-virbalams\/\" \/>\n<meta property=\"og:site_name\" content=\"Happyinaknit.com\" \/>\n<meta property=\"article:modified_time\" content=\"2026-03-04T19:16:35+00:00\" \/>\n<meta property=\"og:image\" content=\"https:\/\/happyinaknit.com\/wp-content\/uploads\/2026\/02\/2575.jpg\" \/>\n\t<meta property=\"og:image:width\" content=\"400\" \/>\n\t<meta property=\"og:image:height\" content=\"401\" \/>\n\t<meta property=\"og:image:type\" content=\"image\/jpeg\" \/>\n<meta name=\"twitter:card\" content=\"summary_large_image\" \/>\n<meta name=\"twitter:label1\" content=\"Est. reading time\" \/>\n\t<meta name=\"twitter:data1\" content=\"1 minut\u0117\" \/>\n<script type=\"application\/ld+json\" class=\"yoast-schema-graph\">{\"@context\":\"https:\/\/schema.org\",\"@graph\":[{\"@type\":\"WebPage\",\"@id\":\"https:\/\/happyinaknit.com\/produktas\/chiaogoo-deklas-prisukamiems-virbalams\/\",\"url\":\"https:\/\/happyinaknit.com\/produktas\/chiaogoo-deklas-prisukamiems-virbalams\/\",\"name\":\"Chiaogoo d\u0117klas prisukamiems virbalams - Happyinaknit.com\",\"isPartOf\":{\"@id\":\"https:\/\/happyinaknit.com\/lt\/#website\"},\"primaryImageOfPage\":{\"@id\":\"https:\/\/happyinaknit.com\/produktas\/chiaogoo-deklas-prisukamiems-virbalams\/#primaryimage\"},\"image\":{\"@id\":\"https:\/\/happyinaknit.com\/produktas\/chiaogoo-deklas-prisukamiems-virbalams\/#primaryimage\"},\"thumbnailUrl\":\"https:\/\/happyinaknit.com\/wp-content\/uploads\/2026\/02\/2575.jpg\",\"datePublished\":\"2026-02-16T18:50:38+00:00\",\"dateModified\":\"2026-03-04T19:16:35+00:00\",\"breadcrumb\":{\"@id\":\"https:\/\/happyinaknit.com\/produktas\/chiaogoo-deklas-prisukamiems-virbalams\/#breadcrumb\"},\"inLanguage\":\"lt-LT\",\"potentialAction\":[{\"@type\":\"ReadAction\",\"target\":[\"https:\/\/happyinaknit.com\/produktas\/chiaogoo-deklas-prisukamiems-virbalams\/\"]}]},{\"@type\":\"ImageObject\",\"inLanguage\":\"lt-LT\",\"@id\":\"https:\/\/happyinaknit.com\/produktas\/chiaogoo-deklas-prisukamiems-virbalams\/#primaryimage\",\"url\":\"https:\/\/happyinaknit.com\/wp-content\/uploads\/2026\/02\/2575.jpg\",\"contentUrl\":\"https:\/\/happyinaknit.com\/wp-content\/uploads\/2026\/02\/2575.jpg\",\"width\":400,\"height\":401},{\"@type\":\"BreadcrumbList\",\"@id\":\"https:\/\/happyinaknit.com\/produktas\/chiaogoo-deklas-prisukamiems-virbalams\/#breadcrumb\",\"itemListElement\":[{\"@type\":\"ListItem\",\"position\":1,\"name\":\"Home\",\"item\":\"https:\/\/happyinaknit.com\/lt\/\"},{\"@type\":\"ListItem\",\"position\":2,\"name\":\"Parduotuv\u0117\",\"item\":\"https:\/\/happyinaknit.com\/lt\/parduotuve\/\"},{\"@type\":\"ListItem\",\"position\":3,\"name\":\"Chiaogoo d\u0117klas prisukamiems virbalams\"}]},{\"@type\":\"WebSite\",\"@id\":\"https:\/\/happyinaknit.com\/lt\/#website\",\"url\":\"https:\/\/happyinaknit.com\/lt\/\",\"name\":\"Happyinaknit.com\",\"description\":\"\",\"potentialAction\":[{\"@type\":\"SearchAction\",\"target\":{\"@type\":\"EntryPoint\",\"urlTemplate\":\"https:\/\/happyinaknit.com\/lt\/?s={search_term_string}\"},\"query-input\":{\"@type\":\"PropertyValueSpecification\",\"valueRequired\":true,\"valueName\":\"search_term_string\"}}],\"inLanguage\":\"lt-LT\"}]}<\/script>\n<!-- \/ Yoast SEO plugin. -->","yoast_head_json":{"title":"Chiaogoo d\u0117klas prisukamiems virbalams - Happyinaknit.com","robots":{"index":"index","follow":"follow","max-snippet":"max-snippet:-1","max-image-preview":"max-image-preview:large","max-video-preview":"max-video-preview:-1"},"canonical":"https:\/\/happyinaknit.com\/lt\/produktas\/chiaogoo-deklas-prisukamiems-virbalams\/","og_locale":"lt_LT","og_type":"article","og_title":"Chiaogoo d\u0117klas prisukamiems virbalams - Happyinaknit.com","og_description":"ChiaoGoo d\u0117klas prisukamiems virbalams\u2013 prakti\u0161kas ir eleganti\u0161kas sprendimas saugiai laikyti ir tvarkingai organizuoti j\u016bs\u0173 prisukamus virbalus bei priedus. Puikiai tinka tiek namuose, tiek kelion\u0117se, kad visi mezgimo \u012frankiai visada b\u016bt\u0173 po ranka. Savyb\u0117s: \u2022Skirtas prisukamiems virbalams ir j\u0173 priedams laikyti \u2022Net 29 atskiri skyriai prisukamiems virbalams \u2013 patogiam ir tvarkingam r\u016b\u0161iavimui \u2022Papildomas \u0161oninis skyrius su [&hellip;]","og_url":"https:\/\/happyinaknit.com\/lt\/produktas\/chiaogoo-deklas-prisukamiems-virbalams\/","og_site_name":"Happyinaknit.com","article_modified_time":"2026-03-04T19:16:35+00:00","og_image":[{"width":400,"height":401,"url":"https:\/\/happyinaknit.com\/wp-content\/uploads\/2026\/02\/2575.jpg","type":"image\/jpeg"}],"twitter_card":"summary_large_image","twitter_misc":{"Est. reading time":"1 minut\u0117"},"schema":{"@context":"https:\/\/schema.org","@graph":[{"@type":"WebPage","@id":"https:\/\/happyinaknit.com\/produktas\/chiaogoo-deklas-prisukamiems-virbalams\/","url":"https:\/\/happyinaknit.com\/produktas\/chiaogoo-deklas-prisukamiems-virbalams\/","name":"Chiaogoo d\u0117klas prisukamiems virbalams - Happyinaknit.com","isPartOf":{"@id":"https:\/\/happyinaknit.com\/lt\/#website"},"primaryImageOfPage":{"@id":"https:\/\/happyinaknit.com\/produktas\/chiaogoo-deklas-prisukamiems-virbalams\/#primaryimage"},"image":{"@id":"https:\/\/happyinaknit.com\/produktas\/chiaogoo-deklas-prisukamiems-virbalams\/#primaryimage"},"thumbnailUrl":"https:\/\/happyinaknit.com\/wp-content\/uploads\/2026\/02\/2575.jpg","datePublished":"2026-02-16T18:50:38+00:00","dateModified":"2026-03-04T19:16:35+00:00","breadcrumb":{"@id":"https:\/\/happyinaknit.com\/produktas\/chiaogoo-deklas-prisukamiems-virbalams\/#breadcrumb"},"inLanguage":"lt-LT","potentialAction":[{"@type":"ReadAction","target":["https:\/\/happyinaknit.com\/produktas\/chiaogoo-deklas-prisukamiems-virbalams\/"]}]},{"@type":"ImageObject","inLanguage":"lt-LT","@id":"https:\/\/happyinaknit.com\/produktas\/chiaogoo-deklas-prisukamiems-virbalams\/#primaryimage","url":"https:\/\/happyinaknit.com\/wp-content\/uploads\/2026\/02\/2575.jpg","contentUrl":"https:\/\/happyinaknit.com\/wp-content\/uploads\/2026\/02\/2575.jpg","width":400,"height":401},{"@type":"BreadcrumbList","@id":"https:\/\/happyinaknit.com\/produktas\/chiaogoo-deklas-prisukamiems-virbalams\/#breadcrumb","itemListElement":[{"@type":"ListItem","position":1,"name":"Home","item":"https:\/\/happyinaknit.com\/lt\/"},{"@type":"ListItem","position":2,"name":"Parduotuv\u0117","item":"https:\/\/happyinaknit.com\/lt\/parduotuve\/"},{"@type":"ListItem","position":3,"name":"Chiaogoo d\u0117klas prisukamiems virbalams"}]},{"@type":"WebSite","@id":"https:\/\/happyinaknit.com\/lt\/#website","url":"https:\/\/happyinaknit.com\/lt\/","name":"Happyinaknit.com","description":"","potentialAction":[{"@type":"SearchAction","target":{"@type":"EntryPoint","urlTemplate":"https:\/\/happyinaknit.com\/lt\/?s={search_term_string}"},"query-input":{"@type":"PropertyValueSpecification","valueRequired":true,"valueName":"search_term_string"}}],"inLanguage":"lt-LT"}]}},"_links":{"self":[{"href":"https:\/\/happyinaknit.com\/lt\/wp-json\/wp\/v2\/product\/8076","targetHints":{"allow":["GET"]}}],"collection":[{"href":"https:\/\/happyinaknit.com\/lt\/wp-json\/wp\/v2\/product"}],"about":[{"href":"https:\/\/happyinaknit.com\/lt\/wp-json\/wp\/v2\/types\/product"}],"replies":[{"embeddable":true,"href":"https:\/\/happyinaknit.com\/lt\/wp-json\/wp\/v2\/comments?post=8076"}],"wp:featuredmedia":[{"embeddable":true,"href":"https:\/\/happyinaknit.com\/lt\/wp-json\/wp\/v2\/media\/8077"}],"wp:attachment":[{"href":"https:\/\/happyinaknit.com\/lt\/wp-json\/wp\/v2\/media?parent=8076"}],"wp:term":[{"taxonomy":"product_brand","embeddable":true,"href":"https:\/\/happyinaknit.com\/lt\/wp-json\/wp\/v2\/product_brand?post=8076"},{"taxonomy":"product_cat","embeddable":true,"href":"https:\/\/happyinaknit.com\/lt\/wp-json\/wp\/v2\/product_cat?post=8076"},{"taxonomy":"product_tag","embeddable":true,"href":"https:\/\/happyinaknit.com\/lt\/wp-json\/wp\/v2\/product_tag?post=8076"},{"taxonomy":"pro-kategorijos","embeddable":true,"href":"https:\/\/happyinaknit.com\/lt\/wp-json\/wp\/v2\/pro-kategorijos?post=8076"}],"curies":[{"name":"wp","href":"https:\/\/api.w.org\/{rel}","templated":true}]}}