{"id":8012,"date":"2026-02-06T23:21:29","date_gmt":"2026-02-06T23:21:29","guid":{"rendered":"https:\/\/happyinaknit.com\/?post_type=product&#038;p=8012"},"modified":"2026-03-04T16:31:14","modified_gmt":"2026-03-04T16:31:14","slug":"lang-yarns-cashmere-lace","status":"publish","type":"product","link":"https:\/\/happyinaknit.com\/lt\/produktas\/lang-yarns-cashmere-lace\/","title":{"rendered":"Lang Yarns CASHMERE LACE"},"content":{"rendered":"<p><b>CASHMERE LACE<\/b> \u2013 tai itin auk\u0161tos kokyb\u0117s 4 gij\u0173, dvigubai susukti ka\u0161myro si\u016blai, pagaminti tik i\u0161 kruop\u0161\u010diai atrinkto, paties geriausio ka\u0161myro. Tai viena labiausiai vertinam\u0173 gyv\u016bnini\u0173 skaidul\u0173, pasi\u017eyminti nepaprastu lengvumu, laidumu orui ir puikia temperat\u016bros reguliacija. \u201eLace\u201c sukimo strukt\u016bra leid\u017eia megzti ypa\u010d lengvus, eleganti\u0161kus ir prabangius mezginius.<\/p>\n<p><b>Sud\u0117tis: <\/b><b><\/b>100 % ka\u0161myras<\/p>\n<p><b>Svoris \/ ilgis: <\/b><b><\/b>25 g \u2013 165 m<\/p>\n<p><b>Rekomenduojami virbalai: <\/b>3\u20133,5 mm<\/p>\n<p><b>Tankumas:<\/b><b><\/b>\u00a010 \u00d7 10 cm \u2013 25 akys \u00d7 41 eil\u0117<\/p>\n<p><b>Apytikris sunaudojimas<\/b><b><\/b><\/p>\n<p>Ploniems \u0161alikams, lengviems megztiniams, a\u017e\u016briniams drabu\u017eiams ir sluoksniavimui skirtoms detal\u0117ms. Sunaudojimas priklauso nuo modelio ir mezgimo tankumo.<\/p>\n<p><b>Prie\u017ei\u016bra<\/b><b><\/b><\/p>\n<p>Rekomenduojamas rankinis skalbimas drungname vandenyje su \u0161velniomis vilnai skirtomis priemon\u0117mis Tenemoll. \u00a0Ned\u017eiovinti d\u017eiovykl\u0117je, d\u017eiovinti horizontaliai.<\/p>\n<p><b>Pastaba:<\/b> spalv\u0173 atspalviai gali \u0161iek tiek skirtis priklausomai nuo \u012frenginio ekrano.<\/p>\n","protected":false},"excerpt":{"rendered":"<p>CASHMERE LACE \u2013 tai itin auk\u0161tos kokyb\u0117s 4 gij\u0173, dvigubai susukti ka\u0161myro si\u016blai, pagaminti tik i\u0161 kruop\u0161\u010diai atrinkto, paties geriausio ka\u0161myro. Tai viena labiausiai vertinam\u0173 gyv\u016bnini\u0173 skaidul\u0173, pasi\u017eyminti nepaprastu lengvumu, laidumu orui ir puikia temperat\u016bros reguliacija. \u201eLace\u201c sukimo strukt\u016bra leid\u017eia megzti ypa\u010d lengvus, eleganti\u0161kus ir prabangius mezginius. Sud\u0117tis: 100 % ka\u0161myras Svoris \/ ilgis: 25 [&hellip;]<\/p>\n","protected":false},"featured_media":8013,"comment_status":"open","ping_status":"closed","template":"","meta":{"_acf_changed":false},"product_brand":[70],"product_cat":[15,182,18],"product_tag":[33],"pro-kategorijos":[46],"class_list":{"0":"post-8012","1":"product","2":"type-product","3":"status-publish","4":"has-post-thumbnail","6":"product_brand-lang-yarns","7":"product_cat-visi-produktai","8":"product_cat-ispardavimas","9":"product_cat-siulai","10":"product_tag-ispardavimas","11":"pro-kategorijos-kasmyras","13":"first","14":"outofstock","15":"sale","16":"shipping-taxable","17":"purchasable","18":"product-type-simple"},"acf":[],"yoast_head":"<!-- This site is optimized with the Yoast SEO plugin v26.8 - https:\/\/yoast.com\/product\/yoast-seo-wordpress\/ -->\n<title>Lang Yarns CASHMERE LACE - Happyinaknit.com<\/title>\n<meta name=\"robots\" content=\"index, follow, max-snippet:-1, max-image-preview:large, max-video-preview:-1\" \/>\n<link rel=\"canonical\" href=\"https:\/\/happyinaknit.com\/lt\/produktas\/lang-yarns-cashmere-lace\/\" \/>\n<meta property=\"og:locale\" content=\"lt_LT\" \/>\n<meta property=\"og:type\" content=\"article\" \/>\n<meta property=\"og:title\" content=\"Lang Yarns CASHMERE LACE - Happyinaknit.com\" \/>\n<meta property=\"og:description\" content=\"CASHMERE LACE \u2013 tai itin auk\u0161tos kokyb\u0117s 4 gij\u0173, dvigubai susukti ka\u0161myro si\u016blai, pagaminti tik i\u0161 kruop\u0161\u010diai atrinkto, paties geriausio ka\u0161myro. Tai viena labiausiai vertinam\u0173 gyv\u016bnini\u0173 skaidul\u0173, pasi\u017eyminti nepaprastu lengvumu, laidumu orui ir puikia temperat\u016bros reguliacija. \u201eLace\u201c sukimo strukt\u016bra leid\u017eia megzti ypa\u010d lengvus, eleganti\u0161kus ir prabangius mezginius. Sud\u0117tis: 100 % ka\u0161myras Svoris \/ ilgis: 25 [&hellip;]\" \/>\n<meta property=\"og:url\" content=\"https:\/\/happyinaknit.com\/lt\/produktas\/lang-yarns-cashmere-lace\/\" \/>\n<meta property=\"og:site_name\" content=\"Happyinaknit.com\" \/>\n<meta property=\"article:modified_time\" content=\"2026-03-04T16:31:14+00:00\" \/>\n<meta property=\"og:image\" content=\"https:\/\/happyinaknit.com\/wp-content\/uploads\/2026\/02\/883_0005_LANGYARNS_CashmereLace_800_B.jpg\" \/>\n\t<meta property=\"og:image:width\" content=\"800\" \/>\n\t<meta property=\"og:image:height\" content=\"800\" \/>\n\t<meta property=\"og:image:type\" content=\"image\/jpeg\" \/>\n<meta name=\"twitter:card\" content=\"summary_large_image\" \/>\n<meta name=\"twitter:label1\" content=\"Est. reading time\" \/>\n\t<meta name=\"twitter:data1\" content=\"1 minut\u0117\" \/>\n<script type=\"application\/ld+json\" class=\"yoast-schema-graph\">{\"@context\":\"https:\/\/schema.org\",\"@graph\":[{\"@type\":\"WebPage\",\"@id\":\"https:\/\/happyinaknit.com\/produktas\/lang-yarns-cashmere-lace\/\",\"url\":\"https:\/\/happyinaknit.com\/produktas\/lang-yarns-cashmere-lace\/\",\"name\":\"Lang Yarns CASHMERE LACE - Happyinaknit.com\",\"isPartOf\":{\"@id\":\"https:\/\/happyinaknit.com\/lt\/#website\"},\"primaryImageOfPage\":{\"@id\":\"https:\/\/happyinaknit.com\/produktas\/lang-yarns-cashmere-lace\/#primaryimage\"},\"image\":{\"@id\":\"https:\/\/happyinaknit.com\/produktas\/lang-yarns-cashmere-lace\/#primaryimage\"},\"thumbnailUrl\":\"https:\/\/happyinaknit.com\/wp-content\/uploads\/2026\/02\/883_0005_LANGYARNS_CashmereLace_800_B.jpg\",\"datePublished\":\"2026-02-06T23:21:29+00:00\",\"dateModified\":\"2026-03-04T16:31:14+00:00\",\"breadcrumb\":{\"@id\":\"https:\/\/happyinaknit.com\/produktas\/lang-yarns-cashmere-lace\/#breadcrumb\"},\"inLanguage\":\"lt-LT\",\"potentialAction\":[{\"@type\":\"ReadAction\",\"target\":[\"https:\/\/happyinaknit.com\/produktas\/lang-yarns-cashmere-lace\/\"]}]},{\"@type\":\"ImageObject\",\"inLanguage\":\"lt-LT\",\"@id\":\"https:\/\/happyinaknit.com\/produktas\/lang-yarns-cashmere-lace\/#primaryimage\",\"url\":\"https:\/\/happyinaknit.com\/wp-content\/uploads\/2026\/02\/883_0005_LANGYARNS_CashmereLace_800_B.jpg\",\"contentUrl\":\"https:\/\/happyinaknit.com\/wp-content\/uploads\/2026\/02\/883_0005_LANGYARNS_CashmereLace_800_B.jpg\",\"width\":800,\"height\":800},{\"@type\":\"BreadcrumbList\",\"@id\":\"https:\/\/happyinaknit.com\/produktas\/lang-yarns-cashmere-lace\/#breadcrumb\",\"itemListElement\":[{\"@type\":\"ListItem\",\"position\":1,\"name\":\"Home\",\"item\":\"https:\/\/happyinaknit.com\/lt\/\"},{\"@type\":\"ListItem\",\"position\":2,\"name\":\"Parduotuv\u0117\",\"item\":\"https:\/\/happyinaknit.com\/lt\/parduotuve\/\"},{\"@type\":\"ListItem\",\"position\":3,\"name\":\"Lang Yarns CASHMERE LACE\"}]},{\"@type\":\"WebSite\",\"@id\":\"https:\/\/happyinaknit.com\/lt\/#website\",\"url\":\"https:\/\/happyinaknit.com\/lt\/\",\"name\":\"Happyinaknit.com\",\"description\":\"\",\"potentialAction\":[{\"@type\":\"SearchAction\",\"target\":{\"@type\":\"EntryPoint\",\"urlTemplate\":\"https:\/\/happyinaknit.com\/lt\/?s={search_term_string}\"},\"query-input\":{\"@type\":\"PropertyValueSpecification\",\"valueRequired\":true,\"valueName\":\"search_term_string\"}}],\"inLanguage\":\"lt-LT\"}]}<\/script>\n<!-- \/ Yoast SEO plugin. -->","yoast_head_json":{"title":"Lang Yarns CASHMERE LACE - Happyinaknit.com","robots":{"index":"index","follow":"follow","max-snippet":"max-snippet:-1","max-image-preview":"max-image-preview:large","max-video-preview":"max-video-preview:-1"},"canonical":"https:\/\/happyinaknit.com\/lt\/produktas\/lang-yarns-cashmere-lace\/","og_locale":"lt_LT","og_type":"article","og_title":"Lang Yarns CASHMERE LACE - Happyinaknit.com","og_description":"CASHMERE LACE \u2013 tai itin auk\u0161tos kokyb\u0117s 4 gij\u0173, dvigubai susukti ka\u0161myro si\u016blai, pagaminti tik i\u0161 kruop\u0161\u010diai atrinkto, paties geriausio ka\u0161myro. Tai viena labiausiai vertinam\u0173 gyv\u016bnini\u0173 skaidul\u0173, pasi\u017eyminti nepaprastu lengvumu, laidumu orui ir puikia temperat\u016bros reguliacija. \u201eLace\u201c sukimo strukt\u016bra leid\u017eia megzti ypa\u010d lengvus, eleganti\u0161kus ir prabangius mezginius. Sud\u0117tis: 100 % ka\u0161myras Svoris \/ ilgis: 25 [&hellip;]","og_url":"https:\/\/happyinaknit.com\/lt\/produktas\/lang-yarns-cashmere-lace\/","og_site_name":"Happyinaknit.com","article_modified_time":"2026-03-04T16:31:14+00:00","og_image":[{"width":800,"height":800,"url":"https:\/\/happyinaknit.com\/wp-content\/uploads\/2026\/02\/883_0005_LANGYARNS_CashmereLace_800_B.jpg","type":"image\/jpeg"}],"twitter_card":"summary_large_image","twitter_misc":{"Est. reading time":"1 minut\u0117"},"schema":{"@context":"https:\/\/schema.org","@graph":[{"@type":"WebPage","@id":"https:\/\/happyinaknit.com\/produktas\/lang-yarns-cashmere-lace\/","url":"https:\/\/happyinaknit.com\/produktas\/lang-yarns-cashmere-lace\/","name":"Lang Yarns CASHMERE LACE - Happyinaknit.com","isPartOf":{"@id":"https:\/\/happyinaknit.com\/lt\/#website"},"primaryImageOfPage":{"@id":"https:\/\/happyinaknit.com\/produktas\/lang-yarns-cashmere-lace\/#primaryimage"},"image":{"@id":"https:\/\/happyinaknit.com\/produktas\/lang-yarns-cashmere-lace\/#primaryimage"},"thumbnailUrl":"https:\/\/happyinaknit.com\/wp-content\/uploads\/2026\/02\/883_0005_LANGYARNS_CashmereLace_800_B.jpg","datePublished":"2026-02-06T23:21:29+00:00","dateModified":"2026-03-04T16:31:14+00:00","breadcrumb":{"@id":"https:\/\/happyinaknit.com\/produktas\/lang-yarns-cashmere-lace\/#breadcrumb"},"inLanguage":"lt-LT","potentialAction":[{"@type":"ReadAction","target":["https:\/\/happyinaknit.com\/produktas\/lang-yarns-cashmere-lace\/"]}]},{"@type":"ImageObject","inLanguage":"lt-LT","@id":"https:\/\/happyinaknit.com\/produktas\/lang-yarns-cashmere-lace\/#primaryimage","url":"https:\/\/happyinaknit.com\/wp-content\/uploads\/2026\/02\/883_0005_LANGYARNS_CashmereLace_800_B.jpg","contentUrl":"https:\/\/happyinaknit.com\/wp-content\/uploads\/2026\/02\/883_0005_LANGYARNS_CashmereLace_800_B.jpg","width":800,"height":800},{"@type":"BreadcrumbList","@id":"https:\/\/happyinaknit.com\/produktas\/lang-yarns-cashmere-lace\/#breadcrumb","itemListElement":[{"@type":"ListItem","position":1,"name":"Home","item":"https:\/\/happyinaknit.com\/lt\/"},{"@type":"ListItem","position":2,"name":"Parduotuv\u0117","item":"https:\/\/happyinaknit.com\/lt\/parduotuve\/"},{"@type":"ListItem","position":3,"name":"Lang Yarns CASHMERE LACE"}]},{"@type":"WebSite","@id":"https:\/\/happyinaknit.com\/lt\/#website","url":"https:\/\/happyinaknit.com\/lt\/","name":"Happyinaknit.com","description":"","potentialAction":[{"@type":"SearchAction","target":{"@type":"EntryPoint","urlTemplate":"https:\/\/happyinaknit.com\/lt\/?s={search_term_string}"},"query-input":{"@type":"PropertyValueSpecification","valueRequired":true,"valueName":"search_term_string"}}],"inLanguage":"lt-LT"}]}},"_links":{"self":[{"href":"https:\/\/happyinaknit.com\/lt\/wp-json\/wp\/v2\/product\/8012","targetHints":{"allow":["GET"]}}],"collection":[{"href":"https:\/\/happyinaknit.com\/lt\/wp-json\/wp\/v2\/product"}],"about":[{"href":"https:\/\/happyinaknit.com\/lt\/wp-json\/wp\/v2\/types\/product"}],"replies":[{"embeddable":true,"href":"https:\/\/happyinaknit.com\/lt\/wp-json\/wp\/v2\/comments?post=8012"}],"wp:featuredmedia":[{"embeddable":true,"href":"https:\/\/happyinaknit.com\/lt\/wp-json\/wp\/v2\/media\/8013"}],"wp:attachment":[{"href":"https:\/\/happyinaknit.com\/lt\/wp-json\/wp\/v2\/media?parent=8012"}],"wp:term":[{"taxonomy":"product_brand","embeddable":true,"href":"https:\/\/happyinaknit.com\/lt\/wp-json\/wp\/v2\/product_brand?post=8012"},{"taxonomy":"product_cat","embeddable":true,"href":"https:\/\/happyinaknit.com\/lt\/wp-json\/wp\/v2\/product_cat?post=8012"},{"taxonomy":"product_tag","embeddable":true,"href":"https:\/\/happyinaknit.com\/lt\/wp-json\/wp\/v2\/product_tag?post=8012"},{"taxonomy":"pro-kategorijos","embeddable":true,"href":"https:\/\/happyinaknit.com\/lt\/wp-json\/wp\/v2\/pro-kategorijos?post=8012"}],"curies":[{"name":"wp","href":"https:\/\/api.w.org\/{rel}","templated":true}]}}