{"id":7879,"date":"2026-01-22T20:05:21","date_gmt":"2026-01-22T20:05:21","guid":{"rendered":"https:\/\/happyinaknit.com\/?post_type=product&#038;p=7879"},"modified":"2026-03-16T20:24:18","modified_gmt":"2026-03-16T20:24:18","slug":"muitines-tarifas-siuntoms-i-jav","status":"publish","type":"product","link":"https:\/\/happyinaknit.com\/lt\/produktas\/muitines-tarifas-siuntoms-i-jav\/","title":{"rendered":"Muitin\u0117s tarifas (siuntoms \u012f JAV)"},"content":{"rendered":"<p>\u0160i paslauga taikoma u\u017esakymams, kurie siun\u010diami i\u0161 Europos S\u0105jungos \u012f Jungtines Amerikos Valstijas. Muitin\u0117s tarifas apima eksporto ir importo formalumus, reikalingus skland\u017eiam siuntos pristatymui \u012f JAV.<\/p>\n<p><b>Kas \u012feina:<\/b><b><\/b><\/p>\n<p>\u2022Eksporto dokument\u0173 paruo\u0161imas<\/p>\n<p>\u2022Siuntos deklaravimas<\/p>\n<p>\u2022Muitin\u0117s formalum\u0173 administravimas<\/p>\n<p>\u2022Importo proced\u016br\u0173 JAV inicijavimas<\/p>\n<p><b>Kada taikoma:<\/b><b><\/b><\/p>\n<p>Muitin\u0117s tarifas taikomas visoms siuntoms, kurios siun\u010diamos i\u0161 ES \u012f JAV, nepriklausomai nuo u\u017esakymo vert\u0117s.<\/p>\n<p><b>Svarbu:<\/b><b><\/b><\/p>\n<p>\u0160is mokestis n\u0117ra fizin\u0117 prek\u0117 ir n\u0117ra gr\u0105\u017einamas. Jis b\u016btinas norint u\u017etikrinti, kad siunta b\u016bt\u0173 tinkamai deklaruota ir pristatyta be v\u0117lavim\u0173 ar sulaikymo muitin\u0117je.<\/p>\n<p><b>Pastaba:<\/b><b><\/b><\/p>\n<p>Apmok\u0117j\u0119 \u0161\u012f muitin\u0117s tarif\u0105, j\u016bs gaunate garantij\u0105, kad siunta bus pristatyta be nesklandum\u0173 ir jums nereik\u0117s patiems r\u016bpintis jokiais muitin\u0117s formalumais. Visus dokumentus ir proced\u016bras tvarkome mes \u2014 jums belieka tik laukti, kol kurjeris pristatys siunt\u0105 tiesiai \u012f j\u016bs\u0173 namus.<\/p>\n","protected":false},"excerpt":{"rendered":"<p>\u0160i paslauga taikoma u\u017esakymams, kurie siun\u010diami i\u0161 Europos S\u0105jungos \u012f Jungtines Amerikos Valstijas. Muitin\u0117s tarifas apima eksporto ir importo formalumus, reikalingus skland\u017eiam siuntos pristatymui \u012f JAV. Kas \u012feina: \u2022Eksporto dokument\u0173 paruo\u0161imas \u2022Siuntos deklaravimas \u2022Muitin\u0117s formalum\u0173 administravimas \u2022Importo proced\u016br\u0173 JAV inicijavimas Kada taikoma: Muitin\u0117s tarifas taikomas visoms siuntoms, kurios siun\u010diamos i\u0161 ES \u012f JAV, nepriklausomai nuo [&hellip;]<\/p>\n","protected":false},"featured_media":7881,"comment_status":"open","ping_status":"closed","template":"","meta":{"_acf_changed":false},"product_brand":[],"product_cat":[397],"product_tag":[],"pro-kategorijos":[],"class_list":{"0":"post-7879","1":"product","2":"type-product","3":"status-publish","4":"has-post-thumbnail","6":"product_cat-spauda","8":"first","9":"instock","10":"virtual","11":"purchasable","12":"product-type-simple"},"acf":[],"yoast_head":"<!-- This site is optimized with the Yoast SEO plugin v26.8 - https:\/\/yoast.com\/product\/yoast-seo-wordpress\/ -->\n<title>Muitin\u0117s tarifas (siuntoms \u012f JAV) - Happyinaknit.com<\/title>\n<meta name=\"robots\" content=\"index, follow, max-snippet:-1, max-image-preview:large, max-video-preview:-1\" \/>\n<link rel=\"canonical\" href=\"https:\/\/happyinaknit.com\/lt\/produktas\/muitines-tarifas-siuntoms-i-jav\/\" \/>\n<meta property=\"og:locale\" content=\"lt_LT\" \/>\n<meta property=\"og:type\" content=\"article\" \/>\n<meta property=\"og:title\" content=\"Muitin\u0117s tarifas (siuntoms \u012f JAV) - Happyinaknit.com\" \/>\n<meta property=\"og:description\" content=\"\u0160i paslauga taikoma u\u017esakymams, kurie siun\u010diami i\u0161 Europos S\u0105jungos \u012f Jungtines Amerikos Valstijas. Muitin\u0117s tarifas apima eksporto ir importo formalumus, reikalingus skland\u017eiam siuntos pristatymui \u012f JAV. Kas \u012feina: \u2022Eksporto dokument\u0173 paruo\u0161imas \u2022Siuntos deklaravimas \u2022Muitin\u0117s formalum\u0173 administravimas \u2022Importo proced\u016br\u0173 JAV inicijavimas Kada taikoma: Muitin\u0117s tarifas taikomas visoms siuntoms, kurios siun\u010diamos i\u0161 ES \u012f JAV, nepriklausomai nuo [&hellip;]\" \/>\n<meta property=\"og:url\" content=\"https:\/\/happyinaknit.com\/lt\/produktas\/muitines-tarifas-siuntoms-i-jav\/\" \/>\n<meta property=\"og:site_name\" content=\"Happyinaknit.com\" \/>\n<meta property=\"article:modified_time\" content=\"2026-03-16T20:24:18+00:00\" \/>\n<meta property=\"og:image\" content=\"https:\/\/happyinaknit.com\/wp-content\/uploads\/2026\/01\/IMG_4961.jpg\" \/>\n\t<meta property=\"og:image:width\" content=\"576\" \/>\n\t<meta property=\"og:image:height\" content=\"381\" \/>\n\t<meta property=\"og:image:type\" content=\"image\/jpeg\" \/>\n<meta name=\"twitter:card\" content=\"summary_large_image\" \/>\n<meta name=\"twitter:label1\" content=\"Est. reading time\" \/>\n\t<meta name=\"twitter:data1\" content=\"1 minut\u0117\" \/>\n<script type=\"application\/ld+json\" class=\"yoast-schema-graph\">{\"@context\":\"https:\/\/schema.org\",\"@graph\":[{\"@type\":\"WebPage\",\"@id\":\"https:\/\/happyinaknit.com\/produktas\/muitines-tarifas-siuntoms-i-jav\/\",\"url\":\"https:\/\/happyinaknit.com\/produktas\/muitines-tarifas-siuntoms-i-jav\/\",\"name\":\"Muitin\u0117s tarifas (siuntoms \u012f JAV) - Happyinaknit.com\",\"isPartOf\":{\"@id\":\"https:\/\/happyinaknit.com\/lt\/#website\"},\"primaryImageOfPage\":{\"@id\":\"https:\/\/happyinaknit.com\/produktas\/muitines-tarifas-siuntoms-i-jav\/#primaryimage\"},\"image\":{\"@id\":\"https:\/\/happyinaknit.com\/produktas\/muitines-tarifas-siuntoms-i-jav\/#primaryimage\"},\"thumbnailUrl\":\"https:\/\/happyinaknit.com\/wp-content\/uploads\/2026\/01\/IMG_4961.jpg\",\"datePublished\":\"2026-01-22T20:05:21+00:00\",\"dateModified\":\"2026-03-16T20:24:18+00:00\",\"breadcrumb\":{\"@id\":\"https:\/\/happyinaknit.com\/produktas\/muitines-tarifas-siuntoms-i-jav\/#breadcrumb\"},\"inLanguage\":\"lt-LT\",\"potentialAction\":[{\"@type\":\"ReadAction\",\"target\":[\"https:\/\/happyinaknit.com\/produktas\/muitines-tarifas-siuntoms-i-jav\/\"]}]},{\"@type\":\"ImageObject\",\"inLanguage\":\"lt-LT\",\"@id\":\"https:\/\/happyinaknit.com\/produktas\/muitines-tarifas-siuntoms-i-jav\/#primaryimage\",\"url\":\"https:\/\/happyinaknit.com\/wp-content\/uploads\/2026\/01\/IMG_4961.jpg\",\"contentUrl\":\"https:\/\/happyinaknit.com\/wp-content\/uploads\/2026\/01\/IMG_4961.jpg\",\"width\":576,\"height\":381},{\"@type\":\"BreadcrumbList\",\"@id\":\"https:\/\/happyinaknit.com\/produktas\/muitines-tarifas-siuntoms-i-jav\/#breadcrumb\",\"itemListElement\":[{\"@type\":\"ListItem\",\"position\":1,\"name\":\"Home\",\"item\":\"https:\/\/happyinaknit.com\/lt\/\"},{\"@type\":\"ListItem\",\"position\":2,\"name\":\"Parduotuv\u0117\",\"item\":\"https:\/\/happyinaknit.com\/lt\/parduotuve\/\"},{\"@type\":\"ListItem\",\"position\":3,\"name\":\"Muitin\u0117s tarifas (siuntoms \u012f JAV)\"}]},{\"@type\":\"WebSite\",\"@id\":\"https:\/\/happyinaknit.com\/lt\/#website\",\"url\":\"https:\/\/happyinaknit.com\/lt\/\",\"name\":\"Happyinaknit.com\",\"description\":\"\",\"potentialAction\":[{\"@type\":\"SearchAction\",\"target\":{\"@type\":\"EntryPoint\",\"urlTemplate\":\"https:\/\/happyinaknit.com\/lt\/?s={search_term_string}\"},\"query-input\":{\"@type\":\"PropertyValueSpecification\",\"valueRequired\":true,\"valueName\":\"search_term_string\"}}],\"inLanguage\":\"lt-LT\"}]}<\/script>\n<!-- \/ Yoast SEO plugin. -->","yoast_head_json":{"title":"Muitin\u0117s tarifas (siuntoms \u012f JAV) - Happyinaknit.com","robots":{"index":"index","follow":"follow","max-snippet":"max-snippet:-1","max-image-preview":"max-image-preview:large","max-video-preview":"max-video-preview:-1"},"canonical":"https:\/\/happyinaknit.com\/lt\/produktas\/muitines-tarifas-siuntoms-i-jav\/","og_locale":"lt_LT","og_type":"article","og_title":"Muitin\u0117s tarifas (siuntoms \u012f JAV) - Happyinaknit.com","og_description":"\u0160i paslauga taikoma u\u017esakymams, kurie siun\u010diami i\u0161 Europos S\u0105jungos \u012f Jungtines Amerikos Valstijas. Muitin\u0117s tarifas apima eksporto ir importo formalumus, reikalingus skland\u017eiam siuntos pristatymui \u012f JAV. Kas \u012feina: \u2022Eksporto dokument\u0173 paruo\u0161imas \u2022Siuntos deklaravimas \u2022Muitin\u0117s formalum\u0173 administravimas \u2022Importo proced\u016br\u0173 JAV inicijavimas Kada taikoma: Muitin\u0117s tarifas taikomas visoms siuntoms, kurios siun\u010diamos i\u0161 ES \u012f JAV, nepriklausomai nuo [&hellip;]","og_url":"https:\/\/happyinaknit.com\/lt\/produktas\/muitines-tarifas-siuntoms-i-jav\/","og_site_name":"Happyinaknit.com","article_modified_time":"2026-03-16T20:24:18+00:00","og_image":[{"width":576,"height":381,"url":"https:\/\/happyinaknit.com\/wp-content\/uploads\/2026\/01\/IMG_4961.jpg","type":"image\/jpeg"}],"twitter_card":"summary_large_image","twitter_misc":{"Est. reading time":"1 minut\u0117"},"schema":{"@context":"https:\/\/schema.org","@graph":[{"@type":"WebPage","@id":"https:\/\/happyinaknit.com\/produktas\/muitines-tarifas-siuntoms-i-jav\/","url":"https:\/\/happyinaknit.com\/produktas\/muitines-tarifas-siuntoms-i-jav\/","name":"Muitin\u0117s tarifas (siuntoms \u012f JAV) - Happyinaknit.com","isPartOf":{"@id":"https:\/\/happyinaknit.com\/lt\/#website"},"primaryImageOfPage":{"@id":"https:\/\/happyinaknit.com\/produktas\/muitines-tarifas-siuntoms-i-jav\/#primaryimage"},"image":{"@id":"https:\/\/happyinaknit.com\/produktas\/muitines-tarifas-siuntoms-i-jav\/#primaryimage"},"thumbnailUrl":"https:\/\/happyinaknit.com\/wp-content\/uploads\/2026\/01\/IMG_4961.jpg","datePublished":"2026-01-22T20:05:21+00:00","dateModified":"2026-03-16T20:24:18+00:00","breadcrumb":{"@id":"https:\/\/happyinaknit.com\/produktas\/muitines-tarifas-siuntoms-i-jav\/#breadcrumb"},"inLanguage":"lt-LT","potentialAction":[{"@type":"ReadAction","target":["https:\/\/happyinaknit.com\/produktas\/muitines-tarifas-siuntoms-i-jav\/"]}]},{"@type":"ImageObject","inLanguage":"lt-LT","@id":"https:\/\/happyinaknit.com\/produktas\/muitines-tarifas-siuntoms-i-jav\/#primaryimage","url":"https:\/\/happyinaknit.com\/wp-content\/uploads\/2026\/01\/IMG_4961.jpg","contentUrl":"https:\/\/happyinaknit.com\/wp-content\/uploads\/2026\/01\/IMG_4961.jpg","width":576,"height":381},{"@type":"BreadcrumbList","@id":"https:\/\/happyinaknit.com\/produktas\/muitines-tarifas-siuntoms-i-jav\/#breadcrumb","itemListElement":[{"@type":"ListItem","position":1,"name":"Home","item":"https:\/\/happyinaknit.com\/lt\/"},{"@type":"ListItem","position":2,"name":"Parduotuv\u0117","item":"https:\/\/happyinaknit.com\/lt\/parduotuve\/"},{"@type":"ListItem","position":3,"name":"Muitin\u0117s tarifas (siuntoms \u012f JAV)"}]},{"@type":"WebSite","@id":"https:\/\/happyinaknit.com\/lt\/#website","url":"https:\/\/happyinaknit.com\/lt\/","name":"Happyinaknit.com","description":"","potentialAction":[{"@type":"SearchAction","target":{"@type":"EntryPoint","urlTemplate":"https:\/\/happyinaknit.com\/lt\/?s={search_term_string}"},"query-input":{"@type":"PropertyValueSpecification","valueRequired":true,"valueName":"search_term_string"}}],"inLanguage":"lt-LT"}]}},"_links":{"self":[{"href":"https:\/\/happyinaknit.com\/lt\/wp-json\/wp\/v2\/product\/7879","targetHints":{"allow":["GET"]}}],"collection":[{"href":"https:\/\/happyinaknit.com\/lt\/wp-json\/wp\/v2\/product"}],"about":[{"href":"https:\/\/happyinaknit.com\/lt\/wp-json\/wp\/v2\/types\/product"}],"replies":[{"embeddable":true,"href":"https:\/\/happyinaknit.com\/lt\/wp-json\/wp\/v2\/comments?post=7879"}],"wp:featuredmedia":[{"embeddable":true,"href":"https:\/\/happyinaknit.com\/lt\/wp-json\/wp\/v2\/media\/7881"}],"wp:attachment":[{"href":"https:\/\/happyinaknit.com\/lt\/wp-json\/wp\/v2\/media?parent=7879"}],"wp:term":[{"taxonomy":"product_brand","embeddable":true,"href":"https:\/\/happyinaknit.com\/lt\/wp-json\/wp\/v2\/product_brand?post=7879"},{"taxonomy":"product_cat","embeddable":true,"href":"https:\/\/happyinaknit.com\/lt\/wp-json\/wp\/v2\/product_cat?post=7879"},{"taxonomy":"product_tag","embeddable":true,"href":"https:\/\/happyinaknit.com\/lt\/wp-json\/wp\/v2\/product_tag?post=7879"},{"taxonomy":"pro-kategorijos","embeddable":true,"href":"https:\/\/happyinaknit.com\/lt\/wp-json\/wp\/v2\/pro-kategorijos?post=7879"}],"curies":[{"name":"wp","href":"https:\/\/api.w.org\/{rel}","templated":true}]}}